{"id":930,"date":"2014-08-11T14:41:32","date_gmt":"2014-08-11T11:41:32","guid":{"rendered":"https:\/\/sharks.ee\/vunder_2019.klient.veebimajutus.ee\/?page_id=930"},"modified":"2019-01-02T13:45:41","modified_gmt":"2019-01-02T11:45:41","slug":"contact","status":"publish","type":"page","link":"https:\/\/hobstop.ee\/en\/contact\/","title":{"rendered":"Contact"},"content":{"rendered":"<div class=\"row\">\n<p><div class=\"col-sm-3\">\n<h3>E-shop<\/h3>\n<p>tel. (+372) 65 64 003<br \/>\ne-mail: <a href=\"mailto:info@sharks.ee\" target=\"_blank\">info@sharks.ee<\/a><br \/>\nMon &#8211; Fri 09.00-18.00<\/p>\n<p><\/p><\/div><div class=\"col-sm-3\">\n<h3><img loading=\"lazy\" decoding=\"async\" class=\"alignnone wp-image-291\" src=\"https:\/\/hobstop.ee\/media\/\/logo-skizze-300x123.png\" alt=\"logo-skizze\" width=\"59\" height=\"24\" srcset=\"https:\/\/hobstop.ee\/media\/logo-skizze-300x123.png 300w, https:\/\/hobstop.ee\/media\/logo-skizze-385x158.png 385w, https:\/\/hobstop.ee\/media\/logo-skizze-115x47.png 115w, https:\/\/hobstop.ee\/media\/logo-skizze-230x94.png 230w, https:\/\/hobstop.ee\/media\/logo-skizze.png 400w\" sizes=\"auto, (max-width: 59px) 100vw, 59px\" \/>\u00a0Tallinn<\/h3>\n<p>Pirni 7, Tallinn, Estonia<br \/>\ntel. (+372) 65 64 225<br \/>\ne-mail: <a href=\"mailto:tallinn@skizze.ee\" target=\"_blank\">tallinn@skizze.ee<\/a><br \/>\nMon &#8211; Fri 09.00-18.00<br \/>\nSat 10.00-16.00<br \/>\nSun\u00a0closed<\/p>\n<p><\/p><\/div><div class=\"col-sm-3\">\n<h3><img loading=\"lazy\" decoding=\"async\" class=\"alignnone wp-image-291\" src=\"https:\/\/hobstop.ee\/media\/\/logo-skizze-300x123.png\" alt=\"logo-skizze\" width=\"59\" height=\"24\" srcset=\"https:\/\/hobstop.ee\/media\/logo-skizze-300x123.png 300w, https:\/\/hobstop.ee\/media\/logo-skizze-385x158.png 385w, https:\/\/hobstop.ee\/media\/logo-skizze-115x47.png 115w, https:\/\/hobstop.ee\/media\/logo-skizze-230x94.png 230w, https:\/\/hobstop.ee\/media\/logo-skizze.png 400w\" sizes=\"auto, (max-width: 59px) 100vw, 59px\" \/>\u00a0ARS<\/h3>\n<p>P\u00e4rnu mnt 154 (yard building), Tallinn, Estonia<br \/>\ntel. (+372)\u00a065 95 550<br \/>\ne-mail: <a href=\"mailto:ars@skizze.ee\" target=\"_blank\">ars@skizze.ee<\/a><br \/>\nMon\u00a0&#8211; Fri 10.00-18.00<br \/>\nSat 10.00-15.00<br \/>\nSun\u00a0closed<\/p>\n<p><\/p><\/div><div class=\"col-sm-3\">\n<h3><img loading=\"lazy\" decoding=\"async\" class=\"alignnone wp-image-291\" src=\"https:\/\/hobstop.ee\/media\/\/logo-skizze-300x123.png\" alt=\"logo-skizze\" width=\"59\" height=\"24\" srcset=\"https:\/\/hobstop.ee\/media\/logo-skizze-300x123.png 300w, https:\/\/hobstop.ee\/media\/logo-skizze-385x158.png 385w, https:\/\/hobstop.ee\/media\/logo-skizze-115x47.png 115w, https:\/\/hobstop.ee\/media\/logo-skizze-230x94.png 230w, https:\/\/hobstop.ee\/media\/logo-skizze.png 400w\" sizes=\"auto, (max-width: 59px) 100vw, 59px\" \/>\u00a0Tartu<\/h3>\n<p>Riia 10, Tartu, Estonia<br \/>\ntel. (+372) 7 381 591<br \/>\ne-mail: <a href=\"mailto:tartu@skizze.ee\" target=\"_blank\">tartu@skizze.ee<\/a><br \/>\nMon\u00a0&#8211; Fri 10.00-18.00<br \/>\nSat 10.00-15.00<br \/>\nSun\u00a0closed<\/p>\n<p><\/p><\/div><\/p><\/div>\n<div class=\"row\"><div class=\"col-sm-3\">\n<h3>Company details<\/h3>\n<p>AS Vunder<br \/>\nPirni 7, 10617 Tallinn, Estonia<br \/>\nRegister No : 10324324<br \/>\nVAT\u00a0No : EE100098200<br \/>\nBank EE202200221001115579<\/p>\n<p><\/p><\/div><div class=\"col-sm-3\">\n<h3>Office and\u00a0storage<\/h3>\n<p>Kesk tee 9, J\u00fcri Tehnopark, Estonia<br \/>\ntel. (+372) 65 64 003<br \/>\nfax. (+372) 65 64 216<br \/>\ne-mail: <a href=\"mailto:info@sharks.ee\" target=\"_blank\">info@sharks.ee<\/a><br \/>\nMon\u00a0&#8211; Fri 08.30-17.00<br \/>\nSat &#8211; Sun\u00a0closed<\/p>\n<h3><\/h3><\/div>\n<p><div class=\"col-xs-3\">\n<p><\/p><\/div><br \/>\n<div class=\"col-xs-3\">\n<p><\/p><\/div><\/p><\/div>\n<div class=\"row\"><div class=\"col-sm-3\">\n<h3><img loading=\"lazy\" decoding=\"async\" class=\"alignnone wp-image-291\" src=\"https:\/\/hobstop.ee\/media\/\/logo-skizze-300x123.png\" alt=\"logo-skizze\" width=\"59\" height=\"24\" srcset=\"https:\/\/hobstop.ee\/media\/logo-skizze-300x123.png 300w, https:\/\/hobstop.ee\/media\/logo-skizze-385x158.png 385w, https:\/\/hobstop.ee\/media\/logo-skizze-115x47.png 115w, https:\/\/hobstop.ee\/media\/logo-skizze-230x94.png 230w, https:\/\/hobstop.ee\/media\/logo-skizze.png 400w\" sizes=\"auto, (max-width: 59px) 100vw, 59px\" \/>\u00a0Vilnius<\/h3>\n<p>Atelj\u0117 &#8220;Eskizas&#8221;\u00a0UAB<br \/>\nS\u0117li\u0173 g. 39, Vilnius, Lithuania<br \/>\ntel. (+370) 5 247 1865<br \/>\ne-mail: <a href=\"mailto:vilnius@skizze.lt\" target=\"_blank\">vilnius@skizze.lt<\/a><br \/>\nMon &#8211; Fri 10.00-18.30<br \/>\nSat 10.00-16.00<br \/>\nSun\u00a0closed<\/p>\n<h3><\/h3>\n<p><\/p><\/div><div class=\"col-sm-3\">\n<h3><img loading=\"lazy\" decoding=\"async\" class=\"alignnone wp-image-291\" src=\"https:\/\/hobstop.ee\/media\/\/logo-skizze-300x123.png\" alt=\"logo-skizze\" width=\"59\" height=\"24\" srcset=\"https:\/\/hobstop.ee\/media\/logo-skizze-300x123.png 300w, https:\/\/hobstop.ee\/media\/logo-skizze-385x158.png 385w, https:\/\/hobstop.ee\/media\/logo-skizze-115x47.png 115w, https:\/\/hobstop.ee\/media\/logo-skizze-230x94.png 230w, https:\/\/hobstop.ee\/media\/logo-skizze.png 400w\" sizes=\"auto, (max-width: 59px) 100vw, 59px\" \/>\u00a0\u0160iauliai<\/h3>\n<p>&#8220;Dail\u0117s Prek\u0117s&#8221;\u00a0UAB<br \/>\nTil\u017e\u0117s g. 139, \u0160iauliai, Lithuania<br \/>\ntel. (+370)\u00a041 200 267<br \/>\ne-mail: <a href=\"mailto:siauliai@skizze.lt\" target=\"_blank\">siauliai@skizze.lt<\/a><br \/>\nMon\u00a0&#8211; Fri 10.00-18.00<br \/>\nSat\u00a010.00-15.00<br \/>\nSun\u00a0closed<\/p>\n<h3><\/h3>\n<p><\/p><\/div><div class=\"col-sm-3\">\n<h3>Lithuanian office<\/h3>\n<p>tel.\u00a0(+370) 65 596 273<br \/>\nfax (+372) 65 64 216<br \/>\ne-mail: <a href=\"mailto:lietuva@vunder.eu\" target=\"_blank\">lietuva@vunder.eu<\/a><\/p>\n<h3><\/h3>\n<p><\/p><\/div><div class=\"col-sm-3\">\n<h3>Latvian office<\/h3>\n<p>Vunder Art SIA<br \/>\nT\u0113raudlietuves iela 22, Riga, Latvia<br \/>\ntel.\u00a0(+371) 67 311 012<br \/>\nfax\u00a0(+371) 67 311 013<br \/>\ne-mail: <a href=\"mailto:latvija@vunder.eu\" target=\"_blank\">latvija@vunder.eu<\/a><br \/>\nMon\u00a0&#8211; Fri 08.00-16.00<br \/>\nSat &#8211; Sun\u00a0closed<\/p>\n<h3><\/h3>\n<p><\/p><\/div><\/div>\n","protected":false},"excerpt":{"rendered":"","protected":false},"author":1,"featured_media":0,"parent":0,"menu_order":0,"comment_status":"closed","ping_status":"closed","template":"page-contact.php","meta":{"_acf_changed":false,"ep_exclude_from_search":false,"footnotes":""},"class_list":["post-930","page","type-page","status-publish","hentry"],"acf":[],"yoast_head":"<!-- This site is optimized with the Yoast SEO plugin v24.1 - https:\/\/yoast.com\/wordpress\/plugins\/seo\/ -->\n<title>Contact - Skizze art material stores<\/title>\n<meta name=\"description\" content=\"You can find widest selection of quality art materials, hobby materials, school products, papers and more from Skizze stores. Check where we are located!\" \/>\n<meta name=\"robots\" content=\"noindex, follow, max-snippet:-1, max-image-preview:large, max-video-preview:-1\" \/>\n<meta property=\"og:locale\" content=\"en_US\" \/>\n<meta property=\"og:type\" content=\"article\" \/>\n<meta property=\"og:title\" content=\"Contact - Skizze art material stores\" \/>\n<meta property=\"og:description\" content=\"You can find widest selection of quality art materials, hobby materials, school products, papers and more from Skizze stores. Check where we are located!\" \/>\n<meta property=\"og:url\" content=\"https:\/\/hobstop.ee\/en\/contact\/\" \/>\n<meta property=\"og:site_name\" content=\"Skizze\" \/>\n<meta property=\"article:publisher\" content=\"http:\/\/www.facebook.com\/VunderSkizze\" \/>\n<meta property=\"article:modified_time\" content=\"2019-01-02T11:45:41+00:00\" \/>\n<meta property=\"og:image\" content=\"https:\/\/hobstop.ee\/media\/\/logo-skizze-300x123.png\" \/>\n<meta name=\"twitter:card\" content=\"summary_large_image\" \/>\n<meta name=\"twitter:label1\" content=\"Est. reading time\" \/>\n\t<meta name=\"twitter:data1\" content=\"1 minute\" \/>\n<script type=\"application\/ld+json\" class=\"yoast-schema-graph\">{\"@context\":\"https:\/\/schema.org\",\"@graph\":[{\"@type\":\"WebPage\",\"@id\":\"https:\/\/hobstop.ee\/en\/contact\/\",\"url\":\"https:\/\/hobstop.ee\/en\/contact\/\",\"name\":\"Contact - Skizze art material stores\",\"isPartOf\":{\"@id\":\"https:\/\/hobstop.ee\/en\/#website\"},\"primaryImageOfPage\":{\"@id\":\"https:\/\/hobstop.ee\/en\/contact\/#primaryimage\"},\"image\":{\"@id\":\"https:\/\/hobstop.ee\/en\/contact\/#primaryimage\"},\"thumbnailUrl\":\"https:\/\/hobstop.ee\/media\/\/logo-skizze-300x123.png\",\"datePublished\":\"2014-08-11T11:41:32+00:00\",\"dateModified\":\"2019-01-02T11:45:41+00:00\",\"description\":\"You can find widest selection of quality art materials, hobby materials, school products, papers and more from Skizze stores. Check where we are located!\",\"breadcrumb\":{\"@id\":\"https:\/\/hobstop.ee\/en\/contact\/#breadcrumb\"},\"inLanguage\":\"en-US\",\"potentialAction\":[{\"@type\":\"ReadAction\",\"target\":[\"https:\/\/hobstop.ee\/en\/contact\/\"]}]},{\"@type\":\"ImageObject\",\"inLanguage\":\"en-US\",\"@id\":\"https:\/\/hobstop.ee\/en\/contact\/#primaryimage\",\"url\":\"https:\/\/hobstop.ee\/media\/\/logo-skizze-300x123.png\",\"contentUrl\":\"https:\/\/hobstop.ee\/media\/\/logo-skizze-300x123.png\"},{\"@type\":\"BreadcrumbList\",\"@id\":\"https:\/\/hobstop.ee\/en\/contact\/#breadcrumb\",\"itemListElement\":[{\"@type\":\"ListItem\",\"position\":1,\"name\":\"Avaleht\",\"item\":\"https:\/\/hobstop.ee\/en\/\"},{\"@type\":\"ListItem\",\"position\":2,\"name\":\"Contact\"}]},{\"@type\":\"WebSite\",\"@id\":\"https:\/\/hobstop.ee\/en\/#website\",\"url\":\"https:\/\/hobstop.ee\/en\/\",\"name\":\"Skizze\",\"description\":\"Art and hobby materials\",\"publisher\":{\"@id\":\"https:\/\/hobstop.ee\/en\/#organization\"},\"potentialAction\":[{\"@type\":\"SearchAction\",\"target\":{\"@type\":\"EntryPoint\",\"urlTemplate\":\"https:\/\/hobstop.ee\/en\/?s={search_term_string}\"},\"query-input\":{\"@type\":\"PropertyValueSpecification\",\"valueRequired\":true,\"valueName\":\"search_term_string\"}}],\"inLanguage\":\"en-US\"},{\"@type\":\"Organization\",\"@id\":\"https:\/\/hobstop.ee\/en\/#organization\",\"name\":\"Vunder AS\",\"url\":\"https:\/\/hobstop.ee\/en\/\",\"logo\":{\"@type\":\"ImageObject\",\"inLanguage\":\"en-US\",\"@id\":\"https:\/\/hobstop.ee\/en\/#\/schema\/logo\/image\/\",\"url\":\"https:\/\/hobstop.ee\/media\/vunder-logo.png\",\"contentUrl\":\"https:\/\/hobstop.ee\/media\/vunder-logo.png\",\"width\":127,\"height\":55,\"caption\":\"Vunder AS\"},\"image\":{\"@id\":\"https:\/\/hobstop.ee\/en\/#\/schema\/logo\/image\/\"},\"sameAs\":[\"http:\/\/www.facebook.com\/VunderSkizze\"]}]}<\/script>\n<!-- \/ Yoast SEO plugin. -->","yoast_head_json":{"title":"Contact - Skizze art material stores","description":"You can find widest selection of quality art materials, hobby materials, school products, papers and more from Skizze stores. Check where we are located!","robots":{"index":"noindex","follow":"follow","max-snippet":"max-snippet:-1","max-image-preview":"max-image-preview:large","max-video-preview":"max-video-preview:-1"},"og_locale":"en_US","og_type":"article","og_title":"Contact - Skizze art material stores","og_description":"You can find widest selection of quality art materials, hobby materials, school products, papers and more from Skizze stores. Check where we are located!","og_url":"https:\/\/hobstop.ee\/en\/contact\/","og_site_name":"Skizze","article_publisher":"http:\/\/www.facebook.com\/VunderSkizze","article_modified_time":"2019-01-02T11:45:41+00:00","og_image":[{"url":"https:\/\/hobstop.ee\/media\/\/logo-skizze-300x123.png","type":"","width":"","height":""}],"twitter_card":"summary_large_image","twitter_misc":{"Est. reading time":"1 minute"},"schema":{"@context":"https:\/\/schema.org","@graph":[{"@type":"WebPage","@id":"https:\/\/hobstop.ee\/en\/contact\/","url":"https:\/\/hobstop.ee\/en\/contact\/","name":"Contact - Skizze art material stores","isPartOf":{"@id":"https:\/\/hobstop.ee\/en\/#website"},"primaryImageOfPage":{"@id":"https:\/\/hobstop.ee\/en\/contact\/#primaryimage"},"image":{"@id":"https:\/\/hobstop.ee\/en\/contact\/#primaryimage"},"thumbnailUrl":"https:\/\/hobstop.ee\/media\/\/logo-skizze-300x123.png","datePublished":"2014-08-11T11:41:32+00:00","dateModified":"2019-01-02T11:45:41+00:00","description":"You can find widest selection of quality art materials, hobby materials, school products, papers and more from Skizze stores. Check where we are located!","breadcrumb":{"@id":"https:\/\/hobstop.ee\/en\/contact\/#breadcrumb"},"inLanguage":"en-US","potentialAction":[{"@type":"ReadAction","target":["https:\/\/hobstop.ee\/en\/contact\/"]}]},{"@type":"ImageObject","inLanguage":"en-US","@id":"https:\/\/hobstop.ee\/en\/contact\/#primaryimage","url":"https:\/\/hobstop.ee\/media\/\/logo-skizze-300x123.png","contentUrl":"https:\/\/hobstop.ee\/media\/\/logo-skizze-300x123.png"},{"@type":"BreadcrumbList","@id":"https:\/\/hobstop.ee\/en\/contact\/#breadcrumb","itemListElement":[{"@type":"ListItem","position":1,"name":"Avaleht","item":"https:\/\/hobstop.ee\/en\/"},{"@type":"ListItem","position":2,"name":"Contact"}]},{"@type":"WebSite","@id":"https:\/\/hobstop.ee\/en\/#website","url":"https:\/\/hobstop.ee\/en\/","name":"Skizze","description":"Art and hobby materials","publisher":{"@id":"https:\/\/hobstop.ee\/en\/#organization"},"potentialAction":[{"@type":"SearchAction","target":{"@type":"EntryPoint","urlTemplate":"https:\/\/hobstop.ee\/en\/?s={search_term_string}"},"query-input":{"@type":"PropertyValueSpecification","valueRequired":true,"valueName":"search_term_string"}}],"inLanguage":"en-US"},{"@type":"Organization","@id":"https:\/\/hobstop.ee\/en\/#organization","name":"Vunder AS","url":"https:\/\/hobstop.ee\/en\/","logo":{"@type":"ImageObject","inLanguage":"en-US","@id":"https:\/\/hobstop.ee\/en\/#\/schema\/logo\/image\/","url":"https:\/\/hobstop.ee\/media\/vunder-logo.png","contentUrl":"https:\/\/hobstop.ee\/media\/vunder-logo.png","width":127,"height":55,"caption":"Vunder AS"},"image":{"@id":"https:\/\/hobstop.ee\/en\/#\/schema\/logo\/image\/"},"sameAs":["http:\/\/www.facebook.com\/VunderSkizze"]}]}},"_links":{"self":[{"href":"https:\/\/hobstop.ee\/en\/wp-json\/wp\/v2\/pages\/930","targetHints":{"allow":["GET"]}}],"collection":[{"href":"https:\/\/hobstop.ee\/en\/wp-json\/wp\/v2\/pages"}],"about":[{"href":"https:\/\/hobstop.ee\/en\/wp-json\/wp\/v2\/types\/page"}],"author":[{"embeddable":true,"href":"https:\/\/hobstop.ee\/en\/wp-json\/wp\/v2\/users\/1"}],"replies":[{"embeddable":true,"href":"https:\/\/hobstop.ee\/en\/wp-json\/wp\/v2\/comments?post=930"}],"version-history":[{"count":31,"href":"https:\/\/hobstop.ee\/en\/wp-json\/wp\/v2\/pages\/930\/revisions"}],"predecessor-version":[{"id":331011,"href":"https:\/\/hobstop.ee\/en\/wp-json\/wp\/v2\/pages\/930\/revisions\/331011"}],"wp:attachment":[{"href":"https:\/\/hobstop.ee\/en\/wp-json\/wp\/v2\/media?parent=930"}],"curies":[{"name":"wp","href":"https:\/\/api.w.org\/{rel}","templated":true}]}}