{"id":185198,"date":"2015-08-01T02:03:18","date_gmt":"2015-07-31T23:03:21","guid":{"rendered":"http:\/\/vunder-ee.sn25.zone.eu\/en\/product\/silk-crepe-satin-12-5-90cm\/"},"modified":"2015-08-01T02:03:21","modified_gmt":"2015-07-31T23:03:21","slug":"silk-roll-crepe-satin-12-5","status":"publish","type":"product","link":"https:\/\/hobstop.ee\/en\/product\/silk-roll-crepe-satin-12-5\/","title":{"rendered":"Silk roll Crepe Satin 12.5"},"content":{"rendered":"<p>An especially manifold material with two views: in the front the well-known, nicely shining satin look with a glassy surface. The back on the other hand, shimmers matt, similar to Cr\u00eape de Chine. The history of Cr\u00eape Satin is very interesting: it was created as a matt silk cr\u00eape that was supposed to have a smooth surface like lining on the reverse side. Later, the gloss was decided to be more important and the Cr\u00eape Satin was &#8220;turned around&#8221;. The Cr\u00eape Satin 12.5 falls softly, is inured to wrinkling and reflects all colors in a bright and luscious way. Its smooth surface almost invites one to painting, dying and printing. With its medium fabric weight, it is perfect for light blouses, tunics and other tops. Shawls, scarves, stoles and pareos are especially beautiful when made out of this fabric.<\/p>\n","protected":false},"excerpt":{"rendered":"<p>An especially manifold material with two views: in the front the well-known, nicely shining satin look with a glassy surface. The back on the other hand, shimmers matt, similar to Cr\u00eape de Chine. The history of Cr\u00eape Satin is very interesting: it was created as a matt silk cr\u00eape that was supposed to have a smooth surface like lining on the reverse side. Later, the gloss was decided to be more important and the Cr\u00eape Satin was &#8220;turned around&#8221;. The Cr\u00eape Satin 12.5 falls softly, is inured to wrinkling and reflects all colors in a bright and luscious way. Its smooth surface almost invites one to painting, dying and printing. With its medium fabric weight, it is perfect for light blouses, tunics and other tops. Shawls, scarves, stoles and pareos are especially beautiful when made out of this fabric.<\/p>\n","protected":false},"featured_media":204274,"comment_status":"closed","ping_status":"closed","template":"","meta":{"_acf_changed":false,"ep_exclude_from_search":false},"product_cat":[17970,17917,18304],"product_tag":[],"class_list":{"0":"post-185198","1":"product","2":"type-product","3":"status-publish","4":"has-post-thumbnail","6":"product_cat-blanks","7":"product_cat-hobby-materials","8":"product_cat-silk","10":"first","11":"outofstock","12":"taxable","13":"shipping-taxable","14":"purchasable","15":"product-type-variable"},"acf":[],"yoast_head":"<!-- This site is optimized with the Yoast SEO plugin v24.1 - https:\/\/yoast.com\/wordpress\/plugins\/seo\/ -->\n<title>Silk roll Crepe Satin 12.5 &#8211; Skizze<\/title>\n<meta name=\"robots\" content=\"noindex, follow, max-snippet:-1, max-image-preview:large, max-video-preview:-1\" \/>\n<meta property=\"og:locale\" content=\"en_US\" \/>\n<meta property=\"og:type\" content=\"article\" \/>\n<meta property=\"og:title\" content=\"Silk roll Crepe Satin 12.5 &#8211; Skizze\" \/>\n<meta property=\"og:description\" content=\"An especially manifold material with two views: in the front the well-known, nicely shining satin look with a glassy surface. The back on the other hand, shimmers matt, similar to Cr\u00eape de Chine. The history of Cr\u00eape Satin is very interesting: it was created as a matt silk cr\u00eape that was supposed to have a smooth surface like lining on the reverse side. Later, the gloss was decided to be more important and the Cr\u00eape Satin was &#8220;turned around&#8221;. The Cr\u00eape Satin 12.5 falls softly, is inured to wrinkling and reflects all colors in a bright and luscious way. Its smooth surface almost invites one to painting, dying and printing. With its medium fabric weight, it is perfect for light blouses, tunics and other tops. Shawls, scarves, stoles and pareos are especially beautiful when made out of this fabric.\" \/>\n<meta property=\"og:url\" content=\"https:\/\/hobstop.ee\/en\/product\/silk-roll-crepe-satin-12-5\/\" \/>\n<meta property=\"og:site_name\" content=\"Skizze\" \/>\n<meta property=\"article:publisher\" content=\"http:\/\/www.facebook.com\/VunderSkizze\" \/>\n<meta property=\"og:image\" content=\"https:\/\/hobstop.ee\/media\/2449.jpg\" \/>\n\t<meta property=\"og:image:width\" content=\"270\" \/>\n\t<meta property=\"og:image:height\" content=\"271\" \/>\n\t<meta property=\"og:image:type\" content=\"image\/jpeg\" \/>\n<meta name=\"twitter:card\" content=\"summary_large_image\" \/>\n<meta name=\"twitter:label1\" content=\"Est. reading time\" \/>\n\t<meta name=\"twitter:data1\" content=\"1 minute\" \/>\n<script type=\"application\/ld+json\" class=\"yoast-schema-graph\">{\"@context\":\"https:\/\/schema.org\",\"@graph\":[{\"@type\":\"WebPage\",\"@id\":\"https:\/\/hobstop.ee\/en\/product\/silk-roll-crepe-satin-12-5\/\",\"url\":\"https:\/\/hobstop.ee\/en\/product\/silk-roll-crepe-satin-12-5\/\",\"name\":\"Silk roll Crepe Satin 12.5 &#8211; Skizze\",\"isPartOf\":{\"@id\":\"https:\/\/hobstop.ee\/en\/#website\"},\"primaryImageOfPage\":{\"@id\":\"https:\/\/hobstop.ee\/en\/product\/silk-roll-crepe-satin-12-5\/#primaryimage\"},\"image\":{\"@id\":\"https:\/\/hobstop.ee\/en\/product\/silk-roll-crepe-satin-12-5\/#primaryimage\"},\"thumbnailUrl\":\"https:\/\/hobstop.ee\/media\/2449.jpg\",\"datePublished\":\"2015-07-31T23:03:21+00:00\",\"dateModified\":\"2015-07-31T23:03:21+00:00\",\"breadcrumb\":{\"@id\":\"https:\/\/hobstop.ee\/en\/product\/silk-roll-crepe-satin-12-5\/#breadcrumb\"},\"inLanguage\":\"en-US\",\"potentialAction\":[{\"@type\":\"ReadAction\",\"target\":[\"https:\/\/hobstop.ee\/en\/product\/silk-roll-crepe-satin-12-5\/\"]}]},{\"@type\":\"ImageObject\",\"inLanguage\":\"en-US\",\"@id\":\"https:\/\/hobstop.ee\/en\/product\/silk-roll-crepe-satin-12-5\/#primaryimage\",\"url\":\"https:\/\/hobstop.ee\/media\/2449.jpg\",\"contentUrl\":\"https:\/\/hobstop.ee\/media\/2449.jpg\",\"width\":270,\"height\":271},{\"@type\":\"BreadcrumbList\",\"@id\":\"https:\/\/hobstop.ee\/en\/product\/silk-roll-crepe-satin-12-5\/#breadcrumb\",\"itemListElement\":[{\"@type\":\"ListItem\",\"position\":1,\"name\":\"Avaleht\",\"item\":\"https:\/\/hobstop.ee\/en\/\"},{\"@type\":\"ListItem\",\"position\":2,\"name\":\"Shop\",\"item\":\"https:\/\/hobstop.ee\/en\/shop\/\"},{\"@type\":\"ListItem\",\"position\":3,\"name\":\"Silk roll Crepe Satin 12.5\"}]},{\"@type\":\"WebSite\",\"@id\":\"https:\/\/hobstop.ee\/en\/#website\",\"url\":\"https:\/\/hobstop.ee\/en\/\",\"name\":\"Skizze\",\"description\":\"Art and hobby materials\",\"publisher\":{\"@id\":\"https:\/\/hobstop.ee\/en\/#organization\"},\"potentialAction\":[{\"@type\":\"SearchAction\",\"target\":{\"@type\":\"EntryPoint\",\"urlTemplate\":\"https:\/\/hobstop.ee\/en\/?s={search_term_string}\"},\"query-input\":{\"@type\":\"PropertyValueSpecification\",\"valueRequired\":true,\"valueName\":\"search_term_string\"}}],\"inLanguage\":\"en-US\"},{\"@type\":\"Organization\",\"@id\":\"https:\/\/hobstop.ee\/en\/#organization\",\"name\":\"Vunder AS\",\"url\":\"https:\/\/hobstop.ee\/en\/\",\"logo\":{\"@type\":\"ImageObject\",\"inLanguage\":\"en-US\",\"@id\":\"https:\/\/hobstop.ee\/en\/#\/schema\/logo\/image\/\",\"url\":\"https:\/\/hobstop.ee\/media\/vunder-logo.png\",\"contentUrl\":\"https:\/\/hobstop.ee\/media\/vunder-logo.png\",\"width\":127,\"height\":55,\"caption\":\"Vunder AS\"},\"image\":{\"@id\":\"https:\/\/hobstop.ee\/en\/#\/schema\/logo\/image\/\"},\"sameAs\":[\"http:\/\/www.facebook.com\/VunderSkizze\"]}]}<\/script>\n<!-- \/ Yoast SEO plugin. -->","yoast_head_json":{"title":"Silk roll Crepe Satin 12.5 &#8211; Skizze","robots":{"index":"noindex","follow":"follow","max-snippet":"max-snippet:-1","max-image-preview":"max-image-preview:large","max-video-preview":"max-video-preview:-1"},"og_locale":"en_US","og_type":"article","og_title":"Silk roll Crepe Satin 12.5 &#8211; Skizze","og_description":"An especially manifold material with two views: in the front the well-known, nicely shining satin look with a glassy surface. The back on the other hand, shimmers matt, similar to Cr\u00eape de Chine. The history of Cr\u00eape Satin is very interesting: it was created as a matt silk cr\u00eape that was supposed to have a smooth surface like lining on the reverse side. Later, the gloss was decided to be more important and the Cr\u00eape Satin was &#8220;turned around&#8221;. The Cr\u00eape Satin 12.5 falls softly, is inured to wrinkling and reflects all colors in a bright and luscious way. Its smooth surface almost invites one to painting, dying and printing. With its medium fabric weight, it is perfect for light blouses, tunics and other tops. Shawls, scarves, stoles and pareos are especially beautiful when made out of this fabric.","og_url":"https:\/\/hobstop.ee\/en\/product\/silk-roll-crepe-satin-12-5\/","og_site_name":"Skizze","article_publisher":"http:\/\/www.facebook.com\/VunderSkizze","og_image":[{"width":270,"height":271,"url":"https:\/\/hobstop.ee\/media\/2449.jpg","type":"image\/jpeg"}],"twitter_card":"summary_large_image","twitter_misc":{"Est. reading time":"1 minute"},"schema":{"@context":"https:\/\/schema.org","@graph":[{"@type":"WebPage","@id":"https:\/\/hobstop.ee\/en\/product\/silk-roll-crepe-satin-12-5\/","url":"https:\/\/hobstop.ee\/en\/product\/silk-roll-crepe-satin-12-5\/","name":"Silk roll Crepe Satin 12.5 &#8211; Skizze","isPartOf":{"@id":"https:\/\/hobstop.ee\/en\/#website"},"primaryImageOfPage":{"@id":"https:\/\/hobstop.ee\/en\/product\/silk-roll-crepe-satin-12-5\/#primaryimage"},"image":{"@id":"https:\/\/hobstop.ee\/en\/product\/silk-roll-crepe-satin-12-5\/#primaryimage"},"thumbnailUrl":"https:\/\/hobstop.ee\/media\/2449.jpg","datePublished":"2015-07-31T23:03:21+00:00","dateModified":"2015-07-31T23:03:21+00:00","breadcrumb":{"@id":"https:\/\/hobstop.ee\/en\/product\/silk-roll-crepe-satin-12-5\/#breadcrumb"},"inLanguage":"en-US","potentialAction":[{"@type":"ReadAction","target":["https:\/\/hobstop.ee\/en\/product\/silk-roll-crepe-satin-12-5\/"]}]},{"@type":"ImageObject","inLanguage":"en-US","@id":"https:\/\/hobstop.ee\/en\/product\/silk-roll-crepe-satin-12-5\/#primaryimage","url":"https:\/\/hobstop.ee\/media\/2449.jpg","contentUrl":"https:\/\/hobstop.ee\/media\/2449.jpg","width":270,"height":271},{"@type":"BreadcrumbList","@id":"https:\/\/hobstop.ee\/en\/product\/silk-roll-crepe-satin-12-5\/#breadcrumb","itemListElement":[{"@type":"ListItem","position":1,"name":"Avaleht","item":"https:\/\/hobstop.ee\/en\/"},{"@type":"ListItem","position":2,"name":"Shop","item":"https:\/\/hobstop.ee\/en\/shop\/"},{"@type":"ListItem","position":3,"name":"Silk roll Crepe Satin 12.5"}]},{"@type":"WebSite","@id":"https:\/\/hobstop.ee\/en\/#website","url":"https:\/\/hobstop.ee\/en\/","name":"Skizze","description":"Art and hobby materials","publisher":{"@id":"https:\/\/hobstop.ee\/en\/#organization"},"potentialAction":[{"@type":"SearchAction","target":{"@type":"EntryPoint","urlTemplate":"https:\/\/hobstop.ee\/en\/?s={search_term_string}"},"query-input":{"@type":"PropertyValueSpecification","valueRequired":true,"valueName":"search_term_string"}}],"inLanguage":"en-US"},{"@type":"Organization","@id":"https:\/\/hobstop.ee\/en\/#organization","name":"Vunder AS","url":"https:\/\/hobstop.ee\/en\/","logo":{"@type":"ImageObject","inLanguage":"en-US","@id":"https:\/\/hobstop.ee\/en\/#\/schema\/logo\/image\/","url":"https:\/\/hobstop.ee\/media\/vunder-logo.png","contentUrl":"https:\/\/hobstop.ee\/media\/vunder-logo.png","width":127,"height":55,"caption":"Vunder AS"},"image":{"@id":"https:\/\/hobstop.ee\/en\/#\/schema\/logo\/image\/"},"sameAs":["http:\/\/www.facebook.com\/VunderSkizze"]}]}},"_links":{"self":[{"href":"https:\/\/hobstop.ee\/en\/wp-json\/wp\/v2\/product\/185198","targetHints":{"allow":["GET"]}}],"collection":[{"href":"https:\/\/hobstop.ee\/en\/wp-json\/wp\/v2\/product"}],"about":[{"href":"https:\/\/hobstop.ee\/en\/wp-json\/wp\/v2\/types\/product"}],"replies":[{"embeddable":true,"href":"https:\/\/hobstop.ee\/en\/wp-json\/wp\/v2\/comments?post=185198"}],"wp:featuredmedia":[{"embeddable":true,"href":"https:\/\/hobstop.ee\/en\/wp-json\/wp\/v2\/media\/204274"}],"wp:attachment":[{"href":"https:\/\/hobstop.ee\/en\/wp-json\/wp\/v2\/media?parent=185198"}],"wp:term":[{"taxonomy":"product_cat","embeddable":true,"href":"https:\/\/hobstop.ee\/en\/wp-json\/wp\/v2\/product_cat?post=185198"},{"taxonomy":"product_tag","embeddable":true,"href":"https:\/\/hobstop.ee\/en\/wp-json\/wp\/v2\/product_tag?post=185198"}],"curies":[{"name":"wp","href":"https:\/\/api.w.org\/{rel}","templated":true}]}}