{"id":138147,"date":"2014-08-11T15:47:19","date_gmt":"2014-08-11T12:47:19","guid":{"rendered":"http:\/\/vunder-ee.sn25.zone.eu\/lt\/?page_id=138147"},"modified":"2015-07-24T18:19:49","modified_gmt":"2015-07-24T15:19:49","slug":"pageidavimu-sarasas","status":"publish","type":"page","link":"https:\/\/hobstop.ee\/lt\/pageidavimu-sarasas\/","title":{"rendered":"Pageidavim\u0173 s\u0105ra\u0161as"},"content":{"rendered":"<div id=\"cart-wrap\">\n\n\t<div class=\"notices\">\n\t\t\t\t<div id=\"yith-wcwl-messages\"><\/div>\n\t<\/div>\n\n\t<div id=\"cart\" class=\"section-cart\">\n\t\t<form id=\"yith-wcwl-form\" action=\"https:\/\/hobstop.ee\/lt\/pageidavimu-sarasas\/\" method=\"post\">\n\t\t\t\t\t\t<div class=\"section-cart-backgrounds\">\n\t\t\t\t<div class=\"table-responsive\">\n\t\t\t\t\t<table class=\"shop_table cart wishlist_table table\" cellspacing=\"0\" data-id=\"\" data-token=\"\">\n\t\t\t\t\t\t<tbody>\n\t\t\t\t\t\t\t\t\t\t\t\t\t\t\t<tr id=\"yith-wcwl-row-53315\" data-row-id=\"53315\" class=\"cart_item\" data-id=\"\" data-variation-id=\"53315\">\n\n\t\t\t\t\t\t\t\t\t\t\n\t<td class=\"product-colors\">\n\t\t\t\t<span class=\"color-block\">\n\t\t\t\t\t\t<img decoding=\"async\" src=\"https:\/\/hobstop.ee\/media\/var_extra_5807-105x87.jpg\" class=\"img-responsive\">\n\t\t\t\t\t<\/span>\n\t\t\t\t\t<span class=\"color-name\">02SZ18333000<\/span>\n\t\t\t\t\t<span class=\"color-name\">766416183330<\/span>\n\t\t\t<\/td>\n\n\t\n\t\t\t\t\t\t\t\t\t\t\n\t<td class=\"product-thumbnail\">\n\t\t<a href=\"https:\/\/hobstop.ee\/media\/200160.jpg\" class=\"zoom\" data-rel=\"prettyphoto\"><img decoding=\"async\" src=\"https:\/\/hobstop.ee\/media\/200160-105x87.jpg\" class=\"thumbnail thumbnail-xs\" alt=\"Grimo da\u017eai 18ml dark blue\"><\/a>\t<\/td>\n\n\t\n\t\t\t\t\t\t\t\t\t\t<td class=\"product-name\">\n\t\t\t\t\t\t\t\t\t\t\t<a href=\"https:\/\/hobstop.ee\/toode\/naovarv-snazaroo-classic-18ml\/?attribute_pa_kma=200160\" class=\"product-title\">Grimo da\u017eai 18ml dark blue<\/a>\n\n\t\t\t\t\t\t\t\t\t\t\t\n\t<div class=\"product-availability available\">\n\t\t<span class=\"icon icon-info-gray\"><\/span>Esamas kiekis parduotuv\u0117se\t\t<ul class=\"popover list-unstyled top\">\n\t\t\t<li class=\"arrow\"><\/li>\n\t\t\t\t<li class=\"variation-stock variation-stock--heading\"><strong>Lietuva<\/strong><\/li>\n\n\t<li class=\"variation-stock variation-stock--section-end variation-stock--instock\">\n\t\tVilnius Skizze\t\t\t\t\t<span class=\"variation-stock__quantity\">2<\/span>\n\t\t\t<\/li>\n\t\t\t\t<strong>Estija<\/strong><br>\t\t\t<li>Tallinn Skizze<span class=\"pull-right\">3<\/span><\/li>\t\t\t<li>ARS Skizze<span class=\"pull-right\">0<\/span><\/li>\t\t\t<li>Kalamaja Skizze<span class=\"pull-right\">2<\/span><\/li>\t\t\t<li>Tartu Skizze<span class=\"pull-right\">2<\/span><\/li>\t\t\t\t\t\t<li class=\"wholesale\">El. parduotuv\u0117 \/ didmenin\u0117 prekyba<span class=\"icon icon-ok-green\"><\/span><\/li>\t\t\t\t\t<\/ul>\n\t<\/div>\n\n\t\t\t\t\t\t\t\t\t\t\t<\/td>\n\n\t\t\t\t\t\t\t\t\t\t\n\t<td class=\"product-price\">\n\t\t<span class=\"woocommerce-Price-amount amount\"><bdi>5,90<span class=\"woocommerce-Price-currencySymbol\">&euro;<\/span><\/bdi><\/span>\t\t\t\t\t\t\t\t<\/td>\n\n\t\n\t\t\t\t\t\t\t\t\t\t<td class=\"product-actions product-add-to-cart text-center\">\n\t\t\t\t\t\t\t\t\t\t\t\n\t\t\t\t\t\t\t\t\t\t\t\t<a href=\"https:\/\/hobstop.ee\/toode\/naovarv-snazaroo-classic-18ml\/?attribute_pa_kma=200160&#038;variation_id=53315&#038;add-to-cart=6186\" rel=\"nofollow\" data-product_id=\"53315\" data-product_sku=\"02SZ18333000\" data-quantity=\"1\" class=\"btn btn-success add_to_cart_button product_type_variation add_to_cart button alt\"> Add to cart<\/a>\n\t\t\t\t\t\t\t\t\t\t\t\t\t\t\t\t\t\t\t\t\t\t<a href=\"https:\/\/hobstop.ee\/lt\/cart\/\" class=\"qty-in-cart text-success hidden\">0 pirkini\u0173 krep\u0161elyje<\/a>\n\t\t\t\t\t\t\t\t\t\t<\/td>\n\n\t\t\t\t\t\t\t\t\t\t\t\t\t\t\t\t\t\t\t\t<td class=\"product-remove\">\n\t\t\t\t\t\t\t\t\t\t\t<a href=\"\/lt\/wp-json\/wp\/v2\/pages\/138147?remove_from_wishlist=53315\" class=\"remove remove_from_wishlist\" title=\"Pa\u0161alinti \u0161i\u0105 prek\u0119\">&times;<\/a>\n\t\t\t\t\t\t\t\t\t\t<\/td>\n\t\t\t\t\t\t\t\t\t\t\n\t\t\t\t\t\t\t\t\t<\/tr>\n\t\t\t\t\t\t\t\t\t\t\t\t\t\t\t\t\t\t<tr class=\"separator\">\n\t\t\t\t\t\t\t\t\t\t\t<td colspan=\"6\"><\/td>\n\t\t\t\t\t\t\t\t\t\t<\/tr>\n\t\t\t\t\t\t\t\t\t\t\t\t\t\t\t\t\t\t<tr id=\"yith-wcwl-row-53312\" data-row-id=\"53312\" class=\"cart_item\" data-id=\"\" data-variation-id=\"53312\">\n\n\t\t\t\t\t\t\t\t\t\t\n\t<td class=\"product-colors\">\n\t\t\t\t<span class=\"color-block\">\n\t\t\t\t\t\t<img decoding=\"async\" src=\"https:\/\/hobstop.ee\/media\/var_extra_5810-105x87.jpg\" class=\"img-responsive\">\n\t\t\t\t\t<\/span>\n\t\t\t\t\t<span class=\"color-name\">02SZ18909700<\/span>\n\t\t\t\t\t<span class=\"color-name\">766416189097<\/span>\n\t\t\t<\/td>\n\n\t\n\t\t\t\t\t\t\t\t\t\t\n\t<td class=\"product-thumbnail\">\n\t\t<a href=\"https:\/\/hobstop.ee\/media\/200157.jpg\" class=\"zoom\" data-rel=\"prettyphoto\"><img decoding=\"async\" src=\"https:\/\/hobstop.ee\/media\/200157-105x87.jpg\" class=\"thumbnail thumbnail-xs\" alt=\"Grimo da\u017eai 18ml barely beige\"><\/a>\t<\/td>\n\n\t\n\t\t\t\t\t\t\t\t\t\t<td class=\"product-name\">\n\t\t\t\t\t\t\t\t\t\t\t<a href=\"https:\/\/hobstop.ee\/toode\/naovarv-snazaroo-classic-18ml\/?attribute_pa_kma=200157\" class=\"product-title\">Grimo da\u017eai 18ml barely beige<\/a>\n\n\t\t\t\t\t\t\t\t\t\t\t\n\t<div class=\"product-availability available\">\n\t\t<span class=\"icon icon-info-gray\"><\/span>Esamas kiekis parduotuv\u0117se\t\t<ul class=\"popover list-unstyled top\">\n\t\t\t<li class=\"arrow\"><\/li>\n\t\t\t\t<li class=\"variation-stock variation-stock--heading\"><strong>Lietuva<\/strong><\/li>\n\n\t<li class=\"variation-stock variation-stock--section-end variation-stock--instock\">\n\t\tVilnius Skizze\t\t\t\t\t<span class=\"variation-stock__quantity\">1<\/span>\n\t\t\t<\/li>\n\t\t\t\t<strong>Estija<\/strong><br>\t\t\t<li>Tallinn Skizze<span class=\"pull-right\">3<\/span><\/li>\t\t\t<li>ARS Skizze<span class=\"pull-right\">0<\/span><\/li>\t\t\t<li>Kalamaja Skizze<span class=\"pull-right\">2<\/span><\/li>\t\t\t<li>Tartu Skizze<span class=\"pull-right\">1<\/span><\/li>\t\t\t\t\t\t<li class=\"wholesale\">El. parduotuv\u0117 \/ didmenin\u0117 prekyba<span class=\"icon icon-ok-green\"><\/span><\/li>\t\t\t\t\t<\/ul>\n\t<\/div>\n\n\t\t\t\t\t\t\t\t\t\t\t<\/td>\n\n\t\t\t\t\t\t\t\t\t\t\n\t<td class=\"product-price\">\n\t\t<span class=\"woocommerce-Price-amount amount\"><bdi>5,90<span class=\"woocommerce-Price-currencySymbol\">&euro;<\/span><\/bdi><\/span>\t\t\t\t\t\t\t\t<\/td>\n\n\t\n\t\t\t\t\t\t\t\t\t\t<td class=\"product-actions product-add-to-cart text-center\">\n\t\t\t\t\t\t\t\t\t\t\t\n\t\t\t\t\t\t\t\t\t\t\t\t<a href=\"https:\/\/hobstop.ee\/toode\/naovarv-snazaroo-classic-18ml\/?attribute_pa_kma=200157&#038;variation_id=53312&#038;add-to-cart=6186\" rel=\"nofollow\" data-product_id=\"53312\" data-product_sku=\"02SZ18909700\" data-quantity=\"1\" class=\"btn btn-success add_to_cart_button product_type_variation add_to_cart button alt\"> Add to cart<\/a>\n\t\t\t\t\t\t\t\t\t\t\t\t\t\t\t\t\t\t\t\t\t\t<a href=\"https:\/\/hobstop.ee\/lt\/cart\/\" class=\"qty-in-cart text-success hidden\">0 pirkini\u0173 krep\u0161elyje<\/a>\n\t\t\t\t\t\t\t\t\t\t<\/td>\n\n\t\t\t\t\t\t\t\t\t\t\t\t\t\t\t\t\t\t\t\t<td class=\"product-remove\">\n\t\t\t\t\t\t\t\t\t\t\t<a href=\"\/lt\/wp-json\/wp\/v2\/pages\/138147?remove_from_wishlist=53312\" class=\"remove remove_from_wishlist\" title=\"Pa\u0161alinti \u0161i\u0105 prek\u0119\">&times;<\/a>\n\t\t\t\t\t\t\t\t\t\t<\/td>\n\t\t\t\t\t\t\t\t\t\t\n\t\t\t\t\t\t\t\t\t<\/tr>\n\t\t\t\t\t\t\t\t\t\t\t\t\t\t\t\t\t\t<tr class=\"separator\">\n\t\t\t\t\t\t\t\t\t\t\t<td colspan=\"6\"><\/td>\n\t\t\t\t\t\t\t\t\t\t<\/tr>\n\t\t\t\t\t\t\t\t\t\t\t\t\t\t\t\t\t\t<tr id=\"yith-wcwl-row-53329\" data-row-id=\"53329\" class=\"cart_item\" data-id=\"\" data-variation-id=\"53329\">\n\n\t\t\t\t\t\t\t\t\t\t\n\t<td class=\"product-colors\">\n\t\t\t\t<span class=\"color-block\">\n\t\t\t\t\t\t<img decoding=\"async\" src=\"https:\/\/hobstop.ee\/media\/var_extra_5793-105x87.jpg\" class=\"img-responsive\">\n\t\t\t\t\t<\/span>\n\t\t\t\t\t<span class=\"color-name\">02SZ11182330<\/span>\n\t\t\t\t\t<span class=\"color-name\">766416182333<\/span>\n\t\t\t<\/td>\n\n\t\n\t\t\t\t\t\t\t\t\t\t\n\t<td class=\"product-thumbnail\">\n\t\t<a href=\"https:\/\/hobstop.ee\/media\/200174.jpg\" class=\"zoom\" data-rel=\"prettyphoto\"><img decoding=\"async\" src=\"https:\/\/hobstop.ee\/media\/200174-105x87.jpg\" class=\"thumbnail thumbnail-xs\" alt=\"Grimo da\u017eai 18ml pale yellow\"><\/a>\t<\/td>\n\n\t\n\t\t\t\t\t\t\t\t\t\t<td class=\"product-name\">\n\t\t\t\t\t\t\t\t\t\t\t<a href=\"https:\/\/hobstop.ee\/toode\/naovarv-snazaroo-classic-18ml\/?attribute_pa_kma=200174\" class=\"product-title\">Grimo da\u017eai 18ml pale yellow<\/a>\n\n\t\t\t\t\t\t\t\t\t\t\t\n\t<div class=\"product-availability available\">\n\t\t<span class=\"icon icon-info-gray\"><\/span>Esamas kiekis parduotuv\u0117se\t\t<ul class=\"popover list-unstyled top\">\n\t\t\t<li class=\"arrow\"><\/li>\n\t\t\t\t<li class=\"variation-stock variation-stock--heading\"><strong>Lietuva<\/strong><\/li>\n\n\t<li class=\"variation-stock variation-stock--section-end variation-stock--outofstock\">\n\t\tVilnius Skizze\t\t\t<\/li>\n\t\t\t\t<strong>Estija<\/strong><br>\t\t\t<li>Tallinn Skizze<span class=\"pull-right\">4<\/span><\/li>\t\t\t\t\t\t<li>Kalamaja Skizze<span class=\"pull-right\">2<\/span><\/li>\t\t\t<li>Tartu Skizze<span class=\"pull-right\">2<\/span><\/li>\t\t\t\t\t\t<li class=\"wholesale\">El. parduotuv\u0117 \/ didmenin\u0117 prekyba<span class=\"icon icon-ok-green\"><\/span><\/li>\t\t\t\t\t<\/ul>\n\t<\/div>\n\n\t\t\t\t\t\t\t\t\t\t\t<\/td>\n\n\t\t\t\t\t\t\t\t\t\t\n\t<td class=\"product-price\">\n\t\t<span class=\"woocommerce-Price-amount amount\"><bdi>5,90<span class=\"woocommerce-Price-currencySymbol\">&euro;<\/span><\/bdi><\/span>\t\t\t\t\t\t\t\t<\/td>\n\n\t\n\t\t\t\t\t\t\t\t\t\t<td class=\"product-actions product-add-to-cart text-center\">\n\t\t\t\t\t\t\t\t\t\t\t\n\t\t\t\t\t\t\t\t\t\t\t\t<a href=\"https:\/\/hobstop.ee\/toode\/naovarv-snazaroo-classic-18ml\/?attribute_pa_kma=200174&#038;variation_id=53329&#038;add-to-cart=6186\" rel=\"nofollow\" data-product_id=\"53329\" data-product_sku=\"02SZ11182330\" data-quantity=\"1\" class=\"btn btn-success add_to_cart_button product_type_variation add_to_cart button alt\"> Add to cart<\/a>\n\t\t\t\t\t\t\t\t\t\t\t\t\t\t\t\t\t\t\t\t\t\t<a href=\"https:\/\/hobstop.ee\/lt\/cart\/\" class=\"qty-in-cart text-success hidden\">0 pirkini\u0173 krep\u0161elyje<\/a>\n\t\t\t\t\t\t\t\t\t\t<\/td>\n\n\t\t\t\t\t\t\t\t\t\t\t\t\t\t\t\t\t\t\t\t<td class=\"product-remove\">\n\t\t\t\t\t\t\t\t\t\t\t<a href=\"\/lt\/wp-json\/wp\/v2\/pages\/138147?remove_from_wishlist=53329\" class=\"remove remove_from_wishlist\" title=\"Pa\u0161alinti \u0161i\u0105 prek\u0119\">&times;<\/a>\n\t\t\t\t\t\t\t\t\t\t<\/td>\n\t\t\t\t\t\t\t\t\t\t\n\t\t\t\t\t\t\t\t\t<\/tr>\n\t\t\t\t\t\t\t\t\n\t\t\t\t\t\t<tfoot>\n\t\t\t\t\t\t\t<tr>\n\t\t\t\t\t\t\t\t\t\t\t\t\t\t\t\t\t<td colspan=\"6\">\n\t\t\t\t\t\t\t\t\t\t\n<div class=\"yith-wcwl-share\">\n    <h4 class=\"yith-wcwl-share-title\">Share on:<\/h4>\n    <ul>\n                    <li style=\"list-style-type: none; display: inline-block;\">\n                <a target=\"_blank\" class=\"facebook\" href=\"https:\/\/www.facebook.com\/sharer.php?s=100&amp;p%5Btitle%5D=My+wishlist+on+Vunder&amp;p%5Burl%5D=https%3A%2F%2Fhobstop.ee%2Flt%2Fpageidavimu-sarasas%2F%3Fwishlist-action%3Duser%26lang%3Dlt\" title=\"Facebook\"><\/a>\n            <\/li>\n        \n                    <li style=\"list-style-type: none; display: inline-block;\">\n                <a target=\"_blank\" class=\"twitter\" href=\"https:\/\/twitter.com\/share?url=https%3A%2F%2Fhobstop.ee%2Flt%2Fpageidavimu-sarasas%2F%3Fwishlist-action%3Duser%26lang%3Dlt&amp;text=\" title=\"Twitter\"><\/a>\n            <\/li>\n        \n                    <li style=\"list-style-type: none; display: inline-block;\">\n                <a target=\"_blank\" class=\"pinterest\" href=\"http:\/\/pinterest.com\/pin\/create\/button\/?url=https%3A%2F%2Fhobstop.ee%2Flt%2Fpageidavimu-sarasas%2F%3Fwishlist-action%3Duser%26lang%3Dlt&amp;description=&amp;media=\" title=\"Pinterest\" onclick=\"window.open(this.href); return false;\"><\/a>\n            <\/li>\n        \n                    <li style=\"list-style-type: none; display: inline-block;\">\n                <a target=\"_blank\" class=\"googleplus\" href=\"https:\/\/plus.google.com\/share?url=https%3A%2F%2Fhobstop.ee%2Flt%2Fpageidavimu-sarasas%2F%3Fwishlist-action%3Duser%26lang%3Dlt&amp;title=My+wishlist+on+Vunder\" title=\"Google+\" onclick='javascript:window.open(this.href, \"\", \"menubar=no,toolbar=no,resizable=yes,scrollbars=yes,height=600,width=600\");return false;'><\/a>\n            <\/li>\n        \n                    <li style=\"list-style-type: none; display: inline-block;\">\n                <a class=\"email\" href=\"mailto:?subject=My%2Bwishlist%2Bon%2BVunder&amp;body=https%3A%2F%2Fhobstop.ee%2Flt%2Fpageidavimu-sarasas%2F%3Fwishlist-action%3Duser%26lang%3Dlt&amp;title=My+wishlist+on+Vunder\" title=\"Email\"><\/a>\n            <\/li>\n        \n            <\/ul>\n<\/div>\t\t\t\t\t\t\t\t\t<\/td>\n\t\t\t\t\t\t\t\t\t\t\t\t\t\t\t<\/tr>\n\t\t\t\t\t\t<\/tfoot>\n\n\t\t\t\t\t\t<\/tbody>\n\t\t\t\t\t<\/table>\n\t\t\t\t\t\t\t\t\t<\/div>\n\t\t\t<\/div>\n\t\t<\/form>\n\t<\/div><!-- #cart -->\n\n<\/div><!-- #cart-wrap -->\n","protected":false},"excerpt":{"rendered":"","protected":false},"author":1,"featured_media":0,"parent":0,"menu_order":0,"comment_status":"closed","ping_status":"closed","template":"","meta":{"_acf_changed":false,"ep_exclude_from_search":false,"footnotes":""},"class_list":["post-138147","page","type-page","status-publish","hentry"],"acf":[],"yoast_head":"<!-- This site is optimized with the Yoast SEO plugin v24.1 - https:\/\/yoast.com\/wordpress\/plugins\/seo\/ -->\n<title>Pageidavim\u0173 s\u0105ra\u0161as &#8211; Skizze<\/title>\n<meta name=\"robots\" content=\"noindex, follow, max-snippet:-1, max-image-preview:large, max-video-preview:-1\" \/>\n<meta property=\"og:locale\" content=\"lt_LT\" \/>\n<meta property=\"og:type\" content=\"article\" \/>\n<meta property=\"og:title\" content=\"Pageidavim\u0173 s\u0105ra\u0161as &#8211; Skizze\" \/>\n<meta property=\"og:url\" content=\"https:\/\/hobstop.ee\/lt\/pageidavimu-sarasas\/\" \/>\n<meta property=\"og:site_name\" content=\"Skizze\" \/>\n<meta property=\"article:publisher\" content=\"http:\/\/www.facebook.com\/VunderSkizze\" \/>\n<meta property=\"article:modified_time\" content=\"2015-07-24T15:19:49+00:00\" \/>\n<meta name=\"twitter:card\" content=\"summary_large_image\" \/>\n<script type=\"application\/ld+json\" class=\"yoast-schema-graph\">{\"@context\":\"https:\/\/schema.org\",\"@graph\":[{\"@type\":\"WebPage\",\"@id\":\"https:\/\/hobstop.ee\/lt\/pageidavimu-sarasas\/\",\"url\":\"https:\/\/hobstop.ee\/lt\/pageidavimu-sarasas\/\",\"name\":\"Pageidavim\u0173 s\u0105ra\u0161as &#8211; Skizze\",\"isPartOf\":{\"@id\":\"https:\/\/hobstop.ee\/lt\/#website\"},\"datePublished\":\"2014-08-11T12:47:19+00:00\",\"dateModified\":\"2015-07-24T15:19:49+00:00\",\"breadcrumb\":{\"@id\":\"https:\/\/hobstop.ee\/lt\/pageidavimu-sarasas\/#breadcrumb\"},\"inLanguage\":\"lt\",\"potentialAction\":[{\"@type\":\"ReadAction\",\"target\":[\"https:\/\/hobstop.ee\/lt\/pageidavimu-sarasas\/\"]}]},{\"@type\":\"BreadcrumbList\",\"@id\":\"https:\/\/hobstop.ee\/lt\/pageidavimu-sarasas\/#breadcrumb\",\"itemListElement\":[{\"@type\":\"ListItem\",\"position\":1,\"name\":\"Avaleht\",\"item\":\"https:\/\/hobstop.ee\/lt\/\"},{\"@type\":\"ListItem\",\"position\":2,\"name\":\"Pageidavim\u0173 s\u0105ra\u0161as\"}]},{\"@type\":\"WebSite\",\"@id\":\"https:\/\/hobstop.ee\/lt\/#website\",\"url\":\"https:\/\/hobstop.ee\/lt\/\",\"name\":\"Skizze\",\"description\":\"Dail\u0117s, pom\u0117gi\u0173 ir mokykliniai reikm\u0117nys\",\"publisher\":{\"@id\":\"https:\/\/hobstop.ee\/lt\/#organization\"},\"potentialAction\":[{\"@type\":\"SearchAction\",\"target\":{\"@type\":\"EntryPoint\",\"urlTemplate\":\"https:\/\/hobstop.ee\/lt\/?s={search_term_string}\"},\"query-input\":{\"@type\":\"PropertyValueSpecification\",\"valueRequired\":true,\"valueName\":\"search_term_string\"}}],\"inLanguage\":\"lt\"},{\"@type\":\"Organization\",\"@id\":\"https:\/\/hobstop.ee\/lt\/#organization\",\"name\":\"Vunder AS\",\"url\":\"https:\/\/hobstop.ee\/lt\/\",\"logo\":{\"@type\":\"ImageObject\",\"inLanguage\":\"lt\",\"@id\":\"https:\/\/hobstop.ee\/lt\/#\/schema\/logo\/image\/\",\"url\":\"https:\/\/hobstop.ee\/media\/vunder-logo.png\",\"contentUrl\":\"https:\/\/hobstop.ee\/media\/vunder-logo.png\",\"width\":127,\"height\":55,\"caption\":\"Vunder AS\"},\"image\":{\"@id\":\"https:\/\/hobstop.ee\/lt\/#\/schema\/logo\/image\/\"},\"sameAs\":[\"http:\/\/www.facebook.com\/VunderSkizze\"]}]}<\/script>\n<!-- \/ Yoast SEO plugin. -->","yoast_head_json":{"title":"Pageidavim\u0173 s\u0105ra\u0161as &#8211; Skizze","robots":{"index":"noindex","follow":"follow","max-snippet":"max-snippet:-1","max-image-preview":"max-image-preview:large","max-video-preview":"max-video-preview:-1"},"og_locale":"lt_LT","og_type":"article","og_title":"Pageidavim\u0173 s\u0105ra\u0161as &#8211; Skizze","og_url":"https:\/\/hobstop.ee\/lt\/pageidavimu-sarasas\/","og_site_name":"Skizze","article_publisher":"http:\/\/www.facebook.com\/VunderSkizze","article_modified_time":"2015-07-24T15:19:49+00:00","twitter_card":"summary_large_image","schema":{"@context":"https:\/\/schema.org","@graph":[{"@type":"WebPage","@id":"https:\/\/hobstop.ee\/lt\/pageidavimu-sarasas\/","url":"https:\/\/hobstop.ee\/lt\/pageidavimu-sarasas\/","name":"Pageidavim\u0173 s\u0105ra\u0161as &#8211; Skizze","isPartOf":{"@id":"https:\/\/hobstop.ee\/lt\/#website"},"datePublished":"2014-08-11T12:47:19+00:00","dateModified":"2015-07-24T15:19:49+00:00","breadcrumb":{"@id":"https:\/\/hobstop.ee\/lt\/pageidavimu-sarasas\/#breadcrumb"},"inLanguage":"lt","potentialAction":[{"@type":"ReadAction","target":["https:\/\/hobstop.ee\/lt\/pageidavimu-sarasas\/"]}]},{"@type":"BreadcrumbList","@id":"https:\/\/hobstop.ee\/lt\/pageidavimu-sarasas\/#breadcrumb","itemListElement":[{"@type":"ListItem","position":1,"name":"Avaleht","item":"https:\/\/hobstop.ee\/lt\/"},{"@type":"ListItem","position":2,"name":"Pageidavim\u0173 s\u0105ra\u0161as"}]},{"@type":"WebSite","@id":"https:\/\/hobstop.ee\/lt\/#website","url":"https:\/\/hobstop.ee\/lt\/","name":"Skizze","description":"Dail\u0117s, pom\u0117gi\u0173 ir mokykliniai reikm\u0117nys","publisher":{"@id":"https:\/\/hobstop.ee\/lt\/#organization"},"potentialAction":[{"@type":"SearchAction","target":{"@type":"EntryPoint","urlTemplate":"https:\/\/hobstop.ee\/lt\/?s={search_term_string}"},"query-input":{"@type":"PropertyValueSpecification","valueRequired":true,"valueName":"search_term_string"}}],"inLanguage":"lt"},{"@type":"Organization","@id":"https:\/\/hobstop.ee\/lt\/#organization","name":"Vunder AS","url":"https:\/\/hobstop.ee\/lt\/","logo":{"@type":"ImageObject","inLanguage":"lt","@id":"https:\/\/hobstop.ee\/lt\/#\/schema\/logo\/image\/","url":"https:\/\/hobstop.ee\/media\/vunder-logo.png","contentUrl":"https:\/\/hobstop.ee\/media\/vunder-logo.png","width":127,"height":55,"caption":"Vunder AS"},"image":{"@id":"https:\/\/hobstop.ee\/lt\/#\/schema\/logo\/image\/"},"sameAs":["http:\/\/www.facebook.com\/VunderSkizze"]}]}},"_links":{"self":[{"href":"https:\/\/hobstop.ee\/lt\/wp-json\/wp\/v2\/pages\/138147","targetHints":{"allow":["GET"]}}],"collection":[{"href":"https:\/\/hobstop.ee\/lt\/wp-json\/wp\/v2\/pages"}],"about":[{"href":"https:\/\/hobstop.ee\/lt\/wp-json\/wp\/v2\/types\/page"}],"author":[{"embeddable":true,"href":"https:\/\/hobstop.ee\/lt\/wp-json\/wp\/v2\/users\/1"}],"replies":[{"embeddable":true,"href":"https:\/\/hobstop.ee\/lt\/wp-json\/wp\/v2\/comments?post=138147"}],"version-history":[{"count":1,"href":"https:\/\/hobstop.ee\/lt\/wp-json\/wp\/v2\/pages\/138147\/revisions"}],"predecessor-version":[{"id":138148,"href":"https:\/\/hobstop.ee\/lt\/wp-json\/wp\/v2\/pages\/138147\/revisions\/138148"}],"wp:attachment":[{"href":"https:\/\/hobstop.ee\/lt\/wp-json\/wp\/v2\/media?parent=138147"}],"curies":[{"name":"wp","href":"https:\/\/api.w.org\/{rel}","templated":true}]}}