{"id":238379,"date":"2015-12-15T08:54:10","date_gmt":"2015-12-15T06:54:10","guid":{"rendered":"http:\/\/www.vunder.ee\/lt\/?page_id=238379"},"modified":"2018-12-18T10:51:53","modified_gmt":"2018-12-18T08:51:53","slug":"dovanu-kuponas","status":"publish","type":"page","link":"https:\/\/hobstop.ee\/lt\/dovanu-kuponas\/","title":{"rendered":"Dovan\u0173 kuponas"},"content":{"rendered":"<p style=\"text-align: justify;\">Reikia dovanos brangiam \u017emogui, giminai\u010diui ar draugui? \u201eSkizze\u201c dovan\u0173 kuponas yra puikus pasirinkimas \u2013 kiekvienas meno ir rankdarbi\u0173 myl\u0117tojas Skizze parduotuv\u0117je b\u016btinai atras k\u0105 nors sau tinkamo! Dovan\u0173 kupono sum\u0105 galima pasirinkti (nuo 12 eur\u0173), kuponas galioja dvejus metus nuo \u012fsigijimo dienos. Dovan\u0173 kuponas yra plastikinis, tod\u0117l j\u012f patogu pasiimti, jis yra patvarus. Dovan\u0173 kuponas yra prisegamas prie atviruko, kur\u012f galite pasirinkti su Maria Kristiina-Ulas, Ane Purre, Kaido Ole ar Jiurio Mildelbergo k\u016brini\u0173 reprodukcijom.<\/p>\n<p style=\"text-align: justify;\">Dovan\u0173 kuponu galima apmok\u0117ti pirkin\u012f \u201eSkizze\u201c dail\u0117s reikmen\u0173 parduotuv\u0117je ir e-parduotuv\u0117je.\u00a0Dovan\u0173 kuponu galima apmok\u0117ti pirkin\u012f \u201eSkizze\u201c dail\u0117s reikmen\u0173 parduotuv\u0117je. Dovan\u0173 kuponas \u012f grynus pinigus nekei\u010diamas. Pavogtas ar prarastas dovan\u0173 kuponas nepakei\u010diamas, jo vert\u0117 neatlyginama. Dovan\u0173 kupone nurodyta vert\u0117 yra preki\u0173 \u012fsigijimo vert\u0117.<\/p>\n<div class=\"gallery gallery-238379-1\"><div class=\"row gallery-row\"><div class=\"col-sm-3 col-lg-3\"><a class=\"thumbnail img-thumbnail\" data-rel=\"prettyphoto[gallery]\" href='https:\/\/hobstop.ee\/media\/skizze-giftcard.jpg'><img loading=\"lazy\" decoding=\"async\" width=\"300\" height=\"225\" src=\"https:\/\/hobstop.ee\/media\/skizze-giftcard-300x225.jpg\" class=\"attachment-medium size-medium\" alt=\"\" srcset=\"https:\/\/hobstop.ee\/media\/skizze-giftcard-300x225.jpg 300w, https:\/\/hobstop.ee\/media\/skizze-giftcard-385x289.jpg 385w, https:\/\/hobstop.ee\/media\/skizze-giftcard-700x525.jpg 700w, https:\/\/hobstop.ee\/media\/skizze-giftcard.jpg 1024w, https:\/\/hobstop.ee\/media\/skizze-giftcard-107x80.jpg 107w, https:\/\/hobstop.ee\/media\/skizze-giftcard-213x160.jpg 213w\" sizes=\"auto, (max-width: 300px) 100vw, 300px\" \/><\/a><\/div><div class=\"col-sm-3 col-lg-3\"><a class=\"thumbnail img-thumbnail\" data-rel=\"prettyphoto[gallery]\" href='https:\/\/hobstop.ee\/media\/ole-stilllife.jpg'><img loading=\"lazy\" decoding=\"async\" width=\"300\" height=\"225\" src=\"https:\/\/hobstop.ee\/media\/ole-stilllife-300x225.jpg\" class=\"attachment-medium size-medium\" alt=\"\" srcset=\"https:\/\/hobstop.ee\/media\/ole-stilllife-300x225.jpg 300w, https:\/\/hobstop.ee\/media\/ole-stilllife-385x289.jpg 385w, https:\/\/hobstop.ee\/media\/ole-stilllife-700x525.jpg 700w, https:\/\/hobstop.ee\/media\/ole-stilllife.jpg 1024w, https:\/\/hobstop.ee\/media\/ole-stilllife-107x80.jpg 107w, https:\/\/hobstop.ee\/media\/ole-stilllife-213x160.jpg 213w\" sizes=\"auto, (max-width: 300px) 100vw, 300px\" \/><\/a><\/div><div class=\"col-sm-3 col-lg-3\"><a class=\"thumbnail img-thumbnail\" data-rel=\"prettyphoto[gallery]\" href='https:\/\/hobstop.ee\/media\/ole-rainbow.jpg'><img loading=\"lazy\" decoding=\"async\" width=\"300\" height=\"225\" src=\"https:\/\/hobstop.ee\/media\/ole-rainbow-300x225.jpg\" class=\"attachment-medium size-medium\" alt=\"\" srcset=\"https:\/\/hobstop.ee\/media\/ole-rainbow-300x225.jpg 300w, https:\/\/hobstop.ee\/media\/ole-rainbow-385x289.jpg 385w, https:\/\/hobstop.ee\/media\/ole-rainbow-700x525.jpg 700w, https:\/\/hobstop.ee\/media\/ole-rainbow.jpg 1024w, https:\/\/hobstop.ee\/media\/ole-rainbow-107x80.jpg 107w, https:\/\/hobstop.ee\/media\/ole-rainbow-213x160.jpg 213w\" sizes=\"auto, (max-width: 300px) 100vw, 300px\" \/><\/a><\/div><div class=\"col-sm-3 col-lg-3\"><a class=\"thumbnail img-thumbnail\" data-rel=\"prettyphoto[gallery]\" href='https:\/\/hobstop.ee\/media\/mildeberg-lumememmega.jpg'><img loading=\"lazy\" decoding=\"async\" width=\"300\" height=\"225\" src=\"https:\/\/hobstop.ee\/media\/mildeberg-lumememmega-300x225.jpg\" class=\"attachment-medium size-medium\" alt=\"\" srcset=\"https:\/\/hobstop.ee\/media\/mildeberg-lumememmega-300x225.jpg 300w, https:\/\/hobstop.ee\/media\/mildeberg-lumememmega-385x289.jpg 385w, https:\/\/hobstop.ee\/media\/mildeberg-lumememmega-700x525.jpg 700w, https:\/\/hobstop.ee\/media\/mildeberg-lumememmega.jpg 1024w, https:\/\/hobstop.ee\/media\/mildeberg-lumememmega-107x80.jpg 107w, https:\/\/hobstop.ee\/media\/mildeberg-lumememmega-213x160.jpg 213w\" sizes=\"auto, (max-width: 300px) 100vw, 300px\" \/><\/a><\/div><\/div><div class=\"row gallery-row\"><div class=\"col-sm-3 col-lg-3\"><a class=\"thumbnail img-thumbnail\" data-rel=\"prettyphoto[gallery]\" href='https:\/\/hobstop.ee\/media\/mildeberg-lillega.jpg'><img loading=\"lazy\" decoding=\"async\" width=\"300\" height=\"225\" src=\"https:\/\/hobstop.ee\/media\/mildeberg-lillega-300x225.jpg\" class=\"attachment-medium size-medium\" alt=\"\" srcset=\"https:\/\/hobstop.ee\/media\/mildeberg-lillega-300x225.jpg 300w, https:\/\/hobstop.ee\/media\/mildeberg-lillega-385x289.jpg 385w, https:\/\/hobstop.ee\/media\/mildeberg-lillega-700x525.jpg 700w, https:\/\/hobstop.ee\/media\/mildeberg-lillega.jpg 1024w, https:\/\/hobstop.ee\/media\/mildeberg-lillega-107x80.jpg 107w, https:\/\/hobstop.ee\/media\/mildeberg-lillega-213x160.jpg 213w\" sizes=\"auto, (max-width: 300px) 100vw, 300px\" \/><\/a><\/div><div class=\"col-sm-3 col-lg-3\"><a class=\"thumbnail img-thumbnail\" data-rel=\"prettyphoto[gallery]\" href='https:\/\/hobstop.ee\/media\/purre-vildikafloora.jpg'><img loading=\"lazy\" decoding=\"async\" width=\"300\" height=\"225\" src=\"https:\/\/hobstop.ee\/media\/purre-vildikafloora-300x225.jpg\" class=\"attachment-medium size-medium\" alt=\"\" srcset=\"https:\/\/hobstop.ee\/media\/purre-vildikafloora-300x225.jpg 300w, https:\/\/hobstop.ee\/media\/purre-vildikafloora-385x289.jpg 385w, https:\/\/hobstop.ee\/media\/purre-vildikafloora-700x525.jpg 700w, https:\/\/hobstop.ee\/media\/purre-vildikafloora-768x576.jpg 768w, https:\/\/hobstop.ee\/media\/purre-vildikafloora.jpg 1024w, https:\/\/hobstop.ee\/media\/purre-vildikafloora-107x80.jpg 107w, https:\/\/hobstop.ee\/media\/purre-vildikafloora-213x160.jpg 213w\" sizes=\"auto, (max-width: 300px) 100vw, 300px\" \/><\/a><\/div><div class=\"col-sm-3 col-lg-3\"><a class=\"thumbnail img-thumbnail\" data-rel=\"prettyphoto[gallery]\" href='https:\/\/hobstop.ee\/media\/ulas-ere-meelemaastik.jpg'><img loading=\"lazy\" decoding=\"async\" width=\"300\" height=\"225\" src=\"https:\/\/hobstop.ee\/media\/ulas-ere-meelemaastik-300x225.jpg\" class=\"attachment-medium size-medium\" alt=\"\" srcset=\"https:\/\/hobstop.ee\/media\/ulas-ere-meelemaastik-300x225.jpg 300w, https:\/\/hobstop.ee\/media\/ulas-ere-meelemaastik-385x289.jpg 385w, https:\/\/hobstop.ee\/media\/ulas-ere-meelemaastik-700x525.jpg 700w, https:\/\/hobstop.ee\/media\/ulas-ere-meelemaastik-768x576.jpg 768w, https:\/\/hobstop.ee\/media\/ulas-ere-meelemaastik.jpg 1024w, https:\/\/hobstop.ee\/media\/ulas-ere-meelemaastik-107x80.jpg 107w, https:\/\/hobstop.ee\/media\/ulas-ere-meelemaastik-213x160.jpg 213w\" sizes=\"auto, (max-width: 300px) 100vw, 300px\" \/><\/a><\/div><\/div><\/div>\n","protected":false},"excerpt":{"rendered":"<p>Reikia dovanos brangiam \u017emogui, giminai\u010diui ar draugui? \u201eSkizze\u201c dovan\u0173 kuponas yra puikus pasirinkimas \u2013 kiekvienas meno ir rankdarbi\u0173 myl\u0117tojas Skizze parduotuv\u0117je b\u016btinai atras k\u0105 nors sau tinkamo! Dovan\u0173 kupono sum\u0105 galima pasirinkti (nuo 12 eur\u0173), kuponas galioja dvejus metus nuo \u012fsigijimo dienos. Dovan\u0173 kuponas yra plastikinis, tod\u0117l j\u012f patogu pasiimti, jis yra patvarus. Dovan\u0173 kuponas yra prisegamas prie atviruko, kur\u012f galite pasirinkti su Maria Kristiina-Ulas, Ane Purre, Kaido Ole ar Jiurio Mildelbergo k\u016brini\u0173 reprodukcijom. Dovan\u0173 kuponu galima apmok\u0117ti pirkin\u012f \u201eSkizze\u201c dail\u0117s reikmen\u0173 parduotuv\u0117je ir e-parduotuv\u0117je.\u00a0Dovan\u0173 kuponu galima apmok\u0117ti pirkin\u012f \u201eSkizze\u201c dail\u0117s reikmen\u0173 parduotuv\u0117je. Dovan\u0173 kuponas \u012f grynus pinigus nekei\u010diamas. Pavogtas ar prarastas dovan\u0173 kuponas nepakei\u010diamas, jo vert\u0117 neatlyginama. Dovan\u0173 kupone nurodyta vert\u0117 yra preki\u0173 \u012fsigijimo vert\u0117.<\/p>\n","protected":false},"author":2,"featured_media":0,"parent":0,"menu_order":0,"comment_status":"closed","ping_status":"closed","template":"page-giftcard.php","meta":{"_acf_changed":false,"ep_exclude_from_search":false,"footnotes":""},"class_list":["post-238379","page","type-page","status-publish","hentry"],"acf":[],"yoast_head":"<!-- This site is optimized with the Yoast SEO plugin v24.1 - https:\/\/yoast.com\/wordpress\/plugins\/seo\/ -->\n<title>Dovan\u0173 kuponas - Skizze<\/title>\n<meta name=\"description\" content=\"Reikia dovanos? \u201eSkizze\u201c dovan\u0173 kuponas yra puikus pasirinkimas \u2013 su juo Skizze parduotuv\u0117je b\u016btinai atrasite k\u0105 nors tinkamo!\" \/>\n<meta name=\"robots\" content=\"noindex, follow, max-snippet:-1, max-image-preview:large, max-video-preview:-1\" \/>\n<meta property=\"og:locale\" content=\"lt_LT\" \/>\n<meta property=\"og:type\" content=\"article\" \/>\n<meta property=\"og:title\" content=\"Dovan\u0173 kuponas - Skizze\" \/>\n<meta property=\"og:description\" content=\"Reikia dovanos? \u201eSkizze\u201c dovan\u0173 kuponas yra puikus pasirinkimas \u2013 su juo Skizze parduotuv\u0117je b\u016btinai atrasite k\u0105 nors tinkamo!\" \/>\n<meta property=\"og:url\" content=\"https:\/\/hobstop.ee\/lt\/dovanu-kuponas\/\" \/>\n<meta property=\"og:site_name\" content=\"Skizze\" \/>\n<meta property=\"article:publisher\" content=\"http:\/\/www.facebook.com\/VunderSkizze\" \/>\n<meta property=\"article:modified_time\" content=\"2018-12-18T08:51:53+00:00\" \/>\n<meta property=\"og:image\" content=\"https:\/\/hobstop.ee\/media\/skizze-giftcard-300x225.jpg\" \/>\n<meta name=\"twitter:card\" content=\"summary_large_image\" \/>\n<meta name=\"twitter:label1\" content=\"Est. reading time\" \/>\n\t<meta name=\"twitter:data1\" content=\"1 minute\" \/>\n<script type=\"application\/ld+json\" class=\"yoast-schema-graph\">{\"@context\":\"https:\/\/schema.org\",\"@graph\":[{\"@type\":\"WebPage\",\"@id\":\"https:\/\/hobstop.ee\/lt\/dovanu-kuponas\/\",\"url\":\"https:\/\/hobstop.ee\/lt\/dovanu-kuponas\/\",\"name\":\"Dovan\u0173 kuponas - Skizze\",\"isPartOf\":{\"@id\":\"https:\/\/hobstop.ee\/lt\/#website\"},\"datePublished\":\"2015-12-15T06:54:10+00:00\",\"dateModified\":\"2018-12-18T08:51:53+00:00\",\"description\":\"Reikia dovanos? \u201eSkizze\u201c dovan\u0173 kuponas yra puikus pasirinkimas \u2013 su juo Skizze parduotuv\u0117je b\u016btinai atrasite k\u0105 nors tinkamo!\",\"breadcrumb\":{\"@id\":\"https:\/\/hobstop.ee\/lt\/dovanu-kuponas\/#breadcrumb\"},\"inLanguage\":\"lt\",\"potentialAction\":[{\"@type\":\"ReadAction\",\"target\":[\"https:\/\/hobstop.ee\/lt\/dovanu-kuponas\/\"]}]},{\"@type\":\"BreadcrumbList\",\"@id\":\"https:\/\/hobstop.ee\/lt\/dovanu-kuponas\/#breadcrumb\",\"itemListElement\":[{\"@type\":\"ListItem\",\"position\":1,\"name\":\"Avaleht\",\"item\":\"https:\/\/hobstop.ee\/lt\/\"},{\"@type\":\"ListItem\",\"position\":2,\"name\":\"Dovan\u0173 kuponas\"}]},{\"@type\":\"WebSite\",\"@id\":\"https:\/\/hobstop.ee\/lt\/#website\",\"url\":\"https:\/\/hobstop.ee\/lt\/\",\"name\":\"Skizze\",\"description\":\"Dail\u0117s, pom\u0117gi\u0173 ir mokykliniai reikm\u0117nys\",\"publisher\":{\"@id\":\"https:\/\/hobstop.ee\/lt\/#organization\"},\"potentialAction\":[{\"@type\":\"SearchAction\",\"target\":{\"@type\":\"EntryPoint\",\"urlTemplate\":\"https:\/\/hobstop.ee\/lt\/?s={search_term_string}\"},\"query-input\":{\"@type\":\"PropertyValueSpecification\",\"valueRequired\":true,\"valueName\":\"search_term_string\"}}],\"inLanguage\":\"lt\"},{\"@type\":\"Organization\",\"@id\":\"https:\/\/hobstop.ee\/lt\/#organization\",\"name\":\"Vunder AS\",\"url\":\"https:\/\/hobstop.ee\/lt\/\",\"logo\":{\"@type\":\"ImageObject\",\"inLanguage\":\"lt\",\"@id\":\"https:\/\/hobstop.ee\/lt\/#\/schema\/logo\/image\/\",\"url\":\"https:\/\/hobstop.ee\/media\/vunder-logo.png\",\"contentUrl\":\"https:\/\/hobstop.ee\/media\/vunder-logo.png\",\"width\":127,\"height\":55,\"caption\":\"Vunder AS\"},\"image\":{\"@id\":\"https:\/\/hobstop.ee\/lt\/#\/schema\/logo\/image\/\"},\"sameAs\":[\"http:\/\/www.facebook.com\/VunderSkizze\"]}]}<\/script>\n<!-- \/ Yoast SEO plugin. -->","yoast_head_json":{"title":"Dovan\u0173 kuponas - Skizze","description":"Reikia dovanos? \u201eSkizze\u201c dovan\u0173 kuponas yra puikus pasirinkimas \u2013 su juo Skizze parduotuv\u0117je b\u016btinai atrasite k\u0105 nors tinkamo!","robots":{"index":"noindex","follow":"follow","max-snippet":"max-snippet:-1","max-image-preview":"max-image-preview:large","max-video-preview":"max-video-preview:-1"},"og_locale":"lt_LT","og_type":"article","og_title":"Dovan\u0173 kuponas - Skizze","og_description":"Reikia dovanos? \u201eSkizze\u201c dovan\u0173 kuponas yra puikus pasirinkimas \u2013 su juo Skizze parduotuv\u0117je b\u016btinai atrasite k\u0105 nors tinkamo!","og_url":"https:\/\/hobstop.ee\/lt\/dovanu-kuponas\/","og_site_name":"Skizze","article_publisher":"http:\/\/www.facebook.com\/VunderSkizze","article_modified_time":"2018-12-18T08:51:53+00:00","og_image":[{"url":"https:\/\/hobstop.ee\/media\/skizze-giftcard-300x225.jpg","type":"","width":"","height":""}],"twitter_card":"summary_large_image","twitter_misc":{"Est. reading time":"1 minute"},"schema":{"@context":"https:\/\/schema.org","@graph":[{"@type":"WebPage","@id":"https:\/\/hobstop.ee\/lt\/dovanu-kuponas\/","url":"https:\/\/hobstop.ee\/lt\/dovanu-kuponas\/","name":"Dovan\u0173 kuponas - Skizze","isPartOf":{"@id":"https:\/\/hobstop.ee\/lt\/#website"},"datePublished":"2015-12-15T06:54:10+00:00","dateModified":"2018-12-18T08:51:53+00:00","description":"Reikia dovanos? \u201eSkizze\u201c dovan\u0173 kuponas yra puikus pasirinkimas \u2013 su juo Skizze parduotuv\u0117je b\u016btinai atrasite k\u0105 nors tinkamo!","breadcrumb":{"@id":"https:\/\/hobstop.ee\/lt\/dovanu-kuponas\/#breadcrumb"},"inLanguage":"lt","potentialAction":[{"@type":"ReadAction","target":["https:\/\/hobstop.ee\/lt\/dovanu-kuponas\/"]}]},{"@type":"BreadcrumbList","@id":"https:\/\/hobstop.ee\/lt\/dovanu-kuponas\/#breadcrumb","itemListElement":[{"@type":"ListItem","position":1,"name":"Avaleht","item":"https:\/\/hobstop.ee\/lt\/"},{"@type":"ListItem","position":2,"name":"Dovan\u0173 kuponas"}]},{"@type":"WebSite","@id":"https:\/\/hobstop.ee\/lt\/#website","url":"https:\/\/hobstop.ee\/lt\/","name":"Skizze","description":"Dail\u0117s, pom\u0117gi\u0173 ir mokykliniai reikm\u0117nys","publisher":{"@id":"https:\/\/hobstop.ee\/lt\/#organization"},"potentialAction":[{"@type":"SearchAction","target":{"@type":"EntryPoint","urlTemplate":"https:\/\/hobstop.ee\/lt\/?s={search_term_string}"},"query-input":{"@type":"PropertyValueSpecification","valueRequired":true,"valueName":"search_term_string"}}],"inLanguage":"lt"},{"@type":"Organization","@id":"https:\/\/hobstop.ee\/lt\/#organization","name":"Vunder AS","url":"https:\/\/hobstop.ee\/lt\/","logo":{"@type":"ImageObject","inLanguage":"lt","@id":"https:\/\/hobstop.ee\/lt\/#\/schema\/logo\/image\/","url":"https:\/\/hobstop.ee\/media\/vunder-logo.png","contentUrl":"https:\/\/hobstop.ee\/media\/vunder-logo.png","width":127,"height":55,"caption":"Vunder AS"},"image":{"@id":"https:\/\/hobstop.ee\/lt\/#\/schema\/logo\/image\/"},"sameAs":["http:\/\/www.facebook.com\/VunderSkizze"]}]}},"_links":{"self":[{"href":"https:\/\/hobstop.ee\/lt\/wp-json\/wp\/v2\/pages\/238379","targetHints":{"allow":["GET"]}}],"collection":[{"href":"https:\/\/hobstop.ee\/lt\/wp-json\/wp\/v2\/pages"}],"about":[{"href":"https:\/\/hobstop.ee\/lt\/wp-json\/wp\/v2\/types\/page"}],"author":[{"embeddable":true,"href":"https:\/\/hobstop.ee\/lt\/wp-json\/wp\/v2\/users\/2"}],"replies":[{"embeddable":true,"href":"https:\/\/hobstop.ee\/lt\/wp-json\/wp\/v2\/comments?post=238379"}],"version-history":[{"count":13,"href":"https:\/\/hobstop.ee\/lt\/wp-json\/wp\/v2\/pages\/238379\/revisions"}],"predecessor-version":[{"id":330915,"href":"https:\/\/hobstop.ee\/lt\/wp-json\/wp\/v2\/pages\/238379\/revisions\/330915"}],"wp:attachment":[{"href":"https:\/\/hobstop.ee\/lt\/wp-json\/wp\/v2\/media?parent=238379"}],"curies":[{"name":"wp","href":"https:\/\/api.w.org\/{rel}","templated":true}]}}