{"id":311863,"date":"2018-06-25T09:08:54","date_gmt":"2018-06-25T06:08:54","guid":{"rendered":"https:\/\/sharks.ee\/vunder_2019\/lt\/?page_id=311863"},"modified":"2018-06-25T09:08:54","modified_gmt":"2018-06-25T06:08:54","slug":"privatumo-politika","status":"publish","type":"page","link":"https:\/\/hobstop.ee\/lt\/privatumo-politika\/","title":{"rendered":"Privatumo politika"},"content":{"rendered":"<p style=\"text-align: justify;\">U\u017e asmens duomen\u0173 tvarkym\u0105 atsakingas asmuo: \u201eAS Vunder\u201c (registro kodas 10324324) buvein\u0117: Pirni 7, Talinas, tel.: +372 65 64 003, el. pa\u0161tas: <a href=\"mailto:info@sharks.ee\" target=\"_blank\">info@sharks.ee<\/a>.<\/p>\n<hr \/>\n<h2 style=\"text-align: justify;\">Kokie asmens duomenys yra tvarkomi<\/h2>\n<ul style=\"text-align: justify;\">\n<li>vardas ir pavard\u0117, telefono numeris ir el. pa\u0161tas;<\/li>\n<li>preki\u0173 pristatymo adresas;<\/li>\n<li>banko s\u0105skaitos numeris;<\/li>\n<li>preki\u0173 ir paslaug\u0173 kaina ir su mok\u0117jimu susij\u0119 duomenys (pirkim\u0173 istorija);<\/li>\n<li>klient\u0173 aptarnavimo duomenys.<\/li>\n<\/ul>\n<hr \/>\n<h2 style=\"text-align: justify;\">Kokiu tikslu asmens duomenys yra tvarkomi<\/h2>\n<p style=\"text-align: justify;\">Asmens duomenys yra naudojami kliento u\u017esakymui administruoti ir prek\u0117ms pristatyti.<\/p>\n<p style=\"text-align: justify;\">Pirkimo istorijos duomenys (pirkimo data, prek\u0117, kiekis, kliento duomenys) yra naudojami nupirkt\u0173 preki\u0173 ir paslaug\u0173 ap\u017evalgai parengti bei klient\u0173 poreiki\u0173 analizei.<\/p>\n<p style=\"text-align: justify;\">Banko s\u0105skaitos numeris yra naudojamas klient\u0173 mok\u0117jim\u0173 gr\u0105\u017einimui.<\/p>\n<p style=\"text-align: justify;\">Asmens duomenys, pavyzd\u017eiui, el. pa\u0161to adresas, telefono numeris, kliento vardas ir pavard\u0117 yra tvarkomi su tikslu spr\u0119sti su prek\u0117mis ir paslaugomis susijusiems klausimams (klient\u0173 aptarnavimas).<\/p>\n<p style=\"text-align: justify;\">Interneto parduotuv\u0117s naudotojo IP adresas ir kiti tinklo indikatoriai yra tvarkomi su tikslu interneto parduotuv\u0117s, kaip informacin\u0117s erdv\u0117s, paslaugoms teikti ir tinklo naudojimo statistikai atlikti.<\/p>\n<hr \/>\n<h2 style=\"text-align: justify;\">Teisinis pagrindas<\/h2>\n<p>Asmens duomen\u0173 tvarkymas atliekamas su tikslu vykdyti su klientu sudaryt\u0105 sutart\u012f.<\/p>\n<p>Asmens duomen\u0173 tvarkymas atliekamas teisiniams \u012fsipareigojimams vykdyti (pavyzd\u017eiui, gin\u010d\u0173, susijusi\u0173 su buhalterine apskaita ir vartotoj\u0173 skundams spr\u0119sti).<\/p>\n<hr \/>\n<h2 style=\"text-align: justify;\">Subjektai, kuriems duomenys yra perduodamia<\/h2>\n<p style=\"text-align: justify;\">Asmens duomenys perduodami interneto parduotuv\u0117s klient\u0173 aptarnavimo skyriui pirkiniams ir pirkimo istorijai administruoti bei klient\u0173 problemoms spr\u0119sti.<\/p>\n<p style=\"text-align: justify;\">Vardas, pavard\u0117, telefono numeris ir el. pa\u0161to adresas yra perduodami kliento pasirinktam transporto paslaug\u0173 teik\u0117jui. Jeigu prekes pristato kurjeris, be kliento duomen\u0173 yra perduodamas ir kliento adresas.<\/p>\n<p style=\"text-align: justify;\">Jeigu interneto parduotuv\u0117s buhalterin\u0119 apskait\u0105 tvarko paslaug\u0173 teik\u0117jas, asmens duomenys yra perduodami paslaug\u0173 teik\u0117jui su tikslu atlikti buhalterin\u0119 apskait\u0105.<\/p>\n<p style=\"text-align: justify;\">Asmens duomenys gali b\u016bti perduodami informacini\u0173 technologini\u0173 paslaug\u0173 teik\u0117jui, jeigu j\u0173 reikia interneto parduotuv\u0117s funkcionalumui arba duomen\u0173 saugojimo u\u017etikrinimui.<\/p>\n<hr \/>\n<h2 style=\"text-align: justify;\">Apsauga ir prieiga prie duomen\u0173<\/h2>\n<p style=\"text-align: justify;\">Asmens duomenys yra laikomi virtualiuose ir priva\u010diuose serveriuose, kurie yra Europos S\u0105jungos \u0161ali\u0173 nari\u0173 arba prie Europos S\u0105jungos ekonomin\u0117s erdv\u0117s prisijungusi\u0173 \u0161ali\u0173 teritorijoje. Duomenys gali b\u016bti perduodami \u0161alims, kuri\u0173 Europos Komisija duomen\u0173 apsaugos lyg\u012f yra \u012fvertinusi kaip pakankam\u0105 ir JAV \u012fmon\u0117ms, kurios yra prisijungusios prie \u201ePrivatumo skydo\u201c (Privacy Shield) politikos.<\/p>\n<p style=\"text-align: justify;\">Prieig\u0105 prie asmens duomen\u0173 turi interneto parduotuv\u0117s darbuotojai, kurie su asmens duomenimis gali susipa\u017einti spr\u0119sdami su interneto parduotuv\u0117s naudojimu susijusius techninius klausimus ir teikti klient\u0173 aptarnavimo paslaugas.<\/p>\n<p style=\"text-align: justify;\">Interneto parduotuv\u0117 taiko reikiamas fizines, organizacines ir informacini\u0173 technologij\u0173 apsaugos priemones su tikslu saugoti asmens duomenis nuo atsitiktinio arba neteis\u0117to sunaikinimo, praradimo, pakeitimo arba neteis\u0117tos prieigos ir pavie\u0161inimo.<\/p>\n<p style=\"text-align: justify;\">Asmens duomenys \u012fgaliotiems interneto parduotuv\u0117s darbuotojams (pavyzd\u017eiui, transporto paslaug\u0173 teik\u0117jams ir duomen\u0173 saugotojams) perduodami interneto parduotuv\u0117s su \u012fgaliotais darbuotojais sudaryt\u0173 sutar\u010di\u0173 pagrindu. Tvarkydami asmens duomenis \u012fgalioti darbuotojai privalo u\u017etikrinti tinkamas apsaugos priemones.<\/p>\n<hr \/>\n<h2 style=\"text-align: justify;\">Susipa\u017einimas su savo asmens duomenimis ir j\u0173 pataisymas<\/h2>\n<p style=\"text-align: justify;\">Su asmens duomenimis galima susipa\u017einti ir juos pataisyti interneto parduotuv\u0117s naudotojo profilyje. Jeigu pirkimas padarytas nesuk\u016brus naudotojo paskyros, su asmens duomenimis galima susipa\u017einti klient\u0173 aptarnavimo skyriuje.<\/p>\n<hr \/>\n<h2 style=\"text-align: justify;\">Sutikimo atsi\u0117mimas<\/h2>\n<p style=\"text-align: justify;\">Jeigu asmens duomenys yra tvarkomi kliento sutikimo pagrindu, klientas turi teis\u0119 atsiimti sutikim\u0105, apie tai prane\u0161damas klient\u0173 aptarnavimo skyriui el. pa\u0161tu.<\/p>\n<hr \/>\n<h2 style=\"text-align: justify;\">Saugojimas<\/h2>\n<p style=\"text-align: justify;\">U\u017edarant interneto parduotuv\u0117s kliento paskyr\u0105, asmens duomenys yra i\u0161trinami, i\u0161skyrus tuomet, jeigu jie turi b\u016bti saugomi buhalterin\u0117s apskaitos tikslais arba vartotoj\u0173 gin\u010dams spr\u0119sti.<\/p>\n<p style=\"text-align: justify;\">Jeigu prek\u0117 interneto parduotuv\u0117je buvo \u012fsigyta nesuk\u016brus vartotojo paskyros, pirkim\u0173 istorija yra saugoma trejus metus.<\/p>\n<p style=\"text-align: justify;\">Su mok\u0117jim\u0173 ir vartotoj\u0173 gin\u010dais susij\u0119 asmens duomenys yra saugojami iki kol reikalavimas bus patenkintas arba iki senaties termino.<\/p>\n<p style=\"text-align: justify;\">Buhalterinei apskaitai reikalingi duomenys yra saugomi septynerius metus.<\/p>\n<hr \/>\n<h2 style=\"text-align: justify;\">Pa\u0161alinimas<\/h2>\n<p style=\"text-align: justify;\">Norint i\u0161trinti asmens duomenis reikia susisiekti su klient\u0173 aptarnavimo skyriumi el. pa\u0161tu. Pra\u0161ymas d\u0117l duomen\u0173 i\u0161trynimo per\u017ei\u016brimas ne v\u0117liau kaip per m\u0117nes\u012f ir patikslinamas duomen\u0173 i\u0161trynimo laikotarpis.<\/p>\n<hr \/>\n<h2 style=\"text-align: justify;\">Perk\u0117limas<\/h2>\n<p style=\"text-align: justify;\">\u012e el. pa\u0161tu pateikt\u0105 pra\u0161ym\u0105 d\u0117l duomen\u0173 perk\u0117limo atsakoma ne v\u0117liau kaip per m\u0117nes\u012f. Klient\u0173 aptarnavimo skyrius nustato asmens tapatyb\u0119 ir prane\u0161a apie perkeliamus asmens duomenis.<\/p>\n<hr \/>\n<h2 style=\"text-align: justify;\">Tiesiogin\u0117s rinkodaros prane\u0161imai<\/h2>\n<p style=\"text-align: justify;\">El. pa\u0161to adresas ir telefono numeris yra naudojamas tiesiogin\u0117s rinkodaros prane\u0161imams si\u0173sti (jeigu klientas yra dav\u0119s atitinkam\u0105 sutikim\u0105). Jeigu klientas nepageidauja gauti tiesiogin\u0117s rinkodaros prane\u0161im\u0173, jis gali pasirinkti el. lai\u0161ko apa\u010dioje esan\u010di\u0105 nuorod\u0105 arba susisiekti su klient\u0173 aptarnavimo skyriumi.<\/p>\n<hr \/>\n<h2 style=\"text-align: justify;\">Slapuk\u0173 naudojimas<\/h2>\n<p style=\"text-align: justify;\">Svetain\u0117je yra naudojami slapukai. Slapukas yra nedidel\u0117 tekstin\u0117 rinkmena, kuri\u0105 naudotojo kompiuteryje interneto nar\u0161ykl\u0117 i\u0161saugo automati\u0161kai. Slapukai yra naudojami informacijai apie tai, kaip naudotojas naudoja interneto puslapius, rinkti su tikslu pasi\u016blyti naudotojui geresn\u012f nar\u0161ymo patyrim\u0105.<\/p>\n<p style=\"text-align: justify;\">Interneto svetain\u0117je yra naudojami \u0161ie slapukai:<\/p>\n<ul style=\"text-align: justify;\">\n<li>seanso slapukai, kuri\u0173 tikslas yra suteikti galimyb\u0119 naudoti interneto svetain\u0119;<\/li>\n<li>nuolatiniai slapukai, kuri\u0173 tikslas yra i\u0161saugoti kliento pasirinkimus interneto svetain\u0117je;<\/li>\n<li>pirmosios ir (arba) tre\u010diosios \u0161alies slapukai, kuri\u0173 tikslas yra rodyti naudotojui tinkam\u0105 reklam\u0105 ir pasi\u016blymus;<\/li>\n<li>tre\u010diosios \u0161alies analiz\u0117s slapukai, kuri\u0173 tikslas yra rinkodaros ry\u0161i\u0173 optimizavimas.<\/li>\n<\/ul>\n<p style=\"text-align: justify;\">Naudotojas jo \u012frangoje i\u0161saugotus slapukus gali i\u0161trinti ir (arba) u\u017eblokuoti naudodamas atitinkamas savo interneto nar\u0161ykl\u0117s parinktis. Jeigu slapukai nebus naudojami, interneto svetain\u0117 gali tinkamai neveikti ir (arba) dalis funkcij\u0173 bus nepasiekiamos naudotojui.<\/p>\n<p style=\"text-align: justify;\">Be analiz\u0117s slapuk\u0173, interneto svetain\u0117se yra naudojami ir tinklo duomen\u0173 rink\u0117jai (pixel tags, web-beacons), kuriais yra stebimas interneto svetain\u0117s naudojimas. Naudojant min\u0117tus slapukus asmens tapatyb\u0117s nustatymo duomenys n\u0117ra apdorojami.<\/p>\n<hr \/>\n<h2 style=\"text-align: justify;\">Gin\u010d\u0173 sprendimas<\/h2>\n<p style=\"text-align: justify;\">Su asmens duomen\u0173 apsauga susij\u0119 gin\u010dai yra sprend\u017eiami tarpininkaujant klient\u0173 aptarnavimo skyriui (tel.:\u00a0+370 65 596 273 arba el. pa\u0161tas:\u00a0<a href=\"mailto:lietuva@vunder.eu\" target=\"_blank\">lietuva@vunder.eu<\/a>). Prie\u017ei\u016bros organizacija: Estijos duomen\u0173 apsaugos inspekcija (<a href=\"mailto:info@aki.ee\" target=\"_blank\">info@aki.ee<\/a>).<\/p>\n","protected":false},"excerpt":{"rendered":"<p>U\u017e asmens duomen\u0173 tvarkym\u0105 atsakingas asmuo: \u201eAS Vunder\u201c (registro kodas 10324324) buvein\u0117: Pirni 7, Talinas, tel.: +372 65 64 003, el. pa\u0161tas: info@sharks.ee. Kokie asmens duomenys yra tvarkomi vardas ir pavard\u0117, telefono numeris ir el. pa\u0161tas; preki\u0173 pristatymo adresas; banko s\u0105skaitos numeris; preki\u0173 ir paslaug\u0173 kaina ir su mok\u0117jimu susij\u0119 duomenys (pirkim\u0173 istorija); klient\u0173 aptarnavimo duomenys. Kokiu tikslu asmens duomenys yra tvarkomi Asmens duomenys yra naudojami kliento u\u017esakymui administruoti ir prek\u0117ms pristatyti. Pirkimo istorijos duomenys (pirkimo data, prek\u0117, kiekis, kliento duomenys) yra naudojami nupirkt\u0173 preki\u0173 ir paslaug\u0173 ap\u017evalgai parengti bei klient\u0173 poreiki\u0173 analizei. Banko s\u0105skaitos numeris yra naudojamas klient\u0173 mok\u0117jim\u0173 gr\u0105\u017einimui. Asmens duomenys, pavyzd\u017eiui, el. pa\u0161to adresas, telefono numeris, kliento vardas ir pavard\u0117 yra tvarkomi su tikslu spr\u0119sti su prek\u0117mis ir paslaugomis susijusiems klausimams (klient\u0173 aptarnavimas). Interneto parduotuv\u0117s naudotojo IP adresas ir kiti tinklo indikatoriai yra tvarkomi su tikslu interneto parduotuv\u0117s, kaip informacin\u0117s erdv\u0117s, paslaugoms teikti ir tinklo naudojimo statistikai atlikti. Teisinis pagrindas Asmens duomen\u0173 tvarkymas atliekamas su tikslu vykdyti su klientu sudaryt\u0105 sutart\u012f. Asmens duomen\u0173 tvarkymas atliekamas teisiniams \u012fsipareigojimams vykdyti (pavyzd\u017eiui, gin\u010d\u0173, susijusi\u0173 su buhalterine apskaita ir vartotoj\u0173 skundams spr\u0119sti). Subjektai, kuriems duomenys yra perduodamia Asmens duomenys perduodami interneto parduotuv\u0117s klient\u0173 aptarnavimo skyriui pirkiniams ir pirkimo istorijai administruoti bei &hellip; <a href=\"https:\/\/hobstop.ee\/lt\/privatumo-politika\/\">T\u0119sinys<\/a><\/p>\n","protected":false},"author":2,"featured_media":0,"parent":0,"menu_order":0,"comment_status":"closed","ping_status":"closed","template":"","meta":{"_acf_changed":false,"ep_exclude_from_search":false,"footnotes":""},"class_list":["post-311863","page","type-page","status-publish","hentry"],"acf":[],"yoast_head":"<!-- This site is optimized with the Yoast SEO plugin v24.1 - https:\/\/yoast.com\/wordpress\/plugins\/seo\/ -->\n<title>Privatumo politika &#8211; Skizze<\/title>\n<meta name=\"robots\" content=\"noindex, follow, max-snippet:-1, max-image-preview:large, max-video-preview:-1\" \/>\n<meta property=\"og:locale\" content=\"lt_LT\" \/>\n<meta property=\"og:type\" content=\"article\" \/>\n<meta property=\"og:title\" content=\"Privatumo politika &#8211; Skizze\" \/>\n<meta property=\"og:description\" content=\"U\u017e asmens duomen\u0173 tvarkym\u0105 atsakingas asmuo: \u201eAS Vunder\u201c (registro kodas 10324324) buvein\u0117: Pirni 7, Talinas, tel.: +372 65 64 003, el. pa\u0161tas: info@sharks.ee. Kokie asmens duomenys yra tvarkomi vardas ir pavard\u0117, telefono numeris ir el. pa\u0161tas; preki\u0173 pristatymo adresas; banko s\u0105skaitos numeris; preki\u0173 ir paslaug\u0173 kaina ir su mok\u0117jimu susij\u0119 duomenys (pirkim\u0173 istorija); klient\u0173 aptarnavimo duomenys. Kokiu tikslu asmens duomenys yra tvarkomi Asmens duomenys yra naudojami kliento u\u017esakymui administruoti ir prek\u0117ms pristatyti. Pirkimo istorijos duomenys (pirkimo data, prek\u0117, kiekis, kliento duomenys) yra naudojami nupirkt\u0173 preki\u0173 ir paslaug\u0173 ap\u017evalgai parengti bei klient\u0173 poreiki\u0173 analizei. Banko s\u0105skaitos numeris yra naudojamas klient\u0173 mok\u0117jim\u0173 gr\u0105\u017einimui. Asmens duomenys, pavyzd\u017eiui, el. pa\u0161to adresas, telefono numeris, kliento vardas ir pavard\u0117 yra tvarkomi su tikslu spr\u0119sti su prek\u0117mis ir paslaugomis susijusiems klausimams (klient\u0173 aptarnavimas). Interneto parduotuv\u0117s naudotojo IP adresas ir kiti tinklo indikatoriai yra tvarkomi su tikslu interneto parduotuv\u0117s, kaip informacin\u0117s erdv\u0117s, paslaugoms teikti ir tinklo naudojimo statistikai atlikti. Teisinis pagrindas Asmens duomen\u0173 tvarkymas atliekamas su tikslu vykdyti su klientu sudaryt\u0105 sutart\u012f. Asmens duomen\u0173 tvarkymas atliekamas teisiniams \u012fsipareigojimams vykdyti (pavyzd\u017eiui, gin\u010d\u0173, susijusi\u0173 su buhalterine apskaita ir vartotoj\u0173 skundams spr\u0119sti). Subjektai, kuriems duomenys yra perduodamia Asmens duomenys perduodami interneto parduotuv\u0117s klient\u0173 aptarnavimo skyriui pirkiniams ir pirkimo istorijai administruoti bei &hellip; T\u0119sinys\" \/>\n<meta property=\"og:url\" content=\"https:\/\/hobstop.ee\/lt\/privatumo-politika\/\" \/>\n<meta property=\"og:site_name\" content=\"Skizze\" \/>\n<meta property=\"article:publisher\" content=\"http:\/\/www.facebook.com\/VunderSkizze\" \/>\n<meta name=\"twitter:card\" content=\"summary_large_image\" \/>\n<meta name=\"twitter:label1\" content=\"Est. reading time\" \/>\n\t<meta name=\"twitter:data1\" content=\"5 minutes\" \/>\n<script type=\"application\/ld+json\" class=\"yoast-schema-graph\">{\"@context\":\"https:\/\/schema.org\",\"@graph\":[{\"@type\":\"WebPage\",\"@id\":\"https:\/\/hobstop.ee\/lt\/privatumo-politika\/\",\"url\":\"https:\/\/hobstop.ee\/lt\/privatumo-politika\/\",\"name\":\"Privatumo politika &#8211; Skizze\",\"isPartOf\":{\"@id\":\"https:\/\/hobstop.ee\/lt\/#website\"},\"datePublished\":\"2018-06-25T06:08:54+00:00\",\"dateModified\":\"2018-06-25T06:08:54+00:00\",\"breadcrumb\":{\"@id\":\"https:\/\/hobstop.ee\/lt\/privatumo-politika\/#breadcrumb\"},\"inLanguage\":\"lt\",\"potentialAction\":[{\"@type\":\"ReadAction\",\"target\":[\"https:\/\/hobstop.ee\/lt\/privatumo-politika\/\"]}]},{\"@type\":\"BreadcrumbList\",\"@id\":\"https:\/\/hobstop.ee\/lt\/privatumo-politika\/#breadcrumb\",\"itemListElement\":[{\"@type\":\"ListItem\",\"position\":1,\"name\":\"Avaleht\",\"item\":\"https:\/\/hobstop.ee\/lt\/\"},{\"@type\":\"ListItem\",\"position\":2,\"name\":\"Privatumo politika\"}]},{\"@type\":\"WebSite\",\"@id\":\"https:\/\/hobstop.ee\/lt\/#website\",\"url\":\"https:\/\/hobstop.ee\/lt\/\",\"name\":\"Skizze\",\"description\":\"Dail\u0117s, pom\u0117gi\u0173 ir mokykliniai reikm\u0117nys\",\"publisher\":{\"@id\":\"https:\/\/hobstop.ee\/lt\/#organization\"},\"potentialAction\":[{\"@type\":\"SearchAction\",\"target\":{\"@type\":\"EntryPoint\",\"urlTemplate\":\"https:\/\/hobstop.ee\/lt\/?s={search_term_string}\"},\"query-input\":{\"@type\":\"PropertyValueSpecification\",\"valueRequired\":true,\"valueName\":\"search_term_string\"}}],\"inLanguage\":\"lt\"},{\"@type\":\"Organization\",\"@id\":\"https:\/\/hobstop.ee\/lt\/#organization\",\"name\":\"Vunder AS\",\"url\":\"https:\/\/hobstop.ee\/lt\/\",\"logo\":{\"@type\":\"ImageObject\",\"inLanguage\":\"lt\",\"@id\":\"https:\/\/hobstop.ee\/lt\/#\/schema\/logo\/image\/\",\"url\":\"https:\/\/hobstop.ee\/media\/vunder-logo.png\",\"contentUrl\":\"https:\/\/hobstop.ee\/media\/vunder-logo.png\",\"width\":127,\"height\":55,\"caption\":\"Vunder AS\"},\"image\":{\"@id\":\"https:\/\/hobstop.ee\/lt\/#\/schema\/logo\/image\/\"},\"sameAs\":[\"http:\/\/www.facebook.com\/VunderSkizze\"]}]}<\/script>\n<!-- \/ Yoast SEO plugin. -->","yoast_head_json":{"title":"Privatumo politika &#8211; Skizze","robots":{"index":"noindex","follow":"follow","max-snippet":"max-snippet:-1","max-image-preview":"max-image-preview:large","max-video-preview":"max-video-preview:-1"},"og_locale":"lt_LT","og_type":"article","og_title":"Privatumo politika &#8211; Skizze","og_description":"U\u017e asmens duomen\u0173 tvarkym\u0105 atsakingas asmuo: \u201eAS Vunder\u201c (registro kodas 10324324) buvein\u0117: Pirni 7, Talinas, tel.: +372 65 64 003, el. pa\u0161tas: info@sharks.ee. Kokie asmens duomenys yra tvarkomi vardas ir pavard\u0117, telefono numeris ir el. pa\u0161tas; preki\u0173 pristatymo adresas; banko s\u0105skaitos numeris; preki\u0173 ir paslaug\u0173 kaina ir su mok\u0117jimu susij\u0119 duomenys (pirkim\u0173 istorija); klient\u0173 aptarnavimo duomenys. Kokiu tikslu asmens duomenys yra tvarkomi Asmens duomenys yra naudojami kliento u\u017esakymui administruoti ir prek\u0117ms pristatyti. Pirkimo istorijos duomenys (pirkimo data, prek\u0117, kiekis, kliento duomenys) yra naudojami nupirkt\u0173 preki\u0173 ir paslaug\u0173 ap\u017evalgai parengti bei klient\u0173 poreiki\u0173 analizei. Banko s\u0105skaitos numeris yra naudojamas klient\u0173 mok\u0117jim\u0173 gr\u0105\u017einimui. Asmens duomenys, pavyzd\u017eiui, el. pa\u0161to adresas, telefono numeris, kliento vardas ir pavard\u0117 yra tvarkomi su tikslu spr\u0119sti su prek\u0117mis ir paslaugomis susijusiems klausimams (klient\u0173 aptarnavimas). Interneto parduotuv\u0117s naudotojo IP adresas ir kiti tinklo indikatoriai yra tvarkomi su tikslu interneto parduotuv\u0117s, kaip informacin\u0117s erdv\u0117s, paslaugoms teikti ir tinklo naudojimo statistikai atlikti. Teisinis pagrindas Asmens duomen\u0173 tvarkymas atliekamas su tikslu vykdyti su klientu sudaryt\u0105 sutart\u012f. Asmens duomen\u0173 tvarkymas atliekamas teisiniams \u012fsipareigojimams vykdyti (pavyzd\u017eiui, gin\u010d\u0173, susijusi\u0173 su buhalterine apskaita ir vartotoj\u0173 skundams spr\u0119sti). Subjektai, kuriems duomenys yra perduodamia Asmens duomenys perduodami interneto parduotuv\u0117s klient\u0173 aptarnavimo skyriui pirkiniams ir pirkimo istorijai administruoti bei &hellip; T\u0119sinys","og_url":"https:\/\/hobstop.ee\/lt\/privatumo-politika\/","og_site_name":"Skizze","article_publisher":"http:\/\/www.facebook.com\/VunderSkizze","twitter_card":"summary_large_image","twitter_misc":{"Est. reading time":"5 minutes"},"schema":{"@context":"https:\/\/schema.org","@graph":[{"@type":"WebPage","@id":"https:\/\/hobstop.ee\/lt\/privatumo-politika\/","url":"https:\/\/hobstop.ee\/lt\/privatumo-politika\/","name":"Privatumo politika &#8211; Skizze","isPartOf":{"@id":"https:\/\/hobstop.ee\/lt\/#website"},"datePublished":"2018-06-25T06:08:54+00:00","dateModified":"2018-06-25T06:08:54+00:00","breadcrumb":{"@id":"https:\/\/hobstop.ee\/lt\/privatumo-politika\/#breadcrumb"},"inLanguage":"lt","potentialAction":[{"@type":"ReadAction","target":["https:\/\/hobstop.ee\/lt\/privatumo-politika\/"]}]},{"@type":"BreadcrumbList","@id":"https:\/\/hobstop.ee\/lt\/privatumo-politika\/#breadcrumb","itemListElement":[{"@type":"ListItem","position":1,"name":"Avaleht","item":"https:\/\/hobstop.ee\/lt\/"},{"@type":"ListItem","position":2,"name":"Privatumo politika"}]},{"@type":"WebSite","@id":"https:\/\/hobstop.ee\/lt\/#website","url":"https:\/\/hobstop.ee\/lt\/","name":"Skizze","description":"Dail\u0117s, pom\u0117gi\u0173 ir mokykliniai reikm\u0117nys","publisher":{"@id":"https:\/\/hobstop.ee\/lt\/#organization"},"potentialAction":[{"@type":"SearchAction","target":{"@type":"EntryPoint","urlTemplate":"https:\/\/hobstop.ee\/lt\/?s={search_term_string}"},"query-input":{"@type":"PropertyValueSpecification","valueRequired":true,"valueName":"search_term_string"}}],"inLanguage":"lt"},{"@type":"Organization","@id":"https:\/\/hobstop.ee\/lt\/#organization","name":"Vunder AS","url":"https:\/\/hobstop.ee\/lt\/","logo":{"@type":"ImageObject","inLanguage":"lt","@id":"https:\/\/hobstop.ee\/lt\/#\/schema\/logo\/image\/","url":"https:\/\/hobstop.ee\/media\/vunder-logo.png","contentUrl":"https:\/\/hobstop.ee\/media\/vunder-logo.png","width":127,"height":55,"caption":"Vunder AS"},"image":{"@id":"https:\/\/hobstop.ee\/lt\/#\/schema\/logo\/image\/"},"sameAs":["http:\/\/www.facebook.com\/VunderSkizze"]}]}},"_links":{"self":[{"href":"https:\/\/hobstop.ee\/lt\/wp-json\/wp\/v2\/pages\/311863","targetHints":{"allow":["GET"]}}],"collection":[{"href":"https:\/\/hobstop.ee\/lt\/wp-json\/wp\/v2\/pages"}],"about":[{"href":"https:\/\/hobstop.ee\/lt\/wp-json\/wp\/v2\/types\/page"}],"author":[{"embeddable":true,"href":"https:\/\/hobstop.ee\/lt\/wp-json\/wp\/v2\/users\/2"}],"replies":[{"embeddable":true,"href":"https:\/\/hobstop.ee\/lt\/wp-json\/wp\/v2\/comments?post=311863"}],"version-history":[{"count":1,"href":"https:\/\/hobstop.ee\/lt\/wp-json\/wp\/v2\/pages\/311863\/revisions"}],"predecessor-version":[{"id":311864,"href":"https:\/\/hobstop.ee\/lt\/wp-json\/wp\/v2\/pages\/311863\/revisions\/311864"}],"wp:attachment":[{"href":"https:\/\/hobstop.ee\/lt\/wp-json\/wp\/v2\/media?parent=311863"}],"curies":[{"name":"wp","href":"https:\/\/api.w.org\/{rel}","templated":true}]}}