{"id":63845,"date":"2014-11-21T10:55:48","date_gmt":"2014-11-21T08:55:48","guid":{"rendered":"https:\/\/sharks.ee\/vunder_2019.klient.veebimajutus.ee\/?page_id=63845"},"modified":"2017-10-12T09:33:41","modified_gmt":"2017-10-12T06:33:41","slug":"apie-mus","status":"publish","type":"page","link":"https:\/\/hobstop.ee\/lt\/apie-mus\/","title":{"rendered":"Apie mus"},"content":{"rendered":"<p><img loading=\"lazy\" decoding=\"async\" class=\"alignright wp-image-274818\" src=\"https:\/\/hobstop.ee\/media\/logo-vunder-1.png\" alt=\"\" width=\"126\" height=\"47\" srcset=\"https:\/\/hobstop.ee\/media\/logo-vunder-1.png 150w, https:\/\/hobstop.ee\/media\/logo-vunder-1-148x56.png 148w, https:\/\/hobstop.ee\/media\/logo-vunder-1-115x43.png 115w\" sizes=\"auto, (max-width: 126px) 100vw, 126px\" \/><\/p>\n<p style=\"text-align: justify;\">Bendrov\u0117 \u201eAS Vunder\u201c yra 1991-aisias metais \u012fsteigta esti\u0161ko kapitalo \u0161eimynin\u0117 \u012fmon\u0117, u\u017esiimanti dail\u0117s, mokyklini\u0173, kanceliarini\u0173, ra\u0161ymo ir vidaus \u012frangos preki\u0173 importu bei prekyba Baltijos \u0161alyse. Esame patikimas partneris sprend\u017eiant J\u016bs\u0173 k\u016brybines problemas ir si\u016blome did\u017eiausi\u0105 dail\u0117s reikmen\u0173 pasirinkim\u0105 Baltijos \u0161alyse. M\u016bs\u0173 asortimente yra preki\u0173 kiekvienai am\u017eiaus ir interes\u0173 grupei, skirt\u0173 tiek profesionalams, tiek ir m\u0117g\u0117jams. Tinkam\u0173 produkt\u0173 atras kokybi\u0161k\u0173 darbo priemoni\u0173 ie\u0161kantys profesionalai ir meno bei rankdarbi\u0173 m\u0117g\u0117jai \u2013 visi, kuriems reikia mokyklini\u0173 ar kanceliarini\u0173 preki\u0173.<\/p>\n<p style=\"text-align: justify;\">Si\u016blome i\u0161skirtin\u0117s kokyb\u0117s ir laiko i\u0161bandytus atlaikiusi\u0173 \u012fvairi\u0173 pripa\u017eint\u0173 gamintoj\u0173 preki\u0173 \u017eenkl\u0173 gaminius. Dailininkai m\u016bs\u0173 asortimente ras did\u017eiausio dail\u0117s reikmen\u0173 gamintojo \u201eColArt\u201c grup\u0117s preki\u0173 \u017eenkl\u0173 \u201eLiquitex\u201c, \u201eWinsor&amp;Newton\u201c, \u201eLefranc&amp;Bourgeois\u201c, \u201eRaphael\u201c teptuk\u0173, \u201eSennlier\u201c pigment\u0173 ir tapybos reikmen\u0173, \u201eCanson\u201c popieriaus preki\u0173, \u201eDerwent\u201c pie\u0161tuk\u0173 bei kit\u0173 \u017einom\u0173 ir pripa\u017eint\u0173 preki\u0173 \u017eenkl\u0173 priemoni\u0173. M\u0117g\u0117jams si\u016blome did\u017eiausio m\u0117g\u0117jams skirt\u0173 da\u017e\u0173 gamintojo \u201eMarabu\u201c da\u017eus. Mokinius nud\u017eiugins \u017einomas naujovi\u0161k\u0173 ir kokybi\u0161k\u0173 mokyklini\u0173 preki\u0173 gamintojas \u201eMaped\u201c. Kasdieniniam naudojimui skirtus ra\u0161iklius galima pasirinkti i\u0161 populiari\u0173 ra\u0161ikli\u0173 gamintoj\u0173 \u201ePilot\u201c ir \u201eM&amp;G\u201c asortimento. Nam\u0173 restauravimo darbams si\u016blome \u201eLiberon\u201c medienos prie\u017ei\u016brai skirtas priemones.<\/p>\n<p style=\"text-align: justify;\"><img loading=\"lazy\" decoding=\"async\" class=\"alignright wp-image-292375\" src=\"https:\/\/hobstop.ee\/media\/logo-skizze-r.png\" alt=\"\" width=\"126\" height=\"52\" srcset=\"https:\/\/hobstop.ee\/media\/logo-skizze-r.png 400w, https:\/\/hobstop.ee\/media\/logo-skizze-r-385x158.png 385w, https:\/\/hobstop.ee\/media\/logo-skizze-r-300x123.png 300w, https:\/\/hobstop.ee\/media\/logo-skizze-r-115x47.png 115w, https:\/\/hobstop.ee\/media\/logo-skizze-r-230x94.png 230w\" sizes=\"auto, (max-width: 126px) 100vw, 126px\" \/>Atidar\u0117me dail\u0117s ir meno m\u0117g\u0117jams skirt\u0173 preki\u0173 parduotuves ir dail\u0117s studijas \u201eSkizze\u201c Estijoje Taline bei Tartu mieste ir Lietuvoje \u2013 Vilniuje ir \u0160iauliuose. M\u016bs\u0173 preki\u0173 taip pat galima \u012fsigyti i\u0161 platintoj\u0173 visoje Estijoje, Latvijoje ir Lietuvoje.<\/p>\n<p style=\"text-align: justify;\">Savo veikloje didel\u012f d\u0117mes\u012f skiriame kokybi\u0161k\u0173 preki\u0173 atrankai ir tarpininkavimui, remiam\u0117s profesionaliomis, etin\u0117mis ir \u0161eimynin\u0117mis vertyb\u0117mis, esame lojal\u016bs savo klientams ir partneriams.<\/p>\n<p style=\"text-align: justify;\"><strong>Vizija<\/strong><br \/>\nSkatiname \u017emones i\u0161reik\u0161ti save si\u016blydami kokybi\u0161kas priemones ir \u012fkvepian\u010dius sprendimus.<\/p>\n<p style=\"text-align: justify;\"><strong>Misija<\/strong><br \/>\nM\u016bs\u0173 misija \u2013 pasi\u016blyti k\u016brybi\u0161k\u0105 pasitenkinim\u0105 pasiekiam\u0105 kokybi\u0161komis priemon\u0117mis, kurios leid\u017eia sukurti i\u0161liekam\u0105j\u0105 vert\u0119 turin\u010dius rezultatus.<\/p>\n<p style=\"text-align: justify;\">K\u016brybinis d\u017eiaugsmas!<\/p>\n","protected":false},"excerpt":{"rendered":"<p>Bendrov\u0117 \u201eAS Vunder\u201c yra 1991-aisias metais \u012fsteigta esti\u0161ko kapitalo \u0161eimynin\u0117 \u012fmon\u0117, u\u017esiimanti dail\u0117s, mokyklini\u0173, kanceliarini\u0173, ra\u0161ymo ir vidaus \u012frangos preki\u0173 importu bei prekyba Baltijos \u0161alyse. Esame patikimas partneris sprend\u017eiant J\u016bs\u0173 k\u016brybines problemas ir si\u016blome did\u017eiausi\u0105 dail\u0117s reikmen\u0173 pasirinkim\u0105 Baltijos \u0161alyse. M\u016bs\u0173 asortimente yra preki\u0173 kiekvienai am\u017eiaus ir interes\u0173 grupei, skirt\u0173 tiek profesionalams, tiek ir m\u0117g\u0117jams. Tinkam\u0173 produkt\u0173 atras kokybi\u0161k\u0173 darbo priemoni\u0173 ie\u0161kantys profesionalai ir meno bei rankdarbi\u0173 m\u0117g\u0117jai \u2013 visi, kuriems reikia mokyklini\u0173 ar kanceliarini\u0173 preki\u0173. Si\u016blome i\u0161skirtin\u0117s kokyb\u0117s ir laiko i\u0161bandytus atlaikiusi\u0173 \u012fvairi\u0173 pripa\u017eint\u0173 gamintoj\u0173 preki\u0173 \u017eenkl\u0173 gaminius. Dailininkai m\u016bs\u0173 asortimente ras did\u017eiausio dail\u0117s reikmen\u0173 gamintojo \u201eColArt\u201c grup\u0117s preki\u0173 \u017eenkl\u0173 \u201eLiquitex\u201c, \u201eWinsor&amp;Newton\u201c, \u201eLefranc&amp;Bourgeois\u201c, \u201eRaphael\u201c teptuk\u0173, \u201eSennlier\u201c pigment\u0173 ir tapybos reikmen\u0173, \u201eCanson\u201c popieriaus preki\u0173, \u201eDerwent\u201c pie\u0161tuk\u0173 bei kit\u0173 \u017einom\u0173 ir pripa\u017eint\u0173 preki\u0173 \u017eenkl\u0173 priemoni\u0173. M\u0117g\u0117jams si\u016blome did\u017eiausio m\u0117g\u0117jams skirt\u0173 da\u017e\u0173 gamintojo \u201eMarabu\u201c da\u017eus. Mokinius nud\u017eiugins \u017einomas naujovi\u0161k\u0173 ir kokybi\u0161k\u0173 mokyklini\u0173 preki\u0173 gamintojas \u201eMaped\u201c. Kasdieniniam naudojimui skirtus ra\u0161iklius galima pasirinkti i\u0161 populiari\u0173 ra\u0161ikli\u0173 gamintoj\u0173 \u201ePilot\u201c ir \u201eM&amp;G\u201c asortimento. Nam\u0173 restauravimo darbams si\u016blome \u201eLiberon\u201c medienos prie\u017ei\u016brai skirtas priemones. Atidar\u0117me dail\u0117s ir meno m\u0117g\u0117jams skirt\u0173 preki\u0173 parduotuves ir dail\u0117s studijas \u201eSkizze\u201c Estijoje Taline bei Tartu mieste ir Lietuvoje \u2013 Vilniuje ir \u0160iauliuose. M\u016bs\u0173 preki\u0173 taip pat galima \u012fsigyti i\u0161 platintoj\u0173 visoje Estijoje, Latvijoje &hellip; <a href=\"https:\/\/hobstop.ee\/lt\/apie-mus\/\">T\u0119sinys<\/a><\/p>\n","protected":false},"author":2,"featured_media":0,"parent":0,"menu_order":0,"comment_status":"closed","ping_status":"closed","template":"page-sidebar-left.php","meta":{"_acf_changed":false,"ep_exclude_from_search":false,"footnotes":""},"class_list":["post-63845","page","type-page","status-publish","hentry"],"acf":[],"yoast_head":"<!-- This site is optimized with the Yoast SEO plugin v24.1 - https:\/\/yoast.com\/wordpress\/plugins\/seo\/ -->\n<title>Apie mus &#8211; Skizze<\/title>\n<meta name=\"robots\" content=\"noindex, follow, max-snippet:-1, max-image-preview:large, max-video-preview:-1\" \/>\n<meta property=\"og:locale\" content=\"lt_LT\" \/>\n<meta property=\"og:type\" content=\"article\" \/>\n<meta property=\"og:title\" content=\"Apie mus &#8211; Skizze\" \/>\n<meta property=\"og:description\" content=\"Bendrov\u0117 \u201eAS Vunder\u201c yra 1991-aisias metais \u012fsteigta esti\u0161ko kapitalo \u0161eimynin\u0117 \u012fmon\u0117, u\u017esiimanti dail\u0117s, mokyklini\u0173, kanceliarini\u0173, ra\u0161ymo ir vidaus \u012frangos preki\u0173 importu bei prekyba Baltijos \u0161alyse. Esame patikimas partneris sprend\u017eiant J\u016bs\u0173 k\u016brybines problemas ir si\u016blome did\u017eiausi\u0105 dail\u0117s reikmen\u0173 pasirinkim\u0105 Baltijos \u0161alyse. M\u016bs\u0173 asortimente yra preki\u0173 kiekvienai am\u017eiaus ir interes\u0173 grupei, skirt\u0173 tiek profesionalams, tiek ir m\u0117g\u0117jams. Tinkam\u0173 produkt\u0173 atras kokybi\u0161k\u0173 darbo priemoni\u0173 ie\u0161kantys profesionalai ir meno bei rankdarbi\u0173 m\u0117g\u0117jai \u2013 visi, kuriems reikia mokyklini\u0173 ar kanceliarini\u0173 preki\u0173. Si\u016blome i\u0161skirtin\u0117s kokyb\u0117s ir laiko i\u0161bandytus atlaikiusi\u0173 \u012fvairi\u0173 pripa\u017eint\u0173 gamintoj\u0173 preki\u0173 \u017eenkl\u0173 gaminius. Dailininkai m\u016bs\u0173 asortimente ras did\u017eiausio dail\u0117s reikmen\u0173 gamintojo \u201eColArt\u201c grup\u0117s preki\u0173 \u017eenkl\u0173 \u201eLiquitex\u201c, \u201eWinsor&amp;Newton\u201c, \u201eLefranc&amp;Bourgeois\u201c, \u201eRaphael\u201c teptuk\u0173, \u201eSennlier\u201c pigment\u0173 ir tapybos reikmen\u0173, \u201eCanson\u201c popieriaus preki\u0173, \u201eDerwent\u201c pie\u0161tuk\u0173 bei kit\u0173 \u017einom\u0173 ir pripa\u017eint\u0173 preki\u0173 \u017eenkl\u0173 priemoni\u0173. M\u0117g\u0117jams si\u016blome did\u017eiausio m\u0117g\u0117jams skirt\u0173 da\u017e\u0173 gamintojo \u201eMarabu\u201c da\u017eus. Mokinius nud\u017eiugins \u017einomas naujovi\u0161k\u0173 ir kokybi\u0161k\u0173 mokyklini\u0173 preki\u0173 gamintojas \u201eMaped\u201c. Kasdieniniam naudojimui skirtus ra\u0161iklius galima pasirinkti i\u0161 populiari\u0173 ra\u0161ikli\u0173 gamintoj\u0173 \u201ePilot\u201c ir \u201eM&amp;G\u201c asortimento. Nam\u0173 restauravimo darbams si\u016blome \u201eLiberon\u201c medienos prie\u017ei\u016brai skirtas priemones. Atidar\u0117me dail\u0117s ir meno m\u0117g\u0117jams skirt\u0173 preki\u0173 parduotuves ir dail\u0117s studijas \u201eSkizze\u201c Estijoje Taline bei Tartu mieste ir Lietuvoje \u2013 Vilniuje ir \u0160iauliuose. M\u016bs\u0173 preki\u0173 taip pat galima \u012fsigyti i\u0161 platintoj\u0173 visoje Estijoje, Latvijoje &hellip; T\u0119sinys\" \/>\n<meta property=\"og:url\" content=\"https:\/\/hobstop.ee\/lt\/apie-mus\/\" \/>\n<meta property=\"og:site_name\" content=\"Skizze\" \/>\n<meta property=\"article:publisher\" content=\"http:\/\/www.facebook.com\/VunderSkizze\" \/>\n<meta property=\"article:modified_time\" content=\"2017-10-12T06:33:41+00:00\" \/>\n<meta property=\"og:image\" content=\"https:\/\/hobstop.ee\/media\/logo-vunder-1.png\" \/>\n<meta name=\"twitter:card\" content=\"summary_large_image\" \/>\n<meta name=\"twitter:label1\" content=\"Est. reading time\" \/>\n\t<meta name=\"twitter:data1\" content=\"2 minutes\" \/>\n<script type=\"application\/ld+json\" class=\"yoast-schema-graph\">{\"@context\":\"https:\/\/schema.org\",\"@graph\":[{\"@type\":\"WebPage\",\"@id\":\"https:\/\/hobstop.ee\/lt\/apie-mus\/\",\"url\":\"https:\/\/hobstop.ee\/lt\/apie-mus\/\",\"name\":\"Apie mus &#8211; Skizze\",\"isPartOf\":{\"@id\":\"https:\/\/hobstop.ee\/lt\/#website\"},\"primaryImageOfPage\":{\"@id\":\"https:\/\/hobstop.ee\/lt\/apie-mus\/#primaryimage\"},\"image\":{\"@id\":\"https:\/\/hobstop.ee\/lt\/apie-mus\/#primaryimage\"},\"thumbnailUrl\":\"https:\/\/hobstop.ee\/media\/logo-vunder-1.png\",\"datePublished\":\"2014-11-21T08:55:48+00:00\",\"dateModified\":\"2017-10-12T06:33:41+00:00\",\"breadcrumb\":{\"@id\":\"https:\/\/hobstop.ee\/lt\/apie-mus\/#breadcrumb\"},\"inLanguage\":\"lt\",\"potentialAction\":[{\"@type\":\"ReadAction\",\"target\":[\"https:\/\/hobstop.ee\/lt\/apie-mus\/\"]}]},{\"@type\":\"ImageObject\",\"inLanguage\":\"lt\",\"@id\":\"https:\/\/hobstop.ee\/lt\/apie-mus\/#primaryimage\",\"url\":\"https:\/\/hobstop.ee\/media\/logo-vunder-1.png\",\"contentUrl\":\"https:\/\/hobstop.ee\/media\/logo-vunder-1.png\"},{\"@type\":\"BreadcrumbList\",\"@id\":\"https:\/\/hobstop.ee\/lt\/apie-mus\/#breadcrumb\",\"itemListElement\":[{\"@type\":\"ListItem\",\"position\":1,\"name\":\"Avaleht\",\"item\":\"https:\/\/hobstop.ee\/lt\/\"},{\"@type\":\"ListItem\",\"position\":2,\"name\":\"Apie mus\"}]},{\"@type\":\"WebSite\",\"@id\":\"https:\/\/hobstop.ee\/lt\/#website\",\"url\":\"https:\/\/hobstop.ee\/lt\/\",\"name\":\"Skizze\",\"description\":\"Dail\u0117s, pom\u0117gi\u0173 ir mokykliniai reikm\u0117nys\",\"publisher\":{\"@id\":\"https:\/\/hobstop.ee\/lt\/#organization\"},\"potentialAction\":[{\"@type\":\"SearchAction\",\"target\":{\"@type\":\"EntryPoint\",\"urlTemplate\":\"https:\/\/hobstop.ee\/lt\/?s={search_term_string}\"},\"query-input\":{\"@type\":\"PropertyValueSpecification\",\"valueRequired\":true,\"valueName\":\"search_term_string\"}}],\"inLanguage\":\"lt\"},{\"@type\":\"Organization\",\"@id\":\"https:\/\/hobstop.ee\/lt\/#organization\",\"name\":\"Vunder AS\",\"url\":\"https:\/\/hobstop.ee\/lt\/\",\"logo\":{\"@type\":\"ImageObject\",\"inLanguage\":\"lt\",\"@id\":\"https:\/\/hobstop.ee\/lt\/#\/schema\/logo\/image\/\",\"url\":\"https:\/\/hobstop.ee\/media\/vunder-logo.png\",\"contentUrl\":\"https:\/\/hobstop.ee\/media\/vunder-logo.png\",\"width\":127,\"height\":55,\"caption\":\"Vunder AS\"},\"image\":{\"@id\":\"https:\/\/hobstop.ee\/lt\/#\/schema\/logo\/image\/\"},\"sameAs\":[\"http:\/\/www.facebook.com\/VunderSkizze\"]}]}<\/script>\n<!-- \/ Yoast SEO plugin. -->","yoast_head_json":{"title":"Apie mus &#8211; Skizze","robots":{"index":"noindex","follow":"follow","max-snippet":"max-snippet:-1","max-image-preview":"max-image-preview:large","max-video-preview":"max-video-preview:-1"},"og_locale":"lt_LT","og_type":"article","og_title":"Apie mus &#8211; Skizze","og_description":"Bendrov\u0117 \u201eAS Vunder\u201c yra 1991-aisias metais \u012fsteigta esti\u0161ko kapitalo \u0161eimynin\u0117 \u012fmon\u0117, u\u017esiimanti dail\u0117s, mokyklini\u0173, kanceliarini\u0173, ra\u0161ymo ir vidaus \u012frangos preki\u0173 importu bei prekyba Baltijos \u0161alyse. Esame patikimas partneris sprend\u017eiant J\u016bs\u0173 k\u016brybines problemas ir si\u016blome did\u017eiausi\u0105 dail\u0117s reikmen\u0173 pasirinkim\u0105 Baltijos \u0161alyse. M\u016bs\u0173 asortimente yra preki\u0173 kiekvienai am\u017eiaus ir interes\u0173 grupei, skirt\u0173 tiek profesionalams, tiek ir m\u0117g\u0117jams. Tinkam\u0173 produkt\u0173 atras kokybi\u0161k\u0173 darbo priemoni\u0173 ie\u0161kantys profesionalai ir meno bei rankdarbi\u0173 m\u0117g\u0117jai \u2013 visi, kuriems reikia mokyklini\u0173 ar kanceliarini\u0173 preki\u0173. Si\u016blome i\u0161skirtin\u0117s kokyb\u0117s ir laiko i\u0161bandytus atlaikiusi\u0173 \u012fvairi\u0173 pripa\u017eint\u0173 gamintoj\u0173 preki\u0173 \u017eenkl\u0173 gaminius. Dailininkai m\u016bs\u0173 asortimente ras did\u017eiausio dail\u0117s reikmen\u0173 gamintojo \u201eColArt\u201c grup\u0117s preki\u0173 \u017eenkl\u0173 \u201eLiquitex\u201c, \u201eWinsor&amp;Newton\u201c, \u201eLefranc&amp;Bourgeois\u201c, \u201eRaphael\u201c teptuk\u0173, \u201eSennlier\u201c pigment\u0173 ir tapybos reikmen\u0173, \u201eCanson\u201c popieriaus preki\u0173, \u201eDerwent\u201c pie\u0161tuk\u0173 bei kit\u0173 \u017einom\u0173 ir pripa\u017eint\u0173 preki\u0173 \u017eenkl\u0173 priemoni\u0173. M\u0117g\u0117jams si\u016blome did\u017eiausio m\u0117g\u0117jams skirt\u0173 da\u017e\u0173 gamintojo \u201eMarabu\u201c da\u017eus. Mokinius nud\u017eiugins \u017einomas naujovi\u0161k\u0173 ir kokybi\u0161k\u0173 mokyklini\u0173 preki\u0173 gamintojas \u201eMaped\u201c. Kasdieniniam naudojimui skirtus ra\u0161iklius galima pasirinkti i\u0161 populiari\u0173 ra\u0161ikli\u0173 gamintoj\u0173 \u201ePilot\u201c ir \u201eM&amp;G\u201c asortimento. Nam\u0173 restauravimo darbams si\u016blome \u201eLiberon\u201c medienos prie\u017ei\u016brai skirtas priemones. Atidar\u0117me dail\u0117s ir meno m\u0117g\u0117jams skirt\u0173 preki\u0173 parduotuves ir dail\u0117s studijas \u201eSkizze\u201c Estijoje Taline bei Tartu mieste ir Lietuvoje \u2013 Vilniuje ir \u0160iauliuose. M\u016bs\u0173 preki\u0173 taip pat galima \u012fsigyti i\u0161 platintoj\u0173 visoje Estijoje, Latvijoje &hellip; T\u0119sinys","og_url":"https:\/\/hobstop.ee\/lt\/apie-mus\/","og_site_name":"Skizze","article_publisher":"http:\/\/www.facebook.com\/VunderSkizze","article_modified_time":"2017-10-12T06:33:41+00:00","og_image":[{"url":"https:\/\/hobstop.ee\/media\/logo-vunder-1.png","type":"","width":"","height":""}],"twitter_card":"summary_large_image","twitter_misc":{"Est. reading time":"2 minutes"},"schema":{"@context":"https:\/\/schema.org","@graph":[{"@type":"WebPage","@id":"https:\/\/hobstop.ee\/lt\/apie-mus\/","url":"https:\/\/hobstop.ee\/lt\/apie-mus\/","name":"Apie mus &#8211; Skizze","isPartOf":{"@id":"https:\/\/hobstop.ee\/lt\/#website"},"primaryImageOfPage":{"@id":"https:\/\/hobstop.ee\/lt\/apie-mus\/#primaryimage"},"image":{"@id":"https:\/\/hobstop.ee\/lt\/apie-mus\/#primaryimage"},"thumbnailUrl":"https:\/\/hobstop.ee\/media\/logo-vunder-1.png","datePublished":"2014-11-21T08:55:48+00:00","dateModified":"2017-10-12T06:33:41+00:00","breadcrumb":{"@id":"https:\/\/hobstop.ee\/lt\/apie-mus\/#breadcrumb"},"inLanguage":"lt","potentialAction":[{"@type":"ReadAction","target":["https:\/\/hobstop.ee\/lt\/apie-mus\/"]}]},{"@type":"ImageObject","inLanguage":"lt","@id":"https:\/\/hobstop.ee\/lt\/apie-mus\/#primaryimage","url":"https:\/\/hobstop.ee\/media\/logo-vunder-1.png","contentUrl":"https:\/\/hobstop.ee\/media\/logo-vunder-1.png"},{"@type":"BreadcrumbList","@id":"https:\/\/hobstop.ee\/lt\/apie-mus\/#breadcrumb","itemListElement":[{"@type":"ListItem","position":1,"name":"Avaleht","item":"https:\/\/hobstop.ee\/lt\/"},{"@type":"ListItem","position":2,"name":"Apie mus"}]},{"@type":"WebSite","@id":"https:\/\/hobstop.ee\/lt\/#website","url":"https:\/\/hobstop.ee\/lt\/","name":"Skizze","description":"Dail\u0117s, pom\u0117gi\u0173 ir mokykliniai reikm\u0117nys","publisher":{"@id":"https:\/\/hobstop.ee\/lt\/#organization"},"potentialAction":[{"@type":"SearchAction","target":{"@type":"EntryPoint","urlTemplate":"https:\/\/hobstop.ee\/lt\/?s={search_term_string}"},"query-input":{"@type":"PropertyValueSpecification","valueRequired":true,"valueName":"search_term_string"}}],"inLanguage":"lt"},{"@type":"Organization","@id":"https:\/\/hobstop.ee\/lt\/#organization","name":"Vunder AS","url":"https:\/\/hobstop.ee\/lt\/","logo":{"@type":"ImageObject","inLanguage":"lt","@id":"https:\/\/hobstop.ee\/lt\/#\/schema\/logo\/image\/","url":"https:\/\/hobstop.ee\/media\/vunder-logo.png","contentUrl":"https:\/\/hobstop.ee\/media\/vunder-logo.png","width":127,"height":55,"caption":"Vunder AS"},"image":{"@id":"https:\/\/hobstop.ee\/lt\/#\/schema\/logo\/image\/"},"sameAs":["http:\/\/www.facebook.com\/VunderSkizze"]}]}},"_links":{"self":[{"href":"https:\/\/hobstop.ee\/lt\/wp-json\/wp\/v2\/pages\/63845","targetHints":{"allow":["GET"]}}],"collection":[{"href":"https:\/\/hobstop.ee\/lt\/wp-json\/wp\/v2\/pages"}],"about":[{"href":"https:\/\/hobstop.ee\/lt\/wp-json\/wp\/v2\/types\/page"}],"author":[{"embeddable":true,"href":"https:\/\/hobstop.ee\/lt\/wp-json\/wp\/v2\/users\/2"}],"replies":[{"embeddable":true,"href":"https:\/\/hobstop.ee\/lt\/wp-json\/wp\/v2\/comments?post=63845"}],"version-history":[{"count":7,"href":"https:\/\/hobstop.ee\/lt\/wp-json\/wp\/v2\/pages\/63845\/revisions"}],"predecessor-version":[{"id":298601,"href":"https:\/\/hobstop.ee\/lt\/wp-json\/wp\/v2\/pages\/63845\/revisions\/298601"}],"wp:attachment":[{"href":"https:\/\/hobstop.ee\/lt\/wp-json\/wp\/v2\/media?parent=63845"}],"curies":[{"name":"wp","href":"https:\/\/api.w.org\/{rel}","templated":true}]}}