{"id":63851,"date":"2015-01-09T15:00:18","date_gmt":"2015-01-09T13:00:18","guid":{"rendered":"https:\/\/sharks.ee\/vunder_2019.klient.veebimajutus.ee\/?page_id=63851"},"modified":"2015-11-30T10:39:19","modified_gmt":"2015-11-30T08:39:19","slug":"apie-dirbtuves-ir-kursus","status":"publish","type":"page","link":"https:\/\/hobstop.ee\/lt\/studija-2\/apie-dirbtuves-ir-kursus\/","title":{"rendered":"Apie dirbtuves ir kursus"},"content":{"rendered":"<p style=\"text-align: justify;\"><strong>Preki\u0173 pristatymai<br \/>\n<\/strong>Preki\u0173 pristatym\u0173 metu susipa\u017eindinama su naujomis prek\u0117mis, pristatomas atnaujintas asortimentas, kad gal\u0117tum\u0117te pasisemt\u0173 nauj\u0173 id\u0117j\u0173 kaip naudoti \u012fvairius rankdarbiams ir menui skirtus gaminius. Pristatymo metu suteikiama i\u0161sami informacija prie gamini\u0173 savybes ir j\u0173 naudojimo paskirt\u012f, visas pristatomas prekes galima i\u0161bandyti. Ta\u010diau, skirtingai nuo kurs\u0173, preki\u0173 pristatymo metu neruo\u0161iami darbai ir nesigilinama \u012f technikas. Paprastai studijoje vykstantys preki\u0173 pristatymai yra nemokami renginiai.<\/p>\n<p style=\"text-align: justify;\"><strong>Dirbtuv\u0117s<br \/>\n<\/strong>Temin\u0117s dirbtuv\u0117s yra atviros visiems. Dirbtuv\u0117se galima susipa\u017einti su \u012fdomiomis med\u017eiagomis ir naujomis technikomis, sumeistrauti draugui dovan\u0105, su \u0161eima praleisti \u0161aun\u0173 savaitgal\u012f ar tiesiog atsipalaiduoti. Rankdarbi\u0173 dirbtuv\u0117se mokoma su esan\u010diomis po ranka namuose priemon\u0117mis pakeisti aplink\u0105 \u2013 papuo\u0161ti j\u0105 \u012fvairiais dirbiniais, aksesuarais, sumeistrauti inkil\u0117lius ar l\u0117li\u0173 namus. Dirbtuv\u0117s paprastai vyksta kiekvien\u0105 savaitgal\u012f, \u0161e\u0161tadieniais. Dirbtuv\u0117s yra mokamos.<\/p>\n<p style=\"text-align: justify;\"><strong>Meistr\u0173 kursai<br \/>\n<\/strong>Meistr\u0173 kursus veda savo srities profesionalai ir dailininkai. Tai kursai, kuri\u0173 metu gilinamasi \u012f \u012fvairias technikas, supa\u017eindinama su konkre\u010dios med\u017eiagos istorija ir jos panaudojimo galimyb\u0117mis, su profesionalais aptariamos naujos meno kryptys ar i\u0161 naujo atrandami laiko \u016bkanose paskend\u0119 menai. Organizuojami \u012fvair\u016bs teminiai meistr\u0173 kursai. Meistr\u0173 kursuose laukiame vis\u0173, kuriuos domina menin\u0117 savirai\u0161ka. Ankstesn\u0117 patirtis dirbant su konkre\u010dia med\u017eiaga n\u0117ra svarbu ir nereikia baimintis, kad ko nors nemokate \u2013 visi sugeb\u0117s! Meistr\u0173 kursai yra mokami.<\/p>\n<p style=\"text-align: justify;\">Paprastai \u012f \u201eSkizze\u201c dirbtuvi\u0173 ir kurs\u0173 kain\u0105 yra \u012fskai\u010diuotos ir visos reikiamos med\u017eiagos bei priemon\u0117s. Kartais u\u017esi\u0117mimams dirbtuv\u0117se reikia i\u0161 nam\u0173 atsine\u0161ti ar parduotuv\u0117je \u012fsigyti tam tikr\u0105 priemon\u0119, kad gal\u0117tum\u0117te patys pasirinkti kokio dyd\u017eio dirbin\u012f meistrausite. Atitinkama informacija visada skelbiama renginio reklamoje.<\/p>\n<p style=\"text-align: justify;\">Kursai ir dirbtuv\u0117s vyksta priklausomai nuo dalyvi\u0173 skai\u010diaus.<\/p>\n<hr \/>\n<p style=\"text-align: justify;\">\n<p>Skizze Vilnius\u00a0 studijoje ir k\u016brybin\u0117se dirbtuv\u0117se\u00a0 nuolat vyksta \u0161ie meistr\u0173 kursai:<\/p>\n<ul>\n<li>Tapybos akrilu kursai pradedantiesiems (paaugliams nuo 13met\u0173)<\/li>\n<li>Tapybos akrilu kursai (suaugusiems)<\/li>\n<li>Popieriaus karpiniai \u2013 per paprastum\u0105 \u012f tobulyb\u0119<\/li>\n<li>Tapyba ant \u0161ilko<\/li>\n<li>Med\u017eio dirbiniai<\/li>\n<li>Spalvot\u0173 kreideli\u0173 paveikslai<\/li>\n<li>Papuo\u0161al\u0173 gamyba<\/li>\n<li>Suminagashi<\/li>\n<li>Kimekomi<\/li>\n<li>Origami<\/li>\n<li>Antrini\u0173 \u017ealiav\u0173 panaudojimas mene<\/li>\n<li>Dail\u0117 ma\u017eiesiems ( nuo 2 iki 6 met\u0173)<\/li>\n<li>Tapyba gua\u0161u (vaikams\u00a0 nuo 6 iki 12 met\u0173)<\/li>\n<li>Dail\u0117 visai \u0161eimai<\/li>\n<li>Pie\u0161imas<\/li>\n<li>K\u016brybinis pie\u0161imas<\/li>\n<li>Liejame akvarel\u0119<\/li>\n<li>Keramika jaunimui ri suaugusiems<\/li>\n<li>Keramika<\/li>\n<li>Natriurmortas pagal nat\u016br\u0105 gua\u0161u<\/li>\n<li>Peiza\u017eas pagal nuotrauk\u0105 gua\u0161u<\/li>\n<li>Fig\u016brin\u0117 kompozicija gua\u0161u<\/li>\n<li>Konceptualus autoportretas gua\u0161u<\/li>\n<li>Vilnos v\u0117limo pa\u017eintiniai kursai<\/li>\n<li>\u0160alik\u0117li\u0173 v\u0117limo pamoka<\/li>\n<li>Kaligrafija<\/li>\n<li>Grafikos programa &#8220;sveikinimo atvirukai&#8221;<\/li>\n<li>Grafikos programa &#8220;knyg\u0173 ri\u0161imo pamoka&#8221;<\/li>\n<li>Dekoravimas quilling technika<\/li>\n<\/ul>\n<hr \/>\n<p style=\"text-align: justify;\">Preki\u0173 pristatymus ir dirbtuves galima u\u017esakyti. Preki\u0173 pristatymai da\u017eniausiai yra organizuojami \u201eSkizze\u201c parduotuv\u0117s studijoje, o dirbtuv\u0117s esame pasiruo\u0161\u0119 pravesti J\u016bs\u0173 patalpose, \u012fmon\u0117s vakar\u0117liuose, vasaros dien\u0173 ar gimtadieni\u0173 metu.<\/p>\n","protected":false},"excerpt":{"rendered":"<p>Preki\u0173 pristatymai Preki\u0173 pristatym\u0173 metu susipa\u017eindinama su naujomis prek\u0117mis, pristatomas atnaujintas asortimentas, kad gal\u0117tum\u0117te pasisemt\u0173 nauj\u0173 id\u0117j\u0173 kaip naudoti \u012fvairius rankdarbiams ir menui skirtus gaminius. Pristatymo metu suteikiama i\u0161sami informacija prie gamini\u0173 savybes ir j\u0173 naudojimo paskirt\u012f, visas pristatomas prekes galima i\u0161bandyti. Ta\u010diau, skirtingai nuo kurs\u0173, preki\u0173 pristatymo metu neruo\u0161iami darbai ir nesigilinama \u012f technikas. Paprastai studijoje vykstantys preki\u0173 pristatymai yra nemokami renginiai. Dirbtuv\u0117s Temin\u0117s dirbtuv\u0117s yra atviros visiems. Dirbtuv\u0117se galima susipa\u017einti su \u012fdomiomis med\u017eiagomis ir naujomis technikomis, sumeistrauti draugui dovan\u0105, su \u0161eima praleisti \u0161aun\u0173 savaitgal\u012f ar tiesiog atsipalaiduoti. Rankdarbi\u0173 dirbtuv\u0117se mokoma su esan\u010diomis po ranka namuose priemon\u0117mis pakeisti aplink\u0105 \u2013 papuo\u0161ti j\u0105 \u012fvairiais dirbiniais, aksesuarais, sumeistrauti inkil\u0117lius ar l\u0117li\u0173 namus. Dirbtuv\u0117s paprastai vyksta kiekvien\u0105 savaitgal\u012f, \u0161e\u0161tadieniais. Dirbtuv\u0117s yra mokamos. Meistr\u0173 kursai Meistr\u0173 kursus veda savo srities profesionalai ir dailininkai. Tai kursai, kuri\u0173 metu gilinamasi \u012f \u012fvairias technikas, supa\u017eindinama su konkre\u010dios med\u017eiagos istorija ir jos panaudojimo galimyb\u0117mis, su profesionalais aptariamos naujos meno kryptys ar i\u0161 naujo atrandami laiko \u016bkanose paskend\u0119 menai. Organizuojami \u012fvair\u016bs teminiai meistr\u0173 kursai. Meistr\u0173 kursuose laukiame vis\u0173, kuriuos domina menin\u0117 savirai\u0161ka. Ankstesn\u0117 patirtis dirbant su konkre\u010dia med\u017eiaga n\u0117ra svarbu ir nereikia baimintis, kad ko nors nemokate \u2013 visi sugeb\u0117s! Meistr\u0173 kursai yra mokami. Paprastai \u012f \u201eSkizze\u201c dirbtuvi\u0173 &hellip; <a href=\"https:\/\/hobstop.ee\/lt\/studija-2\/apie-dirbtuves-ir-kursus\/\">T\u0119sinys<\/a><\/p>\n","protected":false},"author":2,"featured_media":0,"parent":936,"menu_order":0,"comment_status":"closed","ping_status":"closed","template":"page-studio-sub.php","meta":{"_acf_changed":false,"ep_exclude_from_search":false,"footnotes":""},"class_list":["post-63851","page","type-page","status-publish","hentry"],"acf":[],"yoast_head":"<!-- This site is optimized with the Yoast SEO plugin v24.1 - https:\/\/yoast.com\/wordpress\/plugins\/seo\/ -->\n<title>Apie dirbtuves ir kursus &#8211; Skizze<\/title>\n<meta name=\"robots\" content=\"noindex, follow, max-snippet:-1, max-image-preview:large, max-video-preview:-1\" \/>\n<meta property=\"og:locale\" content=\"lt_LT\" \/>\n<meta property=\"og:type\" content=\"article\" \/>\n<meta property=\"og:title\" content=\"Apie dirbtuves ir kursus &#8211; Skizze\" \/>\n<meta property=\"og:description\" content=\"Preki\u0173 pristatymai Preki\u0173 pristatym\u0173 metu susipa\u017eindinama su naujomis prek\u0117mis, pristatomas atnaujintas asortimentas, kad gal\u0117tum\u0117te pasisemt\u0173 nauj\u0173 id\u0117j\u0173 kaip naudoti \u012fvairius rankdarbiams ir menui skirtus gaminius. Pristatymo metu suteikiama i\u0161sami informacija prie gamini\u0173 savybes ir j\u0173 naudojimo paskirt\u012f, visas pristatomas prekes galima i\u0161bandyti. Ta\u010diau, skirtingai nuo kurs\u0173, preki\u0173 pristatymo metu neruo\u0161iami darbai ir nesigilinama \u012f technikas. Paprastai studijoje vykstantys preki\u0173 pristatymai yra nemokami renginiai. Dirbtuv\u0117s Temin\u0117s dirbtuv\u0117s yra atviros visiems. Dirbtuv\u0117se galima susipa\u017einti su \u012fdomiomis med\u017eiagomis ir naujomis technikomis, sumeistrauti draugui dovan\u0105, su \u0161eima praleisti \u0161aun\u0173 savaitgal\u012f ar tiesiog atsipalaiduoti. Rankdarbi\u0173 dirbtuv\u0117se mokoma su esan\u010diomis po ranka namuose priemon\u0117mis pakeisti aplink\u0105 \u2013 papuo\u0161ti j\u0105 \u012fvairiais dirbiniais, aksesuarais, sumeistrauti inkil\u0117lius ar l\u0117li\u0173 namus. Dirbtuv\u0117s paprastai vyksta kiekvien\u0105 savaitgal\u012f, \u0161e\u0161tadieniais. Dirbtuv\u0117s yra mokamos. Meistr\u0173 kursai Meistr\u0173 kursus veda savo srities profesionalai ir dailininkai. Tai kursai, kuri\u0173 metu gilinamasi \u012f \u012fvairias technikas, supa\u017eindinama su konkre\u010dios med\u017eiagos istorija ir jos panaudojimo galimyb\u0117mis, su profesionalais aptariamos naujos meno kryptys ar i\u0161 naujo atrandami laiko \u016bkanose paskend\u0119 menai. Organizuojami \u012fvair\u016bs teminiai meistr\u0173 kursai. Meistr\u0173 kursuose laukiame vis\u0173, kuriuos domina menin\u0117 savirai\u0161ka. Ankstesn\u0117 patirtis dirbant su konkre\u010dia med\u017eiaga n\u0117ra svarbu ir nereikia baimintis, kad ko nors nemokate \u2013 visi sugeb\u0117s! Meistr\u0173 kursai yra mokami. Paprastai \u012f \u201eSkizze\u201c dirbtuvi\u0173 &hellip; T\u0119sinys\" \/>\n<meta property=\"og:url\" content=\"https:\/\/hobstop.ee\/lt\/studija-2\/apie-dirbtuves-ir-kursus\/\" \/>\n<meta property=\"og:site_name\" content=\"Skizze\" \/>\n<meta property=\"article:publisher\" content=\"http:\/\/www.facebook.com\/VunderSkizze\" \/>\n<meta property=\"article:modified_time\" content=\"2015-11-30T08:39:19+00:00\" \/>\n<meta name=\"twitter:card\" content=\"summary_large_image\" \/>\n<meta name=\"twitter:label1\" content=\"Est. reading time\" \/>\n\t<meta name=\"twitter:data1\" content=\"2 minutes\" \/>\n<script type=\"application\/ld+json\" class=\"yoast-schema-graph\">{\"@context\":\"https:\/\/schema.org\",\"@graph\":[{\"@type\":\"WebPage\",\"@id\":\"https:\/\/hobstop.ee\/lt\/studija-2\/apie-dirbtuves-ir-kursus\/\",\"url\":\"https:\/\/hobstop.ee\/lt\/studija-2\/apie-dirbtuves-ir-kursus\/\",\"name\":\"Apie dirbtuves ir kursus &#8211; Skizze\",\"isPartOf\":{\"@id\":\"https:\/\/hobstop.ee\/lt\/#website\"},\"datePublished\":\"2015-01-09T13:00:18+00:00\",\"dateModified\":\"2015-11-30T08:39:19+00:00\",\"breadcrumb\":{\"@id\":\"https:\/\/hobstop.ee\/lt\/studija-2\/apie-dirbtuves-ir-kursus\/#breadcrumb\"},\"inLanguage\":\"lt\",\"potentialAction\":[{\"@type\":\"ReadAction\",\"target\":[\"https:\/\/hobstop.ee\/lt\/studija-2\/apie-dirbtuves-ir-kursus\/\"]}]},{\"@type\":\"BreadcrumbList\",\"@id\":\"https:\/\/hobstop.ee\/lt\/studija-2\/apie-dirbtuves-ir-kursus\/#breadcrumb\",\"itemListElement\":[{\"@type\":\"ListItem\",\"position\":1,\"name\":\"Avaleht\",\"item\":\"https:\/\/hobstop.ee\/lt\/\"},{\"@type\":\"ListItem\",\"position\":2,\"name\":\"Studija\",\"item\":\"https:\/\/hobstop.ee\/lt\/studija-2\/\"},{\"@type\":\"ListItem\",\"position\":3,\"name\":\"Apie dirbtuves ir kursus\"}]},{\"@type\":\"WebSite\",\"@id\":\"https:\/\/hobstop.ee\/lt\/#website\",\"url\":\"https:\/\/hobstop.ee\/lt\/\",\"name\":\"Skizze\",\"description\":\"Dail\u0117s, pom\u0117gi\u0173 ir mokykliniai reikm\u0117nys\",\"publisher\":{\"@id\":\"https:\/\/hobstop.ee\/lt\/#organization\"},\"potentialAction\":[{\"@type\":\"SearchAction\",\"target\":{\"@type\":\"EntryPoint\",\"urlTemplate\":\"https:\/\/hobstop.ee\/lt\/?s={search_term_string}\"},\"query-input\":{\"@type\":\"PropertyValueSpecification\",\"valueRequired\":true,\"valueName\":\"search_term_string\"}}],\"inLanguage\":\"lt\"},{\"@type\":\"Organization\",\"@id\":\"https:\/\/hobstop.ee\/lt\/#organization\",\"name\":\"Vunder AS\",\"url\":\"https:\/\/hobstop.ee\/lt\/\",\"logo\":{\"@type\":\"ImageObject\",\"inLanguage\":\"lt\",\"@id\":\"https:\/\/hobstop.ee\/lt\/#\/schema\/logo\/image\/\",\"url\":\"https:\/\/hobstop.ee\/media\/vunder-logo.png\",\"contentUrl\":\"https:\/\/hobstop.ee\/media\/vunder-logo.png\",\"width\":127,\"height\":55,\"caption\":\"Vunder AS\"},\"image\":{\"@id\":\"https:\/\/hobstop.ee\/lt\/#\/schema\/logo\/image\/\"},\"sameAs\":[\"http:\/\/www.facebook.com\/VunderSkizze\"]}]}<\/script>\n<!-- \/ Yoast SEO plugin. -->","yoast_head_json":{"title":"Apie dirbtuves ir kursus &#8211; Skizze","robots":{"index":"noindex","follow":"follow","max-snippet":"max-snippet:-1","max-image-preview":"max-image-preview:large","max-video-preview":"max-video-preview:-1"},"og_locale":"lt_LT","og_type":"article","og_title":"Apie dirbtuves ir kursus &#8211; Skizze","og_description":"Preki\u0173 pristatymai Preki\u0173 pristatym\u0173 metu susipa\u017eindinama su naujomis prek\u0117mis, pristatomas atnaujintas asortimentas, kad gal\u0117tum\u0117te pasisemt\u0173 nauj\u0173 id\u0117j\u0173 kaip naudoti \u012fvairius rankdarbiams ir menui skirtus gaminius. Pristatymo metu suteikiama i\u0161sami informacija prie gamini\u0173 savybes ir j\u0173 naudojimo paskirt\u012f, visas pristatomas prekes galima i\u0161bandyti. Ta\u010diau, skirtingai nuo kurs\u0173, preki\u0173 pristatymo metu neruo\u0161iami darbai ir nesigilinama \u012f technikas. Paprastai studijoje vykstantys preki\u0173 pristatymai yra nemokami renginiai. Dirbtuv\u0117s Temin\u0117s dirbtuv\u0117s yra atviros visiems. Dirbtuv\u0117se galima susipa\u017einti su \u012fdomiomis med\u017eiagomis ir naujomis technikomis, sumeistrauti draugui dovan\u0105, su \u0161eima praleisti \u0161aun\u0173 savaitgal\u012f ar tiesiog atsipalaiduoti. Rankdarbi\u0173 dirbtuv\u0117se mokoma su esan\u010diomis po ranka namuose priemon\u0117mis pakeisti aplink\u0105 \u2013 papuo\u0161ti j\u0105 \u012fvairiais dirbiniais, aksesuarais, sumeistrauti inkil\u0117lius ar l\u0117li\u0173 namus. Dirbtuv\u0117s paprastai vyksta kiekvien\u0105 savaitgal\u012f, \u0161e\u0161tadieniais. Dirbtuv\u0117s yra mokamos. Meistr\u0173 kursai Meistr\u0173 kursus veda savo srities profesionalai ir dailininkai. Tai kursai, kuri\u0173 metu gilinamasi \u012f \u012fvairias technikas, supa\u017eindinama su konkre\u010dios med\u017eiagos istorija ir jos panaudojimo galimyb\u0117mis, su profesionalais aptariamos naujos meno kryptys ar i\u0161 naujo atrandami laiko \u016bkanose paskend\u0119 menai. Organizuojami \u012fvair\u016bs teminiai meistr\u0173 kursai. Meistr\u0173 kursuose laukiame vis\u0173, kuriuos domina menin\u0117 savirai\u0161ka. Ankstesn\u0117 patirtis dirbant su konkre\u010dia med\u017eiaga n\u0117ra svarbu ir nereikia baimintis, kad ko nors nemokate \u2013 visi sugeb\u0117s! Meistr\u0173 kursai yra mokami. Paprastai \u012f \u201eSkizze\u201c dirbtuvi\u0173 &hellip; T\u0119sinys","og_url":"https:\/\/hobstop.ee\/lt\/studija-2\/apie-dirbtuves-ir-kursus\/","og_site_name":"Skizze","article_publisher":"http:\/\/www.facebook.com\/VunderSkizze","article_modified_time":"2015-11-30T08:39:19+00:00","twitter_card":"summary_large_image","twitter_misc":{"Est. reading time":"2 minutes"},"schema":{"@context":"https:\/\/schema.org","@graph":[{"@type":"WebPage","@id":"https:\/\/hobstop.ee\/lt\/studija-2\/apie-dirbtuves-ir-kursus\/","url":"https:\/\/hobstop.ee\/lt\/studija-2\/apie-dirbtuves-ir-kursus\/","name":"Apie dirbtuves ir kursus &#8211; Skizze","isPartOf":{"@id":"https:\/\/hobstop.ee\/lt\/#website"},"datePublished":"2015-01-09T13:00:18+00:00","dateModified":"2015-11-30T08:39:19+00:00","breadcrumb":{"@id":"https:\/\/hobstop.ee\/lt\/studija-2\/apie-dirbtuves-ir-kursus\/#breadcrumb"},"inLanguage":"lt","potentialAction":[{"@type":"ReadAction","target":["https:\/\/hobstop.ee\/lt\/studija-2\/apie-dirbtuves-ir-kursus\/"]}]},{"@type":"BreadcrumbList","@id":"https:\/\/hobstop.ee\/lt\/studija-2\/apie-dirbtuves-ir-kursus\/#breadcrumb","itemListElement":[{"@type":"ListItem","position":1,"name":"Avaleht","item":"https:\/\/hobstop.ee\/lt\/"},{"@type":"ListItem","position":2,"name":"Studija","item":"https:\/\/hobstop.ee\/lt\/studija-2\/"},{"@type":"ListItem","position":3,"name":"Apie dirbtuves ir kursus"}]},{"@type":"WebSite","@id":"https:\/\/hobstop.ee\/lt\/#website","url":"https:\/\/hobstop.ee\/lt\/","name":"Skizze","description":"Dail\u0117s, pom\u0117gi\u0173 ir mokykliniai reikm\u0117nys","publisher":{"@id":"https:\/\/hobstop.ee\/lt\/#organization"},"potentialAction":[{"@type":"SearchAction","target":{"@type":"EntryPoint","urlTemplate":"https:\/\/hobstop.ee\/lt\/?s={search_term_string}"},"query-input":{"@type":"PropertyValueSpecification","valueRequired":true,"valueName":"search_term_string"}}],"inLanguage":"lt"},{"@type":"Organization","@id":"https:\/\/hobstop.ee\/lt\/#organization","name":"Vunder AS","url":"https:\/\/hobstop.ee\/lt\/","logo":{"@type":"ImageObject","inLanguage":"lt","@id":"https:\/\/hobstop.ee\/lt\/#\/schema\/logo\/image\/","url":"https:\/\/hobstop.ee\/media\/vunder-logo.png","contentUrl":"https:\/\/hobstop.ee\/media\/vunder-logo.png","width":127,"height":55,"caption":"Vunder AS"},"image":{"@id":"https:\/\/hobstop.ee\/lt\/#\/schema\/logo\/image\/"},"sameAs":["http:\/\/www.facebook.com\/VunderSkizze"]}]}},"_links":{"self":[{"href":"https:\/\/hobstop.ee\/lt\/wp-json\/wp\/v2\/pages\/63851","targetHints":{"allow":["GET"]}}],"collection":[{"href":"https:\/\/hobstop.ee\/lt\/wp-json\/wp\/v2\/pages"}],"about":[{"href":"https:\/\/hobstop.ee\/lt\/wp-json\/wp\/v2\/types\/page"}],"author":[{"embeddable":true,"href":"https:\/\/hobstop.ee\/lt\/wp-json\/wp\/v2\/users\/2"}],"replies":[{"embeddable":true,"href":"https:\/\/hobstop.ee\/lt\/wp-json\/wp\/v2\/comments?post=63851"}],"version-history":[{"count":4,"href":"https:\/\/hobstop.ee\/lt\/wp-json\/wp\/v2\/pages\/63851\/revisions"}],"predecessor-version":[{"id":237837,"href":"https:\/\/hobstop.ee\/lt\/wp-json\/wp\/v2\/pages\/63851\/revisions\/237837"}],"up":[{"embeddable":true,"href":"https:\/\/hobstop.ee\/lt\/wp-json\/wp\/v2\/pages\/936"}],"wp:attachment":[{"href":"https:\/\/hobstop.ee\/lt\/wp-json\/wp\/v2\/media?parent=63851"}],"curies":[{"name":"wp","href":"https:\/\/api.w.org\/{rel}","templated":true}]}}