{"id":931,"date":"2014-08-11T14:41:32","date_gmt":"2014-08-11T11:41:32","guid":{"rendered":"https:\/\/sharks.ee\/vunder_2019.klient.veebimajutus.ee\/?page_id=931"},"modified":"2019-01-09T09:52:27","modified_gmt":"2019-01-09T07:52:27","slug":"kontaktai","status":"publish","type":"page","link":"https:\/\/hobstop.ee\/lt\/kontaktai\/","title":{"rendered":"Kontaktai"},"content":{"rendered":"<div class=\"row\"><div class=\"col-sm-3\">\n<h3>El. parduotuv\u0117<\/h3>\n<p>tel. 65 596 273<br \/>\ne-mail: <a href=\"mailto:lietuva@vunder.eu\" target=\"_blank\">lietuva@vunder.eu<br \/>\n<\/a>I &#8211; V 09.00-17.00<a href=\"mailto:lietuva@vunder.eu\" target=\"_blank\"><br \/>\n<\/a><\/p>\n<p><\/p><\/div><div class=\"col-sm-3\">\n<h3><img loading=\"lazy\" decoding=\"async\" class=\"alignnone wp-image-291\" src=\"https:\/\/hobstop.ee\/media\/\/logo-skizze-300x123.png\" alt=\"logo-skizze\" width=\"59\" height=\"24\" srcset=\"https:\/\/hobstop.ee\/media\/logo-skizze-300x123.png 300w, https:\/\/hobstop.ee\/media\/logo-skizze-385x158.png 385w, https:\/\/hobstop.ee\/media\/logo-skizze-115x47.png 115w, https:\/\/hobstop.ee\/media\/logo-skizze-230x94.png 230w, https:\/\/hobstop.ee\/media\/logo-skizze.png 400w\" sizes=\"auto, (max-width: 59px) 100vw, 59px\" \/>\u00a0Vilnius<\/h3>\n<p>Atelj\u0117 &#8220;Eskizas&#8221;\u00a0UAB<br \/>\nS\u0117li\u0173 g. 39, Vilnius<br \/>\ntel. (8 5) 247 1865<br \/>\ne-mail: <a href=\"mailto:vilnius@skizze.lt\" target=\"_blank\">vilnius@skizze.lt<\/a><br \/>\nI &#8211; V 10.00-18.30<br \/>\nVI\u00a010.00-15.00<br \/>\nVII nedirba<\/p>\n<p><\/p><\/div><div class=\"col-sm-3\">\n<h3><img loading=\"lazy\" decoding=\"async\" class=\"alignnone wp-image-291\" src=\"https:\/\/hobstop.ee\/media\/\/logo-skizze-300x123.png\" alt=\"logo-skizze\" width=\"59\" height=\"24\" srcset=\"https:\/\/hobstop.ee\/media\/logo-skizze-300x123.png 300w, https:\/\/hobstop.ee\/media\/logo-skizze-385x158.png 385w, https:\/\/hobstop.ee\/media\/logo-skizze-115x47.png 115w, https:\/\/hobstop.ee\/media\/logo-skizze-230x94.png 230w, https:\/\/hobstop.ee\/media\/logo-skizze.png 400w\" sizes=\"auto, (max-width: 59px) 100vw, 59px\" \/>\u00a0\u0160iauliai<\/h3>\n<p>&#8220;Dail\u0117s Prek\u0117s&#8221;\u00a0UAB<br \/>\nTil\u017e\u0117s g. 139,\u00a0\u0160iauliai<br \/>\ntel. (8\u00a041) 200 267<br \/>\ne-mail: <a href=\"mailto:siauliai@skizze.lt\" target=\"_blank\">siauliai@skizze.lt<\/a><br \/>\nI &#8211; V 10.00-18.00<br \/>\nVI\u00a010.00-15.00<br \/>\nVII nedirba<\/p>\n<p><\/p><\/div><div class=\"col-sm-3\">\n<h3>Lietuvos atstovyb\u0117<\/h3>\n<p>tel. 65 596 273<br \/>\nfax (+372) 65 64 216<br \/>\ne-mail: <a href=\"mailto:lietuva@vunder.eu\" target=\"_blank\">lietuva@vunder.eu<\/a><\/p>\n<p><\/p><\/div><\/div>\n<hr \/>\n<div class=\"row\">\n<p><div class=\"col-sm-3\">\n<h3><img loading=\"lazy\" decoding=\"async\" class=\"alignnone wp-image-291\" src=\"https:\/\/hobstop.ee\/media\/\/logo-skizze-300x123.png\" alt=\"logo-skizze\" width=\"59\" height=\"24\" srcset=\"https:\/\/hobstop.ee\/media\/logo-skizze-300x123.png 300w, https:\/\/hobstop.ee\/media\/logo-skizze-385x158.png 385w, https:\/\/hobstop.ee\/media\/logo-skizze-115x47.png 115w, https:\/\/hobstop.ee\/media\/logo-skizze-230x94.png 230w, https:\/\/hobstop.ee\/media\/logo-skizze.png 400w\" sizes=\"auto, (max-width: 59px) 100vw, 59px\" \/>\u00a0Tallinn<\/h3>\n<p>Pirni 7, Tallinn<br \/>\ntel. (+372) 65 64 225<br \/>\ne-mail:\u00a0<a href=\"mailto:tallinn@skizze.ee\" target=\"_blank\">tallinn@skizze.ee<\/a><br \/>\nI\u00a0&#8211; V 09.00-18.00<br \/>\nVI 10.00-16.00<br \/>\nVII nedirba<\/p>\n<p><\/p><\/div><div class=\"col-sm-3\">\n<h3><img loading=\"lazy\" decoding=\"async\" class=\"alignnone wp-image-291\" src=\"https:\/\/hobstop.ee\/media\/\/logo-skizze-300x123.png\" alt=\"logo-skizze\" width=\"59\" height=\"24\" srcset=\"https:\/\/hobstop.ee\/media\/logo-skizze-300x123.png 300w, https:\/\/hobstop.ee\/media\/logo-skizze-385x158.png 385w, https:\/\/hobstop.ee\/media\/logo-skizze-115x47.png 115w, https:\/\/hobstop.ee\/media\/logo-skizze-230x94.png 230w, https:\/\/hobstop.ee\/media\/logo-skizze.png 400w\" sizes=\"auto, (max-width: 59px) 100vw, 59px\" \/>\u00a0ARS<\/h3>\n<p>P\u00e4rnu mnt 154, Tallinn<br \/>\ntel. (+372)\u00a065 95 550<br \/>\ne-mail: ars@skizze.ee<br \/>\nI\u00a0&#8211; V 10.00-18.00<br \/>\nVI 10.00-15.00<br \/>\nVII nedirba<\/p>\n<p><\/p><\/div><div class=\"col-sm-3\">\n<h3><img loading=\"lazy\" decoding=\"async\" class=\"alignnone wp-image-291\" src=\"https:\/\/hobstop.ee\/media\/\/logo-skizze-300x123.png\" alt=\"logo-skizze\" width=\"59\" height=\"24\" srcset=\"https:\/\/hobstop.ee\/media\/logo-skizze-300x123.png 300w, https:\/\/hobstop.ee\/media\/logo-skizze-385x158.png 385w, https:\/\/hobstop.ee\/media\/logo-skizze-115x47.png 115w, https:\/\/hobstop.ee\/media\/logo-skizze-230x94.png 230w, https:\/\/hobstop.ee\/media\/logo-skizze.png 400w\" sizes=\"auto, (max-width: 59px) 100vw, 59px\" \/>\u00a0Tartu<\/h3>\n<p>Riia 10, Tartu<br \/>\ntel. (+372) 7 381 591<br \/>\ne-mail: <a href=\"mailto:tartu@skizze.ee\" target=\"_blank\">tartu@skizze.ee<\/a><br \/>\nI &#8211; V 10.00-18.00<br \/>\nVI\u00a010.00-15.00<br \/>\nVII nedirba<\/p>\n<p><\/p><\/div><div class=\"col-sm-3\">\n<h3>Biuras ir sandelys<\/h3>\n<p>Kesk tee 9, J\u00fcri Tehnopark<br \/>\ntel. (+372) 65 64 003<br \/>\nfax. (+372) 65 64 216<br \/>\ne-mail: <a href=\"mailto:info@sharks.ee\" target=\"_blank\">info@sharks.ee<\/a><br \/>\nI &#8211; V 08.30-17.00<br \/>\nVI\u00a0&#8211; VII\u00a0nedirba<\/p>\n<p><\/p><\/div><\/p><\/div>\n<div class=\"row\"><div class=\"col-sm-3\">\n<p><\/p><\/div><div class=\"col-sm-3\">\n<h3>Latvijos atstovyb\u0117<\/h3>\n<p>Vunder Art SIA<br \/>\nT\u0113raudlietuves iela 22,\u00a0Riga<br \/>\ntel.\u00a0(+371) 67 311 012<br \/>\nfax\u00a0(+371) 67 311 013<br \/>\ne-mail: <a href=\"mailto:latvija@vunder.eu\" target=\"_blank\">latvija@vunder.eu<\/a><br \/>\nI &#8211; V 08.00-16.00<br \/>\nVI\u00a0&#8211; VII\u00a0nedirba<br \/>\n<\/p><\/div>\n<p><div class=\"col-sm-3\">\n<p>&nbsp;<\/p>\n<p><\/p><\/div><div class=\"col-sm-3\">\n<h3>\u012emon\u0117s rekvizitai<\/h3>\n<p>AS Vunder<br \/>\nPirni 7, 10617 Tallinn<br \/>\n\u012emon\u0117s kodas : 10324324<br \/>\nPVM mok\u0117tojo kodas : EE100098200<br \/>\na.s. EE202200221001115579<\/p>\n<p><\/p><\/div><\/p><\/div>\n","protected":false},"excerpt":{"rendered":"","protected":false},"author":1,"featured_media":0,"parent":0,"menu_order":0,"comment_status":"closed","ping_status":"closed","template":"page-contact.php","meta":{"_acf_changed":false,"ep_exclude_from_search":false,"footnotes":""},"class_list":["post-931","page","type-page","status-publish","hentry"],"acf":[],"yoast_head":"<!-- This site is optimized with the Yoast SEO plugin v24.1 - https:\/\/yoast.com\/wordpress\/plugins\/seo\/ -->\n<title>Kontaktai - \u201eSkizze\u201c dail\u0117s reikmen\u0173 parduotuv\u0117s<\/title>\n<meta name=\"description\" content=\"Skizze parduotuv\u0117se platus pasirinkimas kokybi\u0161k\u0173 dail\u0117s reikmen\u0173, hobio priemoni\u0173, mokyklini\u0173 preki\u0173, popieriaus. Pa\u017ei\u016br\u0117kite, kur mes esame!\" \/>\n<meta name=\"robots\" content=\"noindex, follow, max-snippet:-1, max-image-preview:large, max-video-preview:-1\" \/>\n<meta property=\"og:locale\" content=\"lt_LT\" \/>\n<meta property=\"og:type\" content=\"article\" \/>\n<meta property=\"og:title\" content=\"Kontaktai - \u201eSkizze\u201c dail\u0117s reikmen\u0173 parduotuv\u0117s\" \/>\n<meta property=\"og:description\" content=\"Skizze parduotuv\u0117se platus pasirinkimas kokybi\u0161k\u0173 dail\u0117s reikmen\u0173, hobio priemoni\u0173, mokyklini\u0173 preki\u0173, popieriaus. Pa\u017ei\u016br\u0117kite, kur mes esame!\" \/>\n<meta property=\"og:url\" content=\"https:\/\/hobstop.ee\/lt\/kontaktai\/\" \/>\n<meta property=\"og:site_name\" content=\"Skizze\" \/>\n<meta property=\"article:publisher\" content=\"http:\/\/www.facebook.com\/VunderSkizze\" \/>\n<meta property=\"article:modified_time\" content=\"2019-01-09T07:52:27+00:00\" \/>\n<meta property=\"og:image\" content=\"https:\/\/hobstop.ee\/media\/\/logo-skizze-300x123.png\" \/>\n<meta name=\"twitter:card\" content=\"summary_large_image\" \/>\n<meta name=\"twitter:label1\" content=\"Est. reading time\" \/>\n\t<meta name=\"twitter:data1\" content=\"1 minute\" \/>\n<script type=\"application\/ld+json\" class=\"yoast-schema-graph\">{\"@context\":\"https:\/\/schema.org\",\"@graph\":[{\"@type\":\"WebPage\",\"@id\":\"https:\/\/hobstop.ee\/lt\/kontaktai\/\",\"url\":\"https:\/\/hobstop.ee\/lt\/kontaktai\/\",\"name\":\"Kontaktai - \u201eSkizze\u201c dail\u0117s reikmen\u0173 parduotuv\u0117s\",\"isPartOf\":{\"@id\":\"https:\/\/hobstop.ee\/lt\/#website\"},\"primaryImageOfPage\":{\"@id\":\"https:\/\/hobstop.ee\/lt\/kontaktai\/#primaryimage\"},\"image\":{\"@id\":\"https:\/\/hobstop.ee\/lt\/kontaktai\/#primaryimage\"},\"thumbnailUrl\":\"https:\/\/hobstop.ee\/media\/\/logo-skizze-300x123.png\",\"datePublished\":\"2014-08-11T11:41:32+00:00\",\"dateModified\":\"2019-01-09T07:52:27+00:00\",\"description\":\"Skizze parduotuv\u0117se platus pasirinkimas kokybi\u0161k\u0173 dail\u0117s reikmen\u0173, hobio priemoni\u0173, mokyklini\u0173 preki\u0173, popieriaus. Pa\u017ei\u016br\u0117kite, kur mes esame!\",\"breadcrumb\":{\"@id\":\"https:\/\/hobstop.ee\/lt\/kontaktai\/#breadcrumb\"},\"inLanguage\":\"lt\",\"potentialAction\":[{\"@type\":\"ReadAction\",\"target\":[\"https:\/\/hobstop.ee\/lt\/kontaktai\/\"]}]},{\"@type\":\"ImageObject\",\"inLanguage\":\"lt\",\"@id\":\"https:\/\/hobstop.ee\/lt\/kontaktai\/#primaryimage\",\"url\":\"https:\/\/hobstop.ee\/media\/\/logo-skizze-300x123.png\",\"contentUrl\":\"https:\/\/hobstop.ee\/media\/\/logo-skizze-300x123.png\"},{\"@type\":\"BreadcrumbList\",\"@id\":\"https:\/\/hobstop.ee\/lt\/kontaktai\/#breadcrumb\",\"itemListElement\":[{\"@type\":\"ListItem\",\"position\":1,\"name\":\"Avaleht\",\"item\":\"https:\/\/hobstop.ee\/lt\/\"},{\"@type\":\"ListItem\",\"position\":2,\"name\":\"Kontaktai\"}]},{\"@type\":\"WebSite\",\"@id\":\"https:\/\/hobstop.ee\/lt\/#website\",\"url\":\"https:\/\/hobstop.ee\/lt\/\",\"name\":\"Skizze\",\"description\":\"Dail\u0117s, pom\u0117gi\u0173 ir mokykliniai reikm\u0117nys\",\"publisher\":{\"@id\":\"https:\/\/hobstop.ee\/lt\/#organization\"},\"potentialAction\":[{\"@type\":\"SearchAction\",\"target\":{\"@type\":\"EntryPoint\",\"urlTemplate\":\"https:\/\/hobstop.ee\/lt\/?s={search_term_string}\"},\"query-input\":{\"@type\":\"PropertyValueSpecification\",\"valueRequired\":true,\"valueName\":\"search_term_string\"}}],\"inLanguage\":\"lt\"},{\"@type\":\"Organization\",\"@id\":\"https:\/\/hobstop.ee\/lt\/#organization\",\"name\":\"Vunder AS\",\"url\":\"https:\/\/hobstop.ee\/lt\/\",\"logo\":{\"@type\":\"ImageObject\",\"inLanguage\":\"lt\",\"@id\":\"https:\/\/hobstop.ee\/lt\/#\/schema\/logo\/image\/\",\"url\":\"https:\/\/hobstop.ee\/media\/vunder-logo.png\",\"contentUrl\":\"https:\/\/hobstop.ee\/media\/vunder-logo.png\",\"width\":127,\"height\":55,\"caption\":\"Vunder AS\"},\"image\":{\"@id\":\"https:\/\/hobstop.ee\/lt\/#\/schema\/logo\/image\/\"},\"sameAs\":[\"http:\/\/www.facebook.com\/VunderSkizze\"]}]}<\/script>\n<!-- \/ Yoast SEO plugin. -->","yoast_head_json":{"title":"Kontaktai - \u201eSkizze\u201c dail\u0117s reikmen\u0173 parduotuv\u0117s","description":"Skizze parduotuv\u0117se platus pasirinkimas kokybi\u0161k\u0173 dail\u0117s reikmen\u0173, hobio priemoni\u0173, mokyklini\u0173 preki\u0173, popieriaus. Pa\u017ei\u016br\u0117kite, kur mes esame!","robots":{"index":"noindex","follow":"follow","max-snippet":"max-snippet:-1","max-image-preview":"max-image-preview:large","max-video-preview":"max-video-preview:-1"},"og_locale":"lt_LT","og_type":"article","og_title":"Kontaktai - \u201eSkizze\u201c dail\u0117s reikmen\u0173 parduotuv\u0117s","og_description":"Skizze parduotuv\u0117se platus pasirinkimas kokybi\u0161k\u0173 dail\u0117s reikmen\u0173, hobio priemoni\u0173, mokyklini\u0173 preki\u0173, popieriaus. Pa\u017ei\u016br\u0117kite, kur mes esame!","og_url":"https:\/\/hobstop.ee\/lt\/kontaktai\/","og_site_name":"Skizze","article_publisher":"http:\/\/www.facebook.com\/VunderSkizze","article_modified_time":"2019-01-09T07:52:27+00:00","og_image":[{"url":"https:\/\/hobstop.ee\/media\/\/logo-skizze-300x123.png","type":"","width":"","height":""}],"twitter_card":"summary_large_image","twitter_misc":{"Est. reading time":"1 minute"},"schema":{"@context":"https:\/\/schema.org","@graph":[{"@type":"WebPage","@id":"https:\/\/hobstop.ee\/lt\/kontaktai\/","url":"https:\/\/hobstop.ee\/lt\/kontaktai\/","name":"Kontaktai - \u201eSkizze\u201c dail\u0117s reikmen\u0173 parduotuv\u0117s","isPartOf":{"@id":"https:\/\/hobstop.ee\/lt\/#website"},"primaryImageOfPage":{"@id":"https:\/\/hobstop.ee\/lt\/kontaktai\/#primaryimage"},"image":{"@id":"https:\/\/hobstop.ee\/lt\/kontaktai\/#primaryimage"},"thumbnailUrl":"https:\/\/hobstop.ee\/media\/\/logo-skizze-300x123.png","datePublished":"2014-08-11T11:41:32+00:00","dateModified":"2019-01-09T07:52:27+00:00","description":"Skizze parduotuv\u0117se platus pasirinkimas kokybi\u0161k\u0173 dail\u0117s reikmen\u0173, hobio priemoni\u0173, mokyklini\u0173 preki\u0173, popieriaus. Pa\u017ei\u016br\u0117kite, kur mes esame!","breadcrumb":{"@id":"https:\/\/hobstop.ee\/lt\/kontaktai\/#breadcrumb"},"inLanguage":"lt","potentialAction":[{"@type":"ReadAction","target":["https:\/\/hobstop.ee\/lt\/kontaktai\/"]}]},{"@type":"ImageObject","inLanguage":"lt","@id":"https:\/\/hobstop.ee\/lt\/kontaktai\/#primaryimage","url":"https:\/\/hobstop.ee\/media\/\/logo-skizze-300x123.png","contentUrl":"https:\/\/hobstop.ee\/media\/\/logo-skizze-300x123.png"},{"@type":"BreadcrumbList","@id":"https:\/\/hobstop.ee\/lt\/kontaktai\/#breadcrumb","itemListElement":[{"@type":"ListItem","position":1,"name":"Avaleht","item":"https:\/\/hobstop.ee\/lt\/"},{"@type":"ListItem","position":2,"name":"Kontaktai"}]},{"@type":"WebSite","@id":"https:\/\/hobstop.ee\/lt\/#website","url":"https:\/\/hobstop.ee\/lt\/","name":"Skizze","description":"Dail\u0117s, pom\u0117gi\u0173 ir mokykliniai reikm\u0117nys","publisher":{"@id":"https:\/\/hobstop.ee\/lt\/#organization"},"potentialAction":[{"@type":"SearchAction","target":{"@type":"EntryPoint","urlTemplate":"https:\/\/hobstop.ee\/lt\/?s={search_term_string}"},"query-input":{"@type":"PropertyValueSpecification","valueRequired":true,"valueName":"search_term_string"}}],"inLanguage":"lt"},{"@type":"Organization","@id":"https:\/\/hobstop.ee\/lt\/#organization","name":"Vunder AS","url":"https:\/\/hobstop.ee\/lt\/","logo":{"@type":"ImageObject","inLanguage":"lt","@id":"https:\/\/hobstop.ee\/lt\/#\/schema\/logo\/image\/","url":"https:\/\/hobstop.ee\/media\/vunder-logo.png","contentUrl":"https:\/\/hobstop.ee\/media\/vunder-logo.png","width":127,"height":55,"caption":"Vunder AS"},"image":{"@id":"https:\/\/hobstop.ee\/lt\/#\/schema\/logo\/image\/"},"sameAs":["http:\/\/www.facebook.com\/VunderSkizze"]}]}},"_links":{"self":[{"href":"https:\/\/hobstop.ee\/lt\/wp-json\/wp\/v2\/pages\/931","targetHints":{"allow":["GET"]}}],"collection":[{"href":"https:\/\/hobstop.ee\/lt\/wp-json\/wp\/v2\/pages"}],"about":[{"href":"https:\/\/hobstop.ee\/lt\/wp-json\/wp\/v2\/types\/page"}],"author":[{"embeddable":true,"href":"https:\/\/hobstop.ee\/lt\/wp-json\/wp\/v2\/users\/1"}],"replies":[{"embeddable":true,"href":"https:\/\/hobstop.ee\/lt\/wp-json\/wp\/v2\/comments?post=931"}],"version-history":[{"count":54,"href":"https:\/\/hobstop.ee\/lt\/wp-json\/wp\/v2\/pages\/931\/revisions"}],"predecessor-version":[{"id":331088,"href":"https:\/\/hobstop.ee\/lt\/wp-json\/wp\/v2\/pages\/931\/revisions\/331088"}],"wp:attachment":[{"href":"https:\/\/hobstop.ee\/lt\/wp-json\/wp\/v2\/media?parent=931"}],"curies":[{"name":"wp","href":"https:\/\/api.w.org\/{rel}","templated":true}]}}