{"id":119512,"date":"2015-07-01T13:47:24","date_gmt":"2015-07-01T10:47:24","guid":{"rendered":"http:\/\/vunder-ee.sn25.zone.eu\/lt\/product\/kopeciu-metaphys-lucano-1-laiptai\/"},"modified":"2015-07-01T13:47:24","modified_gmt":"2015-07-01T10:47:24","slug":"kopeciu-metaphys-lucano-1-laiptai","status":"publish","type":"product","link":"https:\/\/hobstop.ee\/lt\/produktas\/kopeciu-metaphys-lucano-1-laiptai\/","title":{"rendered":"Kope\u010di\u0173 Metaphys Lucano 1 laiptai"},"content":{"rendered":"<p>Lengvos ir patvarios vienos pakopos aliuminio kop\u0117\u010dios, ne tik reikalingas buityje daiktas, bet ir modernios i\u0161vaizdos dizaino elementas. Trikampis kojeli\u0173 ir pakop\u0173 pj\u016bvis kop\u0117\u010dioms suteikia stilingumo, jos yra siauresn\u0117s nei \u012fprastos, tod\u0117l jas yra patogu sand\u0117liuoti. Aptakios ir lygios formos, pavir\u0161iaus ir kamp\u0173, pasl\u0117ptais tvirtinimo elementais. Yra apdovanotos \u201eBest of the Best 2010\u201c Red Dot Award.<br \/>\nMatmenys: 39x28x15.5cm (sud\u0117tos) 39x24x33.5cm (i\u0161skleistos)<br \/>\nMas\u0117: 1.7kg<br \/>\nKeliamoji galia: maks. 100kg<\/p>\n","protected":false},"excerpt":{"rendered":"<p>Lengvos ir patvarios vienos pakopos aliuminio kop\u0117\u010dios, ne tik reikalingas buityje daiktas, bet ir modernios i\u0161vaizdos dizaino elementas. Trikampis kojeli\u0173 ir pakop\u0173 pj\u016bvis kop\u0117\u010dioms suteikia stilingumo, jos yra siauresn\u0117s nei \u012fprastos, tod\u0117l jas yra patogu sand\u0117liuoti. Aptakios ir lygios formos, pavir\u0161iaus ir kamp\u0173, pasl\u0117ptais tvirtinimo elementais. Yra apdovanotos \u201eBest of the Best 2010\u201c Red Dot Award. Matmenys: 39x28x15.5cm (sud\u0117tos) 39x24x33.5cm (i\u0161skleistos) Mas\u0117: 1.7kg Keliamoji galia: maks. 100kg<\/p>\n","protected":false},"featured_media":143029,"comment_status":"closed","ping_status":"closed","template":"","meta":{"_acf_changed":false,"ep_exclude_from_search":false},"product_cat":[18923,19953,17914],"product_tag":[],"class_list":{"0":"post-119512","1":"product","2":"type-product","3":"status-publish","4":"has-post-thumbnail","6":"product_cat-ivairus-34","7":"product_cat-ivairus-47","8":"product_cat-rastines-prekes","10":"first","11":"instock","12":"sale","13":"taxable","14":"shipping-taxable","15":"purchasable","16":"product-type-variable"},"acf":[],"yoast_head":"<!-- This site is optimized with the Yoast SEO plugin v24.1 - https:\/\/yoast.com\/wordpress\/plugins\/seo\/ -->\n<title>Kope\u010di\u0173 Metaphys Lucano 1 laiptai &#8211; Skizze<\/title>\n<meta name=\"robots\" content=\"noindex, follow, max-snippet:-1, max-image-preview:large, max-video-preview:-1\" \/>\n<meta property=\"og:locale\" content=\"lt_LT\" \/>\n<meta property=\"og:type\" content=\"article\" \/>\n<meta property=\"og:title\" content=\"Kope\u010di\u0173 Metaphys Lucano 1 laiptai &#8211; Skizze\" \/>\n<meta property=\"og:description\" content=\"Lengvos ir patvarios vienos pakopos aliuminio kop\u0117\u010dios, ne tik reikalingas buityje daiktas, bet ir modernios i\u0161vaizdos dizaino elementas. Trikampis kojeli\u0173 ir pakop\u0173 pj\u016bvis kop\u0117\u010dioms suteikia stilingumo, jos yra siauresn\u0117s nei \u012fprastos, tod\u0117l jas yra patogu sand\u0117liuoti. Aptakios ir lygios formos, pavir\u0161iaus ir kamp\u0173, pasl\u0117ptais tvirtinimo elementais. Yra apdovanotos \u201eBest of the Best 2010\u201c Red Dot Award. Matmenys: 39x28x15.5cm (sud\u0117tos) 39x24x33.5cm (i\u0161skleistos) Mas\u0117: 1.7kg Keliamoji galia: maks. 100kg\" \/>\n<meta property=\"og:url\" content=\"https:\/\/hobstop.ee\/lt\/produktas\/kopeciu-metaphys-lucano-1-laiptai\/\" \/>\n<meta property=\"og:site_name\" content=\"Skizze\" \/>\n<meta property=\"article:publisher\" content=\"http:\/\/www.facebook.com\/VunderSkizze\" \/>\n<meta property=\"og:image\" content=\"https:\/\/hobstop.ee\/media\/3904.jpg\" \/>\n\t<meta property=\"og:image:width\" content=\"1024\" \/>\n\t<meta property=\"og:image:height\" content=\"768\" \/>\n\t<meta property=\"og:image:type\" content=\"image\/jpeg\" \/>\n<meta name=\"twitter:card\" content=\"summary_large_image\" \/>\n<script type=\"application\/ld+json\" class=\"yoast-schema-graph\">{\"@context\":\"https:\/\/schema.org\",\"@graph\":[{\"@type\":\"WebPage\",\"@id\":\"https:\/\/hobstop.ee\/lt\/produktas\/kopeciu-metaphys-lucano-1-laiptai\/\",\"url\":\"https:\/\/hobstop.ee\/lt\/produktas\/kopeciu-metaphys-lucano-1-laiptai\/\",\"name\":\"Kope\u010di\u0173 Metaphys Lucano 1 laiptai &#8211; Skizze\",\"isPartOf\":{\"@id\":\"https:\/\/hobstop.ee\/lt\/#website\"},\"primaryImageOfPage\":{\"@id\":\"https:\/\/hobstop.ee\/lt\/produktas\/kopeciu-metaphys-lucano-1-laiptai\/#primaryimage\"},\"image\":{\"@id\":\"https:\/\/hobstop.ee\/lt\/produktas\/kopeciu-metaphys-lucano-1-laiptai\/#primaryimage\"},\"thumbnailUrl\":\"https:\/\/hobstop.ee\/media\/3904.jpg\",\"datePublished\":\"2015-07-01T10:47:24+00:00\",\"dateModified\":\"2015-07-01T10:47:24+00:00\",\"breadcrumb\":{\"@id\":\"https:\/\/hobstop.ee\/lt\/produktas\/kopeciu-metaphys-lucano-1-laiptai\/#breadcrumb\"},\"inLanguage\":\"lt\",\"potentialAction\":[{\"@type\":\"ReadAction\",\"target\":[\"https:\/\/hobstop.ee\/lt\/produktas\/kopeciu-metaphys-lucano-1-laiptai\/\"]}]},{\"@type\":\"ImageObject\",\"inLanguage\":\"lt\",\"@id\":\"https:\/\/hobstop.ee\/lt\/produktas\/kopeciu-metaphys-lucano-1-laiptai\/#primaryimage\",\"url\":\"https:\/\/hobstop.ee\/media\/3904.jpg\",\"contentUrl\":\"https:\/\/hobstop.ee\/media\/3904.jpg\",\"width\":1024,\"height\":768},{\"@type\":\"BreadcrumbList\",\"@id\":\"https:\/\/hobstop.ee\/lt\/produktas\/kopeciu-metaphys-lucano-1-laiptai\/#breadcrumb\",\"itemListElement\":[{\"@type\":\"ListItem\",\"position\":1,\"name\":\"Avaleht\",\"item\":\"https:\/\/hobstop.ee\/lt\/\"},{\"@type\":\"ListItem\",\"position\":2,\"name\":\"Parduotuv\u0117\",\"item\":\"https:\/\/hobstop.ee\/lt\/parduotuve\/\"},{\"@type\":\"ListItem\",\"position\":3,\"name\":\"Kope\u010di\u0173 Metaphys Lucano 1 laiptai\"}]},{\"@type\":\"WebSite\",\"@id\":\"https:\/\/hobstop.ee\/lt\/#website\",\"url\":\"https:\/\/hobstop.ee\/lt\/\",\"name\":\"Skizze\",\"description\":\"Dail\u0117s, pom\u0117gi\u0173 ir mokykliniai reikm\u0117nys\",\"publisher\":{\"@id\":\"https:\/\/hobstop.ee\/lt\/#organization\"},\"potentialAction\":[{\"@type\":\"SearchAction\",\"target\":{\"@type\":\"EntryPoint\",\"urlTemplate\":\"https:\/\/hobstop.ee\/lt\/?s={search_term_string}\"},\"query-input\":{\"@type\":\"PropertyValueSpecification\",\"valueRequired\":true,\"valueName\":\"search_term_string\"}}],\"inLanguage\":\"lt\"},{\"@type\":\"Organization\",\"@id\":\"https:\/\/hobstop.ee\/lt\/#organization\",\"name\":\"Vunder AS\",\"url\":\"https:\/\/hobstop.ee\/lt\/\",\"logo\":{\"@type\":\"ImageObject\",\"inLanguage\":\"lt\",\"@id\":\"https:\/\/hobstop.ee\/lt\/#\/schema\/logo\/image\/\",\"url\":\"https:\/\/hobstop.ee\/media\/vunder-logo.png\",\"contentUrl\":\"https:\/\/hobstop.ee\/media\/vunder-logo.png\",\"width\":127,\"height\":55,\"caption\":\"Vunder AS\"},\"image\":{\"@id\":\"https:\/\/hobstop.ee\/lt\/#\/schema\/logo\/image\/\"},\"sameAs\":[\"http:\/\/www.facebook.com\/VunderSkizze\"]}]}<\/script>\n<!-- \/ Yoast SEO plugin. -->","yoast_head_json":{"title":"Kope\u010di\u0173 Metaphys Lucano 1 laiptai &#8211; Skizze","robots":{"index":"noindex","follow":"follow","max-snippet":"max-snippet:-1","max-image-preview":"max-image-preview:large","max-video-preview":"max-video-preview:-1"},"og_locale":"lt_LT","og_type":"article","og_title":"Kope\u010di\u0173 Metaphys Lucano 1 laiptai &#8211; Skizze","og_description":"Lengvos ir patvarios vienos pakopos aliuminio kop\u0117\u010dios, ne tik reikalingas buityje daiktas, bet ir modernios i\u0161vaizdos dizaino elementas. Trikampis kojeli\u0173 ir pakop\u0173 pj\u016bvis kop\u0117\u010dioms suteikia stilingumo, jos yra siauresn\u0117s nei \u012fprastos, tod\u0117l jas yra patogu sand\u0117liuoti. Aptakios ir lygios formos, pavir\u0161iaus ir kamp\u0173, pasl\u0117ptais tvirtinimo elementais. Yra apdovanotos \u201eBest of the Best 2010\u201c Red Dot Award. Matmenys: 39x28x15.5cm (sud\u0117tos) 39x24x33.5cm (i\u0161skleistos) Mas\u0117: 1.7kg Keliamoji galia: maks. 100kg","og_url":"https:\/\/hobstop.ee\/lt\/produktas\/kopeciu-metaphys-lucano-1-laiptai\/","og_site_name":"Skizze","article_publisher":"http:\/\/www.facebook.com\/VunderSkizze","og_image":[{"width":1024,"height":768,"url":"https:\/\/hobstop.ee\/media\/3904.jpg","type":"image\/jpeg"}],"twitter_card":"summary_large_image","schema":{"@context":"https:\/\/schema.org","@graph":[{"@type":"WebPage","@id":"https:\/\/hobstop.ee\/lt\/produktas\/kopeciu-metaphys-lucano-1-laiptai\/","url":"https:\/\/hobstop.ee\/lt\/produktas\/kopeciu-metaphys-lucano-1-laiptai\/","name":"Kope\u010di\u0173 Metaphys Lucano 1 laiptai &#8211; Skizze","isPartOf":{"@id":"https:\/\/hobstop.ee\/lt\/#website"},"primaryImageOfPage":{"@id":"https:\/\/hobstop.ee\/lt\/produktas\/kopeciu-metaphys-lucano-1-laiptai\/#primaryimage"},"image":{"@id":"https:\/\/hobstop.ee\/lt\/produktas\/kopeciu-metaphys-lucano-1-laiptai\/#primaryimage"},"thumbnailUrl":"https:\/\/hobstop.ee\/media\/3904.jpg","datePublished":"2015-07-01T10:47:24+00:00","dateModified":"2015-07-01T10:47:24+00:00","breadcrumb":{"@id":"https:\/\/hobstop.ee\/lt\/produktas\/kopeciu-metaphys-lucano-1-laiptai\/#breadcrumb"},"inLanguage":"lt","potentialAction":[{"@type":"ReadAction","target":["https:\/\/hobstop.ee\/lt\/produktas\/kopeciu-metaphys-lucano-1-laiptai\/"]}]},{"@type":"ImageObject","inLanguage":"lt","@id":"https:\/\/hobstop.ee\/lt\/produktas\/kopeciu-metaphys-lucano-1-laiptai\/#primaryimage","url":"https:\/\/hobstop.ee\/media\/3904.jpg","contentUrl":"https:\/\/hobstop.ee\/media\/3904.jpg","width":1024,"height":768},{"@type":"BreadcrumbList","@id":"https:\/\/hobstop.ee\/lt\/produktas\/kopeciu-metaphys-lucano-1-laiptai\/#breadcrumb","itemListElement":[{"@type":"ListItem","position":1,"name":"Avaleht","item":"https:\/\/hobstop.ee\/lt\/"},{"@type":"ListItem","position":2,"name":"Parduotuv\u0117","item":"https:\/\/hobstop.ee\/lt\/parduotuve\/"},{"@type":"ListItem","position":3,"name":"Kope\u010di\u0173 Metaphys Lucano 1 laiptai"}]},{"@type":"WebSite","@id":"https:\/\/hobstop.ee\/lt\/#website","url":"https:\/\/hobstop.ee\/lt\/","name":"Skizze","description":"Dail\u0117s, pom\u0117gi\u0173 ir mokykliniai reikm\u0117nys","publisher":{"@id":"https:\/\/hobstop.ee\/lt\/#organization"},"potentialAction":[{"@type":"SearchAction","target":{"@type":"EntryPoint","urlTemplate":"https:\/\/hobstop.ee\/lt\/?s={search_term_string}"},"query-input":{"@type":"PropertyValueSpecification","valueRequired":true,"valueName":"search_term_string"}}],"inLanguage":"lt"},{"@type":"Organization","@id":"https:\/\/hobstop.ee\/lt\/#organization","name":"Vunder AS","url":"https:\/\/hobstop.ee\/lt\/","logo":{"@type":"ImageObject","inLanguage":"lt","@id":"https:\/\/hobstop.ee\/lt\/#\/schema\/logo\/image\/","url":"https:\/\/hobstop.ee\/media\/vunder-logo.png","contentUrl":"https:\/\/hobstop.ee\/media\/vunder-logo.png","width":127,"height":55,"caption":"Vunder AS"},"image":{"@id":"https:\/\/hobstop.ee\/lt\/#\/schema\/logo\/image\/"},"sameAs":["http:\/\/www.facebook.com\/VunderSkizze"]}]}},"_links":{"self":[{"href":"https:\/\/hobstop.ee\/lt\/wp-json\/wp\/v2\/product\/119512","targetHints":{"allow":["GET"]}}],"collection":[{"href":"https:\/\/hobstop.ee\/lt\/wp-json\/wp\/v2\/product"}],"about":[{"href":"https:\/\/hobstop.ee\/lt\/wp-json\/wp\/v2\/types\/product"}],"replies":[{"embeddable":true,"href":"https:\/\/hobstop.ee\/lt\/wp-json\/wp\/v2\/comments?post=119512"}],"wp:featuredmedia":[{"embeddable":true,"href":"https:\/\/hobstop.ee\/lt\/wp-json\/wp\/v2\/media\/143029"}],"wp:attachment":[{"href":"https:\/\/hobstop.ee\/lt\/wp-json\/wp\/v2\/media?parent=119512"}],"wp:term":[{"taxonomy":"product_cat","embeddable":true,"href":"https:\/\/hobstop.ee\/lt\/wp-json\/wp\/v2\/product_cat?post=119512"},{"taxonomy":"product_tag","embeddable":true,"href":"https:\/\/hobstop.ee\/lt\/wp-json\/wp\/v2\/product_tag?post=119512"}],"curies":[{"name":"wp","href":"https:\/\/api.w.org\/{rel}","templated":true}]}}