{"id":119565,"date":"2015-07-01T14:20:22","date_gmt":"2015-07-01T11:20:22","guid":{"rendered":"http:\/\/vunder-ee.sn25.zone.eu\/lt\/product\/speciali-priemone-gelis-akriliniams-dazams-marabu-100ml\/"},"modified":"2015-07-01T14:20:22","modified_gmt":"2015-07-01T11:20:22","slug":"speciali-priemone-gelis-akriliniams-dazams-marabu-100ml","status":"publish","type":"product","link":"https:\/\/hobstop.ee\/lt\/produktas\/speciali-priemone-gelis-akriliniams-dazams-marabu-100ml\/","title":{"rendered":"Speciali priemon\u0117-gelis akriliniams da\u017eams Marabu  100ml"},"content":{"rendered":"<p>Pakelkite savo akrilini\u0173 paveiksl\u0173 vert\u0119 ir sukurkite blizgius efektus. Skaidrus gelis \u201eMarabu Acryl Gel\u201c ant akriliniais da\u017eais tapyt\u0173 paveiksl\u0173 sukuria 3D efektus. Vandens pagrindu pagamintas akrilo gelis yra atsparus nepalankioms oro s\u0105lygoms ir \u0161viesai. Gelis puikiai tinka naudoti su \u0161ablonais.<\/p>\n","protected":false},"excerpt":{"rendered":"<p>Pakelkite savo akrilini\u0173 paveiksl\u0173 vert\u0119 ir sukurkite blizgius efektus. Skaidrus gelis \u201eMarabu Acryl Gel\u201c ant akriliniais da\u017eais tapyt\u0173 paveiksl\u0173 sukuria 3D efektus. Vandens pagrindu pagamintas akrilo gelis yra atsparus nepalankioms oro s\u0105lygoms ir \u0161viesai. Gelis puikiai tinka naudoti su \u0161ablonais.<\/p>\n","protected":false},"featured_media":142997,"comment_status":"closed","ping_status":"closed","template":"","meta":{"_acf_changed":false,"ep_exclude_from_search":false},"product_cat":[18998,16124,17981],"product_tag":[],"class_list":{"0":"post-119565","1":"product","2":"type-product","3":"status-publish","4":"has-post-thumbnail","6":"product_cat-akriliniu-dazu-priedai-2","7":"product_cat-dailes-prekes","8":"product_cat-dazai-ir-priedai-tapybai","10":"first","11":"outofstock","12":"taxable","13":"shipping-taxable","14":"purchasable","15":"product-type-variable"},"acf":[],"yoast_head":"<!-- This site is optimized with the Yoast SEO plugin v24.1 - https:\/\/yoast.com\/wordpress\/plugins\/seo\/ -->\n<title>Speciali priemon\u0117-gelis akriliniams da\u017eams Marabu 100ml &#8211; Skizze<\/title>\n<meta name=\"robots\" content=\"noindex, follow, max-snippet:-1, max-image-preview:large, max-video-preview:-1\" \/>\n<meta property=\"og:locale\" content=\"lt_LT\" \/>\n<meta property=\"og:type\" content=\"article\" \/>\n<meta property=\"og:title\" content=\"Speciali priemon\u0117-gelis akriliniams da\u017eams Marabu 100ml &#8211; Skizze\" \/>\n<meta property=\"og:description\" content=\"Pakelkite savo akrilini\u0173 paveiksl\u0173 vert\u0119 ir sukurkite blizgius efektus. Skaidrus gelis \u201eMarabu Acryl Gel\u201c ant akriliniais da\u017eais tapyt\u0173 paveiksl\u0173 sukuria 3D efektus. Vandens pagrindu pagamintas akrilo gelis yra atsparus nepalankioms oro s\u0105lygoms ir \u0161viesai. Gelis puikiai tinka naudoti su \u0161ablonais.\" \/>\n<meta property=\"og:url\" content=\"https:\/\/hobstop.ee\/lt\/produktas\/speciali-priemone-gelis-akriliniams-dazams-marabu-100ml\/\" \/>\n<meta property=\"og:site_name\" content=\"Skizze\" \/>\n<meta property=\"article:publisher\" content=\"http:\/\/www.facebook.com\/VunderSkizze\" \/>\n<meta property=\"og:image\" content=\"https:\/\/hobstop.ee\/media\/3939.jpg\" \/>\n\t<meta property=\"og:image:width\" content=\"1024\" \/>\n\t<meta property=\"og:image:height\" content=\"768\" \/>\n\t<meta property=\"og:image:type\" content=\"image\/jpeg\" \/>\n<meta name=\"twitter:card\" content=\"summary_large_image\" \/>\n<script type=\"application\/ld+json\" class=\"yoast-schema-graph\">{\"@context\":\"https:\/\/schema.org\",\"@graph\":[{\"@type\":\"WebPage\",\"@id\":\"https:\/\/hobstop.ee\/lt\/produktas\/speciali-priemone-gelis-akriliniams-dazams-marabu-100ml\/\",\"url\":\"https:\/\/hobstop.ee\/lt\/produktas\/speciali-priemone-gelis-akriliniams-dazams-marabu-100ml\/\",\"name\":\"Speciali priemon\u0117-gelis akriliniams da\u017eams Marabu 100ml &#8211; Skizze\",\"isPartOf\":{\"@id\":\"https:\/\/www.hobstop.ee\/lt\/#website\"},\"primaryImageOfPage\":{\"@id\":\"https:\/\/hobstop.ee\/lt\/produktas\/speciali-priemone-gelis-akriliniams-dazams-marabu-100ml\/#primaryimage\"},\"image\":{\"@id\":\"https:\/\/hobstop.ee\/lt\/produktas\/speciali-priemone-gelis-akriliniams-dazams-marabu-100ml\/#primaryimage\"},\"thumbnailUrl\":\"https:\/\/hobstop.ee\/media\/3939.jpg\",\"datePublished\":\"2015-07-01T11:20:22+00:00\",\"dateModified\":\"2015-07-01T11:20:22+00:00\",\"breadcrumb\":{\"@id\":\"https:\/\/hobstop.ee\/lt\/produktas\/speciali-priemone-gelis-akriliniams-dazams-marabu-100ml\/#breadcrumb\"},\"inLanguage\":\"lt\",\"potentialAction\":[{\"@type\":\"ReadAction\",\"target\":[\"https:\/\/hobstop.ee\/lt\/produktas\/speciali-priemone-gelis-akriliniams-dazams-marabu-100ml\/\"]}]},{\"@type\":\"ImageObject\",\"inLanguage\":\"lt\",\"@id\":\"https:\/\/hobstop.ee\/lt\/produktas\/speciali-priemone-gelis-akriliniams-dazams-marabu-100ml\/#primaryimage\",\"url\":\"https:\/\/hobstop.ee\/media\/3939.jpg\",\"contentUrl\":\"https:\/\/hobstop.ee\/media\/3939.jpg\",\"width\":1024,\"height\":768},{\"@type\":\"BreadcrumbList\",\"@id\":\"https:\/\/hobstop.ee\/lt\/produktas\/speciali-priemone-gelis-akriliniams-dazams-marabu-100ml\/#breadcrumb\",\"itemListElement\":[{\"@type\":\"ListItem\",\"position\":1,\"name\":\"Avaleht\",\"item\":\"https:\/\/hobstop.ee\/lt\/\"},{\"@type\":\"ListItem\",\"position\":2,\"name\":\"Parduotuv\u0117\",\"item\":\"https:\/\/www.hobstop.ee\/lt\/parduotuve\/\"},{\"@type\":\"ListItem\",\"position\":3,\"name\":\"Speciali priemon\u0117-gelis akriliniams da\u017eams Marabu 100ml\"}]},{\"@type\":\"WebSite\",\"@id\":\"https:\/\/www.hobstop.ee\/lt\/#website\",\"url\":\"https:\/\/www.hobstop.ee\/lt\/\",\"name\":\"Skizze\",\"description\":\"Dail\u0117s, pom\u0117gi\u0173 ir mokykliniai reikm\u0117nys\",\"publisher\":{\"@id\":\"https:\/\/www.hobstop.ee\/lt\/#organization\"},\"potentialAction\":[{\"@type\":\"SearchAction\",\"target\":{\"@type\":\"EntryPoint\",\"urlTemplate\":\"https:\/\/www.hobstop.ee\/lt\/?s={search_term_string}\"},\"query-input\":{\"@type\":\"PropertyValueSpecification\",\"valueRequired\":true,\"valueName\":\"search_term_string\"}}],\"inLanguage\":\"lt\"},{\"@type\":\"Organization\",\"@id\":\"https:\/\/www.hobstop.ee\/lt\/#organization\",\"name\":\"Vunder AS\",\"url\":\"https:\/\/www.hobstop.ee\/lt\/\",\"logo\":{\"@type\":\"ImageObject\",\"inLanguage\":\"lt\",\"@id\":\"https:\/\/www.hobstop.ee\/lt\/#\/schema\/logo\/image\/\",\"url\":\"https:\/\/hobstop.ee\/media\/vunder-logo.png\",\"contentUrl\":\"https:\/\/hobstop.ee\/media\/vunder-logo.png\",\"width\":127,\"height\":55,\"caption\":\"Vunder AS\"},\"image\":{\"@id\":\"https:\/\/www.hobstop.ee\/lt\/#\/schema\/logo\/image\/\"},\"sameAs\":[\"http:\/\/www.facebook.com\/VunderSkizze\"]}]}<\/script>\n<!-- \/ Yoast SEO plugin. -->","yoast_head_json":{"title":"Speciali priemon\u0117-gelis akriliniams da\u017eams Marabu 100ml &#8211; Skizze","robots":{"index":"noindex","follow":"follow","max-snippet":"max-snippet:-1","max-image-preview":"max-image-preview:large","max-video-preview":"max-video-preview:-1"},"og_locale":"lt_LT","og_type":"article","og_title":"Speciali priemon\u0117-gelis akriliniams da\u017eams Marabu 100ml &#8211; Skizze","og_description":"Pakelkite savo akrilini\u0173 paveiksl\u0173 vert\u0119 ir sukurkite blizgius efektus. Skaidrus gelis \u201eMarabu Acryl Gel\u201c ant akriliniais da\u017eais tapyt\u0173 paveiksl\u0173 sukuria 3D efektus. Vandens pagrindu pagamintas akrilo gelis yra atsparus nepalankioms oro s\u0105lygoms ir \u0161viesai. Gelis puikiai tinka naudoti su \u0161ablonais.","og_url":"https:\/\/hobstop.ee\/lt\/produktas\/speciali-priemone-gelis-akriliniams-dazams-marabu-100ml\/","og_site_name":"Skizze","article_publisher":"http:\/\/www.facebook.com\/VunderSkizze","og_image":[{"width":1024,"height":768,"url":"https:\/\/hobstop.ee\/media\/3939.jpg","type":"image\/jpeg"}],"twitter_card":"summary_large_image","schema":{"@context":"https:\/\/schema.org","@graph":[{"@type":"WebPage","@id":"https:\/\/hobstop.ee\/lt\/produktas\/speciali-priemone-gelis-akriliniams-dazams-marabu-100ml\/","url":"https:\/\/hobstop.ee\/lt\/produktas\/speciali-priemone-gelis-akriliniams-dazams-marabu-100ml\/","name":"Speciali priemon\u0117-gelis akriliniams da\u017eams Marabu 100ml &#8211; Skizze","isPartOf":{"@id":"https:\/\/www.hobstop.ee\/lt\/#website"},"primaryImageOfPage":{"@id":"https:\/\/hobstop.ee\/lt\/produktas\/speciali-priemone-gelis-akriliniams-dazams-marabu-100ml\/#primaryimage"},"image":{"@id":"https:\/\/hobstop.ee\/lt\/produktas\/speciali-priemone-gelis-akriliniams-dazams-marabu-100ml\/#primaryimage"},"thumbnailUrl":"https:\/\/hobstop.ee\/media\/3939.jpg","datePublished":"2015-07-01T11:20:22+00:00","dateModified":"2015-07-01T11:20:22+00:00","breadcrumb":{"@id":"https:\/\/hobstop.ee\/lt\/produktas\/speciali-priemone-gelis-akriliniams-dazams-marabu-100ml\/#breadcrumb"},"inLanguage":"lt","potentialAction":[{"@type":"ReadAction","target":["https:\/\/hobstop.ee\/lt\/produktas\/speciali-priemone-gelis-akriliniams-dazams-marabu-100ml\/"]}]},{"@type":"ImageObject","inLanguage":"lt","@id":"https:\/\/hobstop.ee\/lt\/produktas\/speciali-priemone-gelis-akriliniams-dazams-marabu-100ml\/#primaryimage","url":"https:\/\/hobstop.ee\/media\/3939.jpg","contentUrl":"https:\/\/hobstop.ee\/media\/3939.jpg","width":1024,"height":768},{"@type":"BreadcrumbList","@id":"https:\/\/hobstop.ee\/lt\/produktas\/speciali-priemone-gelis-akriliniams-dazams-marabu-100ml\/#breadcrumb","itemListElement":[{"@type":"ListItem","position":1,"name":"Avaleht","item":"https:\/\/hobstop.ee\/lt\/"},{"@type":"ListItem","position":2,"name":"Parduotuv\u0117","item":"https:\/\/www.hobstop.ee\/lt\/parduotuve\/"},{"@type":"ListItem","position":3,"name":"Speciali priemon\u0117-gelis akriliniams da\u017eams Marabu 100ml"}]},{"@type":"WebSite","@id":"https:\/\/www.hobstop.ee\/lt\/#website","url":"https:\/\/www.hobstop.ee\/lt\/","name":"Skizze","description":"Dail\u0117s, pom\u0117gi\u0173 ir mokykliniai reikm\u0117nys","publisher":{"@id":"https:\/\/www.hobstop.ee\/lt\/#organization"},"potentialAction":[{"@type":"SearchAction","target":{"@type":"EntryPoint","urlTemplate":"https:\/\/www.hobstop.ee\/lt\/?s={search_term_string}"},"query-input":{"@type":"PropertyValueSpecification","valueRequired":true,"valueName":"search_term_string"}}],"inLanguage":"lt"},{"@type":"Organization","@id":"https:\/\/www.hobstop.ee\/lt\/#organization","name":"Vunder AS","url":"https:\/\/www.hobstop.ee\/lt\/","logo":{"@type":"ImageObject","inLanguage":"lt","@id":"https:\/\/www.hobstop.ee\/lt\/#\/schema\/logo\/image\/","url":"https:\/\/hobstop.ee\/media\/vunder-logo.png","contentUrl":"https:\/\/hobstop.ee\/media\/vunder-logo.png","width":127,"height":55,"caption":"Vunder AS"},"image":{"@id":"https:\/\/www.hobstop.ee\/lt\/#\/schema\/logo\/image\/"},"sameAs":["http:\/\/www.facebook.com\/VunderSkizze"]}]}},"_links":{"self":[{"href":"https:\/\/hobstop.ee\/lt\/wp-json\/wp\/v2\/product\/119565","targetHints":{"allow":["GET"]}}],"collection":[{"href":"https:\/\/hobstop.ee\/lt\/wp-json\/wp\/v2\/product"}],"about":[{"href":"https:\/\/hobstop.ee\/lt\/wp-json\/wp\/v2\/types\/product"}],"replies":[{"embeddable":true,"href":"https:\/\/hobstop.ee\/lt\/wp-json\/wp\/v2\/comments?post=119565"}],"wp:featuredmedia":[{"embeddable":true,"href":"https:\/\/hobstop.ee\/lt\/wp-json\/wp\/v2\/media\/142997"}],"wp:attachment":[{"href":"https:\/\/hobstop.ee\/lt\/wp-json\/wp\/v2\/media?parent=119565"}],"wp:term":[{"taxonomy":"product_cat","embeddable":true,"href":"https:\/\/hobstop.ee\/lt\/wp-json\/wp\/v2\/product_cat?post=119565"},{"taxonomy":"product_tag","embeddable":true,"href":"https:\/\/hobstop.ee\/lt\/wp-json\/wp\/v2\/product_tag?post=119565"}],"curies":[{"name":"wp","href":"https:\/\/api.w.org\/{rel}","templated":true}]}}