{"id":119605,"date":"2015-07-01T15:11:37","date_gmt":"2015-07-01T12:11:37","guid":{"rendered":"http:\/\/vunder-ee.sn25.zone.eu\/lt\/product\/flomasteris-colorpeps-jungle-innovation\/"},"modified":"2015-07-01T15:11:37","modified_gmt":"2015-07-01T12:11:37","slug":"flomasteris-maped-colorpeps-jungle-innovation","status":"publish","type":"product","link":"https:\/\/hobstop.ee\/lt\/produktas\/flomasteris-maped-colorpeps-jungle-innovation\/","title":{"rendered":"Flomasteris Maped Color&#8217;Peps Jungle Innovation"},"content":{"rendered":"<p>Flomasteriai sulankstomame laikilyje \u201eJungle Innovation\u201c stovi vertikaliai, tod\u0117l daugiau nebepamesite j\u0173 dangteli\u0173. Teisingai laikomi tarnaus ilgau! U\u017edaryti stovi laikiklyje, be to lengvai telpa \u012f penal\u0105. Da\u017eus nuo daugelio audini\u0173 galima lengvai nuplauti. Sublokuotas, vidutinio dyd\u017eio, str\u0117l\u0117s formos mink\u0161tas galiukas (2.8mm skersmuo).<\/p>\n","protected":false},"excerpt":{"rendered":"<p>Flomasteriai sulankstomame laikilyje \u201eJungle Innovation\u201c stovi vertikaliai, tod\u0117l daugiau nebepamesite j\u0173 dangteli\u0173. Teisingai laikomi tarnaus ilgau! U\u017edaryti stovi laikiklyje, be to lengvai telpa \u012f penal\u0105. Da\u017eus nuo daugelio audini\u0173 galima lengvai nuplauti. Sublokuotas, vidutinio dyd\u017eio, str\u0117l\u0117s formos mink\u0161tas galiukas (2.8mm skersmuo).<\/p>\n","protected":false},"featured_media":142981,"comment_status":"closed","ping_status":"closed","template":"","meta":{"_acf_changed":false,"ep_exclude_from_search":false},"product_cat":[18692,235,18634],"product_tag":[],"class_list":{"0":"post-119605","1":"product","2":"type-product","3":"status-publish","4":"has-post-thumbnail","6":"product_cat-flomasteriai","7":"product_cat-mokyklines-prekes","8":"product_cat-piesimo-reikmenys-2","10":"first","11":"instock","12":"taxable","13":"shipping-taxable","14":"purchasable","15":"product-type-variable"},"acf":[],"yoast_head":"<!-- This site is optimized with the Yoast SEO plugin v24.1 - https:\/\/yoast.com\/wordpress\/plugins\/seo\/ -->\n<title>Flomasteris Maped Color&#039;Peps Jungle Innovation &#8211; Skizze<\/title>\n<meta name=\"robots\" content=\"noindex, follow, max-snippet:-1, max-image-preview:large, max-video-preview:-1\" \/>\n<meta property=\"og:locale\" content=\"lt_LT\" \/>\n<meta property=\"og:type\" content=\"article\" \/>\n<meta property=\"og:title\" content=\"Flomasteris Maped Color&#039;Peps Jungle Innovation &#8211; Skizze\" \/>\n<meta property=\"og:description\" content=\"Flomasteriai sulankstomame laikilyje \u201eJungle Innovation\u201c stovi vertikaliai, tod\u0117l daugiau nebepamesite j\u0173 dangteli\u0173. Teisingai laikomi tarnaus ilgau! U\u017edaryti stovi laikiklyje, be to lengvai telpa \u012f penal\u0105. Da\u017eus nuo daugelio audini\u0173 galima lengvai nuplauti. Sublokuotas, vidutinio dyd\u017eio, str\u0117l\u0117s formos mink\u0161tas galiukas (2.8mm skersmuo).\" \/>\n<meta property=\"og:url\" content=\"https:\/\/hobstop.ee\/lt\/produktas\/flomasteris-maped-colorpeps-jungle-innovation\/\" \/>\n<meta property=\"og:site_name\" content=\"Skizze\" \/>\n<meta property=\"article:publisher\" content=\"http:\/\/www.facebook.com\/VunderSkizze\" \/>\n<meta property=\"og:image\" content=\"https:\/\/hobstop.ee\/media\/3946.jpg\" \/>\n\t<meta property=\"og:image:width\" content=\"1024\" \/>\n\t<meta property=\"og:image:height\" content=\"768\" \/>\n\t<meta property=\"og:image:type\" content=\"image\/jpeg\" \/>\n<meta name=\"twitter:card\" content=\"summary_large_image\" \/>\n<script type=\"application\/ld+json\" class=\"yoast-schema-graph\">{\"@context\":\"https:\/\/schema.org\",\"@graph\":[{\"@type\":\"WebPage\",\"@id\":\"https:\/\/hobstop.ee\/lt\/produktas\/flomasteris-maped-colorpeps-jungle-innovation\/\",\"url\":\"https:\/\/hobstop.ee\/lt\/produktas\/flomasteris-maped-colorpeps-jungle-innovation\/\",\"name\":\"Flomasteris Maped Color'Peps Jungle Innovation &#8211; Skizze\",\"isPartOf\":{\"@id\":\"https:\/\/hobstop.ee\/lt\/#website\"},\"primaryImageOfPage\":{\"@id\":\"https:\/\/hobstop.ee\/lt\/produktas\/flomasteris-maped-colorpeps-jungle-innovation\/#primaryimage\"},\"image\":{\"@id\":\"https:\/\/hobstop.ee\/lt\/produktas\/flomasteris-maped-colorpeps-jungle-innovation\/#primaryimage\"},\"thumbnailUrl\":\"https:\/\/hobstop.ee\/media\/3946.jpg\",\"datePublished\":\"2015-07-01T12:11:37+00:00\",\"dateModified\":\"2015-07-01T12:11:37+00:00\",\"breadcrumb\":{\"@id\":\"https:\/\/hobstop.ee\/lt\/produktas\/flomasteris-maped-colorpeps-jungle-innovation\/#breadcrumb\"},\"inLanguage\":\"lt\",\"potentialAction\":[{\"@type\":\"ReadAction\",\"target\":[\"https:\/\/hobstop.ee\/lt\/produktas\/flomasteris-maped-colorpeps-jungle-innovation\/\"]}]},{\"@type\":\"ImageObject\",\"inLanguage\":\"lt\",\"@id\":\"https:\/\/hobstop.ee\/lt\/produktas\/flomasteris-maped-colorpeps-jungle-innovation\/#primaryimage\",\"url\":\"https:\/\/hobstop.ee\/media\/3946.jpg\",\"contentUrl\":\"https:\/\/hobstop.ee\/media\/3946.jpg\",\"width\":1024,\"height\":768},{\"@type\":\"BreadcrumbList\",\"@id\":\"https:\/\/hobstop.ee\/lt\/produktas\/flomasteris-maped-colorpeps-jungle-innovation\/#breadcrumb\",\"itemListElement\":[{\"@type\":\"ListItem\",\"position\":1,\"name\":\"Avaleht\",\"item\":\"https:\/\/hobstop.ee\/lt\/\"},{\"@type\":\"ListItem\",\"position\":2,\"name\":\"Parduotuv\u0117\",\"item\":\"https:\/\/hobstop.ee\/lt\/parduotuve\/\"},{\"@type\":\"ListItem\",\"position\":3,\"name\":\"Flomasteris Maped Color&#8217;Peps Jungle Innovation\"}]},{\"@type\":\"WebSite\",\"@id\":\"https:\/\/hobstop.ee\/lt\/#website\",\"url\":\"https:\/\/hobstop.ee\/lt\/\",\"name\":\"Skizze\",\"description\":\"Dail\u0117s, pom\u0117gi\u0173 ir mokykliniai reikm\u0117nys\",\"publisher\":{\"@id\":\"https:\/\/hobstop.ee\/lt\/#organization\"},\"potentialAction\":[{\"@type\":\"SearchAction\",\"target\":{\"@type\":\"EntryPoint\",\"urlTemplate\":\"https:\/\/hobstop.ee\/lt\/?s={search_term_string}\"},\"query-input\":{\"@type\":\"PropertyValueSpecification\",\"valueRequired\":true,\"valueName\":\"search_term_string\"}}],\"inLanguage\":\"lt\"},{\"@type\":\"Organization\",\"@id\":\"https:\/\/hobstop.ee\/lt\/#organization\",\"name\":\"Vunder AS\",\"url\":\"https:\/\/hobstop.ee\/lt\/\",\"logo\":{\"@type\":\"ImageObject\",\"inLanguage\":\"lt\",\"@id\":\"https:\/\/hobstop.ee\/lt\/#\/schema\/logo\/image\/\",\"url\":\"https:\/\/hobstop.ee\/media\/vunder-logo.png\",\"contentUrl\":\"https:\/\/hobstop.ee\/media\/vunder-logo.png\",\"width\":127,\"height\":55,\"caption\":\"Vunder AS\"},\"image\":{\"@id\":\"https:\/\/hobstop.ee\/lt\/#\/schema\/logo\/image\/\"},\"sameAs\":[\"http:\/\/www.facebook.com\/VunderSkizze\"]}]}<\/script>\n<!-- \/ Yoast SEO plugin. -->","yoast_head_json":{"title":"Flomasteris Maped Color'Peps Jungle Innovation &#8211; Skizze","robots":{"index":"noindex","follow":"follow","max-snippet":"max-snippet:-1","max-image-preview":"max-image-preview:large","max-video-preview":"max-video-preview:-1"},"og_locale":"lt_LT","og_type":"article","og_title":"Flomasteris Maped Color'Peps Jungle Innovation &#8211; Skizze","og_description":"Flomasteriai sulankstomame laikilyje \u201eJungle Innovation\u201c stovi vertikaliai, tod\u0117l daugiau nebepamesite j\u0173 dangteli\u0173. Teisingai laikomi tarnaus ilgau! U\u017edaryti stovi laikiklyje, be to lengvai telpa \u012f penal\u0105. Da\u017eus nuo daugelio audini\u0173 galima lengvai nuplauti. Sublokuotas, vidutinio dyd\u017eio, str\u0117l\u0117s formos mink\u0161tas galiukas (2.8mm skersmuo).","og_url":"https:\/\/hobstop.ee\/lt\/produktas\/flomasteris-maped-colorpeps-jungle-innovation\/","og_site_name":"Skizze","article_publisher":"http:\/\/www.facebook.com\/VunderSkizze","og_image":[{"width":1024,"height":768,"url":"https:\/\/hobstop.ee\/media\/3946.jpg","type":"image\/jpeg"}],"twitter_card":"summary_large_image","schema":{"@context":"https:\/\/schema.org","@graph":[{"@type":"WebPage","@id":"https:\/\/hobstop.ee\/lt\/produktas\/flomasteris-maped-colorpeps-jungle-innovation\/","url":"https:\/\/hobstop.ee\/lt\/produktas\/flomasteris-maped-colorpeps-jungle-innovation\/","name":"Flomasteris Maped Color'Peps Jungle Innovation &#8211; Skizze","isPartOf":{"@id":"https:\/\/hobstop.ee\/lt\/#website"},"primaryImageOfPage":{"@id":"https:\/\/hobstop.ee\/lt\/produktas\/flomasteris-maped-colorpeps-jungle-innovation\/#primaryimage"},"image":{"@id":"https:\/\/hobstop.ee\/lt\/produktas\/flomasteris-maped-colorpeps-jungle-innovation\/#primaryimage"},"thumbnailUrl":"https:\/\/hobstop.ee\/media\/3946.jpg","datePublished":"2015-07-01T12:11:37+00:00","dateModified":"2015-07-01T12:11:37+00:00","breadcrumb":{"@id":"https:\/\/hobstop.ee\/lt\/produktas\/flomasteris-maped-colorpeps-jungle-innovation\/#breadcrumb"},"inLanguage":"lt","potentialAction":[{"@type":"ReadAction","target":["https:\/\/hobstop.ee\/lt\/produktas\/flomasteris-maped-colorpeps-jungle-innovation\/"]}]},{"@type":"ImageObject","inLanguage":"lt","@id":"https:\/\/hobstop.ee\/lt\/produktas\/flomasteris-maped-colorpeps-jungle-innovation\/#primaryimage","url":"https:\/\/hobstop.ee\/media\/3946.jpg","contentUrl":"https:\/\/hobstop.ee\/media\/3946.jpg","width":1024,"height":768},{"@type":"BreadcrumbList","@id":"https:\/\/hobstop.ee\/lt\/produktas\/flomasteris-maped-colorpeps-jungle-innovation\/#breadcrumb","itemListElement":[{"@type":"ListItem","position":1,"name":"Avaleht","item":"https:\/\/hobstop.ee\/lt\/"},{"@type":"ListItem","position":2,"name":"Parduotuv\u0117","item":"https:\/\/hobstop.ee\/lt\/parduotuve\/"},{"@type":"ListItem","position":3,"name":"Flomasteris Maped Color&#8217;Peps Jungle Innovation"}]},{"@type":"WebSite","@id":"https:\/\/hobstop.ee\/lt\/#website","url":"https:\/\/hobstop.ee\/lt\/","name":"Skizze","description":"Dail\u0117s, pom\u0117gi\u0173 ir mokykliniai reikm\u0117nys","publisher":{"@id":"https:\/\/hobstop.ee\/lt\/#organization"},"potentialAction":[{"@type":"SearchAction","target":{"@type":"EntryPoint","urlTemplate":"https:\/\/hobstop.ee\/lt\/?s={search_term_string}"},"query-input":{"@type":"PropertyValueSpecification","valueRequired":true,"valueName":"search_term_string"}}],"inLanguage":"lt"},{"@type":"Organization","@id":"https:\/\/hobstop.ee\/lt\/#organization","name":"Vunder AS","url":"https:\/\/hobstop.ee\/lt\/","logo":{"@type":"ImageObject","inLanguage":"lt","@id":"https:\/\/hobstop.ee\/lt\/#\/schema\/logo\/image\/","url":"https:\/\/hobstop.ee\/media\/vunder-logo.png","contentUrl":"https:\/\/hobstop.ee\/media\/vunder-logo.png","width":127,"height":55,"caption":"Vunder AS"},"image":{"@id":"https:\/\/hobstop.ee\/lt\/#\/schema\/logo\/image\/"},"sameAs":["http:\/\/www.facebook.com\/VunderSkizze"]}]}},"_links":{"self":[{"href":"https:\/\/hobstop.ee\/lt\/wp-json\/wp\/v2\/product\/119605","targetHints":{"allow":["GET"]}}],"collection":[{"href":"https:\/\/hobstop.ee\/lt\/wp-json\/wp\/v2\/product"}],"about":[{"href":"https:\/\/hobstop.ee\/lt\/wp-json\/wp\/v2\/types\/product"}],"replies":[{"embeddable":true,"href":"https:\/\/hobstop.ee\/lt\/wp-json\/wp\/v2\/comments?post=119605"}],"wp:featuredmedia":[{"embeddable":true,"href":"https:\/\/hobstop.ee\/lt\/wp-json\/wp\/v2\/media\/142981"}],"wp:attachment":[{"href":"https:\/\/hobstop.ee\/lt\/wp-json\/wp\/v2\/media?parent=119605"}],"wp:term":[{"taxonomy":"product_cat","embeddable":true,"href":"https:\/\/hobstop.ee\/lt\/wp-json\/wp\/v2\/product_cat?post=119605"},{"taxonomy":"product_tag","embeddable":true,"href":"https:\/\/hobstop.ee\/lt\/wp-json\/wp\/v2\/product_tag?post=119605"}],"curies":[{"name":"wp","href":"https:\/\/api.w.org\/{rel}","templated":true}]}}