{"id":119616,"date":"2015-07-01T15:33:18","date_gmt":"2015-07-01T12:33:18","guid":{"rendered":"http:\/\/vunder-ee.sn25.zone.eu\/lt\/product\/zymeklis-derwent-graphik-line-painter-rinkinys\/"},"modified":"2015-07-01T15:33:18","modified_gmt":"2015-07-01T12:33:18","slug":"zymeklis-derwent-graphik-line-painter-rinkinys","status":"publish","type":"product","link":"https:\/\/hobstop.ee\/lt\/produktas\/zymeklis-derwent-graphik-line-painter-rinkinys\/","title":{"rendered":"\u017dymeklis Derwent Graphik Line Painter rinkinys"},"content":{"rendered":"<p>\u201eDerwent Graphik Line Painter\u201c yra vandens pagrindu flomasteris, kurio sud\u0117tyje yra pigment\u0173. \u0160vie\u017eiai nupie\u0161t\u0105 pie\u0161in\u012f galima lieti vandeniu, ta\u010diau i\u0161d\u017eiuv\u0119s tampa visi\u0161kai atspariu vandeniui. Flomasteriuose yra skysti dengiantys da\u017eai, kuri\u0173 sud\u0117tyje n\u0117ra skiediklio. Flomasterio galiukas yra 0,5 mm storio, taip vadinamos japoni\u0161kos (kirstos) formos. Flomasterio \u201eGraphik\u201c spalvos yra labai ry\u0161kios, net ir pie\u0161iant ant tamsaus fono. Pie\u0161ti galima sluoksniais, b\u016btinai i\u0161bandykite ir pa\u017eaiskite \u012fvairi\u0173 spalv\u0173 d\u0117m\u0117mis, nutek\u0117jimais ir purslais.<\/p>\n","protected":false},"excerpt":{"rendered":"<p>\u201eDerwent Graphik Line Painter\u201c yra vandens pagrindu flomasteris, kurio sud\u0117tyje yra pigment\u0173. \u0160vie\u017eiai nupie\u0161t\u0105 pie\u0161in\u012f galima lieti vandeniu, ta\u010diau i\u0161d\u017eiuv\u0119s tampa visi\u0161kai atspariu vandeniui. Flomasteriuose yra skysti dengiantys da\u017eai, kuri\u0173 sud\u0117tyje n\u0117ra skiediklio. Flomasterio galiukas yra 0,5 mm storio, taip vadinamos japoni\u0161kos (kirstos) formos. Flomasterio \u201eGraphik\u201c spalvos yra labai ry\u0161kios, net ir pie\u0161iant ant tamsaus fono. Pie\u0161ti galima sluoksniais, b\u016btinai i\u0161bandykite ir pa\u017eaiskite \u012fvairi\u0173 spalv\u0173 d\u0117m\u0117mis, nutek\u0117jimais ir purslais.<\/p>\n","protected":false},"featured_media":204568,"comment_status":"closed","ping_status":"closed","template":"","meta":{"_acf_changed":false,"ep_exclude_from_search":false},"product_cat":[16124,15011,18932],"product_tag":[],"class_list":{"0":"post-119616","1":"product","2":"type-product","3":"status-publish","4":"has-post-thumbnail","6":"product_cat-dailes-prekes","7":"product_cat-flomasteriai-ir-zymekliai-2","8":"product_cat-piesimo-reikmenys-3","10":"first","11":"instock","12":"taxable","13":"shipping-taxable","14":"purchasable","15":"product-type-variable"},"acf":[],"yoast_head":"<!-- This site is optimized with the Yoast SEO plugin v24.1 - https:\/\/yoast.com\/wordpress\/plugins\/seo\/ -->\n<title>\u017dymeklis Derwent Graphik Line Painter rinkinys &#8211; Skizze<\/title>\n<meta name=\"robots\" content=\"noindex, follow, max-snippet:-1, max-image-preview:large, max-video-preview:-1\" \/>\n<meta property=\"og:locale\" content=\"lt_LT\" \/>\n<meta property=\"og:type\" content=\"article\" \/>\n<meta property=\"og:title\" content=\"\u017dymeklis Derwent Graphik Line Painter rinkinys &#8211; Skizze\" \/>\n<meta property=\"og:description\" content=\"\u201eDerwent Graphik Line Painter\u201c yra vandens pagrindu flomasteris, kurio sud\u0117tyje yra pigment\u0173. \u0160vie\u017eiai nupie\u0161t\u0105 pie\u0161in\u012f galima lieti vandeniu, ta\u010diau i\u0161d\u017eiuv\u0119s tampa visi\u0161kai atspariu vandeniui. Flomasteriuose yra skysti dengiantys da\u017eai, kuri\u0173 sud\u0117tyje n\u0117ra skiediklio. Flomasterio galiukas yra 0,5 mm storio, taip vadinamos japoni\u0161kos (kirstos) formos. Flomasterio \u201eGraphik\u201c spalvos yra labai ry\u0161kios, net ir pie\u0161iant ant tamsaus fono. Pie\u0161ti galima sluoksniais, b\u016btinai i\u0161bandykite ir pa\u017eaiskite \u012fvairi\u0173 spalv\u0173 d\u0117m\u0117mis, nutek\u0117jimais ir purslais.\" \/>\n<meta property=\"og:url\" content=\"https:\/\/hobstop.ee\/lt\/produktas\/zymeklis-derwent-graphik-line-painter-rinkinys\/\" \/>\n<meta property=\"og:site_name\" content=\"Skizze\" \/>\n<meta property=\"article:publisher\" content=\"http:\/\/www.facebook.com\/VunderSkizze\" \/>\n<meta property=\"og:image\" content=\"https:\/\/hobstop.ee\/media\/3960.jpg\" \/>\n\t<meta property=\"og:image:width\" content=\"1024\" \/>\n\t<meta property=\"og:image:height\" content=\"768\" \/>\n\t<meta property=\"og:image:type\" content=\"image\/jpeg\" \/>\n<meta name=\"twitter:card\" content=\"summary_large_image\" \/>\n<script type=\"application\/ld+json\" class=\"yoast-schema-graph\">{\"@context\":\"https:\/\/schema.org\",\"@graph\":[{\"@type\":\"WebPage\",\"@id\":\"https:\/\/hobstop.ee\/lt\/produktas\/zymeklis-derwent-graphik-line-painter-rinkinys\/\",\"url\":\"https:\/\/hobstop.ee\/lt\/produktas\/zymeklis-derwent-graphik-line-painter-rinkinys\/\",\"name\":\"\u017dymeklis Derwent Graphik Line Painter rinkinys &#8211; Skizze\",\"isPartOf\":{\"@id\":\"https:\/\/www.hobstop.ee\/lt\/#website\"},\"primaryImageOfPage\":{\"@id\":\"https:\/\/hobstop.ee\/lt\/produktas\/zymeklis-derwent-graphik-line-painter-rinkinys\/#primaryimage\"},\"image\":{\"@id\":\"https:\/\/hobstop.ee\/lt\/produktas\/zymeklis-derwent-graphik-line-painter-rinkinys\/#primaryimage\"},\"thumbnailUrl\":\"https:\/\/hobstop.ee\/media\/3960.jpg\",\"datePublished\":\"2015-07-01T12:33:18+00:00\",\"dateModified\":\"2015-07-01T12:33:18+00:00\",\"breadcrumb\":{\"@id\":\"https:\/\/hobstop.ee\/lt\/produktas\/zymeklis-derwent-graphik-line-painter-rinkinys\/#breadcrumb\"},\"inLanguage\":\"lt\",\"potentialAction\":[{\"@type\":\"ReadAction\",\"target\":[\"https:\/\/hobstop.ee\/lt\/produktas\/zymeklis-derwent-graphik-line-painter-rinkinys\/\"]}]},{\"@type\":\"ImageObject\",\"inLanguage\":\"lt\",\"@id\":\"https:\/\/hobstop.ee\/lt\/produktas\/zymeklis-derwent-graphik-line-painter-rinkinys\/#primaryimage\",\"url\":\"https:\/\/hobstop.ee\/media\/3960.jpg\",\"contentUrl\":\"https:\/\/hobstop.ee\/media\/3960.jpg\",\"width\":1024,\"height\":768},{\"@type\":\"BreadcrumbList\",\"@id\":\"https:\/\/hobstop.ee\/lt\/produktas\/zymeklis-derwent-graphik-line-painter-rinkinys\/#breadcrumb\",\"itemListElement\":[{\"@type\":\"ListItem\",\"position\":1,\"name\":\"Avaleht\",\"item\":\"https:\/\/hobstop.ee\/lt\/\"},{\"@type\":\"ListItem\",\"position\":2,\"name\":\"Parduotuv\u0117\",\"item\":\"https:\/\/www.hobstop.ee\/lt\/parduotuve\/\"},{\"@type\":\"ListItem\",\"position\":3,\"name\":\"\u017dymeklis Derwent Graphik Line Painter rinkinys\"}]},{\"@type\":\"WebSite\",\"@id\":\"https:\/\/www.hobstop.ee\/lt\/#website\",\"url\":\"https:\/\/www.hobstop.ee\/lt\/\",\"name\":\"Skizze\",\"description\":\"Dail\u0117s, pom\u0117gi\u0173 ir mokykliniai reikm\u0117nys\",\"publisher\":{\"@id\":\"https:\/\/www.hobstop.ee\/lt\/#organization\"},\"potentialAction\":[{\"@type\":\"SearchAction\",\"target\":{\"@type\":\"EntryPoint\",\"urlTemplate\":\"https:\/\/www.hobstop.ee\/lt\/?s={search_term_string}\"},\"query-input\":{\"@type\":\"PropertyValueSpecification\",\"valueRequired\":true,\"valueName\":\"search_term_string\"}}],\"inLanguage\":\"lt\"},{\"@type\":\"Organization\",\"@id\":\"https:\/\/www.hobstop.ee\/lt\/#organization\",\"name\":\"Vunder AS\",\"url\":\"https:\/\/www.hobstop.ee\/lt\/\",\"logo\":{\"@type\":\"ImageObject\",\"inLanguage\":\"lt\",\"@id\":\"https:\/\/www.hobstop.ee\/lt\/#\/schema\/logo\/image\/\",\"url\":\"https:\/\/hobstop.ee\/media\/vunder-logo.png\",\"contentUrl\":\"https:\/\/hobstop.ee\/media\/vunder-logo.png\",\"width\":127,\"height\":55,\"caption\":\"Vunder AS\"},\"image\":{\"@id\":\"https:\/\/www.hobstop.ee\/lt\/#\/schema\/logo\/image\/\"},\"sameAs\":[\"http:\/\/www.facebook.com\/VunderSkizze\"]}]}<\/script>\n<!-- \/ Yoast SEO plugin. -->","yoast_head_json":{"title":"\u017dymeklis Derwent Graphik Line Painter rinkinys &#8211; Skizze","robots":{"index":"noindex","follow":"follow","max-snippet":"max-snippet:-1","max-image-preview":"max-image-preview:large","max-video-preview":"max-video-preview:-1"},"og_locale":"lt_LT","og_type":"article","og_title":"\u017dymeklis Derwent Graphik Line Painter rinkinys &#8211; Skizze","og_description":"\u201eDerwent Graphik Line Painter\u201c yra vandens pagrindu flomasteris, kurio sud\u0117tyje yra pigment\u0173. \u0160vie\u017eiai nupie\u0161t\u0105 pie\u0161in\u012f galima lieti vandeniu, ta\u010diau i\u0161d\u017eiuv\u0119s tampa visi\u0161kai atspariu vandeniui. Flomasteriuose yra skysti dengiantys da\u017eai, kuri\u0173 sud\u0117tyje n\u0117ra skiediklio. Flomasterio galiukas yra 0,5 mm storio, taip vadinamos japoni\u0161kos (kirstos) formos. Flomasterio \u201eGraphik\u201c spalvos yra labai ry\u0161kios, net ir pie\u0161iant ant tamsaus fono. Pie\u0161ti galima sluoksniais, b\u016btinai i\u0161bandykite ir pa\u017eaiskite \u012fvairi\u0173 spalv\u0173 d\u0117m\u0117mis, nutek\u0117jimais ir purslais.","og_url":"https:\/\/hobstop.ee\/lt\/produktas\/zymeklis-derwent-graphik-line-painter-rinkinys\/","og_site_name":"Skizze","article_publisher":"http:\/\/www.facebook.com\/VunderSkizze","og_image":[{"width":1024,"height":768,"url":"https:\/\/hobstop.ee\/media\/3960.jpg","type":"image\/jpeg"}],"twitter_card":"summary_large_image","schema":{"@context":"https:\/\/schema.org","@graph":[{"@type":"WebPage","@id":"https:\/\/hobstop.ee\/lt\/produktas\/zymeklis-derwent-graphik-line-painter-rinkinys\/","url":"https:\/\/hobstop.ee\/lt\/produktas\/zymeklis-derwent-graphik-line-painter-rinkinys\/","name":"\u017dymeklis Derwent Graphik Line Painter rinkinys &#8211; Skizze","isPartOf":{"@id":"https:\/\/www.hobstop.ee\/lt\/#website"},"primaryImageOfPage":{"@id":"https:\/\/hobstop.ee\/lt\/produktas\/zymeklis-derwent-graphik-line-painter-rinkinys\/#primaryimage"},"image":{"@id":"https:\/\/hobstop.ee\/lt\/produktas\/zymeklis-derwent-graphik-line-painter-rinkinys\/#primaryimage"},"thumbnailUrl":"https:\/\/hobstop.ee\/media\/3960.jpg","datePublished":"2015-07-01T12:33:18+00:00","dateModified":"2015-07-01T12:33:18+00:00","breadcrumb":{"@id":"https:\/\/hobstop.ee\/lt\/produktas\/zymeklis-derwent-graphik-line-painter-rinkinys\/#breadcrumb"},"inLanguage":"lt","potentialAction":[{"@type":"ReadAction","target":["https:\/\/hobstop.ee\/lt\/produktas\/zymeklis-derwent-graphik-line-painter-rinkinys\/"]}]},{"@type":"ImageObject","inLanguage":"lt","@id":"https:\/\/hobstop.ee\/lt\/produktas\/zymeklis-derwent-graphik-line-painter-rinkinys\/#primaryimage","url":"https:\/\/hobstop.ee\/media\/3960.jpg","contentUrl":"https:\/\/hobstop.ee\/media\/3960.jpg","width":1024,"height":768},{"@type":"BreadcrumbList","@id":"https:\/\/hobstop.ee\/lt\/produktas\/zymeklis-derwent-graphik-line-painter-rinkinys\/#breadcrumb","itemListElement":[{"@type":"ListItem","position":1,"name":"Avaleht","item":"https:\/\/hobstop.ee\/lt\/"},{"@type":"ListItem","position":2,"name":"Parduotuv\u0117","item":"https:\/\/www.hobstop.ee\/lt\/parduotuve\/"},{"@type":"ListItem","position":3,"name":"\u017dymeklis Derwent Graphik Line Painter rinkinys"}]},{"@type":"WebSite","@id":"https:\/\/www.hobstop.ee\/lt\/#website","url":"https:\/\/www.hobstop.ee\/lt\/","name":"Skizze","description":"Dail\u0117s, pom\u0117gi\u0173 ir mokykliniai reikm\u0117nys","publisher":{"@id":"https:\/\/www.hobstop.ee\/lt\/#organization"},"potentialAction":[{"@type":"SearchAction","target":{"@type":"EntryPoint","urlTemplate":"https:\/\/www.hobstop.ee\/lt\/?s={search_term_string}"},"query-input":{"@type":"PropertyValueSpecification","valueRequired":true,"valueName":"search_term_string"}}],"inLanguage":"lt"},{"@type":"Organization","@id":"https:\/\/www.hobstop.ee\/lt\/#organization","name":"Vunder AS","url":"https:\/\/www.hobstop.ee\/lt\/","logo":{"@type":"ImageObject","inLanguage":"lt","@id":"https:\/\/www.hobstop.ee\/lt\/#\/schema\/logo\/image\/","url":"https:\/\/hobstop.ee\/media\/vunder-logo.png","contentUrl":"https:\/\/hobstop.ee\/media\/vunder-logo.png","width":127,"height":55,"caption":"Vunder AS"},"image":{"@id":"https:\/\/www.hobstop.ee\/lt\/#\/schema\/logo\/image\/"},"sameAs":["http:\/\/www.facebook.com\/VunderSkizze"]}]}},"_links":{"self":[{"href":"https:\/\/hobstop.ee\/lt\/wp-json\/wp\/v2\/product\/119616","targetHints":{"allow":["GET"]}}],"collection":[{"href":"https:\/\/hobstop.ee\/lt\/wp-json\/wp\/v2\/product"}],"about":[{"href":"https:\/\/hobstop.ee\/lt\/wp-json\/wp\/v2\/types\/product"}],"replies":[{"embeddable":true,"href":"https:\/\/hobstop.ee\/lt\/wp-json\/wp\/v2\/comments?post=119616"}],"wp:featuredmedia":[{"embeddable":true,"href":"https:\/\/hobstop.ee\/lt\/wp-json\/wp\/v2\/media\/204568"}],"wp:attachment":[{"href":"https:\/\/hobstop.ee\/lt\/wp-json\/wp\/v2\/media?parent=119616"}],"wp:term":[{"taxonomy":"product_cat","embeddable":true,"href":"https:\/\/hobstop.ee\/lt\/wp-json\/wp\/v2\/product_cat?post=119616"},{"taxonomy":"product_tag","embeddable":true,"href":"https:\/\/hobstop.ee\/lt\/wp-json\/wp\/v2\/product_tag?post=119616"}],"curies":[{"name":"wp","href":"https:\/\/api.w.org\/{rel}","templated":true}]}}