{"id":129639,"date":"2015-07-03T21:15:06","date_gmt":"2015-07-03T18:15:06","guid":{"rendered":"http:\/\/vunder-ee.sn25.zone.eu\/lt\/product\/prancuziskas-selakas-liberon-250ml\/"},"modified":"2015-07-03T21:15:06","modified_gmt":"2015-07-03T18:15:06","slug":"prancuziskas-selakas-liberon-250ml","status":"publish","type":"product","link":"https:\/\/hobstop.ee\/lt\/produktas\/prancuziskas-selakas-liberon-250ml\/","title":{"rendered":"Pranc\u016bzi\u0161kas \u0161elakas Liberon 250ml"},"content":{"rendered":"<p>Pranc\u016bzi\u0161kas \u0161elakas yra pagamintas i\u0161 nat\u016brali\u0173 derv\u0173 ir spirito. Pranc\u016bzi\u0161kas \u0161elaku dengti baldai atrodys prabang\u016bs ir senovi\u0161ki. Labiausiai tinka raudonmed\u017eio, rie\u0161utmed\u017eio ir \u0105\u017euolini\u0173 bald\u0173 apdailai, taip pat ir dekoratyvini\u0173 daikt\u0173 bei akustini\u0173 muzikos instrument\u0173 apdailai. I\u0161ry\u0161kina ir pabr\u0117\u017eia medienos ra\u0161t\u0105.<br \/>\nDengiamumas: 16m\u00b2\/L<br \/>\nD\u017eiuvimo laikas: 2 val.<br \/>\nDarbo priemon\u0117: teptukas<br \/>\nDarbo priemoni\u0173 valymas: spiritas<\/p>\n","protected":false},"excerpt":{"rendered":"<p>Pranc\u016bzi\u0161kas \u0161elakas yra pagamintas i\u0161 nat\u016brali\u0173 derv\u0173 ir spirito. Pranc\u016bzi\u0161kas \u0161elaku dengti baldai atrodys prabang\u016bs ir senovi\u0161ki. Labiausiai tinka raudonmed\u017eio, rie\u0161utmed\u017eio ir \u0105\u017euolini\u0173 bald\u0173 apdailai, taip pat ir dekoratyvini\u0173 daikt\u0173 bei akustini\u0173 muzikos instrument\u0173 apdailai. I\u0161ry\u0161kina ir pabr\u0117\u017eia medienos ra\u0161t\u0105. Dengiamumas: 16m\u00b2\/L D\u017eiuvimo laikas: 2 val. Darbo priemon\u0117: teptukas Darbo priemoni\u0173 valymas: spiritas<\/p>\n","protected":false},"featured_media":104815,"comment_status":"closed","ping_status":"closed","template":"","meta":{"_acf_changed":false,"ep_exclude_from_search":false},"product_cat":[15048,14971,18559],"product_tag":[],"class_list":{"0":"post-129639","1":"product","2":"type-product","3":"status-publish","4":"has-post-thumbnail","6":"product_cat-medienos-lakai-poliruokliai-ir-prieziuros-medziagos","7":"product_cat-seemnehelmed","8":"product_cat-restauravimas-ir-apdaila","10":"first","11":"outofstock","12":"taxable","13":"shipping-taxable","14":"purchasable","15":"product-type-variable"},"acf":[],"yoast_head":"<!-- This site is optimized with the Yoast SEO plugin v24.1 - https:\/\/yoast.com\/wordpress\/plugins\/seo\/ -->\n<title>Pranc\u016bzi\u0161kas \u0161elakas Liberon 250ml &#8211; Skizze<\/title>\n<meta name=\"robots\" content=\"noindex, follow, max-snippet:-1, max-image-preview:large, max-video-preview:-1\" \/>\n<meta property=\"og:locale\" content=\"lt_LT\" \/>\n<meta property=\"og:type\" content=\"article\" \/>\n<meta property=\"og:title\" content=\"Pranc\u016bzi\u0161kas \u0161elakas Liberon 250ml &#8211; Skizze\" \/>\n<meta property=\"og:description\" content=\"Pranc\u016bzi\u0161kas \u0161elakas yra pagamintas i\u0161 nat\u016brali\u0173 derv\u0173 ir spirito. Pranc\u016bzi\u0161kas \u0161elaku dengti baldai atrodys prabang\u016bs ir senovi\u0161ki. Labiausiai tinka raudonmed\u017eio, rie\u0161utmed\u017eio ir \u0105\u017euolini\u0173 bald\u0173 apdailai, taip pat ir dekoratyvini\u0173 daikt\u0173 bei akustini\u0173 muzikos instrument\u0173 apdailai. I\u0161ry\u0161kina ir pabr\u0117\u017eia medienos ra\u0161t\u0105. Dengiamumas: 16m\u00b2\/L D\u017eiuvimo laikas: 2 val. Darbo priemon\u0117: teptukas Darbo priemoni\u0173 valymas: spiritas\" \/>\n<meta property=\"og:url\" content=\"https:\/\/hobstop.ee\/lt\/produktas\/prancuziskas-selakas-liberon-250ml\/\" \/>\n<meta property=\"og:site_name\" content=\"Skizze\" \/>\n<meta property=\"article:publisher\" content=\"http:\/\/www.facebook.com\/VunderSkizze\" \/>\n<meta property=\"og:image\" content=\"https:\/\/hobstop.ee\/media\/2469.jpg\" \/>\n\t<meta property=\"og:image:width\" content=\"1024\" \/>\n\t<meta property=\"og:image:height\" content=\"768\" \/>\n\t<meta property=\"og:image:type\" content=\"image\/jpeg\" \/>\n<meta name=\"twitter:card\" content=\"summary_large_image\" \/>\n<script type=\"application\/ld+json\" class=\"yoast-schema-graph\">{\"@context\":\"https:\/\/schema.org\",\"@graph\":[{\"@type\":\"WebPage\",\"@id\":\"https:\/\/hobstop.ee\/lt\/produktas\/prancuziskas-selakas-liberon-250ml\/\",\"url\":\"https:\/\/hobstop.ee\/lt\/produktas\/prancuziskas-selakas-liberon-250ml\/\",\"name\":\"Pranc\u016bzi\u0161kas \u0161elakas Liberon 250ml &#8211; Skizze\",\"isPartOf\":{\"@id\":\"https:\/\/hobstop.ee\/lt\/#website\"},\"primaryImageOfPage\":{\"@id\":\"https:\/\/hobstop.ee\/lt\/produktas\/prancuziskas-selakas-liberon-250ml\/#primaryimage\"},\"image\":{\"@id\":\"https:\/\/hobstop.ee\/lt\/produktas\/prancuziskas-selakas-liberon-250ml\/#primaryimage\"},\"thumbnailUrl\":\"https:\/\/hobstop.ee\/media\/2469.jpg\",\"datePublished\":\"2015-07-03T18:15:06+00:00\",\"dateModified\":\"2015-07-03T18:15:06+00:00\",\"breadcrumb\":{\"@id\":\"https:\/\/hobstop.ee\/lt\/produktas\/prancuziskas-selakas-liberon-250ml\/#breadcrumb\"},\"inLanguage\":\"lt\",\"potentialAction\":[{\"@type\":\"ReadAction\",\"target\":[\"https:\/\/hobstop.ee\/lt\/produktas\/prancuziskas-selakas-liberon-250ml\/\"]}]},{\"@type\":\"ImageObject\",\"inLanguage\":\"lt\",\"@id\":\"https:\/\/hobstop.ee\/lt\/produktas\/prancuziskas-selakas-liberon-250ml\/#primaryimage\",\"url\":\"https:\/\/hobstop.ee\/media\/2469.jpg\",\"contentUrl\":\"https:\/\/hobstop.ee\/media\/2469.jpg\",\"width\":1024,\"height\":768},{\"@type\":\"BreadcrumbList\",\"@id\":\"https:\/\/hobstop.ee\/lt\/produktas\/prancuziskas-selakas-liberon-250ml\/#breadcrumb\",\"itemListElement\":[{\"@type\":\"ListItem\",\"position\":1,\"name\":\"Avaleht\",\"item\":\"https:\/\/hobstop.ee\/lt\/\"},{\"@type\":\"ListItem\",\"position\":2,\"name\":\"Parduotuv\u0117\",\"item\":\"https:\/\/hobstop.ee\/lt\/parduotuve\/\"},{\"@type\":\"ListItem\",\"position\":3,\"name\":\"Pranc\u016bzi\u0161kas \u0161elakas Liberon 250ml\"}]},{\"@type\":\"WebSite\",\"@id\":\"https:\/\/hobstop.ee\/lt\/#website\",\"url\":\"https:\/\/hobstop.ee\/lt\/\",\"name\":\"Skizze\",\"description\":\"Dail\u0117s, pom\u0117gi\u0173 ir mokykliniai reikm\u0117nys\",\"publisher\":{\"@id\":\"https:\/\/hobstop.ee\/lt\/#organization\"},\"potentialAction\":[{\"@type\":\"SearchAction\",\"target\":{\"@type\":\"EntryPoint\",\"urlTemplate\":\"https:\/\/hobstop.ee\/lt\/?s={search_term_string}\"},\"query-input\":{\"@type\":\"PropertyValueSpecification\",\"valueRequired\":true,\"valueName\":\"search_term_string\"}}],\"inLanguage\":\"lt\"},{\"@type\":\"Organization\",\"@id\":\"https:\/\/hobstop.ee\/lt\/#organization\",\"name\":\"Vunder AS\",\"url\":\"https:\/\/hobstop.ee\/lt\/\",\"logo\":{\"@type\":\"ImageObject\",\"inLanguage\":\"lt\",\"@id\":\"https:\/\/hobstop.ee\/lt\/#\/schema\/logo\/image\/\",\"url\":\"https:\/\/hobstop.ee\/media\/vunder-logo.png\",\"contentUrl\":\"https:\/\/hobstop.ee\/media\/vunder-logo.png\",\"width\":127,\"height\":55,\"caption\":\"Vunder AS\"},\"image\":{\"@id\":\"https:\/\/hobstop.ee\/lt\/#\/schema\/logo\/image\/\"},\"sameAs\":[\"http:\/\/www.facebook.com\/VunderSkizze\"]}]}<\/script>\n<!-- \/ Yoast SEO plugin. -->","yoast_head_json":{"title":"Pranc\u016bzi\u0161kas \u0161elakas Liberon 250ml &#8211; Skizze","robots":{"index":"noindex","follow":"follow","max-snippet":"max-snippet:-1","max-image-preview":"max-image-preview:large","max-video-preview":"max-video-preview:-1"},"og_locale":"lt_LT","og_type":"article","og_title":"Pranc\u016bzi\u0161kas \u0161elakas Liberon 250ml &#8211; Skizze","og_description":"Pranc\u016bzi\u0161kas \u0161elakas yra pagamintas i\u0161 nat\u016brali\u0173 derv\u0173 ir spirito. Pranc\u016bzi\u0161kas \u0161elaku dengti baldai atrodys prabang\u016bs ir senovi\u0161ki. Labiausiai tinka raudonmed\u017eio, rie\u0161utmed\u017eio ir \u0105\u017euolini\u0173 bald\u0173 apdailai, taip pat ir dekoratyvini\u0173 daikt\u0173 bei akustini\u0173 muzikos instrument\u0173 apdailai. I\u0161ry\u0161kina ir pabr\u0117\u017eia medienos ra\u0161t\u0105. Dengiamumas: 16m\u00b2\/L D\u017eiuvimo laikas: 2 val. Darbo priemon\u0117: teptukas Darbo priemoni\u0173 valymas: spiritas","og_url":"https:\/\/hobstop.ee\/lt\/produktas\/prancuziskas-selakas-liberon-250ml\/","og_site_name":"Skizze","article_publisher":"http:\/\/www.facebook.com\/VunderSkizze","og_image":[{"width":1024,"height":768,"url":"https:\/\/hobstop.ee\/media\/2469.jpg","type":"image\/jpeg"}],"twitter_card":"summary_large_image","schema":{"@context":"https:\/\/schema.org","@graph":[{"@type":"WebPage","@id":"https:\/\/hobstop.ee\/lt\/produktas\/prancuziskas-selakas-liberon-250ml\/","url":"https:\/\/hobstop.ee\/lt\/produktas\/prancuziskas-selakas-liberon-250ml\/","name":"Pranc\u016bzi\u0161kas \u0161elakas Liberon 250ml &#8211; Skizze","isPartOf":{"@id":"https:\/\/hobstop.ee\/lt\/#website"},"primaryImageOfPage":{"@id":"https:\/\/hobstop.ee\/lt\/produktas\/prancuziskas-selakas-liberon-250ml\/#primaryimage"},"image":{"@id":"https:\/\/hobstop.ee\/lt\/produktas\/prancuziskas-selakas-liberon-250ml\/#primaryimage"},"thumbnailUrl":"https:\/\/hobstop.ee\/media\/2469.jpg","datePublished":"2015-07-03T18:15:06+00:00","dateModified":"2015-07-03T18:15:06+00:00","breadcrumb":{"@id":"https:\/\/hobstop.ee\/lt\/produktas\/prancuziskas-selakas-liberon-250ml\/#breadcrumb"},"inLanguage":"lt","potentialAction":[{"@type":"ReadAction","target":["https:\/\/hobstop.ee\/lt\/produktas\/prancuziskas-selakas-liberon-250ml\/"]}]},{"@type":"ImageObject","inLanguage":"lt","@id":"https:\/\/hobstop.ee\/lt\/produktas\/prancuziskas-selakas-liberon-250ml\/#primaryimage","url":"https:\/\/hobstop.ee\/media\/2469.jpg","contentUrl":"https:\/\/hobstop.ee\/media\/2469.jpg","width":1024,"height":768},{"@type":"BreadcrumbList","@id":"https:\/\/hobstop.ee\/lt\/produktas\/prancuziskas-selakas-liberon-250ml\/#breadcrumb","itemListElement":[{"@type":"ListItem","position":1,"name":"Avaleht","item":"https:\/\/hobstop.ee\/lt\/"},{"@type":"ListItem","position":2,"name":"Parduotuv\u0117","item":"https:\/\/hobstop.ee\/lt\/parduotuve\/"},{"@type":"ListItem","position":3,"name":"Pranc\u016bzi\u0161kas \u0161elakas Liberon 250ml"}]},{"@type":"WebSite","@id":"https:\/\/hobstop.ee\/lt\/#website","url":"https:\/\/hobstop.ee\/lt\/","name":"Skizze","description":"Dail\u0117s, pom\u0117gi\u0173 ir mokykliniai reikm\u0117nys","publisher":{"@id":"https:\/\/hobstop.ee\/lt\/#organization"},"potentialAction":[{"@type":"SearchAction","target":{"@type":"EntryPoint","urlTemplate":"https:\/\/hobstop.ee\/lt\/?s={search_term_string}"},"query-input":{"@type":"PropertyValueSpecification","valueRequired":true,"valueName":"search_term_string"}}],"inLanguage":"lt"},{"@type":"Organization","@id":"https:\/\/hobstop.ee\/lt\/#organization","name":"Vunder AS","url":"https:\/\/hobstop.ee\/lt\/","logo":{"@type":"ImageObject","inLanguage":"lt","@id":"https:\/\/hobstop.ee\/lt\/#\/schema\/logo\/image\/","url":"https:\/\/hobstop.ee\/media\/vunder-logo.png","contentUrl":"https:\/\/hobstop.ee\/media\/vunder-logo.png","width":127,"height":55,"caption":"Vunder AS"},"image":{"@id":"https:\/\/hobstop.ee\/lt\/#\/schema\/logo\/image\/"},"sameAs":["http:\/\/www.facebook.com\/VunderSkizze"]}]}},"_links":{"self":[{"href":"https:\/\/hobstop.ee\/lt\/wp-json\/wp\/v2\/product\/129639","targetHints":{"allow":["GET"]}}],"collection":[{"href":"https:\/\/hobstop.ee\/lt\/wp-json\/wp\/v2\/product"}],"about":[{"href":"https:\/\/hobstop.ee\/lt\/wp-json\/wp\/v2\/types\/product"}],"replies":[{"embeddable":true,"href":"https:\/\/hobstop.ee\/lt\/wp-json\/wp\/v2\/comments?post=129639"}],"wp:featuredmedia":[{"embeddable":true,"href":"https:\/\/hobstop.ee\/lt\/wp-json\/wp\/v2\/media\/104815"}],"wp:attachment":[{"href":"https:\/\/hobstop.ee\/lt\/wp-json\/wp\/v2\/media?parent=129639"}],"wp:term":[{"taxonomy":"product_cat","embeddable":true,"href":"https:\/\/hobstop.ee\/lt\/wp-json\/wp\/v2\/product_cat?post=129639"},{"taxonomy":"product_tag","embeddable":true,"href":"https:\/\/hobstop.ee\/lt\/wp-json\/wp\/v2\/product_tag?post=129639"}],"curies":[{"name":"wp","href":"https:\/\/api.w.org\/{rel}","templated":true}]}}