{"id":129665,"date":"2015-07-03T21:24:29","date_gmt":"2015-07-03T18:24:29","guid":{"rendered":"http:\/\/vunder-ee.sn25.zone.eu\/lt\/product\/ring-remover-liberon-125ml\/"},"modified":"2015-07-03T21:24:29","modified_gmt":"2015-07-03T18:24:29","slug":"ring-remover-liberon-125ml","status":"publish","type":"product","link":"https:\/\/hobstop.ee\/lt\/produktas\/ring-remover-liberon-125ml\/","title":{"rendered":"Ring Remover Liberon 125ml"},"content":{"rendered":"<p>Valiklis nuo lakuot\u0173 pavir\u0161i\u0173 nuvalo dr\u0117gm\u0117s ir kar\u0161t\u0173 ind\u0173 paliktas d\u0117mes ir kitus sunkiai nuvalomus ne\u0161varumus. Suteikia blizgesio lakuotiems ir metaliniams pavir\u0161iams. Galima valyti ir blizginti akmeninius pavir\u0161ius, pavyzd\u017eiui, marmur\u0105.<br \/>\nDengiamumas: 12m\u00b2\/L<br \/>\nD\u017eiuvimo laikas: 30 min.<br \/>\nDarbo priemon\u0117:  \u0161varaus audinio atrai\u017ea<br \/>\nDarbo priemoni\u0173 valymas: bald\u0173 valymo priemon\u0117<\/p>\n","protected":false},"excerpt":{"rendered":"<p>Valiklis nuo lakuot\u0173 pavir\u0161i\u0173 nuvalo dr\u0117gm\u0117s ir kar\u0161t\u0173 ind\u0173 paliktas d\u0117mes ir kitus sunkiai nuvalomus ne\u0161varumus. Suteikia blizgesio lakuotiems ir metaliniams pavir\u0161iams. Galima valyti ir blizginti akmeninius pavir\u0161ius, pavyzd\u017eiui, marmur\u0105. Dengiamumas: 12m\u00b2\/L D\u017eiuvimo laikas: 30 min. Darbo priemon\u0117: \u0161varaus audinio atrai\u017ea Darbo priemoni\u0173 valymas: bald\u0173 valymo priemon\u0117<\/p>\n","protected":false},"featured_media":104831,"comment_status":"closed","ping_status":"closed","template":"","meta":{"_acf_changed":false,"ep_exclude_from_search":false},"product_cat":[15048,14971,18559],"product_tag":[],"class_list":{"0":"post-129665","1":"product","2":"type-product","3":"status-publish","4":"has-post-thumbnail","6":"product_cat-medienos-lakai-poliruokliai-ir-prieziuros-medziagos","7":"product_cat-seemnehelmed","8":"product_cat-restauravimas-ir-apdaila","10":"first","11":"instock","12":"taxable","13":"shipping-taxable","14":"purchasable","15":"product-type-variable"},"acf":[],"yoast_head":"<!-- This site is optimized with the Yoast SEO plugin v24.1 - https:\/\/yoast.com\/wordpress\/plugins\/seo\/ -->\n<title>Ring Remover Liberon 125ml &#8211; Skizze<\/title>\n<meta name=\"robots\" content=\"noindex, follow, max-snippet:-1, max-image-preview:large, max-video-preview:-1\" \/>\n<meta property=\"og:locale\" content=\"lt_LT\" \/>\n<meta property=\"og:type\" content=\"article\" \/>\n<meta property=\"og:title\" content=\"Ring Remover Liberon 125ml &#8211; Skizze\" \/>\n<meta property=\"og:description\" content=\"Valiklis nuo lakuot\u0173 pavir\u0161i\u0173 nuvalo dr\u0117gm\u0117s ir kar\u0161t\u0173 ind\u0173 paliktas d\u0117mes ir kitus sunkiai nuvalomus ne\u0161varumus. Suteikia blizgesio lakuotiems ir metaliniams pavir\u0161iams. Galima valyti ir blizginti akmeninius pavir\u0161ius, pavyzd\u017eiui, marmur\u0105. Dengiamumas: 12m\u00b2\/L D\u017eiuvimo laikas: 30 min. Darbo priemon\u0117: \u0161varaus audinio atrai\u017ea Darbo priemoni\u0173 valymas: bald\u0173 valymo priemon\u0117\" \/>\n<meta property=\"og:url\" content=\"https:\/\/hobstop.ee\/lt\/produktas\/ring-remover-liberon-125ml\/\" \/>\n<meta property=\"og:site_name\" content=\"Skizze\" \/>\n<meta property=\"article:publisher\" content=\"http:\/\/www.facebook.com\/VunderSkizze\" \/>\n<meta property=\"og:image\" content=\"https:\/\/hobstop.ee\/media\/2473.jpg\" \/>\n\t<meta property=\"og:image:width\" content=\"1024\" \/>\n\t<meta property=\"og:image:height\" content=\"768\" \/>\n\t<meta property=\"og:image:type\" content=\"image\/jpeg\" \/>\n<meta name=\"twitter:card\" content=\"summary_large_image\" \/>\n<script type=\"application\/ld+json\" class=\"yoast-schema-graph\">{\"@context\":\"https:\/\/schema.org\",\"@graph\":[{\"@type\":\"WebPage\",\"@id\":\"https:\/\/hobstop.ee\/lt\/produktas\/ring-remover-liberon-125ml\/\",\"url\":\"https:\/\/hobstop.ee\/lt\/produktas\/ring-remover-liberon-125ml\/\",\"name\":\"Ring Remover Liberon 125ml &#8211; Skizze\",\"isPartOf\":{\"@id\":\"https:\/\/hobstop.ee\/lt\/#website\"},\"primaryImageOfPage\":{\"@id\":\"https:\/\/hobstop.ee\/lt\/produktas\/ring-remover-liberon-125ml\/#primaryimage\"},\"image\":{\"@id\":\"https:\/\/hobstop.ee\/lt\/produktas\/ring-remover-liberon-125ml\/#primaryimage\"},\"thumbnailUrl\":\"https:\/\/hobstop.ee\/media\/2473.jpg\",\"datePublished\":\"2015-07-03T18:24:29+00:00\",\"dateModified\":\"2015-07-03T18:24:29+00:00\",\"breadcrumb\":{\"@id\":\"https:\/\/hobstop.ee\/lt\/produktas\/ring-remover-liberon-125ml\/#breadcrumb\"},\"inLanguage\":\"lt\",\"potentialAction\":[{\"@type\":\"ReadAction\",\"target\":[\"https:\/\/hobstop.ee\/lt\/produktas\/ring-remover-liberon-125ml\/\"]}]},{\"@type\":\"ImageObject\",\"inLanguage\":\"lt\",\"@id\":\"https:\/\/hobstop.ee\/lt\/produktas\/ring-remover-liberon-125ml\/#primaryimage\",\"url\":\"https:\/\/hobstop.ee\/media\/2473.jpg\",\"contentUrl\":\"https:\/\/hobstop.ee\/media\/2473.jpg\",\"width\":1024,\"height\":768},{\"@type\":\"BreadcrumbList\",\"@id\":\"https:\/\/hobstop.ee\/lt\/produktas\/ring-remover-liberon-125ml\/#breadcrumb\",\"itemListElement\":[{\"@type\":\"ListItem\",\"position\":1,\"name\":\"Avaleht\",\"item\":\"https:\/\/hobstop.ee\/lt\/\"},{\"@type\":\"ListItem\",\"position\":2,\"name\":\"Parduotuv\u0117\",\"item\":\"https:\/\/hobstop.ee\/lt\/parduotuve\/\"},{\"@type\":\"ListItem\",\"position\":3,\"name\":\"Ring Remover Liberon 125ml\"}]},{\"@type\":\"WebSite\",\"@id\":\"https:\/\/hobstop.ee\/lt\/#website\",\"url\":\"https:\/\/hobstop.ee\/lt\/\",\"name\":\"Skizze\",\"description\":\"Dail\u0117s, pom\u0117gi\u0173 ir mokykliniai reikm\u0117nys\",\"publisher\":{\"@id\":\"https:\/\/hobstop.ee\/lt\/#organization\"},\"potentialAction\":[{\"@type\":\"SearchAction\",\"target\":{\"@type\":\"EntryPoint\",\"urlTemplate\":\"https:\/\/hobstop.ee\/lt\/?s={search_term_string}\"},\"query-input\":{\"@type\":\"PropertyValueSpecification\",\"valueRequired\":true,\"valueName\":\"search_term_string\"}}],\"inLanguage\":\"lt\"},{\"@type\":\"Organization\",\"@id\":\"https:\/\/hobstop.ee\/lt\/#organization\",\"name\":\"Vunder AS\",\"url\":\"https:\/\/hobstop.ee\/lt\/\",\"logo\":{\"@type\":\"ImageObject\",\"inLanguage\":\"lt\",\"@id\":\"https:\/\/hobstop.ee\/lt\/#\/schema\/logo\/image\/\",\"url\":\"https:\/\/hobstop.ee\/media\/vunder-logo.png\",\"contentUrl\":\"https:\/\/hobstop.ee\/media\/vunder-logo.png\",\"width\":127,\"height\":55,\"caption\":\"Vunder AS\"},\"image\":{\"@id\":\"https:\/\/hobstop.ee\/lt\/#\/schema\/logo\/image\/\"},\"sameAs\":[\"http:\/\/www.facebook.com\/VunderSkizze\"]}]}<\/script>\n<!-- \/ Yoast SEO plugin. -->","yoast_head_json":{"title":"Ring Remover Liberon 125ml &#8211; Skizze","robots":{"index":"noindex","follow":"follow","max-snippet":"max-snippet:-1","max-image-preview":"max-image-preview:large","max-video-preview":"max-video-preview:-1"},"og_locale":"lt_LT","og_type":"article","og_title":"Ring Remover Liberon 125ml &#8211; Skizze","og_description":"Valiklis nuo lakuot\u0173 pavir\u0161i\u0173 nuvalo dr\u0117gm\u0117s ir kar\u0161t\u0173 ind\u0173 paliktas d\u0117mes ir kitus sunkiai nuvalomus ne\u0161varumus. Suteikia blizgesio lakuotiems ir metaliniams pavir\u0161iams. Galima valyti ir blizginti akmeninius pavir\u0161ius, pavyzd\u017eiui, marmur\u0105. Dengiamumas: 12m\u00b2\/L D\u017eiuvimo laikas: 30 min. Darbo priemon\u0117: \u0161varaus audinio atrai\u017ea Darbo priemoni\u0173 valymas: bald\u0173 valymo priemon\u0117","og_url":"https:\/\/hobstop.ee\/lt\/produktas\/ring-remover-liberon-125ml\/","og_site_name":"Skizze","article_publisher":"http:\/\/www.facebook.com\/VunderSkizze","og_image":[{"width":1024,"height":768,"url":"https:\/\/hobstop.ee\/media\/2473.jpg","type":"image\/jpeg"}],"twitter_card":"summary_large_image","schema":{"@context":"https:\/\/schema.org","@graph":[{"@type":"WebPage","@id":"https:\/\/hobstop.ee\/lt\/produktas\/ring-remover-liberon-125ml\/","url":"https:\/\/hobstop.ee\/lt\/produktas\/ring-remover-liberon-125ml\/","name":"Ring Remover Liberon 125ml &#8211; Skizze","isPartOf":{"@id":"https:\/\/hobstop.ee\/lt\/#website"},"primaryImageOfPage":{"@id":"https:\/\/hobstop.ee\/lt\/produktas\/ring-remover-liberon-125ml\/#primaryimage"},"image":{"@id":"https:\/\/hobstop.ee\/lt\/produktas\/ring-remover-liberon-125ml\/#primaryimage"},"thumbnailUrl":"https:\/\/hobstop.ee\/media\/2473.jpg","datePublished":"2015-07-03T18:24:29+00:00","dateModified":"2015-07-03T18:24:29+00:00","breadcrumb":{"@id":"https:\/\/hobstop.ee\/lt\/produktas\/ring-remover-liberon-125ml\/#breadcrumb"},"inLanguage":"lt","potentialAction":[{"@type":"ReadAction","target":["https:\/\/hobstop.ee\/lt\/produktas\/ring-remover-liberon-125ml\/"]}]},{"@type":"ImageObject","inLanguage":"lt","@id":"https:\/\/hobstop.ee\/lt\/produktas\/ring-remover-liberon-125ml\/#primaryimage","url":"https:\/\/hobstop.ee\/media\/2473.jpg","contentUrl":"https:\/\/hobstop.ee\/media\/2473.jpg","width":1024,"height":768},{"@type":"BreadcrumbList","@id":"https:\/\/hobstop.ee\/lt\/produktas\/ring-remover-liberon-125ml\/#breadcrumb","itemListElement":[{"@type":"ListItem","position":1,"name":"Avaleht","item":"https:\/\/hobstop.ee\/lt\/"},{"@type":"ListItem","position":2,"name":"Parduotuv\u0117","item":"https:\/\/hobstop.ee\/lt\/parduotuve\/"},{"@type":"ListItem","position":3,"name":"Ring Remover Liberon 125ml"}]},{"@type":"WebSite","@id":"https:\/\/hobstop.ee\/lt\/#website","url":"https:\/\/hobstop.ee\/lt\/","name":"Skizze","description":"Dail\u0117s, pom\u0117gi\u0173 ir mokykliniai reikm\u0117nys","publisher":{"@id":"https:\/\/hobstop.ee\/lt\/#organization"},"potentialAction":[{"@type":"SearchAction","target":{"@type":"EntryPoint","urlTemplate":"https:\/\/hobstop.ee\/lt\/?s={search_term_string}"},"query-input":{"@type":"PropertyValueSpecification","valueRequired":true,"valueName":"search_term_string"}}],"inLanguage":"lt"},{"@type":"Organization","@id":"https:\/\/hobstop.ee\/lt\/#organization","name":"Vunder AS","url":"https:\/\/hobstop.ee\/lt\/","logo":{"@type":"ImageObject","inLanguage":"lt","@id":"https:\/\/hobstop.ee\/lt\/#\/schema\/logo\/image\/","url":"https:\/\/hobstop.ee\/media\/vunder-logo.png","contentUrl":"https:\/\/hobstop.ee\/media\/vunder-logo.png","width":127,"height":55,"caption":"Vunder AS"},"image":{"@id":"https:\/\/hobstop.ee\/lt\/#\/schema\/logo\/image\/"},"sameAs":["http:\/\/www.facebook.com\/VunderSkizze"]}]}},"_links":{"self":[{"href":"https:\/\/hobstop.ee\/lt\/wp-json\/wp\/v2\/product\/129665","targetHints":{"allow":["GET"]}}],"collection":[{"href":"https:\/\/hobstop.ee\/lt\/wp-json\/wp\/v2\/product"}],"about":[{"href":"https:\/\/hobstop.ee\/lt\/wp-json\/wp\/v2\/types\/product"}],"replies":[{"embeddable":true,"href":"https:\/\/hobstop.ee\/lt\/wp-json\/wp\/v2\/comments?post=129665"}],"wp:featuredmedia":[{"embeddable":true,"href":"https:\/\/hobstop.ee\/lt\/wp-json\/wp\/v2\/media\/104831"}],"wp:attachment":[{"href":"https:\/\/hobstop.ee\/lt\/wp-json\/wp\/v2\/media?parent=129665"}],"wp:term":[{"taxonomy":"product_cat","embeddable":true,"href":"https:\/\/hobstop.ee\/lt\/wp-json\/wp\/v2\/product_cat?post=129665"},{"taxonomy":"product_tag","embeddable":true,"href":"https:\/\/hobstop.ee\/lt\/wp-json\/wp\/v2\/product_tag?post=129665"}],"curies":[{"name":"wp","href":"https:\/\/api.w.org\/{rel}","templated":true}]}}