{"id":129724,"date":"2015-07-03T21:34:51","date_gmt":"2015-07-03T18:34:51","guid":{"rendered":"http:\/\/vunder-ee.sn25.zone.eu\/lt\/product\/metalo-lakas-liberon-250ml\/"},"modified":"2015-07-03T21:34:51","modified_gmt":"2015-07-03T18:34:51","slug":"metalo-lakas-liberon-250ml","status":"publish","type":"product","link":"https:\/\/hobstop.ee\/lt\/produktas\/metalo-lakas-liberon-250ml\/","title":{"rendered":"Metalo lakas Liberon 250ml"},"content":{"rendered":"<p>\u0160is bespalvis kokybi\u0161kas metalo apsauginis lakas saugo metal\u0105 nuo oksidacijos. Tinka naudoti vidaus patalpose, varini\u0173, bronzini\u0173, plienini\u0173, \u0161vinini\u0173 ir sidabrini\u0173 detali\u0173, kurios yra apsaugotos nuo dr\u0117gm\u0117s ir auk\u0161tos temperat\u016bros, apdailai. Metalo lakas suteikia blizges\u012f, neturi gelsvo atspalvio.<br \/>\nDengiamumas: 24m\u00b2\/L<br \/>\nD\u017eiuvimo laikas: 30 min<br \/>\nDarbo priemon\u0117:  teptukas<br \/>\nDarbo priemoni\u0173 valymas: spiritas<\/p>\n","protected":false},"excerpt":{"rendered":"<p>\u0160is bespalvis kokybi\u0161kas metalo apsauginis lakas saugo metal\u0105 nuo oksidacijos. Tinka naudoti vidaus patalpose, varini\u0173, bronzini\u0173, plienini\u0173, \u0161vinini\u0173 ir sidabrini\u0173 detali\u0173, kurios yra apsaugotos nuo dr\u0117gm\u0117s ir auk\u0161tos temperat\u016bros, apdailai. Metalo lakas suteikia blizges\u012f, neturi gelsvo atspalvio. Dengiamumas: 24m\u00b2\/L D\u017eiuvimo laikas: 30 min Darbo priemon\u0117: teptukas Darbo priemoni\u0173 valymas: spiritas<\/p>\n","protected":false},"featured_media":147002,"comment_status":"closed","ping_status":"closed","template":"","meta":{"_acf_changed":false,"ep_exclude_from_search":false},"product_cat":[15052,14971,18559],"product_tag":[],"class_list":{"0":"post-129724","1":"product","2":"type-product","3":"status-publish","4":"has-post-thumbnail","6":"product_cat-siseviimistlus","7":"product_cat-seemnehelmed","8":"product_cat-restauravimas-ir-apdaila","10":"first","11":"instock","12":"taxable","13":"shipping-taxable","14":"purchasable","15":"product-type-variable"},"acf":[],"yoast_head":"<!-- This site is optimized with the Yoast SEO plugin v24.1 - https:\/\/yoast.com\/wordpress\/plugins\/seo\/ -->\n<title>Metalo lakas Liberon 250ml &#8211; Skizze<\/title>\n<meta name=\"robots\" content=\"noindex, follow, max-snippet:-1, max-image-preview:large, max-video-preview:-1\" \/>\n<meta property=\"og:locale\" content=\"lt_LT\" \/>\n<meta property=\"og:type\" content=\"article\" \/>\n<meta property=\"og:title\" content=\"Metalo lakas Liberon 250ml &#8211; Skizze\" \/>\n<meta property=\"og:description\" content=\"\u0160is bespalvis kokybi\u0161kas metalo apsauginis lakas saugo metal\u0105 nuo oksidacijos. Tinka naudoti vidaus patalpose, varini\u0173, bronzini\u0173, plienini\u0173, \u0161vinini\u0173 ir sidabrini\u0173 detali\u0173, kurios yra apsaugotos nuo dr\u0117gm\u0117s ir auk\u0161tos temperat\u016bros, apdailai. Metalo lakas suteikia blizges\u012f, neturi gelsvo atspalvio. Dengiamumas: 24m\u00b2\/L D\u017eiuvimo laikas: 30 min Darbo priemon\u0117: teptukas Darbo priemoni\u0173 valymas: spiritas\" \/>\n<meta property=\"og:url\" content=\"https:\/\/hobstop.ee\/lt\/produktas\/metalo-lakas-liberon-250ml\/\" \/>\n<meta property=\"og:site_name\" content=\"Skizze\" \/>\n<meta property=\"article:publisher\" content=\"http:\/\/www.facebook.com\/VunderSkizze\" \/>\n<meta property=\"og:image\" content=\"https:\/\/hobstop.ee\/media\/2482.jpg\" \/>\n\t<meta property=\"og:image:width\" content=\"1024\" \/>\n\t<meta property=\"og:image:height\" content=\"768\" \/>\n\t<meta property=\"og:image:type\" content=\"image\/jpeg\" \/>\n<meta name=\"twitter:card\" content=\"summary_large_image\" \/>\n<script type=\"application\/ld+json\" class=\"yoast-schema-graph\">{\"@context\":\"https:\/\/schema.org\",\"@graph\":[{\"@type\":\"WebPage\",\"@id\":\"https:\/\/hobstop.ee\/lt\/produktas\/metalo-lakas-liberon-250ml\/\",\"url\":\"https:\/\/hobstop.ee\/lt\/produktas\/metalo-lakas-liberon-250ml\/\",\"name\":\"Metalo lakas Liberon 250ml &#8211; Skizze\",\"isPartOf\":{\"@id\":\"https:\/\/hobstop.ee\/lt\/#website\"},\"primaryImageOfPage\":{\"@id\":\"https:\/\/hobstop.ee\/lt\/produktas\/metalo-lakas-liberon-250ml\/#primaryimage\"},\"image\":{\"@id\":\"https:\/\/hobstop.ee\/lt\/produktas\/metalo-lakas-liberon-250ml\/#primaryimage\"},\"thumbnailUrl\":\"https:\/\/hobstop.ee\/media\/2482.jpg\",\"datePublished\":\"2015-07-03T18:34:51+00:00\",\"dateModified\":\"2015-07-03T18:34:51+00:00\",\"breadcrumb\":{\"@id\":\"https:\/\/hobstop.ee\/lt\/produktas\/metalo-lakas-liberon-250ml\/#breadcrumb\"},\"inLanguage\":\"lt\",\"potentialAction\":[{\"@type\":\"ReadAction\",\"target\":[\"https:\/\/hobstop.ee\/lt\/produktas\/metalo-lakas-liberon-250ml\/\"]}]},{\"@type\":\"ImageObject\",\"inLanguage\":\"lt\",\"@id\":\"https:\/\/hobstop.ee\/lt\/produktas\/metalo-lakas-liberon-250ml\/#primaryimage\",\"url\":\"https:\/\/hobstop.ee\/media\/2482.jpg\",\"contentUrl\":\"https:\/\/hobstop.ee\/media\/2482.jpg\",\"width\":1024,\"height\":768},{\"@type\":\"BreadcrumbList\",\"@id\":\"https:\/\/hobstop.ee\/lt\/produktas\/metalo-lakas-liberon-250ml\/#breadcrumb\",\"itemListElement\":[{\"@type\":\"ListItem\",\"position\":1,\"name\":\"Avaleht\",\"item\":\"https:\/\/hobstop.ee\/lt\/\"},{\"@type\":\"ListItem\",\"position\":2,\"name\":\"Parduotuv\u0117\",\"item\":\"https:\/\/hobstop.ee\/lt\/parduotuve\/\"},{\"@type\":\"ListItem\",\"position\":3,\"name\":\"Metalo lakas Liberon 250ml\"}]},{\"@type\":\"WebSite\",\"@id\":\"https:\/\/hobstop.ee\/lt\/#website\",\"url\":\"https:\/\/hobstop.ee\/lt\/\",\"name\":\"Skizze\",\"description\":\"Dail\u0117s, pom\u0117gi\u0173 ir mokykliniai reikm\u0117nys\",\"publisher\":{\"@id\":\"https:\/\/hobstop.ee\/lt\/#organization\"},\"potentialAction\":[{\"@type\":\"SearchAction\",\"target\":{\"@type\":\"EntryPoint\",\"urlTemplate\":\"https:\/\/hobstop.ee\/lt\/?s={search_term_string}\"},\"query-input\":{\"@type\":\"PropertyValueSpecification\",\"valueRequired\":true,\"valueName\":\"search_term_string\"}}],\"inLanguage\":\"lt\"},{\"@type\":\"Organization\",\"@id\":\"https:\/\/hobstop.ee\/lt\/#organization\",\"name\":\"Vunder AS\",\"url\":\"https:\/\/hobstop.ee\/lt\/\",\"logo\":{\"@type\":\"ImageObject\",\"inLanguage\":\"lt\",\"@id\":\"https:\/\/hobstop.ee\/lt\/#\/schema\/logo\/image\/\",\"url\":\"https:\/\/hobstop.ee\/media\/vunder-logo.png\",\"contentUrl\":\"https:\/\/hobstop.ee\/media\/vunder-logo.png\",\"width\":127,\"height\":55,\"caption\":\"Vunder AS\"},\"image\":{\"@id\":\"https:\/\/hobstop.ee\/lt\/#\/schema\/logo\/image\/\"},\"sameAs\":[\"http:\/\/www.facebook.com\/VunderSkizze\"]}]}<\/script>\n<!-- \/ Yoast SEO plugin. -->","yoast_head_json":{"title":"Metalo lakas Liberon 250ml &#8211; Skizze","robots":{"index":"noindex","follow":"follow","max-snippet":"max-snippet:-1","max-image-preview":"max-image-preview:large","max-video-preview":"max-video-preview:-1"},"og_locale":"lt_LT","og_type":"article","og_title":"Metalo lakas Liberon 250ml &#8211; Skizze","og_description":"\u0160is bespalvis kokybi\u0161kas metalo apsauginis lakas saugo metal\u0105 nuo oksidacijos. Tinka naudoti vidaus patalpose, varini\u0173, bronzini\u0173, plienini\u0173, \u0161vinini\u0173 ir sidabrini\u0173 detali\u0173, kurios yra apsaugotos nuo dr\u0117gm\u0117s ir auk\u0161tos temperat\u016bros, apdailai. Metalo lakas suteikia blizges\u012f, neturi gelsvo atspalvio. Dengiamumas: 24m\u00b2\/L D\u017eiuvimo laikas: 30 min Darbo priemon\u0117: teptukas Darbo priemoni\u0173 valymas: spiritas","og_url":"https:\/\/hobstop.ee\/lt\/produktas\/metalo-lakas-liberon-250ml\/","og_site_name":"Skizze","article_publisher":"http:\/\/www.facebook.com\/VunderSkizze","og_image":[{"width":1024,"height":768,"url":"https:\/\/hobstop.ee\/media\/2482.jpg","type":"image\/jpeg"}],"twitter_card":"summary_large_image","schema":{"@context":"https:\/\/schema.org","@graph":[{"@type":"WebPage","@id":"https:\/\/hobstop.ee\/lt\/produktas\/metalo-lakas-liberon-250ml\/","url":"https:\/\/hobstop.ee\/lt\/produktas\/metalo-lakas-liberon-250ml\/","name":"Metalo lakas Liberon 250ml &#8211; Skizze","isPartOf":{"@id":"https:\/\/hobstop.ee\/lt\/#website"},"primaryImageOfPage":{"@id":"https:\/\/hobstop.ee\/lt\/produktas\/metalo-lakas-liberon-250ml\/#primaryimage"},"image":{"@id":"https:\/\/hobstop.ee\/lt\/produktas\/metalo-lakas-liberon-250ml\/#primaryimage"},"thumbnailUrl":"https:\/\/hobstop.ee\/media\/2482.jpg","datePublished":"2015-07-03T18:34:51+00:00","dateModified":"2015-07-03T18:34:51+00:00","breadcrumb":{"@id":"https:\/\/hobstop.ee\/lt\/produktas\/metalo-lakas-liberon-250ml\/#breadcrumb"},"inLanguage":"lt","potentialAction":[{"@type":"ReadAction","target":["https:\/\/hobstop.ee\/lt\/produktas\/metalo-lakas-liberon-250ml\/"]}]},{"@type":"ImageObject","inLanguage":"lt","@id":"https:\/\/hobstop.ee\/lt\/produktas\/metalo-lakas-liberon-250ml\/#primaryimage","url":"https:\/\/hobstop.ee\/media\/2482.jpg","contentUrl":"https:\/\/hobstop.ee\/media\/2482.jpg","width":1024,"height":768},{"@type":"BreadcrumbList","@id":"https:\/\/hobstop.ee\/lt\/produktas\/metalo-lakas-liberon-250ml\/#breadcrumb","itemListElement":[{"@type":"ListItem","position":1,"name":"Avaleht","item":"https:\/\/hobstop.ee\/lt\/"},{"@type":"ListItem","position":2,"name":"Parduotuv\u0117","item":"https:\/\/hobstop.ee\/lt\/parduotuve\/"},{"@type":"ListItem","position":3,"name":"Metalo lakas Liberon 250ml"}]},{"@type":"WebSite","@id":"https:\/\/hobstop.ee\/lt\/#website","url":"https:\/\/hobstop.ee\/lt\/","name":"Skizze","description":"Dail\u0117s, pom\u0117gi\u0173 ir mokykliniai reikm\u0117nys","publisher":{"@id":"https:\/\/hobstop.ee\/lt\/#organization"},"potentialAction":[{"@type":"SearchAction","target":{"@type":"EntryPoint","urlTemplate":"https:\/\/hobstop.ee\/lt\/?s={search_term_string}"},"query-input":{"@type":"PropertyValueSpecification","valueRequired":true,"valueName":"search_term_string"}}],"inLanguage":"lt"},{"@type":"Organization","@id":"https:\/\/hobstop.ee\/lt\/#organization","name":"Vunder AS","url":"https:\/\/hobstop.ee\/lt\/","logo":{"@type":"ImageObject","inLanguage":"lt","@id":"https:\/\/hobstop.ee\/lt\/#\/schema\/logo\/image\/","url":"https:\/\/hobstop.ee\/media\/vunder-logo.png","contentUrl":"https:\/\/hobstop.ee\/media\/vunder-logo.png","width":127,"height":55,"caption":"Vunder AS"},"image":{"@id":"https:\/\/hobstop.ee\/lt\/#\/schema\/logo\/image\/"},"sameAs":["http:\/\/www.facebook.com\/VunderSkizze"]}]}},"_links":{"self":[{"href":"https:\/\/hobstop.ee\/lt\/wp-json\/wp\/v2\/product\/129724","targetHints":{"allow":["GET"]}}],"collection":[{"href":"https:\/\/hobstop.ee\/lt\/wp-json\/wp\/v2\/product"}],"about":[{"href":"https:\/\/hobstop.ee\/lt\/wp-json\/wp\/v2\/types\/product"}],"replies":[{"embeddable":true,"href":"https:\/\/hobstop.ee\/lt\/wp-json\/wp\/v2\/comments?post=129724"}],"wp:featuredmedia":[{"embeddable":true,"href":"https:\/\/hobstop.ee\/lt\/wp-json\/wp\/v2\/media\/147002"}],"wp:attachment":[{"href":"https:\/\/hobstop.ee\/lt\/wp-json\/wp\/v2\/media?parent=129724"}],"wp:term":[{"taxonomy":"product_cat","embeddable":true,"href":"https:\/\/hobstop.ee\/lt\/wp-json\/wp\/v2\/product_cat?post=129724"},{"taxonomy":"product_tag","embeddable":true,"href":"https:\/\/hobstop.ee\/lt\/wp-json\/wp\/v2\/product_tag?post=129724"}],"curies":[{"name":"wp","href":"https:\/\/api.w.org\/{rel}","templated":true}]}}