{"id":129732,"date":"2015-07-03T21:41:59","date_gmt":"2015-07-03T18:41:59","guid":{"rendered":"http:\/\/vunder-ee.sn25.zone.eu\/lt\/product\/liboil-liberon-1l\/"},"modified":"2015-07-03T21:41:59","modified_gmt":"2015-07-03T18:41:59","slug":"lauko-baldu-alyva-liberon-1l","status":"publish","type":"product","link":"https:\/\/hobstop.ee\/lt\/produktas\/lauko-baldu-alyva-liberon-1l\/","title":{"rendered":"Lauko bald\u0173 alyva Liberon 1L"},"content":{"rendered":"<p>Ilgalaik\u0117 ir atsparum\u0105 suteikianti apsauga sodo baldams. Alyva apdorotas pavir\u0161ius savo savybes i\u0161saugo net dvejus metus. Tinka visoms medienos r\u016b\u0161ims, ypatingai tikmed\u017eiui. Saugo medien\u0105 nuo ultravioletini\u0173 spinduli\u0173, baldus apsaugo nuo pilk\u0117jimo. Giliai \u012fsigeria \u012f medien\u0105 ir saugo j\u0105 nuo d\u0117mi\u0173. Ant pavir\u0161iaus nesusidaro besilupanti pl\u0117vel\u0117. Sud\u0117tyje yra tungamed\u017eio aliejaus.<br \/>\nDengiamumas: 15m\u00b2\/L<br \/>\nD\u017eiuvimo laikas: 24 val.<br \/>\nDarbo priemon\u0117: \u0161epet\u0117lis arba \u0161varaus audinio atrai\u017ea<br \/>\nDarbo priemoni\u0173 valymas: vaitspiritas<\/p>\n","protected":false},"excerpt":{"rendered":"<p>Ilgalaik\u0117 ir atsparum\u0105 suteikianti apsauga sodo baldams. Alyva apdorotas pavir\u0161ius savo savybes i\u0161saugo net dvejus metus. Tinka visoms medienos r\u016b\u0161ims, ypatingai tikmed\u017eiui. Saugo medien\u0105 nuo ultravioletini\u0173 spinduli\u0173, baldus apsaugo nuo pilk\u0117jimo. Giliai \u012fsigeria \u012f medien\u0105 ir saugo j\u0105 nuo d\u0117mi\u0173. Ant pavir\u0161iaus nesusidaro besilupanti pl\u0117vel\u0117. Sud\u0117tyje yra tungamed\u017eio aliejaus. Dengiamumas: 15m\u00b2\/L D\u017eiuvimo laikas: 24 val. Darbo priemon\u0117: \u0161epet\u0117lis arba \u0161varaus audinio atrai\u017ea Darbo priemoni\u0173 valymas: vaitspiritas<\/p>\n","protected":false},"featured_media":104871,"comment_status":"closed","ping_status":"closed","template":"","meta":{"_acf_changed":false,"ep_exclude_from_search":false},"product_cat":[15050,14971,18559],"product_tag":[],"class_list":{"0":"post-129732","1":"product","2":"type-product","3":"status-publish","4":"has-post-thumbnail","6":"product_cat-nahale","7":"product_cat-seemnehelmed","8":"product_cat-restauravimas-ir-apdaila","10":"first","11":"instock","12":"taxable","13":"shipping-taxable","14":"purchasable","15":"product-type-variable"},"acf":[],"yoast_head":"<!-- This site is optimized with the Yoast SEO plugin v24.1 - https:\/\/yoast.com\/wordpress\/plugins\/seo\/ -->\n<title>Lauko bald\u0173 alyva Liberon 1L &#8211; Skizze<\/title>\n<meta name=\"robots\" content=\"noindex, follow, max-snippet:-1, max-image-preview:large, max-video-preview:-1\" \/>\n<meta property=\"og:locale\" content=\"lt_LT\" \/>\n<meta property=\"og:type\" content=\"article\" \/>\n<meta property=\"og:title\" content=\"Lauko bald\u0173 alyva Liberon 1L &#8211; Skizze\" \/>\n<meta property=\"og:description\" content=\"Ilgalaik\u0117 ir atsparum\u0105 suteikianti apsauga sodo baldams. Alyva apdorotas pavir\u0161ius savo savybes i\u0161saugo net dvejus metus. Tinka visoms medienos r\u016b\u0161ims, ypatingai tikmed\u017eiui. Saugo medien\u0105 nuo ultravioletini\u0173 spinduli\u0173, baldus apsaugo nuo pilk\u0117jimo. Giliai \u012fsigeria \u012f medien\u0105 ir saugo j\u0105 nuo d\u0117mi\u0173. Ant pavir\u0161iaus nesusidaro besilupanti pl\u0117vel\u0117. Sud\u0117tyje yra tungamed\u017eio aliejaus. Dengiamumas: 15m\u00b2\/L D\u017eiuvimo laikas: 24 val. Darbo priemon\u0117: \u0161epet\u0117lis arba \u0161varaus audinio atrai\u017ea Darbo priemoni\u0173 valymas: vaitspiritas\" \/>\n<meta property=\"og:url\" content=\"https:\/\/hobstop.ee\/lt\/produktas\/lauko-baldu-alyva-liberon-1l\/\" \/>\n<meta property=\"og:site_name\" content=\"Skizze\" \/>\n<meta property=\"article:publisher\" content=\"http:\/\/www.facebook.com\/VunderSkizze\" \/>\n<meta property=\"og:image\" content=\"https:\/\/hobstop.ee\/media\/2484.jpg\" \/>\n\t<meta property=\"og:image:width\" content=\"1024\" \/>\n\t<meta property=\"og:image:height\" content=\"768\" \/>\n\t<meta property=\"og:image:type\" content=\"image\/jpeg\" \/>\n<meta name=\"twitter:card\" content=\"summary_large_image\" \/>\n<script type=\"application\/ld+json\" class=\"yoast-schema-graph\">{\"@context\":\"https:\/\/schema.org\",\"@graph\":[{\"@type\":\"WebPage\",\"@id\":\"https:\/\/hobstop.ee\/lt\/produktas\/lauko-baldu-alyva-liberon-1l\/\",\"url\":\"https:\/\/hobstop.ee\/lt\/produktas\/lauko-baldu-alyva-liberon-1l\/\",\"name\":\"Lauko bald\u0173 alyva Liberon 1L &#8211; Skizze\",\"isPartOf\":{\"@id\":\"https:\/\/hobstop.ee\/lt\/#website\"},\"primaryImageOfPage\":{\"@id\":\"https:\/\/hobstop.ee\/lt\/produktas\/lauko-baldu-alyva-liberon-1l\/#primaryimage\"},\"image\":{\"@id\":\"https:\/\/hobstop.ee\/lt\/produktas\/lauko-baldu-alyva-liberon-1l\/#primaryimage\"},\"thumbnailUrl\":\"https:\/\/hobstop.ee\/media\/2484.jpg\",\"datePublished\":\"2015-07-03T18:41:59+00:00\",\"dateModified\":\"2015-07-03T18:41:59+00:00\",\"breadcrumb\":{\"@id\":\"https:\/\/hobstop.ee\/lt\/produktas\/lauko-baldu-alyva-liberon-1l\/#breadcrumb\"},\"inLanguage\":\"lt\",\"potentialAction\":[{\"@type\":\"ReadAction\",\"target\":[\"https:\/\/hobstop.ee\/lt\/produktas\/lauko-baldu-alyva-liberon-1l\/\"]}]},{\"@type\":\"ImageObject\",\"inLanguage\":\"lt\",\"@id\":\"https:\/\/hobstop.ee\/lt\/produktas\/lauko-baldu-alyva-liberon-1l\/#primaryimage\",\"url\":\"https:\/\/hobstop.ee\/media\/2484.jpg\",\"contentUrl\":\"https:\/\/hobstop.ee\/media\/2484.jpg\",\"width\":1024,\"height\":768},{\"@type\":\"BreadcrumbList\",\"@id\":\"https:\/\/hobstop.ee\/lt\/produktas\/lauko-baldu-alyva-liberon-1l\/#breadcrumb\",\"itemListElement\":[{\"@type\":\"ListItem\",\"position\":1,\"name\":\"Avaleht\",\"item\":\"https:\/\/hobstop.ee\/lt\/\"},{\"@type\":\"ListItem\",\"position\":2,\"name\":\"Parduotuv\u0117\",\"item\":\"https:\/\/hobstop.ee\/lt\/parduotuve\/\"},{\"@type\":\"ListItem\",\"position\":3,\"name\":\"Lauko bald\u0173 alyva Liberon 1L\"}]},{\"@type\":\"WebSite\",\"@id\":\"https:\/\/hobstop.ee\/lt\/#website\",\"url\":\"https:\/\/hobstop.ee\/lt\/\",\"name\":\"Skizze\",\"description\":\"Dail\u0117s, pom\u0117gi\u0173 ir mokykliniai reikm\u0117nys\",\"publisher\":{\"@id\":\"https:\/\/hobstop.ee\/lt\/#organization\"},\"potentialAction\":[{\"@type\":\"SearchAction\",\"target\":{\"@type\":\"EntryPoint\",\"urlTemplate\":\"https:\/\/hobstop.ee\/lt\/?s={search_term_string}\"},\"query-input\":{\"@type\":\"PropertyValueSpecification\",\"valueRequired\":true,\"valueName\":\"search_term_string\"}}],\"inLanguage\":\"lt\"},{\"@type\":\"Organization\",\"@id\":\"https:\/\/hobstop.ee\/lt\/#organization\",\"name\":\"Vunder AS\",\"url\":\"https:\/\/hobstop.ee\/lt\/\",\"logo\":{\"@type\":\"ImageObject\",\"inLanguage\":\"lt\",\"@id\":\"https:\/\/hobstop.ee\/lt\/#\/schema\/logo\/image\/\",\"url\":\"https:\/\/hobstop.ee\/media\/vunder-logo.png\",\"contentUrl\":\"https:\/\/hobstop.ee\/media\/vunder-logo.png\",\"width\":127,\"height\":55,\"caption\":\"Vunder AS\"},\"image\":{\"@id\":\"https:\/\/hobstop.ee\/lt\/#\/schema\/logo\/image\/\"},\"sameAs\":[\"http:\/\/www.facebook.com\/VunderSkizze\"]}]}<\/script>\n<!-- \/ Yoast SEO plugin. -->","yoast_head_json":{"title":"Lauko bald\u0173 alyva Liberon 1L &#8211; Skizze","robots":{"index":"noindex","follow":"follow","max-snippet":"max-snippet:-1","max-image-preview":"max-image-preview:large","max-video-preview":"max-video-preview:-1"},"og_locale":"lt_LT","og_type":"article","og_title":"Lauko bald\u0173 alyva Liberon 1L &#8211; Skizze","og_description":"Ilgalaik\u0117 ir atsparum\u0105 suteikianti apsauga sodo baldams. Alyva apdorotas pavir\u0161ius savo savybes i\u0161saugo net dvejus metus. Tinka visoms medienos r\u016b\u0161ims, ypatingai tikmed\u017eiui. Saugo medien\u0105 nuo ultravioletini\u0173 spinduli\u0173, baldus apsaugo nuo pilk\u0117jimo. Giliai \u012fsigeria \u012f medien\u0105 ir saugo j\u0105 nuo d\u0117mi\u0173. Ant pavir\u0161iaus nesusidaro besilupanti pl\u0117vel\u0117. Sud\u0117tyje yra tungamed\u017eio aliejaus. Dengiamumas: 15m\u00b2\/L D\u017eiuvimo laikas: 24 val. Darbo priemon\u0117: \u0161epet\u0117lis arba \u0161varaus audinio atrai\u017ea Darbo priemoni\u0173 valymas: vaitspiritas","og_url":"https:\/\/hobstop.ee\/lt\/produktas\/lauko-baldu-alyva-liberon-1l\/","og_site_name":"Skizze","article_publisher":"http:\/\/www.facebook.com\/VunderSkizze","og_image":[{"width":1024,"height":768,"url":"https:\/\/hobstop.ee\/media\/2484.jpg","type":"image\/jpeg"}],"twitter_card":"summary_large_image","schema":{"@context":"https:\/\/schema.org","@graph":[{"@type":"WebPage","@id":"https:\/\/hobstop.ee\/lt\/produktas\/lauko-baldu-alyva-liberon-1l\/","url":"https:\/\/hobstop.ee\/lt\/produktas\/lauko-baldu-alyva-liberon-1l\/","name":"Lauko bald\u0173 alyva Liberon 1L &#8211; Skizze","isPartOf":{"@id":"https:\/\/hobstop.ee\/lt\/#website"},"primaryImageOfPage":{"@id":"https:\/\/hobstop.ee\/lt\/produktas\/lauko-baldu-alyva-liberon-1l\/#primaryimage"},"image":{"@id":"https:\/\/hobstop.ee\/lt\/produktas\/lauko-baldu-alyva-liberon-1l\/#primaryimage"},"thumbnailUrl":"https:\/\/hobstop.ee\/media\/2484.jpg","datePublished":"2015-07-03T18:41:59+00:00","dateModified":"2015-07-03T18:41:59+00:00","breadcrumb":{"@id":"https:\/\/hobstop.ee\/lt\/produktas\/lauko-baldu-alyva-liberon-1l\/#breadcrumb"},"inLanguage":"lt","potentialAction":[{"@type":"ReadAction","target":["https:\/\/hobstop.ee\/lt\/produktas\/lauko-baldu-alyva-liberon-1l\/"]}]},{"@type":"ImageObject","inLanguage":"lt","@id":"https:\/\/hobstop.ee\/lt\/produktas\/lauko-baldu-alyva-liberon-1l\/#primaryimage","url":"https:\/\/hobstop.ee\/media\/2484.jpg","contentUrl":"https:\/\/hobstop.ee\/media\/2484.jpg","width":1024,"height":768},{"@type":"BreadcrumbList","@id":"https:\/\/hobstop.ee\/lt\/produktas\/lauko-baldu-alyva-liberon-1l\/#breadcrumb","itemListElement":[{"@type":"ListItem","position":1,"name":"Avaleht","item":"https:\/\/hobstop.ee\/lt\/"},{"@type":"ListItem","position":2,"name":"Parduotuv\u0117","item":"https:\/\/hobstop.ee\/lt\/parduotuve\/"},{"@type":"ListItem","position":3,"name":"Lauko bald\u0173 alyva Liberon 1L"}]},{"@type":"WebSite","@id":"https:\/\/hobstop.ee\/lt\/#website","url":"https:\/\/hobstop.ee\/lt\/","name":"Skizze","description":"Dail\u0117s, pom\u0117gi\u0173 ir mokykliniai reikm\u0117nys","publisher":{"@id":"https:\/\/hobstop.ee\/lt\/#organization"},"potentialAction":[{"@type":"SearchAction","target":{"@type":"EntryPoint","urlTemplate":"https:\/\/hobstop.ee\/lt\/?s={search_term_string}"},"query-input":{"@type":"PropertyValueSpecification","valueRequired":true,"valueName":"search_term_string"}}],"inLanguage":"lt"},{"@type":"Organization","@id":"https:\/\/hobstop.ee\/lt\/#organization","name":"Vunder AS","url":"https:\/\/hobstop.ee\/lt\/","logo":{"@type":"ImageObject","inLanguage":"lt","@id":"https:\/\/hobstop.ee\/lt\/#\/schema\/logo\/image\/","url":"https:\/\/hobstop.ee\/media\/vunder-logo.png","contentUrl":"https:\/\/hobstop.ee\/media\/vunder-logo.png","width":127,"height":55,"caption":"Vunder AS"},"image":{"@id":"https:\/\/hobstop.ee\/lt\/#\/schema\/logo\/image\/"},"sameAs":["http:\/\/www.facebook.com\/VunderSkizze"]}]}},"_links":{"self":[{"href":"https:\/\/hobstop.ee\/lt\/wp-json\/wp\/v2\/product\/129732","targetHints":{"allow":["GET"]}}],"collection":[{"href":"https:\/\/hobstop.ee\/lt\/wp-json\/wp\/v2\/product"}],"about":[{"href":"https:\/\/hobstop.ee\/lt\/wp-json\/wp\/v2\/types\/product"}],"replies":[{"embeddable":true,"href":"https:\/\/hobstop.ee\/lt\/wp-json\/wp\/v2\/comments?post=129732"}],"wp:featuredmedia":[{"embeddable":true,"href":"https:\/\/hobstop.ee\/lt\/wp-json\/wp\/v2\/media\/104871"}],"wp:attachment":[{"href":"https:\/\/hobstop.ee\/lt\/wp-json\/wp\/v2\/media?parent=129732"}],"wp:term":[{"taxonomy":"product_cat","embeddable":true,"href":"https:\/\/hobstop.ee\/lt\/wp-json\/wp\/v2\/product_cat?post=129732"},{"taxonomy":"product_tag","embeddable":true,"href":"https:\/\/hobstop.ee\/lt\/wp-json\/wp\/v2\/product_tag?post=129732"}],"curies":[{"name":"wp","href":"https:\/\/api.w.org\/{rel}","templated":true}]}}