{"id":129737,"date":"2015-07-03T21:48:26","date_gmt":"2015-07-03T18:48:26","guid":{"rendered":"http:\/\/vunder-ee.sn25.zone.eu\/lt\/product\/patinos-vaskas-gotu-500ml\/"},"modified":"2015-07-03T21:48:26","modified_gmt":"2015-07-03T18:48:26","slug":"patinos-vaskas-gotu-500ml","status":"publish","type":"product","link":"https:\/\/hobstop.ee\/lt\/produktas\/patinos-vaskas-gotu-500ml\/","title":{"rendered":"Patinos va\u0161kas Got\u0173 500ml"},"content":{"rendered":"<p>Medien\u0105 maitinanti, sauganti ir tonuojanti priemon\u0117 atramoms ir r\u0105stams. Sendinanti patina yra tir\u0161tas skystos konsistencijos ir ry\u0161kiai tonuojantis va\u0161kas. I\u0161lygina sen\u0105 ir apsitrynusi\u0105 medienos spalv\u0105. Pavir\u0161iui suteikia senovin\u0119 i\u0161vaizd\u0105.<br \/>\nDengiamumas: 5m\u00b2\/L<br \/>\nD\u017eiuvimo laikas: 2 val.<br \/>\nDarbo priemon\u0117: teptukas<br \/>\nDarbo priemoni\u0173 valymas: vaitspiritas<\/p>\n","protected":false},"excerpt":{"rendered":"<p>Medien\u0105 maitinanti, sauganti ir tonuojanti priemon\u0117 atramoms ir r\u0105stams. Sendinanti patina yra tir\u0161tas skystos konsistencijos ir ry\u0161kiai tonuojantis va\u0161kas. I\u0161lygina sen\u0105 ir apsitrynusi\u0105 medienos spalv\u0105. Pavir\u0161iui suteikia senovin\u0119 i\u0161vaizd\u0105. Dengiamumas: 5m\u00b2\/L D\u017eiuvimo laikas: 2 val. Darbo priemon\u0117: teptukas Darbo priemoni\u0173 valymas: vaitspiritas<\/p>\n","protected":false},"featured_media":104875,"comment_status":"closed","ping_status":"closed","template":"","meta":{"_acf_changed":false,"ep_exclude_from_search":false},"product_cat":[18575,14971,18559],"product_tag":[],"class_list":{"0":"post-129737","1":"product","2":"type-product","3":"status-publish","4":"has-post-thumbnail","6":"product_cat-medienos-vaskai","7":"product_cat-seemnehelmed","8":"product_cat-restauravimas-ir-apdaila","10":"first","11":"instock","12":"taxable","13":"shipping-taxable","14":"purchasable","15":"product-type-variable"},"acf":[],"yoast_head":"<!-- This site is optimized with the Yoast SEO plugin v24.1 - https:\/\/yoast.com\/wordpress\/plugins\/seo\/ -->\n<title>Patinos va\u0161kas Got\u0173 500ml &#8211; Skizze<\/title>\n<meta name=\"robots\" content=\"noindex, follow, max-snippet:-1, max-image-preview:large, max-video-preview:-1\" \/>\n<meta property=\"og:locale\" content=\"lt_LT\" \/>\n<meta property=\"og:type\" content=\"article\" \/>\n<meta property=\"og:title\" content=\"Patinos va\u0161kas Got\u0173 500ml &#8211; Skizze\" \/>\n<meta property=\"og:description\" content=\"Medien\u0105 maitinanti, sauganti ir tonuojanti priemon\u0117 atramoms ir r\u0105stams. Sendinanti patina yra tir\u0161tas skystos konsistencijos ir ry\u0161kiai tonuojantis va\u0161kas. I\u0161lygina sen\u0105 ir apsitrynusi\u0105 medienos spalv\u0105. Pavir\u0161iui suteikia senovin\u0119 i\u0161vaizd\u0105. Dengiamumas: 5m\u00b2\/L D\u017eiuvimo laikas: 2 val. Darbo priemon\u0117: teptukas Darbo priemoni\u0173 valymas: vaitspiritas\" \/>\n<meta property=\"og:url\" content=\"https:\/\/hobstop.ee\/lt\/produktas\/patinos-vaskas-gotu-500ml\/\" \/>\n<meta property=\"og:site_name\" content=\"Skizze\" \/>\n<meta property=\"article:publisher\" content=\"http:\/\/www.facebook.com\/VunderSkizze\" \/>\n<meta property=\"og:image\" content=\"https:\/\/hobstop.ee\/media\/2485.jpg\" \/>\n\t<meta property=\"og:image:width\" content=\"1024\" \/>\n\t<meta property=\"og:image:height\" content=\"768\" \/>\n\t<meta property=\"og:image:type\" content=\"image\/jpeg\" \/>\n<meta name=\"twitter:card\" content=\"summary_large_image\" \/>\n<script type=\"application\/ld+json\" class=\"yoast-schema-graph\">{\"@context\":\"https:\/\/schema.org\",\"@graph\":[{\"@type\":\"WebPage\",\"@id\":\"https:\/\/hobstop.ee\/lt\/produktas\/patinos-vaskas-gotu-500ml\/\",\"url\":\"https:\/\/hobstop.ee\/lt\/produktas\/patinos-vaskas-gotu-500ml\/\",\"name\":\"Patinos va\u0161kas Got\u0173 500ml &#8211; Skizze\",\"isPartOf\":{\"@id\":\"https:\/\/hobstop.ee\/lt\/#website\"},\"primaryImageOfPage\":{\"@id\":\"https:\/\/hobstop.ee\/lt\/produktas\/patinos-vaskas-gotu-500ml\/#primaryimage\"},\"image\":{\"@id\":\"https:\/\/hobstop.ee\/lt\/produktas\/patinos-vaskas-gotu-500ml\/#primaryimage\"},\"thumbnailUrl\":\"https:\/\/hobstop.ee\/media\/2485.jpg\",\"datePublished\":\"2015-07-03T18:48:26+00:00\",\"dateModified\":\"2015-07-03T18:48:26+00:00\",\"breadcrumb\":{\"@id\":\"https:\/\/hobstop.ee\/lt\/produktas\/patinos-vaskas-gotu-500ml\/#breadcrumb\"},\"inLanguage\":\"lt\",\"potentialAction\":[{\"@type\":\"ReadAction\",\"target\":[\"https:\/\/hobstop.ee\/lt\/produktas\/patinos-vaskas-gotu-500ml\/\"]}]},{\"@type\":\"ImageObject\",\"inLanguage\":\"lt\",\"@id\":\"https:\/\/hobstop.ee\/lt\/produktas\/patinos-vaskas-gotu-500ml\/#primaryimage\",\"url\":\"https:\/\/hobstop.ee\/media\/2485.jpg\",\"contentUrl\":\"https:\/\/hobstop.ee\/media\/2485.jpg\",\"width\":1024,\"height\":768},{\"@type\":\"BreadcrumbList\",\"@id\":\"https:\/\/hobstop.ee\/lt\/produktas\/patinos-vaskas-gotu-500ml\/#breadcrumb\",\"itemListElement\":[{\"@type\":\"ListItem\",\"position\":1,\"name\":\"Avaleht\",\"item\":\"https:\/\/hobstop.ee\/lt\/\"},{\"@type\":\"ListItem\",\"position\":2,\"name\":\"Parduotuv\u0117\",\"item\":\"https:\/\/hobstop.ee\/lt\/parduotuve\/\"},{\"@type\":\"ListItem\",\"position\":3,\"name\":\"Patinos va\u0161kas Got\u0173 500ml\"}]},{\"@type\":\"WebSite\",\"@id\":\"https:\/\/hobstop.ee\/lt\/#website\",\"url\":\"https:\/\/hobstop.ee\/lt\/\",\"name\":\"Skizze\",\"description\":\"Dail\u0117s, pom\u0117gi\u0173 ir mokykliniai reikm\u0117nys\",\"publisher\":{\"@id\":\"https:\/\/hobstop.ee\/lt\/#organization\"},\"potentialAction\":[{\"@type\":\"SearchAction\",\"target\":{\"@type\":\"EntryPoint\",\"urlTemplate\":\"https:\/\/hobstop.ee\/lt\/?s={search_term_string}\"},\"query-input\":{\"@type\":\"PropertyValueSpecification\",\"valueRequired\":true,\"valueName\":\"search_term_string\"}}],\"inLanguage\":\"lt\"},{\"@type\":\"Organization\",\"@id\":\"https:\/\/hobstop.ee\/lt\/#organization\",\"name\":\"Vunder AS\",\"url\":\"https:\/\/hobstop.ee\/lt\/\",\"logo\":{\"@type\":\"ImageObject\",\"inLanguage\":\"lt\",\"@id\":\"https:\/\/hobstop.ee\/lt\/#\/schema\/logo\/image\/\",\"url\":\"https:\/\/hobstop.ee\/media\/vunder-logo.png\",\"contentUrl\":\"https:\/\/hobstop.ee\/media\/vunder-logo.png\",\"width\":127,\"height\":55,\"caption\":\"Vunder AS\"},\"image\":{\"@id\":\"https:\/\/hobstop.ee\/lt\/#\/schema\/logo\/image\/\"},\"sameAs\":[\"http:\/\/www.facebook.com\/VunderSkizze\"]}]}<\/script>\n<!-- \/ Yoast SEO plugin. -->","yoast_head_json":{"title":"Patinos va\u0161kas Got\u0173 500ml &#8211; Skizze","robots":{"index":"noindex","follow":"follow","max-snippet":"max-snippet:-1","max-image-preview":"max-image-preview:large","max-video-preview":"max-video-preview:-1"},"og_locale":"lt_LT","og_type":"article","og_title":"Patinos va\u0161kas Got\u0173 500ml &#8211; Skizze","og_description":"Medien\u0105 maitinanti, sauganti ir tonuojanti priemon\u0117 atramoms ir r\u0105stams. Sendinanti patina yra tir\u0161tas skystos konsistencijos ir ry\u0161kiai tonuojantis va\u0161kas. I\u0161lygina sen\u0105 ir apsitrynusi\u0105 medienos spalv\u0105. Pavir\u0161iui suteikia senovin\u0119 i\u0161vaizd\u0105. Dengiamumas: 5m\u00b2\/L D\u017eiuvimo laikas: 2 val. Darbo priemon\u0117: teptukas Darbo priemoni\u0173 valymas: vaitspiritas","og_url":"https:\/\/hobstop.ee\/lt\/produktas\/patinos-vaskas-gotu-500ml\/","og_site_name":"Skizze","article_publisher":"http:\/\/www.facebook.com\/VunderSkizze","og_image":[{"width":1024,"height":768,"url":"https:\/\/hobstop.ee\/media\/2485.jpg","type":"image\/jpeg"}],"twitter_card":"summary_large_image","schema":{"@context":"https:\/\/schema.org","@graph":[{"@type":"WebPage","@id":"https:\/\/hobstop.ee\/lt\/produktas\/patinos-vaskas-gotu-500ml\/","url":"https:\/\/hobstop.ee\/lt\/produktas\/patinos-vaskas-gotu-500ml\/","name":"Patinos va\u0161kas Got\u0173 500ml &#8211; Skizze","isPartOf":{"@id":"https:\/\/hobstop.ee\/lt\/#website"},"primaryImageOfPage":{"@id":"https:\/\/hobstop.ee\/lt\/produktas\/patinos-vaskas-gotu-500ml\/#primaryimage"},"image":{"@id":"https:\/\/hobstop.ee\/lt\/produktas\/patinos-vaskas-gotu-500ml\/#primaryimage"},"thumbnailUrl":"https:\/\/hobstop.ee\/media\/2485.jpg","datePublished":"2015-07-03T18:48:26+00:00","dateModified":"2015-07-03T18:48:26+00:00","breadcrumb":{"@id":"https:\/\/hobstop.ee\/lt\/produktas\/patinos-vaskas-gotu-500ml\/#breadcrumb"},"inLanguage":"lt","potentialAction":[{"@type":"ReadAction","target":["https:\/\/hobstop.ee\/lt\/produktas\/patinos-vaskas-gotu-500ml\/"]}]},{"@type":"ImageObject","inLanguage":"lt","@id":"https:\/\/hobstop.ee\/lt\/produktas\/patinos-vaskas-gotu-500ml\/#primaryimage","url":"https:\/\/hobstop.ee\/media\/2485.jpg","contentUrl":"https:\/\/hobstop.ee\/media\/2485.jpg","width":1024,"height":768},{"@type":"BreadcrumbList","@id":"https:\/\/hobstop.ee\/lt\/produktas\/patinos-vaskas-gotu-500ml\/#breadcrumb","itemListElement":[{"@type":"ListItem","position":1,"name":"Avaleht","item":"https:\/\/hobstop.ee\/lt\/"},{"@type":"ListItem","position":2,"name":"Parduotuv\u0117","item":"https:\/\/hobstop.ee\/lt\/parduotuve\/"},{"@type":"ListItem","position":3,"name":"Patinos va\u0161kas Got\u0173 500ml"}]},{"@type":"WebSite","@id":"https:\/\/hobstop.ee\/lt\/#website","url":"https:\/\/hobstop.ee\/lt\/","name":"Skizze","description":"Dail\u0117s, pom\u0117gi\u0173 ir mokykliniai reikm\u0117nys","publisher":{"@id":"https:\/\/hobstop.ee\/lt\/#organization"},"potentialAction":[{"@type":"SearchAction","target":{"@type":"EntryPoint","urlTemplate":"https:\/\/hobstop.ee\/lt\/?s={search_term_string}"},"query-input":{"@type":"PropertyValueSpecification","valueRequired":true,"valueName":"search_term_string"}}],"inLanguage":"lt"},{"@type":"Organization","@id":"https:\/\/hobstop.ee\/lt\/#organization","name":"Vunder AS","url":"https:\/\/hobstop.ee\/lt\/","logo":{"@type":"ImageObject","inLanguage":"lt","@id":"https:\/\/hobstop.ee\/lt\/#\/schema\/logo\/image\/","url":"https:\/\/hobstop.ee\/media\/vunder-logo.png","contentUrl":"https:\/\/hobstop.ee\/media\/vunder-logo.png","width":127,"height":55,"caption":"Vunder AS"},"image":{"@id":"https:\/\/hobstop.ee\/lt\/#\/schema\/logo\/image\/"},"sameAs":["http:\/\/www.facebook.com\/VunderSkizze"]}]}},"_links":{"self":[{"href":"https:\/\/hobstop.ee\/lt\/wp-json\/wp\/v2\/product\/129737","targetHints":{"allow":["GET"]}}],"collection":[{"href":"https:\/\/hobstop.ee\/lt\/wp-json\/wp\/v2\/product"}],"about":[{"href":"https:\/\/hobstop.ee\/lt\/wp-json\/wp\/v2\/types\/product"}],"replies":[{"embeddable":true,"href":"https:\/\/hobstop.ee\/lt\/wp-json\/wp\/v2\/comments?post=129737"}],"wp:featuredmedia":[{"embeddable":true,"href":"https:\/\/hobstop.ee\/lt\/wp-json\/wp\/v2\/media\/104875"}],"wp:attachment":[{"href":"https:\/\/hobstop.ee\/lt\/wp-json\/wp\/v2\/media?parent=129737"}],"wp:term":[{"taxonomy":"product_cat","embeddable":true,"href":"https:\/\/hobstop.ee\/lt\/wp-json\/wp\/v2\/product_cat?post=129737"},{"taxonomy":"product_tag","embeddable":true,"href":"https:\/\/hobstop.ee\/lt\/wp-json\/wp\/v2\/product_tag?post=129737"}],"curies":[{"name":"wp","href":"https:\/\/api.w.org\/{rel}","templated":true}]}}