{"id":129748,"date":"2015-07-03T21:55:05","date_gmt":"2015-07-03T18:55:05","guid":{"rendered":"http:\/\/vunder-ee.sn25.zone.eu\/lt\/product\/korekcinis-piestukas-liberon-3vnt\/"},"modified":"2015-07-03T21:55:05","modified_gmt":"2015-07-03T18:55:05","slug":"korekcinis-piestukas-liberon-3vnt","status":"publish","type":"product","link":"https:\/\/hobstop.ee\/lt\/produktas\/korekcinis-piestukas-liberon-3vnt\/","title":{"rendered":"Korekcinis pie\u0161tukas Liberon 3vnt."},"content":{"rendered":"<p>Speciali priemon\u0117 bald\u0173 ir medini\u0173 grind\u0173 nedideliems \u012fbr\u0117\u017eimams ir nusid\u0117v\u0117jusioms vietoms u\u017etaisyti. Tinka naudoti lakuotai, va\u0161kuotai ir alyva apdorotai medienai, taip pat ir laminatui bei melaminui.<br \/>\nD\u017eiuvimo laikas: 15 min.<br \/>\nDarbo priemoni\u0173 valymas: spiritas<\/p>\n","protected":false},"excerpt":{"rendered":"<p>Speciali priemon\u0117 bald\u0173 ir medini\u0173 grind\u0173 nedideliems \u012fbr\u0117\u017eimams ir nusid\u0117v\u0117jusioms vietoms u\u017etaisyti. Tinka naudoti lakuotai, va\u0161kuotai ir alyva apdorotai medienai, taip pat ir laminatui bei melaminui. D\u017eiuvimo laikas: 15 min. Darbo priemoni\u0173 valymas: spiritas<\/p>\n","protected":false},"featured_media":104879,"comment_status":"closed","ping_status":"closed","template":"","meta":{"_acf_changed":false,"ep_exclude_from_search":false},"product_cat":[15051,14971,18559],"product_tag":[],"class_list":{"0":"post-129748","1":"product","2":"type-product","3":"status-publish","4":"has-post-thumbnail","6":"product_cat-medienos-remontas-ir-uztaisai","7":"product_cat-seemnehelmed","8":"product_cat-restauravimas-ir-apdaila","10":"first","11":"instock","12":"taxable","13":"shipping-taxable","14":"purchasable","15":"product-type-variable"},"acf":[],"yoast_head":"<!-- This site is optimized with the Yoast SEO plugin v24.1 - https:\/\/yoast.com\/wordpress\/plugins\/seo\/ -->\n<title>Korekcinis pie\u0161tukas Liberon 3vnt. &#8211; Skizze<\/title>\n<meta name=\"robots\" content=\"noindex, follow, max-snippet:-1, max-image-preview:large, max-video-preview:-1\" \/>\n<meta property=\"og:locale\" content=\"lt_LT\" \/>\n<meta property=\"og:type\" content=\"article\" \/>\n<meta property=\"og:title\" content=\"Korekcinis pie\u0161tukas Liberon 3vnt. &#8211; Skizze\" \/>\n<meta property=\"og:description\" content=\"Speciali priemon\u0117 bald\u0173 ir medini\u0173 grind\u0173 nedideliems \u012fbr\u0117\u017eimams ir nusid\u0117v\u0117jusioms vietoms u\u017etaisyti. Tinka naudoti lakuotai, va\u0161kuotai ir alyva apdorotai medienai, taip pat ir laminatui bei melaminui. D\u017eiuvimo laikas: 15 min. Darbo priemoni\u0173 valymas: spiritas\" \/>\n<meta property=\"og:url\" content=\"https:\/\/hobstop.ee\/lt\/produktas\/korekcinis-piestukas-liberon-3vnt\/\" \/>\n<meta property=\"og:site_name\" content=\"Skizze\" \/>\n<meta property=\"article:publisher\" content=\"http:\/\/www.facebook.com\/VunderSkizze\" \/>\n<meta property=\"og:image\" content=\"https:\/\/hobstop.ee\/media\/2486.jpg\" \/>\n\t<meta property=\"og:image:width\" content=\"1024\" \/>\n\t<meta property=\"og:image:height\" content=\"768\" \/>\n\t<meta property=\"og:image:type\" content=\"image\/jpeg\" \/>\n<meta name=\"twitter:card\" content=\"summary_large_image\" \/>\n<script type=\"application\/ld+json\" class=\"yoast-schema-graph\">{\"@context\":\"https:\/\/schema.org\",\"@graph\":[{\"@type\":\"WebPage\",\"@id\":\"https:\/\/hobstop.ee\/lt\/produktas\/korekcinis-piestukas-liberon-3vnt\/\",\"url\":\"https:\/\/hobstop.ee\/lt\/produktas\/korekcinis-piestukas-liberon-3vnt\/\",\"name\":\"Korekcinis pie\u0161tukas Liberon 3vnt. &#8211; Skizze\",\"isPartOf\":{\"@id\":\"https:\/\/hobstop.ee\/lt\/#website\"},\"primaryImageOfPage\":{\"@id\":\"https:\/\/hobstop.ee\/lt\/produktas\/korekcinis-piestukas-liberon-3vnt\/#primaryimage\"},\"image\":{\"@id\":\"https:\/\/hobstop.ee\/lt\/produktas\/korekcinis-piestukas-liberon-3vnt\/#primaryimage\"},\"thumbnailUrl\":\"https:\/\/hobstop.ee\/media\/2486.jpg\",\"datePublished\":\"2015-07-03T18:55:05+00:00\",\"dateModified\":\"2015-07-03T18:55:05+00:00\",\"breadcrumb\":{\"@id\":\"https:\/\/hobstop.ee\/lt\/produktas\/korekcinis-piestukas-liberon-3vnt\/#breadcrumb\"},\"inLanguage\":\"lt\",\"potentialAction\":[{\"@type\":\"ReadAction\",\"target\":[\"https:\/\/hobstop.ee\/lt\/produktas\/korekcinis-piestukas-liberon-3vnt\/\"]}]},{\"@type\":\"ImageObject\",\"inLanguage\":\"lt\",\"@id\":\"https:\/\/hobstop.ee\/lt\/produktas\/korekcinis-piestukas-liberon-3vnt\/#primaryimage\",\"url\":\"https:\/\/hobstop.ee\/media\/2486.jpg\",\"contentUrl\":\"https:\/\/hobstop.ee\/media\/2486.jpg\",\"width\":1024,\"height\":768},{\"@type\":\"BreadcrumbList\",\"@id\":\"https:\/\/hobstop.ee\/lt\/produktas\/korekcinis-piestukas-liberon-3vnt\/#breadcrumb\",\"itemListElement\":[{\"@type\":\"ListItem\",\"position\":1,\"name\":\"Avaleht\",\"item\":\"https:\/\/hobstop.ee\/lt\/\"},{\"@type\":\"ListItem\",\"position\":2,\"name\":\"Parduotuv\u0117\",\"item\":\"https:\/\/hobstop.ee\/lt\/parduotuve\/\"},{\"@type\":\"ListItem\",\"position\":3,\"name\":\"Korekcinis pie\u0161tukas Liberon 3vnt.\"}]},{\"@type\":\"WebSite\",\"@id\":\"https:\/\/hobstop.ee\/lt\/#website\",\"url\":\"https:\/\/hobstop.ee\/lt\/\",\"name\":\"Skizze\",\"description\":\"Dail\u0117s, pom\u0117gi\u0173 ir mokykliniai reikm\u0117nys\",\"publisher\":{\"@id\":\"https:\/\/hobstop.ee\/lt\/#organization\"},\"potentialAction\":[{\"@type\":\"SearchAction\",\"target\":{\"@type\":\"EntryPoint\",\"urlTemplate\":\"https:\/\/hobstop.ee\/lt\/?s={search_term_string}\"},\"query-input\":{\"@type\":\"PropertyValueSpecification\",\"valueRequired\":true,\"valueName\":\"search_term_string\"}}],\"inLanguage\":\"lt\"},{\"@type\":\"Organization\",\"@id\":\"https:\/\/hobstop.ee\/lt\/#organization\",\"name\":\"Vunder AS\",\"url\":\"https:\/\/hobstop.ee\/lt\/\",\"logo\":{\"@type\":\"ImageObject\",\"inLanguage\":\"lt\",\"@id\":\"https:\/\/hobstop.ee\/lt\/#\/schema\/logo\/image\/\",\"url\":\"https:\/\/hobstop.ee\/media\/vunder-logo.png\",\"contentUrl\":\"https:\/\/hobstop.ee\/media\/vunder-logo.png\",\"width\":127,\"height\":55,\"caption\":\"Vunder AS\"},\"image\":{\"@id\":\"https:\/\/hobstop.ee\/lt\/#\/schema\/logo\/image\/\"},\"sameAs\":[\"http:\/\/www.facebook.com\/VunderSkizze\"]}]}<\/script>\n<!-- \/ Yoast SEO plugin. -->","yoast_head_json":{"title":"Korekcinis pie\u0161tukas Liberon 3vnt. &#8211; Skizze","robots":{"index":"noindex","follow":"follow","max-snippet":"max-snippet:-1","max-image-preview":"max-image-preview:large","max-video-preview":"max-video-preview:-1"},"og_locale":"lt_LT","og_type":"article","og_title":"Korekcinis pie\u0161tukas Liberon 3vnt. &#8211; Skizze","og_description":"Speciali priemon\u0117 bald\u0173 ir medini\u0173 grind\u0173 nedideliems \u012fbr\u0117\u017eimams ir nusid\u0117v\u0117jusioms vietoms u\u017etaisyti. Tinka naudoti lakuotai, va\u0161kuotai ir alyva apdorotai medienai, taip pat ir laminatui bei melaminui. D\u017eiuvimo laikas: 15 min. Darbo priemoni\u0173 valymas: spiritas","og_url":"https:\/\/hobstop.ee\/lt\/produktas\/korekcinis-piestukas-liberon-3vnt\/","og_site_name":"Skizze","article_publisher":"http:\/\/www.facebook.com\/VunderSkizze","og_image":[{"width":1024,"height":768,"url":"https:\/\/hobstop.ee\/media\/2486.jpg","type":"image\/jpeg"}],"twitter_card":"summary_large_image","schema":{"@context":"https:\/\/schema.org","@graph":[{"@type":"WebPage","@id":"https:\/\/hobstop.ee\/lt\/produktas\/korekcinis-piestukas-liberon-3vnt\/","url":"https:\/\/hobstop.ee\/lt\/produktas\/korekcinis-piestukas-liberon-3vnt\/","name":"Korekcinis pie\u0161tukas Liberon 3vnt. &#8211; Skizze","isPartOf":{"@id":"https:\/\/hobstop.ee\/lt\/#website"},"primaryImageOfPage":{"@id":"https:\/\/hobstop.ee\/lt\/produktas\/korekcinis-piestukas-liberon-3vnt\/#primaryimage"},"image":{"@id":"https:\/\/hobstop.ee\/lt\/produktas\/korekcinis-piestukas-liberon-3vnt\/#primaryimage"},"thumbnailUrl":"https:\/\/hobstop.ee\/media\/2486.jpg","datePublished":"2015-07-03T18:55:05+00:00","dateModified":"2015-07-03T18:55:05+00:00","breadcrumb":{"@id":"https:\/\/hobstop.ee\/lt\/produktas\/korekcinis-piestukas-liberon-3vnt\/#breadcrumb"},"inLanguage":"lt","potentialAction":[{"@type":"ReadAction","target":["https:\/\/hobstop.ee\/lt\/produktas\/korekcinis-piestukas-liberon-3vnt\/"]}]},{"@type":"ImageObject","inLanguage":"lt","@id":"https:\/\/hobstop.ee\/lt\/produktas\/korekcinis-piestukas-liberon-3vnt\/#primaryimage","url":"https:\/\/hobstop.ee\/media\/2486.jpg","contentUrl":"https:\/\/hobstop.ee\/media\/2486.jpg","width":1024,"height":768},{"@type":"BreadcrumbList","@id":"https:\/\/hobstop.ee\/lt\/produktas\/korekcinis-piestukas-liberon-3vnt\/#breadcrumb","itemListElement":[{"@type":"ListItem","position":1,"name":"Avaleht","item":"https:\/\/hobstop.ee\/lt\/"},{"@type":"ListItem","position":2,"name":"Parduotuv\u0117","item":"https:\/\/hobstop.ee\/lt\/parduotuve\/"},{"@type":"ListItem","position":3,"name":"Korekcinis pie\u0161tukas Liberon 3vnt."}]},{"@type":"WebSite","@id":"https:\/\/hobstop.ee\/lt\/#website","url":"https:\/\/hobstop.ee\/lt\/","name":"Skizze","description":"Dail\u0117s, pom\u0117gi\u0173 ir mokykliniai reikm\u0117nys","publisher":{"@id":"https:\/\/hobstop.ee\/lt\/#organization"},"potentialAction":[{"@type":"SearchAction","target":{"@type":"EntryPoint","urlTemplate":"https:\/\/hobstop.ee\/lt\/?s={search_term_string}"},"query-input":{"@type":"PropertyValueSpecification","valueRequired":true,"valueName":"search_term_string"}}],"inLanguage":"lt"},{"@type":"Organization","@id":"https:\/\/hobstop.ee\/lt\/#organization","name":"Vunder AS","url":"https:\/\/hobstop.ee\/lt\/","logo":{"@type":"ImageObject","inLanguage":"lt","@id":"https:\/\/hobstop.ee\/lt\/#\/schema\/logo\/image\/","url":"https:\/\/hobstop.ee\/media\/vunder-logo.png","contentUrl":"https:\/\/hobstop.ee\/media\/vunder-logo.png","width":127,"height":55,"caption":"Vunder AS"},"image":{"@id":"https:\/\/hobstop.ee\/lt\/#\/schema\/logo\/image\/"},"sameAs":["http:\/\/www.facebook.com\/VunderSkizze"]}]}},"_links":{"self":[{"href":"https:\/\/hobstop.ee\/lt\/wp-json\/wp\/v2\/product\/129748","targetHints":{"allow":["GET"]}}],"collection":[{"href":"https:\/\/hobstop.ee\/lt\/wp-json\/wp\/v2\/product"}],"about":[{"href":"https:\/\/hobstop.ee\/lt\/wp-json\/wp\/v2\/types\/product"}],"replies":[{"embeddable":true,"href":"https:\/\/hobstop.ee\/lt\/wp-json\/wp\/v2\/comments?post=129748"}],"wp:featuredmedia":[{"embeddable":true,"href":"https:\/\/hobstop.ee\/lt\/wp-json\/wp\/v2\/media\/104879"}],"wp:attachment":[{"href":"https:\/\/hobstop.ee\/lt\/wp-json\/wp\/v2\/media?parent=129748"}],"wp:term":[{"taxonomy":"product_cat","embeddable":true,"href":"https:\/\/hobstop.ee\/lt\/wp-json\/wp\/v2\/product_cat?post=129748"},{"taxonomy":"product_tag","embeddable":true,"href":"https:\/\/hobstop.ee\/lt\/wp-json\/wp\/v2\/product_tag?post=129748"}],"curies":[{"name":"wp","href":"https:\/\/api.w.org\/{rel}","templated":true}]}}