{"id":129760,"date":"2015-07-03T22:01:47","date_gmt":"2015-07-03T19:01:47","guid":{"rendered":"http:\/\/vunder-ee.sn25.zone.eu\/lt\/product\/plienine-dilde-liberon-100g\/"},"modified":"2015-07-03T22:01:47","modified_gmt":"2015-07-03T19:01:47","slug":"plienine-dilde-liberon-100g","status":"publish","type":"product","link":"https:\/\/hobstop.ee\/lt\/produktas\/plienine-dilde-liberon-100g\/","title":{"rendered":"Plienin\u0117 dild\u0117 Liberon 100g"},"content":{"rendered":"<p>Nr. 0000 (itin smulki): naudojama va\u0161kui ir bald\u0173 valymo priemonei \u201eRing Remover\u201c u\u017etepti ant pavir\u0161iaus. Tinka ypatingos prie\u017ei\u016bros reikalaujantiems pavir\u0161iams ir metalui valyti, nuo stiklo nuvalo da\u017eus ir ne\u0161varumus. Tinka naudoti blizgiems pavir\u0161iams matinti.<br \/>\nNr. 0 (vidutin\u0117): naudojama va\u0161kuotiems ir alyva apdorotiems pavir\u0161iams valyti bald\u0173 valymo priemone \u201eLiberon\u201c. Tinka naudoti ir itin ne\u0161variems metaliniams daiktams valyti.<br \/>\nNr. 2 (\u0161iurk\u0161ti): lako ir da\u017e\u0173 sluoksniui nuvalyti su da\u017e\u0173 nu\u0117mimo priemone \u201eLiberon Stripper\u201c.<\/p>\n","protected":false},"excerpt":{"rendered":"<p>Nr. 0000 (itin smulki): naudojama va\u0161kui ir bald\u0173 valymo priemonei \u201eRing Remover\u201c u\u017etepti ant pavir\u0161iaus. Tinka ypatingos prie\u017ei\u016bros reikalaujantiems pavir\u0161iams ir metalui valyti, nuo stiklo nuvalo da\u017eus ir ne\u0161varumus. Tinka naudoti blizgiems pavir\u0161iams matinti. Nr. 0 (vidutin\u0117): naudojama va\u0161kuotiems ir alyva apdorotiems pavir\u0161iams valyti bald\u0173 valymo priemone \u201eLiberon\u201c. Tinka naudoti ir itin ne\u0161variems metaliniams daiktams valyti. Nr. 2 (\u0161iurk\u0161ti): lako ir da\u017e\u0173 sluoksniui nuvalyti su da\u017e\u0173 nu\u0117mimo priemone \u201eLiberon Stripper\u201c.<\/p>\n","protected":false},"featured_media":104883,"comment_status":"closed","ping_status":"closed","template":"","meta":{"_acf_changed":false,"ep_exclude_from_search":false},"product_cat":[18583,14971,18559],"product_tag":[],"class_list":{"0":"post-129760","1":"product","2":"type-product","3":"status-publish","4":"has-post-thumbnail","6":"product_cat-darbo-irankiai-ir-priedai","7":"product_cat-seemnehelmed","8":"product_cat-restauravimas-ir-apdaila","10":"first","11":"instock","12":"taxable","13":"shipping-taxable","14":"purchasable","15":"product-type-variable"},"acf":[],"yoast_head":"<!-- This site is optimized with the Yoast SEO plugin v24.1 - https:\/\/yoast.com\/wordpress\/plugins\/seo\/ -->\n<title>Plienin\u0117 dild\u0117 Liberon 100g &#8211; Skizze<\/title>\n<meta name=\"robots\" content=\"noindex, follow, max-snippet:-1, max-image-preview:large, max-video-preview:-1\" \/>\n<meta property=\"og:locale\" content=\"lt_LT\" \/>\n<meta property=\"og:type\" content=\"article\" \/>\n<meta property=\"og:title\" content=\"Plienin\u0117 dild\u0117 Liberon 100g &#8211; Skizze\" \/>\n<meta property=\"og:description\" content=\"Nr. 0000 (itin smulki): naudojama va\u0161kui ir bald\u0173 valymo priemonei \u201eRing Remover\u201c u\u017etepti ant pavir\u0161iaus. Tinka ypatingos prie\u017ei\u016bros reikalaujantiems pavir\u0161iams ir metalui valyti, nuo stiklo nuvalo da\u017eus ir ne\u0161varumus. Tinka naudoti blizgiems pavir\u0161iams matinti. Nr. 0 (vidutin\u0117): naudojama va\u0161kuotiems ir alyva apdorotiems pavir\u0161iams valyti bald\u0173 valymo priemone \u201eLiberon\u201c. Tinka naudoti ir itin ne\u0161variems metaliniams daiktams valyti. Nr. 2 (\u0161iurk\u0161ti): lako ir da\u017e\u0173 sluoksniui nuvalyti su da\u017e\u0173 nu\u0117mimo priemone \u201eLiberon Stripper\u201c.\" \/>\n<meta property=\"og:url\" content=\"https:\/\/hobstop.ee\/lt\/produktas\/plienine-dilde-liberon-100g\/\" \/>\n<meta property=\"og:site_name\" content=\"Skizze\" \/>\n<meta property=\"article:publisher\" content=\"http:\/\/www.facebook.com\/VunderSkizze\" \/>\n<meta property=\"og:image\" content=\"https:\/\/hobstop.ee\/media\/2487.jpg\" \/>\n\t<meta property=\"og:image:width\" content=\"1024\" \/>\n\t<meta property=\"og:image:height\" content=\"768\" \/>\n\t<meta property=\"og:image:type\" content=\"image\/jpeg\" \/>\n<meta name=\"twitter:card\" content=\"summary_large_image\" \/>\n<script type=\"application\/ld+json\" class=\"yoast-schema-graph\">{\"@context\":\"https:\/\/schema.org\",\"@graph\":[{\"@type\":\"WebPage\",\"@id\":\"https:\/\/hobstop.ee\/lt\/produktas\/plienine-dilde-liberon-100g\/\",\"url\":\"https:\/\/hobstop.ee\/lt\/produktas\/plienine-dilde-liberon-100g\/\",\"name\":\"Plienin\u0117 dild\u0117 Liberon 100g &#8211; Skizze\",\"isPartOf\":{\"@id\":\"https:\/\/hobstop.ee\/lt\/#website\"},\"primaryImageOfPage\":{\"@id\":\"https:\/\/hobstop.ee\/lt\/produktas\/plienine-dilde-liberon-100g\/#primaryimage\"},\"image\":{\"@id\":\"https:\/\/hobstop.ee\/lt\/produktas\/plienine-dilde-liberon-100g\/#primaryimage\"},\"thumbnailUrl\":\"https:\/\/hobstop.ee\/media\/2487.jpg\",\"datePublished\":\"2015-07-03T19:01:47+00:00\",\"dateModified\":\"2015-07-03T19:01:47+00:00\",\"breadcrumb\":{\"@id\":\"https:\/\/hobstop.ee\/lt\/produktas\/plienine-dilde-liberon-100g\/#breadcrumb\"},\"inLanguage\":\"lt\",\"potentialAction\":[{\"@type\":\"ReadAction\",\"target\":[\"https:\/\/hobstop.ee\/lt\/produktas\/plienine-dilde-liberon-100g\/\"]}]},{\"@type\":\"ImageObject\",\"inLanguage\":\"lt\",\"@id\":\"https:\/\/hobstop.ee\/lt\/produktas\/plienine-dilde-liberon-100g\/#primaryimage\",\"url\":\"https:\/\/hobstop.ee\/media\/2487.jpg\",\"contentUrl\":\"https:\/\/hobstop.ee\/media\/2487.jpg\",\"width\":1024,\"height\":768},{\"@type\":\"BreadcrumbList\",\"@id\":\"https:\/\/hobstop.ee\/lt\/produktas\/plienine-dilde-liberon-100g\/#breadcrumb\",\"itemListElement\":[{\"@type\":\"ListItem\",\"position\":1,\"name\":\"Avaleht\",\"item\":\"https:\/\/hobstop.ee\/lt\/\"},{\"@type\":\"ListItem\",\"position\":2,\"name\":\"Parduotuv\u0117\",\"item\":\"https:\/\/hobstop.ee\/lt\/parduotuve\/\"},{\"@type\":\"ListItem\",\"position\":3,\"name\":\"Plienin\u0117 dild\u0117 Liberon 100g\"}]},{\"@type\":\"WebSite\",\"@id\":\"https:\/\/hobstop.ee\/lt\/#website\",\"url\":\"https:\/\/hobstop.ee\/lt\/\",\"name\":\"Skizze\",\"description\":\"Dail\u0117s, pom\u0117gi\u0173 ir mokykliniai reikm\u0117nys\",\"publisher\":{\"@id\":\"https:\/\/hobstop.ee\/lt\/#organization\"},\"potentialAction\":[{\"@type\":\"SearchAction\",\"target\":{\"@type\":\"EntryPoint\",\"urlTemplate\":\"https:\/\/hobstop.ee\/lt\/?s={search_term_string}\"},\"query-input\":{\"@type\":\"PropertyValueSpecification\",\"valueRequired\":true,\"valueName\":\"search_term_string\"}}],\"inLanguage\":\"lt\"},{\"@type\":\"Organization\",\"@id\":\"https:\/\/hobstop.ee\/lt\/#organization\",\"name\":\"Vunder AS\",\"url\":\"https:\/\/hobstop.ee\/lt\/\",\"logo\":{\"@type\":\"ImageObject\",\"inLanguage\":\"lt\",\"@id\":\"https:\/\/hobstop.ee\/lt\/#\/schema\/logo\/image\/\",\"url\":\"https:\/\/hobstop.ee\/media\/vunder-logo.png\",\"contentUrl\":\"https:\/\/hobstop.ee\/media\/vunder-logo.png\",\"width\":127,\"height\":55,\"caption\":\"Vunder AS\"},\"image\":{\"@id\":\"https:\/\/hobstop.ee\/lt\/#\/schema\/logo\/image\/\"},\"sameAs\":[\"http:\/\/www.facebook.com\/VunderSkizze\"]}]}<\/script>\n<!-- \/ Yoast SEO plugin. -->","yoast_head_json":{"title":"Plienin\u0117 dild\u0117 Liberon 100g &#8211; Skizze","robots":{"index":"noindex","follow":"follow","max-snippet":"max-snippet:-1","max-image-preview":"max-image-preview:large","max-video-preview":"max-video-preview:-1"},"og_locale":"lt_LT","og_type":"article","og_title":"Plienin\u0117 dild\u0117 Liberon 100g &#8211; Skizze","og_description":"Nr. 0000 (itin smulki): naudojama va\u0161kui ir bald\u0173 valymo priemonei \u201eRing Remover\u201c u\u017etepti ant pavir\u0161iaus. Tinka ypatingos prie\u017ei\u016bros reikalaujantiems pavir\u0161iams ir metalui valyti, nuo stiklo nuvalo da\u017eus ir ne\u0161varumus. Tinka naudoti blizgiems pavir\u0161iams matinti. Nr. 0 (vidutin\u0117): naudojama va\u0161kuotiems ir alyva apdorotiems pavir\u0161iams valyti bald\u0173 valymo priemone \u201eLiberon\u201c. Tinka naudoti ir itin ne\u0161variems metaliniams daiktams valyti. Nr. 2 (\u0161iurk\u0161ti): lako ir da\u017e\u0173 sluoksniui nuvalyti su da\u017e\u0173 nu\u0117mimo priemone \u201eLiberon Stripper\u201c.","og_url":"https:\/\/hobstop.ee\/lt\/produktas\/plienine-dilde-liberon-100g\/","og_site_name":"Skizze","article_publisher":"http:\/\/www.facebook.com\/VunderSkizze","og_image":[{"width":1024,"height":768,"url":"https:\/\/hobstop.ee\/media\/2487.jpg","type":"image\/jpeg"}],"twitter_card":"summary_large_image","schema":{"@context":"https:\/\/schema.org","@graph":[{"@type":"WebPage","@id":"https:\/\/hobstop.ee\/lt\/produktas\/plienine-dilde-liberon-100g\/","url":"https:\/\/hobstop.ee\/lt\/produktas\/plienine-dilde-liberon-100g\/","name":"Plienin\u0117 dild\u0117 Liberon 100g &#8211; Skizze","isPartOf":{"@id":"https:\/\/hobstop.ee\/lt\/#website"},"primaryImageOfPage":{"@id":"https:\/\/hobstop.ee\/lt\/produktas\/plienine-dilde-liberon-100g\/#primaryimage"},"image":{"@id":"https:\/\/hobstop.ee\/lt\/produktas\/plienine-dilde-liberon-100g\/#primaryimage"},"thumbnailUrl":"https:\/\/hobstop.ee\/media\/2487.jpg","datePublished":"2015-07-03T19:01:47+00:00","dateModified":"2015-07-03T19:01:47+00:00","breadcrumb":{"@id":"https:\/\/hobstop.ee\/lt\/produktas\/plienine-dilde-liberon-100g\/#breadcrumb"},"inLanguage":"lt","potentialAction":[{"@type":"ReadAction","target":["https:\/\/hobstop.ee\/lt\/produktas\/plienine-dilde-liberon-100g\/"]}]},{"@type":"ImageObject","inLanguage":"lt","@id":"https:\/\/hobstop.ee\/lt\/produktas\/plienine-dilde-liberon-100g\/#primaryimage","url":"https:\/\/hobstop.ee\/media\/2487.jpg","contentUrl":"https:\/\/hobstop.ee\/media\/2487.jpg","width":1024,"height":768},{"@type":"BreadcrumbList","@id":"https:\/\/hobstop.ee\/lt\/produktas\/plienine-dilde-liberon-100g\/#breadcrumb","itemListElement":[{"@type":"ListItem","position":1,"name":"Avaleht","item":"https:\/\/hobstop.ee\/lt\/"},{"@type":"ListItem","position":2,"name":"Parduotuv\u0117","item":"https:\/\/hobstop.ee\/lt\/parduotuve\/"},{"@type":"ListItem","position":3,"name":"Plienin\u0117 dild\u0117 Liberon 100g"}]},{"@type":"WebSite","@id":"https:\/\/hobstop.ee\/lt\/#website","url":"https:\/\/hobstop.ee\/lt\/","name":"Skizze","description":"Dail\u0117s, pom\u0117gi\u0173 ir mokykliniai reikm\u0117nys","publisher":{"@id":"https:\/\/hobstop.ee\/lt\/#organization"},"potentialAction":[{"@type":"SearchAction","target":{"@type":"EntryPoint","urlTemplate":"https:\/\/hobstop.ee\/lt\/?s={search_term_string}"},"query-input":{"@type":"PropertyValueSpecification","valueRequired":true,"valueName":"search_term_string"}}],"inLanguage":"lt"},{"@type":"Organization","@id":"https:\/\/hobstop.ee\/lt\/#organization","name":"Vunder AS","url":"https:\/\/hobstop.ee\/lt\/","logo":{"@type":"ImageObject","inLanguage":"lt","@id":"https:\/\/hobstop.ee\/lt\/#\/schema\/logo\/image\/","url":"https:\/\/hobstop.ee\/media\/vunder-logo.png","contentUrl":"https:\/\/hobstop.ee\/media\/vunder-logo.png","width":127,"height":55,"caption":"Vunder AS"},"image":{"@id":"https:\/\/hobstop.ee\/lt\/#\/schema\/logo\/image\/"},"sameAs":["http:\/\/www.facebook.com\/VunderSkizze"]}]}},"_links":{"self":[{"href":"https:\/\/hobstop.ee\/lt\/wp-json\/wp\/v2\/product\/129760","targetHints":{"allow":["GET"]}}],"collection":[{"href":"https:\/\/hobstop.ee\/lt\/wp-json\/wp\/v2\/product"}],"about":[{"href":"https:\/\/hobstop.ee\/lt\/wp-json\/wp\/v2\/types\/product"}],"replies":[{"embeddable":true,"href":"https:\/\/hobstop.ee\/lt\/wp-json\/wp\/v2\/comments?post=129760"}],"wp:featuredmedia":[{"embeddable":true,"href":"https:\/\/hobstop.ee\/lt\/wp-json\/wp\/v2\/media\/104883"}],"wp:attachment":[{"href":"https:\/\/hobstop.ee\/lt\/wp-json\/wp\/v2\/media?parent=129760"}],"wp:term":[{"taxonomy":"product_cat","embeddable":true,"href":"https:\/\/hobstop.ee\/lt\/wp-json\/wp\/v2\/product_cat?post=129760"},{"taxonomy":"product_tag","embeddable":true,"href":"https:\/\/hobstop.ee\/lt\/wp-json\/wp\/v2\/product_tag?post=129760"}],"curies":[{"name":"wp","href":"https:\/\/api.w.org\/{rel}","templated":true}]}}