{"id":129826,"date":"2015-07-03T22:11:29","date_gmt":"2015-07-03T19:11:29","guid":{"rendered":"http:\/\/vunder-ee.sn25.zone.eu\/lt\/product\/pavirsiaus-apdorojimo-alyva-bloom\/"},"modified":"2015-07-03T22:11:29","modified_gmt":"2015-07-03T19:11:29","slug":"pavirsiaus-apdorojimo-alyva-bloom","status":"publish","type":"product","link":"https:\/\/hobstop.ee\/lt\/produktas\/pavirsiaus-apdorojimo-alyva-bloom\/","title":{"rendered":"Pavir\u0161iaus apdorojimo alyva Bloom"},"content":{"rendered":"<p>\u201eBLOOM\u201c pavir\u0161i\u0173 apdorojimo alyv\u0105 galima tepti ir su maistu besilie\u010dian\u010dius pavir\u0161ius. Ji kur kas geriau u\u017e paprast\u0105 lin\u0173 s\u0117men\u0173 ar aguon\u0173 aliej\u0173, jau nekalbant apie parafin\u0105, saugo medinius pavir\u0161ius ir pjaustymo lenteles.<br \/>\nDengiamumas: 12m\u00b2\/L<br \/>\nD\u017eiuvimo laikas: 30 min. dengiant kit\u0105 sluoksn\u012f, 24 val. prie\u0161 pradedant naudoti<br \/>\nDarbo priemon\u0117s: sintetinis teptukas<br \/>\nDarbo priemoni\u0173 valymas: vanduo ja muilas<\/p>\n","protected":false},"excerpt":{"rendered":"<p>\u201eBLOOM\u201c pavir\u0161i\u0173 apdorojimo alyv\u0105 galima tepti ir su maistu besilie\u010dian\u010dius pavir\u0161ius. Ji kur kas geriau u\u017e paprast\u0105 lin\u0173 s\u0117men\u0173 ar aguon\u0173 aliej\u0173, jau nekalbant apie parafin\u0105, saugo medinius pavir\u0161ius ir pjaustymo lenteles. Dengiamumas: 12m\u00b2\/L D\u017eiuvimo laikas: 30 min. dengiant kit\u0105 sluoksn\u012f, 24 val. prie\u0161 pradedant naudoti Darbo priemon\u0117s: sintetinis teptukas Darbo priemoni\u0173 valymas: vanduo ja muilas<\/p>\n","protected":false},"featured_media":104895,"comment_status":"closed","ping_status":"closed","template":"","meta":{"_acf_changed":false,"ep_exclude_from_search":false},"product_cat":[15056,15055,18559],"product_tag":[],"class_list":{"0":"post-129826","1":"product","2":"type-product","3":"status-publish","4":"has-post-thumbnail","6":"product_cat-kuldamislehed","7":"product_cat-kinkekotid","8":"product_cat-restauravimas-ir-apdaila","10":"first","11":"instock","12":"taxable","13":"shipping-taxable","14":"purchasable","15":"product-type-variable"},"acf":[],"yoast_head":"<!-- This site is optimized with the Yoast SEO plugin v24.1 - https:\/\/yoast.com\/wordpress\/plugins\/seo\/ -->\n<title>Pavir\u0161iaus apdorojimo alyva Bloom &#8211; Skizze<\/title>\n<meta name=\"robots\" content=\"noindex, follow, max-snippet:-1, max-image-preview:large, max-video-preview:-1\" \/>\n<meta property=\"og:locale\" content=\"lt_LT\" \/>\n<meta property=\"og:type\" content=\"article\" \/>\n<meta property=\"og:title\" content=\"Pavir\u0161iaus apdorojimo alyva Bloom &#8211; Skizze\" \/>\n<meta property=\"og:description\" content=\"\u201eBLOOM\u201c pavir\u0161i\u0173 apdorojimo alyv\u0105 galima tepti ir su maistu besilie\u010dian\u010dius pavir\u0161ius. Ji kur kas geriau u\u017e paprast\u0105 lin\u0173 s\u0117men\u0173 ar aguon\u0173 aliej\u0173, jau nekalbant apie parafin\u0105, saugo medinius pavir\u0161ius ir pjaustymo lenteles. Dengiamumas: 12m\u00b2\/L D\u017eiuvimo laikas: 30 min. dengiant kit\u0105 sluoksn\u012f, 24 val. prie\u0161 pradedant naudoti Darbo priemon\u0117s: sintetinis teptukas Darbo priemoni\u0173 valymas: vanduo ja muilas\" \/>\n<meta property=\"og:url\" content=\"https:\/\/hobstop.ee\/lt\/produktas\/pavirsiaus-apdorojimo-alyva-bloom\/\" \/>\n<meta property=\"og:site_name\" content=\"Skizze\" \/>\n<meta property=\"article:publisher\" content=\"http:\/\/www.facebook.com\/VunderSkizze\" \/>\n<meta property=\"og:image\" content=\"https:\/\/hobstop.ee\/media\/2490.jpg\" \/>\n\t<meta property=\"og:image:width\" content=\"1024\" \/>\n\t<meta property=\"og:image:height\" content=\"768\" \/>\n\t<meta property=\"og:image:type\" content=\"image\/jpeg\" \/>\n<meta name=\"twitter:card\" content=\"summary_large_image\" \/>\n<script type=\"application\/ld+json\" class=\"yoast-schema-graph\">{\"@context\":\"https:\/\/schema.org\",\"@graph\":[{\"@type\":\"WebPage\",\"@id\":\"https:\/\/hobstop.ee\/lt\/produktas\/pavirsiaus-apdorojimo-alyva-bloom\/\",\"url\":\"https:\/\/hobstop.ee\/lt\/produktas\/pavirsiaus-apdorojimo-alyva-bloom\/\",\"name\":\"Pavir\u0161iaus apdorojimo alyva Bloom &#8211; Skizze\",\"isPartOf\":{\"@id\":\"https:\/\/hobstop.ee\/lt\/#website\"},\"primaryImageOfPage\":{\"@id\":\"https:\/\/hobstop.ee\/lt\/produktas\/pavirsiaus-apdorojimo-alyva-bloom\/#primaryimage\"},\"image\":{\"@id\":\"https:\/\/hobstop.ee\/lt\/produktas\/pavirsiaus-apdorojimo-alyva-bloom\/#primaryimage\"},\"thumbnailUrl\":\"https:\/\/hobstop.ee\/media\/2490.jpg\",\"datePublished\":\"2015-07-03T19:11:29+00:00\",\"dateModified\":\"2015-07-03T19:11:29+00:00\",\"breadcrumb\":{\"@id\":\"https:\/\/hobstop.ee\/lt\/produktas\/pavirsiaus-apdorojimo-alyva-bloom\/#breadcrumb\"},\"inLanguage\":\"lt\",\"potentialAction\":[{\"@type\":\"ReadAction\",\"target\":[\"https:\/\/hobstop.ee\/lt\/produktas\/pavirsiaus-apdorojimo-alyva-bloom\/\"]}]},{\"@type\":\"ImageObject\",\"inLanguage\":\"lt\",\"@id\":\"https:\/\/hobstop.ee\/lt\/produktas\/pavirsiaus-apdorojimo-alyva-bloom\/#primaryimage\",\"url\":\"https:\/\/hobstop.ee\/media\/2490.jpg\",\"contentUrl\":\"https:\/\/hobstop.ee\/media\/2490.jpg\",\"width\":1024,\"height\":768},{\"@type\":\"BreadcrumbList\",\"@id\":\"https:\/\/hobstop.ee\/lt\/produktas\/pavirsiaus-apdorojimo-alyva-bloom\/#breadcrumb\",\"itemListElement\":[{\"@type\":\"ListItem\",\"position\":1,\"name\":\"Avaleht\",\"item\":\"https:\/\/hobstop.ee\/lt\/\"},{\"@type\":\"ListItem\",\"position\":2,\"name\":\"Parduotuv\u0117\",\"item\":\"https:\/\/hobstop.ee\/lt\/parduotuve\/\"},{\"@type\":\"ListItem\",\"position\":3,\"name\":\"Pavir\u0161iaus apdorojimo alyva Bloom\"}]},{\"@type\":\"WebSite\",\"@id\":\"https:\/\/hobstop.ee\/lt\/#website\",\"url\":\"https:\/\/hobstop.ee\/lt\/\",\"name\":\"Skizze\",\"description\":\"Dail\u0117s, pom\u0117gi\u0173 ir mokykliniai reikm\u0117nys\",\"publisher\":{\"@id\":\"https:\/\/hobstop.ee\/lt\/#organization\"},\"potentialAction\":[{\"@type\":\"SearchAction\",\"target\":{\"@type\":\"EntryPoint\",\"urlTemplate\":\"https:\/\/hobstop.ee\/lt\/?s={search_term_string}\"},\"query-input\":{\"@type\":\"PropertyValueSpecification\",\"valueRequired\":true,\"valueName\":\"search_term_string\"}}],\"inLanguage\":\"lt\"},{\"@type\":\"Organization\",\"@id\":\"https:\/\/hobstop.ee\/lt\/#organization\",\"name\":\"Vunder AS\",\"url\":\"https:\/\/hobstop.ee\/lt\/\",\"logo\":{\"@type\":\"ImageObject\",\"inLanguage\":\"lt\",\"@id\":\"https:\/\/hobstop.ee\/lt\/#\/schema\/logo\/image\/\",\"url\":\"https:\/\/hobstop.ee\/media\/vunder-logo.png\",\"contentUrl\":\"https:\/\/hobstop.ee\/media\/vunder-logo.png\",\"width\":127,\"height\":55,\"caption\":\"Vunder AS\"},\"image\":{\"@id\":\"https:\/\/hobstop.ee\/lt\/#\/schema\/logo\/image\/\"},\"sameAs\":[\"http:\/\/www.facebook.com\/VunderSkizze\"]}]}<\/script>\n<!-- \/ Yoast SEO plugin. -->","yoast_head_json":{"title":"Pavir\u0161iaus apdorojimo alyva Bloom &#8211; Skizze","robots":{"index":"noindex","follow":"follow","max-snippet":"max-snippet:-1","max-image-preview":"max-image-preview:large","max-video-preview":"max-video-preview:-1"},"og_locale":"lt_LT","og_type":"article","og_title":"Pavir\u0161iaus apdorojimo alyva Bloom &#8211; Skizze","og_description":"\u201eBLOOM\u201c pavir\u0161i\u0173 apdorojimo alyv\u0105 galima tepti ir su maistu besilie\u010dian\u010dius pavir\u0161ius. Ji kur kas geriau u\u017e paprast\u0105 lin\u0173 s\u0117men\u0173 ar aguon\u0173 aliej\u0173, jau nekalbant apie parafin\u0105, saugo medinius pavir\u0161ius ir pjaustymo lenteles. Dengiamumas: 12m\u00b2\/L D\u017eiuvimo laikas: 30 min. dengiant kit\u0105 sluoksn\u012f, 24 val. prie\u0161 pradedant naudoti Darbo priemon\u0117s: sintetinis teptukas Darbo priemoni\u0173 valymas: vanduo ja muilas","og_url":"https:\/\/hobstop.ee\/lt\/produktas\/pavirsiaus-apdorojimo-alyva-bloom\/","og_site_name":"Skizze","article_publisher":"http:\/\/www.facebook.com\/VunderSkizze","og_image":[{"width":1024,"height":768,"url":"https:\/\/hobstop.ee\/media\/2490.jpg","type":"image\/jpeg"}],"twitter_card":"summary_large_image","schema":{"@context":"https:\/\/schema.org","@graph":[{"@type":"WebPage","@id":"https:\/\/hobstop.ee\/lt\/produktas\/pavirsiaus-apdorojimo-alyva-bloom\/","url":"https:\/\/hobstop.ee\/lt\/produktas\/pavirsiaus-apdorojimo-alyva-bloom\/","name":"Pavir\u0161iaus apdorojimo alyva Bloom &#8211; Skizze","isPartOf":{"@id":"https:\/\/hobstop.ee\/lt\/#website"},"primaryImageOfPage":{"@id":"https:\/\/hobstop.ee\/lt\/produktas\/pavirsiaus-apdorojimo-alyva-bloom\/#primaryimage"},"image":{"@id":"https:\/\/hobstop.ee\/lt\/produktas\/pavirsiaus-apdorojimo-alyva-bloom\/#primaryimage"},"thumbnailUrl":"https:\/\/hobstop.ee\/media\/2490.jpg","datePublished":"2015-07-03T19:11:29+00:00","dateModified":"2015-07-03T19:11:29+00:00","breadcrumb":{"@id":"https:\/\/hobstop.ee\/lt\/produktas\/pavirsiaus-apdorojimo-alyva-bloom\/#breadcrumb"},"inLanguage":"lt","potentialAction":[{"@type":"ReadAction","target":["https:\/\/hobstop.ee\/lt\/produktas\/pavirsiaus-apdorojimo-alyva-bloom\/"]}]},{"@type":"ImageObject","inLanguage":"lt","@id":"https:\/\/hobstop.ee\/lt\/produktas\/pavirsiaus-apdorojimo-alyva-bloom\/#primaryimage","url":"https:\/\/hobstop.ee\/media\/2490.jpg","contentUrl":"https:\/\/hobstop.ee\/media\/2490.jpg","width":1024,"height":768},{"@type":"BreadcrumbList","@id":"https:\/\/hobstop.ee\/lt\/produktas\/pavirsiaus-apdorojimo-alyva-bloom\/#breadcrumb","itemListElement":[{"@type":"ListItem","position":1,"name":"Avaleht","item":"https:\/\/hobstop.ee\/lt\/"},{"@type":"ListItem","position":2,"name":"Parduotuv\u0117","item":"https:\/\/hobstop.ee\/lt\/parduotuve\/"},{"@type":"ListItem","position":3,"name":"Pavir\u0161iaus apdorojimo alyva Bloom"}]},{"@type":"WebSite","@id":"https:\/\/hobstop.ee\/lt\/#website","url":"https:\/\/hobstop.ee\/lt\/","name":"Skizze","description":"Dail\u0117s, pom\u0117gi\u0173 ir mokykliniai reikm\u0117nys","publisher":{"@id":"https:\/\/hobstop.ee\/lt\/#organization"},"potentialAction":[{"@type":"SearchAction","target":{"@type":"EntryPoint","urlTemplate":"https:\/\/hobstop.ee\/lt\/?s={search_term_string}"},"query-input":{"@type":"PropertyValueSpecification","valueRequired":true,"valueName":"search_term_string"}}],"inLanguage":"lt"},{"@type":"Organization","@id":"https:\/\/hobstop.ee\/lt\/#organization","name":"Vunder AS","url":"https:\/\/hobstop.ee\/lt\/","logo":{"@type":"ImageObject","inLanguage":"lt","@id":"https:\/\/hobstop.ee\/lt\/#\/schema\/logo\/image\/","url":"https:\/\/hobstop.ee\/media\/vunder-logo.png","contentUrl":"https:\/\/hobstop.ee\/media\/vunder-logo.png","width":127,"height":55,"caption":"Vunder AS"},"image":{"@id":"https:\/\/hobstop.ee\/lt\/#\/schema\/logo\/image\/"},"sameAs":["http:\/\/www.facebook.com\/VunderSkizze"]}]}},"_links":{"self":[{"href":"https:\/\/hobstop.ee\/lt\/wp-json\/wp\/v2\/product\/129826","targetHints":{"allow":["GET"]}}],"collection":[{"href":"https:\/\/hobstop.ee\/lt\/wp-json\/wp\/v2\/product"}],"about":[{"href":"https:\/\/hobstop.ee\/lt\/wp-json\/wp\/v2\/types\/product"}],"replies":[{"embeddable":true,"href":"https:\/\/hobstop.ee\/lt\/wp-json\/wp\/v2\/comments?post=129826"}],"wp:featuredmedia":[{"embeddable":true,"href":"https:\/\/hobstop.ee\/lt\/wp-json\/wp\/v2\/media\/104895"}],"wp:attachment":[{"href":"https:\/\/hobstop.ee\/lt\/wp-json\/wp\/v2\/media?parent=129826"}],"wp:term":[{"taxonomy":"product_cat","embeddable":true,"href":"https:\/\/hobstop.ee\/lt\/wp-json\/wp\/v2\/product_cat?post=129826"},{"taxonomy":"product_tag","embeddable":true,"href":"https:\/\/hobstop.ee\/lt\/wp-json\/wp\/v2\/product_tag?post=129826"}],"curies":[{"name":"wp","href":"https:\/\/api.w.org\/{rel}","templated":true}]}}