{"id":129881,"date":"2015-07-03T22:21:59","date_gmt":"2015-07-03T19:21:59","guid":{"rendered":"http:\/\/vunder-ee.sn25.zone.eu\/lt\/product\/medienos-plokstes-vaskas-bloom-1l\/"},"modified":"2015-07-03T22:21:59","modified_gmt":"2015-07-03T19:21:59","slug":"medienos-plokstes-vaskas-bloom-1l","status":"publish","type":"product","link":"https:\/\/hobstop.ee\/lt\/produktas\/medienos-plokstes-vaskas-bloom-1l\/","title":{"rendered":"Medienos plok\u0161t\u0117s va\u0161kas Bloom 1L"},"content":{"rendered":"<p>Permatomas, dr\u0117gmei atsparus va\u0161kas. U\u017eteka vieno sluoksnio. Tir\u0161tos, netekios sud\u0117ties. Padengtas vienu sluoksniu saugo vidaus patalpose esan\u010dias rastines sienas, dailylentes, sijas ir medines lubas. Neu\u017ego\u017eia med\u017eio tekst\u016bros, ta\u010diau paslepia defektus ir atgaivina pageltusi\u0105 nuo laiko medien\u0105.  Labai tinka \u0161viesioms med\u017eio r\u016b\u0161ims. Va\u0161ku apdorotas pavir\u0161ius tampa pusiau skaidrus, tarsi atlasinis.<br \/>\nDengiamumas: 12m\u00b2\/L<br \/>\nD\u017eiuvimo laikas: 1 val. nelimpa prilietus, po 24 val. i\u0161d\u017ei\u016bsta galutinai<br \/>\nDarbo priemon\u0117s: sintetinis teptukas arba da\u017eytojo volelis<br \/>\nDarbo priemoni\u0173 valymas: vanduo ja muilas<\/p>\n","protected":false},"excerpt":{"rendered":"<p>Permatomas, dr\u0117gmei atsparus va\u0161kas. U\u017eteka vieno sluoksnio. Tir\u0161tos, netekios sud\u0117ties. Padengtas vienu sluoksniu saugo vidaus patalpose esan\u010dias rastines sienas, dailylentes, sijas ir medines lubas. Neu\u017ego\u017eia med\u017eio tekst\u016bros, ta\u010diau paslepia defektus ir atgaivina pageltusi\u0105 nuo laiko medien\u0105. Labai tinka \u0161viesioms med\u017eio r\u016b\u0161ims. Va\u0161ku apdorotas pavir\u0161ius tampa pusiau skaidrus, tarsi atlasinis. Dengiamumas: 12m\u00b2\/L D\u017eiuvimo laikas: 1 val. nelimpa prilietus, po 24 val. i\u0161d\u017ei\u016bsta galutinai Darbo priemon\u0117s: sintetinis teptukas arba da\u017eytojo volelis Darbo priemoni\u0173 valymas: vanduo ja muilas<\/p>\n","protected":false},"featured_media":104911,"comment_status":"closed","ping_status":"closed","template":"","meta":{"_acf_changed":false,"ep_exclude_from_search":false},"product_cat":[15055,18559,18252],"product_tag":[],"class_list":{"0":"post-129881","1":"product","2":"type-product","3":"status-publish","4":"has-post-thumbnail","6":"product_cat-kinkekotid","7":"product_cat-restauravimas-ir-apdaila","8":"product_cat-vaskai","10":"first","11":"instock","12":"sale","13":"taxable","14":"shipping-taxable","15":"purchasable","16":"product-type-variable"},"acf":[],"yoast_head":"<!-- This site is optimized with the Yoast SEO plugin v24.1 - https:\/\/yoast.com\/wordpress\/plugins\/seo\/ -->\n<title>Medienos plok\u0161t\u0117s va\u0161kas Bloom 1L &#8211; Skizze<\/title>\n<meta name=\"robots\" content=\"noindex, follow, max-snippet:-1, max-image-preview:large, max-video-preview:-1\" \/>\n<meta property=\"og:locale\" content=\"lt_LT\" \/>\n<meta property=\"og:type\" content=\"article\" \/>\n<meta property=\"og:title\" content=\"Medienos plok\u0161t\u0117s va\u0161kas Bloom 1L &#8211; Skizze\" \/>\n<meta property=\"og:description\" content=\"Permatomas, dr\u0117gmei atsparus va\u0161kas. U\u017eteka vieno sluoksnio. Tir\u0161tos, netekios sud\u0117ties. Padengtas vienu sluoksniu saugo vidaus patalpose esan\u010dias rastines sienas, dailylentes, sijas ir medines lubas. Neu\u017ego\u017eia med\u017eio tekst\u016bros, ta\u010diau paslepia defektus ir atgaivina pageltusi\u0105 nuo laiko medien\u0105. Labai tinka \u0161viesioms med\u017eio r\u016b\u0161ims. Va\u0161ku apdorotas pavir\u0161ius tampa pusiau skaidrus, tarsi atlasinis. Dengiamumas: 12m\u00b2\/L D\u017eiuvimo laikas: 1 val. nelimpa prilietus, po 24 val. i\u0161d\u017ei\u016bsta galutinai Darbo priemon\u0117s: sintetinis teptukas arba da\u017eytojo volelis Darbo priemoni\u0173 valymas: vanduo ja muilas\" \/>\n<meta property=\"og:url\" content=\"https:\/\/hobstop.ee\/lt\/produktas\/medienos-plokstes-vaskas-bloom-1l\/\" \/>\n<meta property=\"og:site_name\" content=\"Skizze\" \/>\n<meta property=\"article:publisher\" content=\"http:\/\/www.facebook.com\/VunderSkizze\" \/>\n<meta property=\"og:image\" content=\"https:\/\/www.hobstop.ee\/media\/2495.jpg\" \/>\n\t<meta property=\"og:image:width\" content=\"1024\" \/>\n\t<meta property=\"og:image:height\" content=\"768\" \/>\n\t<meta property=\"og:image:type\" content=\"image\/jpeg\" \/>\n<meta name=\"twitter:card\" content=\"summary_large_image\" \/>\n<script type=\"application\/ld+json\" class=\"yoast-schema-graph\">{\"@context\":\"https:\/\/schema.org\",\"@graph\":[{\"@type\":\"WebPage\",\"@id\":\"https:\/\/hobstop.ee\/lt\/produktas\/medienos-plokstes-vaskas-bloom-1l\/\",\"url\":\"https:\/\/hobstop.ee\/lt\/produktas\/medienos-plokstes-vaskas-bloom-1l\/\",\"name\":\"Medienos plok\u0161t\u0117s va\u0161kas Bloom 1L &#8211; Skizze\",\"isPartOf\":{\"@id\":\"https:\/\/hobstop.ee\/lt\/#website\"},\"primaryImageOfPage\":{\"@id\":\"https:\/\/hobstop.ee\/lt\/produktas\/medienos-plokstes-vaskas-bloom-1l\/#primaryimage\"},\"image\":{\"@id\":\"https:\/\/hobstop.ee\/lt\/produktas\/medienos-plokstes-vaskas-bloom-1l\/#primaryimage\"},\"thumbnailUrl\":\"https:\/\/hobstop.ee\/media\/2495.jpg\",\"datePublished\":\"2015-07-03T19:21:59+00:00\",\"dateModified\":\"2015-07-03T19:21:59+00:00\",\"breadcrumb\":{\"@id\":\"https:\/\/hobstop.ee\/lt\/produktas\/medienos-plokstes-vaskas-bloom-1l\/#breadcrumb\"},\"inLanguage\":\"lt\",\"potentialAction\":[{\"@type\":\"ReadAction\",\"target\":[\"https:\/\/hobstop.ee\/lt\/produktas\/medienos-plokstes-vaskas-bloom-1l\/\"]}]},{\"@type\":\"ImageObject\",\"inLanguage\":\"lt\",\"@id\":\"https:\/\/hobstop.ee\/lt\/produktas\/medienos-plokstes-vaskas-bloom-1l\/#primaryimage\",\"url\":\"https:\/\/hobstop.ee\/media\/2495.jpg\",\"contentUrl\":\"https:\/\/hobstop.ee\/media\/2495.jpg\",\"width\":1024,\"height\":768},{\"@type\":\"BreadcrumbList\",\"@id\":\"https:\/\/hobstop.ee\/lt\/produktas\/medienos-plokstes-vaskas-bloom-1l\/#breadcrumb\",\"itemListElement\":[{\"@type\":\"ListItem\",\"position\":1,\"name\":\"Avaleht\",\"item\":\"https:\/\/hobstop.ee\/lt\/\"},{\"@type\":\"ListItem\",\"position\":2,\"name\":\"Parduotuv\u0117\",\"item\":\"https:\/\/hobstop.ee\/lt\/parduotuve\/\"},{\"@type\":\"ListItem\",\"position\":3,\"name\":\"Medienos plok\u0161t\u0117s va\u0161kas Bloom 1L\"}]},{\"@type\":\"WebSite\",\"@id\":\"https:\/\/hobstop.ee\/lt\/#website\",\"url\":\"https:\/\/hobstop.ee\/lt\/\",\"name\":\"Skizze\",\"description\":\"Dail\u0117s, pom\u0117gi\u0173 ir mokykliniai reikm\u0117nys\",\"publisher\":{\"@id\":\"https:\/\/hobstop.ee\/lt\/#organization\"},\"potentialAction\":[{\"@type\":\"SearchAction\",\"target\":{\"@type\":\"EntryPoint\",\"urlTemplate\":\"https:\/\/hobstop.ee\/lt\/?s={search_term_string}\"},\"query-input\":{\"@type\":\"PropertyValueSpecification\",\"valueRequired\":true,\"valueName\":\"search_term_string\"}}],\"inLanguage\":\"lt\"},{\"@type\":\"Organization\",\"@id\":\"https:\/\/hobstop.ee\/lt\/#organization\",\"name\":\"Vunder AS\",\"url\":\"https:\/\/hobstop.ee\/lt\/\",\"logo\":{\"@type\":\"ImageObject\",\"inLanguage\":\"lt\",\"@id\":\"https:\/\/hobstop.ee\/lt\/#\/schema\/logo\/image\/\",\"url\":\"https:\/\/hobstop.ee\/media\/vunder-logo.png\",\"contentUrl\":\"https:\/\/hobstop.ee\/media\/vunder-logo.png\",\"width\":127,\"height\":55,\"caption\":\"Vunder AS\"},\"image\":{\"@id\":\"https:\/\/hobstop.ee\/lt\/#\/schema\/logo\/image\/\"},\"sameAs\":[\"http:\/\/www.facebook.com\/VunderSkizze\"]}]}<\/script>\n<!-- \/ Yoast SEO plugin. -->","yoast_head_json":{"title":"Medienos plok\u0161t\u0117s va\u0161kas Bloom 1L &#8211; Skizze","robots":{"index":"noindex","follow":"follow","max-snippet":"max-snippet:-1","max-image-preview":"max-image-preview:large","max-video-preview":"max-video-preview:-1"},"og_locale":"lt_LT","og_type":"article","og_title":"Medienos plok\u0161t\u0117s va\u0161kas Bloom 1L &#8211; Skizze","og_description":"Permatomas, dr\u0117gmei atsparus va\u0161kas. U\u017eteka vieno sluoksnio. Tir\u0161tos, netekios sud\u0117ties. Padengtas vienu sluoksniu saugo vidaus patalpose esan\u010dias rastines sienas, dailylentes, sijas ir medines lubas. Neu\u017ego\u017eia med\u017eio tekst\u016bros, ta\u010diau paslepia defektus ir atgaivina pageltusi\u0105 nuo laiko medien\u0105. Labai tinka \u0161viesioms med\u017eio r\u016b\u0161ims. Va\u0161ku apdorotas pavir\u0161ius tampa pusiau skaidrus, tarsi atlasinis. Dengiamumas: 12m\u00b2\/L D\u017eiuvimo laikas: 1 val. nelimpa prilietus, po 24 val. i\u0161d\u017ei\u016bsta galutinai Darbo priemon\u0117s: sintetinis teptukas arba da\u017eytojo volelis Darbo priemoni\u0173 valymas: vanduo ja muilas","og_url":"https:\/\/hobstop.ee\/lt\/produktas\/medienos-plokstes-vaskas-bloom-1l\/","og_site_name":"Skizze","article_publisher":"http:\/\/www.facebook.com\/VunderSkizze","og_image":[{"width":1024,"height":768,"url":"https:\/\/www.hobstop.ee\/media\/2495.jpg","type":"image\/jpeg"}],"twitter_card":"summary_large_image","schema":{"@context":"https:\/\/schema.org","@graph":[{"@type":"WebPage","@id":"https:\/\/hobstop.ee\/lt\/produktas\/medienos-plokstes-vaskas-bloom-1l\/","url":"https:\/\/hobstop.ee\/lt\/produktas\/medienos-plokstes-vaskas-bloom-1l\/","name":"Medienos plok\u0161t\u0117s va\u0161kas Bloom 1L &#8211; Skizze","isPartOf":{"@id":"https:\/\/hobstop.ee\/lt\/#website"},"primaryImageOfPage":{"@id":"https:\/\/hobstop.ee\/lt\/produktas\/medienos-plokstes-vaskas-bloom-1l\/#primaryimage"},"image":{"@id":"https:\/\/hobstop.ee\/lt\/produktas\/medienos-plokstes-vaskas-bloom-1l\/#primaryimage"},"thumbnailUrl":"https:\/\/hobstop.ee\/media\/2495.jpg","datePublished":"2015-07-03T19:21:59+00:00","dateModified":"2015-07-03T19:21:59+00:00","breadcrumb":{"@id":"https:\/\/hobstop.ee\/lt\/produktas\/medienos-plokstes-vaskas-bloom-1l\/#breadcrumb"},"inLanguage":"lt","potentialAction":[{"@type":"ReadAction","target":["https:\/\/hobstop.ee\/lt\/produktas\/medienos-plokstes-vaskas-bloom-1l\/"]}]},{"@type":"ImageObject","inLanguage":"lt","@id":"https:\/\/hobstop.ee\/lt\/produktas\/medienos-plokstes-vaskas-bloom-1l\/#primaryimage","url":"https:\/\/hobstop.ee\/media\/2495.jpg","contentUrl":"https:\/\/hobstop.ee\/media\/2495.jpg","width":1024,"height":768},{"@type":"BreadcrumbList","@id":"https:\/\/hobstop.ee\/lt\/produktas\/medienos-plokstes-vaskas-bloom-1l\/#breadcrumb","itemListElement":[{"@type":"ListItem","position":1,"name":"Avaleht","item":"https:\/\/hobstop.ee\/lt\/"},{"@type":"ListItem","position":2,"name":"Parduotuv\u0117","item":"https:\/\/hobstop.ee\/lt\/parduotuve\/"},{"@type":"ListItem","position":3,"name":"Medienos plok\u0161t\u0117s va\u0161kas Bloom 1L"}]},{"@type":"WebSite","@id":"https:\/\/hobstop.ee\/lt\/#website","url":"https:\/\/hobstop.ee\/lt\/","name":"Skizze","description":"Dail\u0117s, pom\u0117gi\u0173 ir mokykliniai reikm\u0117nys","publisher":{"@id":"https:\/\/hobstop.ee\/lt\/#organization"},"potentialAction":[{"@type":"SearchAction","target":{"@type":"EntryPoint","urlTemplate":"https:\/\/hobstop.ee\/lt\/?s={search_term_string}"},"query-input":{"@type":"PropertyValueSpecification","valueRequired":true,"valueName":"search_term_string"}}],"inLanguage":"lt"},{"@type":"Organization","@id":"https:\/\/hobstop.ee\/lt\/#organization","name":"Vunder AS","url":"https:\/\/hobstop.ee\/lt\/","logo":{"@type":"ImageObject","inLanguage":"lt","@id":"https:\/\/hobstop.ee\/lt\/#\/schema\/logo\/image\/","url":"https:\/\/hobstop.ee\/media\/vunder-logo.png","contentUrl":"https:\/\/hobstop.ee\/media\/vunder-logo.png","width":127,"height":55,"caption":"Vunder AS"},"image":{"@id":"https:\/\/hobstop.ee\/lt\/#\/schema\/logo\/image\/"},"sameAs":["http:\/\/www.facebook.com\/VunderSkizze"]}]}},"_links":{"self":[{"href":"https:\/\/hobstop.ee\/lt\/wp-json\/wp\/v2\/product\/129881","targetHints":{"allow":["GET"]}}],"collection":[{"href":"https:\/\/hobstop.ee\/lt\/wp-json\/wp\/v2\/product"}],"about":[{"href":"https:\/\/hobstop.ee\/lt\/wp-json\/wp\/v2\/types\/product"}],"replies":[{"embeddable":true,"href":"https:\/\/hobstop.ee\/lt\/wp-json\/wp\/v2\/comments?post=129881"}],"wp:featuredmedia":[{"embeddable":true,"href":"https:\/\/hobstop.ee\/lt\/wp-json\/wp\/v2\/media\/104911"}],"wp:attachment":[{"href":"https:\/\/hobstop.ee\/lt\/wp-json\/wp\/v2\/media?parent=129881"}],"wp:term":[{"taxonomy":"product_cat","embeddable":true,"href":"https:\/\/hobstop.ee\/lt\/wp-json\/wp\/v2\/product_cat?post=129881"},{"taxonomy":"product_tag","embeddable":true,"href":"https:\/\/hobstop.ee\/lt\/wp-json\/wp\/v2\/product_tag?post=129881"}],"curies":[{"name":"wp","href":"https:\/\/api.w.org\/{rel}","templated":true}]}}