{"id":130011,"date":"2015-07-03T23:00:44","date_gmt":"2015-07-03T20:00:44","guid":{"rendered":"http:\/\/vunder-ee.sn25.zone.eu\/lt\/product\/lakas-liberon-bistrot-250ml\/"},"modified":"2015-07-03T23:00:44","modified_gmt":"2015-07-03T20:00:44","slug":"lakas-liberon-bistrot-250ml","status":"publish","type":"product","link":"https:\/\/hobstop.ee\/lt\/produktas\/lakas-liberon-bistrot-250ml\/","title":{"rendered":"Lakas Liberon Bistrot 250ml"},"content":{"rendered":"<p>Patvarus bald\u0173 ir restoran\u0173 \u012frangos lakas. Poliuretano lakas BISTROT medien\u0105 padengia itin kietu ir patvariu apsauginiu sluoksniu.  Tinka naudoti visiems nam\u0173 baldams, taip pat virtuv\u0117je ir vonios kambaryje. Nulakuoti pavir\u0161iai yra atspar\u016bs kar\u0161\u010diui, dr\u0117gmei ir alkoholiui.<br \/>\nDengiamumas: 10m\u00b2\/L<br \/>\nD\u017eiuvimo laikas: 24 val.<br \/>\nDarbo priemon\u0117: teptukas<br \/>\nDarbo priemoni\u0173 valymas: vaitspiritas<\/p>\n","protected":false},"excerpt":{"rendered":"<p>Patvarus bald\u0173 ir restoran\u0173 \u012frangos lakas. Poliuretano lakas BISTROT medien\u0105 padengia itin kietu ir patvariu apsauginiu sluoksniu. Tinka naudoti visiems nam\u0173 baldams, taip pat virtuv\u0117je ir vonios kambaryje. Nulakuoti pavir\u0161iai yra atspar\u016bs kar\u0161\u010diui, dr\u0117gmei ir alkoholiui. Dengiamumas: 10m\u00b2\/L D\u017eiuvimo laikas: 24 val. Darbo priemon\u0117: teptukas Darbo priemoni\u0173 valymas: vaitspiritas<\/p>\n","protected":false},"featured_media":104939,"comment_status":"closed","ping_status":"closed","template":"","meta":{"_acf_changed":false,"ep_exclude_from_search":false},"product_cat":[15048,14971,18559],"product_tag":[],"class_list":{"0":"post-130011","1":"product","2":"type-product","3":"status-publish","4":"has-post-thumbnail","6":"product_cat-medienos-lakai-poliruokliai-ir-prieziuros-medziagos","7":"product_cat-seemnehelmed","8":"product_cat-restauravimas-ir-apdaila","10":"first","11":"instock","12":"sale","13":"taxable","14":"shipping-taxable","15":"purchasable","16":"product-type-variable"},"acf":[],"yoast_head":"<!-- This site is optimized with the Yoast SEO plugin v24.1 - https:\/\/yoast.com\/wordpress\/plugins\/seo\/ -->\n<title>Lakas Liberon Bistrot 250ml &#8211; Skizze<\/title>\n<meta name=\"robots\" content=\"noindex, follow, max-snippet:-1, max-image-preview:large, max-video-preview:-1\" \/>\n<meta property=\"og:locale\" content=\"lt_LT\" \/>\n<meta property=\"og:type\" content=\"article\" \/>\n<meta property=\"og:title\" content=\"Lakas Liberon Bistrot 250ml &#8211; Skizze\" \/>\n<meta property=\"og:description\" content=\"Patvarus bald\u0173 ir restoran\u0173 \u012frangos lakas. Poliuretano lakas BISTROT medien\u0105 padengia itin kietu ir patvariu apsauginiu sluoksniu. Tinka naudoti visiems nam\u0173 baldams, taip pat virtuv\u0117je ir vonios kambaryje. Nulakuoti pavir\u0161iai yra atspar\u016bs kar\u0161\u010diui, dr\u0117gmei ir alkoholiui. Dengiamumas: 10m\u00b2\/L D\u017eiuvimo laikas: 24 val. Darbo priemon\u0117: teptukas Darbo priemoni\u0173 valymas: vaitspiritas\" \/>\n<meta property=\"og:url\" content=\"https:\/\/hobstop.ee\/lt\/produktas\/lakas-liberon-bistrot-250ml\/\" \/>\n<meta property=\"og:site_name\" content=\"Skizze\" \/>\n<meta property=\"article:publisher\" content=\"http:\/\/www.facebook.com\/VunderSkizze\" \/>\n<meta property=\"og:image\" content=\"https:\/\/hobstop.ee\/media\/2504.jpg\" \/>\n\t<meta property=\"og:image:width\" content=\"1024\" \/>\n\t<meta property=\"og:image:height\" content=\"768\" \/>\n\t<meta property=\"og:image:type\" content=\"image\/jpeg\" \/>\n<meta name=\"twitter:card\" content=\"summary_large_image\" \/>\n<script type=\"application\/ld+json\" class=\"yoast-schema-graph\">{\"@context\":\"https:\/\/schema.org\",\"@graph\":[{\"@type\":\"WebPage\",\"@id\":\"https:\/\/hobstop.ee\/lt\/produktas\/lakas-liberon-bistrot-250ml\/\",\"url\":\"https:\/\/hobstop.ee\/lt\/produktas\/lakas-liberon-bistrot-250ml\/\",\"name\":\"Lakas Liberon Bistrot 250ml &#8211; Skizze\",\"isPartOf\":{\"@id\":\"https:\/\/hobstop.ee\/lt\/#website\"},\"primaryImageOfPage\":{\"@id\":\"https:\/\/hobstop.ee\/lt\/produktas\/lakas-liberon-bistrot-250ml\/#primaryimage\"},\"image\":{\"@id\":\"https:\/\/hobstop.ee\/lt\/produktas\/lakas-liberon-bistrot-250ml\/#primaryimage\"},\"thumbnailUrl\":\"https:\/\/hobstop.ee\/media\/2504.jpg\",\"datePublished\":\"2015-07-03T20:00:44+00:00\",\"dateModified\":\"2015-07-03T20:00:44+00:00\",\"breadcrumb\":{\"@id\":\"https:\/\/hobstop.ee\/lt\/produktas\/lakas-liberon-bistrot-250ml\/#breadcrumb\"},\"inLanguage\":\"lt\",\"potentialAction\":[{\"@type\":\"ReadAction\",\"target\":[\"https:\/\/hobstop.ee\/lt\/produktas\/lakas-liberon-bistrot-250ml\/\"]}]},{\"@type\":\"ImageObject\",\"inLanguage\":\"lt\",\"@id\":\"https:\/\/hobstop.ee\/lt\/produktas\/lakas-liberon-bistrot-250ml\/#primaryimage\",\"url\":\"https:\/\/hobstop.ee\/media\/2504.jpg\",\"contentUrl\":\"https:\/\/hobstop.ee\/media\/2504.jpg\",\"width\":1024,\"height\":768},{\"@type\":\"BreadcrumbList\",\"@id\":\"https:\/\/hobstop.ee\/lt\/produktas\/lakas-liberon-bistrot-250ml\/#breadcrumb\",\"itemListElement\":[{\"@type\":\"ListItem\",\"position\":1,\"name\":\"Avaleht\",\"item\":\"https:\/\/hobstop.ee\/lt\/\"},{\"@type\":\"ListItem\",\"position\":2,\"name\":\"Parduotuv\u0117\",\"item\":\"https:\/\/hobstop.ee\/lt\/parduotuve\/\"},{\"@type\":\"ListItem\",\"position\":3,\"name\":\"Lakas Liberon Bistrot 250ml\"}]},{\"@type\":\"WebSite\",\"@id\":\"https:\/\/hobstop.ee\/lt\/#website\",\"url\":\"https:\/\/hobstop.ee\/lt\/\",\"name\":\"Skizze\",\"description\":\"Dail\u0117s, pom\u0117gi\u0173 ir mokykliniai reikm\u0117nys\",\"publisher\":{\"@id\":\"https:\/\/hobstop.ee\/lt\/#organization\"},\"potentialAction\":[{\"@type\":\"SearchAction\",\"target\":{\"@type\":\"EntryPoint\",\"urlTemplate\":\"https:\/\/hobstop.ee\/lt\/?s={search_term_string}\"},\"query-input\":{\"@type\":\"PropertyValueSpecification\",\"valueRequired\":true,\"valueName\":\"search_term_string\"}}],\"inLanguage\":\"lt\"},{\"@type\":\"Organization\",\"@id\":\"https:\/\/hobstop.ee\/lt\/#organization\",\"name\":\"Vunder AS\",\"url\":\"https:\/\/hobstop.ee\/lt\/\",\"logo\":{\"@type\":\"ImageObject\",\"inLanguage\":\"lt\",\"@id\":\"https:\/\/hobstop.ee\/lt\/#\/schema\/logo\/image\/\",\"url\":\"https:\/\/hobstop.ee\/media\/vunder-logo.png\",\"contentUrl\":\"https:\/\/hobstop.ee\/media\/vunder-logo.png\",\"width\":127,\"height\":55,\"caption\":\"Vunder AS\"},\"image\":{\"@id\":\"https:\/\/hobstop.ee\/lt\/#\/schema\/logo\/image\/\"},\"sameAs\":[\"http:\/\/www.facebook.com\/VunderSkizze\"]}]}<\/script>\n<!-- \/ Yoast SEO plugin. -->","yoast_head_json":{"title":"Lakas Liberon Bistrot 250ml &#8211; Skizze","robots":{"index":"noindex","follow":"follow","max-snippet":"max-snippet:-1","max-image-preview":"max-image-preview:large","max-video-preview":"max-video-preview:-1"},"og_locale":"lt_LT","og_type":"article","og_title":"Lakas Liberon Bistrot 250ml &#8211; Skizze","og_description":"Patvarus bald\u0173 ir restoran\u0173 \u012frangos lakas. Poliuretano lakas BISTROT medien\u0105 padengia itin kietu ir patvariu apsauginiu sluoksniu. Tinka naudoti visiems nam\u0173 baldams, taip pat virtuv\u0117je ir vonios kambaryje. Nulakuoti pavir\u0161iai yra atspar\u016bs kar\u0161\u010diui, dr\u0117gmei ir alkoholiui. Dengiamumas: 10m\u00b2\/L D\u017eiuvimo laikas: 24 val. Darbo priemon\u0117: teptukas Darbo priemoni\u0173 valymas: vaitspiritas","og_url":"https:\/\/hobstop.ee\/lt\/produktas\/lakas-liberon-bistrot-250ml\/","og_site_name":"Skizze","article_publisher":"http:\/\/www.facebook.com\/VunderSkizze","og_image":[{"width":1024,"height":768,"url":"https:\/\/hobstop.ee\/media\/2504.jpg","type":"image\/jpeg"}],"twitter_card":"summary_large_image","schema":{"@context":"https:\/\/schema.org","@graph":[{"@type":"WebPage","@id":"https:\/\/hobstop.ee\/lt\/produktas\/lakas-liberon-bistrot-250ml\/","url":"https:\/\/hobstop.ee\/lt\/produktas\/lakas-liberon-bistrot-250ml\/","name":"Lakas Liberon Bistrot 250ml &#8211; Skizze","isPartOf":{"@id":"https:\/\/hobstop.ee\/lt\/#website"},"primaryImageOfPage":{"@id":"https:\/\/hobstop.ee\/lt\/produktas\/lakas-liberon-bistrot-250ml\/#primaryimage"},"image":{"@id":"https:\/\/hobstop.ee\/lt\/produktas\/lakas-liberon-bistrot-250ml\/#primaryimage"},"thumbnailUrl":"https:\/\/hobstop.ee\/media\/2504.jpg","datePublished":"2015-07-03T20:00:44+00:00","dateModified":"2015-07-03T20:00:44+00:00","breadcrumb":{"@id":"https:\/\/hobstop.ee\/lt\/produktas\/lakas-liberon-bistrot-250ml\/#breadcrumb"},"inLanguage":"lt","potentialAction":[{"@type":"ReadAction","target":["https:\/\/hobstop.ee\/lt\/produktas\/lakas-liberon-bistrot-250ml\/"]}]},{"@type":"ImageObject","inLanguage":"lt","@id":"https:\/\/hobstop.ee\/lt\/produktas\/lakas-liberon-bistrot-250ml\/#primaryimage","url":"https:\/\/hobstop.ee\/media\/2504.jpg","contentUrl":"https:\/\/hobstop.ee\/media\/2504.jpg","width":1024,"height":768},{"@type":"BreadcrumbList","@id":"https:\/\/hobstop.ee\/lt\/produktas\/lakas-liberon-bistrot-250ml\/#breadcrumb","itemListElement":[{"@type":"ListItem","position":1,"name":"Avaleht","item":"https:\/\/hobstop.ee\/lt\/"},{"@type":"ListItem","position":2,"name":"Parduotuv\u0117","item":"https:\/\/hobstop.ee\/lt\/parduotuve\/"},{"@type":"ListItem","position":3,"name":"Lakas Liberon Bistrot 250ml"}]},{"@type":"WebSite","@id":"https:\/\/hobstop.ee\/lt\/#website","url":"https:\/\/hobstop.ee\/lt\/","name":"Skizze","description":"Dail\u0117s, pom\u0117gi\u0173 ir mokykliniai reikm\u0117nys","publisher":{"@id":"https:\/\/hobstop.ee\/lt\/#organization"},"potentialAction":[{"@type":"SearchAction","target":{"@type":"EntryPoint","urlTemplate":"https:\/\/hobstop.ee\/lt\/?s={search_term_string}"},"query-input":{"@type":"PropertyValueSpecification","valueRequired":true,"valueName":"search_term_string"}}],"inLanguage":"lt"},{"@type":"Organization","@id":"https:\/\/hobstop.ee\/lt\/#organization","name":"Vunder AS","url":"https:\/\/hobstop.ee\/lt\/","logo":{"@type":"ImageObject","inLanguage":"lt","@id":"https:\/\/hobstop.ee\/lt\/#\/schema\/logo\/image\/","url":"https:\/\/hobstop.ee\/media\/vunder-logo.png","contentUrl":"https:\/\/hobstop.ee\/media\/vunder-logo.png","width":127,"height":55,"caption":"Vunder AS"},"image":{"@id":"https:\/\/hobstop.ee\/lt\/#\/schema\/logo\/image\/"},"sameAs":["http:\/\/www.facebook.com\/VunderSkizze"]}]}},"_links":{"self":[{"href":"https:\/\/hobstop.ee\/lt\/wp-json\/wp\/v2\/product\/130011","targetHints":{"allow":["GET"]}}],"collection":[{"href":"https:\/\/hobstop.ee\/lt\/wp-json\/wp\/v2\/product"}],"about":[{"href":"https:\/\/hobstop.ee\/lt\/wp-json\/wp\/v2\/types\/product"}],"replies":[{"embeddable":true,"href":"https:\/\/hobstop.ee\/lt\/wp-json\/wp\/v2\/comments?post=130011"}],"wp:featuredmedia":[{"embeddable":true,"href":"https:\/\/hobstop.ee\/lt\/wp-json\/wp\/v2\/media\/104939"}],"wp:attachment":[{"href":"https:\/\/hobstop.ee\/lt\/wp-json\/wp\/v2\/media?parent=130011"}],"wp:term":[{"taxonomy":"product_cat","embeddable":true,"href":"https:\/\/hobstop.ee\/lt\/wp-json\/wp\/v2\/product_cat?post=130011"},{"taxonomy":"product_tag","embeddable":true,"href":"https:\/\/hobstop.ee\/lt\/wp-json\/wp\/v2\/product_tag?post=130011"}],"curies":[{"name":"wp","href":"https:\/\/api.w.org\/{rel}","templated":true}]}}