{"id":136414,"date":"2015-07-04T14:18:32","date_gmt":"2015-07-04T11:18:32","guid":{"rendered":"http:\/\/vunder-ee.sn25.zone.eu\/lt\/product\/skylamusiai-maped-essentials-metal\/"},"modified":"2015-07-04T14:18:32","modified_gmt":"2015-07-04T11:18:32","slug":"skylamusiai-maped-essentials-metal","status":"publish","type":"product","link":"https:\/\/hobstop.ee\/lt\/produktas\/skylamusiai-maped-essentials-metal\/","title":{"rendered":"Skylamu\u0161iai Maped Essentials Metal"},"content":{"rendered":"<p>\u201eEssentials\u201c linijai priklausantis \u201eMaped Office\u201c pakeis J\u016bs\u0173 profesionali\u0105 aplink\u0105 \u2013 kasdienin\u012f darb\u0105 palengvinantis techninis ir dizaino produktas. Metaliniame skylamu\u0161yje yra kreipiklis \u012fvairiems popieriaus formatams, tod\u0117l naudojant special\u0173 \u017eied\u0105, skyl\u0117s mu\u0161amos greitai ir tiksliai. Optimizuota popieriaus sulygiavimo sistema. Dabar tur\u0117site visk\u0105, ko tik reikia skland\u017eiam darbui!<\/p>\n","protected":false},"excerpt":{"rendered":"<p>\u201eEssentials\u201c linijai priklausantis \u201eMaped Office\u201c pakeis J\u016bs\u0173 profesionali\u0105 aplink\u0105 \u2013 kasdienin\u012f darb\u0105 palengvinantis techninis ir dizaino produktas. Metaliniame skylamu\u0161yje yra kreipiklis \u012fvairiems popieriaus formatams, tod\u0117l naudojant special\u0173 \u017eied\u0105, skyl\u0117s mu\u0161amos greitai ir tiksliai. Optimizuota popieriaus sulygiavimo sistema. Dabar tur\u0117site visk\u0105, ko tik reikia skland\u017eiam darbui!<\/p>\n","protected":false},"featured_media":160037,"comment_status":"closed","ping_status":"closed","template":"","meta":{"_acf_changed":false,"ep_exclude_from_search":false},"product_cat":[18920,17914,19704],"product_tag":[],"class_list":{"0":"post-136414","1":"product","2":"type-product","3":"status-publish","4":"has-post-thumbnail","6":"product_cat-biuro-reikmenys","7":"product_cat-rastines-prekes","8":"product_cat-skylamusiai","10":"first","11":"instock","12":"sale","13":"taxable","14":"shipping-taxable","15":"purchasable","16":"product-type-variable"},"acf":[],"yoast_head":"<!-- This site is optimized with the Yoast SEO plugin v24.1 - https:\/\/yoast.com\/wordpress\/plugins\/seo\/ -->\n<title>Skylamu\u0161iai Maped Essentials Metal &#8211; Skizze<\/title>\n<meta name=\"robots\" content=\"noindex, follow, max-snippet:-1, max-image-preview:large, max-video-preview:-1\" \/>\n<meta property=\"og:locale\" content=\"lt_LT\" \/>\n<meta property=\"og:type\" content=\"article\" \/>\n<meta property=\"og:title\" content=\"Skylamu\u0161iai Maped Essentials Metal &#8211; Skizze\" \/>\n<meta property=\"og:description\" content=\"\u201eEssentials\u201c linijai priklausantis \u201eMaped Office\u201c pakeis J\u016bs\u0173 profesionali\u0105 aplink\u0105 \u2013 kasdienin\u012f darb\u0105 palengvinantis techninis ir dizaino produktas. Metaliniame skylamu\u0161yje yra kreipiklis \u012fvairiems popieriaus formatams, tod\u0117l naudojant special\u0173 \u017eied\u0105, skyl\u0117s mu\u0161amos greitai ir tiksliai. Optimizuota popieriaus sulygiavimo sistema. Dabar tur\u0117site visk\u0105, ko tik reikia skland\u017eiam darbui!\" \/>\n<meta property=\"og:url\" content=\"https:\/\/hobstop.ee\/lt\/produktas\/skylamusiai-maped-essentials-metal\/\" \/>\n<meta property=\"og:site_name\" content=\"Skizze\" \/>\n<meta property=\"article:publisher\" content=\"http:\/\/www.facebook.com\/VunderSkizze\" \/>\n<meta property=\"og:image\" content=\"https:\/\/hobstop.ee\/media\/3709.jpg\" \/>\n\t<meta property=\"og:image:width\" content=\"1024\" \/>\n\t<meta property=\"og:image:height\" content=\"768\" \/>\n\t<meta property=\"og:image:type\" content=\"image\/jpeg\" \/>\n<meta name=\"twitter:card\" content=\"summary_large_image\" \/>\n<script type=\"application\/ld+json\" class=\"yoast-schema-graph\">{\"@context\":\"https:\/\/schema.org\",\"@graph\":[{\"@type\":\"WebPage\",\"@id\":\"https:\/\/hobstop.ee\/lt\/produktas\/skylamusiai-maped-essentials-metal\/\",\"url\":\"https:\/\/hobstop.ee\/lt\/produktas\/skylamusiai-maped-essentials-metal\/\",\"name\":\"Skylamu\u0161iai Maped Essentials Metal &#8211; Skizze\",\"isPartOf\":{\"@id\":\"https:\/\/hobstop.ee\/lt\/#website\"},\"primaryImageOfPage\":{\"@id\":\"https:\/\/hobstop.ee\/lt\/produktas\/skylamusiai-maped-essentials-metal\/#primaryimage\"},\"image\":{\"@id\":\"https:\/\/hobstop.ee\/lt\/produktas\/skylamusiai-maped-essentials-metal\/#primaryimage\"},\"thumbnailUrl\":\"https:\/\/hobstop.ee\/media\/3709.jpg\",\"datePublished\":\"2015-07-04T11:18:32+00:00\",\"dateModified\":\"2015-07-04T11:18:32+00:00\",\"breadcrumb\":{\"@id\":\"https:\/\/hobstop.ee\/lt\/produktas\/skylamusiai-maped-essentials-metal\/#breadcrumb\"},\"inLanguage\":\"lt\",\"potentialAction\":[{\"@type\":\"ReadAction\",\"target\":[\"https:\/\/hobstop.ee\/lt\/produktas\/skylamusiai-maped-essentials-metal\/\"]}]},{\"@type\":\"ImageObject\",\"inLanguage\":\"lt\",\"@id\":\"https:\/\/hobstop.ee\/lt\/produktas\/skylamusiai-maped-essentials-metal\/#primaryimage\",\"url\":\"https:\/\/hobstop.ee\/media\/3709.jpg\",\"contentUrl\":\"https:\/\/hobstop.ee\/media\/3709.jpg\",\"width\":1024,\"height\":768},{\"@type\":\"BreadcrumbList\",\"@id\":\"https:\/\/hobstop.ee\/lt\/produktas\/skylamusiai-maped-essentials-metal\/#breadcrumb\",\"itemListElement\":[{\"@type\":\"ListItem\",\"position\":1,\"name\":\"Avaleht\",\"item\":\"https:\/\/hobstop.ee\/lt\/\"},{\"@type\":\"ListItem\",\"position\":2,\"name\":\"Parduotuv\u0117\",\"item\":\"https:\/\/hobstop.ee\/lt\/parduotuve\/\"},{\"@type\":\"ListItem\",\"position\":3,\"name\":\"Skylamu\u0161iai Maped Essentials Metal\"}]},{\"@type\":\"WebSite\",\"@id\":\"https:\/\/hobstop.ee\/lt\/#website\",\"url\":\"https:\/\/hobstop.ee\/lt\/\",\"name\":\"Skizze\",\"description\":\"Dail\u0117s, pom\u0117gi\u0173 ir mokykliniai reikm\u0117nys\",\"publisher\":{\"@id\":\"https:\/\/hobstop.ee\/lt\/#organization\"},\"potentialAction\":[{\"@type\":\"SearchAction\",\"target\":{\"@type\":\"EntryPoint\",\"urlTemplate\":\"https:\/\/hobstop.ee\/lt\/?s={search_term_string}\"},\"query-input\":{\"@type\":\"PropertyValueSpecification\",\"valueRequired\":true,\"valueName\":\"search_term_string\"}}],\"inLanguage\":\"lt\"},{\"@type\":\"Organization\",\"@id\":\"https:\/\/hobstop.ee\/lt\/#organization\",\"name\":\"Vunder AS\",\"url\":\"https:\/\/hobstop.ee\/lt\/\",\"logo\":{\"@type\":\"ImageObject\",\"inLanguage\":\"lt\",\"@id\":\"https:\/\/hobstop.ee\/lt\/#\/schema\/logo\/image\/\",\"url\":\"https:\/\/hobstop.ee\/media\/vunder-logo.png\",\"contentUrl\":\"https:\/\/hobstop.ee\/media\/vunder-logo.png\",\"width\":127,\"height\":55,\"caption\":\"Vunder AS\"},\"image\":{\"@id\":\"https:\/\/hobstop.ee\/lt\/#\/schema\/logo\/image\/\"},\"sameAs\":[\"http:\/\/www.facebook.com\/VunderSkizze\"]}]}<\/script>\n<!-- \/ Yoast SEO plugin. -->","yoast_head_json":{"title":"Skylamu\u0161iai Maped Essentials Metal &#8211; Skizze","robots":{"index":"noindex","follow":"follow","max-snippet":"max-snippet:-1","max-image-preview":"max-image-preview:large","max-video-preview":"max-video-preview:-1"},"og_locale":"lt_LT","og_type":"article","og_title":"Skylamu\u0161iai Maped Essentials Metal &#8211; Skizze","og_description":"\u201eEssentials\u201c linijai priklausantis \u201eMaped Office\u201c pakeis J\u016bs\u0173 profesionali\u0105 aplink\u0105 \u2013 kasdienin\u012f darb\u0105 palengvinantis techninis ir dizaino produktas. Metaliniame skylamu\u0161yje yra kreipiklis \u012fvairiems popieriaus formatams, tod\u0117l naudojant special\u0173 \u017eied\u0105, skyl\u0117s mu\u0161amos greitai ir tiksliai. Optimizuota popieriaus sulygiavimo sistema. Dabar tur\u0117site visk\u0105, ko tik reikia skland\u017eiam darbui!","og_url":"https:\/\/hobstop.ee\/lt\/produktas\/skylamusiai-maped-essentials-metal\/","og_site_name":"Skizze","article_publisher":"http:\/\/www.facebook.com\/VunderSkizze","og_image":[{"width":1024,"height":768,"url":"https:\/\/hobstop.ee\/media\/3709.jpg","type":"image\/jpeg"}],"twitter_card":"summary_large_image","schema":{"@context":"https:\/\/schema.org","@graph":[{"@type":"WebPage","@id":"https:\/\/hobstop.ee\/lt\/produktas\/skylamusiai-maped-essentials-metal\/","url":"https:\/\/hobstop.ee\/lt\/produktas\/skylamusiai-maped-essentials-metal\/","name":"Skylamu\u0161iai Maped Essentials Metal &#8211; Skizze","isPartOf":{"@id":"https:\/\/hobstop.ee\/lt\/#website"},"primaryImageOfPage":{"@id":"https:\/\/hobstop.ee\/lt\/produktas\/skylamusiai-maped-essentials-metal\/#primaryimage"},"image":{"@id":"https:\/\/hobstop.ee\/lt\/produktas\/skylamusiai-maped-essentials-metal\/#primaryimage"},"thumbnailUrl":"https:\/\/hobstop.ee\/media\/3709.jpg","datePublished":"2015-07-04T11:18:32+00:00","dateModified":"2015-07-04T11:18:32+00:00","breadcrumb":{"@id":"https:\/\/hobstop.ee\/lt\/produktas\/skylamusiai-maped-essentials-metal\/#breadcrumb"},"inLanguage":"lt","potentialAction":[{"@type":"ReadAction","target":["https:\/\/hobstop.ee\/lt\/produktas\/skylamusiai-maped-essentials-metal\/"]}]},{"@type":"ImageObject","inLanguage":"lt","@id":"https:\/\/hobstop.ee\/lt\/produktas\/skylamusiai-maped-essentials-metal\/#primaryimage","url":"https:\/\/hobstop.ee\/media\/3709.jpg","contentUrl":"https:\/\/hobstop.ee\/media\/3709.jpg","width":1024,"height":768},{"@type":"BreadcrumbList","@id":"https:\/\/hobstop.ee\/lt\/produktas\/skylamusiai-maped-essentials-metal\/#breadcrumb","itemListElement":[{"@type":"ListItem","position":1,"name":"Avaleht","item":"https:\/\/hobstop.ee\/lt\/"},{"@type":"ListItem","position":2,"name":"Parduotuv\u0117","item":"https:\/\/hobstop.ee\/lt\/parduotuve\/"},{"@type":"ListItem","position":3,"name":"Skylamu\u0161iai Maped Essentials Metal"}]},{"@type":"WebSite","@id":"https:\/\/hobstop.ee\/lt\/#website","url":"https:\/\/hobstop.ee\/lt\/","name":"Skizze","description":"Dail\u0117s, pom\u0117gi\u0173 ir mokykliniai reikm\u0117nys","publisher":{"@id":"https:\/\/hobstop.ee\/lt\/#organization"},"potentialAction":[{"@type":"SearchAction","target":{"@type":"EntryPoint","urlTemplate":"https:\/\/hobstop.ee\/lt\/?s={search_term_string}"},"query-input":{"@type":"PropertyValueSpecification","valueRequired":true,"valueName":"search_term_string"}}],"inLanguage":"lt"},{"@type":"Organization","@id":"https:\/\/hobstop.ee\/lt\/#organization","name":"Vunder AS","url":"https:\/\/hobstop.ee\/lt\/","logo":{"@type":"ImageObject","inLanguage":"lt","@id":"https:\/\/hobstop.ee\/lt\/#\/schema\/logo\/image\/","url":"https:\/\/hobstop.ee\/media\/vunder-logo.png","contentUrl":"https:\/\/hobstop.ee\/media\/vunder-logo.png","width":127,"height":55,"caption":"Vunder AS"},"image":{"@id":"https:\/\/hobstop.ee\/lt\/#\/schema\/logo\/image\/"},"sameAs":["http:\/\/www.facebook.com\/VunderSkizze"]}]}},"_links":{"self":[{"href":"https:\/\/hobstop.ee\/lt\/wp-json\/wp\/v2\/product\/136414","targetHints":{"allow":["GET"]}}],"collection":[{"href":"https:\/\/hobstop.ee\/lt\/wp-json\/wp\/v2\/product"}],"about":[{"href":"https:\/\/hobstop.ee\/lt\/wp-json\/wp\/v2\/types\/product"}],"replies":[{"embeddable":true,"href":"https:\/\/hobstop.ee\/lt\/wp-json\/wp\/v2\/comments?post=136414"}],"wp:featuredmedia":[{"embeddable":true,"href":"https:\/\/hobstop.ee\/lt\/wp-json\/wp\/v2\/media\/160037"}],"wp:attachment":[{"href":"https:\/\/hobstop.ee\/lt\/wp-json\/wp\/v2\/media?parent=136414"}],"wp:term":[{"taxonomy":"product_cat","embeddable":true,"href":"https:\/\/hobstop.ee\/lt\/wp-json\/wp\/v2\/product_cat?post=136414"},{"taxonomy":"product_tag","embeddable":true,"href":"https:\/\/hobstop.ee\/lt\/wp-json\/wp\/v2\/product_tag?post=136414"}],"curies":[{"name":"wp","href":"https:\/\/api.w.org\/{rel}","templated":true}]}}