{"id":137529,"date":"2015-07-04T17:17:02","date_gmt":"2015-07-04T14:17:02","guid":{"rendered":"http:\/\/vunder-ee.sn25.zone.eu\/lt\/product\/drobe-ritinyje-caravaggio-gruntuota-linas-514\/"},"modified":"2015-07-04T17:17:02","modified_gmt":"2015-07-04T14:17:02","slug":"drobe-ritinyje-caravaggio-gruntuota-linas-514","status":"publish","type":"product","link":"https:\/\/hobstop.ee\/lt\/produktas\/drobe-ritinyje-caravaggio-gruntuota-linas-514\/","title":{"rendered":"Drob\u0117 ritinyje Caravaggio gruntuota linas 514"},"content":{"rendered":"<p>Du kartus gruntuota linin\u0117 tapybos drob\u0117. Universalus gruntas aliejiniams, akriliniams da\u017eams ir temperai. Itin smulki tekst\u016bra ir tvirtas tankus audinys yra specialiai sukurtas lygiam pavir\u0161iui, tod\u0117l drob\u0117 labai tinka portretams tapyti. Rulone yra 10m.<\/p>\n","protected":false},"excerpt":{"rendered":"<p>Du kartus gruntuota linin\u0117 tapybos drob\u0117. Universalus gruntas aliejiniams, akriliniams da\u017eams ir temperai. Itin smulki tekst\u016bra ir tvirtas tankus audinys yra specialiai sukurtas lygiam pavir\u0161iui, tod\u0117l drob\u0117 labai tinka portretams tapyti. Rulone yra 10m.<\/p>\n","protected":false},"featured_media":354988,"comment_status":"closed","ping_status":"closed","template":"","meta":{"_acf_changed":false,"ep_exclude_from_search":false},"product_cat":[16124,17978,18350],"product_tag":[],"class_list":{"0":"post-137529","1":"product","2":"type-product","3":"status-publish","4":"has-post-thumbnail","6":"product_cat-dailes-prekes","7":"product_cat-drobes-ir-tapybos-priedai","8":"product_cat-drobes-ritiniuose","10":"first","11":"instock","12":"taxable","13":"shipping-taxable","14":"purchasable","15":"product-type-variable"},"acf":[],"yoast_head":"<!-- This site is optimized with the Yoast SEO plugin v24.1 - https:\/\/yoast.com\/wordpress\/plugins\/seo\/ -->\n<title>Drob\u0117 ritinyje Caravaggio gruntuota linas 514 &#8211; Skizze<\/title>\n<meta name=\"robots\" content=\"noindex, follow, max-snippet:-1, max-image-preview:large, max-video-preview:-1\" \/>\n<meta property=\"og:locale\" content=\"lt_LT\" \/>\n<meta property=\"og:type\" content=\"article\" \/>\n<meta property=\"og:title\" content=\"Drob\u0117 ritinyje Caravaggio gruntuota linas 514 &#8211; Skizze\" \/>\n<meta property=\"og:description\" content=\"Du kartus gruntuota linin\u0117 tapybos drob\u0117. Universalus gruntas aliejiniams, akriliniams da\u017eams ir temperai. Itin smulki tekst\u016bra ir tvirtas tankus audinys yra specialiai sukurtas lygiam pavir\u0161iui, tod\u0117l drob\u0117 labai tinka portretams tapyti. Rulone yra 10m.\" \/>\n<meta property=\"og:url\" content=\"https:\/\/hobstop.ee\/lt\/produktas\/drobe-ritinyje-caravaggio-gruntuota-linas-514\/\" \/>\n<meta property=\"og:site_name\" content=\"Skizze\" \/>\n<meta property=\"article:publisher\" content=\"http:\/\/www.facebook.com\/VunderSkizze\" \/>\n<meta property=\"og:image\" content=\"https:\/\/www.hobstop.ee\/media\/3954.jpg\" \/>\n\t<meta property=\"og:image:width\" content=\"1024\" \/>\n\t<meta property=\"og:image:height\" content=\"768\" \/>\n\t<meta property=\"og:image:type\" content=\"image\/jpeg\" \/>\n<meta name=\"twitter:card\" content=\"summary_large_image\" \/>\n<script type=\"application\/ld+json\" class=\"yoast-schema-graph\">{\"@context\":\"https:\/\/schema.org\",\"@graph\":[{\"@type\":\"WebPage\",\"@id\":\"https:\/\/hobstop.ee\/lt\/produktas\/drobe-ritinyje-caravaggio-gruntuota-linas-514\/\",\"url\":\"https:\/\/hobstop.ee\/lt\/produktas\/drobe-ritinyje-caravaggio-gruntuota-linas-514\/\",\"name\":\"Drob\u0117 ritinyje Caravaggio gruntuota linas 514 &#8211; Skizze\",\"isPartOf\":{\"@id\":\"https:\/\/hobstop.ee\/lt\/#website\"},\"primaryImageOfPage\":{\"@id\":\"https:\/\/hobstop.ee\/lt\/produktas\/drobe-ritinyje-caravaggio-gruntuota-linas-514\/#primaryimage\"},\"image\":{\"@id\":\"https:\/\/hobstop.ee\/lt\/produktas\/drobe-ritinyje-caravaggio-gruntuota-linas-514\/#primaryimage\"},\"thumbnailUrl\":\"https:\/\/hobstop.ee\/media\/3954.jpg\",\"datePublished\":\"2015-07-04T14:17:02+00:00\",\"dateModified\":\"2015-07-04T14:17:02+00:00\",\"breadcrumb\":{\"@id\":\"https:\/\/hobstop.ee\/lt\/produktas\/drobe-ritinyje-caravaggio-gruntuota-linas-514\/#breadcrumb\"},\"inLanguage\":\"lt\",\"potentialAction\":[{\"@type\":\"ReadAction\",\"target\":[\"https:\/\/hobstop.ee\/lt\/produktas\/drobe-ritinyje-caravaggio-gruntuota-linas-514\/\"]}]},{\"@type\":\"ImageObject\",\"inLanguage\":\"lt\",\"@id\":\"https:\/\/hobstop.ee\/lt\/produktas\/drobe-ritinyje-caravaggio-gruntuota-linas-514\/#primaryimage\",\"url\":\"https:\/\/hobstop.ee\/media\/3954.jpg\",\"contentUrl\":\"https:\/\/hobstop.ee\/media\/3954.jpg\",\"width\":1024,\"height\":768},{\"@type\":\"BreadcrumbList\",\"@id\":\"https:\/\/hobstop.ee\/lt\/produktas\/drobe-ritinyje-caravaggio-gruntuota-linas-514\/#breadcrumb\",\"itemListElement\":[{\"@type\":\"ListItem\",\"position\":1,\"name\":\"Avaleht\",\"item\":\"https:\/\/hobstop.ee\/lt\/\"},{\"@type\":\"ListItem\",\"position\":2,\"name\":\"Parduotuv\u0117\",\"item\":\"https:\/\/hobstop.ee\/lt\/parduotuve\/\"},{\"@type\":\"ListItem\",\"position\":3,\"name\":\"Drob\u0117 ritinyje Caravaggio gruntuota linas 514\"}]},{\"@type\":\"WebSite\",\"@id\":\"https:\/\/hobstop.ee\/lt\/#website\",\"url\":\"https:\/\/hobstop.ee\/lt\/\",\"name\":\"Skizze\",\"description\":\"Dail\u0117s, pom\u0117gi\u0173 ir mokykliniai reikm\u0117nys\",\"publisher\":{\"@id\":\"https:\/\/hobstop.ee\/lt\/#organization\"},\"potentialAction\":[{\"@type\":\"SearchAction\",\"target\":{\"@type\":\"EntryPoint\",\"urlTemplate\":\"https:\/\/hobstop.ee\/lt\/?s={search_term_string}\"},\"query-input\":{\"@type\":\"PropertyValueSpecification\",\"valueRequired\":true,\"valueName\":\"search_term_string\"}}],\"inLanguage\":\"lt\"},{\"@type\":\"Organization\",\"@id\":\"https:\/\/hobstop.ee\/lt\/#organization\",\"name\":\"Vunder AS\",\"url\":\"https:\/\/hobstop.ee\/lt\/\",\"logo\":{\"@type\":\"ImageObject\",\"inLanguage\":\"lt\",\"@id\":\"https:\/\/hobstop.ee\/lt\/#\/schema\/logo\/image\/\",\"url\":\"https:\/\/hobstop.ee\/media\/vunder-logo.png\",\"contentUrl\":\"https:\/\/hobstop.ee\/media\/vunder-logo.png\",\"width\":127,\"height\":55,\"caption\":\"Vunder AS\"},\"image\":{\"@id\":\"https:\/\/hobstop.ee\/lt\/#\/schema\/logo\/image\/\"},\"sameAs\":[\"http:\/\/www.facebook.com\/VunderSkizze\"]}]}<\/script>\n<!-- \/ Yoast SEO plugin. -->","yoast_head_json":{"title":"Drob\u0117 ritinyje Caravaggio gruntuota linas 514 &#8211; Skizze","robots":{"index":"noindex","follow":"follow","max-snippet":"max-snippet:-1","max-image-preview":"max-image-preview:large","max-video-preview":"max-video-preview:-1"},"og_locale":"lt_LT","og_type":"article","og_title":"Drob\u0117 ritinyje Caravaggio gruntuota linas 514 &#8211; Skizze","og_description":"Du kartus gruntuota linin\u0117 tapybos drob\u0117. Universalus gruntas aliejiniams, akriliniams da\u017eams ir temperai. Itin smulki tekst\u016bra ir tvirtas tankus audinys yra specialiai sukurtas lygiam pavir\u0161iui, tod\u0117l drob\u0117 labai tinka portretams tapyti. Rulone yra 10m.","og_url":"https:\/\/hobstop.ee\/lt\/produktas\/drobe-ritinyje-caravaggio-gruntuota-linas-514\/","og_site_name":"Skizze","article_publisher":"http:\/\/www.facebook.com\/VunderSkizze","og_image":[{"width":1024,"height":768,"url":"https:\/\/www.hobstop.ee\/media\/3954.jpg","type":"image\/jpeg"}],"twitter_card":"summary_large_image","schema":{"@context":"https:\/\/schema.org","@graph":[{"@type":"WebPage","@id":"https:\/\/hobstop.ee\/lt\/produktas\/drobe-ritinyje-caravaggio-gruntuota-linas-514\/","url":"https:\/\/hobstop.ee\/lt\/produktas\/drobe-ritinyje-caravaggio-gruntuota-linas-514\/","name":"Drob\u0117 ritinyje Caravaggio gruntuota linas 514 &#8211; Skizze","isPartOf":{"@id":"https:\/\/hobstop.ee\/lt\/#website"},"primaryImageOfPage":{"@id":"https:\/\/hobstop.ee\/lt\/produktas\/drobe-ritinyje-caravaggio-gruntuota-linas-514\/#primaryimage"},"image":{"@id":"https:\/\/hobstop.ee\/lt\/produktas\/drobe-ritinyje-caravaggio-gruntuota-linas-514\/#primaryimage"},"thumbnailUrl":"https:\/\/hobstop.ee\/media\/3954.jpg","datePublished":"2015-07-04T14:17:02+00:00","dateModified":"2015-07-04T14:17:02+00:00","breadcrumb":{"@id":"https:\/\/hobstop.ee\/lt\/produktas\/drobe-ritinyje-caravaggio-gruntuota-linas-514\/#breadcrumb"},"inLanguage":"lt","potentialAction":[{"@type":"ReadAction","target":["https:\/\/hobstop.ee\/lt\/produktas\/drobe-ritinyje-caravaggio-gruntuota-linas-514\/"]}]},{"@type":"ImageObject","inLanguage":"lt","@id":"https:\/\/hobstop.ee\/lt\/produktas\/drobe-ritinyje-caravaggio-gruntuota-linas-514\/#primaryimage","url":"https:\/\/hobstop.ee\/media\/3954.jpg","contentUrl":"https:\/\/hobstop.ee\/media\/3954.jpg","width":1024,"height":768},{"@type":"BreadcrumbList","@id":"https:\/\/hobstop.ee\/lt\/produktas\/drobe-ritinyje-caravaggio-gruntuota-linas-514\/#breadcrumb","itemListElement":[{"@type":"ListItem","position":1,"name":"Avaleht","item":"https:\/\/hobstop.ee\/lt\/"},{"@type":"ListItem","position":2,"name":"Parduotuv\u0117","item":"https:\/\/hobstop.ee\/lt\/parduotuve\/"},{"@type":"ListItem","position":3,"name":"Drob\u0117 ritinyje Caravaggio gruntuota linas 514"}]},{"@type":"WebSite","@id":"https:\/\/hobstop.ee\/lt\/#website","url":"https:\/\/hobstop.ee\/lt\/","name":"Skizze","description":"Dail\u0117s, pom\u0117gi\u0173 ir mokykliniai reikm\u0117nys","publisher":{"@id":"https:\/\/hobstop.ee\/lt\/#organization"},"potentialAction":[{"@type":"SearchAction","target":{"@type":"EntryPoint","urlTemplate":"https:\/\/hobstop.ee\/lt\/?s={search_term_string}"},"query-input":{"@type":"PropertyValueSpecification","valueRequired":true,"valueName":"search_term_string"}}],"inLanguage":"lt"},{"@type":"Organization","@id":"https:\/\/hobstop.ee\/lt\/#organization","name":"Vunder AS","url":"https:\/\/hobstop.ee\/lt\/","logo":{"@type":"ImageObject","inLanguage":"lt","@id":"https:\/\/hobstop.ee\/lt\/#\/schema\/logo\/image\/","url":"https:\/\/hobstop.ee\/media\/vunder-logo.png","contentUrl":"https:\/\/hobstop.ee\/media\/vunder-logo.png","width":127,"height":55,"caption":"Vunder AS"},"image":{"@id":"https:\/\/hobstop.ee\/lt\/#\/schema\/logo\/image\/"},"sameAs":["http:\/\/www.facebook.com\/VunderSkizze"]}]}},"_links":{"self":[{"href":"https:\/\/hobstop.ee\/lt\/wp-json\/wp\/v2\/product\/137529","targetHints":{"allow":["GET"]}}],"collection":[{"href":"https:\/\/hobstop.ee\/lt\/wp-json\/wp\/v2\/product"}],"about":[{"href":"https:\/\/hobstop.ee\/lt\/wp-json\/wp\/v2\/types\/product"}],"replies":[{"embeddable":true,"href":"https:\/\/hobstop.ee\/lt\/wp-json\/wp\/v2\/comments?post=137529"}],"wp:featuredmedia":[{"embeddable":true,"href":"https:\/\/hobstop.ee\/lt\/wp-json\/wp\/v2\/media\/354988"}],"wp:attachment":[{"href":"https:\/\/hobstop.ee\/lt\/wp-json\/wp\/v2\/media?parent=137529"}],"wp:term":[{"taxonomy":"product_cat","embeddable":true,"href":"https:\/\/hobstop.ee\/lt\/wp-json\/wp\/v2\/product_cat?post=137529"},{"taxonomy":"product_tag","embeddable":true,"href":"https:\/\/hobstop.ee\/lt\/wp-json\/wp\/v2\/product_tag?post=137529"}],"curies":[{"name":"wp","href":"https:\/\/api.w.org\/{rel}","templated":true}]}}