{"id":137844,"date":"2015-07-04T20:23:27","date_gmt":"2015-07-04T17:23:27","guid":{"rendered":"http:\/\/vunder-ee.sn25.zone.eu\/lt\/product\/zaislinis-automobilis-automoblox-mini-rinkinys-s9-rc9-rc9-s\/"},"modified":"2015-07-04T20:23:27","modified_gmt":"2015-07-04T17:23:27","slug":"zaislinis-automobilis-automoblox-mini-rinkinys-s9-rc9-rc9-s","status":"publish","type":"product","link":"https:\/\/hobstop.ee\/lt\/produktas\/zaislinis-automobilis-automoblox-mini-rinkinys-s9-rc9-rc9-s\/","title":{"rendered":"\u017daislinis automobilis Automoblox Mini rinkinys S9-R\/C9-R\/C9-S"},"content":{"rendered":"<p>Visi trys automobiliai yra itin sporti\u0161kos i\u0161vaizdos, su \u0161auniais ratlankiais ir tiesiog kvap\u0105 u\u017egniau\u017eian\u010diai greiti. Sportinis kup\u0117 \u201eC9-S\u201c su oran\u017ein\u0117mis padangomis ir \u0161auniais ratlankiais. Sedanas \u201eS9-R\u201c ir kup\u0117 \u201eC9-R\u201c su priekiniais, \u0161oniniais ir galiniais aptakais, kurie padeda pagerinti aerodinamik\u0105.<br \/>\nDalys: k\u0117bulas (9 dalys), ratlankiai (12vnt.), padangos (12vnt.), stogas (3vnt.)<br \/>\n\u201eMini\u201c serijos automobili\u0173 vidutinis dydis: 10.8&#215;6.4&#215;4.1cm<\/p>\n<p>\u201eAutomoblox Mini\u201c yra suma\u017einta \u201eAutomoblox Original\u201c versija. Tikras ateities automobilis su retro atgarsiais, kuriuo \u0161aunu \u017eaisti, o jo formas liesti. \u201eMini\u201c modeliai turi universal\u0173 dali\u0173 jungikl\u012f, kuriuo galima sujungti \u012fvairias \u201eMini\u201c automobili\u0173 dalis. Automobilio k\u0117bulas yra pagamintas i\u0161 medienos. \u201eMini\u201c ir \u201eOriginals\u201c k\u0117bulo dali\u0173 viena su kita sujungti negalima.<br \/>\nVaikams vyresniems nei 3 met\u0173 vaikams, sud\u0117tyje yra smulki\u0173 dali\u0173.<\/p>\n","protected":false},"excerpt":{"rendered":"<p>Visi trys automobiliai yra itin sporti\u0161kos i\u0161vaizdos, su \u0161auniais ratlankiais ir tiesiog kvap\u0105 u\u017egniau\u017eian\u010diai greiti. Sportinis kup\u0117 \u201eC9-S\u201c su oran\u017ein\u0117mis padangomis ir \u0161auniais ratlankiais. Sedanas \u201eS9-R\u201c ir kup\u0117 \u201eC9-R\u201c su priekiniais, \u0161oniniais ir galiniais aptakais, kurie padeda pagerinti aerodinamik\u0105. Dalys: k\u0117bulas (9 dalys), ratlankiai (12vnt.), padangos (12vnt.), stogas (3vnt.) \u201eMini\u201c serijos automobili\u0173 vidutinis dydis: 10.8&#215;6.4&#215;4.1cm \u201eAutomoblox Mini\u201c yra suma\u017einta \u201eAutomoblox Original\u201c versija. Tikras ateities automobilis su retro atgarsiais, kuriuo \u0161aunu \u017eaisti, o jo formas liesti. \u201eMini\u201c modeliai turi universal\u0173 dali\u0173 jungikl\u012f, kuriuo galima sujungti \u012fvairias \u201eMini\u201c automobili\u0173 dalis. Automobilio k\u0117bulas yra pagamintas i\u0161 medienos. \u201eMini\u201c ir \u201eOriginals\u201c k\u0117bulo dali\u0173 viena su kita sujungti negalima. Vaikams vyresniems nei 3 met\u0173 vaikams, sud\u0117tyje yra smulki\u0173 dali\u0173.<\/p>\n","protected":false},"featured_media":204632,"comment_status":"closed","ping_status":"closed","template":"","meta":{"_acf_changed":false,"ep_exclude_from_search":false},"product_cat":[20028,19836,20031],"product_tag":[],"class_list":{"0":"post-137844","1":"product","2":"type-product","3":"status-publish","4":"has-post-thumbnail","6":"product_cat-ugdomieji-zaislai","7":"product_cat-vaiku-laisvalaikio-prekes","8":"product_cat-zaislines-masineles","10":"first","11":"instock","12":"taxable","13":"shipping-taxable","14":"purchasable","15":"product-type-variable"},"acf":[],"yoast_head":"<!-- This site is optimized with the Yoast SEO plugin v24.1 - https:\/\/yoast.com\/wordpress\/plugins\/seo\/ -->\n<title>\u017daislinis automobilis Automoblox Mini rinkinys S9-R\/C9-R\/C9-S &#8211; Skizze<\/title>\n<meta name=\"robots\" content=\"noindex, follow, max-snippet:-1, max-image-preview:large, max-video-preview:-1\" \/>\n<meta property=\"og:locale\" content=\"lt_LT\" \/>\n<meta property=\"og:type\" content=\"article\" \/>\n<meta property=\"og:title\" content=\"\u017daislinis automobilis Automoblox Mini rinkinys S9-R\/C9-R\/C9-S &#8211; Skizze\" \/>\n<meta property=\"og:description\" content=\"Visi trys automobiliai yra itin sporti\u0161kos i\u0161vaizdos, su \u0161auniais ratlankiais ir tiesiog kvap\u0105 u\u017egniau\u017eian\u010diai greiti. Sportinis kup\u0117 \u201eC9-S\u201c su oran\u017ein\u0117mis padangomis ir \u0161auniais ratlankiais. Sedanas \u201eS9-R\u201c ir kup\u0117 \u201eC9-R\u201c su priekiniais, \u0161oniniais ir galiniais aptakais, kurie padeda pagerinti aerodinamik\u0105. Dalys: k\u0117bulas (9 dalys), ratlankiai (12vnt.), padangos (12vnt.), stogas (3vnt.) \u201eMini\u201c serijos automobili\u0173 vidutinis dydis: 10.8&#215;6.4&#215;4.1cm \u201eAutomoblox Mini\u201c yra suma\u017einta \u201eAutomoblox Original\u201c versija. Tikras ateities automobilis su retro atgarsiais, kuriuo \u0161aunu \u017eaisti, o jo formas liesti. \u201eMini\u201c modeliai turi universal\u0173 dali\u0173 jungikl\u012f, kuriuo galima sujungti \u012fvairias \u201eMini\u201c automobili\u0173 dalis. Automobilio k\u0117bulas yra pagamintas i\u0161 medienos. \u201eMini\u201c ir \u201eOriginals\u201c k\u0117bulo dali\u0173 viena su kita sujungti negalima. Vaikams vyresniems nei 3 met\u0173 vaikams, sud\u0117tyje yra smulki\u0173 dali\u0173.\" \/>\n<meta property=\"og:url\" content=\"https:\/\/hobstop.ee\/lt\/produktas\/zaislinis-automobilis-automoblox-mini-rinkinys-s9-rc9-rc9-s\/\" \/>\n<meta property=\"og:site_name\" content=\"Skizze\" \/>\n<meta property=\"article:publisher\" content=\"http:\/\/www.facebook.com\/VunderSkizze\" \/>\n<meta property=\"og:image\" content=\"https:\/\/hobstop.ee\/media\/3977.jpg\" \/>\n\t<meta property=\"og:image:width\" content=\"1024\" \/>\n\t<meta property=\"og:image:height\" content=\"768\" \/>\n\t<meta property=\"og:image:type\" content=\"image\/jpeg\" \/>\n<meta name=\"twitter:card\" content=\"summary_large_image\" \/>\n<meta name=\"twitter:label1\" content=\"Est. reading time\" \/>\n\t<meta name=\"twitter:data1\" content=\"1 minute\" \/>\n<script type=\"application\/ld+json\" class=\"yoast-schema-graph\">{\"@context\":\"https:\/\/schema.org\",\"@graph\":[{\"@type\":\"WebPage\",\"@id\":\"https:\/\/hobstop.ee\/lt\/produktas\/zaislinis-automobilis-automoblox-mini-rinkinys-s9-rc9-rc9-s\/\",\"url\":\"https:\/\/hobstop.ee\/lt\/produktas\/zaislinis-automobilis-automoblox-mini-rinkinys-s9-rc9-rc9-s\/\",\"name\":\"\u017daislinis automobilis Automoblox Mini rinkinys S9-R\/C9-R\/C9-S &#8211; Skizze\",\"isPartOf\":{\"@id\":\"https:\/\/hobstop.ee\/lt\/#website\"},\"primaryImageOfPage\":{\"@id\":\"https:\/\/hobstop.ee\/lt\/produktas\/zaislinis-automobilis-automoblox-mini-rinkinys-s9-rc9-rc9-s\/#primaryimage\"},\"image\":{\"@id\":\"https:\/\/hobstop.ee\/lt\/produktas\/zaislinis-automobilis-automoblox-mini-rinkinys-s9-rc9-rc9-s\/#primaryimage\"},\"thumbnailUrl\":\"https:\/\/hobstop.ee\/media\/3977.jpg\",\"datePublished\":\"2015-07-04T17:23:27+00:00\",\"dateModified\":\"2015-07-04T17:23:27+00:00\",\"breadcrumb\":{\"@id\":\"https:\/\/hobstop.ee\/lt\/produktas\/zaislinis-automobilis-automoblox-mini-rinkinys-s9-rc9-rc9-s\/#breadcrumb\"},\"inLanguage\":\"lt\",\"potentialAction\":[{\"@type\":\"ReadAction\",\"target\":[\"https:\/\/hobstop.ee\/lt\/produktas\/zaislinis-automobilis-automoblox-mini-rinkinys-s9-rc9-rc9-s\/\"]}]},{\"@type\":\"ImageObject\",\"inLanguage\":\"lt\",\"@id\":\"https:\/\/hobstop.ee\/lt\/produktas\/zaislinis-automobilis-automoblox-mini-rinkinys-s9-rc9-rc9-s\/#primaryimage\",\"url\":\"https:\/\/hobstop.ee\/media\/3977.jpg\",\"contentUrl\":\"https:\/\/hobstop.ee\/media\/3977.jpg\",\"width\":1024,\"height\":768},{\"@type\":\"BreadcrumbList\",\"@id\":\"https:\/\/hobstop.ee\/lt\/produktas\/zaislinis-automobilis-automoblox-mini-rinkinys-s9-rc9-rc9-s\/#breadcrumb\",\"itemListElement\":[{\"@type\":\"ListItem\",\"position\":1,\"name\":\"Avaleht\",\"item\":\"https:\/\/hobstop.ee\/lt\/\"},{\"@type\":\"ListItem\",\"position\":2,\"name\":\"Parduotuv\u0117\",\"item\":\"https:\/\/hobstop.ee\/lt\/parduotuve\/\"},{\"@type\":\"ListItem\",\"position\":3,\"name\":\"\u017daislinis automobilis Automoblox Mini rinkinys S9-R\/C9-R\/C9-S\"}]},{\"@type\":\"WebSite\",\"@id\":\"https:\/\/hobstop.ee\/lt\/#website\",\"url\":\"https:\/\/hobstop.ee\/lt\/\",\"name\":\"Skizze\",\"description\":\"Dail\u0117s, pom\u0117gi\u0173 ir mokykliniai reikm\u0117nys\",\"publisher\":{\"@id\":\"https:\/\/hobstop.ee\/lt\/#organization\"},\"potentialAction\":[{\"@type\":\"SearchAction\",\"target\":{\"@type\":\"EntryPoint\",\"urlTemplate\":\"https:\/\/hobstop.ee\/lt\/?s={search_term_string}\"},\"query-input\":{\"@type\":\"PropertyValueSpecification\",\"valueRequired\":true,\"valueName\":\"search_term_string\"}}],\"inLanguage\":\"lt\"},{\"@type\":\"Organization\",\"@id\":\"https:\/\/hobstop.ee\/lt\/#organization\",\"name\":\"Vunder AS\",\"url\":\"https:\/\/hobstop.ee\/lt\/\",\"logo\":{\"@type\":\"ImageObject\",\"inLanguage\":\"lt\",\"@id\":\"https:\/\/hobstop.ee\/lt\/#\/schema\/logo\/image\/\",\"url\":\"https:\/\/hobstop.ee\/media\/vunder-logo.png\",\"contentUrl\":\"https:\/\/hobstop.ee\/media\/vunder-logo.png\",\"width\":127,\"height\":55,\"caption\":\"Vunder AS\"},\"image\":{\"@id\":\"https:\/\/hobstop.ee\/lt\/#\/schema\/logo\/image\/\"},\"sameAs\":[\"http:\/\/www.facebook.com\/VunderSkizze\"]}]}<\/script>\n<!-- \/ Yoast SEO plugin. -->","yoast_head_json":{"title":"\u017daislinis automobilis Automoblox Mini rinkinys S9-R\/C9-R\/C9-S &#8211; Skizze","robots":{"index":"noindex","follow":"follow","max-snippet":"max-snippet:-1","max-image-preview":"max-image-preview:large","max-video-preview":"max-video-preview:-1"},"og_locale":"lt_LT","og_type":"article","og_title":"\u017daislinis automobilis Automoblox Mini rinkinys S9-R\/C9-R\/C9-S &#8211; Skizze","og_description":"Visi trys automobiliai yra itin sporti\u0161kos i\u0161vaizdos, su \u0161auniais ratlankiais ir tiesiog kvap\u0105 u\u017egniau\u017eian\u010diai greiti. Sportinis kup\u0117 \u201eC9-S\u201c su oran\u017ein\u0117mis padangomis ir \u0161auniais ratlankiais. Sedanas \u201eS9-R\u201c ir kup\u0117 \u201eC9-R\u201c su priekiniais, \u0161oniniais ir galiniais aptakais, kurie padeda pagerinti aerodinamik\u0105. Dalys: k\u0117bulas (9 dalys), ratlankiai (12vnt.), padangos (12vnt.), stogas (3vnt.) \u201eMini\u201c serijos automobili\u0173 vidutinis dydis: 10.8&#215;6.4&#215;4.1cm \u201eAutomoblox Mini\u201c yra suma\u017einta \u201eAutomoblox Original\u201c versija. Tikras ateities automobilis su retro atgarsiais, kuriuo \u0161aunu \u017eaisti, o jo formas liesti. \u201eMini\u201c modeliai turi universal\u0173 dali\u0173 jungikl\u012f, kuriuo galima sujungti \u012fvairias \u201eMini\u201c automobili\u0173 dalis. Automobilio k\u0117bulas yra pagamintas i\u0161 medienos. \u201eMini\u201c ir \u201eOriginals\u201c k\u0117bulo dali\u0173 viena su kita sujungti negalima. Vaikams vyresniems nei 3 met\u0173 vaikams, sud\u0117tyje yra smulki\u0173 dali\u0173.","og_url":"https:\/\/hobstop.ee\/lt\/produktas\/zaislinis-automobilis-automoblox-mini-rinkinys-s9-rc9-rc9-s\/","og_site_name":"Skizze","article_publisher":"http:\/\/www.facebook.com\/VunderSkizze","og_image":[{"width":1024,"height":768,"url":"https:\/\/hobstop.ee\/media\/3977.jpg","type":"image\/jpeg"}],"twitter_card":"summary_large_image","twitter_misc":{"Est. reading time":"1 minute"},"schema":{"@context":"https:\/\/schema.org","@graph":[{"@type":"WebPage","@id":"https:\/\/hobstop.ee\/lt\/produktas\/zaislinis-automobilis-automoblox-mini-rinkinys-s9-rc9-rc9-s\/","url":"https:\/\/hobstop.ee\/lt\/produktas\/zaislinis-automobilis-automoblox-mini-rinkinys-s9-rc9-rc9-s\/","name":"\u017daislinis automobilis Automoblox Mini rinkinys S9-R\/C9-R\/C9-S &#8211; Skizze","isPartOf":{"@id":"https:\/\/hobstop.ee\/lt\/#website"},"primaryImageOfPage":{"@id":"https:\/\/hobstop.ee\/lt\/produktas\/zaislinis-automobilis-automoblox-mini-rinkinys-s9-rc9-rc9-s\/#primaryimage"},"image":{"@id":"https:\/\/hobstop.ee\/lt\/produktas\/zaislinis-automobilis-automoblox-mini-rinkinys-s9-rc9-rc9-s\/#primaryimage"},"thumbnailUrl":"https:\/\/hobstop.ee\/media\/3977.jpg","datePublished":"2015-07-04T17:23:27+00:00","dateModified":"2015-07-04T17:23:27+00:00","breadcrumb":{"@id":"https:\/\/hobstop.ee\/lt\/produktas\/zaislinis-automobilis-automoblox-mini-rinkinys-s9-rc9-rc9-s\/#breadcrumb"},"inLanguage":"lt","potentialAction":[{"@type":"ReadAction","target":["https:\/\/hobstop.ee\/lt\/produktas\/zaislinis-automobilis-automoblox-mini-rinkinys-s9-rc9-rc9-s\/"]}]},{"@type":"ImageObject","inLanguage":"lt","@id":"https:\/\/hobstop.ee\/lt\/produktas\/zaislinis-automobilis-automoblox-mini-rinkinys-s9-rc9-rc9-s\/#primaryimage","url":"https:\/\/hobstop.ee\/media\/3977.jpg","contentUrl":"https:\/\/hobstop.ee\/media\/3977.jpg","width":1024,"height":768},{"@type":"BreadcrumbList","@id":"https:\/\/hobstop.ee\/lt\/produktas\/zaislinis-automobilis-automoblox-mini-rinkinys-s9-rc9-rc9-s\/#breadcrumb","itemListElement":[{"@type":"ListItem","position":1,"name":"Avaleht","item":"https:\/\/hobstop.ee\/lt\/"},{"@type":"ListItem","position":2,"name":"Parduotuv\u0117","item":"https:\/\/hobstop.ee\/lt\/parduotuve\/"},{"@type":"ListItem","position":3,"name":"\u017daislinis automobilis Automoblox Mini rinkinys S9-R\/C9-R\/C9-S"}]},{"@type":"WebSite","@id":"https:\/\/hobstop.ee\/lt\/#website","url":"https:\/\/hobstop.ee\/lt\/","name":"Skizze","description":"Dail\u0117s, pom\u0117gi\u0173 ir mokykliniai reikm\u0117nys","publisher":{"@id":"https:\/\/hobstop.ee\/lt\/#organization"},"potentialAction":[{"@type":"SearchAction","target":{"@type":"EntryPoint","urlTemplate":"https:\/\/hobstop.ee\/lt\/?s={search_term_string}"},"query-input":{"@type":"PropertyValueSpecification","valueRequired":true,"valueName":"search_term_string"}}],"inLanguage":"lt"},{"@type":"Organization","@id":"https:\/\/hobstop.ee\/lt\/#organization","name":"Vunder AS","url":"https:\/\/hobstop.ee\/lt\/","logo":{"@type":"ImageObject","inLanguage":"lt","@id":"https:\/\/hobstop.ee\/lt\/#\/schema\/logo\/image\/","url":"https:\/\/hobstop.ee\/media\/vunder-logo.png","contentUrl":"https:\/\/hobstop.ee\/media\/vunder-logo.png","width":127,"height":55,"caption":"Vunder AS"},"image":{"@id":"https:\/\/hobstop.ee\/lt\/#\/schema\/logo\/image\/"},"sameAs":["http:\/\/www.facebook.com\/VunderSkizze"]}]}},"_links":{"self":[{"href":"https:\/\/hobstop.ee\/lt\/wp-json\/wp\/v2\/product\/137844","targetHints":{"allow":["GET"]}}],"collection":[{"href":"https:\/\/hobstop.ee\/lt\/wp-json\/wp\/v2\/product"}],"about":[{"href":"https:\/\/hobstop.ee\/lt\/wp-json\/wp\/v2\/types\/product"}],"replies":[{"embeddable":true,"href":"https:\/\/hobstop.ee\/lt\/wp-json\/wp\/v2\/comments?post=137844"}],"wp:featuredmedia":[{"embeddable":true,"href":"https:\/\/hobstop.ee\/lt\/wp-json\/wp\/v2\/media\/204632"}],"wp:attachment":[{"href":"https:\/\/hobstop.ee\/lt\/wp-json\/wp\/v2\/media?parent=137844"}],"wp:term":[{"taxonomy":"product_cat","embeddable":true,"href":"https:\/\/hobstop.ee\/lt\/wp-json\/wp\/v2\/product_cat?post=137844"},{"taxonomy":"product_tag","embeddable":true,"href":"https:\/\/hobstop.ee\/lt\/wp-json\/wp\/v2\/product_tag?post=137844"}],"curies":[{"name":"wp","href":"https:\/\/api.w.org\/{rel}","templated":true}]}}