{"id":185164,"date":"2015-08-01T02:00:10","date_gmt":"2015-07-31T23:00:10","guid":{"rendered":"http:\/\/vunder-ee.sn25.zone.eu\/lt\/product\/akvarelinis-piestukas-derwent\/"},"modified":"2015-08-01T02:00:10","modified_gmt":"2015-07-31T23:00:10","slug":"akvarelinis-piestukas-derwent","status":"publish","type":"product","link":"https:\/\/hobstop.ee\/lt\/produktas\/akvarelinis-piestukas-derwent\/","title":{"rendered":"Akvarelinis pie\u0161tukas Derwent"},"content":{"rendered":"<p>Auk\u0161\u010diausios kokyb\u0117s ir mink\u0161tos tekst\u016bros akvarelinis pie\u0161tukas, tinka pie\u0161ti tiek ant sauso, tiek ir ant \u0161lapio popieriaus. Lengvai ir greitai spalvinama papildomomis spalvomis, da\u017eai labai lengvai i\u0161sklaidomi ir susiliejantys.<br \/>\n\u0160e\u0161iabriaunis 6.9mm kotelis, \u0161erdel\u0117s skersmuo: 3.4mm.<\/p>\n","protected":false},"excerpt":{"rendered":"<p>Auk\u0161\u010diausios kokyb\u0117s ir mink\u0161tos tekst\u016bros akvarelinis pie\u0161tukas, tinka pie\u0161ti tiek ant sauso, tiek ir ant \u0161lapio popieriaus. Lengvai ir greitai spalvinama papildomomis spalvomis, da\u017eai labai lengvai i\u0161sklaidomi ir susiliejantys. \u0160e\u0161iabriaunis 6.9mm kotelis, \u0161erdel\u0117s skersmuo: 3.4mm.<\/p>\n","protected":false},"featured_media":204232,"comment_status":"closed","ping_status":"closed","template":"","meta":{"_acf_changed":false,"ep_exclude_from_search":false},"product_cat":[18986,16124,18932],"product_tag":[],"class_list":{"0":"post-185164","1":"product","2":"type-product","3":"status-publish","4":"has-post-thumbnail","6":"product_cat-akvareliniai-piestukai","7":"product_cat-dailes-prekes","8":"product_cat-piesimo-reikmenys-3","10":"first","11":"instock","12":"taxable","13":"shipping-taxable","14":"purchasable","15":"product-type-variable"},"acf":[],"yoast_head":"<!-- This site is optimized with the Yoast SEO plugin v24.1 - https:\/\/yoast.com\/wordpress\/plugins\/seo\/ -->\n<title>Akvarelinis pie\u0161tukas Derwent &#8211; Skizze<\/title>\n<meta name=\"robots\" content=\"noindex, follow, max-snippet:-1, max-image-preview:large, max-video-preview:-1\" \/>\n<meta property=\"og:locale\" content=\"lt_LT\" \/>\n<meta property=\"og:type\" content=\"article\" \/>\n<meta property=\"og:title\" content=\"Akvarelinis pie\u0161tukas Derwent &#8211; Skizze\" \/>\n<meta property=\"og:description\" content=\"Auk\u0161\u010diausios kokyb\u0117s ir mink\u0161tos tekst\u016bros akvarelinis pie\u0161tukas, tinka pie\u0161ti tiek ant sauso, tiek ir ant \u0161lapio popieriaus. Lengvai ir greitai spalvinama papildomomis spalvomis, da\u017eai labai lengvai i\u0161sklaidomi ir susiliejantys. \u0160e\u0161iabriaunis 6.9mm kotelis, \u0161erdel\u0117s skersmuo: 3.4mm.\" \/>\n<meta property=\"og:url\" content=\"https:\/\/hobstop.ee\/lt\/produktas\/akvarelinis-piestukas-derwent\/\" \/>\n<meta property=\"og:site_name\" content=\"Skizze\" \/>\n<meta property=\"article:publisher\" content=\"http:\/\/www.facebook.com\/VunderSkizze\" \/>\n<meta property=\"og:image\" content=\"https:\/\/www.hobstop.ee\/media\/88.jpg\" \/>\n\t<meta property=\"og:image:width\" content=\"1024\" \/>\n\t<meta property=\"og:image:height\" content=\"768\" \/>\n\t<meta property=\"og:image:type\" content=\"image\/jpeg\" \/>\n<meta name=\"twitter:card\" content=\"summary_large_image\" \/>\n<script type=\"application\/ld+json\" class=\"yoast-schema-graph\">{\"@context\":\"https:\/\/schema.org\",\"@graph\":[{\"@type\":\"WebPage\",\"@id\":\"https:\/\/hobstop.ee\/lt\/produktas\/akvarelinis-piestukas-derwent\/\",\"url\":\"https:\/\/hobstop.ee\/lt\/produktas\/akvarelinis-piestukas-derwent\/\",\"name\":\"Akvarelinis pie\u0161tukas Derwent &#8211; Skizze\",\"isPartOf\":{\"@id\":\"https:\/\/hobstop.ee\/lt\/#website\"},\"primaryImageOfPage\":{\"@id\":\"https:\/\/hobstop.ee\/lt\/produktas\/akvarelinis-piestukas-derwent\/#primaryimage\"},\"image\":{\"@id\":\"https:\/\/hobstop.ee\/lt\/produktas\/akvarelinis-piestukas-derwent\/#primaryimage\"},\"thumbnailUrl\":\"https:\/\/hobstop.ee\/media\/88.jpg\",\"datePublished\":\"2015-07-31T23:00:10+00:00\",\"dateModified\":\"2015-07-31T23:00:10+00:00\",\"breadcrumb\":{\"@id\":\"https:\/\/hobstop.ee\/lt\/produktas\/akvarelinis-piestukas-derwent\/#breadcrumb\"},\"inLanguage\":\"lt\",\"potentialAction\":[{\"@type\":\"ReadAction\",\"target\":[\"https:\/\/hobstop.ee\/lt\/produktas\/akvarelinis-piestukas-derwent\/\"]}]},{\"@type\":\"ImageObject\",\"inLanguage\":\"lt\",\"@id\":\"https:\/\/hobstop.ee\/lt\/produktas\/akvarelinis-piestukas-derwent\/#primaryimage\",\"url\":\"https:\/\/hobstop.ee\/media\/88.jpg\",\"contentUrl\":\"https:\/\/hobstop.ee\/media\/88.jpg\",\"width\":1024,\"height\":768},{\"@type\":\"BreadcrumbList\",\"@id\":\"https:\/\/hobstop.ee\/lt\/produktas\/akvarelinis-piestukas-derwent\/#breadcrumb\",\"itemListElement\":[{\"@type\":\"ListItem\",\"position\":1,\"name\":\"Avaleht\",\"item\":\"https:\/\/hobstop.ee\/lt\/\"},{\"@type\":\"ListItem\",\"position\":2,\"name\":\"Parduotuv\u0117\",\"item\":\"https:\/\/hobstop.ee\/lt\/parduotuve\/\"},{\"@type\":\"ListItem\",\"position\":3,\"name\":\"Akvarelinis pie\u0161tukas Derwent\"}]},{\"@type\":\"WebSite\",\"@id\":\"https:\/\/hobstop.ee\/lt\/#website\",\"url\":\"https:\/\/hobstop.ee\/lt\/\",\"name\":\"Skizze\",\"description\":\"Dail\u0117s, pom\u0117gi\u0173 ir mokykliniai reikm\u0117nys\",\"publisher\":{\"@id\":\"https:\/\/hobstop.ee\/lt\/#organization\"},\"potentialAction\":[{\"@type\":\"SearchAction\",\"target\":{\"@type\":\"EntryPoint\",\"urlTemplate\":\"https:\/\/hobstop.ee\/lt\/?s={search_term_string}\"},\"query-input\":{\"@type\":\"PropertyValueSpecification\",\"valueRequired\":true,\"valueName\":\"search_term_string\"}}],\"inLanguage\":\"lt\"},{\"@type\":\"Organization\",\"@id\":\"https:\/\/hobstop.ee\/lt\/#organization\",\"name\":\"Vunder AS\",\"url\":\"https:\/\/hobstop.ee\/lt\/\",\"logo\":{\"@type\":\"ImageObject\",\"inLanguage\":\"lt\",\"@id\":\"https:\/\/hobstop.ee\/lt\/#\/schema\/logo\/image\/\",\"url\":\"https:\/\/hobstop.ee\/media\/vunder-logo.png\",\"contentUrl\":\"https:\/\/hobstop.ee\/media\/vunder-logo.png\",\"width\":127,\"height\":55,\"caption\":\"Vunder AS\"},\"image\":{\"@id\":\"https:\/\/hobstop.ee\/lt\/#\/schema\/logo\/image\/\"},\"sameAs\":[\"http:\/\/www.facebook.com\/VunderSkizze\"]}]}<\/script>\n<!-- \/ Yoast SEO plugin. -->","yoast_head_json":{"title":"Akvarelinis pie\u0161tukas Derwent &#8211; Skizze","robots":{"index":"noindex","follow":"follow","max-snippet":"max-snippet:-1","max-image-preview":"max-image-preview:large","max-video-preview":"max-video-preview:-1"},"og_locale":"lt_LT","og_type":"article","og_title":"Akvarelinis pie\u0161tukas Derwent &#8211; Skizze","og_description":"Auk\u0161\u010diausios kokyb\u0117s ir mink\u0161tos tekst\u016bros akvarelinis pie\u0161tukas, tinka pie\u0161ti tiek ant sauso, tiek ir ant \u0161lapio popieriaus. Lengvai ir greitai spalvinama papildomomis spalvomis, da\u017eai labai lengvai i\u0161sklaidomi ir susiliejantys. \u0160e\u0161iabriaunis 6.9mm kotelis, \u0161erdel\u0117s skersmuo: 3.4mm.","og_url":"https:\/\/hobstop.ee\/lt\/produktas\/akvarelinis-piestukas-derwent\/","og_site_name":"Skizze","article_publisher":"http:\/\/www.facebook.com\/VunderSkizze","og_image":[{"width":1024,"height":768,"url":"https:\/\/www.hobstop.ee\/media\/88.jpg","type":"image\/jpeg"}],"twitter_card":"summary_large_image","schema":{"@context":"https:\/\/schema.org","@graph":[{"@type":"WebPage","@id":"https:\/\/hobstop.ee\/lt\/produktas\/akvarelinis-piestukas-derwent\/","url":"https:\/\/hobstop.ee\/lt\/produktas\/akvarelinis-piestukas-derwent\/","name":"Akvarelinis pie\u0161tukas Derwent &#8211; Skizze","isPartOf":{"@id":"https:\/\/hobstop.ee\/lt\/#website"},"primaryImageOfPage":{"@id":"https:\/\/hobstop.ee\/lt\/produktas\/akvarelinis-piestukas-derwent\/#primaryimage"},"image":{"@id":"https:\/\/hobstop.ee\/lt\/produktas\/akvarelinis-piestukas-derwent\/#primaryimage"},"thumbnailUrl":"https:\/\/hobstop.ee\/media\/88.jpg","datePublished":"2015-07-31T23:00:10+00:00","dateModified":"2015-07-31T23:00:10+00:00","breadcrumb":{"@id":"https:\/\/hobstop.ee\/lt\/produktas\/akvarelinis-piestukas-derwent\/#breadcrumb"},"inLanguage":"lt","potentialAction":[{"@type":"ReadAction","target":["https:\/\/hobstop.ee\/lt\/produktas\/akvarelinis-piestukas-derwent\/"]}]},{"@type":"ImageObject","inLanguage":"lt","@id":"https:\/\/hobstop.ee\/lt\/produktas\/akvarelinis-piestukas-derwent\/#primaryimage","url":"https:\/\/hobstop.ee\/media\/88.jpg","contentUrl":"https:\/\/hobstop.ee\/media\/88.jpg","width":1024,"height":768},{"@type":"BreadcrumbList","@id":"https:\/\/hobstop.ee\/lt\/produktas\/akvarelinis-piestukas-derwent\/#breadcrumb","itemListElement":[{"@type":"ListItem","position":1,"name":"Avaleht","item":"https:\/\/hobstop.ee\/lt\/"},{"@type":"ListItem","position":2,"name":"Parduotuv\u0117","item":"https:\/\/hobstop.ee\/lt\/parduotuve\/"},{"@type":"ListItem","position":3,"name":"Akvarelinis pie\u0161tukas Derwent"}]},{"@type":"WebSite","@id":"https:\/\/hobstop.ee\/lt\/#website","url":"https:\/\/hobstop.ee\/lt\/","name":"Skizze","description":"Dail\u0117s, pom\u0117gi\u0173 ir mokykliniai reikm\u0117nys","publisher":{"@id":"https:\/\/hobstop.ee\/lt\/#organization"},"potentialAction":[{"@type":"SearchAction","target":{"@type":"EntryPoint","urlTemplate":"https:\/\/hobstop.ee\/lt\/?s={search_term_string}"},"query-input":{"@type":"PropertyValueSpecification","valueRequired":true,"valueName":"search_term_string"}}],"inLanguage":"lt"},{"@type":"Organization","@id":"https:\/\/hobstop.ee\/lt\/#organization","name":"Vunder AS","url":"https:\/\/hobstop.ee\/lt\/","logo":{"@type":"ImageObject","inLanguage":"lt","@id":"https:\/\/hobstop.ee\/lt\/#\/schema\/logo\/image\/","url":"https:\/\/hobstop.ee\/media\/vunder-logo.png","contentUrl":"https:\/\/hobstop.ee\/media\/vunder-logo.png","width":127,"height":55,"caption":"Vunder AS"},"image":{"@id":"https:\/\/hobstop.ee\/lt\/#\/schema\/logo\/image\/"},"sameAs":["http:\/\/www.facebook.com\/VunderSkizze"]}]}},"_links":{"self":[{"href":"https:\/\/hobstop.ee\/lt\/wp-json\/wp\/v2\/product\/185164","targetHints":{"allow":["GET"]}}],"collection":[{"href":"https:\/\/hobstop.ee\/lt\/wp-json\/wp\/v2\/product"}],"about":[{"href":"https:\/\/hobstop.ee\/lt\/wp-json\/wp\/v2\/types\/product"}],"replies":[{"embeddable":true,"href":"https:\/\/hobstop.ee\/lt\/wp-json\/wp\/v2\/comments?post=185164"}],"wp:featuredmedia":[{"embeddable":true,"href":"https:\/\/hobstop.ee\/lt\/wp-json\/wp\/v2\/media\/204232"}],"wp:attachment":[{"href":"https:\/\/hobstop.ee\/lt\/wp-json\/wp\/v2\/media?parent=185164"}],"wp:term":[{"taxonomy":"product_cat","embeddable":true,"href":"https:\/\/hobstop.ee\/lt\/wp-json\/wp\/v2\/product_cat?post=185164"},{"taxonomy":"product_tag","embeddable":true,"href":"https:\/\/hobstop.ee\/lt\/wp-json\/wp\/v2\/product_tag?post=185164"}],"curies":[{"name":"wp","href":"https:\/\/api.w.org\/{rel}","templated":true}]}}