{"id":185184,"date":"2015-08-01T02:02:36","date_gmt":"2015-07-31T23:02:44","guid":{"rendered":"http:\/\/vunder-ee.sn25.zone.eu\/lt\/product\/popierius-piesti-pastele-canson-ingres-vidalon-100g-50x65cm\/"},"modified":"2015-08-01T02:02:44","modified_gmt":"2015-07-31T23:02:44","slug":"popierius-piesti-pastele-canson-ingres-vidalon-100g-50x65cm","status":"publish","type":"product","link":"https:\/\/hobstop.ee\/lt\/produktas\/popierius-piesti-pastele-canson-ingres-vidalon-100g-50x65cm\/","title":{"rendered":"Popierius pie\u0161ti pastele Canson Ingres Vidalon 100g 50x65cm"},"content":{"rendered":"<p>Auk\u0161\u010diausios kokyb\u0117s pie\u0161imo popierius \u201eCanson Ingres Vidalon\u201c pasi\u017eymi tomis pa\u010diomis savyb\u0117mis, kaip ir \u201eCanson Mi-teintes\u201c popierius. Labai tinka pie\u0161imui sausa technika, pavyzd\u017eiui, pastele, pie\u0161tuku, anglimi, sangvinu ir net grafikos darbams spausdinti. Jo sud\u0117tyje yra daugiau nei 50 proc. medviln\u0117s, klijuotas \u017eelatina, tod\u0117l yra itin patvarus ir i\u0161ry\u0161kinantis spalvas. Popieriaus \u201eCanson\u00ae Ingres Vidalon\u00ae\u201c sud\u0117tyje n\u0117ra r\u016bg\u0161\u010di\u0173, neutralus (i\u0161skyrus juodos spalvos), buferinis, atsparus pel\u0117siams ir ypatingai atsparus sen\u0117jimui. Da\u017eytas skaidulinis pluo\u0161tas.<br \/>\nPuikiai tinka pie\u0161iniams pastele, kreida, anglimi, sangvinu ir pie\u0161tuku.<br \/>\nTinka pie\u0161iniams ra\u0161alu ir markeriais.<\/p>\n","protected":false},"excerpt":{"rendered":"<p>Auk\u0161\u010diausios kokyb\u0117s pie\u0161imo popierius \u201eCanson Ingres Vidalon\u201c pasi\u017eymi tomis pa\u010diomis savyb\u0117mis, kaip ir \u201eCanson Mi-teintes\u201c popierius. Labai tinka pie\u0161imui sausa technika, pavyzd\u017eiui, pastele, pie\u0161tuku, anglimi, sangvinu ir net grafikos darbams spausdinti. Jo sud\u0117tyje yra daugiau nei 50 proc. medviln\u0117s, klijuotas \u017eelatina, tod\u0117l yra itin patvarus ir i\u0161ry\u0161kinantis spalvas. Popieriaus \u201eCanson\u00ae Ingres Vidalon\u00ae\u201c sud\u0117tyje n\u0117ra r\u016bg\u0161\u010di\u0173, neutralus (i\u0161skyrus juodos spalvos), buferinis, atsparus pel\u0117siams ir ypatingai atsparus sen\u0117jimui. Da\u017eytas skaidulinis pluo\u0161tas. Puikiai tinka pie\u0161iniams pastele, kreida, anglimi, sangvinu ir pie\u0161tuku. Tinka pie\u0161iniams ra\u0161alu ir markeriais.<\/p>\n","protected":false},"featured_media":204256,"comment_status":"closed","ping_status":"closed","template":"","meta":{"_acf_changed":false,"ep_exclude_from_search":false},"product_cat":[19025,17922,18944],"product_tag":[],"class_list":{"0":"post-185184","1":"product","2":"type-product","3":"status-publish","4":"has-post-thumbnail","6":"product_cat-piesimo-popierius-ir-bloknotai","7":"product_cat-popieriaus-prekes","8":"product_cat-specialus-popierius-ir-kartonas","10":"first","11":"instock","12":"taxable","13":"shipping-taxable","14":"purchasable","15":"product-type-variable"},"acf":[],"yoast_head":"<!-- This site is optimized with the Yoast SEO plugin v24.1 - https:\/\/yoast.com\/wordpress\/plugins\/seo\/ -->\n<title>Popierius pie\u0161ti pastele Canson Ingres Vidalon 100g 50x65cm &#8211; Skizze<\/title>\n<meta name=\"robots\" content=\"noindex, follow, max-snippet:-1, max-image-preview:large, max-video-preview:-1\" \/>\n<meta property=\"og:locale\" content=\"lt_LT\" \/>\n<meta property=\"og:type\" content=\"article\" \/>\n<meta property=\"og:title\" content=\"Popierius pie\u0161ti pastele Canson Ingres Vidalon 100g 50x65cm &#8211; Skizze\" \/>\n<meta property=\"og:description\" content=\"Auk\u0161\u010diausios kokyb\u0117s pie\u0161imo popierius \u201eCanson Ingres Vidalon\u201c pasi\u017eymi tomis pa\u010diomis savyb\u0117mis, kaip ir \u201eCanson Mi-teintes\u201c popierius. Labai tinka pie\u0161imui sausa technika, pavyzd\u017eiui, pastele, pie\u0161tuku, anglimi, sangvinu ir net grafikos darbams spausdinti. Jo sud\u0117tyje yra daugiau nei 50 proc. medviln\u0117s, klijuotas \u017eelatina, tod\u0117l yra itin patvarus ir i\u0161ry\u0161kinantis spalvas. Popieriaus \u201eCanson\u00ae Ingres Vidalon\u00ae\u201c sud\u0117tyje n\u0117ra r\u016bg\u0161\u010di\u0173, neutralus (i\u0161skyrus juodos spalvos), buferinis, atsparus pel\u0117siams ir ypatingai atsparus sen\u0117jimui. Da\u017eytas skaidulinis pluo\u0161tas. Puikiai tinka pie\u0161iniams pastele, kreida, anglimi, sangvinu ir pie\u0161tuku. Tinka pie\u0161iniams ra\u0161alu ir markeriais.\" \/>\n<meta property=\"og:url\" content=\"https:\/\/hobstop.ee\/lt\/produktas\/popierius-piesti-pastele-canson-ingres-vidalon-100g-50x65cm\/\" \/>\n<meta property=\"og:site_name\" content=\"Skizze\" \/>\n<meta property=\"article:publisher\" content=\"http:\/\/www.facebook.com\/VunderSkizze\" \/>\n<meta property=\"og:image\" content=\"https:\/\/www.hobstop.ee\/media\/1383.jpg\" \/>\n\t<meta property=\"og:image:width\" content=\"1024\" \/>\n\t<meta property=\"og:image:height\" content=\"768\" \/>\n\t<meta property=\"og:image:type\" content=\"image\/jpeg\" \/>\n<meta name=\"twitter:card\" content=\"summary_large_image\" \/>\n<meta name=\"twitter:label1\" content=\"Est. reading time\" \/>\n\t<meta name=\"twitter:data1\" content=\"1 minute\" \/>\n<script type=\"application\/ld+json\" class=\"yoast-schema-graph\">{\"@context\":\"https:\/\/schema.org\",\"@graph\":[{\"@type\":\"WebPage\",\"@id\":\"https:\/\/hobstop.ee\/lt\/produktas\/popierius-piesti-pastele-canson-ingres-vidalon-100g-50x65cm\/\",\"url\":\"https:\/\/hobstop.ee\/lt\/produktas\/popierius-piesti-pastele-canson-ingres-vidalon-100g-50x65cm\/\",\"name\":\"Popierius pie\u0161ti pastele Canson Ingres Vidalon 100g 50x65cm &#8211; Skizze\",\"isPartOf\":{\"@id\":\"https:\/\/hobstop.ee\/lt\/#website\"},\"primaryImageOfPage\":{\"@id\":\"https:\/\/hobstop.ee\/lt\/produktas\/popierius-piesti-pastele-canson-ingres-vidalon-100g-50x65cm\/#primaryimage\"},\"image\":{\"@id\":\"https:\/\/hobstop.ee\/lt\/produktas\/popierius-piesti-pastele-canson-ingres-vidalon-100g-50x65cm\/#primaryimage\"},\"thumbnailUrl\":\"https:\/\/hobstop.ee\/media\/1383.jpg\",\"datePublished\":\"2015-07-31T23:02:44+00:00\",\"dateModified\":\"2015-07-31T23:02:44+00:00\",\"breadcrumb\":{\"@id\":\"https:\/\/hobstop.ee\/lt\/produktas\/popierius-piesti-pastele-canson-ingres-vidalon-100g-50x65cm\/#breadcrumb\"},\"inLanguage\":\"lt\",\"potentialAction\":[{\"@type\":\"ReadAction\",\"target\":[\"https:\/\/hobstop.ee\/lt\/produktas\/popierius-piesti-pastele-canson-ingres-vidalon-100g-50x65cm\/\"]}]},{\"@type\":\"ImageObject\",\"inLanguage\":\"lt\",\"@id\":\"https:\/\/hobstop.ee\/lt\/produktas\/popierius-piesti-pastele-canson-ingres-vidalon-100g-50x65cm\/#primaryimage\",\"url\":\"https:\/\/hobstop.ee\/media\/1383.jpg\",\"contentUrl\":\"https:\/\/hobstop.ee\/media\/1383.jpg\",\"width\":1024,\"height\":768},{\"@type\":\"BreadcrumbList\",\"@id\":\"https:\/\/hobstop.ee\/lt\/produktas\/popierius-piesti-pastele-canson-ingres-vidalon-100g-50x65cm\/#breadcrumb\",\"itemListElement\":[{\"@type\":\"ListItem\",\"position\":1,\"name\":\"Avaleht\",\"item\":\"https:\/\/hobstop.ee\/lt\/\"},{\"@type\":\"ListItem\",\"position\":2,\"name\":\"Parduotuv\u0117\",\"item\":\"https:\/\/hobstop.ee\/lt\/parduotuve\/\"},{\"@type\":\"ListItem\",\"position\":3,\"name\":\"Popierius pie\u0161ti pastele Canson Ingres Vidalon 100g 50x65cm\"}]},{\"@type\":\"WebSite\",\"@id\":\"https:\/\/hobstop.ee\/lt\/#website\",\"url\":\"https:\/\/hobstop.ee\/lt\/\",\"name\":\"Skizze\",\"description\":\"Dail\u0117s, pom\u0117gi\u0173 ir mokykliniai reikm\u0117nys\",\"publisher\":{\"@id\":\"https:\/\/hobstop.ee\/lt\/#organization\"},\"potentialAction\":[{\"@type\":\"SearchAction\",\"target\":{\"@type\":\"EntryPoint\",\"urlTemplate\":\"https:\/\/hobstop.ee\/lt\/?s={search_term_string}\"},\"query-input\":{\"@type\":\"PropertyValueSpecification\",\"valueRequired\":true,\"valueName\":\"search_term_string\"}}],\"inLanguage\":\"lt\"},{\"@type\":\"Organization\",\"@id\":\"https:\/\/hobstop.ee\/lt\/#organization\",\"name\":\"Vunder AS\",\"url\":\"https:\/\/hobstop.ee\/lt\/\",\"logo\":{\"@type\":\"ImageObject\",\"inLanguage\":\"lt\",\"@id\":\"https:\/\/hobstop.ee\/lt\/#\/schema\/logo\/image\/\",\"url\":\"https:\/\/hobstop.ee\/media\/vunder-logo.png\",\"contentUrl\":\"https:\/\/hobstop.ee\/media\/vunder-logo.png\",\"width\":127,\"height\":55,\"caption\":\"Vunder AS\"},\"image\":{\"@id\":\"https:\/\/hobstop.ee\/lt\/#\/schema\/logo\/image\/\"},\"sameAs\":[\"http:\/\/www.facebook.com\/VunderSkizze\"]}]}<\/script>\n<!-- \/ Yoast SEO plugin. -->","yoast_head_json":{"title":"Popierius pie\u0161ti pastele Canson Ingres Vidalon 100g 50x65cm &#8211; Skizze","robots":{"index":"noindex","follow":"follow","max-snippet":"max-snippet:-1","max-image-preview":"max-image-preview:large","max-video-preview":"max-video-preview:-1"},"og_locale":"lt_LT","og_type":"article","og_title":"Popierius pie\u0161ti pastele Canson Ingres Vidalon 100g 50x65cm &#8211; Skizze","og_description":"Auk\u0161\u010diausios kokyb\u0117s pie\u0161imo popierius \u201eCanson Ingres Vidalon\u201c pasi\u017eymi tomis pa\u010diomis savyb\u0117mis, kaip ir \u201eCanson Mi-teintes\u201c popierius. Labai tinka pie\u0161imui sausa technika, pavyzd\u017eiui, pastele, pie\u0161tuku, anglimi, sangvinu ir net grafikos darbams spausdinti. Jo sud\u0117tyje yra daugiau nei 50 proc. medviln\u0117s, klijuotas \u017eelatina, tod\u0117l yra itin patvarus ir i\u0161ry\u0161kinantis spalvas. Popieriaus \u201eCanson\u00ae Ingres Vidalon\u00ae\u201c sud\u0117tyje n\u0117ra r\u016bg\u0161\u010di\u0173, neutralus (i\u0161skyrus juodos spalvos), buferinis, atsparus pel\u0117siams ir ypatingai atsparus sen\u0117jimui. Da\u017eytas skaidulinis pluo\u0161tas. Puikiai tinka pie\u0161iniams pastele, kreida, anglimi, sangvinu ir pie\u0161tuku. Tinka pie\u0161iniams ra\u0161alu ir markeriais.","og_url":"https:\/\/hobstop.ee\/lt\/produktas\/popierius-piesti-pastele-canson-ingres-vidalon-100g-50x65cm\/","og_site_name":"Skizze","article_publisher":"http:\/\/www.facebook.com\/VunderSkizze","og_image":[{"width":1024,"height":768,"url":"https:\/\/www.hobstop.ee\/media\/1383.jpg","type":"image\/jpeg"}],"twitter_card":"summary_large_image","twitter_misc":{"Est. reading time":"1 minute"},"schema":{"@context":"https:\/\/schema.org","@graph":[{"@type":"WebPage","@id":"https:\/\/hobstop.ee\/lt\/produktas\/popierius-piesti-pastele-canson-ingres-vidalon-100g-50x65cm\/","url":"https:\/\/hobstop.ee\/lt\/produktas\/popierius-piesti-pastele-canson-ingres-vidalon-100g-50x65cm\/","name":"Popierius pie\u0161ti pastele Canson Ingres Vidalon 100g 50x65cm &#8211; Skizze","isPartOf":{"@id":"https:\/\/hobstop.ee\/lt\/#website"},"primaryImageOfPage":{"@id":"https:\/\/hobstop.ee\/lt\/produktas\/popierius-piesti-pastele-canson-ingres-vidalon-100g-50x65cm\/#primaryimage"},"image":{"@id":"https:\/\/hobstop.ee\/lt\/produktas\/popierius-piesti-pastele-canson-ingres-vidalon-100g-50x65cm\/#primaryimage"},"thumbnailUrl":"https:\/\/hobstop.ee\/media\/1383.jpg","datePublished":"2015-07-31T23:02:44+00:00","dateModified":"2015-07-31T23:02:44+00:00","breadcrumb":{"@id":"https:\/\/hobstop.ee\/lt\/produktas\/popierius-piesti-pastele-canson-ingres-vidalon-100g-50x65cm\/#breadcrumb"},"inLanguage":"lt","potentialAction":[{"@type":"ReadAction","target":["https:\/\/hobstop.ee\/lt\/produktas\/popierius-piesti-pastele-canson-ingres-vidalon-100g-50x65cm\/"]}]},{"@type":"ImageObject","inLanguage":"lt","@id":"https:\/\/hobstop.ee\/lt\/produktas\/popierius-piesti-pastele-canson-ingres-vidalon-100g-50x65cm\/#primaryimage","url":"https:\/\/hobstop.ee\/media\/1383.jpg","contentUrl":"https:\/\/hobstop.ee\/media\/1383.jpg","width":1024,"height":768},{"@type":"BreadcrumbList","@id":"https:\/\/hobstop.ee\/lt\/produktas\/popierius-piesti-pastele-canson-ingres-vidalon-100g-50x65cm\/#breadcrumb","itemListElement":[{"@type":"ListItem","position":1,"name":"Avaleht","item":"https:\/\/hobstop.ee\/lt\/"},{"@type":"ListItem","position":2,"name":"Parduotuv\u0117","item":"https:\/\/hobstop.ee\/lt\/parduotuve\/"},{"@type":"ListItem","position":3,"name":"Popierius pie\u0161ti pastele Canson Ingres Vidalon 100g 50x65cm"}]},{"@type":"WebSite","@id":"https:\/\/hobstop.ee\/lt\/#website","url":"https:\/\/hobstop.ee\/lt\/","name":"Skizze","description":"Dail\u0117s, pom\u0117gi\u0173 ir mokykliniai reikm\u0117nys","publisher":{"@id":"https:\/\/hobstop.ee\/lt\/#organization"},"potentialAction":[{"@type":"SearchAction","target":{"@type":"EntryPoint","urlTemplate":"https:\/\/hobstop.ee\/lt\/?s={search_term_string}"},"query-input":{"@type":"PropertyValueSpecification","valueRequired":true,"valueName":"search_term_string"}}],"inLanguage":"lt"},{"@type":"Organization","@id":"https:\/\/hobstop.ee\/lt\/#organization","name":"Vunder AS","url":"https:\/\/hobstop.ee\/lt\/","logo":{"@type":"ImageObject","inLanguage":"lt","@id":"https:\/\/hobstop.ee\/lt\/#\/schema\/logo\/image\/","url":"https:\/\/hobstop.ee\/media\/vunder-logo.png","contentUrl":"https:\/\/hobstop.ee\/media\/vunder-logo.png","width":127,"height":55,"caption":"Vunder AS"},"image":{"@id":"https:\/\/hobstop.ee\/lt\/#\/schema\/logo\/image\/"},"sameAs":["http:\/\/www.facebook.com\/VunderSkizze"]}]}},"_links":{"self":[{"href":"https:\/\/hobstop.ee\/lt\/wp-json\/wp\/v2\/product\/185184","targetHints":{"allow":["GET"]}}],"collection":[{"href":"https:\/\/hobstop.ee\/lt\/wp-json\/wp\/v2\/product"}],"about":[{"href":"https:\/\/hobstop.ee\/lt\/wp-json\/wp\/v2\/types\/product"}],"replies":[{"embeddable":true,"href":"https:\/\/hobstop.ee\/lt\/wp-json\/wp\/v2\/comments?post=185184"}],"wp:featuredmedia":[{"embeddable":true,"href":"https:\/\/hobstop.ee\/lt\/wp-json\/wp\/v2\/media\/204256"}],"wp:attachment":[{"href":"https:\/\/hobstop.ee\/lt\/wp-json\/wp\/v2\/media?parent=185184"}],"wp:term":[{"taxonomy":"product_cat","embeddable":true,"href":"https:\/\/hobstop.ee\/lt\/wp-json\/wp\/v2\/product_cat?post=185184"},{"taxonomy":"product_tag","embeddable":true,"href":"https:\/\/hobstop.ee\/lt\/wp-json\/wp\/v2\/product_tag?post=185184"}],"curies":[{"name":"wp","href":"https:\/\/api.w.org\/{rel}","templated":true}]}}