{"id":185188,"date":"2015-08-01T02:02:55","date_gmt":"2015-07-31T23:02:55","guid":{"rendered":"http:\/\/vunder-ee.sn25.zone.eu\/lt\/product\/plastilinas-giotto-patplume-350g\/"},"modified":"2015-08-01T02:02:55","modified_gmt":"2015-07-31T23:02:55","slug":"plastilinas-giotto-patplume-350g","status":"publish","type":"product","link":"https:\/\/hobstop.ee\/lt\/produktas\/plastilinas-giotto-patplume-350g\/","title":{"rendered":"Plastilinas Giotto Patplume 350g"},"content":{"rendered":"<p>Lengvas modelinas. Itin plasti\u0161kas ir strukt\u016bri\u0161kas. Labai tinka nedideliems rank\u0173 darbo lipdiniams. Atsparus temperat\u016brai, galima ilgai minkyti. \u0160varus ir bekvapis, nekiet\u0117ja veikiamas oro. Galima nuplauti muilu ir vandeniu. \u012evairi\u0173 spalv\u0173 modelinas. Spalvas galima mai\u0161yti tarpusavyje.<\/p>\n","protected":false},"excerpt":{"rendered":"<p>Lengvas modelinas. Itin plasti\u0161kas ir strukt\u016bri\u0161kas. Labai tinka nedideliems rank\u0173 darbo lipdiniams. Atsparus temperat\u016brai, galima ilgai minkyti. \u0160varus ir bekvapis, nekiet\u0117ja veikiamas oro. Galima nuplauti muilu ir vandeniu. \u012evairi\u0173 spalv\u0173 modelinas. Spalvas galima mai\u0161yti tarpusavyje.<\/p>\n","protected":false},"featured_media":204260,"comment_status":"closed","ping_status":"closed","template":"","meta":{"_acf_changed":false,"ep_exclude_from_search":false},"product_cat":[14886,235,14964],"product_tag":[],"class_list":{"0":"post-185188","1":"product","2":"type-product","3":"status-publish","4":"has-post-thumbnail","6":"product_cat-vee-baasil-varvid","7":"product_cat-mokyklines-prekes","8":"product_cat-portselanvarvid","10":"first","11":"instock","12":"taxable","13":"shipping-taxable","14":"purchasable","15":"product-type-variable"},"acf":[],"yoast_head":"<!-- This site is optimized with the Yoast SEO plugin v24.1 - https:\/\/yoast.com\/wordpress\/plugins\/seo\/ -->\n<title>Plastilinas Giotto Patplume 350g &#8211; Skizze<\/title>\n<meta name=\"robots\" content=\"noindex, follow, max-snippet:-1, max-image-preview:large, max-video-preview:-1\" \/>\n<meta property=\"og:locale\" content=\"lt_LT\" \/>\n<meta property=\"og:type\" content=\"article\" \/>\n<meta property=\"og:title\" content=\"Plastilinas Giotto Patplume 350g &#8211; Skizze\" \/>\n<meta property=\"og:description\" content=\"Lengvas modelinas. Itin plasti\u0161kas ir strukt\u016bri\u0161kas. Labai tinka nedideliems rank\u0173 darbo lipdiniams. Atsparus temperat\u016brai, galima ilgai minkyti. \u0160varus ir bekvapis, nekiet\u0117ja veikiamas oro. Galima nuplauti muilu ir vandeniu. \u012evairi\u0173 spalv\u0173 modelinas. Spalvas galima mai\u0161yti tarpusavyje.\" \/>\n<meta property=\"og:url\" content=\"https:\/\/hobstop.ee\/lt\/produktas\/plastilinas-giotto-patplume-350g\/\" \/>\n<meta property=\"og:site_name\" content=\"Skizze\" \/>\n<meta property=\"article:publisher\" content=\"http:\/\/www.facebook.com\/VunderSkizze\" \/>\n<meta property=\"og:image\" content=\"https:\/\/hobstop.ee\/media\/1478.jpg\" \/>\n\t<meta property=\"og:image:width\" content=\"1024\" \/>\n\t<meta property=\"og:image:height\" content=\"768\" \/>\n\t<meta property=\"og:image:type\" content=\"image\/jpeg\" \/>\n<meta name=\"twitter:card\" content=\"summary_large_image\" \/>\n<script type=\"application\/ld+json\" class=\"yoast-schema-graph\">{\"@context\":\"https:\/\/schema.org\",\"@graph\":[{\"@type\":\"WebPage\",\"@id\":\"https:\/\/hobstop.ee\/lt\/produktas\/plastilinas-giotto-patplume-350g\/\",\"url\":\"https:\/\/hobstop.ee\/lt\/produktas\/plastilinas-giotto-patplume-350g\/\",\"name\":\"Plastilinas Giotto Patplume 350g &#8211; Skizze\",\"isPartOf\":{\"@id\":\"https:\/\/hobstop.ee\/lt\/#website\"},\"primaryImageOfPage\":{\"@id\":\"https:\/\/hobstop.ee\/lt\/produktas\/plastilinas-giotto-patplume-350g\/#primaryimage\"},\"image\":{\"@id\":\"https:\/\/hobstop.ee\/lt\/produktas\/plastilinas-giotto-patplume-350g\/#primaryimage\"},\"thumbnailUrl\":\"https:\/\/hobstop.ee\/media\/1478.jpg\",\"datePublished\":\"2015-07-31T23:02:55+00:00\",\"dateModified\":\"2015-07-31T23:02:55+00:00\",\"breadcrumb\":{\"@id\":\"https:\/\/hobstop.ee\/lt\/produktas\/plastilinas-giotto-patplume-350g\/#breadcrumb\"},\"inLanguage\":\"lt\",\"potentialAction\":[{\"@type\":\"ReadAction\",\"target\":[\"https:\/\/hobstop.ee\/lt\/produktas\/plastilinas-giotto-patplume-350g\/\"]}]},{\"@type\":\"ImageObject\",\"inLanguage\":\"lt\",\"@id\":\"https:\/\/hobstop.ee\/lt\/produktas\/plastilinas-giotto-patplume-350g\/#primaryimage\",\"url\":\"https:\/\/hobstop.ee\/media\/1478.jpg\",\"contentUrl\":\"https:\/\/hobstop.ee\/media\/1478.jpg\",\"width\":1024,\"height\":768},{\"@type\":\"BreadcrumbList\",\"@id\":\"https:\/\/hobstop.ee\/lt\/produktas\/plastilinas-giotto-patplume-350g\/#breadcrumb\",\"itemListElement\":[{\"@type\":\"ListItem\",\"position\":1,\"name\":\"Avaleht\",\"item\":\"https:\/\/hobstop.ee\/lt\/\"},{\"@type\":\"ListItem\",\"position\":2,\"name\":\"Parduotuv\u0117\",\"item\":\"https:\/\/hobstop.ee\/lt\/parduotuve\/\"},{\"@type\":\"ListItem\",\"position\":3,\"name\":\"Plastilinas Giotto Patplume 350g\"}]},{\"@type\":\"WebSite\",\"@id\":\"https:\/\/hobstop.ee\/lt\/#website\",\"url\":\"https:\/\/hobstop.ee\/lt\/\",\"name\":\"Skizze\",\"description\":\"Dail\u0117s, pom\u0117gi\u0173 ir mokykliniai reikm\u0117nys\",\"publisher\":{\"@id\":\"https:\/\/hobstop.ee\/lt\/#organization\"},\"potentialAction\":[{\"@type\":\"SearchAction\",\"target\":{\"@type\":\"EntryPoint\",\"urlTemplate\":\"https:\/\/hobstop.ee\/lt\/?s={search_term_string}\"},\"query-input\":{\"@type\":\"PropertyValueSpecification\",\"valueRequired\":true,\"valueName\":\"search_term_string\"}}],\"inLanguage\":\"lt\"},{\"@type\":\"Organization\",\"@id\":\"https:\/\/hobstop.ee\/lt\/#organization\",\"name\":\"Vunder AS\",\"url\":\"https:\/\/hobstop.ee\/lt\/\",\"logo\":{\"@type\":\"ImageObject\",\"inLanguage\":\"lt\",\"@id\":\"https:\/\/hobstop.ee\/lt\/#\/schema\/logo\/image\/\",\"url\":\"https:\/\/hobstop.ee\/media\/vunder-logo.png\",\"contentUrl\":\"https:\/\/hobstop.ee\/media\/vunder-logo.png\",\"width\":127,\"height\":55,\"caption\":\"Vunder AS\"},\"image\":{\"@id\":\"https:\/\/hobstop.ee\/lt\/#\/schema\/logo\/image\/\"},\"sameAs\":[\"http:\/\/www.facebook.com\/VunderSkizze\"]}]}<\/script>\n<!-- \/ Yoast SEO plugin. -->","yoast_head_json":{"title":"Plastilinas Giotto Patplume 350g &#8211; Skizze","robots":{"index":"noindex","follow":"follow","max-snippet":"max-snippet:-1","max-image-preview":"max-image-preview:large","max-video-preview":"max-video-preview:-1"},"og_locale":"lt_LT","og_type":"article","og_title":"Plastilinas Giotto Patplume 350g &#8211; Skizze","og_description":"Lengvas modelinas. Itin plasti\u0161kas ir strukt\u016bri\u0161kas. Labai tinka nedideliems rank\u0173 darbo lipdiniams. Atsparus temperat\u016brai, galima ilgai minkyti. \u0160varus ir bekvapis, nekiet\u0117ja veikiamas oro. Galima nuplauti muilu ir vandeniu. \u012evairi\u0173 spalv\u0173 modelinas. Spalvas galima mai\u0161yti tarpusavyje.","og_url":"https:\/\/hobstop.ee\/lt\/produktas\/plastilinas-giotto-patplume-350g\/","og_site_name":"Skizze","article_publisher":"http:\/\/www.facebook.com\/VunderSkizze","og_image":[{"width":1024,"height":768,"url":"https:\/\/hobstop.ee\/media\/1478.jpg","type":"image\/jpeg"}],"twitter_card":"summary_large_image","schema":{"@context":"https:\/\/schema.org","@graph":[{"@type":"WebPage","@id":"https:\/\/hobstop.ee\/lt\/produktas\/plastilinas-giotto-patplume-350g\/","url":"https:\/\/hobstop.ee\/lt\/produktas\/plastilinas-giotto-patplume-350g\/","name":"Plastilinas Giotto Patplume 350g &#8211; Skizze","isPartOf":{"@id":"https:\/\/hobstop.ee\/lt\/#website"},"primaryImageOfPage":{"@id":"https:\/\/hobstop.ee\/lt\/produktas\/plastilinas-giotto-patplume-350g\/#primaryimage"},"image":{"@id":"https:\/\/hobstop.ee\/lt\/produktas\/plastilinas-giotto-patplume-350g\/#primaryimage"},"thumbnailUrl":"https:\/\/hobstop.ee\/media\/1478.jpg","datePublished":"2015-07-31T23:02:55+00:00","dateModified":"2015-07-31T23:02:55+00:00","breadcrumb":{"@id":"https:\/\/hobstop.ee\/lt\/produktas\/plastilinas-giotto-patplume-350g\/#breadcrumb"},"inLanguage":"lt","potentialAction":[{"@type":"ReadAction","target":["https:\/\/hobstop.ee\/lt\/produktas\/plastilinas-giotto-patplume-350g\/"]}]},{"@type":"ImageObject","inLanguage":"lt","@id":"https:\/\/hobstop.ee\/lt\/produktas\/plastilinas-giotto-patplume-350g\/#primaryimage","url":"https:\/\/hobstop.ee\/media\/1478.jpg","contentUrl":"https:\/\/hobstop.ee\/media\/1478.jpg","width":1024,"height":768},{"@type":"BreadcrumbList","@id":"https:\/\/hobstop.ee\/lt\/produktas\/plastilinas-giotto-patplume-350g\/#breadcrumb","itemListElement":[{"@type":"ListItem","position":1,"name":"Avaleht","item":"https:\/\/hobstop.ee\/lt\/"},{"@type":"ListItem","position":2,"name":"Parduotuv\u0117","item":"https:\/\/hobstop.ee\/lt\/parduotuve\/"},{"@type":"ListItem","position":3,"name":"Plastilinas Giotto Patplume 350g"}]},{"@type":"WebSite","@id":"https:\/\/hobstop.ee\/lt\/#website","url":"https:\/\/hobstop.ee\/lt\/","name":"Skizze","description":"Dail\u0117s, pom\u0117gi\u0173 ir mokykliniai reikm\u0117nys","publisher":{"@id":"https:\/\/hobstop.ee\/lt\/#organization"},"potentialAction":[{"@type":"SearchAction","target":{"@type":"EntryPoint","urlTemplate":"https:\/\/hobstop.ee\/lt\/?s={search_term_string}"},"query-input":{"@type":"PropertyValueSpecification","valueRequired":true,"valueName":"search_term_string"}}],"inLanguage":"lt"},{"@type":"Organization","@id":"https:\/\/hobstop.ee\/lt\/#organization","name":"Vunder AS","url":"https:\/\/hobstop.ee\/lt\/","logo":{"@type":"ImageObject","inLanguage":"lt","@id":"https:\/\/hobstop.ee\/lt\/#\/schema\/logo\/image\/","url":"https:\/\/hobstop.ee\/media\/vunder-logo.png","contentUrl":"https:\/\/hobstop.ee\/media\/vunder-logo.png","width":127,"height":55,"caption":"Vunder AS"},"image":{"@id":"https:\/\/hobstop.ee\/lt\/#\/schema\/logo\/image\/"},"sameAs":["http:\/\/www.facebook.com\/VunderSkizze"]}]}},"_links":{"self":[{"href":"https:\/\/hobstop.ee\/lt\/wp-json\/wp\/v2\/product\/185188","targetHints":{"allow":["GET"]}}],"collection":[{"href":"https:\/\/hobstop.ee\/lt\/wp-json\/wp\/v2\/product"}],"about":[{"href":"https:\/\/hobstop.ee\/lt\/wp-json\/wp\/v2\/types\/product"}],"replies":[{"embeddable":true,"href":"https:\/\/hobstop.ee\/lt\/wp-json\/wp\/v2\/comments?post=185188"}],"wp:featuredmedia":[{"embeddable":true,"href":"https:\/\/hobstop.ee\/lt\/wp-json\/wp\/v2\/media\/204260"}],"wp:attachment":[{"href":"https:\/\/hobstop.ee\/lt\/wp-json\/wp\/v2\/media?parent=185188"}],"wp:term":[{"taxonomy":"product_cat","embeddable":true,"href":"https:\/\/hobstop.ee\/lt\/wp-json\/wp\/v2\/product_cat?post=185188"},{"taxonomy":"product_tag","embeddable":true,"href":"https:\/\/hobstop.ee\/lt\/wp-json\/wp\/v2\/product_tag?post=185188"}],"curies":[{"name":"wp","href":"https:\/\/api.w.org\/{rel}","templated":true}]}}