{"id":185192,"date":"2015-08-01T02:02:58","date_gmt":"2015-07-31T23:03:05","guid":{"rendered":"http:\/\/vunder-ee.sn25.zone.eu\/lt\/product\/silkas-crepe-de-chine-14-92cm\/"},"modified":"2015-08-01T02:03:05","modified_gmt":"2015-07-31T23:03:05","slug":"silkas-ritinyje-crepe-de-chine-14","status":"publish","type":"product","link":"https:\/\/hobstop.ee\/lt\/produktas\/silkas-ritinyje-crepe-de-chine-14\/","title":{"rendered":"\u0160ilkas ritinyje Crepe de Chine 14"},"content":{"rendered":"<p>Universalus \u0161ilkas, pana\u0161us \u012f gars\u0173j\u012f krep\u0105, \u0161iurk\u0161taus pavir\u0161iaus ir matinio blizgesio.  Cr\u00eape de Chine 14 krinta bangomis, yra mink\u0161tas ir ma\u017eai glam\u017eosi, tod\u0117l yra m\u0117gstamas vis\u0173 siuv\u0117j\u0173. Audini\u0173 dekoratorius \u017eavi spalv\u0173 blizgesys ir puikios med\u017eiagos savyb\u0117s da\u017eymui ir spausdinimui. Itin gra\u017eiai atrodo i\u0161 \u0161io audinio pasi\u016btos palaidinuk\u0117s, lengvos suknel\u0117s ir dekoratyv\u016bs \u0161ilkiniai r\u016bbai.<\/p>\n","protected":false},"excerpt":{"rendered":"<p>Universalus \u0161ilkas, pana\u0161us \u012f gars\u0173j\u012f krep\u0105, \u0161iurk\u0161taus pavir\u0161iaus ir matinio blizgesio. Cr\u00eape de Chine 14 krinta bangomis, yra mink\u0161tas ir ma\u017eai glam\u017eosi, tod\u0117l yra m\u0117gstamas vis\u0173 siuv\u0117j\u0173. Audini\u0173 dekoratorius \u017eavi spalv\u0173 blizgesys ir puikios med\u017eiagos savyb\u0117s da\u017eymui ir spausdinimui. Itin gra\u017eiai atrodo i\u0161 \u0161io audinio pasi\u016btos palaidinuk\u0117s, lengvos suknel\u0117s ir dekoratyv\u016bs \u0161ilkiniai r\u016bbai.<\/p>\n","protected":false},"featured_media":204268,"comment_status":"closed","ping_status":"closed","template":"","meta":{"_acf_changed":false,"ep_exclude_from_search":false},"product_cat":[17919,14986,18306],"product_tag":[],"class_list":{"0":"post-185192","1":"product","2":"type-product","3":"status-publish","4":"has-post-thumbnail","6":"product_cat-pomegiu-prekes","7":"product_cat-ruosinys","8":"product_cat-silkas","10":"first","11":"outofstock","12":"taxable","13":"shipping-taxable","14":"purchasable","15":"product-type-variable"},"acf":[],"yoast_head":"<!-- This site is optimized with the Yoast SEO plugin v24.1 - https:\/\/yoast.com\/wordpress\/plugins\/seo\/ -->\n<title>\u0160ilkas ritinyje Crepe de Chine 14 &#8211; Skizze<\/title>\n<meta name=\"robots\" content=\"noindex, follow, max-snippet:-1, max-image-preview:large, max-video-preview:-1\" \/>\n<meta property=\"og:locale\" content=\"lt_LT\" \/>\n<meta property=\"og:type\" content=\"article\" \/>\n<meta property=\"og:title\" content=\"\u0160ilkas ritinyje Crepe de Chine 14 &#8211; Skizze\" \/>\n<meta property=\"og:description\" content=\"Universalus \u0161ilkas, pana\u0161us \u012f gars\u0173j\u012f krep\u0105, \u0161iurk\u0161taus pavir\u0161iaus ir matinio blizgesio. Cr\u00eape de Chine 14 krinta bangomis, yra mink\u0161tas ir ma\u017eai glam\u017eosi, tod\u0117l yra m\u0117gstamas vis\u0173 siuv\u0117j\u0173. Audini\u0173 dekoratorius \u017eavi spalv\u0173 blizgesys ir puikios med\u017eiagos savyb\u0117s da\u017eymui ir spausdinimui. Itin gra\u017eiai atrodo i\u0161 \u0161io audinio pasi\u016btos palaidinuk\u0117s, lengvos suknel\u0117s ir dekoratyv\u016bs \u0161ilkiniai r\u016bbai.\" \/>\n<meta property=\"og:url\" content=\"https:\/\/hobstop.ee\/lt\/produktas\/silkas-ritinyje-crepe-de-chine-14\/\" \/>\n<meta property=\"og:site_name\" content=\"Skizze\" \/>\n<meta property=\"article:publisher\" content=\"http:\/\/www.facebook.com\/VunderSkizze\" \/>\n<meta property=\"og:image\" content=\"https:\/\/hobstop.ee\/media\/2161.jpg\" \/>\n\t<meta property=\"og:image:width\" content=\"270\" \/>\n\t<meta property=\"og:image:height\" content=\"236\" \/>\n\t<meta property=\"og:image:type\" content=\"image\/jpeg\" \/>\n<meta name=\"twitter:card\" content=\"summary_large_image\" \/>\n<script type=\"application\/ld+json\" class=\"yoast-schema-graph\">{\"@context\":\"https:\/\/schema.org\",\"@graph\":[{\"@type\":\"WebPage\",\"@id\":\"https:\/\/hobstop.ee\/lt\/produktas\/silkas-ritinyje-crepe-de-chine-14\/\",\"url\":\"https:\/\/hobstop.ee\/lt\/produktas\/silkas-ritinyje-crepe-de-chine-14\/\",\"name\":\"\u0160ilkas ritinyje Crepe de Chine 14 &#8211; Skizze\",\"isPartOf\":{\"@id\":\"https:\/\/hobstop.ee\/lt\/#website\"},\"primaryImageOfPage\":{\"@id\":\"https:\/\/hobstop.ee\/lt\/produktas\/silkas-ritinyje-crepe-de-chine-14\/#primaryimage\"},\"image\":{\"@id\":\"https:\/\/hobstop.ee\/lt\/produktas\/silkas-ritinyje-crepe-de-chine-14\/#primaryimage\"},\"thumbnailUrl\":\"https:\/\/hobstop.ee\/media\/2161.jpg\",\"datePublished\":\"2015-07-31T23:03:05+00:00\",\"dateModified\":\"2015-07-31T23:03:05+00:00\",\"breadcrumb\":{\"@id\":\"https:\/\/hobstop.ee\/lt\/produktas\/silkas-ritinyje-crepe-de-chine-14\/#breadcrumb\"},\"inLanguage\":\"lt\",\"potentialAction\":[{\"@type\":\"ReadAction\",\"target\":[\"https:\/\/hobstop.ee\/lt\/produktas\/silkas-ritinyje-crepe-de-chine-14\/\"]}]},{\"@type\":\"ImageObject\",\"inLanguage\":\"lt\",\"@id\":\"https:\/\/hobstop.ee\/lt\/produktas\/silkas-ritinyje-crepe-de-chine-14\/#primaryimage\",\"url\":\"https:\/\/hobstop.ee\/media\/2161.jpg\",\"contentUrl\":\"https:\/\/hobstop.ee\/media\/2161.jpg\",\"width\":270,\"height\":236},{\"@type\":\"BreadcrumbList\",\"@id\":\"https:\/\/hobstop.ee\/lt\/produktas\/silkas-ritinyje-crepe-de-chine-14\/#breadcrumb\",\"itemListElement\":[{\"@type\":\"ListItem\",\"position\":1,\"name\":\"Avaleht\",\"item\":\"https:\/\/hobstop.ee\/lt\/\"},{\"@type\":\"ListItem\",\"position\":2,\"name\":\"Parduotuv\u0117\",\"item\":\"https:\/\/hobstop.ee\/lt\/parduotuve\/\"},{\"@type\":\"ListItem\",\"position\":3,\"name\":\"\u0160ilkas ritinyje Crepe de Chine 14\"}]},{\"@type\":\"WebSite\",\"@id\":\"https:\/\/hobstop.ee\/lt\/#website\",\"url\":\"https:\/\/hobstop.ee\/lt\/\",\"name\":\"Skizze\",\"description\":\"Dail\u0117s, pom\u0117gi\u0173 ir mokykliniai reikm\u0117nys\",\"publisher\":{\"@id\":\"https:\/\/hobstop.ee\/lt\/#organization\"},\"potentialAction\":[{\"@type\":\"SearchAction\",\"target\":{\"@type\":\"EntryPoint\",\"urlTemplate\":\"https:\/\/hobstop.ee\/lt\/?s={search_term_string}\"},\"query-input\":{\"@type\":\"PropertyValueSpecification\",\"valueRequired\":true,\"valueName\":\"search_term_string\"}}],\"inLanguage\":\"lt\"},{\"@type\":\"Organization\",\"@id\":\"https:\/\/hobstop.ee\/lt\/#organization\",\"name\":\"Vunder AS\",\"url\":\"https:\/\/hobstop.ee\/lt\/\",\"logo\":{\"@type\":\"ImageObject\",\"inLanguage\":\"lt\",\"@id\":\"https:\/\/hobstop.ee\/lt\/#\/schema\/logo\/image\/\",\"url\":\"https:\/\/hobstop.ee\/media\/vunder-logo.png\",\"contentUrl\":\"https:\/\/hobstop.ee\/media\/vunder-logo.png\",\"width\":127,\"height\":55,\"caption\":\"Vunder AS\"},\"image\":{\"@id\":\"https:\/\/hobstop.ee\/lt\/#\/schema\/logo\/image\/\"},\"sameAs\":[\"http:\/\/www.facebook.com\/VunderSkizze\"]}]}<\/script>\n<!-- \/ Yoast SEO plugin. -->","yoast_head_json":{"title":"\u0160ilkas ritinyje Crepe de Chine 14 &#8211; Skizze","robots":{"index":"noindex","follow":"follow","max-snippet":"max-snippet:-1","max-image-preview":"max-image-preview:large","max-video-preview":"max-video-preview:-1"},"og_locale":"lt_LT","og_type":"article","og_title":"\u0160ilkas ritinyje Crepe de Chine 14 &#8211; Skizze","og_description":"Universalus \u0161ilkas, pana\u0161us \u012f gars\u0173j\u012f krep\u0105, \u0161iurk\u0161taus pavir\u0161iaus ir matinio blizgesio. Cr\u00eape de Chine 14 krinta bangomis, yra mink\u0161tas ir ma\u017eai glam\u017eosi, tod\u0117l yra m\u0117gstamas vis\u0173 siuv\u0117j\u0173. Audini\u0173 dekoratorius \u017eavi spalv\u0173 blizgesys ir puikios med\u017eiagos savyb\u0117s da\u017eymui ir spausdinimui. Itin gra\u017eiai atrodo i\u0161 \u0161io audinio pasi\u016btos palaidinuk\u0117s, lengvos suknel\u0117s ir dekoratyv\u016bs \u0161ilkiniai r\u016bbai.","og_url":"https:\/\/hobstop.ee\/lt\/produktas\/silkas-ritinyje-crepe-de-chine-14\/","og_site_name":"Skizze","article_publisher":"http:\/\/www.facebook.com\/VunderSkizze","og_image":[{"width":270,"height":236,"url":"https:\/\/hobstop.ee\/media\/2161.jpg","type":"image\/jpeg"}],"twitter_card":"summary_large_image","schema":{"@context":"https:\/\/schema.org","@graph":[{"@type":"WebPage","@id":"https:\/\/hobstop.ee\/lt\/produktas\/silkas-ritinyje-crepe-de-chine-14\/","url":"https:\/\/hobstop.ee\/lt\/produktas\/silkas-ritinyje-crepe-de-chine-14\/","name":"\u0160ilkas ritinyje Crepe de Chine 14 &#8211; Skizze","isPartOf":{"@id":"https:\/\/hobstop.ee\/lt\/#website"},"primaryImageOfPage":{"@id":"https:\/\/hobstop.ee\/lt\/produktas\/silkas-ritinyje-crepe-de-chine-14\/#primaryimage"},"image":{"@id":"https:\/\/hobstop.ee\/lt\/produktas\/silkas-ritinyje-crepe-de-chine-14\/#primaryimage"},"thumbnailUrl":"https:\/\/hobstop.ee\/media\/2161.jpg","datePublished":"2015-07-31T23:03:05+00:00","dateModified":"2015-07-31T23:03:05+00:00","breadcrumb":{"@id":"https:\/\/hobstop.ee\/lt\/produktas\/silkas-ritinyje-crepe-de-chine-14\/#breadcrumb"},"inLanguage":"lt","potentialAction":[{"@type":"ReadAction","target":["https:\/\/hobstop.ee\/lt\/produktas\/silkas-ritinyje-crepe-de-chine-14\/"]}]},{"@type":"ImageObject","inLanguage":"lt","@id":"https:\/\/hobstop.ee\/lt\/produktas\/silkas-ritinyje-crepe-de-chine-14\/#primaryimage","url":"https:\/\/hobstop.ee\/media\/2161.jpg","contentUrl":"https:\/\/hobstop.ee\/media\/2161.jpg","width":270,"height":236},{"@type":"BreadcrumbList","@id":"https:\/\/hobstop.ee\/lt\/produktas\/silkas-ritinyje-crepe-de-chine-14\/#breadcrumb","itemListElement":[{"@type":"ListItem","position":1,"name":"Avaleht","item":"https:\/\/hobstop.ee\/lt\/"},{"@type":"ListItem","position":2,"name":"Parduotuv\u0117","item":"https:\/\/hobstop.ee\/lt\/parduotuve\/"},{"@type":"ListItem","position":3,"name":"\u0160ilkas ritinyje Crepe de Chine 14"}]},{"@type":"WebSite","@id":"https:\/\/hobstop.ee\/lt\/#website","url":"https:\/\/hobstop.ee\/lt\/","name":"Skizze","description":"Dail\u0117s, pom\u0117gi\u0173 ir mokykliniai reikm\u0117nys","publisher":{"@id":"https:\/\/hobstop.ee\/lt\/#organization"},"potentialAction":[{"@type":"SearchAction","target":{"@type":"EntryPoint","urlTemplate":"https:\/\/hobstop.ee\/lt\/?s={search_term_string}"},"query-input":{"@type":"PropertyValueSpecification","valueRequired":true,"valueName":"search_term_string"}}],"inLanguage":"lt"},{"@type":"Organization","@id":"https:\/\/hobstop.ee\/lt\/#organization","name":"Vunder AS","url":"https:\/\/hobstop.ee\/lt\/","logo":{"@type":"ImageObject","inLanguage":"lt","@id":"https:\/\/hobstop.ee\/lt\/#\/schema\/logo\/image\/","url":"https:\/\/hobstop.ee\/media\/vunder-logo.png","contentUrl":"https:\/\/hobstop.ee\/media\/vunder-logo.png","width":127,"height":55,"caption":"Vunder AS"},"image":{"@id":"https:\/\/hobstop.ee\/lt\/#\/schema\/logo\/image\/"},"sameAs":["http:\/\/www.facebook.com\/VunderSkizze"]}]}},"_links":{"self":[{"href":"https:\/\/hobstop.ee\/lt\/wp-json\/wp\/v2\/product\/185192","targetHints":{"allow":["GET"]}}],"collection":[{"href":"https:\/\/hobstop.ee\/lt\/wp-json\/wp\/v2\/product"}],"about":[{"href":"https:\/\/hobstop.ee\/lt\/wp-json\/wp\/v2\/types\/product"}],"replies":[{"embeddable":true,"href":"https:\/\/hobstop.ee\/lt\/wp-json\/wp\/v2\/comments?post=185192"}],"wp:featuredmedia":[{"embeddable":true,"href":"https:\/\/hobstop.ee\/lt\/wp-json\/wp\/v2\/media\/204268"}],"wp:attachment":[{"href":"https:\/\/hobstop.ee\/lt\/wp-json\/wp\/v2\/media?parent=185192"}],"wp:term":[{"taxonomy":"product_cat","embeddable":true,"href":"https:\/\/hobstop.ee\/lt\/wp-json\/wp\/v2\/product_cat?post=185192"},{"taxonomy":"product_tag","embeddable":true,"href":"https:\/\/hobstop.ee\/lt\/wp-json\/wp\/v2\/product_tag?post=185192"}],"curies":[{"name":"wp","href":"https:\/\/api.w.org\/{rel}","templated":true}]}}