{"id":185200,"date":"2015-08-01T02:03:18","date_gmt":"2015-07-31T23:03:27","guid":{"rendered":"http:\/\/vunder-ee.sn25.zone.eu\/lt\/product\/silkas-crepe-satin-12-5-90cm\/"},"modified":"2015-08-01T02:03:27","modified_gmt":"2015-07-31T23:03:27","slug":"silkas-ritinyje-crepe-satin-12-5","status":"publish","type":"product","link":"https:\/\/hobstop.ee\/lt\/produktas\/silkas-ritinyje-crepe-satin-12-5\/","title":{"rendered":"\u0160ilkas ritinyje Crepe Satin 12.5"},"content":{"rendered":"<p>Itin universali dvipus\u0117 med\u017eiaga: geroji pus\u0117 yra visiems \u017einomas, gra\u017eiai spindintis tarsi stiklinis satininis pavir\u0161ius. Blogoji pus\u0117 \u2013 \u017e\u0117rin\u010diai matin\u0117, pana\u0161i \u012f krepde\u0161in\u0105. Krepsatino istorija yra labai \u012fdomi \u2013 pirmiausia jis buvo gaminamas kaip \u0161ilko krepas, kurio blogoji pus\u0117 tur\u0117jo b\u016bti lygi. V\u0117liau svarbu pasidar\u0117 blizgesys ir krepsatinas buvo \u201eapverstas\u201c. Cr\u00eape Satin 12.5 lengvai krenta, nesiglam\u017eo ir visas spalvas perduoda ry\u0161kiai ir gausiai. Lygus pavir\u0161ius tiesiog kvie\u010dia tapyti, da\u017eyti ir spausdinti. Vidutinio sunkumo audinys idealiai tinkantis lengv\u0173 palaidini\u0173, tunik\u0173 ir kit\u0173 pana\u0161i\u0173 drabu\u017ei\u0173 siuvimui. I\u0161 \u0161ios med\u017eiagos pasi\u016bti \u0161alik\u0117liai, skarel\u0117s, \u0161aliai ir skraist\u0117s.<\/p>\n","protected":false},"excerpt":{"rendered":"<p>Itin universali dvipus\u0117 med\u017eiaga: geroji pus\u0117 yra visiems \u017einomas, gra\u017eiai spindintis tarsi stiklinis satininis pavir\u0161ius. Blogoji pus\u0117 \u2013 \u017e\u0117rin\u010diai matin\u0117, pana\u0161i \u012f krepde\u0161in\u0105. Krepsatino istorija yra labai \u012fdomi \u2013 pirmiausia jis buvo gaminamas kaip \u0161ilko krepas, kurio blogoji pus\u0117 tur\u0117jo b\u016bti lygi. V\u0117liau svarbu pasidar\u0117 blizgesys ir krepsatinas buvo \u201eapverstas\u201c. Cr\u00eape Satin 12.5 lengvai krenta, nesiglam\u017eo ir visas spalvas perduoda ry\u0161kiai ir gausiai. Lygus pavir\u0161ius tiesiog kvie\u010dia tapyti, da\u017eyti ir spausdinti. Vidutinio sunkumo audinys idealiai tinkantis lengv\u0173 palaidini\u0173, tunik\u0173 ir kit\u0173 pana\u0161i\u0173 drabu\u017ei\u0173 siuvimui. I\u0161 \u0161ios med\u017eiagos pasi\u016bti \u0161alik\u0117liai, skarel\u0117s, \u0161aliai ir skraist\u0117s.<\/p>\n","protected":false},"featured_media":204276,"comment_status":"closed","ping_status":"closed","template":"","meta":{"_acf_changed":false,"ep_exclude_from_search":false},"product_cat":[17919,14986,18306],"product_tag":[],"class_list":{"0":"post-185200","1":"product","2":"type-product","3":"status-publish","4":"has-post-thumbnail","6":"product_cat-pomegiu-prekes","7":"product_cat-ruosinys","8":"product_cat-silkas","10":"first","11":"outofstock","12":"taxable","13":"shipping-taxable","14":"purchasable","15":"product-type-variable"},"acf":[],"yoast_head":"<!-- This site is optimized with the Yoast SEO plugin v24.1 - https:\/\/yoast.com\/wordpress\/plugins\/seo\/ -->\n<title>\u0160ilkas ritinyje Crepe Satin 12.5 &#8211; Skizze<\/title>\n<meta name=\"robots\" content=\"noindex, follow, max-snippet:-1, max-image-preview:large, max-video-preview:-1\" \/>\n<meta property=\"og:locale\" content=\"lt_LT\" \/>\n<meta property=\"og:type\" content=\"article\" \/>\n<meta property=\"og:title\" content=\"\u0160ilkas ritinyje Crepe Satin 12.5 &#8211; Skizze\" \/>\n<meta property=\"og:description\" content=\"Itin universali dvipus\u0117 med\u017eiaga: geroji pus\u0117 yra visiems \u017einomas, gra\u017eiai spindintis tarsi stiklinis satininis pavir\u0161ius. Blogoji pus\u0117 \u2013 \u017e\u0117rin\u010diai matin\u0117, pana\u0161i \u012f krepde\u0161in\u0105. Krepsatino istorija yra labai \u012fdomi \u2013 pirmiausia jis buvo gaminamas kaip \u0161ilko krepas, kurio blogoji pus\u0117 tur\u0117jo b\u016bti lygi. V\u0117liau svarbu pasidar\u0117 blizgesys ir krepsatinas buvo \u201eapverstas\u201c. Cr\u00eape Satin 12.5 lengvai krenta, nesiglam\u017eo ir visas spalvas perduoda ry\u0161kiai ir gausiai. Lygus pavir\u0161ius tiesiog kvie\u010dia tapyti, da\u017eyti ir spausdinti. Vidutinio sunkumo audinys idealiai tinkantis lengv\u0173 palaidini\u0173, tunik\u0173 ir kit\u0173 pana\u0161i\u0173 drabu\u017ei\u0173 siuvimui. I\u0161 \u0161ios med\u017eiagos pasi\u016bti \u0161alik\u0117liai, skarel\u0117s, \u0161aliai ir skraist\u0117s.\" \/>\n<meta property=\"og:url\" content=\"https:\/\/hobstop.ee\/lt\/produktas\/silkas-ritinyje-crepe-satin-12-5\/\" \/>\n<meta property=\"og:site_name\" content=\"Skizze\" \/>\n<meta property=\"article:publisher\" content=\"http:\/\/www.facebook.com\/VunderSkizze\" \/>\n<meta property=\"og:image\" content=\"https:\/\/hobstop.ee\/media\/2449.jpg\" \/>\n\t<meta property=\"og:image:width\" content=\"270\" \/>\n\t<meta property=\"og:image:height\" content=\"271\" \/>\n\t<meta property=\"og:image:type\" content=\"image\/jpeg\" \/>\n<meta name=\"twitter:card\" content=\"summary_large_image\" \/>\n<meta name=\"twitter:label1\" content=\"Est. reading time\" \/>\n\t<meta name=\"twitter:data1\" content=\"1 minute\" \/>\n<script type=\"application\/ld+json\" class=\"yoast-schema-graph\">{\"@context\":\"https:\/\/schema.org\",\"@graph\":[{\"@type\":\"WebPage\",\"@id\":\"https:\/\/hobstop.ee\/lt\/produktas\/silkas-ritinyje-crepe-satin-12-5\/\",\"url\":\"https:\/\/hobstop.ee\/lt\/produktas\/silkas-ritinyje-crepe-satin-12-5\/\",\"name\":\"\u0160ilkas ritinyje Crepe Satin 12.5 &#8211; Skizze\",\"isPartOf\":{\"@id\":\"https:\/\/hobstop.ee\/lt\/#website\"},\"primaryImageOfPage\":{\"@id\":\"https:\/\/hobstop.ee\/lt\/produktas\/silkas-ritinyje-crepe-satin-12-5\/#primaryimage\"},\"image\":{\"@id\":\"https:\/\/hobstop.ee\/lt\/produktas\/silkas-ritinyje-crepe-satin-12-5\/#primaryimage\"},\"thumbnailUrl\":\"https:\/\/hobstop.ee\/media\/2449.jpg\",\"datePublished\":\"2015-07-31T23:03:27+00:00\",\"dateModified\":\"2015-07-31T23:03:27+00:00\",\"breadcrumb\":{\"@id\":\"https:\/\/hobstop.ee\/lt\/produktas\/silkas-ritinyje-crepe-satin-12-5\/#breadcrumb\"},\"inLanguage\":\"lt\",\"potentialAction\":[{\"@type\":\"ReadAction\",\"target\":[\"https:\/\/hobstop.ee\/lt\/produktas\/silkas-ritinyje-crepe-satin-12-5\/\"]}]},{\"@type\":\"ImageObject\",\"inLanguage\":\"lt\",\"@id\":\"https:\/\/hobstop.ee\/lt\/produktas\/silkas-ritinyje-crepe-satin-12-5\/#primaryimage\",\"url\":\"https:\/\/hobstop.ee\/media\/2449.jpg\",\"contentUrl\":\"https:\/\/hobstop.ee\/media\/2449.jpg\",\"width\":270,\"height\":271},{\"@type\":\"BreadcrumbList\",\"@id\":\"https:\/\/hobstop.ee\/lt\/produktas\/silkas-ritinyje-crepe-satin-12-5\/#breadcrumb\",\"itemListElement\":[{\"@type\":\"ListItem\",\"position\":1,\"name\":\"Avaleht\",\"item\":\"https:\/\/hobstop.ee\/lt\/\"},{\"@type\":\"ListItem\",\"position\":2,\"name\":\"Parduotuv\u0117\",\"item\":\"https:\/\/hobstop.ee\/lt\/parduotuve\/\"},{\"@type\":\"ListItem\",\"position\":3,\"name\":\"\u0160ilkas ritinyje Crepe Satin 12.5\"}]},{\"@type\":\"WebSite\",\"@id\":\"https:\/\/hobstop.ee\/lt\/#website\",\"url\":\"https:\/\/hobstop.ee\/lt\/\",\"name\":\"Skizze\",\"description\":\"Dail\u0117s, pom\u0117gi\u0173 ir mokykliniai reikm\u0117nys\",\"publisher\":{\"@id\":\"https:\/\/hobstop.ee\/lt\/#organization\"},\"potentialAction\":[{\"@type\":\"SearchAction\",\"target\":{\"@type\":\"EntryPoint\",\"urlTemplate\":\"https:\/\/hobstop.ee\/lt\/?s={search_term_string}\"},\"query-input\":{\"@type\":\"PropertyValueSpecification\",\"valueRequired\":true,\"valueName\":\"search_term_string\"}}],\"inLanguage\":\"lt\"},{\"@type\":\"Organization\",\"@id\":\"https:\/\/hobstop.ee\/lt\/#organization\",\"name\":\"Vunder AS\",\"url\":\"https:\/\/hobstop.ee\/lt\/\",\"logo\":{\"@type\":\"ImageObject\",\"inLanguage\":\"lt\",\"@id\":\"https:\/\/hobstop.ee\/lt\/#\/schema\/logo\/image\/\",\"url\":\"https:\/\/hobstop.ee\/media\/vunder-logo.png\",\"contentUrl\":\"https:\/\/hobstop.ee\/media\/vunder-logo.png\",\"width\":127,\"height\":55,\"caption\":\"Vunder AS\"},\"image\":{\"@id\":\"https:\/\/hobstop.ee\/lt\/#\/schema\/logo\/image\/\"},\"sameAs\":[\"http:\/\/www.facebook.com\/VunderSkizze\"]}]}<\/script>\n<!-- \/ Yoast SEO plugin. -->","yoast_head_json":{"title":"\u0160ilkas ritinyje Crepe Satin 12.5 &#8211; Skizze","robots":{"index":"noindex","follow":"follow","max-snippet":"max-snippet:-1","max-image-preview":"max-image-preview:large","max-video-preview":"max-video-preview:-1"},"og_locale":"lt_LT","og_type":"article","og_title":"\u0160ilkas ritinyje Crepe Satin 12.5 &#8211; Skizze","og_description":"Itin universali dvipus\u0117 med\u017eiaga: geroji pus\u0117 yra visiems \u017einomas, gra\u017eiai spindintis tarsi stiklinis satininis pavir\u0161ius. Blogoji pus\u0117 \u2013 \u017e\u0117rin\u010diai matin\u0117, pana\u0161i \u012f krepde\u0161in\u0105. Krepsatino istorija yra labai \u012fdomi \u2013 pirmiausia jis buvo gaminamas kaip \u0161ilko krepas, kurio blogoji pus\u0117 tur\u0117jo b\u016bti lygi. V\u0117liau svarbu pasidar\u0117 blizgesys ir krepsatinas buvo \u201eapverstas\u201c. Cr\u00eape Satin 12.5 lengvai krenta, nesiglam\u017eo ir visas spalvas perduoda ry\u0161kiai ir gausiai. Lygus pavir\u0161ius tiesiog kvie\u010dia tapyti, da\u017eyti ir spausdinti. Vidutinio sunkumo audinys idealiai tinkantis lengv\u0173 palaidini\u0173, tunik\u0173 ir kit\u0173 pana\u0161i\u0173 drabu\u017ei\u0173 siuvimui. I\u0161 \u0161ios med\u017eiagos pasi\u016bti \u0161alik\u0117liai, skarel\u0117s, \u0161aliai ir skraist\u0117s.","og_url":"https:\/\/hobstop.ee\/lt\/produktas\/silkas-ritinyje-crepe-satin-12-5\/","og_site_name":"Skizze","article_publisher":"http:\/\/www.facebook.com\/VunderSkizze","og_image":[{"width":270,"height":271,"url":"https:\/\/hobstop.ee\/media\/2449.jpg","type":"image\/jpeg"}],"twitter_card":"summary_large_image","twitter_misc":{"Est. reading time":"1 minute"},"schema":{"@context":"https:\/\/schema.org","@graph":[{"@type":"WebPage","@id":"https:\/\/hobstop.ee\/lt\/produktas\/silkas-ritinyje-crepe-satin-12-5\/","url":"https:\/\/hobstop.ee\/lt\/produktas\/silkas-ritinyje-crepe-satin-12-5\/","name":"\u0160ilkas ritinyje Crepe Satin 12.5 &#8211; Skizze","isPartOf":{"@id":"https:\/\/hobstop.ee\/lt\/#website"},"primaryImageOfPage":{"@id":"https:\/\/hobstop.ee\/lt\/produktas\/silkas-ritinyje-crepe-satin-12-5\/#primaryimage"},"image":{"@id":"https:\/\/hobstop.ee\/lt\/produktas\/silkas-ritinyje-crepe-satin-12-5\/#primaryimage"},"thumbnailUrl":"https:\/\/hobstop.ee\/media\/2449.jpg","datePublished":"2015-07-31T23:03:27+00:00","dateModified":"2015-07-31T23:03:27+00:00","breadcrumb":{"@id":"https:\/\/hobstop.ee\/lt\/produktas\/silkas-ritinyje-crepe-satin-12-5\/#breadcrumb"},"inLanguage":"lt","potentialAction":[{"@type":"ReadAction","target":["https:\/\/hobstop.ee\/lt\/produktas\/silkas-ritinyje-crepe-satin-12-5\/"]}]},{"@type":"ImageObject","inLanguage":"lt","@id":"https:\/\/hobstop.ee\/lt\/produktas\/silkas-ritinyje-crepe-satin-12-5\/#primaryimage","url":"https:\/\/hobstop.ee\/media\/2449.jpg","contentUrl":"https:\/\/hobstop.ee\/media\/2449.jpg","width":270,"height":271},{"@type":"BreadcrumbList","@id":"https:\/\/hobstop.ee\/lt\/produktas\/silkas-ritinyje-crepe-satin-12-5\/#breadcrumb","itemListElement":[{"@type":"ListItem","position":1,"name":"Avaleht","item":"https:\/\/hobstop.ee\/lt\/"},{"@type":"ListItem","position":2,"name":"Parduotuv\u0117","item":"https:\/\/hobstop.ee\/lt\/parduotuve\/"},{"@type":"ListItem","position":3,"name":"\u0160ilkas ritinyje Crepe Satin 12.5"}]},{"@type":"WebSite","@id":"https:\/\/hobstop.ee\/lt\/#website","url":"https:\/\/hobstop.ee\/lt\/","name":"Skizze","description":"Dail\u0117s, pom\u0117gi\u0173 ir mokykliniai reikm\u0117nys","publisher":{"@id":"https:\/\/hobstop.ee\/lt\/#organization"},"potentialAction":[{"@type":"SearchAction","target":{"@type":"EntryPoint","urlTemplate":"https:\/\/hobstop.ee\/lt\/?s={search_term_string}"},"query-input":{"@type":"PropertyValueSpecification","valueRequired":true,"valueName":"search_term_string"}}],"inLanguage":"lt"},{"@type":"Organization","@id":"https:\/\/hobstop.ee\/lt\/#organization","name":"Vunder AS","url":"https:\/\/hobstop.ee\/lt\/","logo":{"@type":"ImageObject","inLanguage":"lt","@id":"https:\/\/hobstop.ee\/lt\/#\/schema\/logo\/image\/","url":"https:\/\/hobstop.ee\/media\/vunder-logo.png","contentUrl":"https:\/\/hobstop.ee\/media\/vunder-logo.png","width":127,"height":55,"caption":"Vunder AS"},"image":{"@id":"https:\/\/hobstop.ee\/lt\/#\/schema\/logo\/image\/"},"sameAs":["http:\/\/www.facebook.com\/VunderSkizze"]}]}},"_links":{"self":[{"href":"https:\/\/hobstop.ee\/lt\/wp-json\/wp\/v2\/product\/185200","targetHints":{"allow":["GET"]}}],"collection":[{"href":"https:\/\/hobstop.ee\/lt\/wp-json\/wp\/v2\/product"}],"about":[{"href":"https:\/\/hobstop.ee\/lt\/wp-json\/wp\/v2\/types\/product"}],"replies":[{"embeddable":true,"href":"https:\/\/hobstop.ee\/lt\/wp-json\/wp\/v2\/comments?post=185200"}],"wp:featuredmedia":[{"embeddable":true,"href":"https:\/\/hobstop.ee\/lt\/wp-json\/wp\/v2\/media\/204276"}],"wp:attachment":[{"href":"https:\/\/hobstop.ee\/lt\/wp-json\/wp\/v2\/media?parent=185200"}],"wp:term":[{"taxonomy":"product_cat","embeddable":true,"href":"https:\/\/hobstop.ee\/lt\/wp-json\/wp\/v2\/product_cat?post=185200"},{"taxonomy":"product_tag","embeddable":true,"href":"https:\/\/hobstop.ee\/lt\/wp-json\/wp\/v2\/product_tag?post=185200"}],"curies":[{"name":"wp","href":"https:\/\/api.w.org\/{rel}","templated":true}]}}