{"id":185224,"date":"2015-08-01T02:05:44","date_gmt":"2015-07-31T23:05:44","guid":{"rendered":"http:\/\/vunder-ee.sn25.zone.eu\/lt\/product\/eskizinis-piestukas-academy-sketching-set\/"},"modified":"2015-08-01T02:05:44","modified_gmt":"2015-07-31T23:05:44","slug":"eskiziniu-piestuku-komplektas-derwent-academy","status":"publish","type":"product","link":"https:\/\/hobstop.ee\/lt\/produktas\/eskiziniu-piestuku-komplektas-derwent-academy\/","title":{"rendered":"Eskizini\u0173 pie\u0161tuk\u0173 komplektas Derwent Academy"},"content":{"rendered":"<p>Geriausiame pradedan\u010di\u0173j\u0173 dailinink\u0173 komplekte \u201eDerwent Academy\u201c yra eskiz\u0173, pie\u0161imui i\u0161 nat\u016bros ir gamtoje \u2013 bet kur ir bet kam idealiai tinkantys eskizavimo pie\u0161tukai, angliniai pie\u0161tukai, pie\u0161imo anglis ir tu\u0161avimo lazdel\u0117, pastel\u0117s ir presuotos anglies blokeliai. <\/p>\n<p>Komplekte yra:<br \/>\nEskiziniai pie\u0161tukai H, HB, B, 2B, 4B ja 6B<br \/>\nPastel\u0117s (3vnt.)<br \/>\nPresuotos anglies blokeliai (3vnt.)<br \/>\nAngliniai pie\u0161tukai (3vnt.)<br \/>\nPie\u0161imo angliukai (2vnt.)<br \/>\nTu\u0161avimo lazdel\u0117<br \/>\nAnglies trintukas<br \/>\nTrintukas<br \/>\nDro\u017etukas<\/p>\n","protected":false},"excerpt":{"rendered":"<p>Geriausiame pradedan\u010di\u0173j\u0173 dailinink\u0173 komplekte \u201eDerwent Academy\u201c yra eskiz\u0173, pie\u0161imui i\u0161 nat\u016bros ir gamtoje \u2013 bet kur ir bet kam idealiai tinkantys eskizavimo pie\u0161tukai, angliniai pie\u0161tukai, pie\u0161imo anglis ir tu\u0161avimo lazdel\u0117, pastel\u0117s ir presuotos anglies blokeliai. Komplekte yra: Eskiziniai pie\u0161tukai H, HB, B, 2B, 4B ja 6B Pastel\u0117s (3vnt.) Presuotos anglies blokeliai (3vnt.) Angliniai pie\u0161tukai (3vnt.) Pie\u0161imo angliukai (2vnt.) Tu\u0161avimo lazdel\u0117 Anglies trintukas Trintukas Dro\u017etukas<\/p>\n","protected":false},"featured_media":0,"comment_status":"closed","ping_status":"closed","template":"","meta":{"_acf_changed":false,"ep_exclude_from_search":false},"product_cat":[16124,18992,18932],"product_tag":[],"class_list":{"0":"post-185224","1":"product","2":"type-product","3":"status-publish","5":"product_cat-dailes-prekes","6":"product_cat-eskiziniai-piestukai","7":"product_cat-piesimo-reikmenys-3","9":"first","10":"instock","11":"taxable","12":"shipping-taxable","13":"purchasable","14":"product-type-variable"},"acf":[],"yoast_head":"<!-- This site is optimized with the Yoast SEO plugin v24.1 - https:\/\/yoast.com\/wordpress\/plugins\/seo\/ -->\n<title>Eskizini\u0173 pie\u0161tuk\u0173 komplektas Derwent Academy &#8211; Skizze<\/title>\n<meta name=\"robots\" content=\"noindex, follow, max-snippet:-1, max-image-preview:large, max-video-preview:-1\" \/>\n<meta property=\"og:locale\" content=\"lt_LT\" \/>\n<meta property=\"og:type\" content=\"article\" \/>\n<meta property=\"og:title\" content=\"Eskizini\u0173 pie\u0161tuk\u0173 komplektas Derwent Academy &#8211; Skizze\" \/>\n<meta property=\"og:description\" content=\"Geriausiame pradedan\u010di\u0173j\u0173 dailinink\u0173 komplekte \u201eDerwent Academy\u201c yra eskiz\u0173, pie\u0161imui i\u0161 nat\u016bros ir gamtoje \u2013 bet kur ir bet kam idealiai tinkantys eskizavimo pie\u0161tukai, angliniai pie\u0161tukai, pie\u0161imo anglis ir tu\u0161avimo lazdel\u0117, pastel\u0117s ir presuotos anglies blokeliai. Komplekte yra: Eskiziniai pie\u0161tukai H, HB, B, 2B, 4B ja 6B Pastel\u0117s (3vnt.) Presuotos anglies blokeliai (3vnt.) Angliniai pie\u0161tukai (3vnt.) Pie\u0161imo angliukai (2vnt.) Tu\u0161avimo lazdel\u0117 Anglies trintukas Trintukas Dro\u017etukas\" \/>\n<meta property=\"og:url\" content=\"https:\/\/hobstop.ee\/lt\/produktas\/eskiziniu-piestuku-komplektas-derwent-academy\/\" \/>\n<meta property=\"og:site_name\" content=\"Skizze\" \/>\n<meta property=\"article:publisher\" content=\"http:\/\/www.facebook.com\/VunderSkizze\" \/>\n<meta name=\"twitter:card\" content=\"summary_large_image\" \/>\n<script type=\"application\/ld+json\" class=\"yoast-schema-graph\">{\"@context\":\"https:\/\/schema.org\",\"@graph\":[{\"@type\":\"WebPage\",\"@id\":\"https:\/\/hobstop.ee\/lt\/produktas\/eskiziniu-piestuku-komplektas-derwent-academy\/\",\"url\":\"https:\/\/hobstop.ee\/lt\/produktas\/eskiziniu-piestuku-komplektas-derwent-academy\/\",\"name\":\"Eskizini\u0173 pie\u0161tuk\u0173 komplektas Derwent Academy &#8211; Skizze\",\"isPartOf\":{\"@id\":\"https:\/\/hobstop.ee\/lt\/#website\"},\"datePublished\":\"2015-07-31T23:05:44+00:00\",\"dateModified\":\"2015-07-31T23:05:44+00:00\",\"breadcrumb\":{\"@id\":\"https:\/\/hobstop.ee\/lt\/produktas\/eskiziniu-piestuku-komplektas-derwent-academy\/#breadcrumb\"},\"inLanguage\":\"lt\",\"potentialAction\":[{\"@type\":\"ReadAction\",\"target\":[\"https:\/\/hobstop.ee\/lt\/produktas\/eskiziniu-piestuku-komplektas-derwent-academy\/\"]}]},{\"@type\":\"BreadcrumbList\",\"@id\":\"https:\/\/hobstop.ee\/lt\/produktas\/eskiziniu-piestuku-komplektas-derwent-academy\/#breadcrumb\",\"itemListElement\":[{\"@type\":\"ListItem\",\"position\":1,\"name\":\"Avaleht\",\"item\":\"https:\/\/hobstop.ee\/lt\/\"},{\"@type\":\"ListItem\",\"position\":2,\"name\":\"Parduotuv\u0117\",\"item\":\"https:\/\/hobstop.ee\/lt\/parduotuve\/\"},{\"@type\":\"ListItem\",\"position\":3,\"name\":\"Eskizini\u0173 pie\u0161tuk\u0173 komplektas Derwent Academy\"}]},{\"@type\":\"WebSite\",\"@id\":\"https:\/\/hobstop.ee\/lt\/#website\",\"url\":\"https:\/\/hobstop.ee\/lt\/\",\"name\":\"Skizze\",\"description\":\"Dail\u0117s, pom\u0117gi\u0173 ir mokykliniai reikm\u0117nys\",\"publisher\":{\"@id\":\"https:\/\/hobstop.ee\/lt\/#organization\"},\"potentialAction\":[{\"@type\":\"SearchAction\",\"target\":{\"@type\":\"EntryPoint\",\"urlTemplate\":\"https:\/\/hobstop.ee\/lt\/?s={search_term_string}\"},\"query-input\":{\"@type\":\"PropertyValueSpecification\",\"valueRequired\":true,\"valueName\":\"search_term_string\"}}],\"inLanguage\":\"lt\"},{\"@type\":\"Organization\",\"@id\":\"https:\/\/hobstop.ee\/lt\/#organization\",\"name\":\"Vunder AS\",\"url\":\"https:\/\/hobstop.ee\/lt\/\",\"logo\":{\"@type\":\"ImageObject\",\"inLanguage\":\"lt\",\"@id\":\"https:\/\/hobstop.ee\/lt\/#\/schema\/logo\/image\/\",\"url\":\"https:\/\/hobstop.ee\/media\/vunder-logo.png\",\"contentUrl\":\"https:\/\/hobstop.ee\/media\/vunder-logo.png\",\"width\":127,\"height\":55,\"caption\":\"Vunder AS\"},\"image\":{\"@id\":\"https:\/\/hobstop.ee\/lt\/#\/schema\/logo\/image\/\"},\"sameAs\":[\"http:\/\/www.facebook.com\/VunderSkizze\"]}]}<\/script>\n<!-- \/ Yoast SEO plugin. -->","yoast_head_json":{"title":"Eskizini\u0173 pie\u0161tuk\u0173 komplektas Derwent Academy &#8211; Skizze","robots":{"index":"noindex","follow":"follow","max-snippet":"max-snippet:-1","max-image-preview":"max-image-preview:large","max-video-preview":"max-video-preview:-1"},"og_locale":"lt_LT","og_type":"article","og_title":"Eskizini\u0173 pie\u0161tuk\u0173 komplektas Derwent Academy &#8211; Skizze","og_description":"Geriausiame pradedan\u010di\u0173j\u0173 dailinink\u0173 komplekte \u201eDerwent Academy\u201c yra eskiz\u0173, pie\u0161imui i\u0161 nat\u016bros ir gamtoje \u2013 bet kur ir bet kam idealiai tinkantys eskizavimo pie\u0161tukai, angliniai pie\u0161tukai, pie\u0161imo anglis ir tu\u0161avimo lazdel\u0117, pastel\u0117s ir presuotos anglies blokeliai. Komplekte yra: Eskiziniai pie\u0161tukai H, HB, B, 2B, 4B ja 6B Pastel\u0117s (3vnt.) Presuotos anglies blokeliai (3vnt.) Angliniai pie\u0161tukai (3vnt.) Pie\u0161imo angliukai (2vnt.) Tu\u0161avimo lazdel\u0117 Anglies trintukas Trintukas Dro\u017etukas","og_url":"https:\/\/hobstop.ee\/lt\/produktas\/eskiziniu-piestuku-komplektas-derwent-academy\/","og_site_name":"Skizze","article_publisher":"http:\/\/www.facebook.com\/VunderSkizze","twitter_card":"summary_large_image","schema":{"@context":"https:\/\/schema.org","@graph":[{"@type":"WebPage","@id":"https:\/\/hobstop.ee\/lt\/produktas\/eskiziniu-piestuku-komplektas-derwent-academy\/","url":"https:\/\/hobstop.ee\/lt\/produktas\/eskiziniu-piestuku-komplektas-derwent-academy\/","name":"Eskizini\u0173 pie\u0161tuk\u0173 komplektas Derwent Academy &#8211; Skizze","isPartOf":{"@id":"https:\/\/hobstop.ee\/lt\/#website"},"datePublished":"2015-07-31T23:05:44+00:00","dateModified":"2015-07-31T23:05:44+00:00","breadcrumb":{"@id":"https:\/\/hobstop.ee\/lt\/produktas\/eskiziniu-piestuku-komplektas-derwent-academy\/#breadcrumb"},"inLanguage":"lt","potentialAction":[{"@type":"ReadAction","target":["https:\/\/hobstop.ee\/lt\/produktas\/eskiziniu-piestuku-komplektas-derwent-academy\/"]}]},{"@type":"BreadcrumbList","@id":"https:\/\/hobstop.ee\/lt\/produktas\/eskiziniu-piestuku-komplektas-derwent-academy\/#breadcrumb","itemListElement":[{"@type":"ListItem","position":1,"name":"Avaleht","item":"https:\/\/hobstop.ee\/lt\/"},{"@type":"ListItem","position":2,"name":"Parduotuv\u0117","item":"https:\/\/hobstop.ee\/lt\/parduotuve\/"},{"@type":"ListItem","position":3,"name":"Eskizini\u0173 pie\u0161tuk\u0173 komplektas Derwent Academy"}]},{"@type":"WebSite","@id":"https:\/\/hobstop.ee\/lt\/#website","url":"https:\/\/hobstop.ee\/lt\/","name":"Skizze","description":"Dail\u0117s, pom\u0117gi\u0173 ir mokykliniai reikm\u0117nys","publisher":{"@id":"https:\/\/hobstop.ee\/lt\/#organization"},"potentialAction":[{"@type":"SearchAction","target":{"@type":"EntryPoint","urlTemplate":"https:\/\/hobstop.ee\/lt\/?s={search_term_string}"},"query-input":{"@type":"PropertyValueSpecification","valueRequired":true,"valueName":"search_term_string"}}],"inLanguage":"lt"},{"@type":"Organization","@id":"https:\/\/hobstop.ee\/lt\/#organization","name":"Vunder AS","url":"https:\/\/hobstop.ee\/lt\/","logo":{"@type":"ImageObject","inLanguage":"lt","@id":"https:\/\/hobstop.ee\/lt\/#\/schema\/logo\/image\/","url":"https:\/\/hobstop.ee\/media\/vunder-logo.png","contentUrl":"https:\/\/hobstop.ee\/media\/vunder-logo.png","width":127,"height":55,"caption":"Vunder AS"},"image":{"@id":"https:\/\/hobstop.ee\/lt\/#\/schema\/logo\/image\/"},"sameAs":["http:\/\/www.facebook.com\/VunderSkizze"]}]}},"_links":{"self":[{"href":"https:\/\/hobstop.ee\/lt\/wp-json\/wp\/v2\/product\/185224","targetHints":{"allow":["GET"]}}],"collection":[{"href":"https:\/\/hobstop.ee\/lt\/wp-json\/wp\/v2\/product"}],"about":[{"href":"https:\/\/hobstop.ee\/lt\/wp-json\/wp\/v2\/types\/product"}],"replies":[{"embeddable":true,"href":"https:\/\/hobstop.ee\/lt\/wp-json\/wp\/v2\/comments?post=185224"}],"wp:attachment":[{"href":"https:\/\/hobstop.ee\/lt\/wp-json\/wp\/v2\/media?parent=185224"}],"wp:term":[{"taxonomy":"product_cat","embeddable":true,"href":"https:\/\/hobstop.ee\/lt\/wp-json\/wp\/v2\/product_cat?post=185224"},{"taxonomy":"product_tag","embeddable":true,"href":"https:\/\/hobstop.ee\/lt\/wp-json\/wp\/v2\/product_tag?post=185224"}],"curies":[{"name":"wp","href":"https:\/\/api.w.org\/{rel}","templated":true}]}}