{"id":185288,"date":"2015-08-01T02:09:44","date_gmt":"2015-07-31T23:09:44","guid":{"rendered":"http:\/\/vunder-ee.sn25.zone.eu\/lt\/product\/tapyba-pagal-skaicius-reeves-22-5x30cm\/"},"modified":"2015-08-01T02:09:44","modified_gmt":"2015-07-31T23:09:44","slug":"tapyba-pagal-skaicius-reeves-22-5x30cm","status":"publish","type":"product","link":"https:\/\/hobstop.ee\/lt\/produktas\/tapyba-pagal-skaicius-reeves-22-5x30cm\/","title":{"rendered":"Tapyba pagal skai\u010dius Reeves 22.5x30cm"},"content":{"rendered":"<p>Pie\u0161imo pagal numeris komplekte \u201eReeves\u201c, kurio dydis yra 22.5&#215;30 cm, yra pa\u010di\u0173 populiariausi\u0173 paveiksl\u0117li\u0173, kuriuos smagu spalvinti ir sukurti nuostab\u0173 paveiksl\u0117l\u012f. Tiesiog pasirinkite paveiksl\u0117l\u012f ir savo \u012fg\u016bd\u017eius atitinkant\u012f lyg\u012f ir m\u0117gaukit\u0117s nuostabiu rezultatu. <\/p>\n<p>Komplekte yra:<br \/>\nKokybi\u0161kas kartonas su tekst\u016bra<br \/>\nTeptukas<br \/>\nKokybi\u0161ki akriliniai da\u017eai (7vnt.)<br \/>\nI\u0161sami instrukcija (angl\u0173 kalba)<\/p>\n","protected":false},"excerpt":{"rendered":"<p>Pie\u0161imo pagal numeris komplekte \u201eReeves\u201c, kurio dydis yra 22.5&#215;30 cm, yra pa\u010di\u0173 populiariausi\u0173 paveiksl\u0117li\u0173, kuriuos smagu spalvinti ir sukurti nuostab\u0173 paveiksl\u0117l\u012f. Tiesiog pasirinkite paveiksl\u0117l\u012f ir savo \u012fg\u016bd\u017eius atitinkant\u012f lyg\u012f ir m\u0117gaukit\u0117s nuostabiu rezultatu. Komplekte yra: Kokybi\u0161kas kartonas su tekst\u016bra Teptukas Kokybi\u0161ki akriliniai da\u017eai (7vnt.) I\u0161sami instrukcija (angl\u0173 kalba)<\/p>\n","protected":false},"featured_media":0,"comment_status":"closed","ping_status":"closed","template":"","meta":{"_acf_changed":false,"ep_exclude_from_search":false},"product_cat":[15015,235,19759],"product_tag":[],"class_list":{"0":"post-185288","1":"product","2":"type-product","3":"status-publish","5":"product_cat-varvipliiatsid-joonistamisvahendid","6":"product_cat-mokyklines-prekes","7":"product_cat-tapyba-pagal-skaicius","9":"first","10":"instock","11":"taxable","12":"shipping-taxable","13":"purchasable","14":"product-type-variable"},"acf":[],"yoast_head":"<!-- This site is optimized with the Yoast SEO plugin v24.1 - https:\/\/yoast.com\/wordpress\/plugins\/seo\/ -->\n<title>Tapyba pagal skai\u010dius Reeves 22.5x30cm &#8211; Skizze<\/title>\n<meta name=\"robots\" content=\"noindex, follow, max-snippet:-1, max-image-preview:large, max-video-preview:-1\" \/>\n<meta property=\"og:locale\" content=\"lt_LT\" \/>\n<meta property=\"og:type\" content=\"article\" \/>\n<meta property=\"og:title\" content=\"Tapyba pagal skai\u010dius Reeves 22.5x30cm &#8211; Skizze\" \/>\n<meta property=\"og:description\" content=\"Pie\u0161imo pagal numeris komplekte \u201eReeves\u201c, kurio dydis yra 22.5&#215;30 cm, yra pa\u010di\u0173 populiariausi\u0173 paveiksl\u0117li\u0173, kuriuos smagu spalvinti ir sukurti nuostab\u0173 paveiksl\u0117l\u012f. Tiesiog pasirinkite paveiksl\u0117l\u012f ir savo \u012fg\u016bd\u017eius atitinkant\u012f lyg\u012f ir m\u0117gaukit\u0117s nuostabiu rezultatu. Komplekte yra: Kokybi\u0161kas kartonas su tekst\u016bra Teptukas Kokybi\u0161ki akriliniai da\u017eai (7vnt.) I\u0161sami instrukcija (angl\u0173 kalba)\" \/>\n<meta property=\"og:url\" content=\"https:\/\/hobstop.ee\/lt\/produktas\/tapyba-pagal-skaicius-reeves-22-5x30cm\/\" \/>\n<meta property=\"og:site_name\" content=\"Skizze\" \/>\n<meta property=\"article:publisher\" content=\"http:\/\/www.facebook.com\/VunderSkizze\" \/>\n<meta name=\"twitter:card\" content=\"summary_large_image\" \/>\n<script type=\"application\/ld+json\" class=\"yoast-schema-graph\">{\"@context\":\"https:\/\/schema.org\",\"@graph\":[{\"@type\":\"WebPage\",\"@id\":\"https:\/\/hobstop.ee\/lt\/produktas\/tapyba-pagal-skaicius-reeves-22-5x30cm\/\",\"url\":\"https:\/\/hobstop.ee\/lt\/produktas\/tapyba-pagal-skaicius-reeves-22-5x30cm\/\",\"name\":\"Tapyba pagal skai\u010dius Reeves 22.5x30cm &#8211; Skizze\",\"isPartOf\":{\"@id\":\"https:\/\/hobstop.ee\/lt\/#website\"},\"datePublished\":\"2015-07-31T23:09:44+00:00\",\"dateModified\":\"2015-07-31T23:09:44+00:00\",\"breadcrumb\":{\"@id\":\"https:\/\/hobstop.ee\/lt\/produktas\/tapyba-pagal-skaicius-reeves-22-5x30cm\/#breadcrumb\"},\"inLanguage\":\"lt\",\"potentialAction\":[{\"@type\":\"ReadAction\",\"target\":[\"https:\/\/hobstop.ee\/lt\/produktas\/tapyba-pagal-skaicius-reeves-22-5x30cm\/\"]}]},{\"@type\":\"BreadcrumbList\",\"@id\":\"https:\/\/hobstop.ee\/lt\/produktas\/tapyba-pagal-skaicius-reeves-22-5x30cm\/#breadcrumb\",\"itemListElement\":[{\"@type\":\"ListItem\",\"position\":1,\"name\":\"Avaleht\",\"item\":\"https:\/\/hobstop.ee\/lt\/\"},{\"@type\":\"ListItem\",\"position\":2,\"name\":\"Parduotuv\u0117\",\"item\":\"https:\/\/hobstop.ee\/lt\/parduotuve\/\"},{\"@type\":\"ListItem\",\"position\":3,\"name\":\"Tapyba pagal skai\u010dius Reeves 22.5x30cm\"}]},{\"@type\":\"WebSite\",\"@id\":\"https:\/\/hobstop.ee\/lt\/#website\",\"url\":\"https:\/\/hobstop.ee\/lt\/\",\"name\":\"Skizze\",\"description\":\"Dail\u0117s, pom\u0117gi\u0173 ir mokykliniai reikm\u0117nys\",\"publisher\":{\"@id\":\"https:\/\/hobstop.ee\/lt\/#organization\"},\"potentialAction\":[{\"@type\":\"SearchAction\",\"target\":{\"@type\":\"EntryPoint\",\"urlTemplate\":\"https:\/\/hobstop.ee\/lt\/?s={search_term_string}\"},\"query-input\":{\"@type\":\"PropertyValueSpecification\",\"valueRequired\":true,\"valueName\":\"search_term_string\"}}],\"inLanguage\":\"lt\"},{\"@type\":\"Organization\",\"@id\":\"https:\/\/hobstop.ee\/lt\/#organization\",\"name\":\"Vunder AS\",\"url\":\"https:\/\/hobstop.ee\/lt\/\",\"logo\":{\"@type\":\"ImageObject\",\"inLanguage\":\"lt\",\"@id\":\"https:\/\/hobstop.ee\/lt\/#\/schema\/logo\/image\/\",\"url\":\"https:\/\/hobstop.ee\/media\/vunder-logo.png\",\"contentUrl\":\"https:\/\/hobstop.ee\/media\/vunder-logo.png\",\"width\":127,\"height\":55,\"caption\":\"Vunder AS\"},\"image\":{\"@id\":\"https:\/\/hobstop.ee\/lt\/#\/schema\/logo\/image\/\"},\"sameAs\":[\"http:\/\/www.facebook.com\/VunderSkizze\"]}]}<\/script>\n<!-- \/ Yoast SEO plugin. -->","yoast_head_json":{"title":"Tapyba pagal skai\u010dius Reeves 22.5x30cm &#8211; Skizze","robots":{"index":"noindex","follow":"follow","max-snippet":"max-snippet:-1","max-image-preview":"max-image-preview:large","max-video-preview":"max-video-preview:-1"},"og_locale":"lt_LT","og_type":"article","og_title":"Tapyba pagal skai\u010dius Reeves 22.5x30cm &#8211; Skizze","og_description":"Pie\u0161imo pagal numeris komplekte \u201eReeves\u201c, kurio dydis yra 22.5&#215;30 cm, yra pa\u010di\u0173 populiariausi\u0173 paveiksl\u0117li\u0173, kuriuos smagu spalvinti ir sukurti nuostab\u0173 paveiksl\u0117l\u012f. Tiesiog pasirinkite paveiksl\u0117l\u012f ir savo \u012fg\u016bd\u017eius atitinkant\u012f lyg\u012f ir m\u0117gaukit\u0117s nuostabiu rezultatu. Komplekte yra: Kokybi\u0161kas kartonas su tekst\u016bra Teptukas Kokybi\u0161ki akriliniai da\u017eai (7vnt.) I\u0161sami instrukcija (angl\u0173 kalba)","og_url":"https:\/\/hobstop.ee\/lt\/produktas\/tapyba-pagal-skaicius-reeves-22-5x30cm\/","og_site_name":"Skizze","article_publisher":"http:\/\/www.facebook.com\/VunderSkizze","twitter_card":"summary_large_image","schema":{"@context":"https:\/\/schema.org","@graph":[{"@type":"WebPage","@id":"https:\/\/hobstop.ee\/lt\/produktas\/tapyba-pagal-skaicius-reeves-22-5x30cm\/","url":"https:\/\/hobstop.ee\/lt\/produktas\/tapyba-pagal-skaicius-reeves-22-5x30cm\/","name":"Tapyba pagal skai\u010dius Reeves 22.5x30cm &#8211; Skizze","isPartOf":{"@id":"https:\/\/hobstop.ee\/lt\/#website"},"datePublished":"2015-07-31T23:09:44+00:00","dateModified":"2015-07-31T23:09:44+00:00","breadcrumb":{"@id":"https:\/\/hobstop.ee\/lt\/produktas\/tapyba-pagal-skaicius-reeves-22-5x30cm\/#breadcrumb"},"inLanguage":"lt","potentialAction":[{"@type":"ReadAction","target":["https:\/\/hobstop.ee\/lt\/produktas\/tapyba-pagal-skaicius-reeves-22-5x30cm\/"]}]},{"@type":"BreadcrumbList","@id":"https:\/\/hobstop.ee\/lt\/produktas\/tapyba-pagal-skaicius-reeves-22-5x30cm\/#breadcrumb","itemListElement":[{"@type":"ListItem","position":1,"name":"Avaleht","item":"https:\/\/hobstop.ee\/lt\/"},{"@type":"ListItem","position":2,"name":"Parduotuv\u0117","item":"https:\/\/hobstop.ee\/lt\/parduotuve\/"},{"@type":"ListItem","position":3,"name":"Tapyba pagal skai\u010dius Reeves 22.5x30cm"}]},{"@type":"WebSite","@id":"https:\/\/hobstop.ee\/lt\/#website","url":"https:\/\/hobstop.ee\/lt\/","name":"Skizze","description":"Dail\u0117s, pom\u0117gi\u0173 ir mokykliniai reikm\u0117nys","publisher":{"@id":"https:\/\/hobstop.ee\/lt\/#organization"},"potentialAction":[{"@type":"SearchAction","target":{"@type":"EntryPoint","urlTemplate":"https:\/\/hobstop.ee\/lt\/?s={search_term_string}"},"query-input":{"@type":"PropertyValueSpecification","valueRequired":true,"valueName":"search_term_string"}}],"inLanguage":"lt"},{"@type":"Organization","@id":"https:\/\/hobstop.ee\/lt\/#organization","name":"Vunder AS","url":"https:\/\/hobstop.ee\/lt\/","logo":{"@type":"ImageObject","inLanguage":"lt","@id":"https:\/\/hobstop.ee\/lt\/#\/schema\/logo\/image\/","url":"https:\/\/hobstop.ee\/media\/vunder-logo.png","contentUrl":"https:\/\/hobstop.ee\/media\/vunder-logo.png","width":127,"height":55,"caption":"Vunder AS"},"image":{"@id":"https:\/\/hobstop.ee\/lt\/#\/schema\/logo\/image\/"},"sameAs":["http:\/\/www.facebook.com\/VunderSkizze"]}]}},"_links":{"self":[{"href":"https:\/\/hobstop.ee\/lt\/wp-json\/wp\/v2\/product\/185288","targetHints":{"allow":["GET"]}}],"collection":[{"href":"https:\/\/hobstop.ee\/lt\/wp-json\/wp\/v2\/product"}],"about":[{"href":"https:\/\/hobstop.ee\/lt\/wp-json\/wp\/v2\/types\/product"}],"replies":[{"embeddable":true,"href":"https:\/\/hobstop.ee\/lt\/wp-json\/wp\/v2\/comments?post=185288"}],"wp:attachment":[{"href":"https:\/\/hobstop.ee\/lt\/wp-json\/wp\/v2\/media?parent=185288"}],"wp:term":[{"taxonomy":"product_cat","embeddable":true,"href":"https:\/\/hobstop.ee\/lt\/wp-json\/wp\/v2\/product_cat?post=185288"},{"taxonomy":"product_tag","embeddable":true,"href":"https:\/\/hobstop.ee\/lt\/wp-json\/wp\/v2\/product_tag?post=185288"}],"curies":[{"name":"wp","href":"https:\/\/api.w.org\/{rel}","templated":true}]}}