{"id":185304,"date":"2015-08-01T02:11:25","date_gmt":"2015-07-31T23:11:25","guid":{"rendered":"http:\/\/vunder-ee.sn25.zone.eu\/lt\/product\/folijos-paveikslelis-reeves-gold\/"},"modified":"2015-08-01T02:11:25","modified_gmt":"2015-07-31T23:11:25","slug":"folijos-paveikslelis-reeves-gold","status":"publish","type":"product","link":"https:\/\/hobstop.ee\/lt\/produktas\/folijos-paveikslelis-reeves-gold\/","title":{"rendered":"Folijos paveiksl\u0117lis Reeves Gold"},"content":{"rendered":"<p>Auksin\u0117 skutimo plok\u0161t\u0117 \u201eReeves\u201c yra ideali dovana. Tiesiog nuskuskite linijas ir atidenkite pasl\u0117ptus nuostabius auksinius paveiksl\u0117lius. Paveiksl\u0117lius galima kurti nuskutant linijas ar pa\u010diam darant papildymus. Kiekvienoje pakuot\u0117je yra pratyb\u0173 lapas, kuriame prie\u0161 prad\u0117dami kurti savo paveiksl\u0105, gal\u0117site i\u0161bandyti skutimo technik\u0105.<\/p>\n<p>Komplekte yra:<br \/>\nSpausdintas paveiksl\u0117lis<br \/>\nPratyb\u0173 lapas<br \/>\nGrandiklis su rankena<br \/>\nNaudojimo instrukcija (angl\u0173 kalba)<\/p>\n","protected":false},"excerpt":{"rendered":"<p>Auksin\u0117 skutimo plok\u0161t\u0117 \u201eReeves\u201c yra ideali dovana. Tiesiog nuskuskite linijas ir atidenkite pasl\u0117ptus nuostabius auksinius paveiksl\u0117lius. Paveiksl\u0117lius galima kurti nuskutant linijas ar pa\u010diam darant papildymus. Kiekvienoje pakuot\u0117je yra pratyb\u0173 lapas, kuriame prie\u0161 prad\u0117dami kurti savo paveiksl\u0105, gal\u0117site i\u0161bandyti skutimo technik\u0105. Komplekte yra: Spausdintas paveiksl\u0117lis Pratyb\u0173 lapas Grandiklis su rankena Naudojimo instrukcija (angl\u0173 kalba)<\/p>\n","protected":false},"featured_media":0,"comment_status":"closed","ping_status":"closed","template":"","meta":{"_acf_changed":false,"ep_exclude_from_search":false},"product_cat":[15015,19771,235],"product_tag":[],"class_list":{"0":"post-185304","1":"product","2":"type-product","3":"status-publish","5":"product_cat-varvipliiatsid-joonistamisvahendid","6":"product_cat-folijos-paveiksleliai","7":"product_cat-mokyklines-prekes","9":"first","10":"instock","11":"sale","12":"taxable","13":"shipping-taxable","14":"purchasable","15":"product-type-variable"},"acf":[],"yoast_head":"<!-- This site is optimized with the Yoast SEO plugin v24.1 - https:\/\/yoast.com\/wordpress\/plugins\/seo\/ -->\n<title>Folijos paveiksl\u0117lis Reeves Gold &#8211; Skizze<\/title>\n<meta name=\"robots\" content=\"noindex, follow, max-snippet:-1, max-image-preview:large, max-video-preview:-1\" \/>\n<meta property=\"og:locale\" content=\"lt_LT\" \/>\n<meta property=\"og:type\" content=\"article\" \/>\n<meta property=\"og:title\" content=\"Folijos paveiksl\u0117lis Reeves Gold &#8211; Skizze\" \/>\n<meta property=\"og:description\" content=\"Auksin\u0117 skutimo plok\u0161t\u0117 \u201eReeves\u201c yra ideali dovana. Tiesiog nuskuskite linijas ir atidenkite pasl\u0117ptus nuostabius auksinius paveiksl\u0117lius. Paveiksl\u0117lius galima kurti nuskutant linijas ar pa\u010diam darant papildymus. Kiekvienoje pakuot\u0117je yra pratyb\u0173 lapas, kuriame prie\u0161 prad\u0117dami kurti savo paveiksl\u0105, gal\u0117site i\u0161bandyti skutimo technik\u0105. Komplekte yra: Spausdintas paveiksl\u0117lis Pratyb\u0173 lapas Grandiklis su rankena Naudojimo instrukcija (angl\u0173 kalba)\" \/>\n<meta property=\"og:url\" content=\"https:\/\/hobstop.ee\/lt\/produktas\/folijos-paveikslelis-reeves-gold\/\" \/>\n<meta property=\"og:site_name\" content=\"Skizze\" \/>\n<meta property=\"article:publisher\" content=\"http:\/\/www.facebook.com\/VunderSkizze\" \/>\n<meta name=\"twitter:card\" content=\"summary_large_image\" \/>\n<script type=\"application\/ld+json\" class=\"yoast-schema-graph\">{\"@context\":\"https:\/\/schema.org\",\"@graph\":[{\"@type\":\"WebPage\",\"@id\":\"https:\/\/hobstop.ee\/lt\/produktas\/folijos-paveikslelis-reeves-gold\/\",\"url\":\"https:\/\/hobstop.ee\/lt\/produktas\/folijos-paveikslelis-reeves-gold\/\",\"name\":\"Folijos paveiksl\u0117lis Reeves Gold &#8211; Skizze\",\"isPartOf\":{\"@id\":\"https:\/\/hobstop.ee\/lt\/#website\"},\"datePublished\":\"2015-07-31T23:11:25+00:00\",\"dateModified\":\"2015-07-31T23:11:25+00:00\",\"breadcrumb\":{\"@id\":\"https:\/\/hobstop.ee\/lt\/produktas\/folijos-paveikslelis-reeves-gold\/#breadcrumb\"},\"inLanguage\":\"lt\",\"potentialAction\":[{\"@type\":\"ReadAction\",\"target\":[\"https:\/\/hobstop.ee\/lt\/produktas\/folijos-paveikslelis-reeves-gold\/\"]}]},{\"@type\":\"BreadcrumbList\",\"@id\":\"https:\/\/hobstop.ee\/lt\/produktas\/folijos-paveikslelis-reeves-gold\/#breadcrumb\",\"itemListElement\":[{\"@type\":\"ListItem\",\"position\":1,\"name\":\"Avaleht\",\"item\":\"https:\/\/hobstop.ee\/lt\/\"},{\"@type\":\"ListItem\",\"position\":2,\"name\":\"Parduotuv\u0117\",\"item\":\"https:\/\/hobstop.ee\/lt\/parduotuve\/\"},{\"@type\":\"ListItem\",\"position\":3,\"name\":\"Folijos paveiksl\u0117lis Reeves Gold\"}]},{\"@type\":\"WebSite\",\"@id\":\"https:\/\/hobstop.ee\/lt\/#website\",\"url\":\"https:\/\/hobstop.ee\/lt\/\",\"name\":\"Skizze\",\"description\":\"Dail\u0117s, pom\u0117gi\u0173 ir mokykliniai reikm\u0117nys\",\"publisher\":{\"@id\":\"https:\/\/hobstop.ee\/lt\/#organization\"},\"potentialAction\":[{\"@type\":\"SearchAction\",\"target\":{\"@type\":\"EntryPoint\",\"urlTemplate\":\"https:\/\/hobstop.ee\/lt\/?s={search_term_string}\"},\"query-input\":{\"@type\":\"PropertyValueSpecification\",\"valueRequired\":true,\"valueName\":\"search_term_string\"}}],\"inLanguage\":\"lt\"},{\"@type\":\"Organization\",\"@id\":\"https:\/\/hobstop.ee\/lt\/#organization\",\"name\":\"Vunder AS\",\"url\":\"https:\/\/hobstop.ee\/lt\/\",\"logo\":{\"@type\":\"ImageObject\",\"inLanguage\":\"lt\",\"@id\":\"https:\/\/hobstop.ee\/lt\/#\/schema\/logo\/image\/\",\"url\":\"https:\/\/hobstop.ee\/media\/vunder-logo.png\",\"contentUrl\":\"https:\/\/hobstop.ee\/media\/vunder-logo.png\",\"width\":127,\"height\":55,\"caption\":\"Vunder AS\"},\"image\":{\"@id\":\"https:\/\/hobstop.ee\/lt\/#\/schema\/logo\/image\/\"},\"sameAs\":[\"http:\/\/www.facebook.com\/VunderSkizze\"]}]}<\/script>\n<!-- \/ Yoast SEO plugin. -->","yoast_head_json":{"title":"Folijos paveiksl\u0117lis Reeves Gold &#8211; Skizze","robots":{"index":"noindex","follow":"follow","max-snippet":"max-snippet:-1","max-image-preview":"max-image-preview:large","max-video-preview":"max-video-preview:-1"},"og_locale":"lt_LT","og_type":"article","og_title":"Folijos paveiksl\u0117lis Reeves Gold &#8211; Skizze","og_description":"Auksin\u0117 skutimo plok\u0161t\u0117 \u201eReeves\u201c yra ideali dovana. Tiesiog nuskuskite linijas ir atidenkite pasl\u0117ptus nuostabius auksinius paveiksl\u0117lius. Paveiksl\u0117lius galima kurti nuskutant linijas ar pa\u010diam darant papildymus. Kiekvienoje pakuot\u0117je yra pratyb\u0173 lapas, kuriame prie\u0161 prad\u0117dami kurti savo paveiksl\u0105, gal\u0117site i\u0161bandyti skutimo technik\u0105. Komplekte yra: Spausdintas paveiksl\u0117lis Pratyb\u0173 lapas Grandiklis su rankena Naudojimo instrukcija (angl\u0173 kalba)","og_url":"https:\/\/hobstop.ee\/lt\/produktas\/folijos-paveikslelis-reeves-gold\/","og_site_name":"Skizze","article_publisher":"http:\/\/www.facebook.com\/VunderSkizze","twitter_card":"summary_large_image","schema":{"@context":"https:\/\/schema.org","@graph":[{"@type":"WebPage","@id":"https:\/\/hobstop.ee\/lt\/produktas\/folijos-paveikslelis-reeves-gold\/","url":"https:\/\/hobstop.ee\/lt\/produktas\/folijos-paveikslelis-reeves-gold\/","name":"Folijos paveiksl\u0117lis Reeves Gold &#8211; Skizze","isPartOf":{"@id":"https:\/\/hobstop.ee\/lt\/#website"},"datePublished":"2015-07-31T23:11:25+00:00","dateModified":"2015-07-31T23:11:25+00:00","breadcrumb":{"@id":"https:\/\/hobstop.ee\/lt\/produktas\/folijos-paveikslelis-reeves-gold\/#breadcrumb"},"inLanguage":"lt","potentialAction":[{"@type":"ReadAction","target":["https:\/\/hobstop.ee\/lt\/produktas\/folijos-paveikslelis-reeves-gold\/"]}]},{"@type":"BreadcrumbList","@id":"https:\/\/hobstop.ee\/lt\/produktas\/folijos-paveikslelis-reeves-gold\/#breadcrumb","itemListElement":[{"@type":"ListItem","position":1,"name":"Avaleht","item":"https:\/\/hobstop.ee\/lt\/"},{"@type":"ListItem","position":2,"name":"Parduotuv\u0117","item":"https:\/\/hobstop.ee\/lt\/parduotuve\/"},{"@type":"ListItem","position":3,"name":"Folijos paveiksl\u0117lis Reeves Gold"}]},{"@type":"WebSite","@id":"https:\/\/hobstop.ee\/lt\/#website","url":"https:\/\/hobstop.ee\/lt\/","name":"Skizze","description":"Dail\u0117s, pom\u0117gi\u0173 ir mokykliniai reikm\u0117nys","publisher":{"@id":"https:\/\/hobstop.ee\/lt\/#organization"},"potentialAction":[{"@type":"SearchAction","target":{"@type":"EntryPoint","urlTemplate":"https:\/\/hobstop.ee\/lt\/?s={search_term_string}"},"query-input":{"@type":"PropertyValueSpecification","valueRequired":true,"valueName":"search_term_string"}}],"inLanguage":"lt"},{"@type":"Organization","@id":"https:\/\/hobstop.ee\/lt\/#organization","name":"Vunder AS","url":"https:\/\/hobstop.ee\/lt\/","logo":{"@type":"ImageObject","inLanguage":"lt","@id":"https:\/\/hobstop.ee\/lt\/#\/schema\/logo\/image\/","url":"https:\/\/hobstop.ee\/media\/vunder-logo.png","contentUrl":"https:\/\/hobstop.ee\/media\/vunder-logo.png","width":127,"height":55,"caption":"Vunder AS"},"image":{"@id":"https:\/\/hobstop.ee\/lt\/#\/schema\/logo\/image\/"},"sameAs":["http:\/\/www.facebook.com\/VunderSkizze"]}]}},"_links":{"self":[{"href":"https:\/\/hobstop.ee\/lt\/wp-json\/wp\/v2\/product\/185304","targetHints":{"allow":["GET"]}}],"collection":[{"href":"https:\/\/hobstop.ee\/lt\/wp-json\/wp\/v2\/product"}],"about":[{"href":"https:\/\/hobstop.ee\/lt\/wp-json\/wp\/v2\/types\/product"}],"replies":[{"embeddable":true,"href":"https:\/\/hobstop.ee\/lt\/wp-json\/wp\/v2\/comments?post=185304"}],"wp:attachment":[{"href":"https:\/\/hobstop.ee\/lt\/wp-json\/wp\/v2\/media?parent=185304"}],"wp:term":[{"taxonomy":"product_cat","embeddable":true,"href":"https:\/\/hobstop.ee\/lt\/wp-json\/wp\/v2\/product_cat?post=185304"},{"taxonomy":"product_tag","embeddable":true,"href":"https:\/\/hobstop.ee\/lt\/wp-json\/wp\/v2\/product_tag?post=185304"}],"curies":[{"name":"wp","href":"https:\/\/api.w.org\/{rel}","templated":true}]}}