{"id":185316,"date":"2015-08-01T02:12:08","date_gmt":"2015-07-31T23:12:08","guid":{"rendered":"http:\/\/vunder-ee.sn25.zone.eu\/lt\/product\/folijos-paveikslelis-reeves-mini-silver\/"},"modified":"2015-08-01T02:12:08","modified_gmt":"2015-07-31T23:12:08","slug":"folijos-paveikslelis-reeves-mini-silver","status":"publish","type":"product","link":"https:\/\/hobstop.ee\/lt\/produktas\/folijos-paveikslelis-reeves-mini-silver\/","title":{"rendered":"Folijos paveiksl\u0117lis Reeves Mini Silver"},"content":{"rendered":"<p>Skutimo plok\u0161tel\u0117s \u201eReeves\u201c formatas yra kaip atviruko, tod\u0117l juos yra patogu pasiimti su savimi. Pakuot\u0117je yra visos darbui reikalingos priemon\u0117s. Jie puikiai tinka \u0161ventin\u0117ms priemon\u0117ms ar nedidelei dovanai.<\/p>\n<p>Komplekte yra:<br \/>\nSpausdintas paveiksl\u0117lis<br \/>\nGrandiklis su rankena<br \/>\nPratyb\u0173 lapas<br \/>\nNaudojimo instrukcija (angl\u0173 kalba)<\/p>\n","protected":false},"excerpt":{"rendered":"<p>Skutimo plok\u0161tel\u0117s \u201eReeves\u201c formatas yra kaip atviruko, tod\u0117l juos yra patogu pasiimti su savimi. Pakuot\u0117je yra visos darbui reikalingos priemon\u0117s. Jie puikiai tinka \u0161ventin\u0117ms priemon\u0117ms ar nedidelei dovanai. Komplekte yra: Spausdintas paveiksl\u0117lis Grandiklis su rankena Pratyb\u0173 lapas Naudojimo instrukcija (angl\u0173 kalba)<\/p>\n","protected":false},"featured_media":0,"comment_status":"closed","ping_status":"closed","template":"","meta":{"_acf_changed":false,"ep_exclude_from_search":false},"product_cat":[15015,19771,235],"product_tag":[],"class_list":{"0":"post-185316","1":"product","2":"type-product","3":"status-publish","5":"product_cat-varvipliiatsid-joonistamisvahendid","6":"product_cat-folijos-paveiksleliai","7":"product_cat-mokyklines-prekes","9":"first","10":"instock","11":"taxable","12":"shipping-taxable","13":"purchasable","14":"product-type-variable"},"acf":[],"yoast_head":"<!-- This site is optimized with the Yoast SEO plugin v24.1 - https:\/\/yoast.com\/wordpress\/plugins\/seo\/ -->\n<title>Folijos paveiksl\u0117lis Reeves Mini Silver &#8211; Skizze<\/title>\n<meta name=\"robots\" content=\"noindex, follow, max-snippet:-1, max-image-preview:large, max-video-preview:-1\" \/>\n<meta property=\"og:locale\" content=\"lt_LT\" \/>\n<meta property=\"og:type\" content=\"article\" \/>\n<meta property=\"og:title\" content=\"Folijos paveiksl\u0117lis Reeves Mini Silver &#8211; Skizze\" \/>\n<meta property=\"og:description\" content=\"Skutimo plok\u0161tel\u0117s \u201eReeves\u201c formatas yra kaip atviruko, tod\u0117l juos yra patogu pasiimti su savimi. Pakuot\u0117je yra visos darbui reikalingos priemon\u0117s. Jie puikiai tinka \u0161ventin\u0117ms priemon\u0117ms ar nedidelei dovanai. Komplekte yra: Spausdintas paveiksl\u0117lis Grandiklis su rankena Pratyb\u0173 lapas Naudojimo instrukcija (angl\u0173 kalba)\" \/>\n<meta property=\"og:url\" content=\"https:\/\/hobstop.ee\/lt\/produktas\/folijos-paveikslelis-reeves-mini-silver\/\" \/>\n<meta property=\"og:site_name\" content=\"Skizze\" \/>\n<meta property=\"article:publisher\" content=\"http:\/\/www.facebook.com\/VunderSkizze\" \/>\n<meta name=\"twitter:card\" content=\"summary_large_image\" \/>\n<script type=\"application\/ld+json\" class=\"yoast-schema-graph\">{\"@context\":\"https:\/\/schema.org\",\"@graph\":[{\"@type\":\"WebPage\",\"@id\":\"https:\/\/hobstop.ee\/lt\/produktas\/folijos-paveikslelis-reeves-mini-silver\/\",\"url\":\"https:\/\/hobstop.ee\/lt\/produktas\/folijos-paveikslelis-reeves-mini-silver\/\",\"name\":\"Folijos paveiksl\u0117lis Reeves Mini Silver &#8211; Skizze\",\"isPartOf\":{\"@id\":\"https:\/\/hobstop.ee\/lt\/#website\"},\"datePublished\":\"2015-07-31T23:12:08+00:00\",\"dateModified\":\"2015-07-31T23:12:08+00:00\",\"breadcrumb\":{\"@id\":\"https:\/\/hobstop.ee\/lt\/produktas\/folijos-paveikslelis-reeves-mini-silver\/#breadcrumb\"},\"inLanguage\":\"lt\",\"potentialAction\":[{\"@type\":\"ReadAction\",\"target\":[\"https:\/\/hobstop.ee\/lt\/produktas\/folijos-paveikslelis-reeves-mini-silver\/\"]}]},{\"@type\":\"BreadcrumbList\",\"@id\":\"https:\/\/hobstop.ee\/lt\/produktas\/folijos-paveikslelis-reeves-mini-silver\/#breadcrumb\",\"itemListElement\":[{\"@type\":\"ListItem\",\"position\":1,\"name\":\"Avaleht\",\"item\":\"https:\/\/hobstop.ee\/lt\/\"},{\"@type\":\"ListItem\",\"position\":2,\"name\":\"Parduotuv\u0117\",\"item\":\"https:\/\/hobstop.ee\/lt\/parduotuve\/\"},{\"@type\":\"ListItem\",\"position\":3,\"name\":\"Folijos paveiksl\u0117lis Reeves Mini Silver\"}]},{\"@type\":\"WebSite\",\"@id\":\"https:\/\/hobstop.ee\/lt\/#website\",\"url\":\"https:\/\/hobstop.ee\/lt\/\",\"name\":\"Skizze\",\"description\":\"Dail\u0117s, pom\u0117gi\u0173 ir mokykliniai reikm\u0117nys\",\"publisher\":{\"@id\":\"https:\/\/hobstop.ee\/lt\/#organization\"},\"potentialAction\":[{\"@type\":\"SearchAction\",\"target\":{\"@type\":\"EntryPoint\",\"urlTemplate\":\"https:\/\/hobstop.ee\/lt\/?s={search_term_string}\"},\"query-input\":{\"@type\":\"PropertyValueSpecification\",\"valueRequired\":true,\"valueName\":\"search_term_string\"}}],\"inLanguage\":\"lt\"},{\"@type\":\"Organization\",\"@id\":\"https:\/\/hobstop.ee\/lt\/#organization\",\"name\":\"Vunder AS\",\"url\":\"https:\/\/hobstop.ee\/lt\/\",\"logo\":{\"@type\":\"ImageObject\",\"inLanguage\":\"lt\",\"@id\":\"https:\/\/hobstop.ee\/lt\/#\/schema\/logo\/image\/\",\"url\":\"https:\/\/hobstop.ee\/media\/vunder-logo.png\",\"contentUrl\":\"https:\/\/hobstop.ee\/media\/vunder-logo.png\",\"width\":127,\"height\":55,\"caption\":\"Vunder AS\"},\"image\":{\"@id\":\"https:\/\/hobstop.ee\/lt\/#\/schema\/logo\/image\/\"},\"sameAs\":[\"http:\/\/www.facebook.com\/VunderSkizze\"]}]}<\/script>\n<!-- \/ Yoast SEO plugin. -->","yoast_head_json":{"title":"Folijos paveiksl\u0117lis Reeves Mini Silver &#8211; Skizze","robots":{"index":"noindex","follow":"follow","max-snippet":"max-snippet:-1","max-image-preview":"max-image-preview:large","max-video-preview":"max-video-preview:-1"},"og_locale":"lt_LT","og_type":"article","og_title":"Folijos paveiksl\u0117lis Reeves Mini Silver &#8211; Skizze","og_description":"Skutimo plok\u0161tel\u0117s \u201eReeves\u201c formatas yra kaip atviruko, tod\u0117l juos yra patogu pasiimti su savimi. Pakuot\u0117je yra visos darbui reikalingos priemon\u0117s. Jie puikiai tinka \u0161ventin\u0117ms priemon\u0117ms ar nedidelei dovanai. Komplekte yra: Spausdintas paveiksl\u0117lis Grandiklis su rankena Pratyb\u0173 lapas Naudojimo instrukcija (angl\u0173 kalba)","og_url":"https:\/\/hobstop.ee\/lt\/produktas\/folijos-paveikslelis-reeves-mini-silver\/","og_site_name":"Skizze","article_publisher":"http:\/\/www.facebook.com\/VunderSkizze","twitter_card":"summary_large_image","schema":{"@context":"https:\/\/schema.org","@graph":[{"@type":"WebPage","@id":"https:\/\/hobstop.ee\/lt\/produktas\/folijos-paveikslelis-reeves-mini-silver\/","url":"https:\/\/hobstop.ee\/lt\/produktas\/folijos-paveikslelis-reeves-mini-silver\/","name":"Folijos paveiksl\u0117lis Reeves Mini Silver &#8211; Skizze","isPartOf":{"@id":"https:\/\/hobstop.ee\/lt\/#website"},"datePublished":"2015-07-31T23:12:08+00:00","dateModified":"2015-07-31T23:12:08+00:00","breadcrumb":{"@id":"https:\/\/hobstop.ee\/lt\/produktas\/folijos-paveikslelis-reeves-mini-silver\/#breadcrumb"},"inLanguage":"lt","potentialAction":[{"@type":"ReadAction","target":["https:\/\/hobstop.ee\/lt\/produktas\/folijos-paveikslelis-reeves-mini-silver\/"]}]},{"@type":"BreadcrumbList","@id":"https:\/\/hobstop.ee\/lt\/produktas\/folijos-paveikslelis-reeves-mini-silver\/#breadcrumb","itemListElement":[{"@type":"ListItem","position":1,"name":"Avaleht","item":"https:\/\/hobstop.ee\/lt\/"},{"@type":"ListItem","position":2,"name":"Parduotuv\u0117","item":"https:\/\/hobstop.ee\/lt\/parduotuve\/"},{"@type":"ListItem","position":3,"name":"Folijos paveiksl\u0117lis Reeves Mini Silver"}]},{"@type":"WebSite","@id":"https:\/\/hobstop.ee\/lt\/#website","url":"https:\/\/hobstop.ee\/lt\/","name":"Skizze","description":"Dail\u0117s, pom\u0117gi\u0173 ir mokykliniai reikm\u0117nys","publisher":{"@id":"https:\/\/hobstop.ee\/lt\/#organization"},"potentialAction":[{"@type":"SearchAction","target":{"@type":"EntryPoint","urlTemplate":"https:\/\/hobstop.ee\/lt\/?s={search_term_string}"},"query-input":{"@type":"PropertyValueSpecification","valueRequired":true,"valueName":"search_term_string"}}],"inLanguage":"lt"},{"@type":"Organization","@id":"https:\/\/hobstop.ee\/lt\/#organization","name":"Vunder AS","url":"https:\/\/hobstop.ee\/lt\/","logo":{"@type":"ImageObject","inLanguage":"lt","@id":"https:\/\/hobstop.ee\/lt\/#\/schema\/logo\/image\/","url":"https:\/\/hobstop.ee\/media\/vunder-logo.png","contentUrl":"https:\/\/hobstop.ee\/media\/vunder-logo.png","width":127,"height":55,"caption":"Vunder AS"},"image":{"@id":"https:\/\/hobstop.ee\/lt\/#\/schema\/logo\/image\/"},"sameAs":["http:\/\/www.facebook.com\/VunderSkizze"]}]}},"_links":{"self":[{"href":"https:\/\/hobstop.ee\/lt\/wp-json\/wp\/v2\/product\/185316","targetHints":{"allow":["GET"]}}],"collection":[{"href":"https:\/\/hobstop.ee\/lt\/wp-json\/wp\/v2\/product"}],"about":[{"href":"https:\/\/hobstop.ee\/lt\/wp-json\/wp\/v2\/types\/product"}],"replies":[{"embeddable":true,"href":"https:\/\/hobstop.ee\/lt\/wp-json\/wp\/v2\/comments?post=185316"}],"wp:attachment":[{"href":"https:\/\/hobstop.ee\/lt\/wp-json\/wp\/v2\/media?parent=185316"}],"wp:term":[{"taxonomy":"product_cat","embeddable":true,"href":"https:\/\/hobstop.ee\/lt\/wp-json\/wp\/v2\/product_cat?post=185316"},{"taxonomy":"product_tag","embeddable":true,"href":"https:\/\/hobstop.ee\/lt\/wp-json\/wp\/v2\/product_tag?post=185316"}],"curies":[{"name":"wp","href":"https:\/\/api.w.org\/{rel}","templated":true}]}}