{"id":185344,"date":"2015-08-01T02:19:09","date_gmt":"2015-07-31T23:19:09","guid":{"rendered":"http:\/\/vunder-ee.sn25.zone.eu\/lt\/product\/zymeklis-marabu-deco-1-2mm\/"},"modified":"2015-08-01T02:19:09","modified_gmt":"2015-07-31T23:19:09","slug":"zymeklis-marabu-deco-1-2mm","status":"publish","type":"product","link":"https:\/\/hobstop.ee\/lt\/produktas\/zymeklis-marabu-deco-1-2mm\/","title":{"rendered":"\u017dymeklis Marabu Deco 1-2mm"},"content":{"rendered":"<p>Matinis akrilinis pie\u0161tukas. Pagamintas vandens pagrindu ir bekvapis, taigi, idealiai tinkantis vaikams. Labai gerai dengia ir greitai d\u017ei\u016bsta, atsparus \u0161viesos poveikiui ir nepalankioms oro s\u0105lygoms. Tinka da\u017eyti visiems lygiems ir por\u0117tiems pavir\u0161iams \u2013 popieriui, medienai, terakotai, metalui, gipsui, plastikui.<\/p>\n","protected":false},"excerpt":{"rendered":"<p>Matinis akrilinis pie\u0161tukas. Pagamintas vandens pagrindu ir bekvapis, taigi, idealiai tinkantis vaikams. Labai gerai dengia ir greitai d\u017ei\u016bsta, atsparus \u0161viesos poveikiui ir nepalankioms oro s\u0105lygoms. Tinka da\u017eyti visiems lygiems ir por\u0117tiems pavir\u0161iams \u2013 popieriui, medienai, terakotai, metalui, gipsui, plastikui.<\/p>\n","protected":false},"featured_media":354048,"comment_status":"closed","ping_status":"closed","template":"","meta":{"_acf_changed":false,"ep_exclude_from_search":false},"product_cat":[239,17919,14930],"product_tag":[],"class_list":{"0":"post-185344","1":"product","2":"type-product","3":"status-publish","4":"has-post-thumbnail","6":"product_cat-aerosoolvarvid","7":"product_cat-pomegiu-prekes","8":"product_cat-zymekliai-2","10":"first","11":"instock","12":"sale","13":"taxable","14":"shipping-taxable","15":"purchasable","16":"product-type-variable"},"acf":[],"yoast_head":"<!-- This site is optimized with the Yoast SEO plugin v24.1 - https:\/\/yoast.com\/wordpress\/plugins\/seo\/ -->\n<title>\u017dymeklis Marabu Deco 1-2mm &#8211; Skizze<\/title>\n<meta name=\"robots\" content=\"noindex, follow, max-snippet:-1, max-image-preview:large, max-video-preview:-1\" \/>\n<meta property=\"og:locale\" content=\"lt_LT\" \/>\n<meta property=\"og:type\" content=\"article\" \/>\n<meta property=\"og:title\" content=\"\u017dymeklis Marabu Deco 1-2mm &#8211; Skizze\" \/>\n<meta property=\"og:description\" content=\"Matinis akrilinis pie\u0161tukas. Pagamintas vandens pagrindu ir bekvapis, taigi, idealiai tinkantis vaikams. Labai gerai dengia ir greitai d\u017ei\u016bsta, atsparus \u0161viesos poveikiui ir nepalankioms oro s\u0105lygoms. Tinka da\u017eyti visiems lygiems ir por\u0117tiems pavir\u0161iams \u2013 popieriui, medienai, terakotai, metalui, gipsui, plastikui.\" \/>\n<meta property=\"og:url\" content=\"https:\/\/hobstop.ee\/lt\/produktas\/zymeklis-marabu-deco-1-2mm\/\" \/>\n<meta property=\"og:site_name\" content=\"Skizze\" \/>\n<meta property=\"article:publisher\" content=\"http:\/\/www.facebook.com\/VunderSkizze\" \/>\n<meta property=\"og:image\" content=\"https:\/\/hobstop.ee\/media\/3736.jpg\" \/>\n\t<meta property=\"og:image:width\" content=\"1024\" \/>\n\t<meta property=\"og:image:height\" content=\"768\" \/>\n\t<meta property=\"og:image:type\" content=\"image\/jpeg\" \/>\n<meta name=\"twitter:card\" content=\"summary_large_image\" \/>\n<script type=\"application\/ld+json\" class=\"yoast-schema-graph\">{\"@context\":\"https:\/\/schema.org\",\"@graph\":[{\"@type\":\"WebPage\",\"@id\":\"https:\/\/hobstop.ee\/lt\/produktas\/zymeklis-marabu-deco-1-2mm\/\",\"url\":\"https:\/\/hobstop.ee\/lt\/produktas\/zymeklis-marabu-deco-1-2mm\/\",\"name\":\"\u017dymeklis Marabu Deco 1-2mm &#8211; Skizze\",\"isPartOf\":{\"@id\":\"https:\/\/hobstop.ee\/lt\/#website\"},\"primaryImageOfPage\":{\"@id\":\"https:\/\/hobstop.ee\/lt\/produktas\/zymeklis-marabu-deco-1-2mm\/#primaryimage\"},\"image\":{\"@id\":\"https:\/\/hobstop.ee\/lt\/produktas\/zymeklis-marabu-deco-1-2mm\/#primaryimage\"},\"thumbnailUrl\":\"https:\/\/hobstop.ee\/media\/3736.jpg\",\"datePublished\":\"2015-07-31T23:19:09+00:00\",\"dateModified\":\"2015-07-31T23:19:09+00:00\",\"breadcrumb\":{\"@id\":\"https:\/\/hobstop.ee\/lt\/produktas\/zymeklis-marabu-deco-1-2mm\/#breadcrumb\"},\"inLanguage\":\"lt\",\"potentialAction\":[{\"@type\":\"ReadAction\",\"target\":[\"https:\/\/hobstop.ee\/lt\/produktas\/zymeklis-marabu-deco-1-2mm\/\"]}]},{\"@type\":\"ImageObject\",\"inLanguage\":\"lt\",\"@id\":\"https:\/\/hobstop.ee\/lt\/produktas\/zymeklis-marabu-deco-1-2mm\/#primaryimage\",\"url\":\"https:\/\/hobstop.ee\/media\/3736.jpg\",\"contentUrl\":\"https:\/\/hobstop.ee\/media\/3736.jpg\",\"width\":1024,\"height\":768},{\"@type\":\"BreadcrumbList\",\"@id\":\"https:\/\/hobstop.ee\/lt\/produktas\/zymeklis-marabu-deco-1-2mm\/#breadcrumb\",\"itemListElement\":[{\"@type\":\"ListItem\",\"position\":1,\"name\":\"Avaleht\",\"item\":\"https:\/\/hobstop.ee\/lt\/\"},{\"@type\":\"ListItem\",\"position\":2,\"name\":\"Parduotuv\u0117\",\"item\":\"https:\/\/hobstop.ee\/lt\/parduotuve\/\"},{\"@type\":\"ListItem\",\"position\":3,\"name\":\"\u017dymeklis Marabu Deco 1-2mm\"}]},{\"@type\":\"WebSite\",\"@id\":\"https:\/\/hobstop.ee\/lt\/#website\",\"url\":\"https:\/\/hobstop.ee\/lt\/\",\"name\":\"Skizze\",\"description\":\"Dail\u0117s, pom\u0117gi\u0173 ir mokykliniai reikm\u0117nys\",\"publisher\":{\"@id\":\"https:\/\/hobstop.ee\/lt\/#organization\"},\"potentialAction\":[{\"@type\":\"SearchAction\",\"target\":{\"@type\":\"EntryPoint\",\"urlTemplate\":\"https:\/\/hobstop.ee\/lt\/?s={search_term_string}\"},\"query-input\":{\"@type\":\"PropertyValueSpecification\",\"valueRequired\":true,\"valueName\":\"search_term_string\"}}],\"inLanguage\":\"lt\"},{\"@type\":\"Organization\",\"@id\":\"https:\/\/hobstop.ee\/lt\/#organization\",\"name\":\"Vunder AS\",\"url\":\"https:\/\/hobstop.ee\/lt\/\",\"logo\":{\"@type\":\"ImageObject\",\"inLanguage\":\"lt\",\"@id\":\"https:\/\/hobstop.ee\/lt\/#\/schema\/logo\/image\/\",\"url\":\"https:\/\/hobstop.ee\/media\/vunder-logo.png\",\"contentUrl\":\"https:\/\/hobstop.ee\/media\/vunder-logo.png\",\"width\":127,\"height\":55,\"caption\":\"Vunder AS\"},\"image\":{\"@id\":\"https:\/\/hobstop.ee\/lt\/#\/schema\/logo\/image\/\"},\"sameAs\":[\"http:\/\/www.facebook.com\/VunderSkizze\"]}]}<\/script>\n<!-- \/ Yoast SEO plugin. -->","yoast_head_json":{"title":"\u017dymeklis Marabu Deco 1-2mm &#8211; Skizze","robots":{"index":"noindex","follow":"follow","max-snippet":"max-snippet:-1","max-image-preview":"max-image-preview:large","max-video-preview":"max-video-preview:-1"},"og_locale":"lt_LT","og_type":"article","og_title":"\u017dymeklis Marabu Deco 1-2mm &#8211; Skizze","og_description":"Matinis akrilinis pie\u0161tukas. Pagamintas vandens pagrindu ir bekvapis, taigi, idealiai tinkantis vaikams. Labai gerai dengia ir greitai d\u017ei\u016bsta, atsparus \u0161viesos poveikiui ir nepalankioms oro s\u0105lygoms. Tinka da\u017eyti visiems lygiems ir por\u0117tiems pavir\u0161iams \u2013 popieriui, medienai, terakotai, metalui, gipsui, plastikui.","og_url":"https:\/\/hobstop.ee\/lt\/produktas\/zymeklis-marabu-deco-1-2mm\/","og_site_name":"Skizze","article_publisher":"http:\/\/www.facebook.com\/VunderSkizze","og_image":[{"width":1024,"height":768,"url":"https:\/\/hobstop.ee\/media\/3736.jpg","type":"image\/jpeg"}],"twitter_card":"summary_large_image","schema":{"@context":"https:\/\/schema.org","@graph":[{"@type":"WebPage","@id":"https:\/\/hobstop.ee\/lt\/produktas\/zymeklis-marabu-deco-1-2mm\/","url":"https:\/\/hobstop.ee\/lt\/produktas\/zymeklis-marabu-deco-1-2mm\/","name":"\u017dymeklis Marabu Deco 1-2mm &#8211; Skizze","isPartOf":{"@id":"https:\/\/hobstop.ee\/lt\/#website"},"primaryImageOfPage":{"@id":"https:\/\/hobstop.ee\/lt\/produktas\/zymeklis-marabu-deco-1-2mm\/#primaryimage"},"image":{"@id":"https:\/\/hobstop.ee\/lt\/produktas\/zymeklis-marabu-deco-1-2mm\/#primaryimage"},"thumbnailUrl":"https:\/\/hobstop.ee\/media\/3736.jpg","datePublished":"2015-07-31T23:19:09+00:00","dateModified":"2015-07-31T23:19:09+00:00","breadcrumb":{"@id":"https:\/\/hobstop.ee\/lt\/produktas\/zymeklis-marabu-deco-1-2mm\/#breadcrumb"},"inLanguage":"lt","potentialAction":[{"@type":"ReadAction","target":["https:\/\/hobstop.ee\/lt\/produktas\/zymeklis-marabu-deco-1-2mm\/"]}]},{"@type":"ImageObject","inLanguage":"lt","@id":"https:\/\/hobstop.ee\/lt\/produktas\/zymeklis-marabu-deco-1-2mm\/#primaryimage","url":"https:\/\/hobstop.ee\/media\/3736.jpg","contentUrl":"https:\/\/hobstop.ee\/media\/3736.jpg","width":1024,"height":768},{"@type":"BreadcrumbList","@id":"https:\/\/hobstop.ee\/lt\/produktas\/zymeklis-marabu-deco-1-2mm\/#breadcrumb","itemListElement":[{"@type":"ListItem","position":1,"name":"Avaleht","item":"https:\/\/hobstop.ee\/lt\/"},{"@type":"ListItem","position":2,"name":"Parduotuv\u0117","item":"https:\/\/hobstop.ee\/lt\/parduotuve\/"},{"@type":"ListItem","position":3,"name":"\u017dymeklis Marabu Deco 1-2mm"}]},{"@type":"WebSite","@id":"https:\/\/hobstop.ee\/lt\/#website","url":"https:\/\/hobstop.ee\/lt\/","name":"Skizze","description":"Dail\u0117s, pom\u0117gi\u0173 ir mokykliniai reikm\u0117nys","publisher":{"@id":"https:\/\/hobstop.ee\/lt\/#organization"},"potentialAction":[{"@type":"SearchAction","target":{"@type":"EntryPoint","urlTemplate":"https:\/\/hobstop.ee\/lt\/?s={search_term_string}"},"query-input":{"@type":"PropertyValueSpecification","valueRequired":true,"valueName":"search_term_string"}}],"inLanguage":"lt"},{"@type":"Organization","@id":"https:\/\/hobstop.ee\/lt\/#organization","name":"Vunder AS","url":"https:\/\/hobstop.ee\/lt\/","logo":{"@type":"ImageObject","inLanguage":"lt","@id":"https:\/\/hobstop.ee\/lt\/#\/schema\/logo\/image\/","url":"https:\/\/hobstop.ee\/media\/vunder-logo.png","contentUrl":"https:\/\/hobstop.ee\/media\/vunder-logo.png","width":127,"height":55,"caption":"Vunder AS"},"image":{"@id":"https:\/\/hobstop.ee\/lt\/#\/schema\/logo\/image\/"},"sameAs":["http:\/\/www.facebook.com\/VunderSkizze"]}]}},"_links":{"self":[{"href":"https:\/\/hobstop.ee\/lt\/wp-json\/wp\/v2\/product\/185344","targetHints":{"allow":["GET"]}}],"collection":[{"href":"https:\/\/hobstop.ee\/lt\/wp-json\/wp\/v2\/product"}],"about":[{"href":"https:\/\/hobstop.ee\/lt\/wp-json\/wp\/v2\/types\/product"}],"replies":[{"embeddable":true,"href":"https:\/\/hobstop.ee\/lt\/wp-json\/wp\/v2\/comments?post=185344"}],"wp:featuredmedia":[{"embeddable":true,"href":"https:\/\/hobstop.ee\/lt\/wp-json\/wp\/v2\/media\/354048"}],"wp:attachment":[{"href":"https:\/\/hobstop.ee\/lt\/wp-json\/wp\/v2\/media?parent=185344"}],"wp:term":[{"taxonomy":"product_cat","embeddable":true,"href":"https:\/\/hobstop.ee\/lt\/wp-json\/wp\/v2\/product_cat?post=185344"},{"taxonomy":"product_tag","embeddable":true,"href":"https:\/\/hobstop.ee\/lt\/wp-json\/wp\/v2\/product_tag?post=185344"}],"curies":[{"name":"wp","href":"https:\/\/api.w.org\/{rel}","templated":true}]}}