{"id":185388,"date":"2015-08-01T02:21:42","date_gmt":"2015-07-31T23:21:42","guid":{"rendered":"http:\/\/vunder-ee.sn25.zone.eu\/lt\/product\/piesimo-bloknotas-canson-xl-marker\/"},"modified":"2015-08-01T02:21:42","modified_gmt":"2015-07-31T23:21:42","slug":"piesimo-bloknotas-canson-xl-marker","status":"publish","type":"product","link":"https:\/\/hobstop.ee\/lt\/produktas\/piesimo-bloknotas-canson-xl-marker\/","title":{"rendered":"Pie\u0161imo bloknotas Canson XL Marker"},"content":{"rendered":"<p>Pusiau permatomas, itin baltas ir mink\u0161tas popierius schemoms pie\u0161ti. Jis nesugeria vandens ir padengtas sluoksniu, neleid\u017eian\u010diu \u012fsigerti tu\u0161ui. Tu\u0161as i\u0161lieka pavir\u0161iuje ir ne\u012fsigeria \u012f popieri\u0173. Ant popierius \u201eXL Marker\u201c spalvos atrodo ry\u0161kesn\u0117s ir mink\u0161tesni\u0173 atspalvi\u0173.<br \/>\nPuikiai tinka \u012fvairi\u0173 r\u016b\u0161i\u0173 markeriams, taip pat ir markeriams, kuri\u0173 sud\u0117tyje yra spirito ar skiedikli\u0173.<\/p>\n","protected":false},"excerpt":{"rendered":"<p>Pusiau permatomas, itin baltas ir mink\u0161tas popierius schemoms pie\u0161ti. Jis nesugeria vandens ir padengtas sluoksniu, neleid\u017eian\u010diu \u012fsigerti tu\u0161ui. Tu\u0161as i\u0161lieka pavir\u0161iuje ir ne\u012fsigeria \u012f popieri\u0173. Ant popierius \u201eXL Marker\u201c spalvos atrodo ry\u0161kesn\u0117s ir mink\u0161tesni\u0173 atspalvi\u0173. Puikiai tinka \u012fvairi\u0173 r\u016b\u0161i\u0173 markeriams, taip pat ir markeriams, kuri\u0173 sud\u0117tyje yra spirito ar skiedikli\u0173.<\/p>\n","protected":false},"featured_media":354184,"comment_status":"closed","ping_status":"closed","template":"","meta":{"_acf_changed":false,"ep_exclude_from_search":false},"product_cat":[19025,17922,18944],"product_tag":[],"class_list":{"0":"post-185388","1":"product","2":"type-product","3":"status-publish","4":"has-post-thumbnail","6":"product_cat-piesimo-popierius-ir-bloknotai","7":"product_cat-popieriaus-prekes","8":"product_cat-specialus-popierius-ir-kartonas","10":"first","11":"outofstock","12":"taxable","13":"shipping-taxable","14":"purchasable","15":"product-type-variable"},"acf":[],"yoast_head":"<!-- This site is optimized with the Yoast SEO plugin v24.1 - https:\/\/yoast.com\/wordpress\/plugins\/seo\/ -->\n<title>Pie\u0161imo bloknotas Canson XL Marker &#8211; Skizze<\/title>\n<meta name=\"robots\" content=\"noindex, follow, max-snippet:-1, max-image-preview:large, max-video-preview:-1\" \/>\n<meta property=\"og:locale\" content=\"lt_LT\" \/>\n<meta property=\"og:type\" content=\"article\" \/>\n<meta property=\"og:title\" content=\"Pie\u0161imo bloknotas Canson XL Marker &#8211; Skizze\" \/>\n<meta property=\"og:description\" content=\"Pusiau permatomas, itin baltas ir mink\u0161tas popierius schemoms pie\u0161ti. Jis nesugeria vandens ir padengtas sluoksniu, neleid\u017eian\u010diu \u012fsigerti tu\u0161ui. Tu\u0161as i\u0161lieka pavir\u0161iuje ir ne\u012fsigeria \u012f popieri\u0173. Ant popierius \u201eXL Marker\u201c spalvos atrodo ry\u0161kesn\u0117s ir mink\u0161tesni\u0173 atspalvi\u0173. Puikiai tinka \u012fvairi\u0173 r\u016b\u0161i\u0173 markeriams, taip pat ir markeriams, kuri\u0173 sud\u0117tyje yra spirito ar skiedikli\u0173.\" \/>\n<meta property=\"og:url\" content=\"https:\/\/hobstop.ee\/lt\/produktas\/piesimo-bloknotas-canson-xl-marker\/\" \/>\n<meta property=\"og:site_name\" content=\"Skizze\" \/>\n<meta property=\"article:publisher\" content=\"http:\/\/www.facebook.com\/VunderSkizze\" \/>\n<meta property=\"og:image\" content=\"https:\/\/hobstop.ee\/media\/3808.jpg\" \/>\n\t<meta property=\"og:image:width\" content=\"1024\" \/>\n\t<meta property=\"og:image:height\" content=\"768\" \/>\n\t<meta property=\"og:image:type\" content=\"image\/jpeg\" \/>\n<meta name=\"twitter:card\" content=\"summary_large_image\" \/>\n<script type=\"application\/ld+json\" class=\"yoast-schema-graph\">{\"@context\":\"https:\/\/schema.org\",\"@graph\":[{\"@type\":\"WebPage\",\"@id\":\"https:\/\/hobstop.ee\/lt\/produktas\/piesimo-bloknotas-canson-xl-marker\/\",\"url\":\"https:\/\/hobstop.ee\/lt\/produktas\/piesimo-bloknotas-canson-xl-marker\/\",\"name\":\"Pie\u0161imo bloknotas Canson XL Marker &#8211; Skizze\",\"isPartOf\":{\"@id\":\"https:\/\/www.hobstop.ee\/lt\/#website\"},\"primaryImageOfPage\":{\"@id\":\"https:\/\/hobstop.ee\/lt\/produktas\/piesimo-bloknotas-canson-xl-marker\/#primaryimage\"},\"image\":{\"@id\":\"https:\/\/hobstop.ee\/lt\/produktas\/piesimo-bloknotas-canson-xl-marker\/#primaryimage\"},\"thumbnailUrl\":\"https:\/\/hobstop.ee\/media\/3808.jpg\",\"datePublished\":\"2015-07-31T23:21:42+00:00\",\"dateModified\":\"2015-07-31T23:21:42+00:00\",\"breadcrumb\":{\"@id\":\"https:\/\/hobstop.ee\/lt\/produktas\/piesimo-bloknotas-canson-xl-marker\/#breadcrumb\"},\"inLanguage\":\"lt\",\"potentialAction\":[{\"@type\":\"ReadAction\",\"target\":[\"https:\/\/hobstop.ee\/lt\/produktas\/piesimo-bloknotas-canson-xl-marker\/\"]}]},{\"@type\":\"ImageObject\",\"inLanguage\":\"lt\",\"@id\":\"https:\/\/hobstop.ee\/lt\/produktas\/piesimo-bloknotas-canson-xl-marker\/#primaryimage\",\"url\":\"https:\/\/hobstop.ee\/media\/3808.jpg\",\"contentUrl\":\"https:\/\/hobstop.ee\/media\/3808.jpg\",\"width\":1024,\"height\":768},{\"@type\":\"BreadcrumbList\",\"@id\":\"https:\/\/hobstop.ee\/lt\/produktas\/piesimo-bloknotas-canson-xl-marker\/#breadcrumb\",\"itemListElement\":[{\"@type\":\"ListItem\",\"position\":1,\"name\":\"Avaleht\",\"item\":\"https:\/\/hobstop.ee\/lt\/\"},{\"@type\":\"ListItem\",\"position\":2,\"name\":\"Parduotuv\u0117\",\"item\":\"https:\/\/www.hobstop.ee\/lt\/parduotuve\/\"},{\"@type\":\"ListItem\",\"position\":3,\"name\":\"Pie\u0161imo bloknotas Canson XL Marker\"}]},{\"@type\":\"WebSite\",\"@id\":\"https:\/\/www.hobstop.ee\/lt\/#website\",\"url\":\"https:\/\/www.hobstop.ee\/lt\/\",\"name\":\"Skizze\",\"description\":\"Dail\u0117s, pom\u0117gi\u0173 ir mokykliniai reikm\u0117nys\",\"publisher\":{\"@id\":\"https:\/\/www.hobstop.ee\/lt\/#organization\"},\"potentialAction\":[{\"@type\":\"SearchAction\",\"target\":{\"@type\":\"EntryPoint\",\"urlTemplate\":\"https:\/\/www.hobstop.ee\/lt\/?s={search_term_string}\"},\"query-input\":{\"@type\":\"PropertyValueSpecification\",\"valueRequired\":true,\"valueName\":\"search_term_string\"}}],\"inLanguage\":\"lt\"},{\"@type\":\"Organization\",\"@id\":\"https:\/\/www.hobstop.ee\/lt\/#organization\",\"name\":\"Vunder AS\",\"url\":\"https:\/\/www.hobstop.ee\/lt\/\",\"logo\":{\"@type\":\"ImageObject\",\"inLanguage\":\"lt\",\"@id\":\"https:\/\/www.hobstop.ee\/lt\/#\/schema\/logo\/image\/\",\"url\":\"https:\/\/hobstop.ee\/media\/vunder-logo.png\",\"contentUrl\":\"https:\/\/hobstop.ee\/media\/vunder-logo.png\",\"width\":127,\"height\":55,\"caption\":\"Vunder AS\"},\"image\":{\"@id\":\"https:\/\/www.hobstop.ee\/lt\/#\/schema\/logo\/image\/\"},\"sameAs\":[\"http:\/\/www.facebook.com\/VunderSkizze\"]}]}<\/script>\n<!-- \/ Yoast SEO plugin. -->","yoast_head_json":{"title":"Pie\u0161imo bloknotas Canson XL Marker &#8211; Skizze","robots":{"index":"noindex","follow":"follow","max-snippet":"max-snippet:-1","max-image-preview":"max-image-preview:large","max-video-preview":"max-video-preview:-1"},"og_locale":"lt_LT","og_type":"article","og_title":"Pie\u0161imo bloknotas Canson XL Marker &#8211; Skizze","og_description":"Pusiau permatomas, itin baltas ir mink\u0161tas popierius schemoms pie\u0161ti. Jis nesugeria vandens ir padengtas sluoksniu, neleid\u017eian\u010diu \u012fsigerti tu\u0161ui. Tu\u0161as i\u0161lieka pavir\u0161iuje ir ne\u012fsigeria \u012f popieri\u0173. Ant popierius \u201eXL Marker\u201c spalvos atrodo ry\u0161kesn\u0117s ir mink\u0161tesni\u0173 atspalvi\u0173. Puikiai tinka \u012fvairi\u0173 r\u016b\u0161i\u0173 markeriams, taip pat ir markeriams, kuri\u0173 sud\u0117tyje yra spirito ar skiedikli\u0173.","og_url":"https:\/\/hobstop.ee\/lt\/produktas\/piesimo-bloknotas-canson-xl-marker\/","og_site_name":"Skizze","article_publisher":"http:\/\/www.facebook.com\/VunderSkizze","og_image":[{"width":1024,"height":768,"url":"https:\/\/hobstop.ee\/media\/3808.jpg","type":"image\/jpeg"}],"twitter_card":"summary_large_image","schema":{"@context":"https:\/\/schema.org","@graph":[{"@type":"WebPage","@id":"https:\/\/hobstop.ee\/lt\/produktas\/piesimo-bloknotas-canson-xl-marker\/","url":"https:\/\/hobstop.ee\/lt\/produktas\/piesimo-bloknotas-canson-xl-marker\/","name":"Pie\u0161imo bloknotas Canson XL Marker &#8211; Skizze","isPartOf":{"@id":"https:\/\/www.hobstop.ee\/lt\/#website"},"primaryImageOfPage":{"@id":"https:\/\/hobstop.ee\/lt\/produktas\/piesimo-bloknotas-canson-xl-marker\/#primaryimage"},"image":{"@id":"https:\/\/hobstop.ee\/lt\/produktas\/piesimo-bloknotas-canson-xl-marker\/#primaryimage"},"thumbnailUrl":"https:\/\/hobstop.ee\/media\/3808.jpg","datePublished":"2015-07-31T23:21:42+00:00","dateModified":"2015-07-31T23:21:42+00:00","breadcrumb":{"@id":"https:\/\/hobstop.ee\/lt\/produktas\/piesimo-bloknotas-canson-xl-marker\/#breadcrumb"},"inLanguage":"lt","potentialAction":[{"@type":"ReadAction","target":["https:\/\/hobstop.ee\/lt\/produktas\/piesimo-bloknotas-canson-xl-marker\/"]}]},{"@type":"ImageObject","inLanguage":"lt","@id":"https:\/\/hobstop.ee\/lt\/produktas\/piesimo-bloknotas-canson-xl-marker\/#primaryimage","url":"https:\/\/hobstop.ee\/media\/3808.jpg","contentUrl":"https:\/\/hobstop.ee\/media\/3808.jpg","width":1024,"height":768},{"@type":"BreadcrumbList","@id":"https:\/\/hobstop.ee\/lt\/produktas\/piesimo-bloknotas-canson-xl-marker\/#breadcrumb","itemListElement":[{"@type":"ListItem","position":1,"name":"Avaleht","item":"https:\/\/hobstop.ee\/lt\/"},{"@type":"ListItem","position":2,"name":"Parduotuv\u0117","item":"https:\/\/www.hobstop.ee\/lt\/parduotuve\/"},{"@type":"ListItem","position":3,"name":"Pie\u0161imo bloknotas Canson XL Marker"}]},{"@type":"WebSite","@id":"https:\/\/www.hobstop.ee\/lt\/#website","url":"https:\/\/www.hobstop.ee\/lt\/","name":"Skizze","description":"Dail\u0117s, pom\u0117gi\u0173 ir mokykliniai reikm\u0117nys","publisher":{"@id":"https:\/\/www.hobstop.ee\/lt\/#organization"},"potentialAction":[{"@type":"SearchAction","target":{"@type":"EntryPoint","urlTemplate":"https:\/\/www.hobstop.ee\/lt\/?s={search_term_string}"},"query-input":{"@type":"PropertyValueSpecification","valueRequired":true,"valueName":"search_term_string"}}],"inLanguage":"lt"},{"@type":"Organization","@id":"https:\/\/www.hobstop.ee\/lt\/#organization","name":"Vunder AS","url":"https:\/\/www.hobstop.ee\/lt\/","logo":{"@type":"ImageObject","inLanguage":"lt","@id":"https:\/\/www.hobstop.ee\/lt\/#\/schema\/logo\/image\/","url":"https:\/\/hobstop.ee\/media\/vunder-logo.png","contentUrl":"https:\/\/hobstop.ee\/media\/vunder-logo.png","width":127,"height":55,"caption":"Vunder AS"},"image":{"@id":"https:\/\/www.hobstop.ee\/lt\/#\/schema\/logo\/image\/"},"sameAs":["http:\/\/www.facebook.com\/VunderSkizze"]}]}},"_links":{"self":[{"href":"https:\/\/hobstop.ee\/lt\/wp-json\/wp\/v2\/product\/185388","targetHints":{"allow":["GET"]}}],"collection":[{"href":"https:\/\/hobstop.ee\/lt\/wp-json\/wp\/v2\/product"}],"about":[{"href":"https:\/\/hobstop.ee\/lt\/wp-json\/wp\/v2\/types\/product"}],"replies":[{"embeddable":true,"href":"https:\/\/hobstop.ee\/lt\/wp-json\/wp\/v2\/comments?post=185388"}],"wp:featuredmedia":[{"embeddable":true,"href":"https:\/\/hobstop.ee\/lt\/wp-json\/wp\/v2\/media\/354184"}],"wp:attachment":[{"href":"https:\/\/hobstop.ee\/lt\/wp-json\/wp\/v2\/media?parent=185388"}],"wp:term":[{"taxonomy":"product_cat","embeddable":true,"href":"https:\/\/hobstop.ee\/lt\/wp-json\/wp\/v2\/product_cat?post=185388"},{"taxonomy":"product_tag","embeddable":true,"href":"https:\/\/hobstop.ee\/lt\/wp-json\/wp\/v2\/product_tag?post=185388"}],"curies":[{"name":"wp","href":"https:\/\/api.w.org\/{rel}","templated":true}]}}