{"id":185392,"date":"2015-08-01T02:21:55","date_gmt":"2015-07-31T23:21:55","guid":{"rendered":"http:\/\/vunder-ee.sn25.zone.eu\/lt\/product\/braizybos-bloknotas-canson-bristol\/"},"modified":"2015-08-01T02:21:55","modified_gmt":"2015-07-31T23:21:55","slug":"braizybos-bloknotas-canson-bristol","status":"publish","type":"product","link":"https:\/\/hobstop.ee\/lt\/produktas\/braizybos-bloknotas-canson-bristol\/","title":{"rendered":"Brai\u017eybos bloknotas Canson Bristol"},"content":{"rendered":"<p>Itin smulkios tekst\u016bros, blizgaus pavir\u0161iaus, taip vadinamas bristolio popierius, labai baltas ir itin lyg\u016bs. Jis yra labai atsparus, ant jo pie\u0161tus pie\u0161inius galima kelis kartus taisyti \u2013 skusti arba trinti trintuku. Puikiai tinka pie\u0161ti pie\u0161tukais, tu\u0161inukais, rapitografu, aerografu, lieti ir naudoti kit\u0105 technik\u0105, kur reikia lygaus pagrindo ir ai\u0161ki\u0173 linij\u0173.<br \/>\nPuikiai tinka pie\u0161ti pie\u0161tukais, tu\u0161u, markeriu ir flomasteriu.<\/p>\n","protected":false},"excerpt":{"rendered":"<p>Itin smulkios tekst\u016bros, blizgaus pavir\u0161iaus, taip vadinamas bristolio popierius, labai baltas ir itin lyg\u016bs. Jis yra labai atsparus, ant jo pie\u0161tus pie\u0161inius galima kelis kartus taisyti \u2013 skusti arba trinti trintuku. Puikiai tinka pie\u0161ti pie\u0161tukais, tu\u0161inukais, rapitografu, aerografu, lieti ir naudoti kit\u0105 technik\u0105, kur reikia lygaus pagrindo ir ai\u0161ki\u0173 linij\u0173. Puikiai tinka pie\u0161ti pie\u0161tukais, tu\u0161u, markeriu ir flomasteriu.<\/p>\n","protected":false},"featured_media":354004,"comment_status":"closed","ping_status":"closed","template":"","meta":{"_acf_changed":false,"ep_exclude_from_search":false},"product_cat":[19025,17922,18944],"product_tag":[],"class_list":{"0":"post-185392","1":"product","2":"type-product","3":"status-publish","4":"has-post-thumbnail","6":"product_cat-piesimo-popierius-ir-bloknotai","7":"product_cat-popieriaus-prekes","8":"product_cat-specialus-popierius-ir-kartonas","10":"first","11":"outofstock","12":"taxable","13":"shipping-taxable","14":"purchasable","15":"product-type-variable"},"acf":[],"yoast_head":"<!-- This site is optimized with the Yoast SEO plugin v24.1 - https:\/\/yoast.com\/wordpress\/plugins\/seo\/ -->\n<title>Brai\u017eybos bloknotas Canson Bristol &#8211; Skizze<\/title>\n<meta name=\"robots\" content=\"noindex, follow, max-snippet:-1, max-image-preview:large, max-video-preview:-1\" \/>\n<meta property=\"og:locale\" content=\"lt_LT\" \/>\n<meta property=\"og:type\" content=\"article\" \/>\n<meta property=\"og:title\" content=\"Brai\u017eybos bloknotas Canson Bristol &#8211; Skizze\" \/>\n<meta property=\"og:description\" content=\"Itin smulkios tekst\u016bros, blizgaus pavir\u0161iaus, taip vadinamas bristolio popierius, labai baltas ir itin lyg\u016bs. Jis yra labai atsparus, ant jo pie\u0161tus pie\u0161inius galima kelis kartus taisyti \u2013 skusti arba trinti trintuku. Puikiai tinka pie\u0161ti pie\u0161tukais, tu\u0161inukais, rapitografu, aerografu, lieti ir naudoti kit\u0105 technik\u0105, kur reikia lygaus pagrindo ir ai\u0161ki\u0173 linij\u0173. Puikiai tinka pie\u0161ti pie\u0161tukais, tu\u0161u, markeriu ir flomasteriu.\" \/>\n<meta property=\"og:url\" content=\"https:\/\/hobstop.ee\/lt\/produktas\/braizybos-bloknotas-canson-bristol\/\" \/>\n<meta property=\"og:site_name\" content=\"Skizze\" \/>\n<meta property=\"article:publisher\" content=\"http:\/\/www.facebook.com\/VunderSkizze\" \/>\n<meta property=\"og:image\" content=\"https:\/\/hobstop.ee\/media\/3809.jpg\" \/>\n\t<meta property=\"og:image:width\" content=\"1024\" \/>\n\t<meta property=\"og:image:height\" content=\"768\" \/>\n\t<meta property=\"og:image:type\" content=\"image\/jpeg\" \/>\n<meta name=\"twitter:card\" content=\"summary_large_image\" \/>\n<script type=\"application\/ld+json\" class=\"yoast-schema-graph\">{\"@context\":\"https:\/\/schema.org\",\"@graph\":[{\"@type\":\"WebPage\",\"@id\":\"https:\/\/hobstop.ee\/lt\/produktas\/braizybos-bloknotas-canson-bristol\/\",\"url\":\"https:\/\/hobstop.ee\/lt\/produktas\/braizybos-bloknotas-canson-bristol\/\",\"name\":\"Brai\u017eybos bloknotas Canson Bristol &#8211; Skizze\",\"isPartOf\":{\"@id\":\"https:\/\/hobstop.ee\/lt\/#website\"},\"primaryImageOfPage\":{\"@id\":\"https:\/\/hobstop.ee\/lt\/produktas\/braizybos-bloknotas-canson-bristol\/#primaryimage\"},\"image\":{\"@id\":\"https:\/\/hobstop.ee\/lt\/produktas\/braizybos-bloknotas-canson-bristol\/#primaryimage\"},\"thumbnailUrl\":\"https:\/\/hobstop.ee\/media\/3809.jpg\",\"datePublished\":\"2015-07-31T23:21:55+00:00\",\"dateModified\":\"2015-07-31T23:21:55+00:00\",\"breadcrumb\":{\"@id\":\"https:\/\/hobstop.ee\/lt\/produktas\/braizybos-bloknotas-canson-bristol\/#breadcrumb\"},\"inLanguage\":\"lt\",\"potentialAction\":[{\"@type\":\"ReadAction\",\"target\":[\"https:\/\/hobstop.ee\/lt\/produktas\/braizybos-bloknotas-canson-bristol\/\"]}]},{\"@type\":\"ImageObject\",\"inLanguage\":\"lt\",\"@id\":\"https:\/\/hobstop.ee\/lt\/produktas\/braizybos-bloknotas-canson-bristol\/#primaryimage\",\"url\":\"https:\/\/hobstop.ee\/media\/3809.jpg\",\"contentUrl\":\"https:\/\/hobstop.ee\/media\/3809.jpg\",\"width\":1024,\"height\":768},{\"@type\":\"BreadcrumbList\",\"@id\":\"https:\/\/hobstop.ee\/lt\/produktas\/braizybos-bloknotas-canson-bristol\/#breadcrumb\",\"itemListElement\":[{\"@type\":\"ListItem\",\"position\":1,\"name\":\"Avaleht\",\"item\":\"https:\/\/hobstop.ee\/lt\/\"},{\"@type\":\"ListItem\",\"position\":2,\"name\":\"Parduotuv\u0117\",\"item\":\"https:\/\/hobstop.ee\/lt\/parduotuve\/\"},{\"@type\":\"ListItem\",\"position\":3,\"name\":\"Brai\u017eybos bloknotas Canson Bristol\"}]},{\"@type\":\"WebSite\",\"@id\":\"https:\/\/hobstop.ee\/lt\/#website\",\"url\":\"https:\/\/hobstop.ee\/lt\/\",\"name\":\"Skizze\",\"description\":\"Dail\u0117s, pom\u0117gi\u0173 ir mokykliniai reikm\u0117nys\",\"publisher\":{\"@id\":\"https:\/\/hobstop.ee\/lt\/#organization\"},\"potentialAction\":[{\"@type\":\"SearchAction\",\"target\":{\"@type\":\"EntryPoint\",\"urlTemplate\":\"https:\/\/hobstop.ee\/lt\/?s={search_term_string}\"},\"query-input\":{\"@type\":\"PropertyValueSpecification\",\"valueRequired\":true,\"valueName\":\"search_term_string\"}}],\"inLanguage\":\"lt\"},{\"@type\":\"Organization\",\"@id\":\"https:\/\/hobstop.ee\/lt\/#organization\",\"name\":\"Vunder AS\",\"url\":\"https:\/\/hobstop.ee\/lt\/\",\"logo\":{\"@type\":\"ImageObject\",\"inLanguage\":\"lt\",\"@id\":\"https:\/\/hobstop.ee\/lt\/#\/schema\/logo\/image\/\",\"url\":\"https:\/\/hobstop.ee\/media\/vunder-logo.png\",\"contentUrl\":\"https:\/\/hobstop.ee\/media\/vunder-logo.png\",\"width\":127,\"height\":55,\"caption\":\"Vunder AS\"},\"image\":{\"@id\":\"https:\/\/hobstop.ee\/lt\/#\/schema\/logo\/image\/\"},\"sameAs\":[\"http:\/\/www.facebook.com\/VunderSkizze\"]}]}<\/script>\n<!-- \/ Yoast SEO plugin. -->","yoast_head_json":{"title":"Brai\u017eybos bloknotas Canson Bristol &#8211; Skizze","robots":{"index":"noindex","follow":"follow","max-snippet":"max-snippet:-1","max-image-preview":"max-image-preview:large","max-video-preview":"max-video-preview:-1"},"og_locale":"lt_LT","og_type":"article","og_title":"Brai\u017eybos bloknotas Canson Bristol &#8211; Skizze","og_description":"Itin smulkios tekst\u016bros, blizgaus pavir\u0161iaus, taip vadinamas bristolio popierius, labai baltas ir itin lyg\u016bs. Jis yra labai atsparus, ant jo pie\u0161tus pie\u0161inius galima kelis kartus taisyti \u2013 skusti arba trinti trintuku. Puikiai tinka pie\u0161ti pie\u0161tukais, tu\u0161inukais, rapitografu, aerografu, lieti ir naudoti kit\u0105 technik\u0105, kur reikia lygaus pagrindo ir ai\u0161ki\u0173 linij\u0173. Puikiai tinka pie\u0161ti pie\u0161tukais, tu\u0161u, markeriu ir flomasteriu.","og_url":"https:\/\/hobstop.ee\/lt\/produktas\/braizybos-bloknotas-canson-bristol\/","og_site_name":"Skizze","article_publisher":"http:\/\/www.facebook.com\/VunderSkizze","og_image":[{"width":1024,"height":768,"url":"https:\/\/hobstop.ee\/media\/3809.jpg","type":"image\/jpeg"}],"twitter_card":"summary_large_image","schema":{"@context":"https:\/\/schema.org","@graph":[{"@type":"WebPage","@id":"https:\/\/hobstop.ee\/lt\/produktas\/braizybos-bloknotas-canson-bristol\/","url":"https:\/\/hobstop.ee\/lt\/produktas\/braizybos-bloknotas-canson-bristol\/","name":"Brai\u017eybos bloknotas Canson Bristol &#8211; Skizze","isPartOf":{"@id":"https:\/\/hobstop.ee\/lt\/#website"},"primaryImageOfPage":{"@id":"https:\/\/hobstop.ee\/lt\/produktas\/braizybos-bloknotas-canson-bristol\/#primaryimage"},"image":{"@id":"https:\/\/hobstop.ee\/lt\/produktas\/braizybos-bloknotas-canson-bristol\/#primaryimage"},"thumbnailUrl":"https:\/\/hobstop.ee\/media\/3809.jpg","datePublished":"2015-07-31T23:21:55+00:00","dateModified":"2015-07-31T23:21:55+00:00","breadcrumb":{"@id":"https:\/\/hobstop.ee\/lt\/produktas\/braizybos-bloknotas-canson-bristol\/#breadcrumb"},"inLanguage":"lt","potentialAction":[{"@type":"ReadAction","target":["https:\/\/hobstop.ee\/lt\/produktas\/braizybos-bloknotas-canson-bristol\/"]}]},{"@type":"ImageObject","inLanguage":"lt","@id":"https:\/\/hobstop.ee\/lt\/produktas\/braizybos-bloknotas-canson-bristol\/#primaryimage","url":"https:\/\/hobstop.ee\/media\/3809.jpg","contentUrl":"https:\/\/hobstop.ee\/media\/3809.jpg","width":1024,"height":768},{"@type":"BreadcrumbList","@id":"https:\/\/hobstop.ee\/lt\/produktas\/braizybos-bloknotas-canson-bristol\/#breadcrumb","itemListElement":[{"@type":"ListItem","position":1,"name":"Avaleht","item":"https:\/\/hobstop.ee\/lt\/"},{"@type":"ListItem","position":2,"name":"Parduotuv\u0117","item":"https:\/\/hobstop.ee\/lt\/parduotuve\/"},{"@type":"ListItem","position":3,"name":"Brai\u017eybos bloknotas Canson Bristol"}]},{"@type":"WebSite","@id":"https:\/\/hobstop.ee\/lt\/#website","url":"https:\/\/hobstop.ee\/lt\/","name":"Skizze","description":"Dail\u0117s, pom\u0117gi\u0173 ir mokykliniai reikm\u0117nys","publisher":{"@id":"https:\/\/hobstop.ee\/lt\/#organization"},"potentialAction":[{"@type":"SearchAction","target":{"@type":"EntryPoint","urlTemplate":"https:\/\/hobstop.ee\/lt\/?s={search_term_string}"},"query-input":{"@type":"PropertyValueSpecification","valueRequired":true,"valueName":"search_term_string"}}],"inLanguage":"lt"},{"@type":"Organization","@id":"https:\/\/hobstop.ee\/lt\/#organization","name":"Vunder AS","url":"https:\/\/hobstop.ee\/lt\/","logo":{"@type":"ImageObject","inLanguage":"lt","@id":"https:\/\/hobstop.ee\/lt\/#\/schema\/logo\/image\/","url":"https:\/\/hobstop.ee\/media\/vunder-logo.png","contentUrl":"https:\/\/hobstop.ee\/media\/vunder-logo.png","width":127,"height":55,"caption":"Vunder AS"},"image":{"@id":"https:\/\/hobstop.ee\/lt\/#\/schema\/logo\/image\/"},"sameAs":["http:\/\/www.facebook.com\/VunderSkizze"]}]}},"_links":{"self":[{"href":"https:\/\/hobstop.ee\/lt\/wp-json\/wp\/v2\/product\/185392","targetHints":{"allow":["GET"]}}],"collection":[{"href":"https:\/\/hobstop.ee\/lt\/wp-json\/wp\/v2\/product"}],"about":[{"href":"https:\/\/hobstop.ee\/lt\/wp-json\/wp\/v2\/types\/product"}],"replies":[{"embeddable":true,"href":"https:\/\/hobstop.ee\/lt\/wp-json\/wp\/v2\/comments?post=185392"}],"wp:featuredmedia":[{"embeddable":true,"href":"https:\/\/hobstop.ee\/lt\/wp-json\/wp\/v2\/media\/354004"}],"wp:attachment":[{"href":"https:\/\/hobstop.ee\/lt\/wp-json\/wp\/v2\/media?parent=185392"}],"wp:term":[{"taxonomy":"product_cat","embeddable":true,"href":"https:\/\/hobstop.ee\/lt\/wp-json\/wp\/v2\/product_cat?post=185392"},{"taxonomy":"product_tag","embeddable":true,"href":"https:\/\/hobstop.ee\/lt\/wp-json\/wp\/v2\/product_tag?post=185392"}],"curies":[{"name":"wp","href":"https:\/\/api.w.org\/{rel}","templated":true}]}}