{"id":185396,"date":"2015-08-01T02:22:07","date_gmt":"2015-07-31T23:22:07","guid":{"rendered":"http:\/\/vunder-ee.sn25.zone.eu\/lt\/product\/piesimo-bloknotas-canson-illustration\/"},"modified":"2015-08-01T02:22:07","modified_gmt":"2015-07-31T23:22:07","slug":"piesimo-bloknotas-canson-illustration","status":"publish","type":"product","link":"https:\/\/hobstop.ee\/lt\/produktas\/piesimo-bloknotas-canson-illustration\/","title":{"rendered":"Pie\u0161imo bloknotas Canson Illustration"},"content":{"rendered":"<p>Pagaliau yra popierius, kuris yra specialiai sukurtas iliustracijoms, komiksams ir mangai! Popierius buvo sukurtas bendradarbiaujant su Angulemo autori\u0173 kolektyvu, j\u012f i\u0161band\u0117 ir pripa\u017eino Pranc\u016bzijos ir JAV profesional\u016bs iliustratoriai. Iliustracij\u0173 popierius \u201eCanson\u201c idealiai tinka komiksams ir iliustracijoms pie\u0161ti su ra\u0161ikliais, tu\u0161u, flomasteriais, parkeriais, tu\u0161inukais arba lieti. Popieriaus pavir\u0161ius yra lygus, tod\u0117l atsparus trynimui, lipnioms juostel\u0117ms ir trynimui trintuku. Jis yra labai baltas, tod\u0117l suteikia puik\u0173 spalv\u0173 kontrast\u0105 yra idealiai tinka skenavimui.<br \/>\nPuikiai tinka pie\u0161ti pie\u0161tukais, tu\u0161u, markeriu ir flomasteriu.<\/p>\n","protected":false},"excerpt":{"rendered":"<p>Pagaliau yra popierius, kuris yra specialiai sukurtas iliustracijoms, komiksams ir mangai! Popierius buvo sukurtas bendradarbiaujant su Angulemo autori\u0173 kolektyvu, j\u012f i\u0161band\u0117 ir pripa\u017eino Pranc\u016bzijos ir JAV profesional\u016bs iliustratoriai. Iliustracij\u0173 popierius \u201eCanson\u201c idealiai tinka komiksams ir iliustracijoms pie\u0161ti su ra\u0161ikliais, tu\u0161u, flomasteriais, parkeriais, tu\u0161inukais arba lieti. Popieriaus pavir\u0161ius yra lygus, tod\u0117l atsparus trynimui, lipnioms juostel\u0117ms ir trynimui trintuku. Jis yra labai baltas, tod\u0117l suteikia puik\u0173 spalv\u0173 kontrast\u0105 yra idealiai tinka skenavimui. Puikiai tinka pie\u0161ti pie\u0161tukais, tu\u0161u, markeriu ir flomasteriu.<\/p>\n","protected":false},"featured_media":204448,"comment_status":"closed","ping_status":"closed","template":"","meta":{"_acf_changed":false,"ep_exclude_from_search":false},"product_cat":[19025,17922,18944],"product_tag":[],"class_list":{"0":"post-185396","1":"product","2":"type-product","3":"status-publish","4":"has-post-thumbnail","6":"product_cat-piesimo-popierius-ir-bloknotai","7":"product_cat-popieriaus-prekes","8":"product_cat-specialus-popierius-ir-kartonas","10":"first","11":"instock","12":"taxable","13":"shipping-taxable","14":"purchasable","15":"product-type-variable"},"acf":[],"yoast_head":"<!-- This site is optimized with the Yoast SEO plugin v24.1 - https:\/\/yoast.com\/wordpress\/plugins\/seo\/ -->\n<title>Pie\u0161imo bloknotas Canson Illustration &#8211; Skizze<\/title>\n<meta name=\"robots\" content=\"noindex, follow, max-snippet:-1, max-image-preview:large, max-video-preview:-1\" \/>\n<meta property=\"og:locale\" content=\"lt_LT\" \/>\n<meta property=\"og:type\" content=\"article\" \/>\n<meta property=\"og:title\" content=\"Pie\u0161imo bloknotas Canson Illustration &#8211; Skizze\" \/>\n<meta property=\"og:description\" content=\"Pagaliau yra popierius, kuris yra specialiai sukurtas iliustracijoms, komiksams ir mangai! Popierius buvo sukurtas bendradarbiaujant su Angulemo autori\u0173 kolektyvu, j\u012f i\u0161band\u0117 ir pripa\u017eino Pranc\u016bzijos ir JAV profesional\u016bs iliustratoriai. Iliustracij\u0173 popierius \u201eCanson\u201c idealiai tinka komiksams ir iliustracijoms pie\u0161ti su ra\u0161ikliais, tu\u0161u, flomasteriais, parkeriais, tu\u0161inukais arba lieti. Popieriaus pavir\u0161ius yra lygus, tod\u0117l atsparus trynimui, lipnioms juostel\u0117ms ir trynimui trintuku. Jis yra labai baltas, tod\u0117l suteikia puik\u0173 spalv\u0173 kontrast\u0105 yra idealiai tinka skenavimui. Puikiai tinka pie\u0161ti pie\u0161tukais, tu\u0161u, markeriu ir flomasteriu.\" \/>\n<meta property=\"og:url\" content=\"https:\/\/hobstop.ee\/lt\/produktas\/piesimo-bloknotas-canson-illustration\/\" \/>\n<meta property=\"og:site_name\" content=\"Skizze\" \/>\n<meta property=\"article:publisher\" content=\"http:\/\/www.facebook.com\/VunderSkizze\" \/>\n<meta property=\"og:image\" content=\"https:\/\/hobstop.ee\/media\/3810.jpg\" \/>\n\t<meta property=\"og:image:width\" content=\"1024\" \/>\n\t<meta property=\"og:image:height\" content=\"768\" \/>\n\t<meta property=\"og:image:type\" content=\"image\/jpeg\" \/>\n<meta name=\"twitter:card\" content=\"summary_large_image\" \/>\n<script type=\"application\/ld+json\" class=\"yoast-schema-graph\">{\"@context\":\"https:\/\/schema.org\",\"@graph\":[{\"@type\":\"WebPage\",\"@id\":\"https:\/\/hobstop.ee\/lt\/produktas\/piesimo-bloknotas-canson-illustration\/\",\"url\":\"https:\/\/hobstop.ee\/lt\/produktas\/piesimo-bloknotas-canson-illustration\/\",\"name\":\"Pie\u0161imo bloknotas Canson Illustration &#8211; Skizze\",\"isPartOf\":{\"@id\":\"https:\/\/hobstop.ee\/lt\/#website\"},\"primaryImageOfPage\":{\"@id\":\"https:\/\/hobstop.ee\/lt\/produktas\/piesimo-bloknotas-canson-illustration\/#primaryimage\"},\"image\":{\"@id\":\"https:\/\/hobstop.ee\/lt\/produktas\/piesimo-bloknotas-canson-illustration\/#primaryimage\"},\"thumbnailUrl\":\"https:\/\/hobstop.ee\/media\/3810.jpg\",\"datePublished\":\"2015-07-31T23:22:07+00:00\",\"dateModified\":\"2015-07-31T23:22:07+00:00\",\"breadcrumb\":{\"@id\":\"https:\/\/hobstop.ee\/lt\/produktas\/piesimo-bloknotas-canson-illustration\/#breadcrumb\"},\"inLanguage\":\"lt\",\"potentialAction\":[{\"@type\":\"ReadAction\",\"target\":[\"https:\/\/hobstop.ee\/lt\/produktas\/piesimo-bloknotas-canson-illustration\/\"]}]},{\"@type\":\"ImageObject\",\"inLanguage\":\"lt\",\"@id\":\"https:\/\/hobstop.ee\/lt\/produktas\/piesimo-bloknotas-canson-illustration\/#primaryimage\",\"url\":\"https:\/\/hobstop.ee\/media\/3810.jpg\",\"contentUrl\":\"https:\/\/hobstop.ee\/media\/3810.jpg\",\"width\":1024,\"height\":768},{\"@type\":\"BreadcrumbList\",\"@id\":\"https:\/\/hobstop.ee\/lt\/produktas\/piesimo-bloknotas-canson-illustration\/#breadcrumb\",\"itemListElement\":[{\"@type\":\"ListItem\",\"position\":1,\"name\":\"Avaleht\",\"item\":\"https:\/\/hobstop.ee\/lt\/\"},{\"@type\":\"ListItem\",\"position\":2,\"name\":\"Parduotuv\u0117\",\"item\":\"https:\/\/hobstop.ee\/lt\/parduotuve\/\"},{\"@type\":\"ListItem\",\"position\":3,\"name\":\"Pie\u0161imo bloknotas Canson Illustration\"}]},{\"@type\":\"WebSite\",\"@id\":\"https:\/\/hobstop.ee\/lt\/#website\",\"url\":\"https:\/\/hobstop.ee\/lt\/\",\"name\":\"Skizze\",\"description\":\"Dail\u0117s, pom\u0117gi\u0173 ir mokykliniai reikm\u0117nys\",\"publisher\":{\"@id\":\"https:\/\/hobstop.ee\/lt\/#organization\"},\"potentialAction\":[{\"@type\":\"SearchAction\",\"target\":{\"@type\":\"EntryPoint\",\"urlTemplate\":\"https:\/\/hobstop.ee\/lt\/?s={search_term_string}\"},\"query-input\":{\"@type\":\"PropertyValueSpecification\",\"valueRequired\":true,\"valueName\":\"search_term_string\"}}],\"inLanguage\":\"lt\"},{\"@type\":\"Organization\",\"@id\":\"https:\/\/hobstop.ee\/lt\/#organization\",\"name\":\"Vunder AS\",\"url\":\"https:\/\/hobstop.ee\/lt\/\",\"logo\":{\"@type\":\"ImageObject\",\"inLanguage\":\"lt\",\"@id\":\"https:\/\/hobstop.ee\/lt\/#\/schema\/logo\/image\/\",\"url\":\"https:\/\/hobstop.ee\/media\/vunder-logo.png\",\"contentUrl\":\"https:\/\/hobstop.ee\/media\/vunder-logo.png\",\"width\":127,\"height\":55,\"caption\":\"Vunder AS\"},\"image\":{\"@id\":\"https:\/\/hobstop.ee\/lt\/#\/schema\/logo\/image\/\"},\"sameAs\":[\"http:\/\/www.facebook.com\/VunderSkizze\"]}]}<\/script>\n<!-- \/ Yoast SEO plugin. -->","yoast_head_json":{"title":"Pie\u0161imo bloknotas Canson Illustration &#8211; Skizze","robots":{"index":"noindex","follow":"follow","max-snippet":"max-snippet:-1","max-image-preview":"max-image-preview:large","max-video-preview":"max-video-preview:-1"},"og_locale":"lt_LT","og_type":"article","og_title":"Pie\u0161imo bloknotas Canson Illustration &#8211; Skizze","og_description":"Pagaliau yra popierius, kuris yra specialiai sukurtas iliustracijoms, komiksams ir mangai! Popierius buvo sukurtas bendradarbiaujant su Angulemo autori\u0173 kolektyvu, j\u012f i\u0161band\u0117 ir pripa\u017eino Pranc\u016bzijos ir JAV profesional\u016bs iliustratoriai. Iliustracij\u0173 popierius \u201eCanson\u201c idealiai tinka komiksams ir iliustracijoms pie\u0161ti su ra\u0161ikliais, tu\u0161u, flomasteriais, parkeriais, tu\u0161inukais arba lieti. Popieriaus pavir\u0161ius yra lygus, tod\u0117l atsparus trynimui, lipnioms juostel\u0117ms ir trynimui trintuku. Jis yra labai baltas, tod\u0117l suteikia puik\u0173 spalv\u0173 kontrast\u0105 yra idealiai tinka skenavimui. Puikiai tinka pie\u0161ti pie\u0161tukais, tu\u0161u, markeriu ir flomasteriu.","og_url":"https:\/\/hobstop.ee\/lt\/produktas\/piesimo-bloknotas-canson-illustration\/","og_site_name":"Skizze","article_publisher":"http:\/\/www.facebook.com\/VunderSkizze","og_image":[{"width":1024,"height":768,"url":"https:\/\/hobstop.ee\/media\/3810.jpg","type":"image\/jpeg"}],"twitter_card":"summary_large_image","schema":{"@context":"https:\/\/schema.org","@graph":[{"@type":"WebPage","@id":"https:\/\/hobstop.ee\/lt\/produktas\/piesimo-bloknotas-canson-illustration\/","url":"https:\/\/hobstop.ee\/lt\/produktas\/piesimo-bloknotas-canson-illustration\/","name":"Pie\u0161imo bloknotas Canson Illustration &#8211; Skizze","isPartOf":{"@id":"https:\/\/hobstop.ee\/lt\/#website"},"primaryImageOfPage":{"@id":"https:\/\/hobstop.ee\/lt\/produktas\/piesimo-bloknotas-canson-illustration\/#primaryimage"},"image":{"@id":"https:\/\/hobstop.ee\/lt\/produktas\/piesimo-bloknotas-canson-illustration\/#primaryimage"},"thumbnailUrl":"https:\/\/hobstop.ee\/media\/3810.jpg","datePublished":"2015-07-31T23:22:07+00:00","dateModified":"2015-07-31T23:22:07+00:00","breadcrumb":{"@id":"https:\/\/hobstop.ee\/lt\/produktas\/piesimo-bloknotas-canson-illustration\/#breadcrumb"},"inLanguage":"lt","potentialAction":[{"@type":"ReadAction","target":["https:\/\/hobstop.ee\/lt\/produktas\/piesimo-bloknotas-canson-illustration\/"]}]},{"@type":"ImageObject","inLanguage":"lt","@id":"https:\/\/hobstop.ee\/lt\/produktas\/piesimo-bloknotas-canson-illustration\/#primaryimage","url":"https:\/\/hobstop.ee\/media\/3810.jpg","contentUrl":"https:\/\/hobstop.ee\/media\/3810.jpg","width":1024,"height":768},{"@type":"BreadcrumbList","@id":"https:\/\/hobstop.ee\/lt\/produktas\/piesimo-bloknotas-canson-illustration\/#breadcrumb","itemListElement":[{"@type":"ListItem","position":1,"name":"Avaleht","item":"https:\/\/hobstop.ee\/lt\/"},{"@type":"ListItem","position":2,"name":"Parduotuv\u0117","item":"https:\/\/hobstop.ee\/lt\/parduotuve\/"},{"@type":"ListItem","position":3,"name":"Pie\u0161imo bloknotas Canson Illustration"}]},{"@type":"WebSite","@id":"https:\/\/hobstop.ee\/lt\/#website","url":"https:\/\/hobstop.ee\/lt\/","name":"Skizze","description":"Dail\u0117s, pom\u0117gi\u0173 ir mokykliniai reikm\u0117nys","publisher":{"@id":"https:\/\/hobstop.ee\/lt\/#organization"},"potentialAction":[{"@type":"SearchAction","target":{"@type":"EntryPoint","urlTemplate":"https:\/\/hobstop.ee\/lt\/?s={search_term_string}"},"query-input":{"@type":"PropertyValueSpecification","valueRequired":true,"valueName":"search_term_string"}}],"inLanguage":"lt"},{"@type":"Organization","@id":"https:\/\/hobstop.ee\/lt\/#organization","name":"Vunder AS","url":"https:\/\/hobstop.ee\/lt\/","logo":{"@type":"ImageObject","inLanguage":"lt","@id":"https:\/\/hobstop.ee\/lt\/#\/schema\/logo\/image\/","url":"https:\/\/hobstop.ee\/media\/vunder-logo.png","contentUrl":"https:\/\/hobstop.ee\/media\/vunder-logo.png","width":127,"height":55,"caption":"Vunder AS"},"image":{"@id":"https:\/\/hobstop.ee\/lt\/#\/schema\/logo\/image\/"},"sameAs":["http:\/\/www.facebook.com\/VunderSkizze"]}]}},"_links":{"self":[{"href":"https:\/\/hobstop.ee\/lt\/wp-json\/wp\/v2\/product\/185396","targetHints":{"allow":["GET"]}}],"collection":[{"href":"https:\/\/hobstop.ee\/lt\/wp-json\/wp\/v2\/product"}],"about":[{"href":"https:\/\/hobstop.ee\/lt\/wp-json\/wp\/v2\/types\/product"}],"replies":[{"embeddable":true,"href":"https:\/\/hobstop.ee\/lt\/wp-json\/wp\/v2\/comments?post=185396"}],"wp:featuredmedia":[{"embeddable":true,"href":"https:\/\/hobstop.ee\/lt\/wp-json\/wp\/v2\/media\/204448"}],"wp:attachment":[{"href":"https:\/\/hobstop.ee\/lt\/wp-json\/wp\/v2\/media?parent=185396"}],"wp:term":[{"taxonomy":"product_cat","embeddable":true,"href":"https:\/\/hobstop.ee\/lt\/wp-json\/wp\/v2\/product_cat?post=185396"},{"taxonomy":"product_tag","embeddable":true,"href":"https:\/\/hobstop.ee\/lt\/wp-json\/wp\/v2\/product_tag?post=185396"}],"curies":[{"name":"wp","href":"https:\/\/api.w.org\/{rel}","templated":true}]}}