{"id":185408,"date":"2015-08-01T02:22:46","date_gmt":"2015-07-31T23:22:46","guid":{"rendered":"http:\/\/vunder-ee.sn25.zone.eu\/lt\/product\/bloknotas-piesimui-pastele-canson-mi-teintes\/"},"modified":"2015-08-01T02:22:46","modified_gmt":"2015-07-31T23:22:46","slug":"bloknotas-piesimui-pastele-canson-mi-teintes","status":"publish","type":"product","link":"https:\/\/hobstop.ee\/lt\/produktas\/bloknotas-piesimui-pastele-canson-mi-teintes\/","title":{"rendered":"Bloknotas pie\u0161imui pastele Canson Mi-Teintes"},"content":{"rendered":"<p>Da\u017eyto skaidulinio pluo\u0161to spalvotas popierius \u201eCanson Mi-Teintes\u201c, d\u0117l savo savybi\u0173 pasiek\u0119s populiarumo visame pasaulyje. Kaip ir privalu dail\u0117s popieriui, jis yra \u012fklijintas \u017eelatina, tod\u0117l neleid\u017eia \u012fsigerti pigmentams ir i\u0161ry\u0161kina da\u017e\u0173 savybes. \u0160io popieriaus sud\u0117tyje yra gausu medviln\u0117s (daugiau nei 50 proc.), atsparus mechaniniam poveikiui ir malonus liesti. Be min\u0117t\u0173 savybi\u0173, \u201eCanson Mi-Teintes\u201c atitinka standarto ISO 9706 patvarumui keliamus reikalavimus, tod\u0117l yra itin tvirtas. Popieriaus privalumas \u2013 skirtingos tekst\u016bros lapo pavir\u0161iai: \u201eMi-Teintes\u201c popieriumi dengta raupl\u0117ta pus\u0117, kita pus\u0117 \u2013 lygios tekst\u016bros.<br \/>\nPuikiai tinka \u012fvairioms vaizduojamojo meno technikoms (pie\u0161imui pastele, anglimi, sangvinu, pie\u0161tuku, net ir akvarele ar gua\u0161u).<br \/>\nTinka ir rankdarbiams (lankstymui, aplikacijoms, klijavimui, atvirukams ir pan.).<\/p>\n","protected":false},"excerpt":{"rendered":"<p>Da\u017eyto skaidulinio pluo\u0161to spalvotas popierius \u201eCanson Mi-Teintes\u201c, d\u0117l savo savybi\u0173 pasiek\u0119s populiarumo visame pasaulyje. Kaip ir privalu dail\u0117s popieriui, jis yra \u012fklijintas \u017eelatina, tod\u0117l neleid\u017eia \u012fsigerti pigmentams ir i\u0161ry\u0161kina da\u017e\u0173 savybes. \u0160io popieriaus sud\u0117tyje yra gausu medviln\u0117s (daugiau nei 50 proc.), atsparus mechaniniam poveikiui ir malonus liesti. Be min\u0117t\u0173 savybi\u0173, \u201eCanson Mi-Teintes\u201c atitinka standarto ISO 9706 patvarumui keliamus reikalavimus, tod\u0117l yra itin tvirtas. Popieriaus privalumas \u2013 skirtingos tekst\u016bros lapo pavir\u0161iai: \u201eMi-Teintes\u201c popieriumi dengta raupl\u0117ta pus\u0117, kita pus\u0117 \u2013 lygios tekst\u016bros. Puikiai tinka \u012fvairioms vaizduojamojo meno technikoms (pie\u0161imui pastele, anglimi, sangvinu, pie\u0161tuku, net ir akvarele ar gua\u0161u). Tinka ir rankdarbiams (lankstymui, aplikacijoms, klijavimui, atvirukams ir pan.).<\/p>\n","protected":false},"featured_media":355096,"comment_status":"closed","ping_status":"closed","template":"","meta":{"_acf_changed":false,"ep_exclude_from_search":false},"product_cat":[19025,17922,18944],"product_tag":[],"class_list":{"0":"post-185408","1":"product","2":"type-product","3":"status-publish","4":"has-post-thumbnail","6":"product_cat-piesimo-popierius-ir-bloknotai","7":"product_cat-popieriaus-prekes","8":"product_cat-specialus-popierius-ir-kartonas","10":"first","11":"instock","12":"taxable","13":"shipping-taxable","14":"purchasable","15":"product-type-variable"},"acf":[],"yoast_head":"<!-- This site is optimized with the Yoast SEO plugin v24.1 - https:\/\/yoast.com\/wordpress\/plugins\/seo\/ -->\n<title>Bloknotas pie\u0161imui pastele Canson Mi-Teintes &#8211; Skizze<\/title>\n<meta name=\"robots\" content=\"noindex, follow, max-snippet:-1, max-image-preview:large, max-video-preview:-1\" \/>\n<meta property=\"og:locale\" content=\"lt_LT\" \/>\n<meta property=\"og:type\" content=\"article\" \/>\n<meta property=\"og:title\" content=\"Bloknotas pie\u0161imui pastele Canson Mi-Teintes &#8211; Skizze\" \/>\n<meta property=\"og:description\" content=\"Da\u017eyto skaidulinio pluo\u0161to spalvotas popierius \u201eCanson Mi-Teintes\u201c, d\u0117l savo savybi\u0173 pasiek\u0119s populiarumo visame pasaulyje. Kaip ir privalu dail\u0117s popieriui, jis yra \u012fklijintas \u017eelatina, tod\u0117l neleid\u017eia \u012fsigerti pigmentams ir i\u0161ry\u0161kina da\u017e\u0173 savybes. \u0160io popieriaus sud\u0117tyje yra gausu medviln\u0117s (daugiau nei 50 proc.), atsparus mechaniniam poveikiui ir malonus liesti. Be min\u0117t\u0173 savybi\u0173, \u201eCanson Mi-Teintes\u201c atitinka standarto ISO 9706 patvarumui keliamus reikalavimus, tod\u0117l yra itin tvirtas. Popieriaus privalumas \u2013 skirtingos tekst\u016bros lapo pavir\u0161iai: \u201eMi-Teintes\u201c popieriumi dengta raupl\u0117ta pus\u0117, kita pus\u0117 \u2013 lygios tekst\u016bros. Puikiai tinka \u012fvairioms vaizduojamojo meno technikoms (pie\u0161imui pastele, anglimi, sangvinu, pie\u0161tuku, net ir akvarele ar gua\u0161u). Tinka ir rankdarbiams (lankstymui, aplikacijoms, klijavimui, atvirukams ir pan.).\" \/>\n<meta property=\"og:url\" content=\"https:\/\/hobstop.ee\/lt\/produktas\/bloknotas-piesimui-pastele-canson-mi-teintes\/\" \/>\n<meta property=\"og:site_name\" content=\"Skizze\" \/>\n<meta property=\"article:publisher\" content=\"http:\/\/www.facebook.com\/VunderSkizze\" \/>\n<meta property=\"og:image\" content=\"https:\/\/hobstop.ee\/media\/3817.jpg\" \/>\n\t<meta property=\"og:image:width\" content=\"1024\" \/>\n\t<meta property=\"og:image:height\" content=\"768\" \/>\n\t<meta property=\"og:image:type\" content=\"image\/jpeg\" \/>\n<meta name=\"twitter:card\" content=\"summary_large_image\" \/>\n<meta name=\"twitter:label1\" content=\"Est. reading time\" \/>\n\t<meta name=\"twitter:data1\" content=\"1 minute\" \/>\n<script type=\"application\/ld+json\" class=\"yoast-schema-graph\">{\"@context\":\"https:\/\/schema.org\",\"@graph\":[{\"@type\":\"WebPage\",\"@id\":\"https:\/\/hobstop.ee\/lt\/produktas\/bloknotas-piesimui-pastele-canson-mi-teintes\/\",\"url\":\"https:\/\/hobstop.ee\/lt\/produktas\/bloknotas-piesimui-pastele-canson-mi-teintes\/\",\"name\":\"Bloknotas pie\u0161imui pastele Canson Mi-Teintes &#8211; Skizze\",\"isPartOf\":{\"@id\":\"https:\/\/hobstop.ee\/lt\/#website\"},\"primaryImageOfPage\":{\"@id\":\"https:\/\/hobstop.ee\/lt\/produktas\/bloknotas-piesimui-pastele-canson-mi-teintes\/#primaryimage\"},\"image\":{\"@id\":\"https:\/\/hobstop.ee\/lt\/produktas\/bloknotas-piesimui-pastele-canson-mi-teintes\/#primaryimage\"},\"thumbnailUrl\":\"https:\/\/hobstop.ee\/media\/3817.jpg\",\"datePublished\":\"2015-07-31T23:22:46+00:00\",\"dateModified\":\"2015-07-31T23:22:46+00:00\",\"breadcrumb\":{\"@id\":\"https:\/\/hobstop.ee\/lt\/produktas\/bloknotas-piesimui-pastele-canson-mi-teintes\/#breadcrumb\"},\"inLanguage\":\"lt\",\"potentialAction\":[{\"@type\":\"ReadAction\",\"target\":[\"https:\/\/hobstop.ee\/lt\/produktas\/bloknotas-piesimui-pastele-canson-mi-teintes\/\"]}]},{\"@type\":\"ImageObject\",\"inLanguage\":\"lt\",\"@id\":\"https:\/\/hobstop.ee\/lt\/produktas\/bloknotas-piesimui-pastele-canson-mi-teintes\/#primaryimage\",\"url\":\"https:\/\/hobstop.ee\/media\/3817.jpg\",\"contentUrl\":\"https:\/\/hobstop.ee\/media\/3817.jpg\",\"width\":1024,\"height\":768},{\"@type\":\"BreadcrumbList\",\"@id\":\"https:\/\/hobstop.ee\/lt\/produktas\/bloknotas-piesimui-pastele-canson-mi-teintes\/#breadcrumb\",\"itemListElement\":[{\"@type\":\"ListItem\",\"position\":1,\"name\":\"Avaleht\",\"item\":\"https:\/\/hobstop.ee\/lt\/\"},{\"@type\":\"ListItem\",\"position\":2,\"name\":\"Parduotuv\u0117\",\"item\":\"https:\/\/hobstop.ee\/lt\/parduotuve\/\"},{\"@type\":\"ListItem\",\"position\":3,\"name\":\"Bloknotas pie\u0161imui pastele Canson Mi-Teintes\"}]},{\"@type\":\"WebSite\",\"@id\":\"https:\/\/hobstop.ee\/lt\/#website\",\"url\":\"https:\/\/hobstop.ee\/lt\/\",\"name\":\"Skizze\",\"description\":\"Dail\u0117s, pom\u0117gi\u0173 ir mokykliniai reikm\u0117nys\",\"publisher\":{\"@id\":\"https:\/\/hobstop.ee\/lt\/#organization\"},\"potentialAction\":[{\"@type\":\"SearchAction\",\"target\":{\"@type\":\"EntryPoint\",\"urlTemplate\":\"https:\/\/hobstop.ee\/lt\/?s={search_term_string}\"},\"query-input\":{\"@type\":\"PropertyValueSpecification\",\"valueRequired\":true,\"valueName\":\"search_term_string\"}}],\"inLanguage\":\"lt\"},{\"@type\":\"Organization\",\"@id\":\"https:\/\/hobstop.ee\/lt\/#organization\",\"name\":\"Vunder AS\",\"url\":\"https:\/\/hobstop.ee\/lt\/\",\"logo\":{\"@type\":\"ImageObject\",\"inLanguage\":\"lt\",\"@id\":\"https:\/\/hobstop.ee\/lt\/#\/schema\/logo\/image\/\",\"url\":\"https:\/\/hobstop.ee\/media\/vunder-logo.png\",\"contentUrl\":\"https:\/\/hobstop.ee\/media\/vunder-logo.png\",\"width\":127,\"height\":55,\"caption\":\"Vunder AS\"},\"image\":{\"@id\":\"https:\/\/hobstop.ee\/lt\/#\/schema\/logo\/image\/\"},\"sameAs\":[\"http:\/\/www.facebook.com\/VunderSkizze\"]}]}<\/script>\n<!-- \/ Yoast SEO plugin. -->","yoast_head_json":{"title":"Bloknotas pie\u0161imui pastele Canson Mi-Teintes &#8211; Skizze","robots":{"index":"noindex","follow":"follow","max-snippet":"max-snippet:-1","max-image-preview":"max-image-preview:large","max-video-preview":"max-video-preview:-1"},"og_locale":"lt_LT","og_type":"article","og_title":"Bloknotas pie\u0161imui pastele Canson Mi-Teintes &#8211; Skizze","og_description":"Da\u017eyto skaidulinio pluo\u0161to spalvotas popierius \u201eCanson Mi-Teintes\u201c, d\u0117l savo savybi\u0173 pasiek\u0119s populiarumo visame pasaulyje. Kaip ir privalu dail\u0117s popieriui, jis yra \u012fklijintas \u017eelatina, tod\u0117l neleid\u017eia \u012fsigerti pigmentams ir i\u0161ry\u0161kina da\u017e\u0173 savybes. \u0160io popieriaus sud\u0117tyje yra gausu medviln\u0117s (daugiau nei 50 proc.), atsparus mechaniniam poveikiui ir malonus liesti. Be min\u0117t\u0173 savybi\u0173, \u201eCanson Mi-Teintes\u201c atitinka standarto ISO 9706 patvarumui keliamus reikalavimus, tod\u0117l yra itin tvirtas. Popieriaus privalumas \u2013 skirtingos tekst\u016bros lapo pavir\u0161iai: \u201eMi-Teintes\u201c popieriumi dengta raupl\u0117ta pus\u0117, kita pus\u0117 \u2013 lygios tekst\u016bros. Puikiai tinka \u012fvairioms vaizduojamojo meno technikoms (pie\u0161imui pastele, anglimi, sangvinu, pie\u0161tuku, net ir akvarele ar gua\u0161u). Tinka ir rankdarbiams (lankstymui, aplikacijoms, klijavimui, atvirukams ir pan.).","og_url":"https:\/\/hobstop.ee\/lt\/produktas\/bloknotas-piesimui-pastele-canson-mi-teintes\/","og_site_name":"Skizze","article_publisher":"http:\/\/www.facebook.com\/VunderSkizze","og_image":[{"width":1024,"height":768,"url":"https:\/\/hobstop.ee\/media\/3817.jpg","type":"image\/jpeg"}],"twitter_card":"summary_large_image","twitter_misc":{"Est. reading time":"1 minute"},"schema":{"@context":"https:\/\/schema.org","@graph":[{"@type":"WebPage","@id":"https:\/\/hobstop.ee\/lt\/produktas\/bloknotas-piesimui-pastele-canson-mi-teintes\/","url":"https:\/\/hobstop.ee\/lt\/produktas\/bloknotas-piesimui-pastele-canson-mi-teintes\/","name":"Bloknotas pie\u0161imui pastele Canson Mi-Teintes &#8211; Skizze","isPartOf":{"@id":"https:\/\/hobstop.ee\/lt\/#website"},"primaryImageOfPage":{"@id":"https:\/\/hobstop.ee\/lt\/produktas\/bloknotas-piesimui-pastele-canson-mi-teintes\/#primaryimage"},"image":{"@id":"https:\/\/hobstop.ee\/lt\/produktas\/bloknotas-piesimui-pastele-canson-mi-teintes\/#primaryimage"},"thumbnailUrl":"https:\/\/hobstop.ee\/media\/3817.jpg","datePublished":"2015-07-31T23:22:46+00:00","dateModified":"2015-07-31T23:22:46+00:00","breadcrumb":{"@id":"https:\/\/hobstop.ee\/lt\/produktas\/bloknotas-piesimui-pastele-canson-mi-teintes\/#breadcrumb"},"inLanguage":"lt","potentialAction":[{"@type":"ReadAction","target":["https:\/\/hobstop.ee\/lt\/produktas\/bloknotas-piesimui-pastele-canson-mi-teintes\/"]}]},{"@type":"ImageObject","inLanguage":"lt","@id":"https:\/\/hobstop.ee\/lt\/produktas\/bloknotas-piesimui-pastele-canson-mi-teintes\/#primaryimage","url":"https:\/\/hobstop.ee\/media\/3817.jpg","contentUrl":"https:\/\/hobstop.ee\/media\/3817.jpg","width":1024,"height":768},{"@type":"BreadcrumbList","@id":"https:\/\/hobstop.ee\/lt\/produktas\/bloknotas-piesimui-pastele-canson-mi-teintes\/#breadcrumb","itemListElement":[{"@type":"ListItem","position":1,"name":"Avaleht","item":"https:\/\/hobstop.ee\/lt\/"},{"@type":"ListItem","position":2,"name":"Parduotuv\u0117","item":"https:\/\/hobstop.ee\/lt\/parduotuve\/"},{"@type":"ListItem","position":3,"name":"Bloknotas pie\u0161imui pastele Canson Mi-Teintes"}]},{"@type":"WebSite","@id":"https:\/\/hobstop.ee\/lt\/#website","url":"https:\/\/hobstop.ee\/lt\/","name":"Skizze","description":"Dail\u0117s, pom\u0117gi\u0173 ir mokykliniai reikm\u0117nys","publisher":{"@id":"https:\/\/hobstop.ee\/lt\/#organization"},"potentialAction":[{"@type":"SearchAction","target":{"@type":"EntryPoint","urlTemplate":"https:\/\/hobstop.ee\/lt\/?s={search_term_string}"},"query-input":{"@type":"PropertyValueSpecification","valueRequired":true,"valueName":"search_term_string"}}],"inLanguage":"lt"},{"@type":"Organization","@id":"https:\/\/hobstop.ee\/lt\/#organization","name":"Vunder AS","url":"https:\/\/hobstop.ee\/lt\/","logo":{"@type":"ImageObject","inLanguage":"lt","@id":"https:\/\/hobstop.ee\/lt\/#\/schema\/logo\/image\/","url":"https:\/\/hobstop.ee\/media\/vunder-logo.png","contentUrl":"https:\/\/hobstop.ee\/media\/vunder-logo.png","width":127,"height":55,"caption":"Vunder AS"},"image":{"@id":"https:\/\/hobstop.ee\/lt\/#\/schema\/logo\/image\/"},"sameAs":["http:\/\/www.facebook.com\/VunderSkizze"]}]}},"_links":{"self":[{"href":"https:\/\/hobstop.ee\/lt\/wp-json\/wp\/v2\/product\/185408","targetHints":{"allow":["GET"]}}],"collection":[{"href":"https:\/\/hobstop.ee\/lt\/wp-json\/wp\/v2\/product"}],"about":[{"href":"https:\/\/hobstop.ee\/lt\/wp-json\/wp\/v2\/types\/product"}],"replies":[{"embeddable":true,"href":"https:\/\/hobstop.ee\/lt\/wp-json\/wp\/v2\/comments?post=185408"}],"wp:featuredmedia":[{"embeddable":true,"href":"https:\/\/hobstop.ee\/lt\/wp-json\/wp\/v2\/media\/355096"}],"wp:attachment":[{"href":"https:\/\/hobstop.ee\/lt\/wp-json\/wp\/v2\/media?parent=185408"}],"wp:term":[{"taxonomy":"product_cat","embeddable":true,"href":"https:\/\/hobstop.ee\/lt\/wp-json\/wp\/v2\/product_cat?post=185408"},{"taxonomy":"product_tag","embeddable":true,"href":"https:\/\/hobstop.ee\/lt\/wp-json\/wp\/v2\/product_tag?post=185408"}],"curies":[{"name":"wp","href":"https:\/\/api.w.org\/{rel}","templated":true}]}}