{"id":185420,"date":"2015-08-01T02:23:46","date_gmt":"2015-07-31T23:23:46","guid":{"rendered":"http:\/\/vunder-ee.sn25.zone.eu\/lt\/product\/akrilinis-tusas-liquitex-ink-150ml\/"},"modified":"2015-08-01T02:23:46","modified_gmt":"2015-07-31T23:23:46","slug":"akrilinis-tusas-liquitex-ink-150ml","status":"publish","type":"product","link":"https:\/\/hobstop.ee\/lt\/produktas\/akrilinis-tusas-liquitex-ink-150ml\/","title":{"rendered":"Akrilinis tu\u0161as Liquitex ink! 150ml"},"content":{"rendered":"<p>Profesionalaus akrilinio tu\u0161o serija \u201eLiquitex ink!\u201c. Spalv\u0173 palet\u0117je yra platus ry\u0161ki\u0173 spalv\u0173 pasirinkimas. Akrilinis tu\u0161as i\u0161 esm\u0117s yra labai skysti akriliniai da\u017eai, kuri\u0173 sud\u0117tyje yra labai kokybi\u0161k\u0173 pigment\u0173. \u201eLiquitex ink!\u201c akrilinis tu\u0161as yra labai greitai d\u017ei\u016bstantis, patvarus ir atsparus vandeniui, tod\u0117l tinka naudoti su \u012fvairiomis technikomis \u2013 nuo akvarel\u0117s efekto iki spaudini\u0173. Idealiai tinka odos dekoravimui. Tu\u0161as yra labai skystas, tod\u0117l naudojant aerografe arba kaligrafijoje j\u0173 nereikia skiesti. Tu\u0161as netir\u0161t\u0117ja ir greitai d\u017ei\u016bsta. I\u0161d\u017eiuv\u0119s tampa labai atsparus vandeniui. Spalvos yra atsparios \u0161viesos poveikiui. Galima \u012fsigyti tiek gerai dengian\u010di\u0173, tiek ir skaidri\u0173 spalv\u0173 ra\u0161alo.<br \/>\nTinka naudoti su visais \u201eLiquitex\u201c akriliniais da\u017eais ir priedais.<\/p>\n","protected":false},"excerpt":{"rendered":"<p>Profesionalaus akrilinio tu\u0161o serija \u201eLiquitex ink!\u201c. Spalv\u0173 palet\u0117je yra platus ry\u0161ki\u0173 spalv\u0173 pasirinkimas. Akrilinis tu\u0161as i\u0161 esm\u0117s yra labai skysti akriliniai da\u017eai, kuri\u0173 sud\u0117tyje yra labai kokybi\u0161k\u0173 pigment\u0173. \u201eLiquitex ink!\u201c akrilinis tu\u0161as yra labai greitai d\u017ei\u016bstantis, patvarus ir atsparus vandeniui, tod\u0117l tinka naudoti su \u012fvairiomis technikomis \u2013 nuo akvarel\u0117s efekto iki spaudini\u0173. Idealiai tinka odos dekoravimui. Tu\u0161as yra labai skystas, tod\u0117l naudojant aerografe arba kaligrafijoje j\u0173 nereikia skiesti. Tu\u0161as netir\u0161t\u0117ja ir greitai d\u017ei\u016bsta. I\u0161d\u017eiuv\u0119s tampa labai atsparus vandeniui. Spalvos yra atsparios \u0161viesos poveikiui. Galima \u012fsigyti tiek gerai dengian\u010di\u0173, tiek ir skaidri\u0173 spalv\u0173 ra\u0161alo. Tinka naudoti su visais \u201eLiquitex\u201c akriliniais da\u017eais ir priedais.<\/p>\n","protected":false},"featured_media":352700,"comment_status":"closed","ping_status":"closed","template":"","meta":{"_acf_changed":false,"ep_exclude_from_search":false},"product_cat":[18995,16124,17981],"product_tag":[],"class_list":{"0":"post-185420","1":"product","2":"type-product","3":"status-publish","4":"has-post-thumbnail","6":"product_cat-akriliniai-dazai-4","7":"product_cat-dailes-prekes","8":"product_cat-dazai-ir-priedai-tapybai","10":"first","11":"outofstock","12":"taxable","13":"shipping-taxable","14":"purchasable","15":"product-type-variable"},"acf":[],"yoast_head":"<!-- This site is optimized with the Yoast SEO plugin v24.1 - https:\/\/yoast.com\/wordpress\/plugins\/seo\/ -->\n<title>Akrilinis tu\u0161as Liquitex ink! 150ml &#8211; Skizze<\/title>\n<meta name=\"robots\" content=\"noindex, follow, max-snippet:-1, max-image-preview:large, max-video-preview:-1\" \/>\n<meta property=\"og:locale\" content=\"lt_LT\" \/>\n<meta property=\"og:type\" content=\"article\" \/>\n<meta property=\"og:title\" content=\"Akrilinis tu\u0161as Liquitex ink! 150ml &#8211; Skizze\" \/>\n<meta property=\"og:description\" content=\"Profesionalaus akrilinio tu\u0161o serija \u201eLiquitex ink!\u201c. Spalv\u0173 palet\u0117je yra platus ry\u0161ki\u0173 spalv\u0173 pasirinkimas. Akrilinis tu\u0161as i\u0161 esm\u0117s yra labai skysti akriliniai da\u017eai, kuri\u0173 sud\u0117tyje yra labai kokybi\u0161k\u0173 pigment\u0173. \u201eLiquitex ink!\u201c akrilinis tu\u0161as yra labai greitai d\u017ei\u016bstantis, patvarus ir atsparus vandeniui, tod\u0117l tinka naudoti su \u012fvairiomis technikomis \u2013 nuo akvarel\u0117s efekto iki spaudini\u0173. Idealiai tinka odos dekoravimui. Tu\u0161as yra labai skystas, tod\u0117l naudojant aerografe arba kaligrafijoje j\u0173 nereikia skiesti. Tu\u0161as netir\u0161t\u0117ja ir greitai d\u017ei\u016bsta. I\u0161d\u017eiuv\u0119s tampa labai atsparus vandeniui. Spalvos yra atsparios \u0161viesos poveikiui. Galima \u012fsigyti tiek gerai dengian\u010di\u0173, tiek ir skaidri\u0173 spalv\u0173 ra\u0161alo. Tinka naudoti su visais \u201eLiquitex\u201c akriliniais da\u017eais ir priedais.\" \/>\n<meta property=\"og:url\" content=\"https:\/\/hobstop.ee\/lt\/produktas\/akrilinis-tusas-liquitex-ink-150ml\/\" \/>\n<meta property=\"og:site_name\" content=\"Skizze\" \/>\n<meta property=\"article:publisher\" content=\"http:\/\/www.facebook.com\/VunderSkizze\" \/>\n<meta property=\"og:image\" content=\"https:\/\/hobstop.ee\/media\/3876.jpg\" \/>\n\t<meta property=\"og:image:width\" content=\"1024\" \/>\n\t<meta property=\"og:image:height\" content=\"768\" \/>\n\t<meta property=\"og:image:type\" content=\"image\/jpeg\" \/>\n<meta name=\"twitter:card\" content=\"summary_large_image\" \/>\n<meta name=\"twitter:label1\" content=\"Est. reading time\" \/>\n\t<meta name=\"twitter:data1\" content=\"1 minute\" \/>\n<script type=\"application\/ld+json\" class=\"yoast-schema-graph\">{\"@context\":\"https:\/\/schema.org\",\"@graph\":[{\"@type\":\"WebPage\",\"@id\":\"https:\/\/hobstop.ee\/lt\/produktas\/akrilinis-tusas-liquitex-ink-150ml\/\",\"url\":\"https:\/\/hobstop.ee\/lt\/produktas\/akrilinis-tusas-liquitex-ink-150ml\/\",\"name\":\"Akrilinis tu\u0161as Liquitex ink! 150ml &#8211; Skizze\",\"isPartOf\":{\"@id\":\"https:\/\/hobstop.ee\/lt\/#website\"},\"primaryImageOfPage\":{\"@id\":\"https:\/\/hobstop.ee\/lt\/produktas\/akrilinis-tusas-liquitex-ink-150ml\/#primaryimage\"},\"image\":{\"@id\":\"https:\/\/hobstop.ee\/lt\/produktas\/akrilinis-tusas-liquitex-ink-150ml\/#primaryimage\"},\"thumbnailUrl\":\"https:\/\/hobstop.ee\/media\/3876.jpg\",\"datePublished\":\"2015-07-31T23:23:46+00:00\",\"dateModified\":\"2015-07-31T23:23:46+00:00\",\"breadcrumb\":{\"@id\":\"https:\/\/hobstop.ee\/lt\/produktas\/akrilinis-tusas-liquitex-ink-150ml\/#breadcrumb\"},\"inLanguage\":\"lt\",\"potentialAction\":[{\"@type\":\"ReadAction\",\"target\":[\"https:\/\/hobstop.ee\/lt\/produktas\/akrilinis-tusas-liquitex-ink-150ml\/\"]}]},{\"@type\":\"ImageObject\",\"inLanguage\":\"lt\",\"@id\":\"https:\/\/hobstop.ee\/lt\/produktas\/akrilinis-tusas-liquitex-ink-150ml\/#primaryimage\",\"url\":\"https:\/\/hobstop.ee\/media\/3876.jpg\",\"contentUrl\":\"https:\/\/hobstop.ee\/media\/3876.jpg\",\"width\":1024,\"height\":768},{\"@type\":\"BreadcrumbList\",\"@id\":\"https:\/\/hobstop.ee\/lt\/produktas\/akrilinis-tusas-liquitex-ink-150ml\/#breadcrumb\",\"itemListElement\":[{\"@type\":\"ListItem\",\"position\":1,\"name\":\"Avaleht\",\"item\":\"https:\/\/hobstop.ee\/lt\/\"},{\"@type\":\"ListItem\",\"position\":2,\"name\":\"Parduotuv\u0117\",\"item\":\"https:\/\/hobstop.ee\/lt\/parduotuve\/\"},{\"@type\":\"ListItem\",\"position\":3,\"name\":\"Akrilinis tu\u0161as Liquitex ink! 150ml\"}]},{\"@type\":\"WebSite\",\"@id\":\"https:\/\/hobstop.ee\/lt\/#website\",\"url\":\"https:\/\/hobstop.ee\/lt\/\",\"name\":\"Skizze\",\"description\":\"Dail\u0117s, pom\u0117gi\u0173 ir mokykliniai reikm\u0117nys\",\"publisher\":{\"@id\":\"https:\/\/hobstop.ee\/lt\/#organization\"},\"potentialAction\":[{\"@type\":\"SearchAction\",\"target\":{\"@type\":\"EntryPoint\",\"urlTemplate\":\"https:\/\/hobstop.ee\/lt\/?s={search_term_string}\"},\"query-input\":{\"@type\":\"PropertyValueSpecification\",\"valueRequired\":true,\"valueName\":\"search_term_string\"}}],\"inLanguage\":\"lt\"},{\"@type\":\"Organization\",\"@id\":\"https:\/\/hobstop.ee\/lt\/#organization\",\"name\":\"Vunder AS\",\"url\":\"https:\/\/hobstop.ee\/lt\/\",\"logo\":{\"@type\":\"ImageObject\",\"inLanguage\":\"lt\",\"@id\":\"https:\/\/hobstop.ee\/lt\/#\/schema\/logo\/image\/\",\"url\":\"https:\/\/hobstop.ee\/media\/vunder-logo.png\",\"contentUrl\":\"https:\/\/hobstop.ee\/media\/vunder-logo.png\",\"width\":127,\"height\":55,\"caption\":\"Vunder AS\"},\"image\":{\"@id\":\"https:\/\/hobstop.ee\/lt\/#\/schema\/logo\/image\/\"},\"sameAs\":[\"http:\/\/www.facebook.com\/VunderSkizze\"]}]}<\/script>\n<!-- \/ Yoast SEO plugin. -->","yoast_head_json":{"title":"Akrilinis tu\u0161as Liquitex ink! 150ml &#8211; Skizze","robots":{"index":"noindex","follow":"follow","max-snippet":"max-snippet:-1","max-image-preview":"max-image-preview:large","max-video-preview":"max-video-preview:-1"},"og_locale":"lt_LT","og_type":"article","og_title":"Akrilinis tu\u0161as Liquitex ink! 150ml &#8211; Skizze","og_description":"Profesionalaus akrilinio tu\u0161o serija \u201eLiquitex ink!\u201c. Spalv\u0173 palet\u0117je yra platus ry\u0161ki\u0173 spalv\u0173 pasirinkimas. Akrilinis tu\u0161as i\u0161 esm\u0117s yra labai skysti akriliniai da\u017eai, kuri\u0173 sud\u0117tyje yra labai kokybi\u0161k\u0173 pigment\u0173. \u201eLiquitex ink!\u201c akrilinis tu\u0161as yra labai greitai d\u017ei\u016bstantis, patvarus ir atsparus vandeniui, tod\u0117l tinka naudoti su \u012fvairiomis technikomis \u2013 nuo akvarel\u0117s efekto iki spaudini\u0173. Idealiai tinka odos dekoravimui. Tu\u0161as yra labai skystas, tod\u0117l naudojant aerografe arba kaligrafijoje j\u0173 nereikia skiesti. Tu\u0161as netir\u0161t\u0117ja ir greitai d\u017ei\u016bsta. I\u0161d\u017eiuv\u0119s tampa labai atsparus vandeniui. Spalvos yra atsparios \u0161viesos poveikiui. Galima \u012fsigyti tiek gerai dengian\u010di\u0173, tiek ir skaidri\u0173 spalv\u0173 ra\u0161alo. Tinka naudoti su visais \u201eLiquitex\u201c akriliniais da\u017eais ir priedais.","og_url":"https:\/\/hobstop.ee\/lt\/produktas\/akrilinis-tusas-liquitex-ink-150ml\/","og_site_name":"Skizze","article_publisher":"http:\/\/www.facebook.com\/VunderSkizze","og_image":[{"width":1024,"height":768,"url":"https:\/\/hobstop.ee\/media\/3876.jpg","type":"image\/jpeg"}],"twitter_card":"summary_large_image","twitter_misc":{"Est. reading time":"1 minute"},"schema":{"@context":"https:\/\/schema.org","@graph":[{"@type":"WebPage","@id":"https:\/\/hobstop.ee\/lt\/produktas\/akrilinis-tusas-liquitex-ink-150ml\/","url":"https:\/\/hobstop.ee\/lt\/produktas\/akrilinis-tusas-liquitex-ink-150ml\/","name":"Akrilinis tu\u0161as Liquitex ink! 150ml &#8211; Skizze","isPartOf":{"@id":"https:\/\/hobstop.ee\/lt\/#website"},"primaryImageOfPage":{"@id":"https:\/\/hobstop.ee\/lt\/produktas\/akrilinis-tusas-liquitex-ink-150ml\/#primaryimage"},"image":{"@id":"https:\/\/hobstop.ee\/lt\/produktas\/akrilinis-tusas-liquitex-ink-150ml\/#primaryimage"},"thumbnailUrl":"https:\/\/hobstop.ee\/media\/3876.jpg","datePublished":"2015-07-31T23:23:46+00:00","dateModified":"2015-07-31T23:23:46+00:00","breadcrumb":{"@id":"https:\/\/hobstop.ee\/lt\/produktas\/akrilinis-tusas-liquitex-ink-150ml\/#breadcrumb"},"inLanguage":"lt","potentialAction":[{"@type":"ReadAction","target":["https:\/\/hobstop.ee\/lt\/produktas\/akrilinis-tusas-liquitex-ink-150ml\/"]}]},{"@type":"ImageObject","inLanguage":"lt","@id":"https:\/\/hobstop.ee\/lt\/produktas\/akrilinis-tusas-liquitex-ink-150ml\/#primaryimage","url":"https:\/\/hobstop.ee\/media\/3876.jpg","contentUrl":"https:\/\/hobstop.ee\/media\/3876.jpg","width":1024,"height":768},{"@type":"BreadcrumbList","@id":"https:\/\/hobstop.ee\/lt\/produktas\/akrilinis-tusas-liquitex-ink-150ml\/#breadcrumb","itemListElement":[{"@type":"ListItem","position":1,"name":"Avaleht","item":"https:\/\/hobstop.ee\/lt\/"},{"@type":"ListItem","position":2,"name":"Parduotuv\u0117","item":"https:\/\/hobstop.ee\/lt\/parduotuve\/"},{"@type":"ListItem","position":3,"name":"Akrilinis tu\u0161as Liquitex ink! 150ml"}]},{"@type":"WebSite","@id":"https:\/\/hobstop.ee\/lt\/#website","url":"https:\/\/hobstop.ee\/lt\/","name":"Skizze","description":"Dail\u0117s, pom\u0117gi\u0173 ir mokykliniai reikm\u0117nys","publisher":{"@id":"https:\/\/hobstop.ee\/lt\/#organization"},"potentialAction":[{"@type":"SearchAction","target":{"@type":"EntryPoint","urlTemplate":"https:\/\/hobstop.ee\/lt\/?s={search_term_string}"},"query-input":{"@type":"PropertyValueSpecification","valueRequired":true,"valueName":"search_term_string"}}],"inLanguage":"lt"},{"@type":"Organization","@id":"https:\/\/hobstop.ee\/lt\/#organization","name":"Vunder AS","url":"https:\/\/hobstop.ee\/lt\/","logo":{"@type":"ImageObject","inLanguage":"lt","@id":"https:\/\/hobstop.ee\/lt\/#\/schema\/logo\/image\/","url":"https:\/\/hobstop.ee\/media\/vunder-logo.png","contentUrl":"https:\/\/hobstop.ee\/media\/vunder-logo.png","width":127,"height":55,"caption":"Vunder AS"},"image":{"@id":"https:\/\/hobstop.ee\/lt\/#\/schema\/logo\/image\/"},"sameAs":["http:\/\/www.facebook.com\/VunderSkizze"]}]}},"_links":{"self":[{"href":"https:\/\/hobstop.ee\/lt\/wp-json\/wp\/v2\/product\/185420","targetHints":{"allow":["GET"]}}],"collection":[{"href":"https:\/\/hobstop.ee\/lt\/wp-json\/wp\/v2\/product"}],"about":[{"href":"https:\/\/hobstop.ee\/lt\/wp-json\/wp\/v2\/types\/product"}],"replies":[{"embeddable":true,"href":"https:\/\/hobstop.ee\/lt\/wp-json\/wp\/v2\/comments?post=185420"}],"wp:featuredmedia":[{"embeddable":true,"href":"https:\/\/hobstop.ee\/lt\/wp-json\/wp\/v2\/media\/352700"}],"wp:attachment":[{"href":"https:\/\/hobstop.ee\/lt\/wp-json\/wp\/v2\/media?parent=185420"}],"wp:term":[{"taxonomy":"product_cat","embeddable":true,"href":"https:\/\/hobstop.ee\/lt\/wp-json\/wp\/v2\/product_cat?post=185420"},{"taxonomy":"product_tag","embeddable":true,"href":"https:\/\/hobstop.ee\/lt\/wp-json\/wp\/v2\/product_tag?post=185420"}],"curies":[{"name":"wp","href":"https:\/\/api.w.org\/{rel}","templated":true}]}}