{"id":185432,"date":"2015-08-01T02:24:21","date_gmt":"2015-07-31T23:24:21","guid":{"rendered":"http:\/\/vunder-ee.sn25.zone.eu\/lt\/product\/pagrindas-mabef-m47-keliu-lygiu\/"},"modified":"2015-08-01T02:24:21","modified_gmt":"2015-07-31T23:24:21","slug":"pagrindas-mabef-m47-keliu-lygiu","status":"publish","type":"product","link":"https:\/\/hobstop.ee\/lt\/produktas\/pagrindas-mabef-m47-keliu-lygiu\/","title":{"rendered":"Pagrindas Mabef M47 keli\u0173 lygi\u0173"},"content":{"rendered":"<p>Patogus ir itin funkcionalus alyvuotos ber\u017eo medienos stovas su ratukais ir dvejomis lentyn\u0117l\u0117mis, kuri\u0173 auk\u0161tis ir pad\u0117tis reguliuojama, prie tre\u010dios lentyn\u0117l\u0117s galima pritvirtinti palet\u0119. Vidurin\u0117je lentyn\u0117l\u0117je yra dvi angos teptuk\u0173 indeliams (6.5 ir 11cm skersmens), apatin\u0117je lentyn\u0117l\u0117je yra du popierini\u0173 rank\u0161luos\u010di\u0173 laikikliai. Maks. keliamoji galia: 5kg, matmenys: 44cm, auk\u0161tis: 120cm. Surenkama nesud\u0117tingai.<\/p>\n","protected":false},"excerpt":{"rendered":"<p>Patogus ir itin funkcionalus alyvuotos ber\u017eo medienos stovas su ratukais ir dvejomis lentyn\u0117l\u0117mis, kuri\u0173 auk\u0161tis ir pad\u0117tis reguliuojama, prie tre\u010dios lentyn\u0117l\u0117s galima pritvirtinti palet\u0119. Vidurin\u0117je lentyn\u0117l\u0117je yra dvi angos teptuk\u0173 indeliams (6.5 ir 11cm skersmens), apatin\u0117je lentyn\u0117l\u0117je yra du popierini\u0173 rank\u0161luos\u010di\u0173 laikikliai. Maks. keliamoji galia: 5kg, matmenys: 44cm, auk\u0161tis: 120cm. Surenkama nesud\u0117tingai.<\/p>\n","protected":false},"featured_media":204480,"comment_status":"closed","ping_status":"closed","template":"","meta":{"_acf_changed":false,"ep_exclude_from_search":false},"product_cat":[16124,19007,18935],"product_tag":[],"class_list":{"0":"post-185432","1":"product","2":"type-product","3":"status-publish","4":"has-post-thumbnail","6":"product_cat-dailes-prekes","7":"product_cat-ivairus-39","8":"product_cat-molbertai","10":"first","11":"instock","12":"taxable","13":"shipping-taxable","14":"purchasable","15":"product-type-variable"},"acf":[],"yoast_head":"<!-- This site is optimized with the Yoast SEO plugin v24.1 - https:\/\/yoast.com\/wordpress\/plugins\/seo\/ -->\n<title>Pagrindas Mabef M47 keli\u0173 lygi\u0173 &#8211; Skizze<\/title>\n<meta name=\"robots\" content=\"noindex, follow, max-snippet:-1, max-image-preview:large, max-video-preview:-1\" \/>\n<meta property=\"og:locale\" content=\"lt_LT\" \/>\n<meta property=\"og:type\" content=\"article\" \/>\n<meta property=\"og:title\" content=\"Pagrindas Mabef M47 keli\u0173 lygi\u0173 &#8211; Skizze\" \/>\n<meta property=\"og:description\" content=\"Patogus ir itin funkcionalus alyvuotos ber\u017eo medienos stovas su ratukais ir dvejomis lentyn\u0117l\u0117mis, kuri\u0173 auk\u0161tis ir pad\u0117tis reguliuojama, prie tre\u010dios lentyn\u0117l\u0117s galima pritvirtinti palet\u0119. Vidurin\u0117je lentyn\u0117l\u0117je yra dvi angos teptuk\u0173 indeliams (6.5 ir 11cm skersmens), apatin\u0117je lentyn\u0117l\u0117je yra du popierini\u0173 rank\u0161luos\u010di\u0173 laikikliai. Maks. keliamoji galia: 5kg, matmenys: 44cm, auk\u0161tis: 120cm. Surenkama nesud\u0117tingai.\" \/>\n<meta property=\"og:url\" content=\"https:\/\/hobstop.ee\/lt\/produktas\/pagrindas-mabef-m47-keliu-lygiu\/\" \/>\n<meta property=\"og:site_name\" content=\"Skizze\" \/>\n<meta property=\"article:publisher\" content=\"http:\/\/www.facebook.com\/VunderSkizze\" \/>\n<meta property=\"og:image\" content=\"https:\/\/hobstop.ee\/media\/3893.jpg\" \/>\n\t<meta property=\"og:image:width\" content=\"1024\" \/>\n\t<meta property=\"og:image:height\" content=\"768\" \/>\n\t<meta property=\"og:image:type\" content=\"image\/jpeg\" \/>\n<meta name=\"twitter:card\" content=\"summary_large_image\" \/>\n<script type=\"application\/ld+json\" class=\"yoast-schema-graph\">{\"@context\":\"https:\/\/schema.org\",\"@graph\":[{\"@type\":\"WebPage\",\"@id\":\"https:\/\/hobstop.ee\/lt\/produktas\/pagrindas-mabef-m47-keliu-lygiu\/\",\"url\":\"https:\/\/hobstop.ee\/lt\/produktas\/pagrindas-mabef-m47-keliu-lygiu\/\",\"name\":\"Pagrindas Mabef M47 keli\u0173 lygi\u0173 &#8211; Skizze\",\"isPartOf\":{\"@id\":\"https:\/\/hobstop.ee\/lt\/#website\"},\"primaryImageOfPage\":{\"@id\":\"https:\/\/hobstop.ee\/lt\/produktas\/pagrindas-mabef-m47-keliu-lygiu\/#primaryimage\"},\"image\":{\"@id\":\"https:\/\/hobstop.ee\/lt\/produktas\/pagrindas-mabef-m47-keliu-lygiu\/#primaryimage\"},\"thumbnailUrl\":\"https:\/\/hobstop.ee\/media\/3893.jpg\",\"datePublished\":\"2015-07-31T23:24:21+00:00\",\"dateModified\":\"2015-07-31T23:24:21+00:00\",\"breadcrumb\":{\"@id\":\"https:\/\/hobstop.ee\/lt\/produktas\/pagrindas-mabef-m47-keliu-lygiu\/#breadcrumb\"},\"inLanguage\":\"lt\",\"potentialAction\":[{\"@type\":\"ReadAction\",\"target\":[\"https:\/\/hobstop.ee\/lt\/produktas\/pagrindas-mabef-m47-keliu-lygiu\/\"]}]},{\"@type\":\"ImageObject\",\"inLanguage\":\"lt\",\"@id\":\"https:\/\/hobstop.ee\/lt\/produktas\/pagrindas-mabef-m47-keliu-lygiu\/#primaryimage\",\"url\":\"https:\/\/hobstop.ee\/media\/3893.jpg\",\"contentUrl\":\"https:\/\/hobstop.ee\/media\/3893.jpg\",\"width\":1024,\"height\":768},{\"@type\":\"BreadcrumbList\",\"@id\":\"https:\/\/hobstop.ee\/lt\/produktas\/pagrindas-mabef-m47-keliu-lygiu\/#breadcrumb\",\"itemListElement\":[{\"@type\":\"ListItem\",\"position\":1,\"name\":\"Avaleht\",\"item\":\"https:\/\/hobstop.ee\/lt\/\"},{\"@type\":\"ListItem\",\"position\":2,\"name\":\"Parduotuv\u0117\",\"item\":\"https:\/\/hobstop.ee\/lt\/parduotuve\/\"},{\"@type\":\"ListItem\",\"position\":3,\"name\":\"Pagrindas Mabef M47 keli\u0173 lygi\u0173\"}]},{\"@type\":\"WebSite\",\"@id\":\"https:\/\/hobstop.ee\/lt\/#website\",\"url\":\"https:\/\/hobstop.ee\/lt\/\",\"name\":\"Skizze\",\"description\":\"Dail\u0117s, pom\u0117gi\u0173 ir mokykliniai reikm\u0117nys\",\"publisher\":{\"@id\":\"https:\/\/hobstop.ee\/lt\/#organization\"},\"potentialAction\":[{\"@type\":\"SearchAction\",\"target\":{\"@type\":\"EntryPoint\",\"urlTemplate\":\"https:\/\/hobstop.ee\/lt\/?s={search_term_string}\"},\"query-input\":{\"@type\":\"PropertyValueSpecification\",\"valueRequired\":true,\"valueName\":\"search_term_string\"}}],\"inLanguage\":\"lt\"},{\"@type\":\"Organization\",\"@id\":\"https:\/\/hobstop.ee\/lt\/#organization\",\"name\":\"Vunder AS\",\"url\":\"https:\/\/hobstop.ee\/lt\/\",\"logo\":{\"@type\":\"ImageObject\",\"inLanguage\":\"lt\",\"@id\":\"https:\/\/hobstop.ee\/lt\/#\/schema\/logo\/image\/\",\"url\":\"https:\/\/hobstop.ee\/media\/vunder-logo.png\",\"contentUrl\":\"https:\/\/hobstop.ee\/media\/vunder-logo.png\",\"width\":127,\"height\":55,\"caption\":\"Vunder AS\"},\"image\":{\"@id\":\"https:\/\/hobstop.ee\/lt\/#\/schema\/logo\/image\/\"},\"sameAs\":[\"http:\/\/www.facebook.com\/VunderSkizze\"]}]}<\/script>\n<!-- \/ Yoast SEO plugin. -->","yoast_head_json":{"title":"Pagrindas Mabef M47 keli\u0173 lygi\u0173 &#8211; Skizze","robots":{"index":"noindex","follow":"follow","max-snippet":"max-snippet:-1","max-image-preview":"max-image-preview:large","max-video-preview":"max-video-preview:-1"},"og_locale":"lt_LT","og_type":"article","og_title":"Pagrindas Mabef M47 keli\u0173 lygi\u0173 &#8211; Skizze","og_description":"Patogus ir itin funkcionalus alyvuotos ber\u017eo medienos stovas su ratukais ir dvejomis lentyn\u0117l\u0117mis, kuri\u0173 auk\u0161tis ir pad\u0117tis reguliuojama, prie tre\u010dios lentyn\u0117l\u0117s galima pritvirtinti palet\u0119. Vidurin\u0117je lentyn\u0117l\u0117je yra dvi angos teptuk\u0173 indeliams (6.5 ir 11cm skersmens), apatin\u0117je lentyn\u0117l\u0117je yra du popierini\u0173 rank\u0161luos\u010di\u0173 laikikliai. Maks. keliamoji galia: 5kg, matmenys: 44cm, auk\u0161tis: 120cm. Surenkama nesud\u0117tingai.","og_url":"https:\/\/hobstop.ee\/lt\/produktas\/pagrindas-mabef-m47-keliu-lygiu\/","og_site_name":"Skizze","article_publisher":"http:\/\/www.facebook.com\/VunderSkizze","og_image":[{"width":1024,"height":768,"url":"https:\/\/hobstop.ee\/media\/3893.jpg","type":"image\/jpeg"}],"twitter_card":"summary_large_image","schema":{"@context":"https:\/\/schema.org","@graph":[{"@type":"WebPage","@id":"https:\/\/hobstop.ee\/lt\/produktas\/pagrindas-mabef-m47-keliu-lygiu\/","url":"https:\/\/hobstop.ee\/lt\/produktas\/pagrindas-mabef-m47-keliu-lygiu\/","name":"Pagrindas Mabef M47 keli\u0173 lygi\u0173 &#8211; Skizze","isPartOf":{"@id":"https:\/\/hobstop.ee\/lt\/#website"},"primaryImageOfPage":{"@id":"https:\/\/hobstop.ee\/lt\/produktas\/pagrindas-mabef-m47-keliu-lygiu\/#primaryimage"},"image":{"@id":"https:\/\/hobstop.ee\/lt\/produktas\/pagrindas-mabef-m47-keliu-lygiu\/#primaryimage"},"thumbnailUrl":"https:\/\/hobstop.ee\/media\/3893.jpg","datePublished":"2015-07-31T23:24:21+00:00","dateModified":"2015-07-31T23:24:21+00:00","breadcrumb":{"@id":"https:\/\/hobstop.ee\/lt\/produktas\/pagrindas-mabef-m47-keliu-lygiu\/#breadcrumb"},"inLanguage":"lt","potentialAction":[{"@type":"ReadAction","target":["https:\/\/hobstop.ee\/lt\/produktas\/pagrindas-mabef-m47-keliu-lygiu\/"]}]},{"@type":"ImageObject","inLanguage":"lt","@id":"https:\/\/hobstop.ee\/lt\/produktas\/pagrindas-mabef-m47-keliu-lygiu\/#primaryimage","url":"https:\/\/hobstop.ee\/media\/3893.jpg","contentUrl":"https:\/\/hobstop.ee\/media\/3893.jpg","width":1024,"height":768},{"@type":"BreadcrumbList","@id":"https:\/\/hobstop.ee\/lt\/produktas\/pagrindas-mabef-m47-keliu-lygiu\/#breadcrumb","itemListElement":[{"@type":"ListItem","position":1,"name":"Avaleht","item":"https:\/\/hobstop.ee\/lt\/"},{"@type":"ListItem","position":2,"name":"Parduotuv\u0117","item":"https:\/\/hobstop.ee\/lt\/parduotuve\/"},{"@type":"ListItem","position":3,"name":"Pagrindas Mabef M47 keli\u0173 lygi\u0173"}]},{"@type":"WebSite","@id":"https:\/\/hobstop.ee\/lt\/#website","url":"https:\/\/hobstop.ee\/lt\/","name":"Skizze","description":"Dail\u0117s, pom\u0117gi\u0173 ir mokykliniai reikm\u0117nys","publisher":{"@id":"https:\/\/hobstop.ee\/lt\/#organization"},"potentialAction":[{"@type":"SearchAction","target":{"@type":"EntryPoint","urlTemplate":"https:\/\/hobstop.ee\/lt\/?s={search_term_string}"},"query-input":{"@type":"PropertyValueSpecification","valueRequired":true,"valueName":"search_term_string"}}],"inLanguage":"lt"},{"@type":"Organization","@id":"https:\/\/hobstop.ee\/lt\/#organization","name":"Vunder AS","url":"https:\/\/hobstop.ee\/lt\/","logo":{"@type":"ImageObject","inLanguage":"lt","@id":"https:\/\/hobstop.ee\/lt\/#\/schema\/logo\/image\/","url":"https:\/\/hobstop.ee\/media\/vunder-logo.png","contentUrl":"https:\/\/hobstop.ee\/media\/vunder-logo.png","width":127,"height":55,"caption":"Vunder AS"},"image":{"@id":"https:\/\/hobstop.ee\/lt\/#\/schema\/logo\/image\/"},"sameAs":["http:\/\/www.facebook.com\/VunderSkizze"]}]}},"_links":{"self":[{"href":"https:\/\/hobstop.ee\/lt\/wp-json\/wp\/v2\/product\/185432","targetHints":{"allow":["GET"]}}],"collection":[{"href":"https:\/\/hobstop.ee\/lt\/wp-json\/wp\/v2\/product"}],"about":[{"href":"https:\/\/hobstop.ee\/lt\/wp-json\/wp\/v2\/types\/product"}],"replies":[{"embeddable":true,"href":"https:\/\/hobstop.ee\/lt\/wp-json\/wp\/v2\/comments?post=185432"}],"wp:featuredmedia":[{"embeddable":true,"href":"https:\/\/hobstop.ee\/lt\/wp-json\/wp\/v2\/media\/204480"}],"wp:attachment":[{"href":"https:\/\/hobstop.ee\/lt\/wp-json\/wp\/v2\/media?parent=185432"}],"wp:term":[{"taxonomy":"product_cat","embeddable":true,"href":"https:\/\/hobstop.ee\/lt\/wp-json\/wp\/v2\/product_cat?post=185432"},{"taxonomy":"product_tag","embeddable":true,"href":"https:\/\/hobstop.ee\/lt\/wp-json\/wp\/v2\/product_tag?post=185432"}],"curies":[{"name":"wp","href":"https:\/\/api.w.org\/{rel}","templated":true}]}}