{"id":185440,"date":"2015-08-01T02:24:47","date_gmt":"2015-07-31T23:24:47","guid":{"rendered":"http:\/\/vunder-ee.sn25.zone.eu\/lt\/product\/minkstos-pasteles-sennelier\/"},"modified":"2015-08-01T02:24:47","modified_gmt":"2015-07-31T23:24:47","slug":"minkstos-pasteles-sennelier","status":"publish","type":"product","link":"https:\/\/hobstop.ee\/lt\/produktas\/minkstos-pasteles-sennelier\/","title":{"rendered":"Mink\u0161tos pastel\u0117s Sennelier"},"content":{"rendered":"<p>Dvide\u0161imtojo am\u017eiaus prad\u017eioje u\u017etruko daugiau nei trejus metus, kad b\u016bt\u0173 sukurtas \u201eSennelier\u201c itin mink\u0161t\u0173 ir labai pla\u010dios spalv\u0173 palet\u0117s pasteli\u0173 asortimentas \u201e\u00e0 l\u2019\u00e9cu. B\u0117gant metams spalv\u0173 pasirinkimas buvo papildytas, ta\u010diau gamybos esm\u0117 i\u0161liko nepakitusi.<br \/>\nPastel\u0117s \u201eSennelier Extra Soft\u201c sud\u0117tyje yra auk\u0161tos kokyb\u0117s \u0161varus pigmentas susmulkintas kartu su nat\u016bralia skaidria ri\u0161am\u0105ja med\u017eiaga. \u201c\u00e0 l\u2019\u00e9cu\u201d pasteli\u0173 auk\u0161ta kokyb\u0117 yra ri\u0161amosios med\u017eiagos ir pigmento subalansuotos sud\u0117ties rezultatas. Atspalviams i\u0161gauti pridedamas didesnis kiekis smulki\u0173 mineralini\u0173 milteli\u0173 \u2013 tokiu b\u016bdu galiausiai yra i\u0161gaunama balta spalva. I\u0161skirtinis spalv\u0173 ry\u0161kumas yra pigmento ir nat\u016brali\u0173 mineralini\u0173 milteli\u0173 sumai\u0161ymo rezultatas, kur\u012f \u201eSennelier\u201c atrado 1905 metais. \u0160is santykis yra naudojamas iki \u0161i\u0173 dien\u0173.<br \/>\n\u201eSennelier\u201c apvali\u0173 pasteli\u0173 gamybos proceso metu pasta n\u0117ra suspaud\u017eiama \u2013 pastel\u0117 nat\u016braliai yra d\u017eiovinama atvirame ore. Meno k\u016brinio am\u017ei\u0173 garantuoja kokybi\u0161ka pastel\u0117 ir pagrindas. Jei pie\u0161iama keliais sluoksniais, tarpinius sluoksnius yra rekomenduojama u\u017efiksuoti. Ta\u010diau stenkit\u0117s paskutiniojo sluoksnio per stipriai neu\u017efiksuoti, nes jis gali prarasti pradini\u0173 spalv\u0173 ry\u0161kum\u0105.<\/p>\n","protected":false},"excerpt":{"rendered":"<p>Dvide\u0161imtojo am\u017eiaus prad\u017eioje u\u017etruko daugiau nei trejus metus, kad b\u016bt\u0173 sukurtas \u201eSennelier\u201c itin mink\u0161t\u0173 ir labai pla\u010dios spalv\u0173 palet\u0117s pasteli\u0173 asortimentas \u201e\u00e0 l\u2019\u00e9cu. B\u0117gant metams spalv\u0173 pasirinkimas buvo papildytas, ta\u010diau gamybos esm\u0117 i\u0161liko nepakitusi. Pastel\u0117s \u201eSennelier Extra Soft\u201c sud\u0117tyje yra auk\u0161tos kokyb\u0117s \u0161varus pigmentas susmulkintas kartu su nat\u016bralia skaidria ri\u0161am\u0105ja med\u017eiaga. \u201c\u00e0 l\u2019\u00e9cu\u201d pasteli\u0173 auk\u0161ta kokyb\u0117 yra ri\u0161amosios med\u017eiagos ir pigmento subalansuotos sud\u0117ties rezultatas. Atspalviams i\u0161gauti pridedamas didesnis kiekis smulki\u0173 mineralini\u0173 milteli\u0173 \u2013 tokiu b\u016bdu galiausiai yra i\u0161gaunama balta spalva. I\u0161skirtinis spalv\u0173 ry\u0161kumas yra pigmento ir nat\u016brali\u0173 mineralini\u0173 milteli\u0173 sumai\u0161ymo rezultatas, kur\u012f \u201eSennelier\u201c atrado 1905 metais. \u0160is santykis yra naudojamas iki \u0161i\u0173 dien\u0173. \u201eSennelier\u201c apvali\u0173 pasteli\u0173 gamybos proceso metu pasta n\u0117ra suspaud\u017eiama \u2013 pastel\u0117 nat\u016braliai yra d\u017eiovinama atvirame ore. Meno k\u016brinio am\u017ei\u0173 garantuoja kokybi\u0161ka pastel\u0117 ir pagrindas. Jei pie\u0161iama keliais sluoksniais, tarpinius sluoksnius yra rekomenduojama u\u017efiksuoti. Ta\u010diau stenkit\u0117s paskutiniojo sluoksnio per stipriai neu\u017efiksuoti, nes jis gali prarasti pradini\u0173 spalv\u0173 ry\u0161kum\u0105.<\/p>\n","protected":false},"featured_media":204488,"comment_status":"closed","ping_status":"closed","template":"","meta":{"_acf_changed":false,"ep_exclude_from_search":false},"product_cat":[16124,14994,18932],"product_tag":[],"class_list":{"0":"post-185440","1":"product","2":"type-product","3":"status-publish","4":"has-post-thumbnail","6":"product_cat-dailes-prekes","7":"product_cat-kreideles-2","8":"product_cat-piesimo-reikmenys-3","10":"first","11":"instock","12":"taxable","13":"shipping-taxable","14":"purchasable","15":"product-type-variable"},"acf":[],"yoast_head":"<!-- This site is optimized with the Yoast SEO plugin v24.1 - https:\/\/yoast.com\/wordpress\/plugins\/seo\/ -->\n<title>Mink\u0161tos pastel\u0117s Sennelier &#8211; Skizze<\/title>\n<meta name=\"robots\" content=\"noindex, follow, max-snippet:-1, max-image-preview:large, max-video-preview:-1\" \/>\n<meta property=\"og:locale\" content=\"lt_LT\" \/>\n<meta property=\"og:type\" content=\"article\" \/>\n<meta property=\"og:title\" content=\"Mink\u0161tos pastel\u0117s Sennelier &#8211; Skizze\" \/>\n<meta property=\"og:description\" content=\"Dvide\u0161imtojo am\u017eiaus prad\u017eioje u\u017etruko daugiau nei trejus metus, kad b\u016bt\u0173 sukurtas \u201eSennelier\u201c itin mink\u0161t\u0173 ir labai pla\u010dios spalv\u0173 palet\u0117s pasteli\u0173 asortimentas \u201e\u00e0 l\u2019\u00e9cu. B\u0117gant metams spalv\u0173 pasirinkimas buvo papildytas, ta\u010diau gamybos esm\u0117 i\u0161liko nepakitusi. Pastel\u0117s \u201eSennelier Extra Soft\u201c sud\u0117tyje yra auk\u0161tos kokyb\u0117s \u0161varus pigmentas susmulkintas kartu su nat\u016bralia skaidria ri\u0161am\u0105ja med\u017eiaga. \u201c\u00e0 l\u2019\u00e9cu\u201d pasteli\u0173 auk\u0161ta kokyb\u0117 yra ri\u0161amosios med\u017eiagos ir pigmento subalansuotos sud\u0117ties rezultatas. Atspalviams i\u0161gauti pridedamas didesnis kiekis smulki\u0173 mineralini\u0173 milteli\u0173 \u2013 tokiu b\u016bdu galiausiai yra i\u0161gaunama balta spalva. I\u0161skirtinis spalv\u0173 ry\u0161kumas yra pigmento ir nat\u016brali\u0173 mineralini\u0173 milteli\u0173 sumai\u0161ymo rezultatas, kur\u012f \u201eSennelier\u201c atrado 1905 metais. \u0160is santykis yra naudojamas iki \u0161i\u0173 dien\u0173. \u201eSennelier\u201c apvali\u0173 pasteli\u0173 gamybos proceso metu pasta n\u0117ra suspaud\u017eiama \u2013 pastel\u0117 nat\u016braliai yra d\u017eiovinama atvirame ore. Meno k\u016brinio am\u017ei\u0173 garantuoja kokybi\u0161ka pastel\u0117 ir pagrindas. Jei pie\u0161iama keliais sluoksniais, tarpinius sluoksnius yra rekomenduojama u\u017efiksuoti. Ta\u010diau stenkit\u0117s paskutiniojo sluoksnio per stipriai neu\u017efiksuoti, nes jis gali prarasti pradini\u0173 spalv\u0173 ry\u0161kum\u0105.\" \/>\n<meta property=\"og:url\" content=\"https:\/\/hobstop.ee\/lt\/produktas\/minkstos-pasteles-sennelier\/\" \/>\n<meta property=\"og:site_name\" content=\"Skizze\" \/>\n<meta property=\"article:publisher\" content=\"http:\/\/www.facebook.com\/VunderSkizze\" \/>\n<meta property=\"og:image\" content=\"https:\/\/hobstop.ee\/media\/3900.jpg\" \/>\n\t<meta property=\"og:image:width\" content=\"1024\" \/>\n\t<meta property=\"og:image:height\" content=\"768\" \/>\n\t<meta property=\"og:image:type\" content=\"image\/jpeg\" \/>\n<meta name=\"twitter:card\" content=\"summary_large_image\" \/>\n<meta name=\"twitter:label1\" content=\"Est. reading time\" \/>\n\t<meta name=\"twitter:data1\" content=\"1 minute\" \/>\n<script type=\"application\/ld+json\" class=\"yoast-schema-graph\">{\"@context\":\"https:\/\/schema.org\",\"@graph\":[{\"@type\":\"WebPage\",\"@id\":\"https:\/\/hobstop.ee\/lt\/produktas\/minkstos-pasteles-sennelier\/\",\"url\":\"https:\/\/hobstop.ee\/lt\/produktas\/minkstos-pasteles-sennelier\/\",\"name\":\"Mink\u0161tos pastel\u0117s Sennelier &#8211; Skizze\",\"isPartOf\":{\"@id\":\"https:\/\/hobstop.ee\/lt\/#website\"},\"primaryImageOfPage\":{\"@id\":\"https:\/\/hobstop.ee\/lt\/produktas\/minkstos-pasteles-sennelier\/#primaryimage\"},\"image\":{\"@id\":\"https:\/\/hobstop.ee\/lt\/produktas\/minkstos-pasteles-sennelier\/#primaryimage\"},\"thumbnailUrl\":\"https:\/\/hobstop.ee\/media\/3900.jpg\",\"datePublished\":\"2015-07-31T23:24:47+00:00\",\"dateModified\":\"2015-07-31T23:24:47+00:00\",\"breadcrumb\":{\"@id\":\"https:\/\/hobstop.ee\/lt\/produktas\/minkstos-pasteles-sennelier\/#breadcrumb\"},\"inLanguage\":\"lt\",\"potentialAction\":[{\"@type\":\"ReadAction\",\"target\":[\"https:\/\/hobstop.ee\/lt\/produktas\/minkstos-pasteles-sennelier\/\"]}]},{\"@type\":\"ImageObject\",\"inLanguage\":\"lt\",\"@id\":\"https:\/\/hobstop.ee\/lt\/produktas\/minkstos-pasteles-sennelier\/#primaryimage\",\"url\":\"https:\/\/hobstop.ee\/media\/3900.jpg\",\"contentUrl\":\"https:\/\/hobstop.ee\/media\/3900.jpg\",\"width\":1024,\"height\":768},{\"@type\":\"BreadcrumbList\",\"@id\":\"https:\/\/hobstop.ee\/lt\/produktas\/minkstos-pasteles-sennelier\/#breadcrumb\",\"itemListElement\":[{\"@type\":\"ListItem\",\"position\":1,\"name\":\"Avaleht\",\"item\":\"https:\/\/hobstop.ee\/lt\/\"},{\"@type\":\"ListItem\",\"position\":2,\"name\":\"Parduotuv\u0117\",\"item\":\"https:\/\/hobstop.ee\/lt\/parduotuve\/\"},{\"@type\":\"ListItem\",\"position\":3,\"name\":\"Mink\u0161tos pastel\u0117s Sennelier\"}]},{\"@type\":\"WebSite\",\"@id\":\"https:\/\/hobstop.ee\/lt\/#website\",\"url\":\"https:\/\/hobstop.ee\/lt\/\",\"name\":\"Skizze\",\"description\":\"Dail\u0117s, pom\u0117gi\u0173 ir mokykliniai reikm\u0117nys\",\"publisher\":{\"@id\":\"https:\/\/hobstop.ee\/lt\/#organization\"},\"potentialAction\":[{\"@type\":\"SearchAction\",\"target\":{\"@type\":\"EntryPoint\",\"urlTemplate\":\"https:\/\/hobstop.ee\/lt\/?s={search_term_string}\"},\"query-input\":{\"@type\":\"PropertyValueSpecification\",\"valueRequired\":true,\"valueName\":\"search_term_string\"}}],\"inLanguage\":\"lt\"},{\"@type\":\"Organization\",\"@id\":\"https:\/\/hobstop.ee\/lt\/#organization\",\"name\":\"Vunder AS\",\"url\":\"https:\/\/hobstop.ee\/lt\/\",\"logo\":{\"@type\":\"ImageObject\",\"inLanguage\":\"lt\",\"@id\":\"https:\/\/hobstop.ee\/lt\/#\/schema\/logo\/image\/\",\"url\":\"https:\/\/hobstop.ee\/media\/vunder-logo.png\",\"contentUrl\":\"https:\/\/hobstop.ee\/media\/vunder-logo.png\",\"width\":127,\"height\":55,\"caption\":\"Vunder AS\"},\"image\":{\"@id\":\"https:\/\/hobstop.ee\/lt\/#\/schema\/logo\/image\/\"},\"sameAs\":[\"http:\/\/www.facebook.com\/VunderSkizze\"]}]}<\/script>\n<!-- \/ Yoast SEO plugin. -->","yoast_head_json":{"title":"Mink\u0161tos pastel\u0117s Sennelier &#8211; Skizze","robots":{"index":"noindex","follow":"follow","max-snippet":"max-snippet:-1","max-image-preview":"max-image-preview:large","max-video-preview":"max-video-preview:-1"},"og_locale":"lt_LT","og_type":"article","og_title":"Mink\u0161tos pastel\u0117s Sennelier &#8211; Skizze","og_description":"Dvide\u0161imtojo am\u017eiaus prad\u017eioje u\u017etruko daugiau nei trejus metus, kad b\u016bt\u0173 sukurtas \u201eSennelier\u201c itin mink\u0161t\u0173 ir labai pla\u010dios spalv\u0173 palet\u0117s pasteli\u0173 asortimentas \u201e\u00e0 l\u2019\u00e9cu. B\u0117gant metams spalv\u0173 pasirinkimas buvo papildytas, ta\u010diau gamybos esm\u0117 i\u0161liko nepakitusi. Pastel\u0117s \u201eSennelier Extra Soft\u201c sud\u0117tyje yra auk\u0161tos kokyb\u0117s \u0161varus pigmentas susmulkintas kartu su nat\u016bralia skaidria ri\u0161am\u0105ja med\u017eiaga. \u201c\u00e0 l\u2019\u00e9cu\u201d pasteli\u0173 auk\u0161ta kokyb\u0117 yra ri\u0161amosios med\u017eiagos ir pigmento subalansuotos sud\u0117ties rezultatas. Atspalviams i\u0161gauti pridedamas didesnis kiekis smulki\u0173 mineralini\u0173 milteli\u0173 \u2013 tokiu b\u016bdu galiausiai yra i\u0161gaunama balta spalva. I\u0161skirtinis spalv\u0173 ry\u0161kumas yra pigmento ir nat\u016brali\u0173 mineralini\u0173 milteli\u0173 sumai\u0161ymo rezultatas, kur\u012f \u201eSennelier\u201c atrado 1905 metais. \u0160is santykis yra naudojamas iki \u0161i\u0173 dien\u0173. \u201eSennelier\u201c apvali\u0173 pasteli\u0173 gamybos proceso metu pasta n\u0117ra suspaud\u017eiama \u2013 pastel\u0117 nat\u016braliai yra d\u017eiovinama atvirame ore. Meno k\u016brinio am\u017ei\u0173 garantuoja kokybi\u0161ka pastel\u0117 ir pagrindas. Jei pie\u0161iama keliais sluoksniais, tarpinius sluoksnius yra rekomenduojama u\u017efiksuoti. Ta\u010diau stenkit\u0117s paskutiniojo sluoksnio per stipriai neu\u017efiksuoti, nes jis gali prarasti pradini\u0173 spalv\u0173 ry\u0161kum\u0105.","og_url":"https:\/\/hobstop.ee\/lt\/produktas\/minkstos-pasteles-sennelier\/","og_site_name":"Skizze","article_publisher":"http:\/\/www.facebook.com\/VunderSkizze","og_image":[{"width":1024,"height":768,"url":"https:\/\/hobstop.ee\/media\/3900.jpg","type":"image\/jpeg"}],"twitter_card":"summary_large_image","twitter_misc":{"Est. reading time":"1 minute"},"schema":{"@context":"https:\/\/schema.org","@graph":[{"@type":"WebPage","@id":"https:\/\/hobstop.ee\/lt\/produktas\/minkstos-pasteles-sennelier\/","url":"https:\/\/hobstop.ee\/lt\/produktas\/minkstos-pasteles-sennelier\/","name":"Mink\u0161tos pastel\u0117s Sennelier &#8211; Skizze","isPartOf":{"@id":"https:\/\/hobstop.ee\/lt\/#website"},"primaryImageOfPage":{"@id":"https:\/\/hobstop.ee\/lt\/produktas\/minkstos-pasteles-sennelier\/#primaryimage"},"image":{"@id":"https:\/\/hobstop.ee\/lt\/produktas\/minkstos-pasteles-sennelier\/#primaryimage"},"thumbnailUrl":"https:\/\/hobstop.ee\/media\/3900.jpg","datePublished":"2015-07-31T23:24:47+00:00","dateModified":"2015-07-31T23:24:47+00:00","breadcrumb":{"@id":"https:\/\/hobstop.ee\/lt\/produktas\/minkstos-pasteles-sennelier\/#breadcrumb"},"inLanguage":"lt","potentialAction":[{"@type":"ReadAction","target":["https:\/\/hobstop.ee\/lt\/produktas\/minkstos-pasteles-sennelier\/"]}]},{"@type":"ImageObject","inLanguage":"lt","@id":"https:\/\/hobstop.ee\/lt\/produktas\/minkstos-pasteles-sennelier\/#primaryimage","url":"https:\/\/hobstop.ee\/media\/3900.jpg","contentUrl":"https:\/\/hobstop.ee\/media\/3900.jpg","width":1024,"height":768},{"@type":"BreadcrumbList","@id":"https:\/\/hobstop.ee\/lt\/produktas\/minkstos-pasteles-sennelier\/#breadcrumb","itemListElement":[{"@type":"ListItem","position":1,"name":"Avaleht","item":"https:\/\/hobstop.ee\/lt\/"},{"@type":"ListItem","position":2,"name":"Parduotuv\u0117","item":"https:\/\/hobstop.ee\/lt\/parduotuve\/"},{"@type":"ListItem","position":3,"name":"Mink\u0161tos pastel\u0117s Sennelier"}]},{"@type":"WebSite","@id":"https:\/\/hobstop.ee\/lt\/#website","url":"https:\/\/hobstop.ee\/lt\/","name":"Skizze","description":"Dail\u0117s, pom\u0117gi\u0173 ir mokykliniai reikm\u0117nys","publisher":{"@id":"https:\/\/hobstop.ee\/lt\/#organization"},"potentialAction":[{"@type":"SearchAction","target":{"@type":"EntryPoint","urlTemplate":"https:\/\/hobstop.ee\/lt\/?s={search_term_string}"},"query-input":{"@type":"PropertyValueSpecification","valueRequired":true,"valueName":"search_term_string"}}],"inLanguage":"lt"},{"@type":"Organization","@id":"https:\/\/hobstop.ee\/lt\/#organization","name":"Vunder AS","url":"https:\/\/hobstop.ee\/lt\/","logo":{"@type":"ImageObject","inLanguage":"lt","@id":"https:\/\/hobstop.ee\/lt\/#\/schema\/logo\/image\/","url":"https:\/\/hobstop.ee\/media\/vunder-logo.png","contentUrl":"https:\/\/hobstop.ee\/media\/vunder-logo.png","width":127,"height":55,"caption":"Vunder AS"},"image":{"@id":"https:\/\/hobstop.ee\/lt\/#\/schema\/logo\/image\/"},"sameAs":["http:\/\/www.facebook.com\/VunderSkizze"]}]}},"_links":{"self":[{"href":"https:\/\/hobstop.ee\/lt\/wp-json\/wp\/v2\/product\/185440","targetHints":{"allow":["GET"]}}],"collection":[{"href":"https:\/\/hobstop.ee\/lt\/wp-json\/wp\/v2\/product"}],"about":[{"href":"https:\/\/hobstop.ee\/lt\/wp-json\/wp\/v2\/types\/product"}],"replies":[{"embeddable":true,"href":"https:\/\/hobstop.ee\/lt\/wp-json\/wp\/v2\/comments?post=185440"}],"wp:featuredmedia":[{"embeddable":true,"href":"https:\/\/hobstop.ee\/lt\/wp-json\/wp\/v2\/media\/204488"}],"wp:attachment":[{"href":"https:\/\/hobstop.ee\/lt\/wp-json\/wp\/v2\/media?parent=185440"}],"wp:term":[{"taxonomy":"product_cat","embeddable":true,"href":"https:\/\/hobstop.ee\/lt\/wp-json\/wp\/v2\/product_cat?post=185440"},{"taxonomy":"product_tag","embeddable":true,"href":"https:\/\/hobstop.ee\/lt\/wp-json\/wp\/v2\/product_tag?post=185440"}],"curies":[{"name":"wp","href":"https:\/\/api.w.org\/{rel}","templated":true}]}}