{"id":185456,"date":"2015-08-01T02:25:55","date_gmt":"2015-07-31T23:25:55","guid":{"rendered":"http:\/\/vunder-ee.sn25.zone.eu\/lt\/product\/washi-popierius-3120mino\/"},"modified":"2015-08-01T02:25:55","modified_gmt":"2015-07-31T23:25:55","slug":"washi-popierius-3120mino","status":"publish","type":"product","link":"https:\/\/hobstop.ee\/lt\/produktas\/washi-popierius-3120mino\/","title":{"rendered":"Washi popierius 3120mino"},"content":{"rendered":"<p>\u201e3120mino\u201c yra klasikinis rank\u0173 darbo japoni\u0161kas popierius su vandens \u017eenklais. Popieriuje \u201e3120mino\u201c dera Japonijos centrin\u0117je dalyje esan\u010dios Mino provincijos 1300 met\u0173 senumo popieriaus gaminimo tradicijos ir \u0161iuolaikinis dizainas. Gamybai yra naudojamas \u0161varus \u0161altinio vanduo, kuris popieriui suteikia ypatingo \u0161velnumo. Viena popieriaus pus\u0117 yra lygi, kitos pus\u0117s pavir\u0161ius \u2013 mink\u0161tas ir strukt\u016bri\u0161kas. Lengvu persipinan\u010diu ornamentu dekoruotas popierius yra \u012fvairiapusi\u0161kas ir ypatingas. Popierius \u201e3120mino\u201c tinka lai\u0161kams ra\u0161yti, klasikinei tapybai tu\u0161u, nedidel\u0117ms dovanoms supakuoti, kepiniams papuo\u0161ti ir dekoratyviniams daiktams gaminti.<\/p>\n","protected":false},"excerpt":{"rendered":"<p>\u201e3120mino\u201c yra klasikinis rank\u0173 darbo japoni\u0161kas popierius su vandens \u017eenklais. Popieriuje \u201e3120mino\u201c dera Japonijos centrin\u0117je dalyje esan\u010dios Mino provincijos 1300 met\u0173 senumo popieriaus gaminimo tradicijos ir \u0161iuolaikinis dizainas. Gamybai yra naudojamas \u0161varus \u0161altinio vanduo, kuris popieriui suteikia ypatingo \u0161velnumo. Viena popieriaus pus\u0117 yra lygi, kitos pus\u0117s pavir\u0161ius \u2013 mink\u0161tas ir strukt\u016bri\u0161kas. Lengvu persipinan\u010diu ornamentu dekoruotas popierius yra \u012fvairiapusi\u0161kas ir ypatingas. Popierius \u201e3120mino\u201c tinka lai\u0161kams ra\u0161yti, klasikinei tapybai tu\u0161u, nedidel\u0117ms dovanoms supakuoti, kepiniams papuo\u0161ti ir dekoratyviniams daiktams gaminti.<\/p>\n","protected":false},"featured_media":204504,"comment_status":"closed","ping_status":"closed","template":"","meta":{"_acf_changed":false,"ep_exclude_from_search":false},"product_cat":[17922,14874,18458],"product_tag":[],"class_list":{"0":"post-185456","1":"product","2":"type-product","3":"status-publish","4":"has-post-thumbnail","6":"product_cat-popieriaus-prekes","7":"product_cat-ehtetarvikud","8":"product_cat-popierius-su-specialiaisiais-efektais","10":"first","11":"instock","12":"taxable","13":"shipping-taxable","14":"purchasable","15":"product-type-variable"},"acf":[],"yoast_head":"<!-- This site is optimized with the Yoast SEO plugin v24.1 - https:\/\/yoast.com\/wordpress\/plugins\/seo\/ -->\n<title>Washi popierius 3120mino &#8211; Skizze<\/title>\n<meta name=\"robots\" content=\"noindex, follow, max-snippet:-1, max-image-preview:large, max-video-preview:-1\" \/>\n<meta property=\"og:locale\" content=\"lt_LT\" \/>\n<meta property=\"og:type\" content=\"article\" \/>\n<meta property=\"og:title\" content=\"Washi popierius 3120mino &#8211; Skizze\" \/>\n<meta property=\"og:description\" content=\"\u201e3120mino\u201c yra klasikinis rank\u0173 darbo japoni\u0161kas popierius su vandens \u017eenklais. Popieriuje \u201e3120mino\u201c dera Japonijos centrin\u0117je dalyje esan\u010dios Mino provincijos 1300 met\u0173 senumo popieriaus gaminimo tradicijos ir \u0161iuolaikinis dizainas. Gamybai yra naudojamas \u0161varus \u0161altinio vanduo, kuris popieriui suteikia ypatingo \u0161velnumo. Viena popieriaus pus\u0117 yra lygi, kitos pus\u0117s pavir\u0161ius \u2013 mink\u0161tas ir strukt\u016bri\u0161kas. Lengvu persipinan\u010diu ornamentu dekoruotas popierius yra \u012fvairiapusi\u0161kas ir ypatingas. Popierius \u201e3120mino\u201c tinka lai\u0161kams ra\u0161yti, klasikinei tapybai tu\u0161u, nedidel\u0117ms dovanoms supakuoti, kepiniams papuo\u0161ti ir dekoratyviniams daiktams gaminti.\" \/>\n<meta property=\"og:url\" content=\"https:\/\/hobstop.ee\/lt\/produktas\/washi-popierius-3120mino\/\" \/>\n<meta property=\"og:site_name\" content=\"Skizze\" \/>\n<meta property=\"article:publisher\" content=\"http:\/\/www.facebook.com\/VunderSkizze\" \/>\n<meta property=\"og:image\" content=\"https:\/\/hobstop.ee\/media\/3907.jpg\" \/>\n\t<meta property=\"og:image:width\" content=\"1024\" \/>\n\t<meta property=\"og:image:height\" content=\"768\" \/>\n\t<meta property=\"og:image:type\" content=\"image\/jpeg\" \/>\n<meta name=\"twitter:card\" content=\"summary_large_image\" \/>\n<script type=\"application\/ld+json\" class=\"yoast-schema-graph\">{\"@context\":\"https:\/\/schema.org\",\"@graph\":[{\"@type\":\"WebPage\",\"@id\":\"https:\/\/hobstop.ee\/lt\/produktas\/washi-popierius-3120mino\/\",\"url\":\"https:\/\/hobstop.ee\/lt\/produktas\/washi-popierius-3120mino\/\",\"name\":\"Washi popierius 3120mino &#8211; Skizze\",\"isPartOf\":{\"@id\":\"https:\/\/hobstop.ee\/lt\/#website\"},\"primaryImageOfPage\":{\"@id\":\"https:\/\/hobstop.ee\/lt\/produktas\/washi-popierius-3120mino\/#primaryimage\"},\"image\":{\"@id\":\"https:\/\/hobstop.ee\/lt\/produktas\/washi-popierius-3120mino\/#primaryimage\"},\"thumbnailUrl\":\"https:\/\/hobstop.ee\/media\/3907.jpg\",\"datePublished\":\"2015-07-31T23:25:55+00:00\",\"dateModified\":\"2015-07-31T23:25:55+00:00\",\"breadcrumb\":{\"@id\":\"https:\/\/hobstop.ee\/lt\/produktas\/washi-popierius-3120mino\/#breadcrumb\"},\"inLanguage\":\"lt\",\"potentialAction\":[{\"@type\":\"ReadAction\",\"target\":[\"https:\/\/hobstop.ee\/lt\/produktas\/washi-popierius-3120mino\/\"]}]},{\"@type\":\"ImageObject\",\"inLanguage\":\"lt\",\"@id\":\"https:\/\/hobstop.ee\/lt\/produktas\/washi-popierius-3120mino\/#primaryimage\",\"url\":\"https:\/\/hobstop.ee\/media\/3907.jpg\",\"contentUrl\":\"https:\/\/hobstop.ee\/media\/3907.jpg\",\"width\":1024,\"height\":768},{\"@type\":\"BreadcrumbList\",\"@id\":\"https:\/\/hobstop.ee\/lt\/produktas\/washi-popierius-3120mino\/#breadcrumb\",\"itemListElement\":[{\"@type\":\"ListItem\",\"position\":1,\"name\":\"Avaleht\",\"item\":\"https:\/\/hobstop.ee\/lt\/\"},{\"@type\":\"ListItem\",\"position\":2,\"name\":\"Parduotuv\u0117\",\"item\":\"https:\/\/hobstop.ee\/lt\/parduotuve\/\"},{\"@type\":\"ListItem\",\"position\":3,\"name\":\"Washi popierius 3120mino\"}]},{\"@type\":\"WebSite\",\"@id\":\"https:\/\/hobstop.ee\/lt\/#website\",\"url\":\"https:\/\/hobstop.ee\/lt\/\",\"name\":\"Skizze\",\"description\":\"Dail\u0117s, pom\u0117gi\u0173 ir mokykliniai reikm\u0117nys\",\"publisher\":{\"@id\":\"https:\/\/hobstop.ee\/lt\/#organization\"},\"potentialAction\":[{\"@type\":\"SearchAction\",\"target\":{\"@type\":\"EntryPoint\",\"urlTemplate\":\"https:\/\/hobstop.ee\/lt\/?s={search_term_string}\"},\"query-input\":{\"@type\":\"PropertyValueSpecification\",\"valueRequired\":true,\"valueName\":\"search_term_string\"}}],\"inLanguage\":\"lt\"},{\"@type\":\"Organization\",\"@id\":\"https:\/\/hobstop.ee\/lt\/#organization\",\"name\":\"Vunder AS\",\"url\":\"https:\/\/hobstop.ee\/lt\/\",\"logo\":{\"@type\":\"ImageObject\",\"inLanguage\":\"lt\",\"@id\":\"https:\/\/hobstop.ee\/lt\/#\/schema\/logo\/image\/\",\"url\":\"https:\/\/hobstop.ee\/media\/vunder-logo.png\",\"contentUrl\":\"https:\/\/hobstop.ee\/media\/vunder-logo.png\",\"width\":127,\"height\":55,\"caption\":\"Vunder AS\"},\"image\":{\"@id\":\"https:\/\/hobstop.ee\/lt\/#\/schema\/logo\/image\/\"},\"sameAs\":[\"http:\/\/www.facebook.com\/VunderSkizze\"]}]}<\/script>\n<!-- \/ Yoast SEO plugin. -->","yoast_head_json":{"title":"Washi popierius 3120mino &#8211; Skizze","robots":{"index":"noindex","follow":"follow","max-snippet":"max-snippet:-1","max-image-preview":"max-image-preview:large","max-video-preview":"max-video-preview:-1"},"og_locale":"lt_LT","og_type":"article","og_title":"Washi popierius 3120mino &#8211; Skizze","og_description":"\u201e3120mino\u201c yra klasikinis rank\u0173 darbo japoni\u0161kas popierius su vandens \u017eenklais. Popieriuje \u201e3120mino\u201c dera Japonijos centrin\u0117je dalyje esan\u010dios Mino provincijos 1300 met\u0173 senumo popieriaus gaminimo tradicijos ir \u0161iuolaikinis dizainas. Gamybai yra naudojamas \u0161varus \u0161altinio vanduo, kuris popieriui suteikia ypatingo \u0161velnumo. Viena popieriaus pus\u0117 yra lygi, kitos pus\u0117s pavir\u0161ius \u2013 mink\u0161tas ir strukt\u016bri\u0161kas. Lengvu persipinan\u010diu ornamentu dekoruotas popierius yra \u012fvairiapusi\u0161kas ir ypatingas. Popierius \u201e3120mino\u201c tinka lai\u0161kams ra\u0161yti, klasikinei tapybai tu\u0161u, nedidel\u0117ms dovanoms supakuoti, kepiniams papuo\u0161ti ir dekoratyviniams daiktams gaminti.","og_url":"https:\/\/hobstop.ee\/lt\/produktas\/washi-popierius-3120mino\/","og_site_name":"Skizze","article_publisher":"http:\/\/www.facebook.com\/VunderSkizze","og_image":[{"width":1024,"height":768,"url":"https:\/\/hobstop.ee\/media\/3907.jpg","type":"image\/jpeg"}],"twitter_card":"summary_large_image","schema":{"@context":"https:\/\/schema.org","@graph":[{"@type":"WebPage","@id":"https:\/\/hobstop.ee\/lt\/produktas\/washi-popierius-3120mino\/","url":"https:\/\/hobstop.ee\/lt\/produktas\/washi-popierius-3120mino\/","name":"Washi popierius 3120mino &#8211; Skizze","isPartOf":{"@id":"https:\/\/hobstop.ee\/lt\/#website"},"primaryImageOfPage":{"@id":"https:\/\/hobstop.ee\/lt\/produktas\/washi-popierius-3120mino\/#primaryimage"},"image":{"@id":"https:\/\/hobstop.ee\/lt\/produktas\/washi-popierius-3120mino\/#primaryimage"},"thumbnailUrl":"https:\/\/hobstop.ee\/media\/3907.jpg","datePublished":"2015-07-31T23:25:55+00:00","dateModified":"2015-07-31T23:25:55+00:00","breadcrumb":{"@id":"https:\/\/hobstop.ee\/lt\/produktas\/washi-popierius-3120mino\/#breadcrumb"},"inLanguage":"lt","potentialAction":[{"@type":"ReadAction","target":["https:\/\/hobstop.ee\/lt\/produktas\/washi-popierius-3120mino\/"]}]},{"@type":"ImageObject","inLanguage":"lt","@id":"https:\/\/hobstop.ee\/lt\/produktas\/washi-popierius-3120mino\/#primaryimage","url":"https:\/\/hobstop.ee\/media\/3907.jpg","contentUrl":"https:\/\/hobstop.ee\/media\/3907.jpg","width":1024,"height":768},{"@type":"BreadcrumbList","@id":"https:\/\/hobstop.ee\/lt\/produktas\/washi-popierius-3120mino\/#breadcrumb","itemListElement":[{"@type":"ListItem","position":1,"name":"Avaleht","item":"https:\/\/hobstop.ee\/lt\/"},{"@type":"ListItem","position":2,"name":"Parduotuv\u0117","item":"https:\/\/hobstop.ee\/lt\/parduotuve\/"},{"@type":"ListItem","position":3,"name":"Washi popierius 3120mino"}]},{"@type":"WebSite","@id":"https:\/\/hobstop.ee\/lt\/#website","url":"https:\/\/hobstop.ee\/lt\/","name":"Skizze","description":"Dail\u0117s, pom\u0117gi\u0173 ir mokykliniai reikm\u0117nys","publisher":{"@id":"https:\/\/hobstop.ee\/lt\/#organization"},"potentialAction":[{"@type":"SearchAction","target":{"@type":"EntryPoint","urlTemplate":"https:\/\/hobstop.ee\/lt\/?s={search_term_string}"},"query-input":{"@type":"PropertyValueSpecification","valueRequired":true,"valueName":"search_term_string"}}],"inLanguage":"lt"},{"@type":"Organization","@id":"https:\/\/hobstop.ee\/lt\/#organization","name":"Vunder AS","url":"https:\/\/hobstop.ee\/lt\/","logo":{"@type":"ImageObject","inLanguage":"lt","@id":"https:\/\/hobstop.ee\/lt\/#\/schema\/logo\/image\/","url":"https:\/\/hobstop.ee\/media\/vunder-logo.png","contentUrl":"https:\/\/hobstop.ee\/media\/vunder-logo.png","width":127,"height":55,"caption":"Vunder AS"},"image":{"@id":"https:\/\/hobstop.ee\/lt\/#\/schema\/logo\/image\/"},"sameAs":["http:\/\/www.facebook.com\/VunderSkizze"]}]}},"_links":{"self":[{"href":"https:\/\/hobstop.ee\/lt\/wp-json\/wp\/v2\/product\/185456","targetHints":{"allow":["GET"]}}],"collection":[{"href":"https:\/\/hobstop.ee\/lt\/wp-json\/wp\/v2\/product"}],"about":[{"href":"https:\/\/hobstop.ee\/lt\/wp-json\/wp\/v2\/types\/product"}],"replies":[{"embeddable":true,"href":"https:\/\/hobstop.ee\/lt\/wp-json\/wp\/v2\/comments?post=185456"}],"wp:featuredmedia":[{"embeddable":true,"href":"https:\/\/hobstop.ee\/lt\/wp-json\/wp\/v2\/media\/204504"}],"wp:attachment":[{"href":"https:\/\/hobstop.ee\/lt\/wp-json\/wp\/v2\/media?parent=185456"}],"wp:term":[{"taxonomy":"product_cat","embeddable":true,"href":"https:\/\/hobstop.ee\/lt\/wp-json\/wp\/v2\/product_cat?post=185456"},{"taxonomy":"product_tag","embeddable":true,"href":"https:\/\/hobstop.ee\/lt\/wp-json\/wp\/v2\/product_tag?post=185456"}],"curies":[{"name":"wp","href":"https:\/\/api.w.org\/{rel}","templated":true}]}}