{"id":185460,"date":"2015-08-01T02:26:07","date_gmt":"2015-07-31T23:26:07","guid":{"rendered":"http:\/\/vunder-ee.sn25.zone.eu\/lt\/product\/pakavimo-popierius-3120mino\/"},"modified":"2015-08-01T02:26:07","modified_gmt":"2015-07-31T23:26:07","slug":"pakavimo-popierius-3120mino","status":"publish","type":"product","link":"https:\/\/hobstop.ee\/lt\/produktas\/pakavimo-popierius-3120mino\/","title":{"rendered":"Pakavimo popierius 3120mino"},"content":{"rendered":"<p>Rank\u0173 darbo popierius \u201e3120mino\u201c, kurio yra gamyboje yra naudojamas skaidrus Japonijos centrin\u0117je dalyje esan\u010dios Mino provincijos \u0161altini\u0173 vanduo, yra gaminamas laikantis 1300 met\u0173 senumo popieriaus gaminimo tradicij\u0173. Kiekvieno popieriaus lapo ry\u0161kios spalvos ir ornamentai yra spausdinami atskirai, naudojant \u0161ilkografijos technik\u0105. \u0160iurk\u0161tesn\u0117je pus\u0117je atspausta tekst\u016bra, spalvos ir ornamentai pasi\u017eymi ry\u0161kia fakt\u016bra. Tinka dovanoms pakuoti, knygoms aplenkti, fotoalbumams ir kitiems rankdarbiams.<\/p>\n","protected":false},"excerpt":{"rendered":"<p>Rank\u0173 darbo popierius \u201e3120mino\u201c, kurio yra gamyboje yra naudojamas skaidrus Japonijos centrin\u0117je dalyje esan\u010dios Mino provincijos \u0161altini\u0173 vanduo, yra gaminamas laikantis 1300 met\u0173 senumo popieriaus gaminimo tradicij\u0173. Kiekvieno popieriaus lapo ry\u0161kios spalvos ir ornamentai yra spausdinami atskirai, naudojant \u0161ilkografijos technik\u0105. \u0160iurk\u0161tesn\u0117je pus\u0117je atspausta tekst\u016bra, spalvos ir ornamentai pasi\u017eymi ry\u0161kia fakt\u016bra. Tinka dovanoms pakuoti, knygoms aplenkti, fotoalbumams ir kitiems rankdarbiams.<\/p>\n","protected":false},"featured_media":204508,"comment_status":"closed","ping_status":"closed","template":"","meta":{"_acf_changed":false,"ep_exclude_from_search":false},"product_cat":[17922,14874],"product_tag":[],"class_list":{"0":"post-185460","1":"product","2":"type-product","3":"status-publish","4":"has-post-thumbnail","6":"product_cat-popieriaus-prekes","7":"product_cat-ehtetarvikud","9":"first","10":"instock","11":"taxable","12":"shipping-taxable","13":"purchasable","14":"product-type-variable"},"acf":[],"yoast_head":"<!-- This site is optimized with the Yoast SEO plugin v24.1 - https:\/\/yoast.com\/wordpress\/plugins\/seo\/ -->\n<title>Pakavimo popierius 3120mino &#8211; Skizze<\/title>\n<meta name=\"robots\" content=\"noindex, follow, max-snippet:-1, max-image-preview:large, max-video-preview:-1\" \/>\n<meta property=\"og:locale\" content=\"lt_LT\" \/>\n<meta property=\"og:type\" content=\"article\" \/>\n<meta property=\"og:title\" content=\"Pakavimo popierius 3120mino &#8211; Skizze\" \/>\n<meta property=\"og:description\" content=\"Rank\u0173 darbo popierius \u201e3120mino\u201c, kurio yra gamyboje yra naudojamas skaidrus Japonijos centrin\u0117je dalyje esan\u010dios Mino provincijos \u0161altini\u0173 vanduo, yra gaminamas laikantis 1300 met\u0173 senumo popieriaus gaminimo tradicij\u0173. Kiekvieno popieriaus lapo ry\u0161kios spalvos ir ornamentai yra spausdinami atskirai, naudojant \u0161ilkografijos technik\u0105. \u0160iurk\u0161tesn\u0117je pus\u0117je atspausta tekst\u016bra, spalvos ir ornamentai pasi\u017eymi ry\u0161kia fakt\u016bra. Tinka dovanoms pakuoti, knygoms aplenkti, fotoalbumams ir kitiems rankdarbiams.\" \/>\n<meta property=\"og:url\" content=\"https:\/\/hobstop.ee\/lt\/produktas\/pakavimo-popierius-3120mino\/\" \/>\n<meta property=\"og:site_name\" content=\"Skizze\" \/>\n<meta property=\"article:publisher\" content=\"http:\/\/www.facebook.com\/VunderSkizze\" \/>\n<meta property=\"og:image\" content=\"https:\/\/hobstop.ee\/media\/3908.jpg\" \/>\n\t<meta property=\"og:image:width\" content=\"1024\" \/>\n\t<meta property=\"og:image:height\" content=\"768\" \/>\n\t<meta property=\"og:image:type\" content=\"image\/jpeg\" \/>\n<meta name=\"twitter:card\" content=\"summary_large_image\" \/>\n<script type=\"application\/ld+json\" class=\"yoast-schema-graph\">{\"@context\":\"https:\/\/schema.org\",\"@graph\":[{\"@type\":\"WebPage\",\"@id\":\"https:\/\/hobstop.ee\/lt\/produktas\/pakavimo-popierius-3120mino\/\",\"url\":\"https:\/\/hobstop.ee\/lt\/produktas\/pakavimo-popierius-3120mino\/\",\"name\":\"Pakavimo popierius 3120mino &#8211; Skizze\",\"isPartOf\":{\"@id\":\"https:\/\/hobstop.ee\/lt\/#website\"},\"primaryImageOfPage\":{\"@id\":\"https:\/\/hobstop.ee\/lt\/produktas\/pakavimo-popierius-3120mino\/#primaryimage\"},\"image\":{\"@id\":\"https:\/\/hobstop.ee\/lt\/produktas\/pakavimo-popierius-3120mino\/#primaryimage\"},\"thumbnailUrl\":\"https:\/\/hobstop.ee\/media\/3908.jpg\",\"datePublished\":\"2015-07-31T23:26:07+00:00\",\"dateModified\":\"2015-07-31T23:26:07+00:00\",\"breadcrumb\":{\"@id\":\"https:\/\/hobstop.ee\/lt\/produktas\/pakavimo-popierius-3120mino\/#breadcrumb\"},\"inLanguage\":\"lt\",\"potentialAction\":[{\"@type\":\"ReadAction\",\"target\":[\"https:\/\/hobstop.ee\/lt\/produktas\/pakavimo-popierius-3120mino\/\"]}]},{\"@type\":\"ImageObject\",\"inLanguage\":\"lt\",\"@id\":\"https:\/\/hobstop.ee\/lt\/produktas\/pakavimo-popierius-3120mino\/#primaryimage\",\"url\":\"https:\/\/hobstop.ee\/media\/3908.jpg\",\"contentUrl\":\"https:\/\/hobstop.ee\/media\/3908.jpg\",\"width\":1024,\"height\":768},{\"@type\":\"BreadcrumbList\",\"@id\":\"https:\/\/hobstop.ee\/lt\/produktas\/pakavimo-popierius-3120mino\/#breadcrumb\",\"itemListElement\":[{\"@type\":\"ListItem\",\"position\":1,\"name\":\"Avaleht\",\"item\":\"https:\/\/hobstop.ee\/lt\/\"},{\"@type\":\"ListItem\",\"position\":2,\"name\":\"Parduotuv\u0117\",\"item\":\"https:\/\/hobstop.ee\/lt\/parduotuve\/\"},{\"@type\":\"ListItem\",\"position\":3,\"name\":\"Pakavimo popierius 3120mino\"}]},{\"@type\":\"WebSite\",\"@id\":\"https:\/\/hobstop.ee\/lt\/#website\",\"url\":\"https:\/\/hobstop.ee\/lt\/\",\"name\":\"Skizze\",\"description\":\"Dail\u0117s, pom\u0117gi\u0173 ir mokykliniai reikm\u0117nys\",\"publisher\":{\"@id\":\"https:\/\/hobstop.ee\/lt\/#organization\"},\"potentialAction\":[{\"@type\":\"SearchAction\",\"target\":{\"@type\":\"EntryPoint\",\"urlTemplate\":\"https:\/\/hobstop.ee\/lt\/?s={search_term_string}\"},\"query-input\":{\"@type\":\"PropertyValueSpecification\",\"valueRequired\":true,\"valueName\":\"search_term_string\"}}],\"inLanguage\":\"lt\"},{\"@type\":\"Organization\",\"@id\":\"https:\/\/hobstop.ee\/lt\/#organization\",\"name\":\"Vunder AS\",\"url\":\"https:\/\/hobstop.ee\/lt\/\",\"logo\":{\"@type\":\"ImageObject\",\"inLanguage\":\"lt\",\"@id\":\"https:\/\/hobstop.ee\/lt\/#\/schema\/logo\/image\/\",\"url\":\"https:\/\/hobstop.ee\/media\/vunder-logo.png\",\"contentUrl\":\"https:\/\/hobstop.ee\/media\/vunder-logo.png\",\"width\":127,\"height\":55,\"caption\":\"Vunder AS\"},\"image\":{\"@id\":\"https:\/\/hobstop.ee\/lt\/#\/schema\/logo\/image\/\"},\"sameAs\":[\"http:\/\/www.facebook.com\/VunderSkizze\"]}]}<\/script>\n<!-- \/ Yoast SEO plugin. -->","yoast_head_json":{"title":"Pakavimo popierius 3120mino &#8211; Skizze","robots":{"index":"noindex","follow":"follow","max-snippet":"max-snippet:-1","max-image-preview":"max-image-preview:large","max-video-preview":"max-video-preview:-1"},"og_locale":"lt_LT","og_type":"article","og_title":"Pakavimo popierius 3120mino &#8211; Skizze","og_description":"Rank\u0173 darbo popierius \u201e3120mino\u201c, kurio yra gamyboje yra naudojamas skaidrus Japonijos centrin\u0117je dalyje esan\u010dios Mino provincijos \u0161altini\u0173 vanduo, yra gaminamas laikantis 1300 met\u0173 senumo popieriaus gaminimo tradicij\u0173. Kiekvieno popieriaus lapo ry\u0161kios spalvos ir ornamentai yra spausdinami atskirai, naudojant \u0161ilkografijos technik\u0105. \u0160iurk\u0161tesn\u0117je pus\u0117je atspausta tekst\u016bra, spalvos ir ornamentai pasi\u017eymi ry\u0161kia fakt\u016bra. Tinka dovanoms pakuoti, knygoms aplenkti, fotoalbumams ir kitiems rankdarbiams.","og_url":"https:\/\/hobstop.ee\/lt\/produktas\/pakavimo-popierius-3120mino\/","og_site_name":"Skizze","article_publisher":"http:\/\/www.facebook.com\/VunderSkizze","og_image":[{"width":1024,"height":768,"url":"https:\/\/hobstop.ee\/media\/3908.jpg","type":"image\/jpeg"}],"twitter_card":"summary_large_image","schema":{"@context":"https:\/\/schema.org","@graph":[{"@type":"WebPage","@id":"https:\/\/hobstop.ee\/lt\/produktas\/pakavimo-popierius-3120mino\/","url":"https:\/\/hobstop.ee\/lt\/produktas\/pakavimo-popierius-3120mino\/","name":"Pakavimo popierius 3120mino &#8211; Skizze","isPartOf":{"@id":"https:\/\/hobstop.ee\/lt\/#website"},"primaryImageOfPage":{"@id":"https:\/\/hobstop.ee\/lt\/produktas\/pakavimo-popierius-3120mino\/#primaryimage"},"image":{"@id":"https:\/\/hobstop.ee\/lt\/produktas\/pakavimo-popierius-3120mino\/#primaryimage"},"thumbnailUrl":"https:\/\/hobstop.ee\/media\/3908.jpg","datePublished":"2015-07-31T23:26:07+00:00","dateModified":"2015-07-31T23:26:07+00:00","breadcrumb":{"@id":"https:\/\/hobstop.ee\/lt\/produktas\/pakavimo-popierius-3120mino\/#breadcrumb"},"inLanguage":"lt","potentialAction":[{"@type":"ReadAction","target":["https:\/\/hobstop.ee\/lt\/produktas\/pakavimo-popierius-3120mino\/"]}]},{"@type":"ImageObject","inLanguage":"lt","@id":"https:\/\/hobstop.ee\/lt\/produktas\/pakavimo-popierius-3120mino\/#primaryimage","url":"https:\/\/hobstop.ee\/media\/3908.jpg","contentUrl":"https:\/\/hobstop.ee\/media\/3908.jpg","width":1024,"height":768},{"@type":"BreadcrumbList","@id":"https:\/\/hobstop.ee\/lt\/produktas\/pakavimo-popierius-3120mino\/#breadcrumb","itemListElement":[{"@type":"ListItem","position":1,"name":"Avaleht","item":"https:\/\/hobstop.ee\/lt\/"},{"@type":"ListItem","position":2,"name":"Parduotuv\u0117","item":"https:\/\/hobstop.ee\/lt\/parduotuve\/"},{"@type":"ListItem","position":3,"name":"Pakavimo popierius 3120mino"}]},{"@type":"WebSite","@id":"https:\/\/hobstop.ee\/lt\/#website","url":"https:\/\/hobstop.ee\/lt\/","name":"Skizze","description":"Dail\u0117s, pom\u0117gi\u0173 ir mokykliniai reikm\u0117nys","publisher":{"@id":"https:\/\/hobstop.ee\/lt\/#organization"},"potentialAction":[{"@type":"SearchAction","target":{"@type":"EntryPoint","urlTemplate":"https:\/\/hobstop.ee\/lt\/?s={search_term_string}"},"query-input":{"@type":"PropertyValueSpecification","valueRequired":true,"valueName":"search_term_string"}}],"inLanguage":"lt"},{"@type":"Organization","@id":"https:\/\/hobstop.ee\/lt\/#organization","name":"Vunder AS","url":"https:\/\/hobstop.ee\/lt\/","logo":{"@type":"ImageObject","inLanguage":"lt","@id":"https:\/\/hobstop.ee\/lt\/#\/schema\/logo\/image\/","url":"https:\/\/hobstop.ee\/media\/vunder-logo.png","contentUrl":"https:\/\/hobstop.ee\/media\/vunder-logo.png","width":127,"height":55,"caption":"Vunder AS"},"image":{"@id":"https:\/\/hobstop.ee\/lt\/#\/schema\/logo\/image\/"},"sameAs":["http:\/\/www.facebook.com\/VunderSkizze"]}]}},"_links":{"self":[{"href":"https:\/\/hobstop.ee\/lt\/wp-json\/wp\/v2\/product\/185460","targetHints":{"allow":["GET"]}}],"collection":[{"href":"https:\/\/hobstop.ee\/lt\/wp-json\/wp\/v2\/product"}],"about":[{"href":"https:\/\/hobstop.ee\/lt\/wp-json\/wp\/v2\/types\/product"}],"replies":[{"embeddable":true,"href":"https:\/\/hobstop.ee\/lt\/wp-json\/wp\/v2\/comments?post=185460"}],"wp:featuredmedia":[{"embeddable":true,"href":"https:\/\/hobstop.ee\/lt\/wp-json\/wp\/v2\/media\/204508"}],"wp:attachment":[{"href":"https:\/\/hobstop.ee\/lt\/wp-json\/wp\/v2\/media?parent=185460"}],"wp:term":[{"taxonomy":"product_cat","embeddable":true,"href":"https:\/\/hobstop.ee\/lt\/wp-json\/wp\/v2\/product_cat?post=185460"},{"taxonomy":"product_tag","embeddable":true,"href":"https:\/\/hobstop.ee\/lt\/wp-json\/wp\/v2\/product_tag?post=185460"}],"curies":[{"name":"wp","href":"https:\/\/api.w.org\/{rel}","templated":true}]}}