{"id":185468,"date":"2015-08-01T02:26:34","date_gmt":"2015-07-31T23:26:34","guid":{"rendered":"http:\/\/vunder-ee.sn25.zone.eu\/lt\/product\/uzrasu-knygele-3120mino\/"},"modified":"2015-08-01T02:26:34","modified_gmt":"2015-07-31T23:26:34","slug":"uzrasu-knygele-3120mino","status":"publish","type":"product","link":"https:\/\/hobstop.ee\/lt\/produktas\/uzrasu-knygele-3120mino\/","title":{"rendered":"U\u017era\u0161\u0173 knygel\u0117 3120mino"},"content":{"rendered":"<p>\u012e \u0161i\u0105 u\u017era\u0161\u0173 knygut\u0119 galite sura\u0161yti savo mintis. Rank\u0173 darbo popierius \u201e3120mino\u201c, kurio yra gamyboje yra naudojamas skaidrus Japonijos centrin\u0117je dalyje esan\u010dios Mino provincijos \u0161altini\u0173 vanduo, yra gaminamas laikantis 1300 met\u0173 senumo popieriaus gaminimo tradicij\u0173. Visi u\u017era\u0161\u0173 knygut\u0117s lapai yra su vandens \u017eenklais. U\u017era\u0161\u0173 knygel\u0117 yra labai lengva. Lapai yra dviej\u0173 skirting\u0173 strukt\u016br\u0173, tod\u0117l juos galima naudoti pagal poreik\u012f. Viena pus\u0117 yra lygi \u2013 ant jos patogu ra\u0161yti tu\u0161inuku ar plunksnako\u010diu, kitoje, strukt\u016bri\u0161koje pus\u0117je tinka ra\u0161yti mink\u0161tu pie\u0161tuku ar pastele. Popierius yra lygus, be linij\u0173, tod\u0117l j\u012f galima panaudoti \u012fvairioms reikm\u0117ms.<\/p>\n","protected":false},"excerpt":{"rendered":"<p>\u012e \u0161i\u0105 u\u017era\u0161\u0173 knygut\u0119 galite sura\u0161yti savo mintis. Rank\u0173 darbo popierius \u201e3120mino\u201c, kurio yra gamyboje yra naudojamas skaidrus Japonijos centrin\u0117je dalyje esan\u010dios Mino provincijos \u0161altini\u0173 vanduo, yra gaminamas laikantis 1300 met\u0173 senumo popieriaus gaminimo tradicij\u0173. Visi u\u017era\u0161\u0173 knygut\u0117s lapai yra su vandens \u017eenklais. U\u017era\u0161\u0173 knygel\u0117 yra labai lengva. Lapai yra dviej\u0173 skirting\u0173 strukt\u016br\u0173, tod\u0117l juos galima naudoti pagal poreik\u012f. Viena pus\u0117 yra lygi \u2013 ant jos patogu ra\u0161yti tu\u0161inuku ar plunksnako\u010diu, kitoje, strukt\u016bri\u0161koje pus\u0117je tinka ra\u0161yti mink\u0161tu pie\u0161tuku ar pastele. Popierius yra lygus, be linij\u0173, tod\u0117l j\u012f galima panaudoti \u012fvairioms reikm\u0117ms.<\/p>\n","protected":false},"featured_media":0,"comment_status":"closed","ping_status":"closed","template":"","meta":{"_acf_changed":false,"ep_exclude_from_search":false},"product_cat":[18938,17922,18424],"product_tag":[],"class_list":{"0":"post-185468","1":"product","2":"type-product","3":"status-publish","5":"product_cat-biuras-4","6":"product_cat-popieriaus-prekes","7":"product_cat-uzrasu-knygutes","9":"first","10":"instock","11":"taxable","12":"shipping-taxable","13":"purchasable","14":"product-type-variable"},"acf":[],"yoast_head":"<!-- This site is optimized with the Yoast SEO plugin v24.1 - https:\/\/yoast.com\/wordpress\/plugins\/seo\/ -->\n<title>U\u017era\u0161\u0173 knygel\u0117 3120mino &#8211; Skizze<\/title>\n<meta name=\"robots\" content=\"noindex, follow, max-snippet:-1, max-image-preview:large, max-video-preview:-1\" \/>\n<meta property=\"og:locale\" content=\"lt_LT\" \/>\n<meta property=\"og:type\" content=\"article\" \/>\n<meta property=\"og:title\" content=\"U\u017era\u0161\u0173 knygel\u0117 3120mino &#8211; Skizze\" \/>\n<meta property=\"og:description\" content=\"\u012e \u0161i\u0105 u\u017era\u0161\u0173 knygut\u0119 galite sura\u0161yti savo mintis. Rank\u0173 darbo popierius \u201e3120mino\u201c, kurio yra gamyboje yra naudojamas skaidrus Japonijos centrin\u0117je dalyje esan\u010dios Mino provincijos \u0161altini\u0173 vanduo, yra gaminamas laikantis 1300 met\u0173 senumo popieriaus gaminimo tradicij\u0173. Visi u\u017era\u0161\u0173 knygut\u0117s lapai yra su vandens \u017eenklais. U\u017era\u0161\u0173 knygel\u0117 yra labai lengva. Lapai yra dviej\u0173 skirting\u0173 strukt\u016br\u0173, tod\u0117l juos galima naudoti pagal poreik\u012f. Viena pus\u0117 yra lygi \u2013 ant jos patogu ra\u0161yti tu\u0161inuku ar plunksnako\u010diu, kitoje, strukt\u016bri\u0161koje pus\u0117je tinka ra\u0161yti mink\u0161tu pie\u0161tuku ar pastele. Popierius yra lygus, be linij\u0173, tod\u0117l j\u012f galima panaudoti \u012fvairioms reikm\u0117ms.\" \/>\n<meta property=\"og:url\" content=\"https:\/\/hobstop.ee\/lt\/produktas\/uzrasu-knygele-3120mino\/\" \/>\n<meta property=\"og:site_name\" content=\"Skizze\" \/>\n<meta property=\"article:publisher\" content=\"http:\/\/www.facebook.com\/VunderSkizze\" \/>\n<meta name=\"twitter:card\" content=\"summary_large_image\" \/>\n<meta name=\"twitter:label1\" content=\"Est. reading time\" \/>\n\t<meta name=\"twitter:data1\" content=\"1 minute\" \/>\n<script type=\"application\/ld+json\" class=\"yoast-schema-graph\">{\"@context\":\"https:\/\/schema.org\",\"@graph\":[{\"@type\":\"WebPage\",\"@id\":\"https:\/\/hobstop.ee\/lt\/produktas\/uzrasu-knygele-3120mino\/\",\"url\":\"https:\/\/hobstop.ee\/lt\/produktas\/uzrasu-knygele-3120mino\/\",\"name\":\"U\u017era\u0161\u0173 knygel\u0117 3120mino &#8211; Skizze\",\"isPartOf\":{\"@id\":\"https:\/\/hobstop.ee\/lt\/#website\"},\"datePublished\":\"2015-07-31T23:26:34+00:00\",\"dateModified\":\"2015-07-31T23:26:34+00:00\",\"breadcrumb\":{\"@id\":\"https:\/\/hobstop.ee\/lt\/produktas\/uzrasu-knygele-3120mino\/#breadcrumb\"},\"inLanguage\":\"lt\",\"potentialAction\":[{\"@type\":\"ReadAction\",\"target\":[\"https:\/\/hobstop.ee\/lt\/produktas\/uzrasu-knygele-3120mino\/\"]}]},{\"@type\":\"BreadcrumbList\",\"@id\":\"https:\/\/hobstop.ee\/lt\/produktas\/uzrasu-knygele-3120mino\/#breadcrumb\",\"itemListElement\":[{\"@type\":\"ListItem\",\"position\":1,\"name\":\"Avaleht\",\"item\":\"https:\/\/hobstop.ee\/lt\/\"},{\"@type\":\"ListItem\",\"position\":2,\"name\":\"Parduotuv\u0117\",\"item\":\"https:\/\/hobstop.ee\/lt\/parduotuve\/\"},{\"@type\":\"ListItem\",\"position\":3,\"name\":\"U\u017era\u0161\u0173 knygel\u0117 3120mino\"}]},{\"@type\":\"WebSite\",\"@id\":\"https:\/\/hobstop.ee\/lt\/#website\",\"url\":\"https:\/\/hobstop.ee\/lt\/\",\"name\":\"Skizze\",\"description\":\"Dail\u0117s, pom\u0117gi\u0173 ir mokykliniai reikm\u0117nys\",\"publisher\":{\"@id\":\"https:\/\/hobstop.ee\/lt\/#organization\"},\"potentialAction\":[{\"@type\":\"SearchAction\",\"target\":{\"@type\":\"EntryPoint\",\"urlTemplate\":\"https:\/\/hobstop.ee\/lt\/?s={search_term_string}\"},\"query-input\":{\"@type\":\"PropertyValueSpecification\",\"valueRequired\":true,\"valueName\":\"search_term_string\"}}],\"inLanguage\":\"lt\"},{\"@type\":\"Organization\",\"@id\":\"https:\/\/hobstop.ee\/lt\/#organization\",\"name\":\"Vunder AS\",\"url\":\"https:\/\/hobstop.ee\/lt\/\",\"logo\":{\"@type\":\"ImageObject\",\"inLanguage\":\"lt\",\"@id\":\"https:\/\/hobstop.ee\/lt\/#\/schema\/logo\/image\/\",\"url\":\"https:\/\/hobstop.ee\/media\/vunder-logo.png\",\"contentUrl\":\"https:\/\/hobstop.ee\/media\/vunder-logo.png\",\"width\":127,\"height\":55,\"caption\":\"Vunder AS\"},\"image\":{\"@id\":\"https:\/\/hobstop.ee\/lt\/#\/schema\/logo\/image\/\"},\"sameAs\":[\"http:\/\/www.facebook.com\/VunderSkizze\"]}]}<\/script>\n<!-- \/ Yoast SEO plugin. -->","yoast_head_json":{"title":"U\u017era\u0161\u0173 knygel\u0117 3120mino &#8211; Skizze","robots":{"index":"noindex","follow":"follow","max-snippet":"max-snippet:-1","max-image-preview":"max-image-preview:large","max-video-preview":"max-video-preview:-1"},"og_locale":"lt_LT","og_type":"article","og_title":"U\u017era\u0161\u0173 knygel\u0117 3120mino &#8211; Skizze","og_description":"\u012e \u0161i\u0105 u\u017era\u0161\u0173 knygut\u0119 galite sura\u0161yti savo mintis. Rank\u0173 darbo popierius \u201e3120mino\u201c, kurio yra gamyboje yra naudojamas skaidrus Japonijos centrin\u0117je dalyje esan\u010dios Mino provincijos \u0161altini\u0173 vanduo, yra gaminamas laikantis 1300 met\u0173 senumo popieriaus gaminimo tradicij\u0173. Visi u\u017era\u0161\u0173 knygut\u0117s lapai yra su vandens \u017eenklais. U\u017era\u0161\u0173 knygel\u0117 yra labai lengva. Lapai yra dviej\u0173 skirting\u0173 strukt\u016br\u0173, tod\u0117l juos galima naudoti pagal poreik\u012f. Viena pus\u0117 yra lygi \u2013 ant jos patogu ra\u0161yti tu\u0161inuku ar plunksnako\u010diu, kitoje, strukt\u016bri\u0161koje pus\u0117je tinka ra\u0161yti mink\u0161tu pie\u0161tuku ar pastele. Popierius yra lygus, be linij\u0173, tod\u0117l j\u012f galima panaudoti \u012fvairioms reikm\u0117ms.","og_url":"https:\/\/hobstop.ee\/lt\/produktas\/uzrasu-knygele-3120mino\/","og_site_name":"Skizze","article_publisher":"http:\/\/www.facebook.com\/VunderSkizze","twitter_card":"summary_large_image","twitter_misc":{"Est. reading time":"1 minute"},"schema":{"@context":"https:\/\/schema.org","@graph":[{"@type":"WebPage","@id":"https:\/\/hobstop.ee\/lt\/produktas\/uzrasu-knygele-3120mino\/","url":"https:\/\/hobstop.ee\/lt\/produktas\/uzrasu-knygele-3120mino\/","name":"U\u017era\u0161\u0173 knygel\u0117 3120mino &#8211; Skizze","isPartOf":{"@id":"https:\/\/hobstop.ee\/lt\/#website"},"datePublished":"2015-07-31T23:26:34+00:00","dateModified":"2015-07-31T23:26:34+00:00","breadcrumb":{"@id":"https:\/\/hobstop.ee\/lt\/produktas\/uzrasu-knygele-3120mino\/#breadcrumb"},"inLanguage":"lt","potentialAction":[{"@type":"ReadAction","target":["https:\/\/hobstop.ee\/lt\/produktas\/uzrasu-knygele-3120mino\/"]}]},{"@type":"BreadcrumbList","@id":"https:\/\/hobstop.ee\/lt\/produktas\/uzrasu-knygele-3120mino\/#breadcrumb","itemListElement":[{"@type":"ListItem","position":1,"name":"Avaleht","item":"https:\/\/hobstop.ee\/lt\/"},{"@type":"ListItem","position":2,"name":"Parduotuv\u0117","item":"https:\/\/hobstop.ee\/lt\/parduotuve\/"},{"@type":"ListItem","position":3,"name":"U\u017era\u0161\u0173 knygel\u0117 3120mino"}]},{"@type":"WebSite","@id":"https:\/\/hobstop.ee\/lt\/#website","url":"https:\/\/hobstop.ee\/lt\/","name":"Skizze","description":"Dail\u0117s, pom\u0117gi\u0173 ir mokykliniai reikm\u0117nys","publisher":{"@id":"https:\/\/hobstop.ee\/lt\/#organization"},"potentialAction":[{"@type":"SearchAction","target":{"@type":"EntryPoint","urlTemplate":"https:\/\/hobstop.ee\/lt\/?s={search_term_string}"},"query-input":{"@type":"PropertyValueSpecification","valueRequired":true,"valueName":"search_term_string"}}],"inLanguage":"lt"},{"@type":"Organization","@id":"https:\/\/hobstop.ee\/lt\/#organization","name":"Vunder AS","url":"https:\/\/hobstop.ee\/lt\/","logo":{"@type":"ImageObject","inLanguage":"lt","@id":"https:\/\/hobstop.ee\/lt\/#\/schema\/logo\/image\/","url":"https:\/\/hobstop.ee\/media\/vunder-logo.png","contentUrl":"https:\/\/hobstop.ee\/media\/vunder-logo.png","width":127,"height":55,"caption":"Vunder AS"},"image":{"@id":"https:\/\/hobstop.ee\/lt\/#\/schema\/logo\/image\/"},"sameAs":["http:\/\/www.facebook.com\/VunderSkizze"]}]}},"_links":{"self":[{"href":"https:\/\/hobstop.ee\/lt\/wp-json\/wp\/v2\/product\/185468","targetHints":{"allow":["GET"]}}],"collection":[{"href":"https:\/\/hobstop.ee\/lt\/wp-json\/wp\/v2\/product"}],"about":[{"href":"https:\/\/hobstop.ee\/lt\/wp-json\/wp\/v2\/types\/product"}],"replies":[{"embeddable":true,"href":"https:\/\/hobstop.ee\/lt\/wp-json\/wp\/v2\/comments?post=185468"}],"wp:attachment":[{"href":"https:\/\/hobstop.ee\/lt\/wp-json\/wp\/v2\/media?parent=185468"}],"wp:term":[{"taxonomy":"product_cat","embeddable":true,"href":"https:\/\/hobstop.ee\/lt\/wp-json\/wp\/v2\/product_cat?post=185468"},{"taxonomy":"product_tag","embeddable":true,"href":"https:\/\/hobstop.ee\/lt\/wp-json\/wp\/v2\/product_tag?post=185468"}],"curies":[{"name":"wp","href":"https:\/\/api.w.org\/{rel}","templated":true}]}}