{"id":185480,"date":"2015-08-01T02:27:09","date_gmt":"2015-07-31T23:27:09","guid":{"rendered":"http:\/\/vunder-ee.sn25.zone.eu\/lt\/product\/parkeris-manuscript-trio\/"},"modified":"2015-08-01T02:27:09","modified_gmt":"2015-07-31T23:27:09","slug":"parkeris-manuscript-trio","status":"publish","type":"product","link":"https:\/\/hobstop.ee\/lt\/produktas\/parkeris-manuscript-trio\/","title":{"rendered":"Parkeris Manuscript Trio"},"content":{"rendered":"<p>Plunksnakotis \u201eItalic Trio\u201c. Ra\u0161ymui, pie\u0161imui plunksnako\u010diu ir pan. Plunksnakotis \u201eItalic Trio\u201c yra universalus ir patogus, kiekvienos dienos darbams skirtas ra\u0161iklis. Apvali forma palengvina ra\u0161ym\u0105 ir pie\u0161im\u0105, u\u017etikrina, kad linijos bus tolygios ir nenutr\u016bkstan\u010dios. Kursyvine \u201eTrio\u201c plunksna ra\u0161omas tekstas yra gra\u017eus ir kur kas geriau \u012fskaitomas. Trikamp\u0117 ergonomi\u0161ka plunksna yra patogi suimti, ne\u012ftempia rankos raumen\u0173 ir nevargina net ir po ilgo naudojimo.<\/p>\n<p>Komplekte yra:<br \/>\nErgonomi\u0161kas plunksnakotis \u201eItalic Trio\u201c (rinkinys)<br \/>\n1.1mm (vidutin\u0117) kursyvo plunksna<br \/>\n2 juodo ra\u0161alo kapsul\u0117s<br \/>\nPripildymo ir prie\u017ei\u016bros instrukcija (angl\u0173 kalba)<\/p>\n","protected":false},"excerpt":{"rendered":"<p>Plunksnakotis \u201eItalic Trio\u201c. Ra\u0161ymui, pie\u0161imui plunksnako\u010diu ir pan. Plunksnakotis \u201eItalic Trio\u201c yra universalus ir patogus, kiekvienos dienos darbams skirtas ra\u0161iklis. Apvali forma palengvina ra\u0161ym\u0105 ir pie\u0161im\u0105, u\u017etikrina, kad linijos bus tolygios ir nenutr\u016bkstan\u010dios. Kursyvine \u201eTrio\u201c plunksna ra\u0161omas tekstas yra gra\u017eus ir kur kas geriau \u012fskaitomas. Trikamp\u0117 ergonomi\u0161ka plunksna yra patogi suimti, ne\u012ftempia rankos raumen\u0173 ir nevargina net ir po ilgo naudojimo. Komplekte yra: Ergonomi\u0161kas plunksnakotis \u201eItalic Trio\u201c (rinkinys) 1.1mm (vidutin\u0117) kursyvo plunksna 2 juodo ra\u0161alo kapsul\u0117s Pripildymo ir prie\u017ei\u016bros instrukcija (angl\u0173 kalba)<\/p>\n","protected":false},"featured_media":204528,"comment_status":"closed","ping_status":"closed","template":"","meta":{"_acf_changed":false,"ep_exclude_from_search":false},"product_cat":[19777,17042],"product_tag":[],"class_list":{"0":"post-185480","1":"product","2":"type-product","3":"status-publish","4":"has-post-thumbnail","6":"product_cat-parkeriai-2","7":"product_cat-rasymo-priemones-2","9":"first","10":"instock","11":"sale","12":"taxable","13":"shipping-taxable","14":"purchasable","15":"product-type-variable"},"acf":[],"yoast_head":"<!-- This site is optimized with the Yoast SEO plugin v24.1 - https:\/\/yoast.com\/wordpress\/plugins\/seo\/ -->\n<title>Parkeris Manuscript Trio &#8211; Skizze<\/title>\n<meta name=\"robots\" content=\"noindex, follow, max-snippet:-1, max-image-preview:large, max-video-preview:-1\" \/>\n<meta property=\"og:locale\" content=\"lt_LT\" \/>\n<meta property=\"og:type\" content=\"article\" \/>\n<meta property=\"og:title\" content=\"Parkeris Manuscript Trio &#8211; Skizze\" \/>\n<meta property=\"og:description\" content=\"Plunksnakotis \u201eItalic Trio\u201c. Ra\u0161ymui, pie\u0161imui plunksnako\u010diu ir pan. Plunksnakotis \u201eItalic Trio\u201c yra universalus ir patogus, kiekvienos dienos darbams skirtas ra\u0161iklis. Apvali forma palengvina ra\u0161ym\u0105 ir pie\u0161im\u0105, u\u017etikrina, kad linijos bus tolygios ir nenutr\u016bkstan\u010dios. Kursyvine \u201eTrio\u201c plunksna ra\u0161omas tekstas yra gra\u017eus ir kur kas geriau \u012fskaitomas. Trikamp\u0117 ergonomi\u0161ka plunksna yra patogi suimti, ne\u012ftempia rankos raumen\u0173 ir nevargina net ir po ilgo naudojimo. Komplekte yra: Ergonomi\u0161kas plunksnakotis \u201eItalic Trio\u201c (rinkinys) 1.1mm (vidutin\u0117) kursyvo plunksna 2 juodo ra\u0161alo kapsul\u0117s Pripildymo ir prie\u017ei\u016bros instrukcija (angl\u0173 kalba)\" \/>\n<meta property=\"og:url\" content=\"https:\/\/hobstop.ee\/lt\/produktas\/parkeris-manuscript-trio\/\" \/>\n<meta property=\"og:site_name\" content=\"Skizze\" \/>\n<meta property=\"article:publisher\" content=\"http:\/\/www.facebook.com\/VunderSkizze\" \/>\n<meta property=\"og:image\" content=\"https:\/\/hobstop.ee\/media\/3913.jpg\" \/>\n\t<meta property=\"og:image:width\" content=\"1024\" \/>\n\t<meta property=\"og:image:height\" content=\"768\" \/>\n\t<meta property=\"og:image:type\" content=\"image\/jpeg\" \/>\n<meta name=\"twitter:card\" content=\"summary_large_image\" \/>\n<script type=\"application\/ld+json\" class=\"yoast-schema-graph\">{\"@context\":\"https:\/\/schema.org\",\"@graph\":[{\"@type\":\"WebPage\",\"@id\":\"https:\/\/hobstop.ee\/lt\/produktas\/parkeris-manuscript-trio\/\",\"url\":\"https:\/\/hobstop.ee\/lt\/produktas\/parkeris-manuscript-trio\/\",\"name\":\"Parkeris Manuscript Trio &#8211; Skizze\",\"isPartOf\":{\"@id\":\"https:\/\/hobstop.ee\/lt\/#website\"},\"primaryImageOfPage\":{\"@id\":\"https:\/\/hobstop.ee\/lt\/produktas\/parkeris-manuscript-trio\/#primaryimage\"},\"image\":{\"@id\":\"https:\/\/hobstop.ee\/lt\/produktas\/parkeris-manuscript-trio\/#primaryimage\"},\"thumbnailUrl\":\"https:\/\/hobstop.ee\/media\/3913.jpg\",\"datePublished\":\"2015-07-31T23:27:09+00:00\",\"dateModified\":\"2015-07-31T23:27:09+00:00\",\"breadcrumb\":{\"@id\":\"https:\/\/hobstop.ee\/lt\/produktas\/parkeris-manuscript-trio\/#breadcrumb\"},\"inLanguage\":\"lt\",\"potentialAction\":[{\"@type\":\"ReadAction\",\"target\":[\"https:\/\/hobstop.ee\/lt\/produktas\/parkeris-manuscript-trio\/\"]}]},{\"@type\":\"ImageObject\",\"inLanguage\":\"lt\",\"@id\":\"https:\/\/hobstop.ee\/lt\/produktas\/parkeris-manuscript-trio\/#primaryimage\",\"url\":\"https:\/\/hobstop.ee\/media\/3913.jpg\",\"contentUrl\":\"https:\/\/hobstop.ee\/media\/3913.jpg\",\"width\":1024,\"height\":768},{\"@type\":\"BreadcrumbList\",\"@id\":\"https:\/\/hobstop.ee\/lt\/produktas\/parkeris-manuscript-trio\/#breadcrumb\",\"itemListElement\":[{\"@type\":\"ListItem\",\"position\":1,\"name\":\"Avaleht\",\"item\":\"https:\/\/hobstop.ee\/lt\/\"},{\"@type\":\"ListItem\",\"position\":2,\"name\":\"Parduotuv\u0117\",\"item\":\"https:\/\/hobstop.ee\/lt\/parduotuve\/\"},{\"@type\":\"ListItem\",\"position\":3,\"name\":\"Parkeris Manuscript Trio\"}]},{\"@type\":\"WebSite\",\"@id\":\"https:\/\/hobstop.ee\/lt\/#website\",\"url\":\"https:\/\/hobstop.ee\/lt\/\",\"name\":\"Skizze\",\"description\":\"Dail\u0117s, pom\u0117gi\u0173 ir mokykliniai reikm\u0117nys\",\"publisher\":{\"@id\":\"https:\/\/hobstop.ee\/lt\/#organization\"},\"potentialAction\":[{\"@type\":\"SearchAction\",\"target\":{\"@type\":\"EntryPoint\",\"urlTemplate\":\"https:\/\/hobstop.ee\/lt\/?s={search_term_string}\"},\"query-input\":{\"@type\":\"PropertyValueSpecification\",\"valueRequired\":true,\"valueName\":\"search_term_string\"}}],\"inLanguage\":\"lt\"},{\"@type\":\"Organization\",\"@id\":\"https:\/\/hobstop.ee\/lt\/#organization\",\"name\":\"Vunder AS\",\"url\":\"https:\/\/hobstop.ee\/lt\/\",\"logo\":{\"@type\":\"ImageObject\",\"inLanguage\":\"lt\",\"@id\":\"https:\/\/hobstop.ee\/lt\/#\/schema\/logo\/image\/\",\"url\":\"https:\/\/hobstop.ee\/media\/vunder-logo.png\",\"contentUrl\":\"https:\/\/hobstop.ee\/media\/vunder-logo.png\",\"width\":127,\"height\":55,\"caption\":\"Vunder AS\"},\"image\":{\"@id\":\"https:\/\/hobstop.ee\/lt\/#\/schema\/logo\/image\/\"},\"sameAs\":[\"http:\/\/www.facebook.com\/VunderSkizze\"]}]}<\/script>\n<!-- \/ Yoast SEO plugin. -->","yoast_head_json":{"title":"Parkeris Manuscript Trio &#8211; Skizze","robots":{"index":"noindex","follow":"follow","max-snippet":"max-snippet:-1","max-image-preview":"max-image-preview:large","max-video-preview":"max-video-preview:-1"},"og_locale":"lt_LT","og_type":"article","og_title":"Parkeris Manuscript Trio &#8211; Skizze","og_description":"Plunksnakotis \u201eItalic Trio\u201c. Ra\u0161ymui, pie\u0161imui plunksnako\u010diu ir pan. Plunksnakotis \u201eItalic Trio\u201c yra universalus ir patogus, kiekvienos dienos darbams skirtas ra\u0161iklis. Apvali forma palengvina ra\u0161ym\u0105 ir pie\u0161im\u0105, u\u017etikrina, kad linijos bus tolygios ir nenutr\u016bkstan\u010dios. Kursyvine \u201eTrio\u201c plunksna ra\u0161omas tekstas yra gra\u017eus ir kur kas geriau \u012fskaitomas. Trikamp\u0117 ergonomi\u0161ka plunksna yra patogi suimti, ne\u012ftempia rankos raumen\u0173 ir nevargina net ir po ilgo naudojimo. Komplekte yra: Ergonomi\u0161kas plunksnakotis \u201eItalic Trio\u201c (rinkinys) 1.1mm (vidutin\u0117) kursyvo plunksna 2 juodo ra\u0161alo kapsul\u0117s Pripildymo ir prie\u017ei\u016bros instrukcija (angl\u0173 kalba)","og_url":"https:\/\/hobstop.ee\/lt\/produktas\/parkeris-manuscript-trio\/","og_site_name":"Skizze","article_publisher":"http:\/\/www.facebook.com\/VunderSkizze","og_image":[{"width":1024,"height":768,"url":"https:\/\/hobstop.ee\/media\/3913.jpg","type":"image\/jpeg"}],"twitter_card":"summary_large_image","schema":{"@context":"https:\/\/schema.org","@graph":[{"@type":"WebPage","@id":"https:\/\/hobstop.ee\/lt\/produktas\/parkeris-manuscript-trio\/","url":"https:\/\/hobstop.ee\/lt\/produktas\/parkeris-manuscript-trio\/","name":"Parkeris Manuscript Trio &#8211; Skizze","isPartOf":{"@id":"https:\/\/hobstop.ee\/lt\/#website"},"primaryImageOfPage":{"@id":"https:\/\/hobstop.ee\/lt\/produktas\/parkeris-manuscript-trio\/#primaryimage"},"image":{"@id":"https:\/\/hobstop.ee\/lt\/produktas\/parkeris-manuscript-trio\/#primaryimage"},"thumbnailUrl":"https:\/\/hobstop.ee\/media\/3913.jpg","datePublished":"2015-07-31T23:27:09+00:00","dateModified":"2015-07-31T23:27:09+00:00","breadcrumb":{"@id":"https:\/\/hobstop.ee\/lt\/produktas\/parkeris-manuscript-trio\/#breadcrumb"},"inLanguage":"lt","potentialAction":[{"@type":"ReadAction","target":["https:\/\/hobstop.ee\/lt\/produktas\/parkeris-manuscript-trio\/"]}]},{"@type":"ImageObject","inLanguage":"lt","@id":"https:\/\/hobstop.ee\/lt\/produktas\/parkeris-manuscript-trio\/#primaryimage","url":"https:\/\/hobstop.ee\/media\/3913.jpg","contentUrl":"https:\/\/hobstop.ee\/media\/3913.jpg","width":1024,"height":768},{"@type":"BreadcrumbList","@id":"https:\/\/hobstop.ee\/lt\/produktas\/parkeris-manuscript-trio\/#breadcrumb","itemListElement":[{"@type":"ListItem","position":1,"name":"Avaleht","item":"https:\/\/hobstop.ee\/lt\/"},{"@type":"ListItem","position":2,"name":"Parduotuv\u0117","item":"https:\/\/hobstop.ee\/lt\/parduotuve\/"},{"@type":"ListItem","position":3,"name":"Parkeris Manuscript Trio"}]},{"@type":"WebSite","@id":"https:\/\/hobstop.ee\/lt\/#website","url":"https:\/\/hobstop.ee\/lt\/","name":"Skizze","description":"Dail\u0117s, pom\u0117gi\u0173 ir mokykliniai reikm\u0117nys","publisher":{"@id":"https:\/\/hobstop.ee\/lt\/#organization"},"potentialAction":[{"@type":"SearchAction","target":{"@type":"EntryPoint","urlTemplate":"https:\/\/hobstop.ee\/lt\/?s={search_term_string}"},"query-input":{"@type":"PropertyValueSpecification","valueRequired":true,"valueName":"search_term_string"}}],"inLanguage":"lt"},{"@type":"Organization","@id":"https:\/\/hobstop.ee\/lt\/#organization","name":"Vunder AS","url":"https:\/\/hobstop.ee\/lt\/","logo":{"@type":"ImageObject","inLanguage":"lt","@id":"https:\/\/hobstop.ee\/lt\/#\/schema\/logo\/image\/","url":"https:\/\/hobstop.ee\/media\/vunder-logo.png","contentUrl":"https:\/\/hobstop.ee\/media\/vunder-logo.png","width":127,"height":55,"caption":"Vunder AS"},"image":{"@id":"https:\/\/hobstop.ee\/lt\/#\/schema\/logo\/image\/"},"sameAs":["http:\/\/www.facebook.com\/VunderSkizze"]}]}},"_links":{"self":[{"href":"https:\/\/hobstop.ee\/lt\/wp-json\/wp\/v2\/product\/185480","targetHints":{"allow":["GET"]}}],"collection":[{"href":"https:\/\/hobstop.ee\/lt\/wp-json\/wp\/v2\/product"}],"about":[{"href":"https:\/\/hobstop.ee\/lt\/wp-json\/wp\/v2\/types\/product"}],"replies":[{"embeddable":true,"href":"https:\/\/hobstop.ee\/lt\/wp-json\/wp\/v2\/comments?post=185480"}],"wp:featuredmedia":[{"embeddable":true,"href":"https:\/\/hobstop.ee\/lt\/wp-json\/wp\/v2\/media\/204528"}],"wp:attachment":[{"href":"https:\/\/hobstop.ee\/lt\/wp-json\/wp\/v2\/media?parent=185480"}],"wp:term":[{"taxonomy":"product_cat","embeddable":true,"href":"https:\/\/hobstop.ee\/lt\/wp-json\/wp\/v2\/product_cat?post=185480"},{"taxonomy":"product_tag","embeddable":true,"href":"https:\/\/hobstop.ee\/lt\/wp-json\/wp\/v2\/product_tag?post=185480"}],"curies":[{"name":"wp","href":"https:\/\/api.w.org\/{rel}","templated":true}]}}