{"id":185484,"date":"2015-08-01T02:27:20","date_gmt":"2015-07-31T23:27:20","guid":{"rendered":"http:\/\/vunder-ee.sn25.zone.eu\/lt\/product\/sausas-tusas-manuscript-kinu-kaligrafija\/"},"modified":"2015-08-01T02:27:20","modified_gmt":"2015-07-31T23:27:20","slug":"sausas-tusas-manuscript-kinu-kaligrafija","status":"publish","type":"product","link":"https:\/\/hobstop.ee\/lt\/produktas\/sausas-tusas-manuscript-kinu-kaligrafija\/","title":{"rendered":"Sausas tu\u0161as Manuscript Kin\u0173 kaligrafija"},"content":{"rendered":"<p>Kini\u0161kos tu\u0161o lazdel\u0117s yra da\u017enai puo\u0161iamos kin\u0173 simboliais \u2013 gyv\u016bnais, vabzd\u017eiais ar kokiais nors daiktais. Kieto tu\u0161o lazdel\u0117s yra pagamintos i\u0161 suod\u017ei\u0173 ir gyv\u016bnini\u0173 klij\u0173, pagamint\u0173 i\u0161 jau\u010dio odos ir kremzli\u0173, mi\u0161inio. Lazdeles mai\u0161ant su vandeniu galima i\u0161gauti gausyb\u0119 atspalvi\u0173. Kuo daugiau lazdel\u0117s \u012ftarkuosite \u012f vanden\u012f, tuo tamsesnis bus pigmentas. Naudoti su tu\u0161o akmeniu.<\/p>\n","protected":false},"excerpt":{"rendered":"<p>Kini\u0161kos tu\u0161o lazdel\u0117s yra da\u017enai puo\u0161iamos kin\u0173 simboliais \u2013 gyv\u016bnais, vabzd\u017eiais ar kokiais nors daiktais. Kieto tu\u0161o lazdel\u0117s yra pagamintos i\u0161 suod\u017ei\u0173 ir gyv\u016bnini\u0173 klij\u0173, pagamint\u0173 i\u0161 jau\u010dio odos ir kremzli\u0173, mi\u0161inio. Lazdeles mai\u0161ant su vandeniu galima i\u0161gauti gausyb\u0119 atspalvi\u0173. Kuo daugiau lazdel\u0117s \u012ftarkuosite \u012f vanden\u012f, tuo tamsesnis bus pigmentas. Naudoti su tu\u0161o akmeniu.<\/p>\n","protected":false},"featured_media":204532,"comment_status":"closed","ping_status":"closed","template":"","meta":{"_acf_changed":false,"ep_exclude_from_search":false},"product_cat":[16124,14880,18342],"product_tag":[],"class_list":{"0":"post-185484","1":"product","2":"type-product","3":"status-publish","4":"has-post-thumbnail","6":"product_cat-dailes-prekes","7":"product_cat-kiirkoitjad","8":"product_cat-tusai","10":"first","11":"outofstock","12":"sale","13":"taxable","14":"shipping-taxable","15":"purchasable","16":"product-type-variable"},"acf":[],"yoast_head":"<!-- This site is optimized with the Yoast SEO plugin v24.1 - https:\/\/yoast.com\/wordpress\/plugins\/seo\/ -->\n<title>Sausas tu\u0161as Manuscript Kin\u0173 kaligrafija &#8211; Skizze<\/title>\n<meta name=\"robots\" content=\"noindex, follow, max-snippet:-1, max-image-preview:large, max-video-preview:-1\" \/>\n<meta property=\"og:locale\" content=\"lt_LT\" \/>\n<meta property=\"og:type\" content=\"article\" \/>\n<meta property=\"og:title\" content=\"Sausas tu\u0161as Manuscript Kin\u0173 kaligrafija &#8211; Skizze\" \/>\n<meta property=\"og:description\" content=\"Kini\u0161kos tu\u0161o lazdel\u0117s yra da\u017enai puo\u0161iamos kin\u0173 simboliais \u2013 gyv\u016bnais, vabzd\u017eiais ar kokiais nors daiktais. Kieto tu\u0161o lazdel\u0117s yra pagamintos i\u0161 suod\u017ei\u0173 ir gyv\u016bnini\u0173 klij\u0173, pagamint\u0173 i\u0161 jau\u010dio odos ir kremzli\u0173, mi\u0161inio. Lazdeles mai\u0161ant su vandeniu galima i\u0161gauti gausyb\u0119 atspalvi\u0173. Kuo daugiau lazdel\u0117s \u012ftarkuosite \u012f vanden\u012f, tuo tamsesnis bus pigmentas. Naudoti su tu\u0161o akmeniu.\" \/>\n<meta property=\"og:url\" content=\"https:\/\/hobstop.ee\/lt\/produktas\/sausas-tusas-manuscript-kinu-kaligrafija\/\" \/>\n<meta property=\"og:site_name\" content=\"Skizze\" \/>\n<meta property=\"article:publisher\" content=\"http:\/\/www.facebook.com\/VunderSkizze\" \/>\n<meta property=\"og:image\" content=\"https:\/\/hobstop.ee\/media\/3915.JPG\" \/>\n\t<meta property=\"og:image:width\" content=\"1024\" \/>\n\t<meta property=\"og:image:height\" content=\"768\" \/>\n\t<meta property=\"og:image:type\" content=\"image\/jpeg\" \/>\n<meta name=\"twitter:card\" content=\"summary_large_image\" \/>\n<script type=\"application\/ld+json\" class=\"yoast-schema-graph\">{\"@context\":\"https:\/\/schema.org\",\"@graph\":[{\"@type\":\"WebPage\",\"@id\":\"https:\/\/hobstop.ee\/lt\/produktas\/sausas-tusas-manuscript-kinu-kaligrafija\/\",\"url\":\"https:\/\/hobstop.ee\/lt\/produktas\/sausas-tusas-manuscript-kinu-kaligrafija\/\",\"name\":\"Sausas tu\u0161as Manuscript Kin\u0173 kaligrafija &#8211; Skizze\",\"isPartOf\":{\"@id\":\"https:\/\/hobstop.ee\/lt\/#website\"},\"primaryImageOfPage\":{\"@id\":\"https:\/\/hobstop.ee\/lt\/produktas\/sausas-tusas-manuscript-kinu-kaligrafija\/#primaryimage\"},\"image\":{\"@id\":\"https:\/\/hobstop.ee\/lt\/produktas\/sausas-tusas-manuscript-kinu-kaligrafija\/#primaryimage\"},\"thumbnailUrl\":\"https:\/\/hobstop.ee\/media\/3915.JPG\",\"datePublished\":\"2015-07-31T23:27:20+00:00\",\"dateModified\":\"2015-07-31T23:27:20+00:00\",\"breadcrumb\":{\"@id\":\"https:\/\/hobstop.ee\/lt\/produktas\/sausas-tusas-manuscript-kinu-kaligrafija\/#breadcrumb\"},\"inLanguage\":\"lt\",\"potentialAction\":[{\"@type\":\"ReadAction\",\"target\":[\"https:\/\/hobstop.ee\/lt\/produktas\/sausas-tusas-manuscript-kinu-kaligrafija\/\"]}]},{\"@type\":\"ImageObject\",\"inLanguage\":\"lt\",\"@id\":\"https:\/\/hobstop.ee\/lt\/produktas\/sausas-tusas-manuscript-kinu-kaligrafija\/#primaryimage\",\"url\":\"https:\/\/hobstop.ee\/media\/3915.JPG\",\"contentUrl\":\"https:\/\/hobstop.ee\/media\/3915.JPG\",\"width\":1024,\"height\":768},{\"@type\":\"BreadcrumbList\",\"@id\":\"https:\/\/hobstop.ee\/lt\/produktas\/sausas-tusas-manuscript-kinu-kaligrafija\/#breadcrumb\",\"itemListElement\":[{\"@type\":\"ListItem\",\"position\":1,\"name\":\"Avaleht\",\"item\":\"https:\/\/hobstop.ee\/lt\/\"},{\"@type\":\"ListItem\",\"position\":2,\"name\":\"Parduotuv\u0117\",\"item\":\"https:\/\/hobstop.ee\/lt\/parduotuve\/\"},{\"@type\":\"ListItem\",\"position\":3,\"name\":\"Sausas tu\u0161as Manuscript Kin\u0173 kaligrafija\"}]},{\"@type\":\"WebSite\",\"@id\":\"https:\/\/hobstop.ee\/lt\/#website\",\"url\":\"https:\/\/hobstop.ee\/lt\/\",\"name\":\"Skizze\",\"description\":\"Dail\u0117s, pom\u0117gi\u0173 ir mokykliniai reikm\u0117nys\",\"publisher\":{\"@id\":\"https:\/\/hobstop.ee\/lt\/#organization\"},\"potentialAction\":[{\"@type\":\"SearchAction\",\"target\":{\"@type\":\"EntryPoint\",\"urlTemplate\":\"https:\/\/hobstop.ee\/lt\/?s={search_term_string}\"},\"query-input\":{\"@type\":\"PropertyValueSpecification\",\"valueRequired\":true,\"valueName\":\"search_term_string\"}}],\"inLanguage\":\"lt\"},{\"@type\":\"Organization\",\"@id\":\"https:\/\/hobstop.ee\/lt\/#organization\",\"name\":\"Vunder AS\",\"url\":\"https:\/\/hobstop.ee\/lt\/\",\"logo\":{\"@type\":\"ImageObject\",\"inLanguage\":\"lt\",\"@id\":\"https:\/\/hobstop.ee\/lt\/#\/schema\/logo\/image\/\",\"url\":\"https:\/\/hobstop.ee\/media\/vunder-logo.png\",\"contentUrl\":\"https:\/\/hobstop.ee\/media\/vunder-logo.png\",\"width\":127,\"height\":55,\"caption\":\"Vunder AS\"},\"image\":{\"@id\":\"https:\/\/hobstop.ee\/lt\/#\/schema\/logo\/image\/\"},\"sameAs\":[\"http:\/\/www.facebook.com\/VunderSkizze\"]}]}<\/script>\n<!-- \/ Yoast SEO plugin. -->","yoast_head_json":{"title":"Sausas tu\u0161as Manuscript Kin\u0173 kaligrafija &#8211; Skizze","robots":{"index":"noindex","follow":"follow","max-snippet":"max-snippet:-1","max-image-preview":"max-image-preview:large","max-video-preview":"max-video-preview:-1"},"og_locale":"lt_LT","og_type":"article","og_title":"Sausas tu\u0161as Manuscript Kin\u0173 kaligrafija &#8211; Skizze","og_description":"Kini\u0161kos tu\u0161o lazdel\u0117s yra da\u017enai puo\u0161iamos kin\u0173 simboliais \u2013 gyv\u016bnais, vabzd\u017eiais ar kokiais nors daiktais. Kieto tu\u0161o lazdel\u0117s yra pagamintos i\u0161 suod\u017ei\u0173 ir gyv\u016bnini\u0173 klij\u0173, pagamint\u0173 i\u0161 jau\u010dio odos ir kremzli\u0173, mi\u0161inio. Lazdeles mai\u0161ant su vandeniu galima i\u0161gauti gausyb\u0119 atspalvi\u0173. Kuo daugiau lazdel\u0117s \u012ftarkuosite \u012f vanden\u012f, tuo tamsesnis bus pigmentas. Naudoti su tu\u0161o akmeniu.","og_url":"https:\/\/hobstop.ee\/lt\/produktas\/sausas-tusas-manuscript-kinu-kaligrafija\/","og_site_name":"Skizze","article_publisher":"http:\/\/www.facebook.com\/VunderSkizze","og_image":[{"width":1024,"height":768,"url":"https:\/\/hobstop.ee\/media\/3915.JPG","type":"image\/jpeg"}],"twitter_card":"summary_large_image","schema":{"@context":"https:\/\/schema.org","@graph":[{"@type":"WebPage","@id":"https:\/\/hobstop.ee\/lt\/produktas\/sausas-tusas-manuscript-kinu-kaligrafija\/","url":"https:\/\/hobstop.ee\/lt\/produktas\/sausas-tusas-manuscript-kinu-kaligrafija\/","name":"Sausas tu\u0161as Manuscript Kin\u0173 kaligrafija &#8211; Skizze","isPartOf":{"@id":"https:\/\/hobstop.ee\/lt\/#website"},"primaryImageOfPage":{"@id":"https:\/\/hobstop.ee\/lt\/produktas\/sausas-tusas-manuscript-kinu-kaligrafija\/#primaryimage"},"image":{"@id":"https:\/\/hobstop.ee\/lt\/produktas\/sausas-tusas-manuscript-kinu-kaligrafija\/#primaryimage"},"thumbnailUrl":"https:\/\/hobstop.ee\/media\/3915.JPG","datePublished":"2015-07-31T23:27:20+00:00","dateModified":"2015-07-31T23:27:20+00:00","breadcrumb":{"@id":"https:\/\/hobstop.ee\/lt\/produktas\/sausas-tusas-manuscript-kinu-kaligrafija\/#breadcrumb"},"inLanguage":"lt","potentialAction":[{"@type":"ReadAction","target":["https:\/\/hobstop.ee\/lt\/produktas\/sausas-tusas-manuscript-kinu-kaligrafija\/"]}]},{"@type":"ImageObject","inLanguage":"lt","@id":"https:\/\/hobstop.ee\/lt\/produktas\/sausas-tusas-manuscript-kinu-kaligrafija\/#primaryimage","url":"https:\/\/hobstop.ee\/media\/3915.JPG","contentUrl":"https:\/\/hobstop.ee\/media\/3915.JPG","width":1024,"height":768},{"@type":"BreadcrumbList","@id":"https:\/\/hobstop.ee\/lt\/produktas\/sausas-tusas-manuscript-kinu-kaligrafija\/#breadcrumb","itemListElement":[{"@type":"ListItem","position":1,"name":"Avaleht","item":"https:\/\/hobstop.ee\/lt\/"},{"@type":"ListItem","position":2,"name":"Parduotuv\u0117","item":"https:\/\/hobstop.ee\/lt\/parduotuve\/"},{"@type":"ListItem","position":3,"name":"Sausas tu\u0161as Manuscript Kin\u0173 kaligrafija"}]},{"@type":"WebSite","@id":"https:\/\/hobstop.ee\/lt\/#website","url":"https:\/\/hobstop.ee\/lt\/","name":"Skizze","description":"Dail\u0117s, pom\u0117gi\u0173 ir mokykliniai reikm\u0117nys","publisher":{"@id":"https:\/\/hobstop.ee\/lt\/#organization"},"potentialAction":[{"@type":"SearchAction","target":{"@type":"EntryPoint","urlTemplate":"https:\/\/hobstop.ee\/lt\/?s={search_term_string}"},"query-input":{"@type":"PropertyValueSpecification","valueRequired":true,"valueName":"search_term_string"}}],"inLanguage":"lt"},{"@type":"Organization","@id":"https:\/\/hobstop.ee\/lt\/#organization","name":"Vunder AS","url":"https:\/\/hobstop.ee\/lt\/","logo":{"@type":"ImageObject","inLanguage":"lt","@id":"https:\/\/hobstop.ee\/lt\/#\/schema\/logo\/image\/","url":"https:\/\/hobstop.ee\/media\/vunder-logo.png","contentUrl":"https:\/\/hobstop.ee\/media\/vunder-logo.png","width":127,"height":55,"caption":"Vunder AS"},"image":{"@id":"https:\/\/hobstop.ee\/lt\/#\/schema\/logo\/image\/"},"sameAs":["http:\/\/www.facebook.com\/VunderSkizze"]}]}},"_links":{"self":[{"href":"https:\/\/hobstop.ee\/lt\/wp-json\/wp\/v2\/product\/185484","targetHints":{"allow":["GET"]}}],"collection":[{"href":"https:\/\/hobstop.ee\/lt\/wp-json\/wp\/v2\/product"}],"about":[{"href":"https:\/\/hobstop.ee\/lt\/wp-json\/wp\/v2\/types\/product"}],"replies":[{"embeddable":true,"href":"https:\/\/hobstop.ee\/lt\/wp-json\/wp\/v2\/comments?post=185484"}],"wp:featuredmedia":[{"embeddable":true,"href":"https:\/\/hobstop.ee\/lt\/wp-json\/wp\/v2\/media\/204532"}],"wp:attachment":[{"href":"https:\/\/hobstop.ee\/lt\/wp-json\/wp\/v2\/media?parent=185484"}],"wp:term":[{"taxonomy":"product_cat","embeddable":true,"href":"https:\/\/hobstop.ee\/lt\/wp-json\/wp\/v2\/product_cat?post=185484"},{"taxonomy":"product_tag","embeddable":true,"href":"https:\/\/hobstop.ee\/lt\/wp-json\/wp\/v2\/product_tag?post=185484"}],"curies":[{"name":"wp","href":"https:\/\/api.w.org\/{rel}","templated":true}]}}