{"id":196308,"date":"2014-11-07T11:42:43","date_gmt":"2015-08-01T11:29:10","guid":{"rendered":"http:\/\/vunder-ee.sn25.zone.eu\/lt\/product\/batikos-dazai-marabu-easycolor-25g-2\/"},"modified":"2015-08-01T14:29:10","modified_gmt":"2015-08-01T11:29:10","slug":"batikos-dazai-marabu-easycolor","status":"publish","type":"product","link":"https:\/\/hobstop.ee\/lt\/produktas\/batikos-dazai-marabu-easycolor\/","title":{"rendered":"Batikos da\u017eai Marabu EasyColor"},"content":{"rendered":"<p>Da\u017eai \u201eMarabu Easy Color\u201c puikiai tinka audiniams da\u017eyti, taip ir batikos b\u016bdu, mokyklose, meno b\u016breliuose, laisvalaikiu ir pan. Jais galima da\u017eyti medviln\u0119, lin\u0105, \u0161ilk\u0105, viskoz\u0119 ir mi\u0161rios sud\u0117ties audinius (kuriuose yra ne daugiau kaip 20 proc. sintetikos), tinka ir ry\u017ei\u0173 popieriui da\u017eyti. Nei\u0161blunkantys. Pakuot\u0117je esan\u010di\u0173 da\u017e\u0173 pakanka 150 g audinio nuda\u017eyti ry\u0161kia spalva. Vidutinio ry\u0161kumo ir \u0161velnia spalva da\u017eai nuda\u017eo 300 g audinio. Paruo\u0161t\u0105 da\u017e\u0173 tirpal\u0105 galima laikyti kelias dienas, ta\u010diau prie\u0161 da\u017eant j\u012f reikia pa\u0161ildyti. Da\u017eais \u201eMarabu Easy Color\u201c nuda\u017eyti audiniai n\u0117ra atspar\u016bs kar\u0161tam vandeniui, tod\u0117l da\u017enai skalbiant audiniai i\u0161blunka. Kad skalbiami audiniai nei\u0161blukt\u0173, patartina naudoti da\u017e\u0173 fiksavimo priemon\u0119.<\/p>\n","protected":false},"excerpt":{"rendered":"<p>Da\u017eai \u201eMarabu Easy Color\u201c puikiai tinka audiniams da\u017eyti, taip ir batikos b\u016bdu, mokyklose, meno b\u016breliuose, laisvalaikiu ir pan. Jais galima da\u017eyti medviln\u0119, lin\u0105, \u0161ilk\u0105, viskoz\u0119 ir mi\u0161rios sud\u0117ties audinius (kuriuose yra ne daugiau kaip 20 proc. sintetikos), tinka ir ry\u017ei\u0173 popieriui da\u017eyti. Nei\u0161blunkantys. Pakuot\u0117je esan\u010di\u0173 da\u017e\u0173 pakanka 150 g audinio nuda\u017eyti ry\u0161kia spalva. Vidutinio ry\u0161kumo ir \u0161velnia spalva da\u017eai nuda\u017eo 300 g audinio. Paruo\u0161t\u0105 da\u017e\u0173 tirpal\u0105 galima laikyti kelias dienas, ta\u010diau prie\u0161 da\u017eant j\u012f reikia pa\u0161ildyti. Da\u017eais \u201eMarabu Easy Color\u201c nuda\u017eyti audiniai n\u0117ra atspar\u016bs kar\u0161tam vandeniui, tod\u0117l da\u017enai skalbiant audiniai i\u0161blunka. Kad skalbiami audiniai nei\u0161blukt\u0173, patartina naudoti da\u017e\u0173 fiksavimo priemon\u0119.<\/p>\n","protected":false},"featured_media":352712,"comment_status":"closed","ping_status":"closed","template":"","meta":{"_acf_changed":false,"ep_exclude_from_search":false},"product_cat":[17919,14893,18213],"product_tag":[],"class_list":{"0":"post-196308","1":"product","2":"type-product","3":"status-publish","4":"has-post-thumbnail","6":"product_cat-pomegiu-prekes","7":"product_cat-tekstilei","8":"product_cat-tekstiles-dazai","9":"pa_kma-2008","10":"pa_kma-2012","12":"first","13":"instock","14":"taxable","15":"shipping-taxable","16":"purchasable","17":"product-type-variable"},"acf":[],"yoast_head":"<!-- This site is optimized with the Yoast SEO plugin v24.1 - https:\/\/yoast.com\/wordpress\/plugins\/seo\/ -->\n<title>Batikos da\u017eai Marabu EasyColor &#8211; Skizze<\/title>\n<meta name=\"robots\" content=\"noindex, follow, max-snippet:-1, max-image-preview:large, max-video-preview:-1\" \/>\n<meta property=\"og:locale\" content=\"lt_LT\" \/>\n<meta property=\"og:type\" content=\"article\" \/>\n<meta property=\"og:title\" content=\"Batikos da\u017eai Marabu EasyColor &#8211; Skizze\" \/>\n<meta property=\"og:description\" content=\"Da\u017eai \u201eMarabu Easy Color\u201c puikiai tinka audiniams da\u017eyti, taip ir batikos b\u016bdu, mokyklose, meno b\u016breliuose, laisvalaikiu ir pan. Jais galima da\u017eyti medviln\u0119, lin\u0105, \u0161ilk\u0105, viskoz\u0119 ir mi\u0161rios sud\u0117ties audinius (kuriuose yra ne daugiau kaip 20 proc. sintetikos), tinka ir ry\u017ei\u0173 popieriui da\u017eyti. Nei\u0161blunkantys. Pakuot\u0117je esan\u010di\u0173 da\u017e\u0173 pakanka 150 g audinio nuda\u017eyti ry\u0161kia spalva. Vidutinio ry\u0161kumo ir \u0161velnia spalva da\u017eai nuda\u017eo 300 g audinio. Paruo\u0161t\u0105 da\u017e\u0173 tirpal\u0105 galima laikyti kelias dienas, ta\u010diau prie\u0161 da\u017eant j\u012f reikia pa\u0161ildyti. Da\u017eais \u201eMarabu Easy Color\u201c nuda\u017eyti audiniai n\u0117ra atspar\u016bs kar\u0161tam vandeniui, tod\u0117l da\u017enai skalbiant audiniai i\u0161blunka. Kad skalbiami audiniai nei\u0161blukt\u0173, patartina naudoti da\u017e\u0173 fiksavimo priemon\u0119.\" \/>\n<meta property=\"og:url\" content=\"https:\/\/hobstop.ee\/lt\/produktas\/batikos-dazai-marabu-easycolor\/\" \/>\n<meta property=\"og:site_name\" content=\"Skizze\" \/>\n<meta property=\"article:publisher\" content=\"http:\/\/www.facebook.com\/VunderSkizze\" \/>\n<meta property=\"og:image\" content=\"https:\/\/hobstop.ee\/media\/135.jpg\" \/>\n\t<meta property=\"og:image:width\" content=\"1024\" \/>\n\t<meta property=\"og:image:height\" content=\"768\" \/>\n\t<meta property=\"og:image:type\" content=\"image\/jpeg\" \/>\n<meta name=\"twitter:card\" content=\"summary_large_image\" \/>\n<meta name=\"twitter:label1\" content=\"Est. reading time\" \/>\n\t<meta name=\"twitter:data1\" content=\"1 minute\" \/>\n<script type=\"application\/ld+json\" class=\"yoast-schema-graph\">{\"@context\":\"https:\/\/schema.org\",\"@graph\":[{\"@type\":\"WebPage\",\"@id\":\"https:\/\/hobstop.ee\/lt\/produktas\/batikos-dazai-marabu-easycolor\/\",\"url\":\"https:\/\/hobstop.ee\/lt\/produktas\/batikos-dazai-marabu-easycolor\/\",\"name\":\"Batikos da\u017eai Marabu EasyColor &#8211; Skizze\",\"isPartOf\":{\"@id\":\"https:\/\/hobstop.ee\/lt\/#website\"},\"primaryImageOfPage\":{\"@id\":\"https:\/\/hobstop.ee\/lt\/produktas\/batikos-dazai-marabu-easycolor\/#primaryimage\"},\"image\":{\"@id\":\"https:\/\/hobstop.ee\/lt\/produktas\/batikos-dazai-marabu-easycolor\/#primaryimage\"},\"thumbnailUrl\":\"https:\/\/hobstop.ee\/media\/135.jpg\",\"datePublished\":\"2015-08-01T11:29:10+00:00\",\"dateModified\":\"2015-08-01T11:29:10+00:00\",\"breadcrumb\":{\"@id\":\"https:\/\/hobstop.ee\/lt\/produktas\/batikos-dazai-marabu-easycolor\/#breadcrumb\"},\"inLanguage\":\"lt\",\"potentialAction\":[{\"@type\":\"ReadAction\",\"target\":[\"https:\/\/hobstop.ee\/lt\/produktas\/batikos-dazai-marabu-easycolor\/\"]}]},{\"@type\":\"ImageObject\",\"inLanguage\":\"lt\",\"@id\":\"https:\/\/hobstop.ee\/lt\/produktas\/batikos-dazai-marabu-easycolor\/#primaryimage\",\"url\":\"https:\/\/hobstop.ee\/media\/135.jpg\",\"contentUrl\":\"https:\/\/hobstop.ee\/media\/135.jpg\",\"width\":1024,\"height\":768},{\"@type\":\"BreadcrumbList\",\"@id\":\"https:\/\/hobstop.ee\/lt\/produktas\/batikos-dazai-marabu-easycolor\/#breadcrumb\",\"itemListElement\":[{\"@type\":\"ListItem\",\"position\":1,\"name\":\"Avaleht\",\"item\":\"https:\/\/hobstop.ee\/lt\/\"},{\"@type\":\"ListItem\",\"position\":2,\"name\":\"Parduotuv\u0117\",\"item\":\"https:\/\/hobstop.ee\/lt\/parduotuve\/\"},{\"@type\":\"ListItem\",\"position\":3,\"name\":\"Batikos da\u017eai Marabu EasyColor\"}]},{\"@type\":\"WebSite\",\"@id\":\"https:\/\/hobstop.ee\/lt\/#website\",\"url\":\"https:\/\/hobstop.ee\/lt\/\",\"name\":\"Skizze\",\"description\":\"Dail\u0117s, pom\u0117gi\u0173 ir mokykliniai reikm\u0117nys\",\"publisher\":{\"@id\":\"https:\/\/hobstop.ee\/lt\/#organization\"},\"potentialAction\":[{\"@type\":\"SearchAction\",\"target\":{\"@type\":\"EntryPoint\",\"urlTemplate\":\"https:\/\/hobstop.ee\/lt\/?s={search_term_string}\"},\"query-input\":{\"@type\":\"PropertyValueSpecification\",\"valueRequired\":true,\"valueName\":\"search_term_string\"}}],\"inLanguage\":\"lt\"},{\"@type\":\"Organization\",\"@id\":\"https:\/\/hobstop.ee\/lt\/#organization\",\"name\":\"Vunder AS\",\"url\":\"https:\/\/hobstop.ee\/lt\/\",\"logo\":{\"@type\":\"ImageObject\",\"inLanguage\":\"lt\",\"@id\":\"https:\/\/hobstop.ee\/lt\/#\/schema\/logo\/image\/\",\"url\":\"https:\/\/hobstop.ee\/media\/vunder-logo.png\",\"contentUrl\":\"https:\/\/hobstop.ee\/media\/vunder-logo.png\",\"width\":127,\"height\":55,\"caption\":\"Vunder AS\"},\"image\":{\"@id\":\"https:\/\/hobstop.ee\/lt\/#\/schema\/logo\/image\/\"},\"sameAs\":[\"http:\/\/www.facebook.com\/VunderSkizze\"]}]}<\/script>\n<!-- \/ Yoast SEO plugin. -->","yoast_head_json":{"title":"Batikos da\u017eai Marabu EasyColor &#8211; Skizze","robots":{"index":"noindex","follow":"follow","max-snippet":"max-snippet:-1","max-image-preview":"max-image-preview:large","max-video-preview":"max-video-preview:-1"},"og_locale":"lt_LT","og_type":"article","og_title":"Batikos da\u017eai Marabu EasyColor &#8211; Skizze","og_description":"Da\u017eai \u201eMarabu Easy Color\u201c puikiai tinka audiniams da\u017eyti, taip ir batikos b\u016bdu, mokyklose, meno b\u016breliuose, laisvalaikiu ir pan. Jais galima da\u017eyti medviln\u0119, lin\u0105, \u0161ilk\u0105, viskoz\u0119 ir mi\u0161rios sud\u0117ties audinius (kuriuose yra ne daugiau kaip 20 proc. sintetikos), tinka ir ry\u017ei\u0173 popieriui da\u017eyti. Nei\u0161blunkantys. Pakuot\u0117je esan\u010di\u0173 da\u017e\u0173 pakanka 150 g audinio nuda\u017eyti ry\u0161kia spalva. Vidutinio ry\u0161kumo ir \u0161velnia spalva da\u017eai nuda\u017eo 300 g audinio. Paruo\u0161t\u0105 da\u017e\u0173 tirpal\u0105 galima laikyti kelias dienas, ta\u010diau prie\u0161 da\u017eant j\u012f reikia pa\u0161ildyti. Da\u017eais \u201eMarabu Easy Color\u201c nuda\u017eyti audiniai n\u0117ra atspar\u016bs kar\u0161tam vandeniui, tod\u0117l da\u017enai skalbiant audiniai i\u0161blunka. Kad skalbiami audiniai nei\u0161blukt\u0173, patartina naudoti da\u017e\u0173 fiksavimo priemon\u0119.","og_url":"https:\/\/hobstop.ee\/lt\/produktas\/batikos-dazai-marabu-easycolor\/","og_site_name":"Skizze","article_publisher":"http:\/\/www.facebook.com\/VunderSkizze","og_image":[{"width":1024,"height":768,"url":"https:\/\/hobstop.ee\/media\/135.jpg","type":"image\/jpeg"}],"twitter_card":"summary_large_image","twitter_misc":{"Est. reading time":"1 minute"},"schema":{"@context":"https:\/\/schema.org","@graph":[{"@type":"WebPage","@id":"https:\/\/hobstop.ee\/lt\/produktas\/batikos-dazai-marabu-easycolor\/","url":"https:\/\/hobstop.ee\/lt\/produktas\/batikos-dazai-marabu-easycolor\/","name":"Batikos da\u017eai Marabu EasyColor &#8211; Skizze","isPartOf":{"@id":"https:\/\/hobstop.ee\/lt\/#website"},"primaryImageOfPage":{"@id":"https:\/\/hobstop.ee\/lt\/produktas\/batikos-dazai-marabu-easycolor\/#primaryimage"},"image":{"@id":"https:\/\/hobstop.ee\/lt\/produktas\/batikos-dazai-marabu-easycolor\/#primaryimage"},"thumbnailUrl":"https:\/\/hobstop.ee\/media\/135.jpg","datePublished":"2015-08-01T11:29:10+00:00","dateModified":"2015-08-01T11:29:10+00:00","breadcrumb":{"@id":"https:\/\/hobstop.ee\/lt\/produktas\/batikos-dazai-marabu-easycolor\/#breadcrumb"},"inLanguage":"lt","potentialAction":[{"@type":"ReadAction","target":["https:\/\/hobstop.ee\/lt\/produktas\/batikos-dazai-marabu-easycolor\/"]}]},{"@type":"ImageObject","inLanguage":"lt","@id":"https:\/\/hobstop.ee\/lt\/produktas\/batikos-dazai-marabu-easycolor\/#primaryimage","url":"https:\/\/hobstop.ee\/media\/135.jpg","contentUrl":"https:\/\/hobstop.ee\/media\/135.jpg","width":1024,"height":768},{"@type":"BreadcrumbList","@id":"https:\/\/hobstop.ee\/lt\/produktas\/batikos-dazai-marabu-easycolor\/#breadcrumb","itemListElement":[{"@type":"ListItem","position":1,"name":"Avaleht","item":"https:\/\/hobstop.ee\/lt\/"},{"@type":"ListItem","position":2,"name":"Parduotuv\u0117","item":"https:\/\/hobstop.ee\/lt\/parduotuve\/"},{"@type":"ListItem","position":3,"name":"Batikos da\u017eai Marabu EasyColor"}]},{"@type":"WebSite","@id":"https:\/\/hobstop.ee\/lt\/#website","url":"https:\/\/hobstop.ee\/lt\/","name":"Skizze","description":"Dail\u0117s, pom\u0117gi\u0173 ir mokykliniai reikm\u0117nys","publisher":{"@id":"https:\/\/hobstop.ee\/lt\/#organization"},"potentialAction":[{"@type":"SearchAction","target":{"@type":"EntryPoint","urlTemplate":"https:\/\/hobstop.ee\/lt\/?s={search_term_string}"},"query-input":{"@type":"PropertyValueSpecification","valueRequired":true,"valueName":"search_term_string"}}],"inLanguage":"lt"},{"@type":"Organization","@id":"https:\/\/hobstop.ee\/lt\/#organization","name":"Vunder AS","url":"https:\/\/hobstop.ee\/lt\/","logo":{"@type":"ImageObject","inLanguage":"lt","@id":"https:\/\/hobstop.ee\/lt\/#\/schema\/logo\/image\/","url":"https:\/\/hobstop.ee\/media\/vunder-logo.png","contentUrl":"https:\/\/hobstop.ee\/media\/vunder-logo.png","width":127,"height":55,"caption":"Vunder AS"},"image":{"@id":"https:\/\/hobstop.ee\/lt\/#\/schema\/logo\/image\/"},"sameAs":["http:\/\/www.facebook.com\/VunderSkizze"]}]}},"_links":{"self":[{"href":"https:\/\/hobstop.ee\/lt\/wp-json\/wp\/v2\/product\/196308","targetHints":{"allow":["GET"]}}],"collection":[{"href":"https:\/\/hobstop.ee\/lt\/wp-json\/wp\/v2\/product"}],"about":[{"href":"https:\/\/hobstop.ee\/lt\/wp-json\/wp\/v2\/types\/product"}],"replies":[{"embeddable":true,"href":"https:\/\/hobstop.ee\/lt\/wp-json\/wp\/v2\/comments?post=196308"}],"wp:featuredmedia":[{"embeddable":true,"href":"https:\/\/hobstop.ee\/lt\/wp-json\/wp\/v2\/media\/352712"}],"wp:attachment":[{"href":"https:\/\/hobstop.ee\/lt\/wp-json\/wp\/v2\/media?parent=196308"}],"wp:term":[{"taxonomy":"product_cat","embeddable":true,"href":"https:\/\/hobstop.ee\/lt\/wp-json\/wp\/v2\/product_cat?post=196308"},{"taxonomy":"product_tag","embeddable":true,"href":"https:\/\/hobstop.ee\/lt\/wp-json\/wp\/v2\/product_tag?post=196308"}],"curies":[{"name":"wp","href":"https:\/\/api.w.org\/{rel}","templated":true}]}}