{"id":196329,"date":"2015-08-01T14:41:37","date_gmt":"2015-08-01T11:41:37","guid":{"rendered":"http:\/\/vunder-ee.sn25.zone.eu\/lt\/product\/popierius-piesti-akrilu-canson-2\/"},"modified":"2015-08-01T14:41:37","modified_gmt":"2015-08-01T11:41:37","slug":"popierius-piesti-akrilu-canson","status":"publish","type":"product","link":"https:\/\/hobstop.ee\/lt\/produktas\/popierius-piesti-akrilu-canson\/","title":{"rendered":"Popierius pie\u0161ti akrilu Canson"},"content":{"rendered":"<p>Akrilinius da\u017eus dailininkai vis daugiau vertina, ta\u010diau jiems reikia sunkaus popieriaus, kuris turi b\u016bti ne tik elastingas, bet ir gerai sugeriantis. Storas, gana sunkus (400g\/m2), grubl\u0117tas, \u012fklijinto pavir\u0161iaus, tvirtas ir sugeriantis akrilinis  popierius \u201eCansoni\u201c. Jis idealiai tinka akriliniams da\u017eams, lengva tapyti akvarel\u0117s efektu arba keliais sluoksniais. \u0160alto spaudimo tekst\u016bra itin tinka liejimui ir i\u0161ry\u0161kina \u0161var\u0173 akvarel\u0117s skaidrum\u0105. Popieriaus sud\u0117tyje n\u0117ra r\u016bg\u0161\u010di\u0173, jis itin atsparus ir patvarus. Popierius yra b\u016bdingos baltos spalvos, sud\u0117tyje n\u0117ra optini\u0173 balinan\u010di\u0173 med\u017eiag\u0173.<br \/>\nPuikiai tinka akrilo-aliejaus ir vandenini\u0173 da\u017e\u0173 stiliui.<br \/>\nGalima naudoti ir mi\u0161rioms technikoms.<\/p>\n","protected":false},"excerpt":{"rendered":"<p>Akrilinius da\u017eus dailininkai vis daugiau vertina, ta\u010diau jiems reikia sunkaus popieriaus, kuris turi b\u016bti ne tik elastingas, bet ir gerai sugeriantis. Storas, gana sunkus (400g\/m2), grubl\u0117tas, \u012fklijinto pavir\u0161iaus, tvirtas ir sugeriantis akrilinis popierius \u201eCansoni\u201c. Jis idealiai tinka akriliniams da\u017eams, lengva tapyti akvarel\u0117s efektu arba keliais sluoksniais. \u0160alto spaudimo tekst\u016bra itin tinka liejimui ir i\u0161ry\u0161kina \u0161var\u0173 akvarel\u0117s skaidrum\u0105. Popieriaus sud\u0117tyje n\u0117ra r\u016bg\u0161\u010di\u0173, jis itin atsparus ir patvarus. Popierius yra b\u016bdingos baltos spalvos, sud\u0117tyje n\u0117ra optini\u0173 balinan\u010di\u0173 med\u017eiag\u0173. Puikiai tinka akrilo-aliejaus ir vandenini\u0173 da\u017e\u0173 stiliui. Galima naudoti ir mi\u0161rioms technikoms.<\/p>\n","protected":false},"featured_media":143049,"comment_status":"closed","ping_status":"closed","template":"","meta":{"_acf_changed":false,"ep_exclude_from_search":false},"product_cat":[19022,17922,18944],"product_tag":[],"class_list":{"0":"post-196329","1":"product","2":"type-product","3":"status-publish","4":"has-post-thumbnail","6":"product_cat-akrilinis-popierius-ir-bloknotai","7":"product_cat-popieriaus-prekes","8":"product_cat-specialus-popierius-ir-kartonas","10":"first","11":"outofstock","12":"taxable","13":"shipping-taxable","14":"purchasable","15":"product-type-variable"},"acf":[],"yoast_head":"<!-- This site is optimized with the Yoast SEO plugin v24.1 - https:\/\/yoast.com\/wordpress\/plugins\/seo\/ -->\n<title>Popierius pie\u0161ti akrilu Canson &#8211; Skizze<\/title>\n<meta name=\"robots\" content=\"noindex, follow, max-snippet:-1, max-image-preview:large, max-video-preview:-1\" \/>\n<meta property=\"og:locale\" content=\"lt_LT\" \/>\n<meta property=\"og:type\" content=\"article\" \/>\n<meta property=\"og:title\" content=\"Popierius pie\u0161ti akrilu Canson &#8211; Skizze\" \/>\n<meta property=\"og:description\" content=\"Akrilinius da\u017eus dailininkai vis daugiau vertina, ta\u010diau jiems reikia sunkaus popieriaus, kuris turi b\u016bti ne tik elastingas, bet ir gerai sugeriantis. Storas, gana sunkus (400g\/m2), grubl\u0117tas, \u012fklijinto pavir\u0161iaus, tvirtas ir sugeriantis akrilinis popierius \u201eCansoni\u201c. Jis idealiai tinka akriliniams da\u017eams, lengva tapyti akvarel\u0117s efektu arba keliais sluoksniais. \u0160alto spaudimo tekst\u016bra itin tinka liejimui ir i\u0161ry\u0161kina \u0161var\u0173 akvarel\u0117s skaidrum\u0105. Popieriaus sud\u0117tyje n\u0117ra r\u016bg\u0161\u010di\u0173, jis itin atsparus ir patvarus. Popierius yra b\u016bdingos baltos spalvos, sud\u0117tyje n\u0117ra optini\u0173 balinan\u010di\u0173 med\u017eiag\u0173. Puikiai tinka akrilo-aliejaus ir vandenini\u0173 da\u017e\u0173 stiliui. Galima naudoti ir mi\u0161rioms technikoms.\" \/>\n<meta property=\"og:url\" content=\"https:\/\/hobstop.ee\/lt\/produktas\/popierius-piesti-akrilu-canson\/\" \/>\n<meta property=\"og:site_name\" content=\"Skizze\" \/>\n<meta property=\"article:publisher\" content=\"http:\/\/www.facebook.com\/VunderSkizze\" \/>\n<meta property=\"og:image\" content=\"https:\/\/hobstop.ee\/media\/52.jpg\" \/>\n\t<meta property=\"og:image:width\" content=\"700\" \/>\n\t<meta property=\"og:image:height\" content=\"700\" \/>\n\t<meta property=\"og:image:type\" content=\"image\/jpeg\" \/>\n<meta name=\"twitter:card\" content=\"summary_large_image\" \/>\n<meta name=\"twitter:label1\" content=\"Est. reading time\" \/>\n\t<meta name=\"twitter:data1\" content=\"1 minute\" \/>\n<script type=\"application\/ld+json\" class=\"yoast-schema-graph\">{\"@context\":\"https:\/\/schema.org\",\"@graph\":[{\"@type\":\"WebPage\",\"@id\":\"https:\/\/hobstop.ee\/lt\/produktas\/popierius-piesti-akrilu-canson\/\",\"url\":\"https:\/\/hobstop.ee\/lt\/produktas\/popierius-piesti-akrilu-canson\/\",\"name\":\"Popierius pie\u0161ti akrilu Canson &#8211; Skizze\",\"isPartOf\":{\"@id\":\"https:\/\/hobstop.ee\/lt\/#website\"},\"primaryImageOfPage\":{\"@id\":\"https:\/\/hobstop.ee\/lt\/produktas\/popierius-piesti-akrilu-canson\/#primaryimage\"},\"image\":{\"@id\":\"https:\/\/hobstop.ee\/lt\/produktas\/popierius-piesti-akrilu-canson\/#primaryimage\"},\"thumbnailUrl\":\"https:\/\/hobstop.ee\/media\/52.jpg\",\"datePublished\":\"2015-08-01T11:41:37+00:00\",\"dateModified\":\"2015-08-01T11:41:37+00:00\",\"breadcrumb\":{\"@id\":\"https:\/\/hobstop.ee\/lt\/produktas\/popierius-piesti-akrilu-canson\/#breadcrumb\"},\"inLanguage\":\"lt\",\"potentialAction\":[{\"@type\":\"ReadAction\",\"target\":[\"https:\/\/hobstop.ee\/lt\/produktas\/popierius-piesti-akrilu-canson\/\"]}]},{\"@type\":\"ImageObject\",\"inLanguage\":\"lt\",\"@id\":\"https:\/\/hobstop.ee\/lt\/produktas\/popierius-piesti-akrilu-canson\/#primaryimage\",\"url\":\"https:\/\/hobstop.ee\/media\/52.jpg\",\"contentUrl\":\"https:\/\/hobstop.ee\/media\/52.jpg\",\"width\":700,\"height\":700},{\"@type\":\"BreadcrumbList\",\"@id\":\"https:\/\/hobstop.ee\/lt\/produktas\/popierius-piesti-akrilu-canson\/#breadcrumb\",\"itemListElement\":[{\"@type\":\"ListItem\",\"position\":1,\"name\":\"Avaleht\",\"item\":\"https:\/\/hobstop.ee\/lt\/\"},{\"@type\":\"ListItem\",\"position\":2,\"name\":\"Parduotuv\u0117\",\"item\":\"https:\/\/hobstop.ee\/lt\/parduotuve\/\"},{\"@type\":\"ListItem\",\"position\":3,\"name\":\"Popierius pie\u0161ti akrilu Canson\"}]},{\"@type\":\"WebSite\",\"@id\":\"https:\/\/hobstop.ee\/lt\/#website\",\"url\":\"https:\/\/hobstop.ee\/lt\/\",\"name\":\"Skizze\",\"description\":\"Dail\u0117s, pom\u0117gi\u0173 ir mokykliniai reikm\u0117nys\",\"publisher\":{\"@id\":\"https:\/\/hobstop.ee\/lt\/#organization\"},\"potentialAction\":[{\"@type\":\"SearchAction\",\"target\":{\"@type\":\"EntryPoint\",\"urlTemplate\":\"https:\/\/hobstop.ee\/lt\/?s={search_term_string}\"},\"query-input\":{\"@type\":\"PropertyValueSpecification\",\"valueRequired\":true,\"valueName\":\"search_term_string\"}}],\"inLanguage\":\"lt\"},{\"@type\":\"Organization\",\"@id\":\"https:\/\/hobstop.ee\/lt\/#organization\",\"name\":\"Vunder AS\",\"url\":\"https:\/\/hobstop.ee\/lt\/\",\"logo\":{\"@type\":\"ImageObject\",\"inLanguage\":\"lt\",\"@id\":\"https:\/\/hobstop.ee\/lt\/#\/schema\/logo\/image\/\",\"url\":\"https:\/\/hobstop.ee\/media\/vunder-logo.png\",\"contentUrl\":\"https:\/\/hobstop.ee\/media\/vunder-logo.png\",\"width\":127,\"height\":55,\"caption\":\"Vunder AS\"},\"image\":{\"@id\":\"https:\/\/hobstop.ee\/lt\/#\/schema\/logo\/image\/\"},\"sameAs\":[\"http:\/\/www.facebook.com\/VunderSkizze\"]}]}<\/script>\n<!-- \/ Yoast SEO plugin. -->","yoast_head_json":{"title":"Popierius pie\u0161ti akrilu Canson &#8211; Skizze","robots":{"index":"noindex","follow":"follow","max-snippet":"max-snippet:-1","max-image-preview":"max-image-preview:large","max-video-preview":"max-video-preview:-1"},"og_locale":"lt_LT","og_type":"article","og_title":"Popierius pie\u0161ti akrilu Canson &#8211; Skizze","og_description":"Akrilinius da\u017eus dailininkai vis daugiau vertina, ta\u010diau jiems reikia sunkaus popieriaus, kuris turi b\u016bti ne tik elastingas, bet ir gerai sugeriantis. Storas, gana sunkus (400g\/m2), grubl\u0117tas, \u012fklijinto pavir\u0161iaus, tvirtas ir sugeriantis akrilinis popierius \u201eCansoni\u201c. Jis idealiai tinka akriliniams da\u017eams, lengva tapyti akvarel\u0117s efektu arba keliais sluoksniais. \u0160alto spaudimo tekst\u016bra itin tinka liejimui ir i\u0161ry\u0161kina \u0161var\u0173 akvarel\u0117s skaidrum\u0105. Popieriaus sud\u0117tyje n\u0117ra r\u016bg\u0161\u010di\u0173, jis itin atsparus ir patvarus. Popierius yra b\u016bdingos baltos spalvos, sud\u0117tyje n\u0117ra optini\u0173 balinan\u010di\u0173 med\u017eiag\u0173. Puikiai tinka akrilo-aliejaus ir vandenini\u0173 da\u017e\u0173 stiliui. Galima naudoti ir mi\u0161rioms technikoms.","og_url":"https:\/\/hobstop.ee\/lt\/produktas\/popierius-piesti-akrilu-canson\/","og_site_name":"Skizze","article_publisher":"http:\/\/www.facebook.com\/VunderSkizze","og_image":[{"width":700,"height":700,"url":"https:\/\/hobstop.ee\/media\/52.jpg","type":"image\/jpeg"}],"twitter_card":"summary_large_image","twitter_misc":{"Est. reading time":"1 minute"},"schema":{"@context":"https:\/\/schema.org","@graph":[{"@type":"WebPage","@id":"https:\/\/hobstop.ee\/lt\/produktas\/popierius-piesti-akrilu-canson\/","url":"https:\/\/hobstop.ee\/lt\/produktas\/popierius-piesti-akrilu-canson\/","name":"Popierius pie\u0161ti akrilu Canson &#8211; Skizze","isPartOf":{"@id":"https:\/\/hobstop.ee\/lt\/#website"},"primaryImageOfPage":{"@id":"https:\/\/hobstop.ee\/lt\/produktas\/popierius-piesti-akrilu-canson\/#primaryimage"},"image":{"@id":"https:\/\/hobstop.ee\/lt\/produktas\/popierius-piesti-akrilu-canson\/#primaryimage"},"thumbnailUrl":"https:\/\/hobstop.ee\/media\/52.jpg","datePublished":"2015-08-01T11:41:37+00:00","dateModified":"2015-08-01T11:41:37+00:00","breadcrumb":{"@id":"https:\/\/hobstop.ee\/lt\/produktas\/popierius-piesti-akrilu-canson\/#breadcrumb"},"inLanguage":"lt","potentialAction":[{"@type":"ReadAction","target":["https:\/\/hobstop.ee\/lt\/produktas\/popierius-piesti-akrilu-canson\/"]}]},{"@type":"ImageObject","inLanguage":"lt","@id":"https:\/\/hobstop.ee\/lt\/produktas\/popierius-piesti-akrilu-canson\/#primaryimage","url":"https:\/\/hobstop.ee\/media\/52.jpg","contentUrl":"https:\/\/hobstop.ee\/media\/52.jpg","width":700,"height":700},{"@type":"BreadcrumbList","@id":"https:\/\/hobstop.ee\/lt\/produktas\/popierius-piesti-akrilu-canson\/#breadcrumb","itemListElement":[{"@type":"ListItem","position":1,"name":"Avaleht","item":"https:\/\/hobstop.ee\/lt\/"},{"@type":"ListItem","position":2,"name":"Parduotuv\u0117","item":"https:\/\/hobstop.ee\/lt\/parduotuve\/"},{"@type":"ListItem","position":3,"name":"Popierius pie\u0161ti akrilu Canson"}]},{"@type":"WebSite","@id":"https:\/\/hobstop.ee\/lt\/#website","url":"https:\/\/hobstop.ee\/lt\/","name":"Skizze","description":"Dail\u0117s, pom\u0117gi\u0173 ir mokykliniai reikm\u0117nys","publisher":{"@id":"https:\/\/hobstop.ee\/lt\/#organization"},"potentialAction":[{"@type":"SearchAction","target":{"@type":"EntryPoint","urlTemplate":"https:\/\/hobstop.ee\/lt\/?s={search_term_string}"},"query-input":{"@type":"PropertyValueSpecification","valueRequired":true,"valueName":"search_term_string"}}],"inLanguage":"lt"},{"@type":"Organization","@id":"https:\/\/hobstop.ee\/lt\/#organization","name":"Vunder AS","url":"https:\/\/hobstop.ee\/lt\/","logo":{"@type":"ImageObject","inLanguage":"lt","@id":"https:\/\/hobstop.ee\/lt\/#\/schema\/logo\/image\/","url":"https:\/\/hobstop.ee\/media\/vunder-logo.png","contentUrl":"https:\/\/hobstop.ee\/media\/vunder-logo.png","width":127,"height":55,"caption":"Vunder AS"},"image":{"@id":"https:\/\/hobstop.ee\/lt\/#\/schema\/logo\/image\/"},"sameAs":["http:\/\/www.facebook.com\/VunderSkizze"]}]}},"_links":{"self":[{"href":"https:\/\/hobstop.ee\/lt\/wp-json\/wp\/v2\/product\/196329","targetHints":{"allow":["GET"]}}],"collection":[{"href":"https:\/\/hobstop.ee\/lt\/wp-json\/wp\/v2\/product"}],"about":[{"href":"https:\/\/hobstop.ee\/lt\/wp-json\/wp\/v2\/types\/product"}],"replies":[{"embeddable":true,"href":"https:\/\/hobstop.ee\/lt\/wp-json\/wp\/v2\/comments?post=196329"}],"wp:featuredmedia":[{"embeddable":true,"href":"https:\/\/hobstop.ee\/lt\/wp-json\/wp\/v2\/media\/143049"}],"wp:attachment":[{"href":"https:\/\/hobstop.ee\/lt\/wp-json\/wp\/v2\/media?parent=196329"}],"wp:term":[{"taxonomy":"product_cat","embeddable":true,"href":"https:\/\/hobstop.ee\/lt\/wp-json\/wp\/v2\/product_cat?post=196329"},{"taxonomy":"product_tag","embeddable":true,"href":"https:\/\/hobstop.ee\/lt\/wp-json\/wp\/v2\/product_tag?post=196329"}],"curies":[{"name":"wp","href":"https:\/\/api.w.org\/{rel}","templated":true}]}}