{"id":196333,"date":"2015-08-01T14:41:56","date_gmt":"2015-08-01T11:41:56","guid":{"rendered":"http:\/\/vunder-ee.sn25.zone.eu\/lt\/product\/popierius-piesti-akrilu-canson-figueras-2\/"},"modified":"2015-08-01T14:41:56","modified_gmt":"2015-08-01T11:41:56","slug":"popierius-piesti-akrilu-canson-figueras","status":"publish","type":"product","link":"https:\/\/hobstop.ee\/lt\/produktas\/popierius-piesti-akrilu-canson-figueras\/","title":{"rendered":"Popierius pie\u0161ti akrilu Canson Figueras"},"content":{"rendered":"<p>Auk\u0161tos kokyb\u0117s ir patvarus \u201eFigueras\u201c popierius, itin tinka tapybai aliejiniais da\u017eais. Ne\u012fgeria alyvos, vientisai suri\u0161a  med\u017eiagas ir vanden\u012f bei u\u017etikrina puik\u0173 vir\u0161utinio sluoksnio atsparum\u0105. Popierius nedengtas jokia danga, jo pavir\u0161ius yra pana\u0161us \u012f nat\u016brali\u0105 drob\u0119. Popieriaus sud\u0117tyje n\u0117ra r\u016bg\u0161\u010di\u0173, jis labai atsparus ir patvarus. Lengvas, j\u012f galima i\u0161 karto naudoti. Patogu pasiimti su savimi, galima naudoti lauke ir dirbtuv\u0117je. Taip pat tinka naudoti su aliejine pastele ir akriliniais da\u017eais, galima dirbti su \u201eimpasto\u201c technika.<br \/>\nPuikiai tinka darbui su aliejiniais da\u017eais, akriliniais-aliejiniais ir aliejine pastele.<\/p>\n","protected":false},"excerpt":{"rendered":"<p>Auk\u0161tos kokyb\u0117s ir patvarus \u201eFigueras\u201c popierius, itin tinka tapybai aliejiniais da\u017eais. Ne\u012fgeria alyvos, vientisai suri\u0161a med\u017eiagas ir vanden\u012f bei u\u017etikrina puik\u0173 vir\u0161utinio sluoksnio atsparum\u0105. Popierius nedengtas jokia danga, jo pavir\u0161ius yra pana\u0161us \u012f nat\u016brali\u0105 drob\u0119. Popieriaus sud\u0117tyje n\u0117ra r\u016bg\u0161\u010di\u0173, jis labai atsparus ir patvarus. Lengvas, j\u012f galima i\u0161 karto naudoti. Patogu pasiimti su savimi, galima naudoti lauke ir dirbtuv\u0117je. Taip pat tinka naudoti su aliejine pastele ir akriliniais da\u017eais, galima dirbti su \u201eimpasto\u201c technika. Puikiai tinka darbui su aliejiniais da\u017eais, akriliniais-aliejiniais ir aliejine pastele.<\/p>\n","protected":false},"featured_media":143053,"comment_status":"closed","ping_status":"closed","template":"","meta":{"_acf_changed":false,"ep_exclude_from_search":false},"product_cat":[19022,17922,18944],"product_tag":[],"class_list":{"0":"post-196333","1":"product","2":"type-product","3":"status-publish","4":"has-post-thumbnail","6":"product_cat-akrilinis-popierius-ir-bloknotai","7":"product_cat-popieriaus-prekes","8":"product_cat-specialus-popierius-ir-kartonas","10":"first","11":"outofstock","12":"taxable","13":"shipping-taxable","14":"purchasable","15":"product-type-variable"},"acf":[],"yoast_head":"<!-- This site is optimized with the Yoast SEO plugin v24.1 - https:\/\/yoast.com\/wordpress\/plugins\/seo\/ -->\n<title>Popierius pie\u0161ti akrilu Canson Figueras &#8211; Skizze<\/title>\n<meta name=\"robots\" content=\"noindex, follow, max-snippet:-1, max-image-preview:large, max-video-preview:-1\" \/>\n<meta property=\"og:locale\" content=\"lt_LT\" \/>\n<meta property=\"og:type\" content=\"article\" \/>\n<meta property=\"og:title\" content=\"Popierius pie\u0161ti akrilu Canson Figueras &#8211; Skizze\" \/>\n<meta property=\"og:description\" content=\"Auk\u0161tos kokyb\u0117s ir patvarus \u201eFigueras\u201c popierius, itin tinka tapybai aliejiniais da\u017eais. Ne\u012fgeria alyvos, vientisai suri\u0161a med\u017eiagas ir vanden\u012f bei u\u017etikrina puik\u0173 vir\u0161utinio sluoksnio atsparum\u0105. Popierius nedengtas jokia danga, jo pavir\u0161ius yra pana\u0161us \u012f nat\u016brali\u0105 drob\u0119. Popieriaus sud\u0117tyje n\u0117ra r\u016bg\u0161\u010di\u0173, jis labai atsparus ir patvarus. Lengvas, j\u012f galima i\u0161 karto naudoti. Patogu pasiimti su savimi, galima naudoti lauke ir dirbtuv\u0117je. Taip pat tinka naudoti su aliejine pastele ir akriliniais da\u017eais, galima dirbti su \u201eimpasto\u201c technika. Puikiai tinka darbui su aliejiniais da\u017eais, akriliniais-aliejiniais ir aliejine pastele.\" \/>\n<meta property=\"og:url\" content=\"https:\/\/hobstop.ee\/lt\/produktas\/popierius-piesti-akrilu-canson-figueras\/\" \/>\n<meta property=\"og:site_name\" content=\"Skizze\" \/>\n<meta property=\"article:publisher\" content=\"http:\/\/www.facebook.com\/VunderSkizze\" \/>\n<meta property=\"og:image\" content=\"https:\/\/hobstop.ee\/media\/53.jpg\" \/>\n\t<meta property=\"og:image:width\" content=\"1024\" \/>\n\t<meta property=\"og:image:height\" content=\"768\" \/>\n\t<meta property=\"og:image:type\" content=\"image\/jpeg\" \/>\n<meta name=\"twitter:card\" content=\"summary_large_image\" \/>\n<meta name=\"twitter:label1\" content=\"Est. reading time\" \/>\n\t<meta name=\"twitter:data1\" content=\"1 minute\" \/>\n<script type=\"application\/ld+json\" class=\"yoast-schema-graph\">{\"@context\":\"https:\/\/schema.org\",\"@graph\":[{\"@type\":\"WebPage\",\"@id\":\"https:\/\/hobstop.ee\/lt\/produktas\/popierius-piesti-akrilu-canson-figueras\/\",\"url\":\"https:\/\/hobstop.ee\/lt\/produktas\/popierius-piesti-akrilu-canson-figueras\/\",\"name\":\"Popierius pie\u0161ti akrilu Canson Figueras &#8211; Skizze\",\"isPartOf\":{\"@id\":\"https:\/\/hobstop.ee\/lt\/#website\"},\"primaryImageOfPage\":{\"@id\":\"https:\/\/hobstop.ee\/lt\/produktas\/popierius-piesti-akrilu-canson-figueras\/#primaryimage\"},\"image\":{\"@id\":\"https:\/\/hobstop.ee\/lt\/produktas\/popierius-piesti-akrilu-canson-figueras\/#primaryimage\"},\"thumbnailUrl\":\"https:\/\/hobstop.ee\/media\/53.jpg\",\"datePublished\":\"2015-08-01T11:41:56+00:00\",\"dateModified\":\"2015-08-01T11:41:56+00:00\",\"breadcrumb\":{\"@id\":\"https:\/\/hobstop.ee\/lt\/produktas\/popierius-piesti-akrilu-canson-figueras\/#breadcrumb\"},\"inLanguage\":\"lt\",\"potentialAction\":[{\"@type\":\"ReadAction\",\"target\":[\"https:\/\/hobstop.ee\/lt\/produktas\/popierius-piesti-akrilu-canson-figueras\/\"]}]},{\"@type\":\"ImageObject\",\"inLanguage\":\"lt\",\"@id\":\"https:\/\/hobstop.ee\/lt\/produktas\/popierius-piesti-akrilu-canson-figueras\/#primaryimage\",\"url\":\"https:\/\/hobstop.ee\/media\/53.jpg\",\"contentUrl\":\"https:\/\/hobstop.ee\/media\/53.jpg\",\"width\":1024,\"height\":768},{\"@type\":\"BreadcrumbList\",\"@id\":\"https:\/\/hobstop.ee\/lt\/produktas\/popierius-piesti-akrilu-canson-figueras\/#breadcrumb\",\"itemListElement\":[{\"@type\":\"ListItem\",\"position\":1,\"name\":\"Avaleht\",\"item\":\"https:\/\/hobstop.ee\/lt\/\"},{\"@type\":\"ListItem\",\"position\":2,\"name\":\"Parduotuv\u0117\",\"item\":\"https:\/\/hobstop.ee\/lt\/parduotuve\/\"},{\"@type\":\"ListItem\",\"position\":3,\"name\":\"Popierius pie\u0161ti akrilu Canson Figueras\"}]},{\"@type\":\"WebSite\",\"@id\":\"https:\/\/hobstop.ee\/lt\/#website\",\"url\":\"https:\/\/hobstop.ee\/lt\/\",\"name\":\"Skizze\",\"description\":\"Dail\u0117s, pom\u0117gi\u0173 ir mokykliniai reikm\u0117nys\",\"publisher\":{\"@id\":\"https:\/\/hobstop.ee\/lt\/#organization\"},\"potentialAction\":[{\"@type\":\"SearchAction\",\"target\":{\"@type\":\"EntryPoint\",\"urlTemplate\":\"https:\/\/hobstop.ee\/lt\/?s={search_term_string}\"},\"query-input\":{\"@type\":\"PropertyValueSpecification\",\"valueRequired\":true,\"valueName\":\"search_term_string\"}}],\"inLanguage\":\"lt\"},{\"@type\":\"Organization\",\"@id\":\"https:\/\/hobstop.ee\/lt\/#organization\",\"name\":\"Vunder AS\",\"url\":\"https:\/\/hobstop.ee\/lt\/\",\"logo\":{\"@type\":\"ImageObject\",\"inLanguage\":\"lt\",\"@id\":\"https:\/\/hobstop.ee\/lt\/#\/schema\/logo\/image\/\",\"url\":\"https:\/\/hobstop.ee\/media\/vunder-logo.png\",\"contentUrl\":\"https:\/\/hobstop.ee\/media\/vunder-logo.png\",\"width\":127,\"height\":55,\"caption\":\"Vunder AS\"},\"image\":{\"@id\":\"https:\/\/hobstop.ee\/lt\/#\/schema\/logo\/image\/\"},\"sameAs\":[\"http:\/\/www.facebook.com\/VunderSkizze\"]}]}<\/script>\n<!-- \/ Yoast SEO plugin. -->","yoast_head_json":{"title":"Popierius pie\u0161ti akrilu Canson Figueras &#8211; Skizze","robots":{"index":"noindex","follow":"follow","max-snippet":"max-snippet:-1","max-image-preview":"max-image-preview:large","max-video-preview":"max-video-preview:-1"},"og_locale":"lt_LT","og_type":"article","og_title":"Popierius pie\u0161ti akrilu Canson Figueras &#8211; Skizze","og_description":"Auk\u0161tos kokyb\u0117s ir patvarus \u201eFigueras\u201c popierius, itin tinka tapybai aliejiniais da\u017eais. Ne\u012fgeria alyvos, vientisai suri\u0161a med\u017eiagas ir vanden\u012f bei u\u017etikrina puik\u0173 vir\u0161utinio sluoksnio atsparum\u0105. Popierius nedengtas jokia danga, jo pavir\u0161ius yra pana\u0161us \u012f nat\u016brali\u0105 drob\u0119. Popieriaus sud\u0117tyje n\u0117ra r\u016bg\u0161\u010di\u0173, jis labai atsparus ir patvarus. Lengvas, j\u012f galima i\u0161 karto naudoti. Patogu pasiimti su savimi, galima naudoti lauke ir dirbtuv\u0117je. Taip pat tinka naudoti su aliejine pastele ir akriliniais da\u017eais, galima dirbti su \u201eimpasto\u201c technika. Puikiai tinka darbui su aliejiniais da\u017eais, akriliniais-aliejiniais ir aliejine pastele.","og_url":"https:\/\/hobstop.ee\/lt\/produktas\/popierius-piesti-akrilu-canson-figueras\/","og_site_name":"Skizze","article_publisher":"http:\/\/www.facebook.com\/VunderSkizze","og_image":[{"width":1024,"height":768,"url":"https:\/\/hobstop.ee\/media\/53.jpg","type":"image\/jpeg"}],"twitter_card":"summary_large_image","twitter_misc":{"Est. reading time":"1 minute"},"schema":{"@context":"https:\/\/schema.org","@graph":[{"@type":"WebPage","@id":"https:\/\/hobstop.ee\/lt\/produktas\/popierius-piesti-akrilu-canson-figueras\/","url":"https:\/\/hobstop.ee\/lt\/produktas\/popierius-piesti-akrilu-canson-figueras\/","name":"Popierius pie\u0161ti akrilu Canson Figueras &#8211; Skizze","isPartOf":{"@id":"https:\/\/hobstop.ee\/lt\/#website"},"primaryImageOfPage":{"@id":"https:\/\/hobstop.ee\/lt\/produktas\/popierius-piesti-akrilu-canson-figueras\/#primaryimage"},"image":{"@id":"https:\/\/hobstop.ee\/lt\/produktas\/popierius-piesti-akrilu-canson-figueras\/#primaryimage"},"thumbnailUrl":"https:\/\/hobstop.ee\/media\/53.jpg","datePublished":"2015-08-01T11:41:56+00:00","dateModified":"2015-08-01T11:41:56+00:00","breadcrumb":{"@id":"https:\/\/hobstop.ee\/lt\/produktas\/popierius-piesti-akrilu-canson-figueras\/#breadcrumb"},"inLanguage":"lt","potentialAction":[{"@type":"ReadAction","target":["https:\/\/hobstop.ee\/lt\/produktas\/popierius-piesti-akrilu-canson-figueras\/"]}]},{"@type":"ImageObject","inLanguage":"lt","@id":"https:\/\/hobstop.ee\/lt\/produktas\/popierius-piesti-akrilu-canson-figueras\/#primaryimage","url":"https:\/\/hobstop.ee\/media\/53.jpg","contentUrl":"https:\/\/hobstop.ee\/media\/53.jpg","width":1024,"height":768},{"@type":"BreadcrumbList","@id":"https:\/\/hobstop.ee\/lt\/produktas\/popierius-piesti-akrilu-canson-figueras\/#breadcrumb","itemListElement":[{"@type":"ListItem","position":1,"name":"Avaleht","item":"https:\/\/hobstop.ee\/lt\/"},{"@type":"ListItem","position":2,"name":"Parduotuv\u0117","item":"https:\/\/hobstop.ee\/lt\/parduotuve\/"},{"@type":"ListItem","position":3,"name":"Popierius pie\u0161ti akrilu Canson Figueras"}]},{"@type":"WebSite","@id":"https:\/\/hobstop.ee\/lt\/#website","url":"https:\/\/hobstop.ee\/lt\/","name":"Skizze","description":"Dail\u0117s, pom\u0117gi\u0173 ir mokykliniai reikm\u0117nys","publisher":{"@id":"https:\/\/hobstop.ee\/lt\/#organization"},"potentialAction":[{"@type":"SearchAction","target":{"@type":"EntryPoint","urlTemplate":"https:\/\/hobstop.ee\/lt\/?s={search_term_string}"},"query-input":{"@type":"PropertyValueSpecification","valueRequired":true,"valueName":"search_term_string"}}],"inLanguage":"lt"},{"@type":"Organization","@id":"https:\/\/hobstop.ee\/lt\/#organization","name":"Vunder AS","url":"https:\/\/hobstop.ee\/lt\/","logo":{"@type":"ImageObject","inLanguage":"lt","@id":"https:\/\/hobstop.ee\/lt\/#\/schema\/logo\/image\/","url":"https:\/\/hobstop.ee\/media\/vunder-logo.png","contentUrl":"https:\/\/hobstop.ee\/media\/vunder-logo.png","width":127,"height":55,"caption":"Vunder AS"},"image":{"@id":"https:\/\/hobstop.ee\/lt\/#\/schema\/logo\/image\/"},"sameAs":["http:\/\/www.facebook.com\/VunderSkizze"]}]}},"_links":{"self":[{"href":"https:\/\/hobstop.ee\/lt\/wp-json\/wp\/v2\/product\/196333","targetHints":{"allow":["GET"]}}],"collection":[{"href":"https:\/\/hobstop.ee\/lt\/wp-json\/wp\/v2\/product"}],"about":[{"href":"https:\/\/hobstop.ee\/lt\/wp-json\/wp\/v2\/types\/product"}],"replies":[{"embeddable":true,"href":"https:\/\/hobstop.ee\/lt\/wp-json\/wp\/v2\/comments?post=196333"}],"wp:featuredmedia":[{"embeddable":true,"href":"https:\/\/hobstop.ee\/lt\/wp-json\/wp\/v2\/media\/143053"}],"wp:attachment":[{"href":"https:\/\/hobstop.ee\/lt\/wp-json\/wp\/v2\/media?parent=196333"}],"wp:term":[{"taxonomy":"product_cat","embeddable":true,"href":"https:\/\/hobstop.ee\/lt\/wp-json\/wp\/v2\/product_cat?post=196333"},{"taxonomy":"product_tag","embeddable":true,"href":"https:\/\/hobstop.ee\/lt\/wp-json\/wp\/v2\/product_tag?post=196333"}],"curies":[{"name":"wp","href":"https:\/\/api.w.org\/{rel}","templated":true}]}}